{"id":20099,"date":"2026-02-10T09:29:48","date_gmt":"2026-02-10T09:29:48","guid":{"rendered":"https:\/\/meber2026.graphoservice.it\/product\/629-007\/"},"modified":"2026-02-10T09:29:48","modified_gmt":"2026-02-10T09:29:48","slug":"629-007","status":"publish","type":"product","link":"https:\/\/meber2026.graphoservice.it\/fr\/product\/629-007\/","title":{"rendered":"629-007"},"content":{"rendered":"<p data-end=\"2042\" data-start=\"1726\">La <strong data-end=\"1748\" data-start=\"1729\">Base Noire SLIM<\/strong> est une <strong data-end=\"1787\" data-start=\"1757\">plaque en PVC \u00e0 profil bas<\/strong> con\u00e7ue pour faciliter le <strong data-end=\"1864\" data-start=\"1813\">rangement de la planche dorsale dans le support<\/strong> de l\u2019ambulance, m\u00eame avec l\u2019Immobilisateur de t\u00eate install\u00e9.<br data-end=\"1916\" data-start=\"1913\" \/><br \/>\nGr\u00e2ce \u00e0 son <strong data-end=\"1942\" data-start=\"1928\">design fin<\/strong>, elle r\u00e9sout efficacement les probl\u00e8mes d\u2019encombrement rencontr\u00e9s avec les bases traditionnelles.<\/p>\n<p data-end=\"2297\" data-start=\"2044\">Fabriqu\u00e9e en <strong data-end=\"2081\" data-start=\"2057\">PVC haute r\u00e9sistance<\/strong>, cette base est <strong data-end=\"2136\" data-start=\"2098\">facile \u00e0 nettoyer et \u00e0 d\u00e9sinfecter<\/strong>, tout en garantissant une excellente durabilit\u00e9.<br data-end=\"2188\" data-start=\"2185\" \/><br \/>\nElle est livr\u00e9e <strong data-end=\"2224\" data-start=\"2204\">avec des sangles<\/strong> pour une fixation s\u00fbre et stable de l\u2019appui-t\u00eate \u00e0 la planche dorsale.<\/p>\n<p data-end=\"2468\" data-start=\"2299\">\u2705 Profil bas pour un rangement facilit\u00e9<br data-end=\"2341\" data-start=\"2338\" \/><br \/>\n\u2705 Mat\u00e9riau : PVC hygi\u00e9nique et facile \u00e0 d\u00e9sinfecter<br data-end=\"2395\" data-start=\"2392\" \/><br \/>\n\u2705 Sangles incluses<\/p>\n","protected":false},"excerpt":{"rendered":"<p>La Base Noire SLIM est une plaque en PVC \u00e0 profil bas con\u00e7ue pour faciliter le rangement de la planche dorsale dans le support de l\u2019ambulance, m\u00eame avec l\u2019Immobilisateur de t\u00eate install\u00e9. Gr\u00e2ce \u00e0 son design fin, elle r\u00e9sout efficacement les probl\u00e8mes d\u2019encombrement rencontr\u00e9s avec les bases traditionnelles. Fabriqu\u00e9e en PVC haute r\u00e9sistance, cette base [&hellip;]<\/p>\n","protected":false},"author":1,"featured_media":17183,"parent":0,"menu_order":50000750,"template":"","meta":{"_acf_changed":false,"footnotes":""},"application-tag":[],"class_list":["post-20099","product","type-product","status-publish","has-post-thumbnail","hentry"],"acf":[],"dsm_author":{"name":"admeb26","avatar_url":"https:\/\/meber2026.graphoservice.it\/wp-content\/plugins\/ultimate-member\/assets\/img\/default_avatar.jpg","archive_link":"https:\/\/meber2026.graphoservice.it\/fr\/author\/admeb26\/","biodata":""},"dsm_categories":[],"dsm_attachment_categories":[],"dsm_featured_image":{"thumbnail":"https:\/\/meber2026.graphoservice.it\/wp-content\/uploads\/2026\/02\/Base_slim_fermacapo-150x150.jpg","medium":"https:\/\/meber2026.graphoservice.it\/wp-content\/uploads\/2026\/02\/Base_slim_fermacapo-300x221.jpg","medium_large":"https:\/\/meber2026.graphoservice.it\/wp-content\/uploads\/2026\/02\/Base_slim_fermacapo-768x565.jpg","large":"https:\/\/meber2026.graphoservice.it\/wp-content\/uploads\/2026\/02\/Base_slim_fermacapo.jpg","1536x1536":"https:\/\/meber2026.graphoservice.it\/wp-content\/uploads\/2026\/02\/Base_slim_fermacapo.jpg","2048x2048":"https:\/\/meber2026.graphoservice.it\/wp-content\/uploads\/2026\/02\/Base_slim_fermacapo.jpg","et-pb-post-main-image":"https:\/\/meber2026.graphoservice.it\/wp-content\/uploads\/2026\/02\/Base_slim_fermacapo-400x250.jpg","et-pb-post-main-image-fullwidth":"https:\/\/meber2026.graphoservice.it\/wp-content\/uploads\/2026\/02\/Base_slim_fermacapo.jpg","et-pb-portfolio-image":"https:\/\/meber2026.graphoservice.it\/wp-content\/uploads\/2026\/02\/Base_slim_fermacapo-400x284.jpg","et-pb-portfolio-module-image":"https:\/\/meber2026.graphoservice.it\/wp-content\/uploads\/2026\/02\/Base_slim_fermacapo-510x382.jpg","et-pb-portfolio-image-single":"https:\/\/meber2026.graphoservice.it\/wp-content\/uploads\/2026\/02\/Base_slim_fermacapo.jpg","et-pb-gallery-module-image-portrait":"https:\/\/meber2026.graphoservice.it\/wp-content\/uploads\/2026\/02\/Base_slim_fermacapo-400x516.jpg","et-pb-post-main-image-fullwidth-large":"https:\/\/meber2026.graphoservice.it\/wp-content\/uploads\/2026\/02\/Base_slim_fermacapo.jpg","et-pb-image--responsive--desktop":"https:\/\/meber2026.graphoservice.it\/wp-content\/uploads\/2026\/02\/Base_slim_fermacapo.jpg","et-pb-image--responsive--tablet":"https:\/\/meber2026.graphoservice.it\/wp-content\/uploads\/2026\/02\/Base_slim_fermacapo.jpg","et-pb-image--responsive--phone":"https:\/\/meber2026.graphoservice.it\/wp-content\/uploads\/2026\/02\/Base_slim_fermacapo-480x353.jpg","full":"https:\/\/meber2026.graphoservice.it\/wp-content\/uploads\/2026\/02\/Base_slim_fermacapo.jpg"},"yoast_head":"<!-- This site is optimized with the Yoast SEO plugin v27.4 - https:\/\/yoast.com\/product\/yoast-seo-wordpress\/ -->\n<title>629-007<\/title>\n<meta name=\"robots\" content=\"noindex, follow, max-snippet:-1, max-image-preview:large, max-video-preview:-1\" \/>\n<meta property=\"og:locale\" content=\"fr_FR\" \/>\n<meta property=\"og:type\" content=\"article\" \/>\n<meta property=\"og:title\" content=\"629-007\" \/>\n<meta property=\"og:description\" content=\"La Base Noire SLIM est une plaque en PVC \u00e0 profil bas con\u00e7ue pour faciliter le rangement de la planche dorsale dans le support de l\u2019ambulance, m\u00eame avec l\u2019Immobilisateur de t\u00eate install\u00e9. Gr\u00e2ce \u00e0 son design fin, elle r\u00e9sout efficacement les probl\u00e8mes d\u2019encombrement rencontr\u00e9s avec les bases traditionnelles. Fabriqu\u00e9e en PVC haute r\u00e9sistance, cette base [&hellip;]\" \/>\n<meta property=\"og:url\" content=\"https:\/\/meber2026.graphoservice.it\/fr\/product\/629-007\/\" \/>\n<meta property=\"og:site_name\" content=\"Me.Ber.\" \/>\n<meta name=\"twitter:card\" content=\"summary_large_image\" \/>\n<meta name=\"twitter:label1\" content=\"Dur\u00e9e de lecture estim\u00e9e\" \/>\n\t<meta name=\"twitter:data1\" content=\"1 minute\" \/>\n<script type=\"application\/ld+json\" class=\"yoast-schema-graph\">{\"@context\":\"https:\\\/\\\/schema.org\",\"@graph\":[{\"@type\":\"WebPage\",\"@id\":\"https:\\\/\\\/meber2026.graphoservice.it\\\/fr\\\/product\\\/629-007\\\/\",\"url\":\"https:\\\/\\\/meber2026.graphoservice.it\\\/fr\\\/product\\\/629-007\\\/\",\"name\":\"629-007\",\"isPartOf\":{\"@id\":\"https:\\\/\\\/meber2026.graphoservice.it\\\/fr\\\/#website\"},\"primaryImageOfPage\":{\"@id\":\"https:\\\/\\\/meber2026.graphoservice.it\\\/fr\\\/product\\\/629-007\\\/#primaryimage\"},\"image\":{\"@id\":\"https:\\\/\\\/meber2026.graphoservice.it\\\/fr\\\/product\\\/629-007\\\/#primaryimage\"},\"thumbnailUrl\":\"https:\\\/\\\/meber2026.graphoservice.it\\\/wp-content\\\/uploads\\\/2026\\\/02\\\/Base_slim_fermacapo.jpg\",\"datePublished\":\"2026-02-10T09:29:48+00:00\",\"breadcrumb\":{\"@id\":\"https:\\\/\\\/meber2026.graphoservice.it\\\/fr\\\/product\\\/629-007\\\/#breadcrumb\"},\"inLanguage\":\"fr-FR\",\"potentialAction\":[{\"@type\":\"ReadAction\",\"target\":[\"https:\\\/\\\/meber2026.graphoservice.it\\\/fr\\\/product\\\/629-007\\\/\"]}]},{\"@type\":\"ImageObject\",\"inLanguage\":\"fr-FR\",\"@id\":\"https:\\\/\\\/meber2026.graphoservice.it\\\/fr\\\/product\\\/629-007\\\/#primaryimage\",\"url\":\"https:\\\/\\\/meber2026.graphoservice.it\\\/wp-content\\\/uploads\\\/2026\\\/02\\\/Base_slim_fermacapo.jpg\",\"contentUrl\":\"https:\\\/\\\/meber2026.graphoservice.it\\\/wp-content\\\/uploads\\\/2026\\\/02\\\/Base_slim_fermacapo.jpg\",\"width\":780,\"height\":574},{\"@type\":\"BreadcrumbList\",\"@id\":\"https:\\\/\\\/meber2026.graphoservice.it\\\/fr\\\/product\\\/629-007\\\/#breadcrumb\",\"itemListElement\":[{\"@type\":\"ListItem\",\"position\":1,\"name\":\"Home\",\"item\":\"https:\\\/\\\/meber2026.graphoservice.it\\\/fr\\\/\"},{\"@type\":\"ListItem\",\"position\":2,\"name\":\"629-007\"}]},{\"@type\":\"WebSite\",\"@id\":\"https:\\\/\\\/meber2026.graphoservice.it\\\/fr\\\/#website\",\"url\":\"https:\\\/\\\/meber2026.graphoservice.it\\\/fr\\\/\",\"name\":\"Me.Ber.\",\"description\":\"In Case of Emergerncy\",\"potentialAction\":[{\"@type\":\"SearchAction\",\"target\":{\"@type\":\"EntryPoint\",\"urlTemplate\":\"https:\\\/\\\/meber2026.graphoservice.it\\\/fr\\\/?s={search_term_string}\"},\"query-input\":{\"@type\":\"PropertyValueSpecification\",\"valueRequired\":true,\"valueName\":\"search_term_string\"}}],\"inLanguage\":\"fr-FR\"}]}<\/script>\n<!-- \/ Yoast SEO plugin. -->","yoast_head_json":{"title":"629-007","robots":{"index":"noindex","follow":"follow","max-snippet":"max-snippet:-1","max-image-preview":"max-image-preview:large","max-video-preview":"max-video-preview:-1"},"og_locale":"fr_FR","og_type":"article","og_title":"629-007","og_description":"La Base Noire SLIM est une plaque en PVC \u00e0 profil bas con\u00e7ue pour faciliter le rangement de la planche dorsale dans le support de l\u2019ambulance, m\u00eame avec l\u2019Immobilisateur de t\u00eate install\u00e9. Gr\u00e2ce \u00e0 son design fin, elle r\u00e9sout efficacement les probl\u00e8mes d\u2019encombrement rencontr\u00e9s avec les bases traditionnelles. Fabriqu\u00e9e en PVC haute r\u00e9sistance, cette base [&hellip;]","og_url":"https:\/\/meber2026.graphoservice.it\/fr\/product\/629-007\/","og_site_name":"Me.Ber.","twitter_card":"summary_large_image","twitter_misc":{"Dur\u00e9e de lecture estim\u00e9e":"1 minute"},"schema":{"@context":"https:\/\/schema.org","@graph":[{"@type":"WebPage","@id":"https:\/\/meber2026.graphoservice.it\/fr\/product\/629-007\/","url":"https:\/\/meber2026.graphoservice.it\/fr\/product\/629-007\/","name":"629-007","isPartOf":{"@id":"https:\/\/meber2026.graphoservice.it\/fr\/#website"},"primaryImageOfPage":{"@id":"https:\/\/meber2026.graphoservice.it\/fr\/product\/629-007\/#primaryimage"},"image":{"@id":"https:\/\/meber2026.graphoservice.it\/fr\/product\/629-007\/#primaryimage"},"thumbnailUrl":"https:\/\/meber2026.graphoservice.it\/wp-content\/uploads\/2026\/02\/Base_slim_fermacapo.jpg","datePublished":"2026-02-10T09:29:48+00:00","breadcrumb":{"@id":"https:\/\/meber2026.graphoservice.it\/fr\/product\/629-007\/#breadcrumb"},"inLanguage":"fr-FR","potentialAction":[{"@type":"ReadAction","target":["https:\/\/meber2026.graphoservice.it\/fr\/product\/629-007\/"]}]},{"@type":"ImageObject","inLanguage":"fr-FR","@id":"https:\/\/meber2026.graphoservice.it\/fr\/product\/629-007\/#primaryimage","url":"https:\/\/meber2026.graphoservice.it\/wp-content\/uploads\/2026\/02\/Base_slim_fermacapo.jpg","contentUrl":"https:\/\/meber2026.graphoservice.it\/wp-content\/uploads\/2026\/02\/Base_slim_fermacapo.jpg","width":780,"height":574},{"@type":"BreadcrumbList","@id":"https:\/\/meber2026.graphoservice.it\/fr\/product\/629-007\/#breadcrumb","itemListElement":[{"@type":"ListItem","position":1,"name":"Home","item":"https:\/\/meber2026.graphoservice.it\/fr\/"},{"@type":"ListItem","position":2,"name":"629-007"}]},{"@type":"WebSite","@id":"https:\/\/meber2026.graphoservice.it\/fr\/#website","url":"https:\/\/meber2026.graphoservice.it\/fr\/","name":"Me.Ber.","description":"In Case of Emergerncy","potentialAction":[{"@type":"SearchAction","target":{"@type":"EntryPoint","urlTemplate":"https:\/\/meber2026.graphoservice.it\/fr\/?s={search_term_string}"},"query-input":{"@type":"PropertyValueSpecification","valueRequired":true,"valueName":"search_term_string"}}],"inLanguage":"fr-FR"}]}},"_links":{"self":[{"href":"https:\/\/meber2026.graphoservice.it\/fr\/wp-json\/wp\/v2\/product\/20099","targetHints":{"allow":["GET"]}}],"collection":[{"href":"https:\/\/meber2026.graphoservice.it\/fr\/wp-json\/wp\/v2\/product"}],"about":[{"href":"https:\/\/meber2026.graphoservice.it\/fr\/wp-json\/wp\/v2\/types\/product"}],"author":[{"embeddable":true,"href":"https:\/\/meber2026.graphoservice.it\/fr\/wp-json\/wp\/v2\/users\/1"}],"version-history":[{"count":0,"href":"https:\/\/meber2026.graphoservice.it\/fr\/wp-json\/wp\/v2\/product\/20099\/revisions"}],"wp:featuredmedia":[{"embeddable":true,"href":"https:\/\/meber2026.graphoservice.it\/fr\/wp-json\/wp\/v2\/media\/17183"}],"wp:attachment":[{"href":"https:\/\/meber2026.graphoservice.it\/fr\/wp-json\/wp\/v2\/media?parent=20099"}],"wp:term":[{"taxonomy":"application-tag","embeddable":true,"href":"https:\/\/meber2026.graphoservice.it\/fr\/wp-json\/wp\/v2\/application-tag?post=20099"}],"curies":[{"name":"wp","href":"https:\/\/api.w.org\/{rel}","templated":true}]}}