{"id":20089,"date":"2026-02-10T09:29:47","date_gmt":"2026-02-10T09:29:47","guid":{"rendered":"https:\/\/meber2026.graphoservice.it\/product\/1370-rb\/"},"modified":"2026-04-28T16:33:17","modified_gmt":"2026-04-28T16:33:17","slug":"1370-rb","status":"publish","type":"product","link":"https:\/\/meber2026.graphoservice.it\/fr\/product\/1370-rb\/","title":{"rendered":"1370\/RB"},"content":{"rendered":"<p>\u00c9tui universel pratique et fonctionnel pour d\u00e9fibrillateur. Il est \u00e9quip\u00e9 d\u2019une double ouverture zipp\u00e9e, d\u2019un fond en PVC \u00e9tanche et de supports positionn\u00e9s \u00e0 la fois sur le fond et sur la face arri\u00e8re, pour assurer une protection et une stabilit\u00e9 optimales du dispositif m\u00e9dical. \u00c0 l\u2019int\u00e9rieur, il est compos\u00e9 d\u2019un compartiment \u00e9quip\u00e9 de bandes Velcro\u00ae pour la fixation de l\u2019appareil, et d\u2019un compartiment transparent pour loger les plaques de rechange. Ext\u00e9rieurement, il dispose, sur le devant, d\u2019une poche de service plus spacieuse, qui permet le transport d\u2019un kit de r\u00e9animation complet. L\u2019article est compl\u00e9t\u00e9 par une poign\u00e9e recouverte de caoutchouc antid\u00e9rapant et une bandouli\u00e8re avec crochets m\u00e9talliques pour un transport facile et s\u00fbr, \u00e0 la main et \u00e0 l\u2019\u00e9paule. Il est disponible dans les couleurs rouge et bleu. <strong>cm 28x32x20<\/strong><\/p>\n","protected":false},"excerpt":{"rendered":"<p>\u00c9tui universel pratique et fonctionnel pour d\u00e9fibrillateur. Il est \u00e9quip\u00e9 d\u2019une double ouverture zipp\u00e9e, d\u2019un fond en PVC \u00e9tanche et de supports positionn\u00e9s \u00e0 la fois sur le fond et sur la face arri\u00e8re, pour assurer une protection et une stabilit\u00e9 optimales du dispositif m\u00e9dical. \u00c0 l\u2019int\u00e9rieur, il est compos\u00e9 d\u2019un compartiment \u00e9quip\u00e9 de bandes [&hellip;]<\/p>\n","protected":false},"author":1,"featured_media":17171,"parent":0,"menu_order":80002900,"template":"","meta":{"_acf_changed":false,"footnotes":""},"application-tag":[95],"class_list":["post-20089","product","type-product","status-publish","has-post-thumbnail","hentry","application-tag-materiel-de-premiers-secours"],"acf":[],"dsm_author":{"name":"admeb26","avatar_url":"https:\/\/meber2026.graphoservice.it\/wp-content\/plugins\/ultimate-member\/assets\/img\/default_avatar.jpg","archive_link":"https:\/\/meber2026.graphoservice.it\/fr\/author\/admeb26\/","biodata":""},"dsm_categories":[],"dsm_attachment_categories":[],"dsm_featured_image":{"thumbnail":"https:\/\/meber2026.graphoservice.it\/wp-content\/uploads\/2026\/02\/Borsa_custodia_DAE-150x150.jpg","medium":"https:\/\/meber2026.graphoservice.it\/wp-content\/uploads\/2026\/02\/Borsa_custodia_DAE-237x300.jpg","medium_large":"https:\/\/meber2026.graphoservice.it\/wp-content\/uploads\/2026\/02\/Borsa_custodia_DAE.jpg","large":"https:\/\/meber2026.graphoservice.it\/wp-content\/uploads\/2026\/02\/Borsa_custodia_DAE.jpg","1536x1536":"https:\/\/meber2026.graphoservice.it\/wp-content\/uploads\/2026\/02\/Borsa_custodia_DAE.jpg","2048x2048":"https:\/\/meber2026.graphoservice.it\/wp-content\/uploads\/2026\/02\/Borsa_custodia_DAE.jpg","et-pb-post-main-image":"https:\/\/meber2026.graphoservice.it\/wp-content\/uploads\/2026\/02\/Borsa_custodia_DAE-400x250.jpg","et-pb-post-main-image-fullwidth":"https:\/\/meber2026.graphoservice.it\/wp-content\/uploads\/2026\/02\/Borsa_custodia_DAE-615x675.jpg","et-pb-portfolio-image":"https:\/\/meber2026.graphoservice.it\/wp-content\/uploads\/2026\/02\/Borsa_custodia_DAE-400x284.jpg","et-pb-portfolio-module-image":"https:\/\/meber2026.graphoservice.it\/wp-content\/uploads\/2026\/02\/Borsa_custodia_DAE-510x382.jpg","et-pb-portfolio-image-single":"https:\/\/meber2026.graphoservice.it\/wp-content\/uploads\/2026\/02\/Borsa_custodia_DAE.jpg","et-pb-gallery-module-image-portrait":"https:\/\/meber2026.graphoservice.it\/wp-content\/uploads\/2026\/02\/Borsa_custodia_DAE-400x516.jpg","et-pb-post-main-image-fullwidth-large":"https:\/\/meber2026.graphoservice.it\/wp-content\/uploads\/2026\/02\/Borsa_custodia_DAE.jpg","et-pb-image--responsive--desktop":"https:\/\/meber2026.graphoservice.it\/wp-content\/uploads\/2026\/02\/Borsa_custodia_DAE.jpg","et-pb-image--responsive--tablet":"https:\/\/meber2026.graphoservice.it\/wp-content\/uploads\/2026\/02\/Borsa_custodia_DAE.jpg","et-pb-image--responsive--phone":"https:\/\/meber2026.graphoservice.it\/wp-content\/uploads\/2026\/02\/Borsa_custodia_DAE-480x609.jpg","full":"https:\/\/meber2026.graphoservice.it\/wp-content\/uploads\/2026\/02\/Borsa_custodia_DAE.jpg"},"yoast_head":"<!-- This site is optimized with the Yoast SEO plugin v27.4 - https:\/\/yoast.com\/product\/yoast-seo-wordpress\/ -->\n<title>1370\/RB<\/title>\n<meta name=\"robots\" content=\"noindex, follow, max-snippet:-1, max-image-preview:large, max-video-preview:-1\" \/>\n<meta property=\"og:locale\" content=\"fr_FR\" \/>\n<meta property=\"og:type\" content=\"article\" \/>\n<meta property=\"og:title\" content=\"1370\/RB\" \/>\n<meta property=\"og:description\" content=\"\u00c9tui universel pratique et fonctionnel pour d\u00e9fibrillateur. Il est \u00e9quip\u00e9 d\u2019une double ouverture zipp\u00e9e, d\u2019un fond en PVC \u00e9tanche et de supports positionn\u00e9s \u00e0 la fois sur le fond et sur la face arri\u00e8re, pour assurer une protection et une stabilit\u00e9 optimales du dispositif m\u00e9dical. \u00c0 l\u2019int\u00e9rieur, il est compos\u00e9 d\u2019un compartiment \u00e9quip\u00e9 de bandes [&hellip;]\" \/>\n<meta property=\"og:url\" content=\"https:\/\/meber2026.graphoservice.it\/fr\/product\/1370-rb\/\" \/>\n<meta property=\"og:site_name\" content=\"Me.Ber.\" \/>\n<meta property=\"article:modified_time\" content=\"2026-04-28T16:33:17+00:00\" \/>\n<meta property=\"og:image\" content=\"https:\/\/meber2026.graphoservice.it\/wp-content\/uploads\/2026\/02\/Borsa_custodia_DAE.jpg\" \/>\n\t<meta property=\"og:image:width\" content=\"615\" \/>\n\t<meta property=\"og:image:height\" content=\"780\" \/>\n\t<meta property=\"og:image:type\" content=\"image\/jpeg\" \/>\n<meta name=\"twitter:card\" content=\"summary_large_image\" \/>\n<meta name=\"twitter:label1\" content=\"Dur\u00e9e de lecture estim\u00e9e\" \/>\n\t<meta name=\"twitter:data1\" content=\"1 minute\" \/>\n<script type=\"application\/ld+json\" class=\"yoast-schema-graph\">{\"@context\":\"https:\\\/\\\/schema.org\",\"@graph\":[{\"@type\":\"WebPage\",\"@id\":\"https:\\\/\\\/meber2026.graphoservice.it\\\/fr\\\/product\\\/1370-rb\\\/\",\"url\":\"https:\\\/\\\/meber2026.graphoservice.it\\\/fr\\\/product\\\/1370-rb\\\/\",\"name\":\"1370\\\/RB\",\"isPartOf\":{\"@id\":\"https:\\\/\\\/meber2026.graphoservice.it\\\/fr\\\/#website\"},\"primaryImageOfPage\":{\"@id\":\"https:\\\/\\\/meber2026.graphoservice.it\\\/fr\\\/product\\\/1370-rb\\\/#primaryimage\"},\"image\":{\"@id\":\"https:\\\/\\\/meber2026.graphoservice.it\\\/fr\\\/product\\\/1370-rb\\\/#primaryimage\"},\"thumbnailUrl\":\"https:\\\/\\\/meber2026.graphoservice.it\\\/wp-content\\\/uploads\\\/2026\\\/02\\\/Borsa_custodia_DAE.jpg\",\"datePublished\":\"2026-02-10T09:29:47+00:00\",\"dateModified\":\"2026-04-28T16:33:17+00:00\",\"breadcrumb\":{\"@id\":\"https:\\\/\\\/meber2026.graphoservice.it\\\/fr\\\/product\\\/1370-rb\\\/#breadcrumb\"},\"inLanguage\":\"fr-FR\",\"potentialAction\":[{\"@type\":\"ReadAction\",\"target\":[\"https:\\\/\\\/meber2026.graphoservice.it\\\/fr\\\/product\\\/1370-rb\\\/\"]}]},{\"@type\":\"ImageObject\",\"inLanguage\":\"fr-FR\",\"@id\":\"https:\\\/\\\/meber2026.graphoservice.it\\\/fr\\\/product\\\/1370-rb\\\/#primaryimage\",\"url\":\"https:\\\/\\\/meber2026.graphoservice.it\\\/wp-content\\\/uploads\\\/2026\\\/02\\\/Borsa_custodia_DAE.jpg\",\"contentUrl\":\"https:\\\/\\\/meber2026.graphoservice.it\\\/wp-content\\\/uploads\\\/2026\\\/02\\\/Borsa_custodia_DAE.jpg\",\"width\":615,\"height\":780},{\"@type\":\"BreadcrumbList\",\"@id\":\"https:\\\/\\\/meber2026.graphoservice.it\\\/fr\\\/product\\\/1370-rb\\\/#breadcrumb\",\"itemListElement\":[{\"@type\":\"ListItem\",\"position\":1,\"name\":\"Home\",\"item\":\"https:\\\/\\\/meber2026.graphoservice.it\\\/fr\\\/\"},{\"@type\":\"ListItem\",\"position\":2,\"name\":\"1370\\\/RB\"}]},{\"@type\":\"WebSite\",\"@id\":\"https:\\\/\\\/meber2026.graphoservice.it\\\/fr\\\/#website\",\"url\":\"https:\\\/\\\/meber2026.graphoservice.it\\\/fr\\\/\",\"name\":\"Me.Ber.\",\"description\":\"In Case of Emergerncy\",\"potentialAction\":[{\"@type\":\"SearchAction\",\"target\":{\"@type\":\"EntryPoint\",\"urlTemplate\":\"https:\\\/\\\/meber2026.graphoservice.it\\\/fr\\\/?s={search_term_string}\"},\"query-input\":{\"@type\":\"PropertyValueSpecification\",\"valueRequired\":true,\"valueName\":\"search_term_string\"}}],\"inLanguage\":\"fr-FR\"}]}<\/script>\n<!-- \/ Yoast SEO plugin. -->","yoast_head_json":{"title":"1370\/RB","robots":{"index":"noindex","follow":"follow","max-snippet":"max-snippet:-1","max-image-preview":"max-image-preview:large","max-video-preview":"max-video-preview:-1"},"og_locale":"fr_FR","og_type":"article","og_title":"1370\/RB","og_description":"\u00c9tui universel pratique et fonctionnel pour d\u00e9fibrillateur. Il est \u00e9quip\u00e9 d\u2019une double ouverture zipp\u00e9e, d\u2019un fond en PVC \u00e9tanche et de supports positionn\u00e9s \u00e0 la fois sur le fond et sur la face arri\u00e8re, pour assurer une protection et une stabilit\u00e9 optimales du dispositif m\u00e9dical. \u00c0 l\u2019int\u00e9rieur, il est compos\u00e9 d\u2019un compartiment \u00e9quip\u00e9 de bandes [&hellip;]","og_url":"https:\/\/meber2026.graphoservice.it\/fr\/product\/1370-rb\/","og_site_name":"Me.Ber.","article_modified_time":"2026-04-28T16:33:17+00:00","og_image":[{"width":615,"height":780,"url":"https:\/\/meber2026.graphoservice.it\/wp-content\/uploads\/2026\/02\/Borsa_custodia_DAE.jpg","type":"image\/jpeg"}],"twitter_card":"summary_large_image","twitter_misc":{"Dur\u00e9e de lecture estim\u00e9e":"1 minute"},"schema":{"@context":"https:\/\/schema.org","@graph":[{"@type":"WebPage","@id":"https:\/\/meber2026.graphoservice.it\/fr\/product\/1370-rb\/","url":"https:\/\/meber2026.graphoservice.it\/fr\/product\/1370-rb\/","name":"1370\/RB","isPartOf":{"@id":"https:\/\/meber2026.graphoservice.it\/fr\/#website"},"primaryImageOfPage":{"@id":"https:\/\/meber2026.graphoservice.it\/fr\/product\/1370-rb\/#primaryimage"},"image":{"@id":"https:\/\/meber2026.graphoservice.it\/fr\/product\/1370-rb\/#primaryimage"},"thumbnailUrl":"https:\/\/meber2026.graphoservice.it\/wp-content\/uploads\/2026\/02\/Borsa_custodia_DAE.jpg","datePublished":"2026-02-10T09:29:47+00:00","dateModified":"2026-04-28T16:33:17+00:00","breadcrumb":{"@id":"https:\/\/meber2026.graphoservice.it\/fr\/product\/1370-rb\/#breadcrumb"},"inLanguage":"fr-FR","potentialAction":[{"@type":"ReadAction","target":["https:\/\/meber2026.graphoservice.it\/fr\/product\/1370-rb\/"]}]},{"@type":"ImageObject","inLanguage":"fr-FR","@id":"https:\/\/meber2026.graphoservice.it\/fr\/product\/1370-rb\/#primaryimage","url":"https:\/\/meber2026.graphoservice.it\/wp-content\/uploads\/2026\/02\/Borsa_custodia_DAE.jpg","contentUrl":"https:\/\/meber2026.graphoservice.it\/wp-content\/uploads\/2026\/02\/Borsa_custodia_DAE.jpg","width":615,"height":780},{"@type":"BreadcrumbList","@id":"https:\/\/meber2026.graphoservice.it\/fr\/product\/1370-rb\/#breadcrumb","itemListElement":[{"@type":"ListItem","position":1,"name":"Home","item":"https:\/\/meber2026.graphoservice.it\/fr\/"},{"@type":"ListItem","position":2,"name":"1370\/RB"}]},{"@type":"WebSite","@id":"https:\/\/meber2026.graphoservice.it\/fr\/#website","url":"https:\/\/meber2026.graphoservice.it\/fr\/","name":"Me.Ber.","description":"In Case of Emergerncy","potentialAction":[{"@type":"SearchAction","target":{"@type":"EntryPoint","urlTemplate":"https:\/\/meber2026.graphoservice.it\/fr\/?s={search_term_string}"},"query-input":{"@type":"PropertyValueSpecification","valueRequired":true,"valueName":"search_term_string"}}],"inLanguage":"fr-FR"}]}},"_links":{"self":[{"href":"https:\/\/meber2026.graphoservice.it\/fr\/wp-json\/wp\/v2\/product\/20089","targetHints":{"allow":["GET"]}}],"collection":[{"href":"https:\/\/meber2026.graphoservice.it\/fr\/wp-json\/wp\/v2\/product"}],"about":[{"href":"https:\/\/meber2026.graphoservice.it\/fr\/wp-json\/wp\/v2\/types\/product"}],"author":[{"embeddable":true,"href":"https:\/\/meber2026.graphoservice.it\/fr\/wp-json\/wp\/v2\/users\/1"}],"version-history":[{"count":1,"href":"https:\/\/meber2026.graphoservice.it\/fr\/wp-json\/wp\/v2\/product\/20089\/revisions"}],"predecessor-version":[{"id":29368,"href":"https:\/\/meber2026.graphoservice.it\/fr\/wp-json\/wp\/v2\/product\/20089\/revisions\/29368"}],"wp:featuredmedia":[{"embeddable":true,"href":"https:\/\/meber2026.graphoservice.it\/fr\/wp-json\/wp\/v2\/media\/17171"}],"wp:attachment":[{"href":"https:\/\/meber2026.graphoservice.it\/fr\/wp-json\/wp\/v2\/media?parent=20089"}],"wp:term":[{"taxonomy":"application-tag","embeddable":true,"href":"https:\/\/meber2026.graphoservice.it\/fr\/wp-json\/wp\/v2\/application-tag?post=20089"}],"curies":[{"name":"wp","href":"https:\/\/api.w.org\/{rel}","templated":true}]}}