{"id":20039,"date":"2026-02-10T09:29:41","date_gmt":"2026-02-10T09:29:41","guid":{"rendered":"https:\/\/meber2026.graphoservice.it\/product\/12200-2\/"},"modified":"2026-04-21T08:56:06","modified_gmt":"2026-04-21T08:56:06","slug":"12200-2","status":"publish","type":"product","link":"https:\/\/meber2026.graphoservice.it\/fr\/product\/12200-2\/","title":{"rendered":"12200"},"content":{"rendered":"<div>Les extensions bariatriques sont un accessoire pratique qui permet de convertir le\u00a0brancard \u00e0 chargement automatique en un pratique instrument de relevage bariatrique.\u00a0Gr\u00e2ce \u00e0 un encombrement r\u00e9duit (et un poids de 14\u00a0kg seulement), elles peuvent<\/div>\n<div>\u00eatre facilement transport\u00e9es en ambulance pour \u00eatre utilis\u00e9es au besoin. Leur utilisation\u00a0permet de faire face en toute s\u00e9curit\u00e9, et de la mani\u00e8re la plus ad\u00e9quate possible,\u00a0toute situation de relevage en pr\u00e9sence de patients bariatriques. Le kit comprend deux\u00a0extensions qui agrandissent le plan d\u2019appui du brancard de plus de 30 cm; le montage et\u00a0le d\u00e9montage sur le brancard \u00e0 chargement automatique sont tr\u00e8s simples et intuitifs, et\u00a0ne n\u00e9cessitent pas d\u2019instruments.\u00a0<\/p>\n<div>Les extensions bariatriques sont \u00e9quip\u00e9es\u00a0de sangles avec matelas, enrouleur et kit de\u00a0fixation au brancard pour une s\u00e9curit\u00e9\u00a0maximale. Elles peuvent \u00eatre achet\u00e9es\u00a0en kits comprenant la droite et la gauche\u00a0(art. 12200) ou s\u00e9par\u00e9ment (art. 12202\u00a0Extension bariatrique D. et art. 12204\u00a0extension bariatrique G.).\u00a0<\/p>\n<p>Dimensions: 1365 x 205 x 85 mm (extension seule)<\/p>\n<p>En cas de combinaison avec MBS-01 ou brancard autochargeant Frog, utiliser l&#8217;art. <a href=\"https:\/\/www.meber.it\/en\/products\/self-loading-stretchers\/mercury\/accessories\/12084.aspx\">12084<\/a>.<\/div>\n<\/div>\n","protected":false},"excerpt":{"rendered":"<p>Les extensions bariatriques sont un accessoire pratique qui permet de convertir le\u00a0brancard \u00e0 chargement automatique en un pratique instrument de relevage bariatrique.\u00a0Gr\u00e2ce \u00e0 un encombrement r\u00e9duit (et un poids de 14\u00a0kg seulement), elles peuvent \u00eatre facilement transport\u00e9es en ambulance pour \u00eatre utilis\u00e9es au besoin. Leur utilisation\u00a0permet de faire face en toute s\u00e9curit\u00e9, et de la [&hellip;]<\/p>\n","protected":false},"author":1,"featured_media":17129,"parent":0,"menu_order":40001900,"template":"","meta":{"_acf_changed":false,"footnotes":""},"application-tag":[92,98],"class_list":["post-20039","product","type-product","status-publish","has-post-thumbnail","hentry","application-tag-accessoires","application-tag-bariatrique"],"acf":[],"dsm_author":{"name":"admeb26","avatar_url":"https:\/\/meber2026.graphoservice.it\/wp-content\/plugins\/ultimate-member\/assets\/img\/default_avatar.jpg","archive_link":"https:\/\/meber2026.graphoservice.it\/fr\/author\/admeb26\/","biodata":""},"dsm_categories":[],"dsm_attachment_categories":[],"dsm_featured_image":{"thumbnail":"https:\/\/meber2026.graphoservice.it\/wp-content\/uploads\/2026\/02\/Set_ali_12200-150x150.png","medium":"https:\/\/meber2026.graphoservice.it\/wp-content\/uploads\/2026\/02\/Set_ali_12200-300x182.png","medium_large":"https:\/\/meber2026.graphoservice.it\/wp-content\/uploads\/2026\/02\/Set_ali_12200-768x467.png","large":"https:\/\/meber2026.graphoservice.it\/wp-content\/uploads\/2026\/02\/Set_ali_12200.png","1536x1536":"https:\/\/meber2026.graphoservice.it\/wp-content\/uploads\/2026\/02\/Set_ali_12200.png","2048x2048":"https:\/\/meber2026.graphoservice.it\/wp-content\/uploads\/2026\/02\/Set_ali_12200.png","et-pb-post-main-image":"https:\/\/meber2026.graphoservice.it\/wp-content\/uploads\/2026\/02\/Set_ali_12200-400x250.png","et-pb-post-main-image-fullwidth":"https:\/\/meber2026.graphoservice.it\/wp-content\/uploads\/2026\/02\/Set_ali_12200.png","et-pb-portfolio-image":"https:\/\/meber2026.graphoservice.it\/wp-content\/uploads\/2026\/02\/Set_ali_12200-400x284.png","et-pb-portfolio-module-image":"https:\/\/meber2026.graphoservice.it\/wp-content\/uploads\/2026\/02\/Set_ali_12200-510x382.png","et-pb-portfolio-image-single":"https:\/\/meber2026.graphoservice.it\/wp-content\/uploads\/2026\/02\/Set_ali_12200.png","et-pb-gallery-module-image-portrait":"https:\/\/meber2026.graphoservice.it\/wp-content\/uploads\/2026\/02\/Set_ali_12200-400x474.png","et-pb-post-main-image-fullwidth-large":"https:\/\/meber2026.graphoservice.it\/wp-content\/uploads\/2026\/02\/Set_ali_12200.png","et-pb-image--responsive--desktop":"https:\/\/meber2026.graphoservice.it\/wp-content\/uploads\/2026\/02\/Set_ali_12200.png","et-pb-image--responsive--tablet":"https:\/\/meber2026.graphoservice.it\/wp-content\/uploads\/2026\/02\/Set_ali_12200.png","et-pb-image--responsive--phone":"https:\/\/meber2026.graphoservice.it\/wp-content\/uploads\/2026\/02\/Set_ali_12200-480x292.png","full":"https:\/\/meber2026.graphoservice.it\/wp-content\/uploads\/2026\/02\/Set_ali_12200.png"},"yoast_head":"<!-- This site is optimized with the Yoast SEO plugin v27.4 - https:\/\/yoast.com\/product\/yoast-seo-wordpress\/ -->\n<title>12200<\/title>\n<meta name=\"robots\" content=\"noindex, follow, max-snippet:-1, max-image-preview:large, max-video-preview:-1\" \/>\n<meta property=\"og:locale\" content=\"fr_FR\" \/>\n<meta property=\"og:type\" content=\"article\" \/>\n<meta property=\"og:title\" content=\"12200\" \/>\n<meta property=\"og:description\" content=\"Les extensions bariatriques sont un accessoire pratique qui permet de convertir le\u00a0brancard \u00e0 chargement automatique en un pratique instrument de relevage bariatrique.\u00a0Gr\u00e2ce \u00e0 un encombrement r\u00e9duit (et un poids de 14\u00a0kg seulement), elles peuvent \u00eatre facilement transport\u00e9es en ambulance pour \u00eatre utilis\u00e9es au besoin. Leur utilisation\u00a0permet de faire face en toute s\u00e9curit\u00e9, et de la [&hellip;]\" \/>\n<meta property=\"og:url\" content=\"https:\/\/meber2026.graphoservice.it\/fr\/product\/12200-2\/\" \/>\n<meta property=\"og:site_name\" content=\"Me.Ber.\" \/>\n<meta property=\"article:modified_time\" content=\"2026-04-21T08:56:06+00:00\" \/>\n<meta property=\"og:image\" content=\"https:\/\/meber2026.graphoservice.it\/wp-content\/uploads\/2026\/02\/Set_ali_12200.png\" \/>\n\t<meta property=\"og:image:width\" content=\"780\" \/>\n\t<meta property=\"og:image:height\" content=\"474\" \/>\n\t<meta property=\"og:image:type\" content=\"image\/png\" \/>\n<meta name=\"twitter:card\" content=\"summary_large_image\" \/>\n<meta name=\"twitter:label1\" content=\"Dur\u00e9e de lecture estim\u00e9e\" \/>\n\t<meta name=\"twitter:data1\" content=\"1 minute\" \/>\n<script type=\"application\/ld+json\" class=\"yoast-schema-graph\">{\"@context\":\"https:\\\/\\\/schema.org\",\"@graph\":[{\"@type\":\"WebPage\",\"@id\":\"https:\\\/\\\/meber2026.graphoservice.it\\\/fr\\\/product\\\/12200-2\\\/\",\"url\":\"https:\\\/\\\/meber2026.graphoservice.it\\\/fr\\\/product\\\/12200-2\\\/\",\"name\":\"12200\",\"isPartOf\":{\"@id\":\"https:\\\/\\\/meber2026.graphoservice.it\\\/fr\\\/#website\"},\"primaryImageOfPage\":{\"@id\":\"https:\\\/\\\/meber2026.graphoservice.it\\\/fr\\\/product\\\/12200-2\\\/#primaryimage\"},\"image\":{\"@id\":\"https:\\\/\\\/meber2026.graphoservice.it\\\/fr\\\/product\\\/12200-2\\\/#primaryimage\"},\"thumbnailUrl\":\"https:\\\/\\\/meber2026.graphoservice.it\\\/wp-content\\\/uploads\\\/2026\\\/02\\\/Set_ali_12200.png\",\"datePublished\":\"2026-02-10T09:29:41+00:00\",\"dateModified\":\"2026-04-21T08:56:06+00:00\",\"breadcrumb\":{\"@id\":\"https:\\\/\\\/meber2026.graphoservice.it\\\/fr\\\/product\\\/12200-2\\\/#breadcrumb\"},\"inLanguage\":\"fr-FR\",\"potentialAction\":[{\"@type\":\"ReadAction\",\"target\":[\"https:\\\/\\\/meber2026.graphoservice.it\\\/fr\\\/product\\\/12200-2\\\/\"]}]},{\"@type\":\"ImageObject\",\"inLanguage\":\"fr-FR\",\"@id\":\"https:\\\/\\\/meber2026.graphoservice.it\\\/fr\\\/product\\\/12200-2\\\/#primaryimage\",\"url\":\"https:\\\/\\\/meber2026.graphoservice.it\\\/wp-content\\\/uploads\\\/2026\\\/02\\\/Set_ali_12200.png\",\"contentUrl\":\"https:\\\/\\\/meber2026.graphoservice.it\\\/wp-content\\\/uploads\\\/2026\\\/02\\\/Set_ali_12200.png\",\"width\":780,\"height\":474},{\"@type\":\"BreadcrumbList\",\"@id\":\"https:\\\/\\\/meber2026.graphoservice.it\\\/fr\\\/product\\\/12200-2\\\/#breadcrumb\",\"itemListElement\":[{\"@type\":\"ListItem\",\"position\":1,\"name\":\"Home\",\"item\":\"https:\\\/\\\/meber2026.graphoservice.it\\\/fr\\\/\"},{\"@type\":\"ListItem\",\"position\":2,\"name\":\"12200\"}]},{\"@type\":\"WebSite\",\"@id\":\"https:\\\/\\\/meber2026.graphoservice.it\\\/fr\\\/#website\",\"url\":\"https:\\\/\\\/meber2026.graphoservice.it\\\/fr\\\/\",\"name\":\"Me.Ber.\",\"description\":\"In Case of Emergerncy\",\"potentialAction\":[{\"@type\":\"SearchAction\",\"target\":{\"@type\":\"EntryPoint\",\"urlTemplate\":\"https:\\\/\\\/meber2026.graphoservice.it\\\/fr\\\/?s={search_term_string}\"},\"query-input\":{\"@type\":\"PropertyValueSpecification\",\"valueRequired\":true,\"valueName\":\"search_term_string\"}}],\"inLanguage\":\"fr-FR\"}]}<\/script>\n<!-- \/ Yoast SEO plugin. -->","yoast_head_json":{"title":"12200","robots":{"index":"noindex","follow":"follow","max-snippet":"max-snippet:-1","max-image-preview":"max-image-preview:large","max-video-preview":"max-video-preview:-1"},"og_locale":"fr_FR","og_type":"article","og_title":"12200","og_description":"Les extensions bariatriques sont un accessoire pratique qui permet de convertir le\u00a0brancard \u00e0 chargement automatique en un pratique instrument de relevage bariatrique.\u00a0Gr\u00e2ce \u00e0 un encombrement r\u00e9duit (et un poids de 14\u00a0kg seulement), elles peuvent \u00eatre facilement transport\u00e9es en ambulance pour \u00eatre utilis\u00e9es au besoin. Leur utilisation\u00a0permet de faire face en toute s\u00e9curit\u00e9, et de la [&hellip;]","og_url":"https:\/\/meber2026.graphoservice.it\/fr\/product\/12200-2\/","og_site_name":"Me.Ber.","article_modified_time":"2026-04-21T08:56:06+00:00","og_image":[{"width":780,"height":474,"url":"https:\/\/meber2026.graphoservice.it\/wp-content\/uploads\/2026\/02\/Set_ali_12200.png","type":"image\/png"}],"twitter_card":"summary_large_image","twitter_misc":{"Dur\u00e9e de lecture estim\u00e9e":"1 minute"},"schema":{"@context":"https:\/\/schema.org","@graph":[{"@type":"WebPage","@id":"https:\/\/meber2026.graphoservice.it\/fr\/product\/12200-2\/","url":"https:\/\/meber2026.graphoservice.it\/fr\/product\/12200-2\/","name":"12200","isPartOf":{"@id":"https:\/\/meber2026.graphoservice.it\/fr\/#website"},"primaryImageOfPage":{"@id":"https:\/\/meber2026.graphoservice.it\/fr\/product\/12200-2\/#primaryimage"},"image":{"@id":"https:\/\/meber2026.graphoservice.it\/fr\/product\/12200-2\/#primaryimage"},"thumbnailUrl":"https:\/\/meber2026.graphoservice.it\/wp-content\/uploads\/2026\/02\/Set_ali_12200.png","datePublished":"2026-02-10T09:29:41+00:00","dateModified":"2026-04-21T08:56:06+00:00","breadcrumb":{"@id":"https:\/\/meber2026.graphoservice.it\/fr\/product\/12200-2\/#breadcrumb"},"inLanguage":"fr-FR","potentialAction":[{"@type":"ReadAction","target":["https:\/\/meber2026.graphoservice.it\/fr\/product\/12200-2\/"]}]},{"@type":"ImageObject","inLanguage":"fr-FR","@id":"https:\/\/meber2026.graphoservice.it\/fr\/product\/12200-2\/#primaryimage","url":"https:\/\/meber2026.graphoservice.it\/wp-content\/uploads\/2026\/02\/Set_ali_12200.png","contentUrl":"https:\/\/meber2026.graphoservice.it\/wp-content\/uploads\/2026\/02\/Set_ali_12200.png","width":780,"height":474},{"@type":"BreadcrumbList","@id":"https:\/\/meber2026.graphoservice.it\/fr\/product\/12200-2\/#breadcrumb","itemListElement":[{"@type":"ListItem","position":1,"name":"Home","item":"https:\/\/meber2026.graphoservice.it\/fr\/"},{"@type":"ListItem","position":2,"name":"12200"}]},{"@type":"WebSite","@id":"https:\/\/meber2026.graphoservice.it\/fr\/#website","url":"https:\/\/meber2026.graphoservice.it\/fr\/","name":"Me.Ber.","description":"In Case of Emergerncy","potentialAction":[{"@type":"SearchAction","target":{"@type":"EntryPoint","urlTemplate":"https:\/\/meber2026.graphoservice.it\/fr\/?s={search_term_string}"},"query-input":{"@type":"PropertyValueSpecification","valueRequired":true,"valueName":"search_term_string"}}],"inLanguage":"fr-FR"}]}},"_links":{"self":[{"href":"https:\/\/meber2026.graphoservice.it\/fr\/wp-json\/wp\/v2\/product\/20039","targetHints":{"allow":["GET"]}}],"collection":[{"href":"https:\/\/meber2026.graphoservice.it\/fr\/wp-json\/wp\/v2\/product"}],"about":[{"href":"https:\/\/meber2026.graphoservice.it\/fr\/wp-json\/wp\/v2\/types\/product"}],"author":[{"embeddable":true,"href":"https:\/\/meber2026.graphoservice.it\/fr\/wp-json\/wp\/v2\/users\/1"}],"version-history":[{"count":0,"href":"https:\/\/meber2026.graphoservice.it\/fr\/wp-json\/wp\/v2\/product\/20039\/revisions"}],"wp:featuredmedia":[{"embeddable":true,"href":"https:\/\/meber2026.graphoservice.it\/fr\/wp-json\/wp\/v2\/media\/17129"}],"wp:attachment":[{"href":"https:\/\/meber2026.graphoservice.it\/fr\/wp-json\/wp\/v2\/media?parent=20039"}],"wp:term":[{"taxonomy":"application-tag","embeddable":true,"href":"https:\/\/meber2026.graphoservice.it\/fr\/wp-json\/wp\/v2\/application-tag?post=20039"}],"curies":[{"name":"wp","href":"https:\/\/api.w.org\/{rel}","templated":true}]}}