{"id":20009,"date":"2026-02-10T09:29:37","date_gmt":"2026-02-10T09:29:37","guid":{"rendered":"https:\/\/meber2026.graphoservice.it\/product\/dynastep-19302\/"},"modified":"2026-04-28T16:32:09","modified_gmt":"2026-04-28T16:32:09","slug":"dynastep-19302","status":"publish","type":"product","link":"https:\/\/meber2026.graphoservice.it\/fr\/product\/dynastep-19302\/","title":{"rendered":"DynaStep\u00a019302"},"content":{"rendered":"<p><a class=\"button icon btn-block\" href=\"https:\/\/www.meber.it\/dynastep\/\" style=\"border-radius: 3px;\" target=\"_blank\">Visitez le site Dynastep <i class=\"fa fa-chevron-circle-right\">\u00a0<\/i> <\/a><\/p>\n<p>\nDynaStep est la nouvelle gamme de marchepieds \u00e0 commande m\u00e9canique de Me.Ber. Deux mod\u00e8les disponibles, de 800 ou 1120\u00a0mm de largeur, tous deux r\u00e9alis\u00e9s avec des solutions et des mat\u00e9riaux de haute qualit\u00e9 tels que les alliages d&#8217;aluminium, l&#8217;acier (pour les parties mobiles et \u00e0 forte charge) et les polym\u00e8res plastiques \u00e0 haute r\u00e9sistance. Tout cela permet une capacit\u00e9 de charge maximale de 300\u00a0kg, ce qui rend ces dispositifs \u00e9galement adapt\u00e9s aux patients ob\u00e8ses. Les marchepieds DynaStep peuvent \u00eatre install\u00e9es sur n&#8217;importe quel type de v\u00e9hicule commercial gr\u00e2ce aux kits d&#8217;installation sp\u00e9cifiques disponibles en option. Quatre bandes de mat\u00e9riau antid\u00e9rapant garantissent un appui s\u00fbr, m\u00eame en pr\u00e9sence d&#8217;eau et de boue.<\/p>\n<p>L&#8217;ouverture de la marche est m\u00e9canique et assujettie \u00e0 l&#8217;ouverture de la porte lat\u00e9rale du v\u00e9hicule.\u00a0Cette solution est particuli\u00e8rement avantageuse car elle ne permet pas d&#8217;erreurs accidentelles d&#8217;ouverture ou de fermeture et ne n\u00e9cessite naturellement aucun dispositif \u00e9lectrique ou \u00e9lectronique. L&#8217;\u00e9paisseur, identique pour les deux mod\u00e8les, n&#8217;est que de 65\u00a0mm et figure parmi les plus petites du march\u00e9\u00a0; cette caract\u00e9ristique garantit un fonctionnement s\u00fbr m\u00eame en pr\u00e9sence de dos d\u2019\u00e2nes, de bordures, d&#8217;asp\u00e9rit\u00e9s et\/ou de changements soudains de la surface de la route. Gr\u00e2ce au mat\u00e9riau r\u00e9fl\u00e9chissant des autocollants, les marchepieds sont visibles m\u00eame la nuit ou dans des conditions de faible \u00e9clairage.<\/p>\n<p><strong>Mat\u00e9riau du marchepied\u00a0<\/strong>: Aluminium<br \/>\n<strong>Mat\u00e9riau de l&#8217;axe et du pivot\u00a0<\/strong>: Acier inox<\/p>\n<p><strong>Dimensions\u00a0<\/strong>: 82&#215;26\u00a0cm<br \/>\n<strong>\u00c9paisseur\u00a0:<\/strong> 6,5 cm<\/p>\n","protected":false},"excerpt":{"rendered":"<p>Visitez le site Dynastep \u00a0 DynaStep est la nouvelle gamme de marchepieds \u00e0 commande m\u00e9canique de Me.Ber. Deux mod\u00e8les disponibles, de 800 ou 1120\u00a0mm de largeur, tous deux r\u00e9alis\u00e9s avec des solutions et des mat\u00e9riaux de haute qualit\u00e9 tels que les alliages d&#8217;aluminium, l&#8217;acier (pour les parties mobiles et \u00e0 forte charge) et les polym\u00e8res [&hellip;]<\/p>\n","protected":false},"author":1,"featured_media":17103,"parent":0,"menu_order":120000200,"template":"","meta":{"_acf_changed":false,"footnotes":""},"application-tag":[108],"class_list":["post-20009","product","type-product","status-publish","has-post-thumbnail","hentry","application-tag-marches"],"acf":[],"dsm_author":{"name":"admeb26","avatar_url":"https:\/\/meber2026.graphoservice.it\/wp-content\/plugins\/ultimate-member\/assets\/img\/default_avatar.jpg","archive_link":"https:\/\/meber2026.graphoservice.it\/fr\/author\/admeb26\/","biodata":""},"dsm_categories":[],"dsm_attachment_categories":[],"dsm_featured_image":{"thumbnail":"https:\/\/meber2026.graphoservice.it\/wp-content\/uploads\/2026\/02\/Gradino_da_800_mm-150x150.jpg","medium":"https:\/\/meber2026.graphoservice.it\/wp-content\/uploads\/2026\/02\/Gradino_da_800_mm-300x223.jpg","medium_large":"https:\/\/meber2026.graphoservice.it\/wp-content\/uploads\/2026\/02\/Gradino_da_800_mm-768x572.jpg","large":"https:\/\/meber2026.graphoservice.it\/wp-content\/uploads\/2026\/02\/Gradino_da_800_mm.jpg","1536x1536":"https:\/\/meber2026.graphoservice.it\/wp-content\/uploads\/2026\/02\/Gradino_da_800_mm.jpg","2048x2048":"https:\/\/meber2026.graphoservice.it\/wp-content\/uploads\/2026\/02\/Gradino_da_800_mm.jpg","et-pb-post-main-image":"https:\/\/meber2026.graphoservice.it\/wp-content\/uploads\/2026\/02\/Gradino_da_800_mm-400x250.jpg","et-pb-post-main-image-fullwidth":"https:\/\/meber2026.graphoservice.it\/wp-content\/uploads\/2026\/02\/Gradino_da_800_mm.jpg","et-pb-portfolio-image":"https:\/\/meber2026.graphoservice.it\/wp-content\/uploads\/2026\/02\/Gradino_da_800_mm-400x284.jpg","et-pb-portfolio-module-image":"https:\/\/meber2026.graphoservice.it\/wp-content\/uploads\/2026\/02\/Gradino_da_800_mm-510x382.jpg","et-pb-portfolio-image-single":"https:\/\/meber2026.graphoservice.it\/wp-content\/uploads\/2026\/02\/Gradino_da_800_mm.jpg","et-pb-gallery-module-image-portrait":"https:\/\/meber2026.graphoservice.it\/wp-content\/uploads\/2026\/02\/Gradino_da_800_mm-400x516.jpg","et-pb-post-main-image-fullwidth-large":"https:\/\/meber2026.graphoservice.it\/wp-content\/uploads\/2026\/02\/Gradino_da_800_mm.jpg","et-pb-image--responsive--desktop":"https:\/\/meber2026.graphoservice.it\/wp-content\/uploads\/2026\/02\/Gradino_da_800_mm.jpg","et-pb-image--responsive--tablet":"https:\/\/meber2026.graphoservice.it\/wp-content\/uploads\/2026\/02\/Gradino_da_800_mm.jpg","et-pb-image--responsive--phone":"https:\/\/meber2026.graphoservice.it\/wp-content\/uploads\/2026\/02\/Gradino_da_800_mm-480x358.jpg","full":"https:\/\/meber2026.graphoservice.it\/wp-content\/uploads\/2026\/02\/Gradino_da_800_mm.jpg"},"yoast_head":"<!-- This site is optimized with the Yoast SEO plugin v27.4 - https:\/\/yoast.com\/product\/yoast-seo-wordpress\/ -->\n<title>DynaStep\u00a019302<\/title>\n<meta name=\"robots\" content=\"noindex, follow, max-snippet:-1, max-image-preview:large, max-video-preview:-1\" \/>\n<meta property=\"og:locale\" content=\"fr_FR\" \/>\n<meta property=\"og:type\" content=\"article\" \/>\n<meta property=\"og:title\" content=\"DynaStep\u00a019302\" \/>\n<meta property=\"og:description\" content=\"Visitez le site Dynastep \u00a0 DynaStep est la nouvelle gamme de marchepieds \u00e0 commande m\u00e9canique de Me.Ber. Deux mod\u00e8les disponibles, de 800 ou 1120\u00a0mm de largeur, tous deux r\u00e9alis\u00e9s avec des solutions et des mat\u00e9riaux de haute qualit\u00e9 tels que les alliages d&#8217;aluminium, l&#8217;acier (pour les parties mobiles et \u00e0 forte charge) et les polym\u00e8res [&hellip;]\" \/>\n<meta property=\"og:url\" content=\"https:\/\/meber2026.graphoservice.it\/fr\/product\/dynastep-19302\/\" \/>\n<meta property=\"og:site_name\" content=\"Me.Ber.\" \/>\n<meta property=\"article:modified_time\" content=\"2026-04-28T16:32:09+00:00\" \/>\n<meta property=\"og:image\" content=\"https:\/\/meber2026.graphoservice.it\/wp-content\/uploads\/2026\/02\/Gradino_da_800_mm.jpg\" \/>\n\t<meta property=\"og:image:width\" content=\"780\" \/>\n\t<meta property=\"og:image:height\" content=\"581\" \/>\n\t<meta property=\"og:image:type\" content=\"image\/jpeg\" \/>\n<meta name=\"twitter:card\" content=\"summary_large_image\" \/>\n<meta name=\"twitter:label1\" content=\"Dur\u00e9e de lecture estim\u00e9e\" \/>\n\t<meta name=\"twitter:data1\" content=\"1 minute\" \/>\n<script type=\"application\/ld+json\" class=\"yoast-schema-graph\">{\"@context\":\"https:\\\/\\\/schema.org\",\"@graph\":[{\"@type\":\"WebPage\",\"@id\":\"https:\\\/\\\/meber2026.graphoservice.it\\\/fr\\\/product\\\/dynastep-19302\\\/\",\"url\":\"https:\\\/\\\/meber2026.graphoservice.it\\\/fr\\\/product\\\/dynastep-19302\\\/\",\"name\":\"DynaStep\u00a019302\",\"isPartOf\":{\"@id\":\"https:\\\/\\\/meber2026.graphoservice.it\\\/fr\\\/#website\"},\"primaryImageOfPage\":{\"@id\":\"https:\\\/\\\/meber2026.graphoservice.it\\\/fr\\\/product\\\/dynastep-19302\\\/#primaryimage\"},\"image\":{\"@id\":\"https:\\\/\\\/meber2026.graphoservice.it\\\/fr\\\/product\\\/dynastep-19302\\\/#primaryimage\"},\"thumbnailUrl\":\"https:\\\/\\\/meber2026.graphoservice.it\\\/wp-content\\\/uploads\\\/2026\\\/02\\\/Gradino_da_800_mm.jpg\",\"datePublished\":\"2026-02-10T09:29:37+00:00\",\"dateModified\":\"2026-04-28T16:32:09+00:00\",\"breadcrumb\":{\"@id\":\"https:\\\/\\\/meber2026.graphoservice.it\\\/fr\\\/product\\\/dynastep-19302\\\/#breadcrumb\"},\"inLanguage\":\"fr-FR\",\"potentialAction\":[{\"@type\":\"ReadAction\",\"target\":[\"https:\\\/\\\/meber2026.graphoservice.it\\\/fr\\\/product\\\/dynastep-19302\\\/\"]}]},{\"@type\":\"ImageObject\",\"inLanguage\":\"fr-FR\",\"@id\":\"https:\\\/\\\/meber2026.graphoservice.it\\\/fr\\\/product\\\/dynastep-19302\\\/#primaryimage\",\"url\":\"https:\\\/\\\/meber2026.graphoservice.it\\\/wp-content\\\/uploads\\\/2026\\\/02\\\/Gradino_da_800_mm.jpg\",\"contentUrl\":\"https:\\\/\\\/meber2026.graphoservice.it\\\/wp-content\\\/uploads\\\/2026\\\/02\\\/Gradino_da_800_mm.jpg\",\"width\":780,\"height\":581},{\"@type\":\"BreadcrumbList\",\"@id\":\"https:\\\/\\\/meber2026.graphoservice.it\\\/fr\\\/product\\\/dynastep-19302\\\/#breadcrumb\",\"itemListElement\":[{\"@type\":\"ListItem\",\"position\":1,\"name\":\"Home\",\"item\":\"https:\\\/\\\/meber2026.graphoservice.it\\\/fr\\\/\"},{\"@type\":\"ListItem\",\"position\":2,\"name\":\"DynaStep\u00a019302\"}]},{\"@type\":\"WebSite\",\"@id\":\"https:\\\/\\\/meber2026.graphoservice.it\\\/fr\\\/#website\",\"url\":\"https:\\\/\\\/meber2026.graphoservice.it\\\/fr\\\/\",\"name\":\"Me.Ber.\",\"description\":\"In Case of Emergerncy\",\"potentialAction\":[{\"@type\":\"SearchAction\",\"target\":{\"@type\":\"EntryPoint\",\"urlTemplate\":\"https:\\\/\\\/meber2026.graphoservice.it\\\/fr\\\/?s={search_term_string}\"},\"query-input\":{\"@type\":\"PropertyValueSpecification\",\"valueRequired\":true,\"valueName\":\"search_term_string\"}}],\"inLanguage\":\"fr-FR\"}]}<\/script>\n<!-- \/ Yoast SEO plugin. -->","yoast_head_json":{"title":"DynaStep\u00a019302","robots":{"index":"noindex","follow":"follow","max-snippet":"max-snippet:-1","max-image-preview":"max-image-preview:large","max-video-preview":"max-video-preview:-1"},"og_locale":"fr_FR","og_type":"article","og_title":"DynaStep\u00a019302","og_description":"Visitez le site Dynastep \u00a0 DynaStep est la nouvelle gamme de marchepieds \u00e0 commande m\u00e9canique de Me.Ber. Deux mod\u00e8les disponibles, de 800 ou 1120\u00a0mm de largeur, tous deux r\u00e9alis\u00e9s avec des solutions et des mat\u00e9riaux de haute qualit\u00e9 tels que les alliages d&#8217;aluminium, l&#8217;acier (pour les parties mobiles et \u00e0 forte charge) et les polym\u00e8res [&hellip;]","og_url":"https:\/\/meber2026.graphoservice.it\/fr\/product\/dynastep-19302\/","og_site_name":"Me.Ber.","article_modified_time":"2026-04-28T16:32:09+00:00","og_image":[{"width":780,"height":581,"url":"https:\/\/meber2026.graphoservice.it\/wp-content\/uploads\/2026\/02\/Gradino_da_800_mm.jpg","type":"image\/jpeg"}],"twitter_card":"summary_large_image","twitter_misc":{"Dur\u00e9e de lecture estim\u00e9e":"1 minute"},"schema":{"@context":"https:\/\/schema.org","@graph":[{"@type":"WebPage","@id":"https:\/\/meber2026.graphoservice.it\/fr\/product\/dynastep-19302\/","url":"https:\/\/meber2026.graphoservice.it\/fr\/product\/dynastep-19302\/","name":"DynaStep\u00a019302","isPartOf":{"@id":"https:\/\/meber2026.graphoservice.it\/fr\/#website"},"primaryImageOfPage":{"@id":"https:\/\/meber2026.graphoservice.it\/fr\/product\/dynastep-19302\/#primaryimage"},"image":{"@id":"https:\/\/meber2026.graphoservice.it\/fr\/product\/dynastep-19302\/#primaryimage"},"thumbnailUrl":"https:\/\/meber2026.graphoservice.it\/wp-content\/uploads\/2026\/02\/Gradino_da_800_mm.jpg","datePublished":"2026-02-10T09:29:37+00:00","dateModified":"2026-04-28T16:32:09+00:00","breadcrumb":{"@id":"https:\/\/meber2026.graphoservice.it\/fr\/product\/dynastep-19302\/#breadcrumb"},"inLanguage":"fr-FR","potentialAction":[{"@type":"ReadAction","target":["https:\/\/meber2026.graphoservice.it\/fr\/product\/dynastep-19302\/"]}]},{"@type":"ImageObject","inLanguage":"fr-FR","@id":"https:\/\/meber2026.graphoservice.it\/fr\/product\/dynastep-19302\/#primaryimage","url":"https:\/\/meber2026.graphoservice.it\/wp-content\/uploads\/2026\/02\/Gradino_da_800_mm.jpg","contentUrl":"https:\/\/meber2026.graphoservice.it\/wp-content\/uploads\/2026\/02\/Gradino_da_800_mm.jpg","width":780,"height":581},{"@type":"BreadcrumbList","@id":"https:\/\/meber2026.graphoservice.it\/fr\/product\/dynastep-19302\/#breadcrumb","itemListElement":[{"@type":"ListItem","position":1,"name":"Home","item":"https:\/\/meber2026.graphoservice.it\/fr\/"},{"@type":"ListItem","position":2,"name":"DynaStep\u00a019302"}]},{"@type":"WebSite","@id":"https:\/\/meber2026.graphoservice.it\/fr\/#website","url":"https:\/\/meber2026.graphoservice.it\/fr\/","name":"Me.Ber.","description":"In Case of Emergerncy","potentialAction":[{"@type":"SearchAction","target":{"@type":"EntryPoint","urlTemplate":"https:\/\/meber2026.graphoservice.it\/fr\/?s={search_term_string}"},"query-input":{"@type":"PropertyValueSpecification","valueRequired":true,"valueName":"search_term_string"}}],"inLanguage":"fr-FR"}]}},"_links":{"self":[{"href":"https:\/\/meber2026.graphoservice.it\/fr\/wp-json\/wp\/v2\/product\/20009","targetHints":{"allow":["GET"]}}],"collection":[{"href":"https:\/\/meber2026.graphoservice.it\/fr\/wp-json\/wp\/v2\/product"}],"about":[{"href":"https:\/\/meber2026.graphoservice.it\/fr\/wp-json\/wp\/v2\/types\/product"}],"author":[{"embeddable":true,"href":"https:\/\/meber2026.graphoservice.it\/fr\/wp-json\/wp\/v2\/users\/1"}],"version-history":[{"count":1,"href":"https:\/\/meber2026.graphoservice.it\/fr\/wp-json\/wp\/v2\/product\/20009\/revisions"}],"predecessor-version":[{"id":29445,"href":"https:\/\/meber2026.graphoservice.it\/fr\/wp-json\/wp\/v2\/product\/20009\/revisions\/29445"}],"wp:featuredmedia":[{"embeddable":true,"href":"https:\/\/meber2026.graphoservice.it\/fr\/wp-json\/wp\/v2\/media\/17103"}],"wp:attachment":[{"href":"https:\/\/meber2026.graphoservice.it\/fr\/wp-json\/wp\/v2\/media?parent=20009"}],"wp:term":[{"taxonomy":"application-tag","embeddable":true,"href":"https:\/\/meber2026.graphoservice.it\/fr\/wp-json\/wp\/v2\/application-tag?post=20009"}],"curies":[{"name":"wp","href":"https:\/\/api.w.org\/{rel}","templated":true}]}}