{"id":20004,"date":"2026-02-10T09:29:37","date_gmt":"2026-02-10T09:29:37","guid":{"rendered":"https:\/\/meber2026.graphoservice.it\/product\/b1-classic-8534\/"},"modified":"2026-04-28T15:19:46","modified_gmt":"2026-04-28T15:19:46","slug":"b1-classic-8534","status":"publish","type":"product","link":"https:\/\/meber2026.graphoservice.it\/fr\/product\/b1-classic-8534\/","title":{"rendered":"B1 CLASSIC 8534"},"content":{"rendered":"<p>Dispositif m\u00e9dical simple d\u2019utilisation, pr\u00e9cis et fiable pour la mesure de la tension art\u00e9rielle au niveau du bras.<\/p>\n<p><strong>Sp\u00e9cifications techniques<\/strong><br \/>\n\u2022 Temp\u00e9rature de fonctionnement : 10 \u2013 40 \u00b0C \/ 50 &#8211; 104 \u00b0F 15 &#8211; 95 % d\u2019humidit\u00e9 relative maximale<br \/>\n\u2022 Temp\u00e9rature de stockage: -20 &#8211; +55 \u00b0C \/ -4 &#8211; +131 \u00b0F 15 &#8211; 95 % d\u2019humidit\u00e9 relative maximale<br \/>\n\u2022 Poids : 250 g (piles comprises)<br \/>\n\u2022 Dimensions: 124 x 92 x 61 mm<br \/>\n\u2022 Proc\u00e9dure de mesure : oscillom\u00e9trique, correspondant \u00e0 la m\u00e9thode de Korotkoff : phase I systolique, phase V diastolique<br \/>\n\u2022 Plage de mesure: 60-255 mmHg \u2013 tension art\u00e9rielle, 40 &#8211; 199 battements par minute\u2013 pouls<br \/>\n\u2022 Plage de pression de gonflage du brassard: 0 &#8211; 299 mmHg<br \/>\n\u2022 R\u00e9solution: 1 mmHg<br \/>\n\u2022 Pr\u00e9cision de la pression statique : pression \u00e0 \u00b1 3 mmHg<br \/>\n\u2022 Pr\u00e9cision du pouls : \u00b1 5 % de la lecture<br \/>\n\u2022 M\u00e9moire : stocke automatiquement les valeurs de les 30 derni\u00e8res mesures.<br \/>\n\u2022 Alimentation : 4 piles 1,5 V ; type AAA\u00a0<br \/>\n\u2022 R\u00e9f\u00e9rence aux normes: EN 1060-1 \/-3 \/-4; IEC 60601-1; IEC 60601-1-2 (EMC); IEC 60601-1-11<br \/>\n\u2022 Garantie : cet appareil est couvert par une garantie de 5 ans \u00e0 compter de la date d\u2019achat. La garantie n\u2019est valide que sur pr\u00e9sentation du coupon appropri\u00e9 rempli avec le nom du d\u00e9taillant, la date d\u2019achat et le re\u00e7u. Le brassard a une garantie de fonctionnement (r\u00e9sistance \u00e0 la pression de la chambre \u00e0 air) pendant 2 ans.<\/p>\n<p><strong>Accessoires<\/strong><br \/>\nBrassards de diff\u00e9rentes tailles, en fonction de la circonf\u00e9rence du bras et il est \u00e9galement possible d\u2019utiliser les brassards pr\u00e9form\u00e9s \u00ab Easy \u00bb, faciles \u00e0 porter et confortables. Brassard 22-42 cm inclus.<br \/>\nPour la mesure du brassard par tour de bras, voir \u00ab\u00a0Accessoires\u00a0\u00bb sur le c\u00f4t\u00e9\u00a0<\/p>\n<p><strong>Entretien du dispositif et du brassard<\/strong><br \/>\nNettoyer l\u2019appareil uniquement avec un chiffon doux et sec. Enlever soigneusement toute salet\u00e9 sur le brassard avec un chiffon imbib\u00e9 d\u2019eau et de savon.<\/p>\n<p><strong>Test de pr\u00e9cision<\/strong><br \/>\nIl est recommand\u00e9 de soumettre le dispositif au test de pr\u00e9cision tous les 2 ans ou apr\u00e8s un choc m\u00e9canique (par exemple, une chute) ; le test est effectu\u00e9 par le fabricant.<\/p>\n<p>Dispositif conforme \u00e0 la directive 93\/42\/CEE sur les produits m\u00e9dicaux 93\/42\/EEC.<br \/>\n\u00a0<\/p>\n","protected":false},"excerpt":{"rendered":"<p>Dispositif m\u00e9dical simple d\u2019utilisation, pr\u00e9cis et fiable pour la mesure de la tension art\u00e9rielle au niveau du bras. Sp\u00e9cifications techniques \u2022 Temp\u00e9rature de fonctionnement : 10 \u2013 40 \u00b0C \/ 50 &#8211; 104 \u00b0F 15 &#8211; 95 % d\u2019humidit\u00e9 relative maximale \u2022 Temp\u00e9rature de stockage: -20 &#8211; +55 \u00b0C \/ -4 &#8211; +131 \u00b0F 15 [&hellip;]<\/p>\n","protected":false},"author":1,"featured_media":17096,"parent":0,"menu_order":60001400,"template":"","meta":{"_acf_changed":false,"footnotes":""},"application-tag":[98,102,68],"class_list":["post-20004","product","type-product","status-publish","has-post-thumbnail","hentry","application-tag-bariatrique","application-tag-diagnostic","application-tag-pediatrique"],"acf":[],"dsm_author":{"name":"admeb26","avatar_url":"https:\/\/meber2026.graphoservice.it\/wp-content\/plugins\/ultimate-member\/assets\/img\/default_avatar.jpg","archive_link":"https:\/\/meber2026.graphoservice.it\/fr\/author\/admeb26\/","biodata":""},"dsm_categories":[],"dsm_attachment_categories":[],"dsm_featured_image":{"thumbnail":"https:\/\/meber2026.graphoservice.it\/wp-content\/uploads\/2026\/02\/Misuratore_pressione-150x150.jpg","medium":"https:\/\/meber2026.graphoservice.it\/wp-content\/uploads\/2026\/02\/Misuratore_pressione-224x300.jpg","medium_large":"https:\/\/meber2026.graphoservice.it\/wp-content\/uploads\/2026\/02\/Misuratore_pressione.jpg","large":"https:\/\/meber2026.graphoservice.it\/wp-content\/uploads\/2026\/02\/Misuratore_pressione.jpg","1536x1536":"https:\/\/meber2026.graphoservice.it\/wp-content\/uploads\/2026\/02\/Misuratore_pressione.jpg","2048x2048":"https:\/\/meber2026.graphoservice.it\/wp-content\/uploads\/2026\/02\/Misuratore_pressione.jpg","et-pb-post-main-image":"https:\/\/meber2026.graphoservice.it\/wp-content\/uploads\/2026\/02\/Misuratore_pressione-400x250.jpg","et-pb-post-main-image-fullwidth":"https:\/\/meber2026.graphoservice.it\/wp-content\/uploads\/2026\/02\/Misuratore_pressione-583x675.jpg","et-pb-portfolio-image":"https:\/\/meber2026.graphoservice.it\/wp-content\/uploads\/2026\/02\/Misuratore_pressione-400x284.jpg","et-pb-portfolio-module-image":"https:\/\/meber2026.graphoservice.it\/wp-content\/uploads\/2026\/02\/Misuratore_pressione-510x382.jpg","et-pb-portfolio-image-single":"https:\/\/meber2026.graphoservice.it\/wp-content\/uploads\/2026\/02\/Misuratore_pressione.jpg","et-pb-gallery-module-image-portrait":"https:\/\/meber2026.graphoservice.it\/wp-content\/uploads\/2026\/02\/Misuratore_pressione-400x516.jpg","et-pb-post-main-image-fullwidth-large":"https:\/\/meber2026.graphoservice.it\/wp-content\/uploads\/2026\/02\/Misuratore_pressione.jpg","et-pb-image--responsive--desktop":"https:\/\/meber2026.graphoservice.it\/wp-content\/uploads\/2026\/02\/Misuratore_pressione.jpg","et-pb-image--responsive--tablet":"https:\/\/meber2026.graphoservice.it\/wp-content\/uploads\/2026\/02\/Misuratore_pressione.jpg","et-pb-image--responsive--phone":"https:\/\/meber2026.graphoservice.it\/wp-content\/uploads\/2026\/02\/Misuratore_pressione-480x642.jpg","full":"https:\/\/meber2026.graphoservice.it\/wp-content\/uploads\/2026\/02\/Misuratore_pressione.jpg"},"yoast_head":"<!-- This site is optimized with the Yoast SEO plugin v27.4 - https:\/\/yoast.com\/product\/yoast-seo-wordpress\/ -->\n<title>B1 CLASSIC 8534<\/title>\n<meta name=\"robots\" content=\"noindex, follow, max-snippet:-1, max-image-preview:large, max-video-preview:-1\" \/>\n<meta property=\"og:locale\" content=\"fr_FR\" \/>\n<meta property=\"og:type\" content=\"article\" \/>\n<meta property=\"og:title\" content=\"B1 CLASSIC 8534\" \/>\n<meta property=\"og:description\" content=\"Dispositif m\u00e9dical simple d\u2019utilisation, pr\u00e9cis et fiable pour la mesure de la tension art\u00e9rielle au niveau du bras. Sp\u00e9cifications techniques \u2022 Temp\u00e9rature de fonctionnement : 10 \u2013 40 \u00b0C \/ 50 &#8211; 104 \u00b0F 15 &#8211; 95 % d\u2019humidit\u00e9 relative maximale \u2022 Temp\u00e9rature de stockage: -20 &#8211; +55 \u00b0C \/ -4 &#8211; +131 \u00b0F 15 [&hellip;]\" \/>\n<meta property=\"og:url\" content=\"https:\/\/meber2026.graphoservice.it\/fr\/product\/b1-classic-8534\/\" \/>\n<meta property=\"og:site_name\" content=\"Me.Ber.\" \/>\n<meta property=\"article:modified_time\" content=\"2026-04-28T15:19:46+00:00\" \/>\n<meta property=\"og:image\" content=\"https:\/\/meber2026.graphoservice.it\/wp-content\/uploads\/2026\/02\/Misuratore_pressione.jpg\" \/>\n\t<meta property=\"og:image:width\" content=\"583\" \/>\n\t<meta property=\"og:image:height\" content=\"780\" \/>\n\t<meta property=\"og:image:type\" content=\"image\/jpeg\" \/>\n<meta name=\"twitter:card\" content=\"summary_large_image\" \/>\n<meta name=\"twitter:label1\" content=\"Dur\u00e9e de lecture estim\u00e9e\" \/>\n\t<meta name=\"twitter:data1\" content=\"2 minutes\" \/>\n<script type=\"application\/ld+json\" class=\"yoast-schema-graph\">{\"@context\":\"https:\\\/\\\/schema.org\",\"@graph\":[{\"@type\":\"WebPage\",\"@id\":\"https:\\\/\\\/meber2026.graphoservice.it\\\/fr\\\/product\\\/b1-classic-8534\\\/\",\"url\":\"https:\\\/\\\/meber2026.graphoservice.it\\\/fr\\\/product\\\/b1-classic-8534\\\/\",\"name\":\"B1 CLASSIC 8534\",\"isPartOf\":{\"@id\":\"https:\\\/\\\/meber2026.graphoservice.it\\\/fr\\\/#website\"},\"primaryImageOfPage\":{\"@id\":\"https:\\\/\\\/meber2026.graphoservice.it\\\/fr\\\/product\\\/b1-classic-8534\\\/#primaryimage\"},\"image\":{\"@id\":\"https:\\\/\\\/meber2026.graphoservice.it\\\/fr\\\/product\\\/b1-classic-8534\\\/#primaryimage\"},\"thumbnailUrl\":\"https:\\\/\\\/meber2026.graphoservice.it\\\/wp-content\\\/uploads\\\/2026\\\/02\\\/Misuratore_pressione.jpg\",\"datePublished\":\"2026-02-10T09:29:37+00:00\",\"dateModified\":\"2026-04-28T15:19:46+00:00\",\"breadcrumb\":{\"@id\":\"https:\\\/\\\/meber2026.graphoservice.it\\\/fr\\\/product\\\/b1-classic-8534\\\/#breadcrumb\"},\"inLanguage\":\"fr-FR\",\"potentialAction\":[{\"@type\":\"ReadAction\",\"target\":[\"https:\\\/\\\/meber2026.graphoservice.it\\\/fr\\\/product\\\/b1-classic-8534\\\/\"]}]},{\"@type\":\"ImageObject\",\"inLanguage\":\"fr-FR\",\"@id\":\"https:\\\/\\\/meber2026.graphoservice.it\\\/fr\\\/product\\\/b1-classic-8534\\\/#primaryimage\",\"url\":\"https:\\\/\\\/meber2026.graphoservice.it\\\/wp-content\\\/uploads\\\/2026\\\/02\\\/Misuratore_pressione.jpg\",\"contentUrl\":\"https:\\\/\\\/meber2026.graphoservice.it\\\/wp-content\\\/uploads\\\/2026\\\/02\\\/Misuratore_pressione.jpg\",\"width\":583,\"height\":780},{\"@type\":\"BreadcrumbList\",\"@id\":\"https:\\\/\\\/meber2026.graphoservice.it\\\/fr\\\/product\\\/b1-classic-8534\\\/#breadcrumb\",\"itemListElement\":[{\"@type\":\"ListItem\",\"position\":1,\"name\":\"Home\",\"item\":\"https:\\\/\\\/meber2026.graphoservice.it\\\/fr\\\/\"},{\"@type\":\"ListItem\",\"position\":2,\"name\":\"B1 CLASSIC 8534\"}]},{\"@type\":\"WebSite\",\"@id\":\"https:\\\/\\\/meber2026.graphoservice.it\\\/fr\\\/#website\",\"url\":\"https:\\\/\\\/meber2026.graphoservice.it\\\/fr\\\/\",\"name\":\"Me.Ber.\",\"description\":\"In Case of Emergerncy\",\"potentialAction\":[{\"@type\":\"SearchAction\",\"target\":{\"@type\":\"EntryPoint\",\"urlTemplate\":\"https:\\\/\\\/meber2026.graphoservice.it\\\/fr\\\/?s={search_term_string}\"},\"query-input\":{\"@type\":\"PropertyValueSpecification\",\"valueRequired\":true,\"valueName\":\"search_term_string\"}}],\"inLanguage\":\"fr-FR\"}]}<\/script>\n<!-- \/ Yoast SEO plugin. -->","yoast_head_json":{"title":"B1 CLASSIC 8534","robots":{"index":"noindex","follow":"follow","max-snippet":"max-snippet:-1","max-image-preview":"max-image-preview:large","max-video-preview":"max-video-preview:-1"},"og_locale":"fr_FR","og_type":"article","og_title":"B1 CLASSIC 8534","og_description":"Dispositif m\u00e9dical simple d\u2019utilisation, pr\u00e9cis et fiable pour la mesure de la tension art\u00e9rielle au niveau du bras. Sp\u00e9cifications techniques \u2022 Temp\u00e9rature de fonctionnement : 10 \u2013 40 \u00b0C \/ 50 &#8211; 104 \u00b0F 15 &#8211; 95 % d\u2019humidit\u00e9 relative maximale \u2022 Temp\u00e9rature de stockage: -20 &#8211; +55 \u00b0C \/ -4 &#8211; +131 \u00b0F 15 [&hellip;]","og_url":"https:\/\/meber2026.graphoservice.it\/fr\/product\/b1-classic-8534\/","og_site_name":"Me.Ber.","article_modified_time":"2026-04-28T15:19:46+00:00","og_image":[{"width":583,"height":780,"url":"https:\/\/meber2026.graphoservice.it\/wp-content\/uploads\/2026\/02\/Misuratore_pressione.jpg","type":"image\/jpeg"}],"twitter_card":"summary_large_image","twitter_misc":{"Dur\u00e9e de lecture estim\u00e9e":"2 minutes"},"schema":{"@context":"https:\/\/schema.org","@graph":[{"@type":"WebPage","@id":"https:\/\/meber2026.graphoservice.it\/fr\/product\/b1-classic-8534\/","url":"https:\/\/meber2026.graphoservice.it\/fr\/product\/b1-classic-8534\/","name":"B1 CLASSIC 8534","isPartOf":{"@id":"https:\/\/meber2026.graphoservice.it\/fr\/#website"},"primaryImageOfPage":{"@id":"https:\/\/meber2026.graphoservice.it\/fr\/product\/b1-classic-8534\/#primaryimage"},"image":{"@id":"https:\/\/meber2026.graphoservice.it\/fr\/product\/b1-classic-8534\/#primaryimage"},"thumbnailUrl":"https:\/\/meber2026.graphoservice.it\/wp-content\/uploads\/2026\/02\/Misuratore_pressione.jpg","datePublished":"2026-02-10T09:29:37+00:00","dateModified":"2026-04-28T15:19:46+00:00","breadcrumb":{"@id":"https:\/\/meber2026.graphoservice.it\/fr\/product\/b1-classic-8534\/#breadcrumb"},"inLanguage":"fr-FR","potentialAction":[{"@type":"ReadAction","target":["https:\/\/meber2026.graphoservice.it\/fr\/product\/b1-classic-8534\/"]}]},{"@type":"ImageObject","inLanguage":"fr-FR","@id":"https:\/\/meber2026.graphoservice.it\/fr\/product\/b1-classic-8534\/#primaryimage","url":"https:\/\/meber2026.graphoservice.it\/wp-content\/uploads\/2026\/02\/Misuratore_pressione.jpg","contentUrl":"https:\/\/meber2026.graphoservice.it\/wp-content\/uploads\/2026\/02\/Misuratore_pressione.jpg","width":583,"height":780},{"@type":"BreadcrumbList","@id":"https:\/\/meber2026.graphoservice.it\/fr\/product\/b1-classic-8534\/#breadcrumb","itemListElement":[{"@type":"ListItem","position":1,"name":"Home","item":"https:\/\/meber2026.graphoservice.it\/fr\/"},{"@type":"ListItem","position":2,"name":"B1 CLASSIC 8534"}]},{"@type":"WebSite","@id":"https:\/\/meber2026.graphoservice.it\/fr\/#website","url":"https:\/\/meber2026.graphoservice.it\/fr\/","name":"Me.Ber.","description":"In Case of Emergerncy","potentialAction":[{"@type":"SearchAction","target":{"@type":"EntryPoint","urlTemplate":"https:\/\/meber2026.graphoservice.it\/fr\/?s={search_term_string}"},"query-input":{"@type":"PropertyValueSpecification","valueRequired":true,"valueName":"search_term_string"}}],"inLanguage":"fr-FR"}]}},"_links":{"self":[{"href":"https:\/\/meber2026.graphoservice.it\/fr\/wp-json\/wp\/v2\/product\/20004","targetHints":{"allow":["GET"]}}],"collection":[{"href":"https:\/\/meber2026.graphoservice.it\/fr\/wp-json\/wp\/v2\/product"}],"about":[{"href":"https:\/\/meber2026.graphoservice.it\/fr\/wp-json\/wp\/v2\/types\/product"}],"author":[{"embeddable":true,"href":"https:\/\/meber2026.graphoservice.it\/fr\/wp-json\/wp\/v2\/users\/1"}],"version-history":[{"count":1,"href":"https:\/\/meber2026.graphoservice.it\/fr\/wp-json\/wp\/v2\/product\/20004\/revisions"}],"predecessor-version":[{"id":29441,"href":"https:\/\/meber2026.graphoservice.it\/fr\/wp-json\/wp\/v2\/product\/20004\/revisions\/29441"}],"wp:featuredmedia":[{"embeddable":true,"href":"https:\/\/meber2026.graphoservice.it\/fr\/wp-json\/wp\/v2\/media\/17096"}],"wp:attachment":[{"href":"https:\/\/meber2026.graphoservice.it\/fr\/wp-json\/wp\/v2\/media?parent=20004"}],"wp:term":[{"taxonomy":"application-tag","embeddable":true,"href":"https:\/\/meber2026.graphoservice.it\/fr\/wp-json\/wp\/v2\/application-tag?post=20004"}],"curies":[{"name":"wp","href":"https:\/\/api.w.org\/{rel}","templated":true}]}}