{"id":19994,"date":"2026-02-10T09:29:36","date_gmt":"2026-02-10T09:29:36","guid":{"rendered":"https:\/\/meber2026.graphoservice.it\/product\/mercury-el-7092-h3-proof\/"},"modified":"2026-02-10T09:29:36","modified_gmt":"2026-02-10T09:29:36","slug":"mercury-el-7092-h3-proof","status":"publish","type":"product","link":"https:\/\/meber2026.graphoservice.it\/fr\/product\/mercury-el-7092-h3-proof\/","title":{"rendered":"Mercury EL 7092\/H3 PROOF"},"content":{"rendered":"<p><a class=\"button icon btn-block\" href=\"https:\/\/www.meber.it\/mercury\/\" style=\"border-radius: 3px;\" target=\"_blank\">Visitez le site web \u00a0Mercury <i class=\"fa fa-chevron-circle-right\">\u00a0<\/i> <\/a><br \/>\n\u00a0<\/p>\n<p style=\"\">Mercury\u00a0EL est le dernier n\u00e9 de la gamme de brancards de chargement automatique\u00a0Me.Ber. Comme tous les mod\u00e8les\u00a0Mercury, il se caract\u00e9rise par une fiabilit\u00e9 et une polyvalence extr\u00eamement \u00e9lev\u00e9es. Mercury\u00a0EL\/H3 est con\u00e7u comme un mod\u00e8le d&#8217;entr\u00e9e de la gamme\u00a0Mercury, mais par rapport aux autres brancards de la s\u00e9rie\u00a0EL, il se caract\u00e9rise par ses 3\u00a0hauteurs variables. [lire la suite]<br \/>\nIl n&#8217;a pas de chariot avant pliant et n&#8217;a pas de version pivotante \u00e0 quatre roues. Mercury\u00a0EL\/H3 est <strong>un excellent choix<\/strong> pour ceux qui souhaitent les m\u00eames caract\u00e9ristiques de qualit\u00e9, mais dans un produit plus <strong>simple et plus abordable<\/strong>.<\/p>\n<p><strong>Cadre Safe-Frame<\/strong><\/p>\n<p>Le cadre du brancard r\u00e9siste \u00e0 de fortes contraintes m\u00e9caniques, Mercury adopte la philosophie de construction Me.Ber.<br \/>\nSafe Frame est compos\u00e9 d&#8217;un seul cadre. Gr\u00e2ce \u00e0 cette mesure importante, la structure est extr\u00eamement rigide et s\u00fbre et ne risque pas de s&#8217;affaiblir.<\/p>\n<p style=\"\">\n<img loading=\"lazy\" decoding=\"async\" alt=\"\" height=\"88\" src=\"http:\/\/www.meber.it\/adm\/Images\/contents\/10G Logo 2019_def.png\" width=\"80\" \/><br \/>\n<strong>Dispositif certifi\u00e9 conform\u00e9ment aux normes de s\u00e9curit\u00e9 europ\u00e9ennes harmonis\u00e9es UNI\u00a0EN\u00a01865 &#8211; UNI\u00a0EN\u00a01789.<\/strong><\/p>\n<p><br type=\"_moz\" \/><br \/>\n<br \/>\n\u00a0<\/p>\n<p>\n<span style=\"font-size:10px;\">*les images ne sont utilis\u00e9es qu&#8217;\u00e0 des fins d&#8217;illustration.<\/span><\/p>\n","protected":false},"excerpt":{"rendered":"<p>Visitez le site web \u00a0Mercury \u00a0 \u00a0 Mercury\u00a0EL est le dernier n\u00e9 de la gamme de brancards de chargement automatique\u00a0Me.Ber. Comme tous les mod\u00e8les\u00a0Mercury, il se caract\u00e9rise par une fiabilit\u00e9 et une polyvalence extr\u00eamement \u00e9lev\u00e9es. Mercury\u00a0EL\/H3 est con\u00e7u comme un mod\u00e8le d&#8217;entr\u00e9e de la gamme\u00a0Mercury, mais par rapport aux autres brancards de la s\u00e9rie\u00a0EL, il [&hellip;]<\/p>\n","protected":false},"author":1,"featured_media":26165,"parent":0,"menu_order":20001100,"template":"","meta":{"_acf_changed":false,"footnotes":""},"application-tag":[],"class_list":["post-19994","product","type-product","status-publish","has-post-thumbnail","hentry"],"acf":[],"dsm_author":{"name":"admeb26","avatar_url":"https:\/\/meber2026.graphoservice.it\/wp-content\/plugins\/ultimate-member\/assets\/img\/default_avatar.jpg","archive_link":"https:\/\/meber2026.graphoservice.it\/fr\/author\/admeb26\/","biodata":""},"dsm_categories":[],"dsm_attachment_categories":[],"dsm_featured_image":{"thumbnail":"https:\/\/meber2026.graphoservice.it\/wp-content\/uploads\/2026\/02\/Mercury-EL_trequarti-dx_DSC0595-150x150.png","medium":"https:\/\/meber2026.graphoservice.it\/wp-content\/uploads\/2026\/02\/Mercury-EL_trequarti-dx_DSC0595-300x300.png","medium_large":"https:\/\/meber2026.graphoservice.it\/wp-content\/uploads\/2026\/02\/Mercury-EL_trequarti-dx_DSC0595-768x768.png","large":"https:\/\/meber2026.graphoservice.it\/wp-content\/uploads\/2026\/02\/Mercury-EL_trequarti-dx_DSC0595-1024x1024.png","1536x1536":"https:\/\/meber2026.graphoservice.it\/wp-content\/uploads\/2026\/02\/Mercury-EL_trequarti-dx_DSC0595-1536x1536.png","2048x2048":"https:\/\/meber2026.graphoservice.it\/wp-content\/uploads\/2026\/02\/Mercury-EL_trequarti-dx_DSC0595.png","et-pb-post-main-image":"https:\/\/meber2026.graphoservice.it\/wp-content\/uploads\/2026\/02\/Mercury-EL_trequarti-dx_DSC0595-400x250.png","et-pb-post-main-image-fullwidth":"https:\/\/meber2026.graphoservice.it\/wp-content\/uploads\/2026\/02\/Mercury-EL_trequarti-dx_DSC0595-1080x675.png","et-pb-portfolio-image":"https:\/\/meber2026.graphoservice.it\/wp-content\/uploads\/2026\/02\/Mercury-EL_trequarti-dx_DSC0595-400x284.png","et-pb-portfolio-module-image":"https:\/\/meber2026.graphoservice.it\/wp-content\/uploads\/2026\/02\/Mercury-EL_trequarti-dx_DSC0595-510x382.png","et-pb-portfolio-image-single":"https:\/\/meber2026.graphoservice.it\/wp-content\/uploads\/2026\/02\/Mercury-EL_trequarti-dx_DSC0595-1080x1080.png","et-pb-gallery-module-image-portrait":"https:\/\/meber2026.graphoservice.it\/wp-content\/uploads\/2026\/02\/Mercury-EL_trequarti-dx_DSC0595-400x516.png","et-pb-post-main-image-fullwidth-large":"https:\/\/meber2026.graphoservice.it\/wp-content\/uploads\/2026\/02\/Mercury-EL_trequarti-dx_DSC0595-2000x1800.png","et-pb-image--responsive--desktop":"https:\/\/meber2026.graphoservice.it\/wp-content\/uploads\/2026\/02\/Mercury-EL_trequarti-dx_DSC0595-1280x1280.png","et-pb-image--responsive--tablet":"https:\/\/meber2026.graphoservice.it\/wp-content\/uploads\/2026\/02\/Mercury-EL_trequarti-dx_DSC0595-980x980.png","et-pb-image--responsive--phone":"https:\/\/meber2026.graphoservice.it\/wp-content\/uploads\/2026\/02\/Mercury-EL_trequarti-dx_DSC0595-480x480.png","full":"https:\/\/meber2026.graphoservice.it\/wp-content\/uploads\/2026\/02\/Mercury-EL_trequarti-dx_DSC0595.png"},"yoast_head":"<!-- This site is optimized with the Yoast SEO plugin v27.4 - https:\/\/yoast.com\/product\/yoast-seo-wordpress\/ -->\n<title>Brancard Mercury 7070 Proof<\/title>\n<meta name=\"description\" content=\"Brancard \u00e0 chargement automatique en acier inoxydable \u00e0 hauteur variable pour ambulances. L\u2019appareil est certifi\u00e9 selon les normes de s\u00e9curit\u00e9 europ\u00e9ennes UNI EN1865 \u2013 UNI EN1789.\" \/>\n<meta name=\"robots\" content=\"noindex, follow, max-snippet:-1, max-image-preview:large, max-video-preview:-1\" \/>\n<meta property=\"og:locale\" content=\"fr_FR\" \/>\n<meta property=\"og:type\" content=\"article\" \/>\n<meta property=\"og:title\" content=\"Brancard Mercury 7070 Proof\" \/>\n<meta property=\"og:description\" content=\"Brancard \u00e0 chargement automatique en acier inoxydable \u00e0 hauteur variable pour ambulances. L\u2019appareil est certifi\u00e9 selon les normes de s\u00e9curit\u00e9 europ\u00e9ennes UNI EN1865 \u2013 UNI EN1789.\" \/>\n<meta property=\"og:url\" content=\"https:\/\/meber2026.graphoservice.it\/fr\/product\/mercury-el-7092-h3-proof\/\" \/>\n<meta property=\"og:site_name\" content=\"Me.Ber.\" \/>\n<meta name=\"twitter:card\" content=\"summary_large_image\" \/>\n<meta name=\"twitter:label1\" content=\"Dur\u00e9e de lecture estim\u00e9e\" \/>\n\t<meta name=\"twitter:data1\" content=\"1 minute\" \/>\n<script type=\"application\/ld+json\" class=\"yoast-schema-graph\">{\"@context\":\"https:\\\/\\\/schema.org\",\"@graph\":[{\"@type\":\"WebPage\",\"@id\":\"https:\\\/\\\/meber2026.graphoservice.it\\\/fr\\\/product\\\/mercury-el-7092-h3-proof\\\/\",\"url\":\"https:\\\/\\\/meber2026.graphoservice.it\\\/fr\\\/product\\\/mercury-el-7092-h3-proof\\\/\",\"name\":\"Brancard Mercury 7070 Proof\",\"isPartOf\":{\"@id\":\"https:\\\/\\\/meber2026.graphoservice.it\\\/fr\\\/#website\"},\"primaryImageOfPage\":{\"@id\":\"https:\\\/\\\/meber2026.graphoservice.it\\\/fr\\\/product\\\/mercury-el-7092-h3-proof\\\/#primaryimage\"},\"image\":{\"@id\":\"https:\\\/\\\/meber2026.graphoservice.it\\\/fr\\\/product\\\/mercury-el-7092-h3-proof\\\/#primaryimage\"},\"thumbnailUrl\":\"https:\\\/\\\/meber2026.graphoservice.it\\\/wp-content\\\/uploads\\\/2026\\\/02\\\/Mercury-EL_trequarti-dx_DSC0595.png\",\"datePublished\":\"2026-02-10T09:29:36+00:00\",\"description\":\"Brancard \u00e0 chargement automatique en acier inoxydable \u00e0 hauteur variable pour ambulances. L\u2019appareil est certifi\u00e9 selon les normes de s\u00e9curit\u00e9 europ\u00e9ennes UNI EN1865 \u2013 UNI EN1789.\",\"breadcrumb\":{\"@id\":\"https:\\\/\\\/meber2026.graphoservice.it\\\/fr\\\/product\\\/mercury-el-7092-h3-proof\\\/#breadcrumb\"},\"inLanguage\":\"fr-FR\",\"potentialAction\":[{\"@type\":\"ReadAction\",\"target\":[\"https:\\\/\\\/meber2026.graphoservice.it\\\/fr\\\/product\\\/mercury-el-7092-h3-proof\\\/\"]}]},{\"@type\":\"ImageObject\",\"inLanguage\":\"fr-FR\",\"@id\":\"https:\\\/\\\/meber2026.graphoservice.it\\\/fr\\\/product\\\/mercury-el-7092-h3-proof\\\/#primaryimage\",\"url\":\"https:\\\/\\\/meber2026.graphoservice.it\\\/wp-content\\\/uploads\\\/2026\\\/02\\\/Mercury-EL_trequarti-dx_DSC0595.png\",\"contentUrl\":\"https:\\\/\\\/meber2026.graphoservice.it\\\/wp-content\\\/uploads\\\/2026\\\/02\\\/Mercury-EL_trequarti-dx_DSC0595.png\",\"width\":2000,\"height\":2000},{\"@type\":\"BreadcrumbList\",\"@id\":\"https:\\\/\\\/meber2026.graphoservice.it\\\/fr\\\/product\\\/mercury-el-7092-h3-proof\\\/#breadcrumb\",\"itemListElement\":[{\"@type\":\"ListItem\",\"position\":1,\"name\":\"Home\",\"item\":\"https:\\\/\\\/meber2026.graphoservice.it\\\/fr\\\/\"},{\"@type\":\"ListItem\",\"position\":2,\"name\":\"Mercury EL 7092\\\/H3 PROOF\"}]},{\"@type\":\"WebSite\",\"@id\":\"https:\\\/\\\/meber2026.graphoservice.it\\\/fr\\\/#website\",\"url\":\"https:\\\/\\\/meber2026.graphoservice.it\\\/fr\\\/\",\"name\":\"Me.Ber.\",\"description\":\"In Case of Emergerncy\",\"potentialAction\":[{\"@type\":\"SearchAction\",\"target\":{\"@type\":\"EntryPoint\",\"urlTemplate\":\"https:\\\/\\\/meber2026.graphoservice.it\\\/fr\\\/?s={search_term_string}\"},\"query-input\":{\"@type\":\"PropertyValueSpecification\",\"valueRequired\":true,\"valueName\":\"search_term_string\"}}],\"inLanguage\":\"fr-FR\"}]}<\/script>\n<!-- \/ Yoast SEO plugin. -->","yoast_head_json":{"title":"Brancard Mercury 7070 Proof","description":"Brancard \u00e0 chargement automatique en acier inoxydable \u00e0 hauteur variable pour ambulances. L\u2019appareil est certifi\u00e9 selon les normes de s\u00e9curit\u00e9 europ\u00e9ennes UNI EN1865 \u2013 UNI EN1789.","robots":{"index":"noindex","follow":"follow","max-snippet":"max-snippet:-1","max-image-preview":"max-image-preview:large","max-video-preview":"max-video-preview:-1"},"og_locale":"fr_FR","og_type":"article","og_title":"Brancard Mercury 7070 Proof","og_description":"Brancard \u00e0 chargement automatique en acier inoxydable \u00e0 hauteur variable pour ambulances. L\u2019appareil est certifi\u00e9 selon les normes de s\u00e9curit\u00e9 europ\u00e9ennes UNI EN1865 \u2013 UNI EN1789.","og_url":"https:\/\/meber2026.graphoservice.it\/fr\/product\/mercury-el-7092-h3-proof\/","og_site_name":"Me.Ber.","twitter_card":"summary_large_image","twitter_misc":{"Dur\u00e9e de lecture estim\u00e9e":"1 minute"},"schema":{"@context":"https:\/\/schema.org","@graph":[{"@type":"WebPage","@id":"https:\/\/meber2026.graphoservice.it\/fr\/product\/mercury-el-7092-h3-proof\/","url":"https:\/\/meber2026.graphoservice.it\/fr\/product\/mercury-el-7092-h3-proof\/","name":"Brancard Mercury 7070 Proof","isPartOf":{"@id":"https:\/\/meber2026.graphoservice.it\/fr\/#website"},"primaryImageOfPage":{"@id":"https:\/\/meber2026.graphoservice.it\/fr\/product\/mercury-el-7092-h3-proof\/#primaryimage"},"image":{"@id":"https:\/\/meber2026.graphoservice.it\/fr\/product\/mercury-el-7092-h3-proof\/#primaryimage"},"thumbnailUrl":"https:\/\/meber2026.graphoservice.it\/wp-content\/uploads\/2026\/02\/Mercury-EL_trequarti-dx_DSC0595.png","datePublished":"2026-02-10T09:29:36+00:00","description":"Brancard \u00e0 chargement automatique en acier inoxydable \u00e0 hauteur variable pour ambulances. L\u2019appareil est certifi\u00e9 selon les normes de s\u00e9curit\u00e9 europ\u00e9ennes UNI EN1865 \u2013 UNI EN1789.","breadcrumb":{"@id":"https:\/\/meber2026.graphoservice.it\/fr\/product\/mercury-el-7092-h3-proof\/#breadcrumb"},"inLanguage":"fr-FR","potentialAction":[{"@type":"ReadAction","target":["https:\/\/meber2026.graphoservice.it\/fr\/product\/mercury-el-7092-h3-proof\/"]}]},{"@type":"ImageObject","inLanguage":"fr-FR","@id":"https:\/\/meber2026.graphoservice.it\/fr\/product\/mercury-el-7092-h3-proof\/#primaryimage","url":"https:\/\/meber2026.graphoservice.it\/wp-content\/uploads\/2026\/02\/Mercury-EL_trequarti-dx_DSC0595.png","contentUrl":"https:\/\/meber2026.graphoservice.it\/wp-content\/uploads\/2026\/02\/Mercury-EL_trequarti-dx_DSC0595.png","width":2000,"height":2000},{"@type":"BreadcrumbList","@id":"https:\/\/meber2026.graphoservice.it\/fr\/product\/mercury-el-7092-h3-proof\/#breadcrumb","itemListElement":[{"@type":"ListItem","position":1,"name":"Home","item":"https:\/\/meber2026.graphoservice.it\/fr\/"},{"@type":"ListItem","position":2,"name":"Mercury EL 7092\/H3 PROOF"}]},{"@type":"WebSite","@id":"https:\/\/meber2026.graphoservice.it\/fr\/#website","url":"https:\/\/meber2026.graphoservice.it\/fr\/","name":"Me.Ber.","description":"In Case of Emergerncy","potentialAction":[{"@type":"SearchAction","target":{"@type":"EntryPoint","urlTemplate":"https:\/\/meber2026.graphoservice.it\/fr\/?s={search_term_string}"},"query-input":{"@type":"PropertyValueSpecification","valueRequired":true,"valueName":"search_term_string"}}],"inLanguage":"fr-FR"}]}},"_links":{"self":[{"href":"https:\/\/meber2026.graphoservice.it\/fr\/wp-json\/wp\/v2\/product\/19994","targetHints":{"allow":["GET"]}}],"collection":[{"href":"https:\/\/meber2026.graphoservice.it\/fr\/wp-json\/wp\/v2\/product"}],"about":[{"href":"https:\/\/meber2026.graphoservice.it\/fr\/wp-json\/wp\/v2\/types\/product"}],"author":[{"embeddable":true,"href":"https:\/\/meber2026.graphoservice.it\/fr\/wp-json\/wp\/v2\/users\/1"}],"version-history":[{"count":0,"href":"https:\/\/meber2026.graphoservice.it\/fr\/wp-json\/wp\/v2\/product\/19994\/revisions"}],"wp:featuredmedia":[{"embeddable":true,"href":"https:\/\/meber2026.graphoservice.it\/fr\/wp-json\/wp\/v2\/media\/26165"}],"wp:attachment":[{"href":"https:\/\/meber2026.graphoservice.it\/fr\/wp-json\/wp\/v2\/media?parent=19994"}],"wp:term":[{"taxonomy":"application-tag","embeddable":true,"href":"https:\/\/meber2026.graphoservice.it\/fr\/wp-json\/wp\/v2\/application-tag?post=19994"}],"curies":[{"name":"wp","href":"https:\/\/api.w.org\/{rel}","templated":true}]}}