{"id":19989,"date":"2026-02-10T09:29:35","date_gmt":"2026-02-10T09:29:35","guid":{"rendered":"https:\/\/meber2026.graphoservice.it\/product\/1366-2\/"},"modified":"2026-02-10T09:29:36","modified_gmt":"2026-02-10T09:29:36","slug":"1366-2","status":"publish","type":"product","link":"https:\/\/meber2026.graphoservice.it\/fr\/product\/1366-2\/","title":{"rendered":"1366"},"content":{"rendered":"<p>Sac \u00e0 dos en cordura rouge ind\u00e9chirable, avec double couture, bandes r\u00e9fl\u00e9chissantes, bretelles renforc\u00e9es et fermetures \u00e9clair robustes de 10 mm. Il est \u00e9quip\u00e9 d\u2019un grand compartiment \u00e0 ouverture frontale, \u00e0 l\u2019int\u00e9rieur duquel se trouvent quatre poches en filet pour un rangement rationnel des appareils et la possibilit\u00e9 de fixer la bouteille de 2 litres. Les deux grandes sections lat\u00e9rales ouvrantes contiennent quatre sacs de couleurs diff\u00e9rentes, permettant d\u2019identifier rapidement les diff\u00e9rents kits. Fond \u00e9tanche en PVC.<\/p>\n<p><strong>Dimensions (LxHxP): 44x56x26 cm<\/strong><\/p>\n<p>\nDans cette version (1366), le sac \u00e0 dos est fourni complet avec :<br \/>\n\u00a0<\/p>\n<p>\u00a0<\/p>\n<table border=\"0\" cellpadding=\"0\" cellspacing=\"0\" class=\"table table-bordered table-striped\">\n<tbody>\n<tr>\n<th colspan=\"3\">CORPS CENTRAL<\/th>\n<\/tr>\n<tr>\n<td>N\u00b0<\/td>\n<td>Description<\/td>\n<td>\u00a0<\/td>\n<\/tr>\n<tr>\n<td colspan=\"3\">Mat\u00e9riel de r\u00e9animation cardio-pulmonaire<\/td>\n<\/tr>\n<tr>\n<td>1<\/td>\n<td>Insufflateur silicone adulte Art. 1274<\/td>\n<td>\u00a0<\/td>\n<\/tr>\n<tr>\n<td>1<\/td>\n<td>Ensemble complet de masques faciaux pour ballon auto-expansible (5 tailles) (Artt.2401, 2402, 2403, 2404, 2405)<\/td>\n<td>\u00a0<\/td>\n<\/tr>\n<tr>\n<td>1<\/td>\n<td>R\u00e9servoir pour ballon auto-expansible (Art. 1233)<\/td>\n<td>\u00a0<\/td>\n<\/tr>\n<tr>\n<td>1<\/td>\n<td>Tube anti-\u00e9crasement pour ballons \u00e0 embo\u00eetement FF<\/td>\n<td>\u00a0<\/td>\n<\/tr>\n<tr>\n<td>1<\/td>\n<td>Set complet\u00a0; toutes tailles de sondes orotrach\u00e9ales (6 tailles) Artt. 1409, 1410, 1411, 1412, 1413, 1414<\/td>\n<td>\u00a0<\/td>\n<\/tr>\n<tr>\n<td>1<\/td>\n<td>Masques pour oxyg\u00e9noth\u00e9rapie \u00e0 haut d\u00e9bit avec r\u00e9servoir et tubulure de raccordement (ART. 1055)<\/td>\n<td>\u00a0<\/td>\n<\/tr>\n<tr>\n<td>1<\/td>\n<td>Masque de poche pour ventilation syst\u00e8me \u00ab bouche-masque \u00bb Art. 1080<\/td>\n<td>\u00a0<\/td>\n<\/tr>\n<tr>\n<td>1<\/td>\n<td>Aspirateur manuel pour s\u00e9cr\u00e9tions (Art. 11064)<\/td>\n<td>\u00a0<\/td>\n<\/tr>\n<tr>\n<td colspan=\"3\">Mat\u00e9riel divers<\/td>\n<\/tr>\n<tr>\n<td>2<\/td>\n<td>Solution physiologique non injectable de 500 ml avec anneau\u00a0<\/td>\n<td>\u00a0<\/td>\n<\/tr>\n<tr>\n<td>2<\/td>\n<td>Ciseaux de type Robin (pour couper les v\u00eatements) (Art. 1980)<\/td>\n<td>\u00a0<\/td>\n<\/tr>\n<tr>\n<td>1<\/td>\n<td>Collier cervical r\u00e9glable pour adultes (Art. 836)<\/td>\n<td>\u00a0<\/td>\n<\/tr>\n<tr>\n<td>1<\/td>\n<td>Collier cervical p\u00e9diatrique r\u00e9glable (Art. 837)<\/td>\n<td>\u00a0<\/td>\n<\/tr>\n<tr>\n<td>2<\/td>\n<td>Champ de pansement st\u00e9rile 60&#215;80 \u00e9galement adapt\u00e9 aux br\u00fblures<\/td>\n<td>\u00a0<\/td>\n<\/tr>\n<tr>\n<td colspan=\"3\">Mat\u00e9riel d\u2019autoprotection<\/td>\n<\/tr>\n<tr>\n<td>1<\/td>\n<td>Gants en nitrile bleu sans poudre taille XL (Art. 1945) bo\u00eete de 100 pcs<\/td>\n<td>\n\t\t\t\u00a0<\/td>\n<\/tr>\n<tr>\n<td>2<\/td>\n<td>Lunettes de protection\u00a0(Art. 11354)<\/td>\n<td>\u00a0<\/td>\n<\/tr>\n<\/tbody>\n<\/table>\n<p>\u00a0<\/p>\n<table border=\"0\" cellpadding=\"0\" cellspacing=\"0\" class=\"table table-bordered table-striped\">\n<tbody>\n<tr>\n<th colspan=\"3\">CORPS LAT\u00c9RAL DROIT<\/th>\n<\/tr>\n<tr>\n<td>N\u00b0<\/td>\n<td>Description<\/td>\n<td>\u00a0<\/td>\n<\/tr>\n<tr>\n<td>\u00a0<\/td>\n<td>SAC BLEU (mat\u00e9riel de pansement)<\/td>\n<td>\u00a0<\/td>\n<\/tr>\n<tr>\n<td>1<\/td>\n<td>Flacon de 125 ml de solution cutan\u00e9e de povidone iod\u00e9e<\/td>\n<td>\u00a0<\/td>\n<\/tr>\n<tr>\n<td>10<\/td>\n<td>2 compresses de gaze 8 couches st\u00e9riles 10 x 10 cm<\/td>\n<td>\u00a0<\/td>\n<\/tr>\n<tr>\n<td>2<\/td>\n<td>compresses de gaze hydrophile st\u00e9riles 18 x 40 cm<\/td>\n<td>\u00a0<\/td>\n<\/tr>\n<tr>\n<td>1<\/td>\n<td>Paquet de pansements m\u00e9dicaux 40 pcs tailles assorties<\/td>\n<td>\u00a0<\/td>\n<\/tr>\n<tr>\n<td>1<\/td>\n<td>Patch en soie en rouleau 9,14 m x 2,5 cm<\/td>\n<td>\u00a0<\/td>\n<\/tr>\n<tr>\n<td>2<\/td>\n<td>Bandage ourl\u00e9 10 cm<\/td>\n<td>\u00a0<\/td>\n<\/tr>\n<tr>\n<td>1<\/td>\n<td>pince \u00e0 \u00e9piler en nylon st\u00e9rile 8 cm<\/td>\n<td>\u00a0<\/td>\n<\/tr>\n<tr>\n<td>\u00a0<\/td>\n<td>SAC VERT<\/td>\n<td>\u00a0<\/td>\n<\/tr>\n<tr>\n<td>2<\/td>\n<td>Couverture isotherme or\/argent 160 x 220 avec emballage et feuille s\u00e9rigraphi\u00e9e\u00a0(Art. 1770)<\/td>\n<td>\u00a0<\/td>\n<\/tr>\n<tr>\n<td>2<\/td>\n<td>Poche de glace instantan\u00e9e en PVC\u00a0(Art. 1910)<\/td>\n<td>\u00a0<\/td>\n<\/tr>\n<tr>\n<td>1<\/td>\n<td>Pansement st\u00e9rile 60 x 80 cm, \u00e9galement pour les br\u00fblures<\/td>\n<td>\u00a0<\/td>\n<\/tr>\n<\/tbody>\n<\/table>\n<p>\u00a0<\/p>\n<table border=\"0\" cellpadding=\"0\" cellspacing=\"0\" class=\"table table-bordered table-striped\">\n<colgroup>\n\t<\/colgroup>\n<tbody>\n<tr>\n<th colspan=\"3\">CORPS LAT\u00c9RAL GAUCHE<\/th>\n<\/tr>\n<tr>\n<td>N\u00b0<\/td>\n<td>Description<\/td>\n<td>\u00a0<\/td>\n<\/tr>\n<tr>\n<td>\u00a0<\/td>\n<td>SAC ROUGE (h\u00e9mostase et pression)<\/td>\n<td>\u00a0<\/td>\n<\/tr>\n<tr>\n<td>1<\/td>\n<td>Thermom\u00e8tre num\u00e9rique\u00a0<\/td>\n<td>\u00a0<\/td>\n<\/tr>\n<tr>\n<td>1<\/td>\n<td>Tensiom\u00e8tre an\u00e9ro\u00efde \u00e0 main en mati\u00e8re antichoc (Art. 8004)<\/td>\n<td>\u00a0<\/td>\n<\/tr>\n<tr>\n<td>1<\/td>\n<td>St\u00e9thoscope \u00e0 tube plat rouge (Art. 8020\/R)<\/td>\n<td>\u00a0<\/td>\n<\/tr>\n<tr>\n<td>2<\/td>\n<td>Pansement h\u00e9mostatique<\/td>\n<td>\u00a0<\/td>\n<\/tr>\n<tr>\n<td>3<\/td>\n<td>Garrot r\u00e9glable (Art. 1960)<\/td>\n<td>\u00a0<\/td>\n<\/tr>\n<\/tbody>\n<\/table>\n<p>\u00a0<\/p>\n<table border=\"0\" cellpadding=\"0\" cellspacing=\"0\" class=\"table table-bordered table-striped\">\n<tbody>\n<tr>\n<th colspan=\"3\">SAC JAUNE<\/th>\n<\/tr>\n<tr>\n<td>N\u00b0<\/td>\n<td>Description<\/td>\n<td>\u00a0<\/td>\n<\/tr>\n<tr>\n<td>1<\/td>\n<td>Proc\u00e9dures op\u00e9ratoires normalis\u00e9es approuv\u00e9es par le bureau de sant\u00e9 VVF du cours TPSS<\/td>\n<td>\u00a0<\/td>\n<\/tr>\n<tr>\n<td>1<\/td>\n<td>Sac de collecte de d\u00e9collement traumatique de pi\u00e8ces anatomiques (petite taille)<\/td>\n<td>\u00a0<\/td>\n<\/tr>\n<tr>\n<td>1<\/td>\n<td>\u00c9tui rouge pour sac \u00e0 dos (Art.1354-001)<\/td>\n<td>\u00a0<\/td>\n<\/tr>\n<tr>\n<td>2<\/td>\n<td>Sac \u00e0 vomi\/poubelle<\/td>\n<td>\u00a0<\/td>\n<\/tr>\n<\/tbody>\n<\/table>\n<p>\u00a0<\/p>\n","protected":false},"excerpt":{"rendered":"<p>Sac \u00e0 dos en cordura rouge ind\u00e9chirable, avec double couture, bandes r\u00e9fl\u00e9chissantes, bretelles renforc\u00e9es et fermetures \u00e9clair robustes de 10 mm. Il est \u00e9quip\u00e9 d\u2019un grand compartiment \u00e0 ouverture frontale, \u00e0 l\u2019int\u00e9rieur duquel se trouvent quatre poches en filet pour un rangement rationnel des appareils et la possibilit\u00e9 de fixer la bouteille de 2 litres. [&hellip;]<\/p>\n","protected":false},"author":1,"featured_media":15480,"parent":0,"menu_order":80001200,"template":"","meta":{"_acf_changed":false,"footnotes":""},"application-tag":[95],"class_list":["post-19989","product","type-product","status-publish","has-post-thumbnail","hentry","application-tag-materiel-de-premiers-secours"],"acf":[],"dsm_author":{"name":"admeb26","avatar_url":"https:\/\/meber2026.graphoservice.it\/wp-content\/plugins\/ultimate-member\/assets\/img\/default_avatar.jpg","archive_link":"https:\/\/meber2026.graphoservice.it\/fr\/author\/admeb26\/","biodata":""},"dsm_categories":[],"dsm_attachment_categories":[],"dsm_featured_image":{"thumbnail":"https:\/\/meber2026.graphoservice.it\/wp-content\/uploads\/2026\/02\/1354-zaino_chiuso-150x150.jpg","medium":"https:\/\/meber2026.graphoservice.it\/wp-content\/uploads\/2026\/02\/1354-zaino_chiuso-256x300.jpg","medium_large":"https:\/\/meber2026.graphoservice.it\/wp-content\/uploads\/2026\/02\/1354-zaino_chiuso.jpg","large":"https:\/\/meber2026.graphoservice.it\/wp-content\/uploads\/2026\/02\/1354-zaino_chiuso.jpg","1536x1536":"https:\/\/meber2026.graphoservice.it\/wp-content\/uploads\/2026\/02\/1354-zaino_chiuso.jpg","2048x2048":"https:\/\/meber2026.graphoservice.it\/wp-content\/uploads\/2026\/02\/1354-zaino_chiuso.jpg","et-pb-post-main-image":"https:\/\/meber2026.graphoservice.it\/wp-content\/uploads\/2026\/02\/1354-zaino_chiuso-400x250.jpg","et-pb-post-main-image-fullwidth":"https:\/\/meber2026.graphoservice.it\/wp-content\/uploads\/2026\/02\/1354-zaino_chiuso-666x675.jpg","et-pb-portfolio-image":"https:\/\/meber2026.graphoservice.it\/wp-content\/uploads\/2026\/02\/1354-zaino_chiuso-400x284.jpg","et-pb-portfolio-module-image":"https:\/\/meber2026.graphoservice.it\/wp-content\/uploads\/2026\/02\/1354-zaino_chiuso-510x382.jpg","et-pb-portfolio-image-single":"https:\/\/meber2026.graphoservice.it\/wp-content\/uploads\/2026\/02\/1354-zaino_chiuso.jpg","et-pb-gallery-module-image-portrait":"https:\/\/meber2026.graphoservice.it\/wp-content\/uploads\/2026\/02\/1354-zaino_chiuso-400x516.jpg","et-pb-post-main-image-fullwidth-large":"https:\/\/meber2026.graphoservice.it\/wp-content\/uploads\/2026\/02\/1354-zaino_chiuso.jpg","et-pb-image--responsive--desktop":"https:\/\/meber2026.graphoservice.it\/wp-content\/uploads\/2026\/02\/1354-zaino_chiuso.jpg","et-pb-image--responsive--tablet":"https:\/\/meber2026.graphoservice.it\/wp-content\/uploads\/2026\/02\/1354-zaino_chiuso.jpg","et-pb-image--responsive--phone":"https:\/\/meber2026.graphoservice.it\/wp-content\/uploads\/2026\/02\/1354-zaino_chiuso-480x562.jpg","full":"https:\/\/meber2026.graphoservice.it\/wp-content\/uploads\/2026\/02\/1354-zaino_chiuso.jpg"},"yoast_head":"<!-- This site is optimized with the Yoast SEO plugin v27.4 - https:\/\/yoast.com\/product\/yoast-seo-wordpress\/ -->\n<title>1366<\/title>\n<meta name=\"robots\" content=\"noindex, follow, max-snippet:-1, max-image-preview:large, max-video-preview:-1\" \/>\n<meta property=\"og:locale\" content=\"fr_FR\" \/>\n<meta property=\"og:type\" content=\"article\" \/>\n<meta property=\"og:title\" content=\"1366\" \/>\n<meta property=\"og:description\" content=\"Sac \u00e0 dos en cordura rouge ind\u00e9chirable, avec double couture, bandes r\u00e9fl\u00e9chissantes, bretelles renforc\u00e9es et fermetures \u00e9clair robustes de 10 mm. Il est \u00e9quip\u00e9 d\u2019un grand compartiment \u00e0 ouverture frontale, \u00e0 l\u2019int\u00e9rieur duquel se trouvent quatre poches en filet pour un rangement rationnel des appareils et la possibilit\u00e9 de fixer la bouteille de 2 litres. [&hellip;]\" \/>\n<meta property=\"og:url\" content=\"https:\/\/meber2026.graphoservice.it\/fr\/product\/1366-2\/\" \/>\n<meta property=\"og:site_name\" content=\"Me.Ber.\" \/>\n<meta property=\"article:modified_time\" content=\"2026-02-10T09:29:36+00:00\" \/>\n<meta name=\"twitter:card\" content=\"summary_large_image\" \/>\n<meta name=\"twitter:label1\" content=\"Dur\u00e9e de lecture estim\u00e9e\" \/>\n\t<meta name=\"twitter:data1\" content=\"2 minutes\" \/>\n<script type=\"application\/ld+json\" class=\"yoast-schema-graph\">{\"@context\":\"https:\\\/\\\/schema.org\",\"@graph\":[{\"@type\":\"WebPage\",\"@id\":\"https:\\\/\\\/meber2026.graphoservice.it\\\/fr\\\/product\\\/1366-2\\\/\",\"url\":\"https:\\\/\\\/meber2026.graphoservice.it\\\/fr\\\/product\\\/1366-2\\\/\",\"name\":\"1366\",\"isPartOf\":{\"@id\":\"https:\\\/\\\/meber2026.graphoservice.it\\\/fr\\\/#website\"},\"primaryImageOfPage\":{\"@id\":\"https:\\\/\\\/meber2026.graphoservice.it\\\/fr\\\/product\\\/1366-2\\\/#primaryimage\"},\"image\":{\"@id\":\"https:\\\/\\\/meber2026.graphoservice.it\\\/fr\\\/product\\\/1366-2\\\/#primaryimage\"},\"thumbnailUrl\":\"https:\\\/\\\/meber2026.graphoservice.it\\\/wp-content\\\/uploads\\\/2026\\\/02\\\/1354-zaino_chiuso.jpg\",\"datePublished\":\"2026-02-10T09:29:35+00:00\",\"dateModified\":\"2026-02-10T09:29:36+00:00\",\"breadcrumb\":{\"@id\":\"https:\\\/\\\/meber2026.graphoservice.it\\\/fr\\\/product\\\/1366-2\\\/#breadcrumb\"},\"inLanguage\":\"fr-FR\",\"potentialAction\":[{\"@type\":\"ReadAction\",\"target\":[\"https:\\\/\\\/meber2026.graphoservice.it\\\/fr\\\/product\\\/1366-2\\\/\"]}]},{\"@type\":\"ImageObject\",\"inLanguage\":\"fr-FR\",\"@id\":\"https:\\\/\\\/meber2026.graphoservice.it\\\/fr\\\/product\\\/1366-2\\\/#primaryimage\",\"url\":\"https:\\\/\\\/meber2026.graphoservice.it\\\/wp-content\\\/uploads\\\/2026\\\/02\\\/1354-zaino_chiuso.jpg\",\"contentUrl\":\"https:\\\/\\\/meber2026.graphoservice.it\\\/wp-content\\\/uploads\\\/2026\\\/02\\\/1354-zaino_chiuso.jpg\",\"width\":666,\"height\":780},{\"@type\":\"BreadcrumbList\",\"@id\":\"https:\\\/\\\/meber2026.graphoservice.it\\\/fr\\\/product\\\/1366-2\\\/#breadcrumb\",\"itemListElement\":[{\"@type\":\"ListItem\",\"position\":1,\"name\":\"Home\",\"item\":\"https:\\\/\\\/meber2026.graphoservice.it\\\/fr\\\/\"},{\"@type\":\"ListItem\",\"position\":2,\"name\":\"1366\"}]},{\"@type\":\"WebSite\",\"@id\":\"https:\\\/\\\/meber2026.graphoservice.it\\\/fr\\\/#website\",\"url\":\"https:\\\/\\\/meber2026.graphoservice.it\\\/fr\\\/\",\"name\":\"Me.Ber.\",\"description\":\"In Case of Emergerncy\",\"potentialAction\":[{\"@type\":\"SearchAction\",\"target\":{\"@type\":\"EntryPoint\",\"urlTemplate\":\"https:\\\/\\\/meber2026.graphoservice.it\\\/fr\\\/?s={search_term_string}\"},\"query-input\":{\"@type\":\"PropertyValueSpecification\",\"valueRequired\":true,\"valueName\":\"search_term_string\"}}],\"inLanguage\":\"fr-FR\"}]}<\/script>\n<!-- \/ Yoast SEO plugin. -->","yoast_head_json":{"title":"1366","robots":{"index":"noindex","follow":"follow","max-snippet":"max-snippet:-1","max-image-preview":"max-image-preview:large","max-video-preview":"max-video-preview:-1"},"og_locale":"fr_FR","og_type":"article","og_title":"1366","og_description":"Sac \u00e0 dos en cordura rouge ind\u00e9chirable, avec double couture, bandes r\u00e9fl\u00e9chissantes, bretelles renforc\u00e9es et fermetures \u00e9clair robustes de 10 mm. Il est \u00e9quip\u00e9 d\u2019un grand compartiment \u00e0 ouverture frontale, \u00e0 l\u2019int\u00e9rieur duquel se trouvent quatre poches en filet pour un rangement rationnel des appareils et la possibilit\u00e9 de fixer la bouteille de 2 litres. [&hellip;]","og_url":"https:\/\/meber2026.graphoservice.it\/fr\/product\/1366-2\/","og_site_name":"Me.Ber.","article_modified_time":"2026-02-10T09:29:36+00:00","twitter_card":"summary_large_image","twitter_misc":{"Dur\u00e9e de lecture estim\u00e9e":"2 minutes"},"schema":{"@context":"https:\/\/schema.org","@graph":[{"@type":"WebPage","@id":"https:\/\/meber2026.graphoservice.it\/fr\/product\/1366-2\/","url":"https:\/\/meber2026.graphoservice.it\/fr\/product\/1366-2\/","name":"1366","isPartOf":{"@id":"https:\/\/meber2026.graphoservice.it\/fr\/#website"},"primaryImageOfPage":{"@id":"https:\/\/meber2026.graphoservice.it\/fr\/product\/1366-2\/#primaryimage"},"image":{"@id":"https:\/\/meber2026.graphoservice.it\/fr\/product\/1366-2\/#primaryimage"},"thumbnailUrl":"https:\/\/meber2026.graphoservice.it\/wp-content\/uploads\/2026\/02\/1354-zaino_chiuso.jpg","datePublished":"2026-02-10T09:29:35+00:00","dateModified":"2026-02-10T09:29:36+00:00","breadcrumb":{"@id":"https:\/\/meber2026.graphoservice.it\/fr\/product\/1366-2\/#breadcrumb"},"inLanguage":"fr-FR","potentialAction":[{"@type":"ReadAction","target":["https:\/\/meber2026.graphoservice.it\/fr\/product\/1366-2\/"]}]},{"@type":"ImageObject","inLanguage":"fr-FR","@id":"https:\/\/meber2026.graphoservice.it\/fr\/product\/1366-2\/#primaryimage","url":"https:\/\/meber2026.graphoservice.it\/wp-content\/uploads\/2026\/02\/1354-zaino_chiuso.jpg","contentUrl":"https:\/\/meber2026.graphoservice.it\/wp-content\/uploads\/2026\/02\/1354-zaino_chiuso.jpg","width":666,"height":780},{"@type":"BreadcrumbList","@id":"https:\/\/meber2026.graphoservice.it\/fr\/product\/1366-2\/#breadcrumb","itemListElement":[{"@type":"ListItem","position":1,"name":"Home","item":"https:\/\/meber2026.graphoservice.it\/fr\/"},{"@type":"ListItem","position":2,"name":"1366"}]},{"@type":"WebSite","@id":"https:\/\/meber2026.graphoservice.it\/fr\/#website","url":"https:\/\/meber2026.graphoservice.it\/fr\/","name":"Me.Ber.","description":"In Case of Emergerncy","potentialAction":[{"@type":"SearchAction","target":{"@type":"EntryPoint","urlTemplate":"https:\/\/meber2026.graphoservice.it\/fr\/?s={search_term_string}"},"query-input":{"@type":"PropertyValueSpecification","valueRequired":true,"valueName":"search_term_string"}}],"inLanguage":"fr-FR"}]}},"_links":{"self":[{"href":"https:\/\/meber2026.graphoservice.it\/fr\/wp-json\/wp\/v2\/product\/19989","targetHints":{"allow":["GET"]}}],"collection":[{"href":"https:\/\/meber2026.graphoservice.it\/fr\/wp-json\/wp\/v2\/product"}],"about":[{"href":"https:\/\/meber2026.graphoservice.it\/fr\/wp-json\/wp\/v2\/types\/product"}],"author":[{"embeddable":true,"href":"https:\/\/meber2026.graphoservice.it\/fr\/wp-json\/wp\/v2\/users\/1"}],"version-history":[{"count":0,"href":"https:\/\/meber2026.graphoservice.it\/fr\/wp-json\/wp\/v2\/product\/19989\/revisions"}],"wp:featuredmedia":[{"embeddable":true,"href":"https:\/\/meber2026.graphoservice.it\/fr\/wp-json\/wp\/v2\/media\/15480"}],"wp:attachment":[{"href":"https:\/\/meber2026.graphoservice.it\/fr\/wp-json\/wp\/v2\/media?parent=19989"}],"wp:term":[{"taxonomy":"application-tag","embeddable":true,"href":"https:\/\/meber2026.graphoservice.it\/fr\/wp-json\/wp\/v2\/application-tag?post=19989"}],"curies":[{"name":"wp","href":"https:\/\/api.w.org\/{rel}","templated":true}]}}