{"id":19984,"date":"2026-02-10T09:29:35","date_gmt":"2026-02-10T09:29:35","guid":{"rendered":"https:\/\/meber2026.graphoservice.it\/product\/19170-2\/"},"modified":"2026-02-10T09:29:35","modified_gmt":"2026-02-10T09:29:35","slug":"19170-2","status":"publish","type":"product","link":"https:\/\/meber2026.graphoservice.it\/fr\/product\/19170-2\/","title":{"rendered":"19170"},"content":{"rendered":"<p>Hercules est le nouveau support de brancard pour le chargement et d\u00e9chargement \u00e0 assistance \u00e9lectrique. Des capteurs de\u00a0positionnement int\u00e9gr\u00e9s et une petite commande manuelle rendent Hercules s\u00fbr et facile \u00e0 utiliser. Le chargement s\u2019effectue par<br \/>\nl\u2019interm\u00e9diaire d\u2019une courroie \u00e0 connexion rapide, entra\u00een\u00e9e par un moteur coaxial int\u00e9gr\u00e9 \u00e0 la plateforme. Aucun encombrement hors de\u00a0la plateforme. \u00c9quip\u00e9 d\u2019un double syst\u00e8me de protection de l\u2019utilisateur pour garantir une s\u00e9curit\u00e9 maximale lors du chargement et du\u00a0d\u00e9chargement.\u00a0 Dot\u00e9 d\u2019abattant de 180 mm et fixation 955.\u00a0Le compartiment situ\u00e9 en dessous peut accueillir \u00e0 la fois un brancard cuill\u00e8re et une planche dorsale, malgr\u00e9 une hauteur abaiss\u00e9e de 40\u00a0mm par rapport au support MTX-2. Certifi\u00e9 EN1789. Translation 300 mm<\/p>\n","protected":false},"excerpt":{"rendered":"<p>Hercules est le nouveau support de brancard pour le chargement et d\u00e9chargement \u00e0 assistance \u00e9lectrique. Des capteurs de\u00a0positionnement int\u00e9gr\u00e9s et une petite commande manuelle rendent Hercules s\u00fbr et facile \u00e0 utiliser. Le chargement s\u2019effectue par l\u2019interm\u00e9diaire d\u2019une courroie \u00e0 connexion rapide, entra\u00een\u00e9e par un moteur coaxial int\u00e9gr\u00e9 \u00e0 la plateforme. Aucun encombrement hors de\u00a0la plateforme. [&hellip;]<\/p>\n","protected":false},"author":1,"featured_media":17068,"parent":0,"menu_order":1100001700,"template":"","meta":{"_acf_changed":false,"footnotes":""},"application-tag":[98,65,86],"class_list":["post-19984","product","type-product","status-publish","has-post-thumbnail","hentry","application-tag-bariatrique","application-tag-certifie-10g","application-tag-supporti"],"acf":[],"dsm_author":{"name":"admeb26","avatar_url":"https:\/\/meber2026.graphoservice.it\/wp-content\/plugins\/ultimate-member\/assets\/img\/default_avatar.jpg","archive_link":"https:\/\/meber2026.graphoservice.it\/fr\/author\/admeb26\/","biodata":""},"dsm_categories":[],"dsm_attachment_categories":[],"dsm_featured_image":{"thumbnail":"https:\/\/meber2026.graphoservice.it\/wp-content\/uploads\/2026\/02\/Supporto_Hercules-150x150.jpg","medium":"https:\/\/meber2026.graphoservice.it\/wp-content\/uploads\/2026\/02\/Supporto_Hercules-300x234.jpg","medium_large":"https:\/\/meber2026.graphoservice.it\/wp-content\/uploads\/2026\/02\/Supporto_Hercules.jpg","large":"https:\/\/meber2026.graphoservice.it\/wp-content\/uploads\/2026\/02\/Supporto_Hercules.jpg","1536x1536":"https:\/\/meber2026.graphoservice.it\/wp-content\/uploads\/2026\/02\/Supporto_Hercules.jpg","2048x2048":"https:\/\/meber2026.graphoservice.it\/wp-content\/uploads\/2026\/02\/Supporto_Hercules.jpg","et-pb-post-main-image":"https:\/\/meber2026.graphoservice.it\/wp-content\/uploads\/2026\/02\/Supporto_Hercules-400x250.jpg","et-pb-post-main-image-fullwidth":"https:\/\/meber2026.graphoservice.it\/wp-content\/uploads\/2026\/02\/Supporto_Hercules.jpg","et-pb-portfolio-image":"https:\/\/meber2026.graphoservice.it\/wp-content\/uploads\/2026\/02\/Supporto_Hercules-400x284.jpg","et-pb-portfolio-module-image":"https:\/\/meber2026.graphoservice.it\/wp-content\/uploads\/2026\/02\/Supporto_Hercules-510x382.jpg","et-pb-portfolio-image-single":"https:\/\/meber2026.graphoservice.it\/wp-content\/uploads\/2026\/02\/Supporto_Hercules.jpg","et-pb-gallery-module-image-portrait":"https:\/\/meber2026.graphoservice.it\/wp-content\/uploads\/2026\/02\/Supporto_Hercules-400x516.jpg","et-pb-post-main-image-fullwidth-large":"https:\/\/meber2026.graphoservice.it\/wp-content\/uploads\/2026\/02\/Supporto_Hercules.jpg","et-pb-image--responsive--desktop":"https:\/\/meber2026.graphoservice.it\/wp-content\/uploads\/2026\/02\/Supporto_Hercules.jpg","et-pb-image--responsive--tablet":"https:\/\/meber2026.graphoservice.it\/wp-content\/uploads\/2026\/02\/Supporto_Hercules.jpg","et-pb-image--responsive--phone":"https:\/\/meber2026.graphoservice.it\/wp-content\/uploads\/2026\/02\/Supporto_Hercules-480x374.jpg","full":"https:\/\/meber2026.graphoservice.it\/wp-content\/uploads\/2026\/02\/Supporto_Hercules.jpg"},"yoast_head":"<!-- This site is optimized with the Yoast SEO plugin v27.4 - https:\/\/yoast.com\/product\/yoast-seo-wordpress\/ -->\n<title>19170<\/title>\n<meta name=\"robots\" content=\"noindex, follow, max-snippet:-1, max-image-preview:large, max-video-preview:-1\" \/>\n<meta property=\"og:locale\" content=\"fr_FR\" \/>\n<meta property=\"og:type\" content=\"article\" \/>\n<meta property=\"og:title\" content=\"19170\" \/>\n<meta property=\"og:description\" content=\"Hercules est le nouveau support de brancard pour le chargement et d\u00e9chargement \u00e0 assistance \u00e9lectrique. Des capteurs de\u00a0positionnement int\u00e9gr\u00e9s et une petite commande manuelle rendent Hercules s\u00fbr et facile \u00e0 utiliser. Le chargement s\u2019effectue par l\u2019interm\u00e9diaire d\u2019une courroie \u00e0 connexion rapide, entra\u00een\u00e9e par un moteur coaxial int\u00e9gr\u00e9 \u00e0 la plateforme. Aucun encombrement hors de\u00a0la plateforme. [&hellip;]\" \/>\n<meta property=\"og:url\" content=\"https:\/\/meber2026.graphoservice.it\/fr\/product\/19170-2\/\" \/>\n<meta property=\"og:site_name\" content=\"Me.Ber.\" \/>\n<meta name=\"twitter:card\" content=\"summary_large_image\" \/>\n<meta name=\"twitter:label1\" content=\"Dur\u00e9e de lecture estim\u00e9e\" \/>\n\t<meta name=\"twitter:data1\" content=\"1 minute\" \/>\n<script type=\"application\/ld+json\" class=\"yoast-schema-graph\">{\"@context\":\"https:\\\/\\\/schema.org\",\"@graph\":[{\"@type\":\"WebPage\",\"@id\":\"https:\\\/\\\/meber2026.graphoservice.it\\\/fr\\\/product\\\/19170-2\\\/\",\"url\":\"https:\\\/\\\/meber2026.graphoservice.it\\\/fr\\\/product\\\/19170-2\\\/\",\"name\":\"19170\",\"isPartOf\":{\"@id\":\"https:\\\/\\\/meber2026.graphoservice.it\\\/fr\\\/#website\"},\"primaryImageOfPage\":{\"@id\":\"https:\\\/\\\/meber2026.graphoservice.it\\\/fr\\\/product\\\/19170-2\\\/#primaryimage\"},\"image\":{\"@id\":\"https:\\\/\\\/meber2026.graphoservice.it\\\/fr\\\/product\\\/19170-2\\\/#primaryimage\"},\"thumbnailUrl\":\"https:\\\/\\\/meber2026.graphoservice.it\\\/wp-content\\\/uploads\\\/2026\\\/02\\\/Supporto_Hercules.jpg\",\"datePublished\":\"2026-02-10T09:29:35+00:00\",\"breadcrumb\":{\"@id\":\"https:\\\/\\\/meber2026.graphoservice.it\\\/fr\\\/product\\\/19170-2\\\/#breadcrumb\"},\"inLanguage\":\"fr-FR\",\"potentialAction\":[{\"@type\":\"ReadAction\",\"target\":[\"https:\\\/\\\/meber2026.graphoservice.it\\\/fr\\\/product\\\/19170-2\\\/\"]}]},{\"@type\":\"ImageObject\",\"inLanguage\":\"fr-FR\",\"@id\":\"https:\\\/\\\/meber2026.graphoservice.it\\\/fr\\\/product\\\/19170-2\\\/#primaryimage\",\"url\":\"https:\\\/\\\/meber2026.graphoservice.it\\\/wp-content\\\/uploads\\\/2026\\\/02\\\/Supporto_Hercules.jpg\",\"contentUrl\":\"https:\\\/\\\/meber2026.graphoservice.it\\\/wp-content\\\/uploads\\\/2026\\\/02\\\/Supporto_Hercules.jpg\",\"width\":750,\"height\":584},{\"@type\":\"BreadcrumbList\",\"@id\":\"https:\\\/\\\/meber2026.graphoservice.it\\\/fr\\\/product\\\/19170-2\\\/#breadcrumb\",\"itemListElement\":[{\"@type\":\"ListItem\",\"position\":1,\"name\":\"Home\",\"item\":\"https:\\\/\\\/meber2026.graphoservice.it\\\/fr\\\/\"},{\"@type\":\"ListItem\",\"position\":2,\"name\":\"19170\"}]},{\"@type\":\"WebSite\",\"@id\":\"https:\\\/\\\/meber2026.graphoservice.it\\\/fr\\\/#website\",\"url\":\"https:\\\/\\\/meber2026.graphoservice.it\\\/fr\\\/\",\"name\":\"Me.Ber.\",\"description\":\"In Case of Emergerncy\",\"potentialAction\":[{\"@type\":\"SearchAction\",\"target\":{\"@type\":\"EntryPoint\",\"urlTemplate\":\"https:\\\/\\\/meber2026.graphoservice.it\\\/fr\\\/?s={search_term_string}\"},\"query-input\":{\"@type\":\"PropertyValueSpecification\",\"valueRequired\":true,\"valueName\":\"search_term_string\"}}],\"inLanguage\":\"fr-FR\"}]}<\/script>\n<!-- \/ Yoast SEO plugin. -->","yoast_head_json":{"title":"19170","robots":{"index":"noindex","follow":"follow","max-snippet":"max-snippet:-1","max-image-preview":"max-image-preview:large","max-video-preview":"max-video-preview:-1"},"og_locale":"fr_FR","og_type":"article","og_title":"19170","og_description":"Hercules est le nouveau support de brancard pour le chargement et d\u00e9chargement \u00e0 assistance \u00e9lectrique. Des capteurs de\u00a0positionnement int\u00e9gr\u00e9s et une petite commande manuelle rendent Hercules s\u00fbr et facile \u00e0 utiliser. Le chargement s\u2019effectue par l\u2019interm\u00e9diaire d\u2019une courroie \u00e0 connexion rapide, entra\u00een\u00e9e par un moteur coaxial int\u00e9gr\u00e9 \u00e0 la plateforme. Aucun encombrement hors de\u00a0la plateforme. [&hellip;]","og_url":"https:\/\/meber2026.graphoservice.it\/fr\/product\/19170-2\/","og_site_name":"Me.Ber.","twitter_card":"summary_large_image","twitter_misc":{"Dur\u00e9e de lecture estim\u00e9e":"1 minute"},"schema":{"@context":"https:\/\/schema.org","@graph":[{"@type":"WebPage","@id":"https:\/\/meber2026.graphoservice.it\/fr\/product\/19170-2\/","url":"https:\/\/meber2026.graphoservice.it\/fr\/product\/19170-2\/","name":"19170","isPartOf":{"@id":"https:\/\/meber2026.graphoservice.it\/fr\/#website"},"primaryImageOfPage":{"@id":"https:\/\/meber2026.graphoservice.it\/fr\/product\/19170-2\/#primaryimage"},"image":{"@id":"https:\/\/meber2026.graphoservice.it\/fr\/product\/19170-2\/#primaryimage"},"thumbnailUrl":"https:\/\/meber2026.graphoservice.it\/wp-content\/uploads\/2026\/02\/Supporto_Hercules.jpg","datePublished":"2026-02-10T09:29:35+00:00","breadcrumb":{"@id":"https:\/\/meber2026.graphoservice.it\/fr\/product\/19170-2\/#breadcrumb"},"inLanguage":"fr-FR","potentialAction":[{"@type":"ReadAction","target":["https:\/\/meber2026.graphoservice.it\/fr\/product\/19170-2\/"]}]},{"@type":"ImageObject","inLanguage":"fr-FR","@id":"https:\/\/meber2026.graphoservice.it\/fr\/product\/19170-2\/#primaryimage","url":"https:\/\/meber2026.graphoservice.it\/wp-content\/uploads\/2026\/02\/Supporto_Hercules.jpg","contentUrl":"https:\/\/meber2026.graphoservice.it\/wp-content\/uploads\/2026\/02\/Supporto_Hercules.jpg","width":750,"height":584},{"@type":"BreadcrumbList","@id":"https:\/\/meber2026.graphoservice.it\/fr\/product\/19170-2\/#breadcrumb","itemListElement":[{"@type":"ListItem","position":1,"name":"Home","item":"https:\/\/meber2026.graphoservice.it\/fr\/"},{"@type":"ListItem","position":2,"name":"19170"}]},{"@type":"WebSite","@id":"https:\/\/meber2026.graphoservice.it\/fr\/#website","url":"https:\/\/meber2026.graphoservice.it\/fr\/","name":"Me.Ber.","description":"In Case of Emergerncy","potentialAction":[{"@type":"SearchAction","target":{"@type":"EntryPoint","urlTemplate":"https:\/\/meber2026.graphoservice.it\/fr\/?s={search_term_string}"},"query-input":{"@type":"PropertyValueSpecification","valueRequired":true,"valueName":"search_term_string"}}],"inLanguage":"fr-FR"}]}},"_links":{"self":[{"href":"https:\/\/meber2026.graphoservice.it\/fr\/wp-json\/wp\/v2\/product\/19984","targetHints":{"allow":["GET"]}}],"collection":[{"href":"https:\/\/meber2026.graphoservice.it\/fr\/wp-json\/wp\/v2\/product"}],"about":[{"href":"https:\/\/meber2026.graphoservice.it\/fr\/wp-json\/wp\/v2\/types\/product"}],"author":[{"embeddable":true,"href":"https:\/\/meber2026.graphoservice.it\/fr\/wp-json\/wp\/v2\/users\/1"}],"version-history":[{"count":0,"href":"https:\/\/meber2026.graphoservice.it\/fr\/wp-json\/wp\/v2\/product\/19984\/revisions"}],"wp:featuredmedia":[{"embeddable":true,"href":"https:\/\/meber2026.graphoservice.it\/fr\/wp-json\/wp\/v2\/media\/17068"}],"wp:attachment":[{"href":"https:\/\/meber2026.graphoservice.it\/fr\/wp-json\/wp\/v2\/media?parent=19984"}],"wp:term":[{"taxonomy":"application-tag","embeddable":true,"href":"https:\/\/meber2026.graphoservice.it\/fr\/wp-json\/wp\/v2\/application-tag?post=19984"}],"curies":[{"name":"wp","href":"https:\/\/api.w.org\/{rel}","templated":true}]}}