{"id":19979,"date":"2026-02-10T09:29:34","date_gmt":"2026-02-10T09:29:34","guid":{"rendered":"https:\/\/meber2026.graphoservice.it\/product\/12024-2\/"},"modified":"2026-04-28T16:31:36","modified_gmt":"2026-04-28T16:31:36","slug":"12024-2","status":"publish","type":"product","link":"https:\/\/meber2026.graphoservice.it\/fr\/product\/12024-2\/","title":{"rendered":"12024"},"content":{"rendered":"<div style=\"\"><font size=\"1\"><span style=\"font-size: small;\"><span style=\"font-size: small;\">\u00c9tui pratique en cordura avec poign\u00e9e pour loger un immobilisateur de t\u00eate complet et une ceinture araign\u00e9e. Il permet d\u2019optimiser l\u2019espace \u00e0 l\u2019int\u00e9rieur de l\u2019ambulance en \u00e9vitant la d\u00e9t\u00e9rioration par Velcro\u00ae des blocs immobilisateurs de t\u00eate, et d\u2019avoir toujours un kit d\u2019immobilisation pr\u00eat \u00e0 l\u2019emploi. Il peut \u00e9galement \u00eatre utilis\u00e9 pour le rangement des Art. 9128 e 9130.<br \/> <strong>Dimensions: cm <\/strong><\/span><\/span><\/font><strong style=\"font-size: small; \">42x30x11<\/strong><\/p>\n<p> <span style=\"font-size:11px;\">*Images \u00e0 titre indicatif<\/span><\/div>\n","protected":false},"excerpt":{"rendered":"<p>\u00c9tui pratique en cordura avec poign\u00e9e pour loger un immobilisateur de t\u00eate complet et une ceinture araign\u00e9e. Il permet d\u2019optimiser l\u2019espace \u00e0 l\u2019int\u00e9rieur de l\u2019ambulance en \u00e9vitant la d\u00e9t\u00e9rioration par Velcro\u00ae des blocs immobilisateurs de t\u00eate, et d\u2019avoir toujours un kit d\u2019immobilisation pr\u00eat \u00e0 l\u2019emploi. Il peut \u00e9galement \u00eatre utilis\u00e9 pour le rangement des Art. [&hellip;]<\/p>\n","protected":false},"author":1,"featured_media":17061,"parent":0,"menu_order":40006200,"template":"","meta":{"_acf_changed":false,"footnotes":""},"application-tag":[92],"class_list":["post-19979","product","type-product","status-publish","has-post-thumbnail","hentry","application-tag-accessoires"],"acf":[],"dsm_author":{"name":"admeb26","avatar_url":"https:\/\/meber2026.graphoservice.it\/wp-content\/plugins\/ultimate-member\/assets\/img\/default_avatar.jpg","archive_link":"https:\/\/meber2026.graphoservice.it\/fr\/author\/admeb26\/","biodata":""},"dsm_categories":[],"dsm_attachment_categories":[],"dsm_featured_image":{"thumbnail":"https:\/\/meber2026.graphoservice.it\/wp-content\/uploads\/2026\/02\/Custodia_fermacapo_e_cintura_ragno-150x150.jpg","medium":"https:\/\/meber2026.graphoservice.it\/wp-content\/uploads\/2026\/02\/Custodia_fermacapo_e_cintura_ragno-300x235.jpg","medium_large":"https:\/\/meber2026.graphoservice.it\/wp-content\/uploads\/2026\/02\/Custodia_fermacapo_e_cintura_ragno-768x601.jpg","large":"https:\/\/meber2026.graphoservice.it\/wp-content\/uploads\/2026\/02\/Custodia_fermacapo_e_cintura_ragno.jpg","1536x1536":"https:\/\/meber2026.graphoservice.it\/wp-content\/uploads\/2026\/02\/Custodia_fermacapo_e_cintura_ragno.jpg","2048x2048":"https:\/\/meber2026.graphoservice.it\/wp-content\/uploads\/2026\/02\/Custodia_fermacapo_e_cintura_ragno.jpg","et-pb-post-main-image":"https:\/\/meber2026.graphoservice.it\/wp-content\/uploads\/2026\/02\/Custodia_fermacapo_e_cintura_ragno-400x250.jpg","et-pb-post-main-image-fullwidth":"https:\/\/meber2026.graphoservice.it\/wp-content\/uploads\/2026\/02\/Custodia_fermacapo_e_cintura_ragno.jpg","et-pb-portfolio-image":"https:\/\/meber2026.graphoservice.it\/wp-content\/uploads\/2026\/02\/Custodia_fermacapo_e_cintura_ragno-400x284.jpg","et-pb-portfolio-module-image":"https:\/\/meber2026.graphoservice.it\/wp-content\/uploads\/2026\/02\/Custodia_fermacapo_e_cintura_ragno-510x382.jpg","et-pb-portfolio-image-single":"https:\/\/meber2026.graphoservice.it\/wp-content\/uploads\/2026\/02\/Custodia_fermacapo_e_cintura_ragno.jpg","et-pb-gallery-module-image-portrait":"https:\/\/meber2026.graphoservice.it\/wp-content\/uploads\/2026\/02\/Custodia_fermacapo_e_cintura_ragno-400x516.jpg","et-pb-post-main-image-fullwidth-large":"https:\/\/meber2026.graphoservice.it\/wp-content\/uploads\/2026\/02\/Custodia_fermacapo_e_cintura_ragno.jpg","et-pb-image--responsive--desktop":"https:\/\/meber2026.graphoservice.it\/wp-content\/uploads\/2026\/02\/Custodia_fermacapo_e_cintura_ragno.jpg","et-pb-image--responsive--tablet":"https:\/\/meber2026.graphoservice.it\/wp-content\/uploads\/2026\/02\/Custodia_fermacapo_e_cintura_ragno.jpg","et-pb-image--responsive--phone":"https:\/\/meber2026.graphoservice.it\/wp-content\/uploads\/2026\/02\/Custodia_fermacapo_e_cintura_ragno-480x375.jpg","full":"https:\/\/meber2026.graphoservice.it\/wp-content\/uploads\/2026\/02\/Custodia_fermacapo_e_cintura_ragno.jpg"},"yoast_head":"<!-- This site is optimized with the Yoast SEO plugin v27.4 - https:\/\/yoast.com\/product\/yoast-seo-wordpress\/ -->\n<title>12024<\/title>\n<meta name=\"robots\" content=\"noindex, follow, max-snippet:-1, max-image-preview:large, max-video-preview:-1\" \/>\n<meta property=\"og:locale\" content=\"fr_FR\" \/>\n<meta property=\"og:type\" content=\"article\" \/>\n<meta property=\"og:title\" content=\"12024\" \/>\n<meta property=\"og:description\" content=\"\u00c9tui pratique en cordura avec poign\u00e9e pour loger un immobilisateur de t\u00eate complet et une ceinture araign\u00e9e. Il permet d\u2019optimiser l\u2019espace \u00e0 l\u2019int\u00e9rieur de l\u2019ambulance en \u00e9vitant la d\u00e9t\u00e9rioration par Velcro\u00ae des blocs immobilisateurs de t\u00eate, et d\u2019avoir toujours un kit d\u2019immobilisation pr\u00eat \u00e0 l\u2019emploi. Il peut \u00e9galement \u00eatre utilis\u00e9 pour le rangement des Art. [&hellip;]\" \/>\n<meta property=\"og:url\" content=\"https:\/\/meber2026.graphoservice.it\/fr\/product\/12024-2\/\" \/>\n<meta property=\"og:site_name\" content=\"Me.Ber.\" \/>\n<meta property=\"article:modified_time\" content=\"2026-04-28T16:31:36+00:00\" \/>\n<meta property=\"og:image\" content=\"https:\/\/meber2026.graphoservice.it\/wp-content\/uploads\/2026\/02\/Custodia_fermacapo_e_cintura_ragno.jpg\" \/>\n\t<meta property=\"og:image:width\" content=\"780\" \/>\n\t<meta property=\"og:image:height\" content=\"610\" \/>\n\t<meta property=\"og:image:type\" content=\"image\/jpeg\" \/>\n<meta name=\"twitter:card\" content=\"summary_large_image\" \/>\n<script type=\"application\/ld+json\" class=\"yoast-schema-graph\">{\"@context\":\"https:\\\/\\\/schema.org\",\"@graph\":[{\"@type\":\"WebPage\",\"@id\":\"https:\\\/\\\/meber2026.graphoservice.it\\\/fr\\\/product\\\/12024-2\\\/\",\"url\":\"https:\\\/\\\/meber2026.graphoservice.it\\\/fr\\\/product\\\/12024-2\\\/\",\"name\":\"12024\",\"isPartOf\":{\"@id\":\"https:\\\/\\\/meber2026.graphoservice.it\\\/fr\\\/#website\"},\"primaryImageOfPage\":{\"@id\":\"https:\\\/\\\/meber2026.graphoservice.it\\\/fr\\\/product\\\/12024-2\\\/#primaryimage\"},\"image\":{\"@id\":\"https:\\\/\\\/meber2026.graphoservice.it\\\/fr\\\/product\\\/12024-2\\\/#primaryimage\"},\"thumbnailUrl\":\"https:\\\/\\\/meber2026.graphoservice.it\\\/wp-content\\\/uploads\\\/2026\\\/02\\\/Custodia_fermacapo_e_cintura_ragno.jpg\",\"datePublished\":\"2026-02-10T09:29:34+00:00\",\"dateModified\":\"2026-04-28T16:31:36+00:00\",\"breadcrumb\":{\"@id\":\"https:\\\/\\\/meber2026.graphoservice.it\\\/fr\\\/product\\\/12024-2\\\/#breadcrumb\"},\"inLanguage\":\"fr-FR\",\"potentialAction\":[{\"@type\":\"ReadAction\",\"target\":[\"https:\\\/\\\/meber2026.graphoservice.it\\\/fr\\\/product\\\/12024-2\\\/\"]}]},{\"@type\":\"ImageObject\",\"inLanguage\":\"fr-FR\",\"@id\":\"https:\\\/\\\/meber2026.graphoservice.it\\\/fr\\\/product\\\/12024-2\\\/#primaryimage\",\"url\":\"https:\\\/\\\/meber2026.graphoservice.it\\\/wp-content\\\/uploads\\\/2026\\\/02\\\/Custodia_fermacapo_e_cintura_ragno.jpg\",\"contentUrl\":\"https:\\\/\\\/meber2026.graphoservice.it\\\/wp-content\\\/uploads\\\/2026\\\/02\\\/Custodia_fermacapo_e_cintura_ragno.jpg\",\"width\":780,\"height\":610},{\"@type\":\"BreadcrumbList\",\"@id\":\"https:\\\/\\\/meber2026.graphoservice.it\\\/fr\\\/product\\\/12024-2\\\/#breadcrumb\",\"itemListElement\":[{\"@type\":\"ListItem\",\"position\":1,\"name\":\"Home\",\"item\":\"https:\\\/\\\/meber2026.graphoservice.it\\\/fr\\\/\"},{\"@type\":\"ListItem\",\"position\":2,\"name\":\"12024\"}]},{\"@type\":\"WebSite\",\"@id\":\"https:\\\/\\\/meber2026.graphoservice.it\\\/fr\\\/#website\",\"url\":\"https:\\\/\\\/meber2026.graphoservice.it\\\/fr\\\/\",\"name\":\"Me.Ber.\",\"description\":\"In Case of Emergerncy\",\"potentialAction\":[{\"@type\":\"SearchAction\",\"target\":{\"@type\":\"EntryPoint\",\"urlTemplate\":\"https:\\\/\\\/meber2026.graphoservice.it\\\/fr\\\/?s={search_term_string}\"},\"query-input\":{\"@type\":\"PropertyValueSpecification\",\"valueRequired\":true,\"valueName\":\"search_term_string\"}}],\"inLanguage\":\"fr-FR\"}]}<\/script>\n<!-- \/ Yoast SEO plugin. -->","yoast_head_json":{"title":"12024","robots":{"index":"noindex","follow":"follow","max-snippet":"max-snippet:-1","max-image-preview":"max-image-preview:large","max-video-preview":"max-video-preview:-1"},"og_locale":"fr_FR","og_type":"article","og_title":"12024","og_description":"\u00c9tui pratique en cordura avec poign\u00e9e pour loger un immobilisateur de t\u00eate complet et une ceinture araign\u00e9e. Il permet d\u2019optimiser l\u2019espace \u00e0 l\u2019int\u00e9rieur de l\u2019ambulance en \u00e9vitant la d\u00e9t\u00e9rioration par Velcro\u00ae des blocs immobilisateurs de t\u00eate, et d\u2019avoir toujours un kit d\u2019immobilisation pr\u00eat \u00e0 l\u2019emploi. Il peut \u00e9galement \u00eatre utilis\u00e9 pour le rangement des Art. [&hellip;]","og_url":"https:\/\/meber2026.graphoservice.it\/fr\/product\/12024-2\/","og_site_name":"Me.Ber.","article_modified_time":"2026-04-28T16:31:36+00:00","og_image":[{"width":780,"height":610,"url":"https:\/\/meber2026.graphoservice.it\/wp-content\/uploads\/2026\/02\/Custodia_fermacapo_e_cintura_ragno.jpg","type":"image\/jpeg"}],"twitter_card":"summary_large_image","schema":{"@context":"https:\/\/schema.org","@graph":[{"@type":"WebPage","@id":"https:\/\/meber2026.graphoservice.it\/fr\/product\/12024-2\/","url":"https:\/\/meber2026.graphoservice.it\/fr\/product\/12024-2\/","name":"12024","isPartOf":{"@id":"https:\/\/meber2026.graphoservice.it\/fr\/#website"},"primaryImageOfPage":{"@id":"https:\/\/meber2026.graphoservice.it\/fr\/product\/12024-2\/#primaryimage"},"image":{"@id":"https:\/\/meber2026.graphoservice.it\/fr\/product\/12024-2\/#primaryimage"},"thumbnailUrl":"https:\/\/meber2026.graphoservice.it\/wp-content\/uploads\/2026\/02\/Custodia_fermacapo_e_cintura_ragno.jpg","datePublished":"2026-02-10T09:29:34+00:00","dateModified":"2026-04-28T16:31:36+00:00","breadcrumb":{"@id":"https:\/\/meber2026.graphoservice.it\/fr\/product\/12024-2\/#breadcrumb"},"inLanguage":"fr-FR","potentialAction":[{"@type":"ReadAction","target":["https:\/\/meber2026.graphoservice.it\/fr\/product\/12024-2\/"]}]},{"@type":"ImageObject","inLanguage":"fr-FR","@id":"https:\/\/meber2026.graphoservice.it\/fr\/product\/12024-2\/#primaryimage","url":"https:\/\/meber2026.graphoservice.it\/wp-content\/uploads\/2026\/02\/Custodia_fermacapo_e_cintura_ragno.jpg","contentUrl":"https:\/\/meber2026.graphoservice.it\/wp-content\/uploads\/2026\/02\/Custodia_fermacapo_e_cintura_ragno.jpg","width":780,"height":610},{"@type":"BreadcrumbList","@id":"https:\/\/meber2026.graphoservice.it\/fr\/product\/12024-2\/#breadcrumb","itemListElement":[{"@type":"ListItem","position":1,"name":"Home","item":"https:\/\/meber2026.graphoservice.it\/fr\/"},{"@type":"ListItem","position":2,"name":"12024"}]},{"@type":"WebSite","@id":"https:\/\/meber2026.graphoservice.it\/fr\/#website","url":"https:\/\/meber2026.graphoservice.it\/fr\/","name":"Me.Ber.","description":"In Case of Emergerncy","potentialAction":[{"@type":"SearchAction","target":{"@type":"EntryPoint","urlTemplate":"https:\/\/meber2026.graphoservice.it\/fr\/?s={search_term_string}"},"query-input":{"@type":"PropertyValueSpecification","valueRequired":true,"valueName":"search_term_string"}}],"inLanguage":"fr-FR"}]}},"_links":{"self":[{"href":"https:\/\/meber2026.graphoservice.it\/fr\/wp-json\/wp\/v2\/product\/19979","targetHints":{"allow":["GET"]}}],"collection":[{"href":"https:\/\/meber2026.graphoservice.it\/fr\/wp-json\/wp\/v2\/product"}],"about":[{"href":"https:\/\/meber2026.graphoservice.it\/fr\/wp-json\/wp\/v2\/types\/product"}],"author":[{"embeddable":true,"href":"https:\/\/meber2026.graphoservice.it\/fr\/wp-json\/wp\/v2\/users\/1"}],"version-history":[{"count":1,"href":"https:\/\/meber2026.graphoservice.it\/fr\/wp-json\/wp\/v2\/product\/19979\/revisions"}],"predecessor-version":[{"id":29469,"href":"https:\/\/meber2026.graphoservice.it\/fr\/wp-json\/wp\/v2\/product\/19979\/revisions\/29469"}],"wp:featuredmedia":[{"embeddable":true,"href":"https:\/\/meber2026.graphoservice.it\/fr\/wp-json\/wp\/v2\/media\/17061"}],"wp:attachment":[{"href":"https:\/\/meber2026.graphoservice.it\/fr\/wp-json\/wp\/v2\/media?parent=19979"}],"wp:term":[{"taxonomy":"application-tag","embeddable":true,"href":"https:\/\/meber2026.graphoservice.it\/fr\/wp-json\/wp\/v2\/application-tag?post=19979"}],"curies":[{"name":"wp","href":"https:\/\/api.w.org\/{rel}","templated":true}]}}