{"id":19969,"date":"2026-02-10T09:29:33","date_gmt":"2026-02-10T09:29:33","guid":{"rendered":"https:\/\/meber2026.graphoservice.it\/product\/7265-proof\/"},"modified":"2026-02-10T09:29:33","modified_gmt":"2026-02-10T09:29:33","slug":"7265-proof","status":"publish","type":"product","link":"https:\/\/meber2026.graphoservice.it\/fr\/product\/7265-proof\/","title":{"rendered":"7265 Proof"},"content":{"rendered":"<p>Enti\u00e8rement r\u00e9alis\u00e9 en alliage d&#8217;aluminium peint, tr\u00e8s l\u00e9ger, il est \u00e9quip\u00e9 de Trendelenburg.\u00a0 4\u00a0roulettes en polyur\u00e9thane (2\u00a0fixes avec frein et 2\u00a0pivotantes \u00d8 200\u00a0mm) offrent un grand confort sur les sols irr\u00e9guliers et les surfaces in\u00e9gales. Le mat\u00e9riau dont il est fait le rend facile \u00e0 d\u00e9sinfecter.<\/p>\n<p>Ses principales caract\u00e9ristiques sont les suivantes\u00a0:<\/p>\n<ul>\n<li>Leviers avant et arri\u00e8re amovibles pour faciliter les man\u0153uvres des sauveteurs<\/li>\n<li>Plate-forme rigide en alliage d&#8217;aluminium peint<\/li>\n<li>Dossier inclinable 0\u00b0-80\u00b0 verrouillable dans toutes les positions<\/li>\n<li>Abattants lat\u00e9raux inclinables<\/li>\n<li>Pieds verticaux prot\u00e9g\u00e9s par un pare-chocs<\/li>\n<li>Roues pivotantes avec syst\u00e8me d&#8217;auto-centrage<\/li>\n<li>Chariot avant pliant<\/li>\n<\/ul>\n<p><img loading=\"lazy\" decoding=\"async\" alt=\"\" height=\"88\" src=\"http:\/\/www.meber.it\/adm\/Images\/contents\/10G Logo 2019_def.png\" width=\"80\" \/><\/p>\n<p><span style=\"font-size: smaller;\"><span style=\"font-size: medium;\"><span style=\"font-size: small;\"><span style=\"font-size: small;\"><span style=\"font-size: medium;\"><span style=\"font-size: small;\"><span style=\"font-size: medium;\"><span style=\"font-size: medium;\"><strong><font size=\"2\">Dispositif certifi\u00e9 selon les normes harmonis\u00e9es UNI\u00a0EN\u00a01865 &#8211; UNI\u00a0EN\u00a01789<\/font><\/strong><\/span><\/span><\/span><\/span><\/span><\/span><\/span><\/span><\/p>\n","protected":false},"excerpt":{"rendered":"<p>Enti\u00e8rement r\u00e9alis\u00e9 en alliage d&#8217;aluminium peint, tr\u00e8s l\u00e9ger, il est \u00e9quip\u00e9 de Trendelenburg.\u00a0 4\u00a0roulettes en polyur\u00e9thane (2\u00a0fixes avec frein et 2\u00a0pivotantes \u00d8 200\u00a0mm) offrent un grand confort sur les sols irr\u00e9guliers et les surfaces in\u00e9gales. Le mat\u00e9riau dont il est fait le rend facile \u00e0 d\u00e9sinfecter. Ses principales caract\u00e9ristiques sont les suivantes\u00a0: Leviers avant et [&hellip;]<\/p>\n","protected":false},"author":1,"featured_media":17047,"parent":0,"menu_order":20002000,"template":"","meta":{"_acf_changed":false,"footnotes":""},"application-tag":[74,65],"class_list":["post-19969","product","type-product","status-publish","has-post-thumbnail","hentry","application-tag-brancards-et-chariots-a-chargement-automatique","application-tag-certifie-10g"],"acf":[],"dsm_author":{"name":"admeb26","avatar_url":"https:\/\/meber2026.graphoservice.it\/wp-content\/plugins\/ultimate-member\/assets\/img\/default_avatar.jpg","archive_link":"https:\/\/meber2026.graphoservice.it\/fr\/author\/admeb26\/","biodata":""},"dsm_categories":[],"dsm_attachment_categories":[],"dsm_featured_image":{"thumbnail":"https:\/\/meber2026.graphoservice.it\/wp-content\/uploads\/2026\/02\/Frog_Advance_7265-150x150.jpg","medium":"https:\/\/meber2026.graphoservice.it\/wp-content\/uploads\/2026\/02\/Frog_Advance_7265-300x273.jpg","medium_large":"https:\/\/meber2026.graphoservice.it\/wp-content\/uploads\/2026\/02\/Frog_Advance_7265-768x700.jpg","large":"https:\/\/meber2026.graphoservice.it\/wp-content\/uploads\/2026\/02\/Frog_Advance_7265.jpg","1536x1536":"https:\/\/meber2026.graphoservice.it\/wp-content\/uploads\/2026\/02\/Frog_Advance_7265.jpg","2048x2048":"https:\/\/meber2026.graphoservice.it\/wp-content\/uploads\/2026\/02\/Frog_Advance_7265.jpg","et-pb-post-main-image":"https:\/\/meber2026.graphoservice.it\/wp-content\/uploads\/2026\/02\/Frog_Advance_7265-400x250.jpg","et-pb-post-main-image-fullwidth":"https:\/\/meber2026.graphoservice.it\/wp-content\/uploads\/2026\/02\/Frog_Advance_7265-780x675.jpg","et-pb-portfolio-image":"https:\/\/meber2026.graphoservice.it\/wp-content\/uploads\/2026\/02\/Frog_Advance_7265-400x284.jpg","et-pb-portfolio-module-image":"https:\/\/meber2026.graphoservice.it\/wp-content\/uploads\/2026\/02\/Frog_Advance_7265-510x382.jpg","et-pb-portfolio-image-single":"https:\/\/meber2026.graphoservice.it\/wp-content\/uploads\/2026\/02\/Frog_Advance_7265.jpg","et-pb-gallery-module-image-portrait":"https:\/\/meber2026.graphoservice.it\/wp-content\/uploads\/2026\/02\/Frog_Advance_7265-400x516.jpg","et-pb-post-main-image-fullwidth-large":"https:\/\/meber2026.graphoservice.it\/wp-content\/uploads\/2026\/02\/Frog_Advance_7265.jpg","et-pb-image--responsive--desktop":"https:\/\/meber2026.graphoservice.it\/wp-content\/uploads\/2026\/02\/Frog_Advance_7265.jpg","et-pb-image--responsive--tablet":"https:\/\/meber2026.graphoservice.it\/wp-content\/uploads\/2026\/02\/Frog_Advance_7265.jpg","et-pb-image--responsive--phone":"https:\/\/meber2026.graphoservice.it\/wp-content\/uploads\/2026\/02\/Frog_Advance_7265-480x438.jpg","full":"https:\/\/meber2026.graphoservice.it\/wp-content\/uploads\/2026\/02\/Frog_Advance_7265.jpg"},"yoast_head":"<!-- This site is optimized with the Yoast SEO plugin v27.4 - https:\/\/yoast.com\/product\/yoast-seo-wordpress\/ -->\n<title>7265 Proof<\/title>\n<meta name=\"robots\" content=\"noindex, follow, max-snippet:-1, max-image-preview:large, max-video-preview:-1\" \/>\n<meta property=\"og:locale\" content=\"fr_FR\" \/>\n<meta property=\"og:type\" content=\"article\" \/>\n<meta property=\"og:title\" content=\"7265 Proof\" \/>\n<meta property=\"og:description\" content=\"Enti\u00e8rement r\u00e9alis\u00e9 en alliage d&#8217;aluminium peint, tr\u00e8s l\u00e9ger, il est \u00e9quip\u00e9 de Trendelenburg.\u00a0 4\u00a0roulettes en polyur\u00e9thane (2\u00a0fixes avec frein et 2\u00a0pivotantes \u00d8 200\u00a0mm) offrent un grand confort sur les sols irr\u00e9guliers et les surfaces in\u00e9gales. Le mat\u00e9riau dont il est fait le rend facile \u00e0 d\u00e9sinfecter. Ses principales caract\u00e9ristiques sont les suivantes\u00a0: Leviers avant et [&hellip;]\" \/>\n<meta property=\"og:url\" content=\"https:\/\/meber2026.graphoservice.it\/fr\/product\/7265-proof\/\" \/>\n<meta property=\"og:site_name\" content=\"Me.Ber.\" \/>\n<meta name=\"twitter:card\" content=\"summary_large_image\" \/>\n<meta name=\"twitter:label1\" content=\"Dur\u00e9e de lecture estim\u00e9e\" \/>\n\t<meta name=\"twitter:data1\" content=\"1 minute\" \/>\n<script type=\"application\/ld+json\" class=\"yoast-schema-graph\">{\"@context\":\"https:\\\/\\\/schema.org\",\"@graph\":[{\"@type\":\"WebPage\",\"@id\":\"https:\\\/\\\/meber2026.graphoservice.it\\\/fr\\\/product\\\/7265-proof\\\/\",\"url\":\"https:\\\/\\\/meber2026.graphoservice.it\\\/fr\\\/product\\\/7265-proof\\\/\",\"name\":\"7265 Proof\",\"isPartOf\":{\"@id\":\"https:\\\/\\\/meber2026.graphoservice.it\\\/fr\\\/#website\"},\"primaryImageOfPage\":{\"@id\":\"https:\\\/\\\/meber2026.graphoservice.it\\\/fr\\\/product\\\/7265-proof\\\/#primaryimage\"},\"image\":{\"@id\":\"https:\\\/\\\/meber2026.graphoservice.it\\\/fr\\\/product\\\/7265-proof\\\/#primaryimage\"},\"thumbnailUrl\":\"https:\\\/\\\/meber2026.graphoservice.it\\\/wp-content\\\/uploads\\\/2026\\\/02\\\/Frog_Advance_7265.jpg\",\"datePublished\":\"2026-02-10T09:29:33+00:00\",\"breadcrumb\":{\"@id\":\"https:\\\/\\\/meber2026.graphoservice.it\\\/fr\\\/product\\\/7265-proof\\\/#breadcrumb\"},\"inLanguage\":\"fr-FR\",\"potentialAction\":[{\"@type\":\"ReadAction\",\"target\":[\"https:\\\/\\\/meber2026.graphoservice.it\\\/fr\\\/product\\\/7265-proof\\\/\"]}]},{\"@type\":\"ImageObject\",\"inLanguage\":\"fr-FR\",\"@id\":\"https:\\\/\\\/meber2026.graphoservice.it\\\/fr\\\/product\\\/7265-proof\\\/#primaryimage\",\"url\":\"https:\\\/\\\/meber2026.graphoservice.it\\\/wp-content\\\/uploads\\\/2026\\\/02\\\/Frog_Advance_7265.jpg\",\"contentUrl\":\"https:\\\/\\\/meber2026.graphoservice.it\\\/wp-content\\\/uploads\\\/2026\\\/02\\\/Frog_Advance_7265.jpg\",\"width\":780,\"height\":711},{\"@type\":\"BreadcrumbList\",\"@id\":\"https:\\\/\\\/meber2026.graphoservice.it\\\/fr\\\/product\\\/7265-proof\\\/#breadcrumb\",\"itemListElement\":[{\"@type\":\"ListItem\",\"position\":1,\"name\":\"Home\",\"item\":\"https:\\\/\\\/meber2026.graphoservice.it\\\/fr\\\/\"},{\"@type\":\"ListItem\",\"position\":2,\"name\":\"7265 Proof\"}]},{\"@type\":\"WebSite\",\"@id\":\"https:\\\/\\\/meber2026.graphoservice.it\\\/fr\\\/#website\",\"url\":\"https:\\\/\\\/meber2026.graphoservice.it\\\/fr\\\/\",\"name\":\"Me.Ber.\",\"description\":\"In Case of Emergerncy\",\"potentialAction\":[{\"@type\":\"SearchAction\",\"target\":{\"@type\":\"EntryPoint\",\"urlTemplate\":\"https:\\\/\\\/meber2026.graphoservice.it\\\/fr\\\/?s={search_term_string}\"},\"query-input\":{\"@type\":\"PropertyValueSpecification\",\"valueRequired\":true,\"valueName\":\"search_term_string\"}}],\"inLanguage\":\"fr-FR\"}]}<\/script>\n<!-- \/ Yoast SEO plugin. -->","yoast_head_json":{"title":"7265 Proof","robots":{"index":"noindex","follow":"follow","max-snippet":"max-snippet:-1","max-image-preview":"max-image-preview:large","max-video-preview":"max-video-preview:-1"},"og_locale":"fr_FR","og_type":"article","og_title":"7265 Proof","og_description":"Enti\u00e8rement r\u00e9alis\u00e9 en alliage d&#8217;aluminium peint, tr\u00e8s l\u00e9ger, il est \u00e9quip\u00e9 de Trendelenburg.\u00a0 4\u00a0roulettes en polyur\u00e9thane (2\u00a0fixes avec frein et 2\u00a0pivotantes \u00d8 200\u00a0mm) offrent un grand confort sur les sols irr\u00e9guliers et les surfaces in\u00e9gales. Le mat\u00e9riau dont il est fait le rend facile \u00e0 d\u00e9sinfecter. Ses principales caract\u00e9ristiques sont les suivantes\u00a0: Leviers avant et [&hellip;]","og_url":"https:\/\/meber2026.graphoservice.it\/fr\/product\/7265-proof\/","og_site_name":"Me.Ber.","twitter_card":"summary_large_image","twitter_misc":{"Dur\u00e9e de lecture estim\u00e9e":"1 minute"},"schema":{"@context":"https:\/\/schema.org","@graph":[{"@type":"WebPage","@id":"https:\/\/meber2026.graphoservice.it\/fr\/product\/7265-proof\/","url":"https:\/\/meber2026.graphoservice.it\/fr\/product\/7265-proof\/","name":"7265 Proof","isPartOf":{"@id":"https:\/\/meber2026.graphoservice.it\/fr\/#website"},"primaryImageOfPage":{"@id":"https:\/\/meber2026.graphoservice.it\/fr\/product\/7265-proof\/#primaryimage"},"image":{"@id":"https:\/\/meber2026.graphoservice.it\/fr\/product\/7265-proof\/#primaryimage"},"thumbnailUrl":"https:\/\/meber2026.graphoservice.it\/wp-content\/uploads\/2026\/02\/Frog_Advance_7265.jpg","datePublished":"2026-02-10T09:29:33+00:00","breadcrumb":{"@id":"https:\/\/meber2026.graphoservice.it\/fr\/product\/7265-proof\/#breadcrumb"},"inLanguage":"fr-FR","potentialAction":[{"@type":"ReadAction","target":["https:\/\/meber2026.graphoservice.it\/fr\/product\/7265-proof\/"]}]},{"@type":"ImageObject","inLanguage":"fr-FR","@id":"https:\/\/meber2026.graphoservice.it\/fr\/product\/7265-proof\/#primaryimage","url":"https:\/\/meber2026.graphoservice.it\/wp-content\/uploads\/2026\/02\/Frog_Advance_7265.jpg","contentUrl":"https:\/\/meber2026.graphoservice.it\/wp-content\/uploads\/2026\/02\/Frog_Advance_7265.jpg","width":780,"height":711},{"@type":"BreadcrumbList","@id":"https:\/\/meber2026.graphoservice.it\/fr\/product\/7265-proof\/#breadcrumb","itemListElement":[{"@type":"ListItem","position":1,"name":"Home","item":"https:\/\/meber2026.graphoservice.it\/fr\/"},{"@type":"ListItem","position":2,"name":"7265 Proof"}]},{"@type":"WebSite","@id":"https:\/\/meber2026.graphoservice.it\/fr\/#website","url":"https:\/\/meber2026.graphoservice.it\/fr\/","name":"Me.Ber.","description":"In Case of Emergerncy","potentialAction":[{"@type":"SearchAction","target":{"@type":"EntryPoint","urlTemplate":"https:\/\/meber2026.graphoservice.it\/fr\/?s={search_term_string}"},"query-input":{"@type":"PropertyValueSpecification","valueRequired":true,"valueName":"search_term_string"}}],"inLanguage":"fr-FR"}]}},"_links":{"self":[{"href":"https:\/\/meber2026.graphoservice.it\/fr\/wp-json\/wp\/v2\/product\/19969","targetHints":{"allow":["GET"]}}],"collection":[{"href":"https:\/\/meber2026.graphoservice.it\/fr\/wp-json\/wp\/v2\/product"}],"about":[{"href":"https:\/\/meber2026.graphoservice.it\/fr\/wp-json\/wp\/v2\/types\/product"}],"author":[{"embeddable":true,"href":"https:\/\/meber2026.graphoservice.it\/fr\/wp-json\/wp\/v2\/users\/1"}],"version-history":[{"count":0,"href":"https:\/\/meber2026.graphoservice.it\/fr\/wp-json\/wp\/v2\/product\/19969\/revisions"}],"wp:featuredmedia":[{"embeddable":true,"href":"https:\/\/meber2026.graphoservice.it\/fr\/wp-json\/wp\/v2\/media\/17047"}],"wp:attachment":[{"href":"https:\/\/meber2026.graphoservice.it\/fr\/wp-json\/wp\/v2\/media?parent=19969"}],"wp:term":[{"taxonomy":"application-tag","embeddable":true,"href":"https:\/\/meber2026.graphoservice.it\/fr\/wp-json\/wp\/v2\/application-tag?post=19969"}],"curies":[{"name":"wp","href":"https:\/\/api.w.org\/{rel}","templated":true}]}}