{"id":19944,"date":"2026-02-10T09:29:30","date_gmt":"2026-02-10T09:29:30","guid":{"rendered":"https:\/\/meber2026.graphoservice.it\/product\/679zena\/"},"modified":"2026-02-10T09:29:31","modified_gmt":"2026-02-10T09:29:31","slug":"679zena","status":"publish","type":"product","link":"https:\/\/meber2026.graphoservice.it\/fr\/product\/679zena\/","title":{"rendered":"679Zena"},"content":{"rendered":"<p><a class=\"button icon btn-block\" href=\"https:\/\/meber2026.graphoservice.it\/fr\/zena-2\/\" style=\"border-radius: 3px;\" target=\"_blank\">Visiter le site Extra Lite Zena<i class=\"fa fa-chevron-circle-right\">\u00a0<\/i> <\/a><br \/>\n\u00a0<br \/>\n<span style=\"font-weight: 700;\">POURQUOI ZENA EST-ELLE DIFF\u00c9RENTE DES AUTRES CHAISES\u00a0?<\/span><\/p>\n<p><span style=\"font-weight: 700;\">Zena<\/span><em><span style=\"font-weight: 700;\">\u00a0<\/span><\/em> est incroyablement compacte et l\u00e9g\u00e8re, mais n\u2019enl\u00e8ve rien \u00e0 la s\u00e9curit\u00e9 des op\u00e9rateurs et des patients. La conception particuli\u00e8re est con\u00e7ue pour permettre une maniabilit\u00e9 maximale dans les espaces confin\u00e9s, tels que les escaliers des vieilles maisons ou les escaliers en colima\u00e7on. En plus de cela, une \u00e9tude ergonomique minutieuse a \u00e9t\u00e9 r\u00e9alis\u00e9e afin de soumettre les op\u00e9rateurs \u00e0 des charges principalement sur l\u2019axe vertical, c\u2019est-\u00e0-dire avec une utilisation minimale de la seule force musculaire de levage.<\/p>\n<p><span style=\"font-weight: 700;\">POINTS FORTS<\/span><\/p>\n<p><strong>Leviers:<\/strong>leviers innovants \u00e0 ouverture horizontale pour permettre de nouveaux sch\u00e9mas de fonctionnement avec seulement deux op\u00e9rateurs.<br \/>\n<strong>Roues de 200mm<\/strong>:grandes roues arri\u00e8re pour un maximum de confort et frein \u00e0 l\u2019avant, id\u00e9al lors du transport de la chaise ferm\u00e9e dans l\u2019ascenseur.<br \/>\n<strong>Zone de Hi confort<\/strong>:un mat\u00e9riau sp\u00e9cial (mousse souple EVA) garantit confort et stabilit\u00e9 pour le patient..<br \/>\n<strong>Alliage d\u2019aluminium l\u00e9ger<\/strong>:\u00a0Extra Lite Zenaest construite avec des alliages d\u2019aluminium sp\u00e9ciaux a\u00e9ronautiques pour minimiser le poids et faciliter le transport..<br \/>\n<strong>Flexibilit\u00e9 maximale<\/strong>:\u00a0leviers extensibles \u00e0 l\u2019avant avec syst\u00e8me de rotation innovant.<\/p>\n<p><strong>COMPACTE, INCROYABLEMENT COMPACTE<\/strong><\/p>\n<p>L\u2019accessibilit\u00e9 des escaliers a toujours \u00e9t\u00e9 un probl\u00e8me majeur dans la prise en charge et le transfert d\u2019un patient \u00e0 son domicile. Les chaises de mont\u00e9e\/descente modernes, \u00e9ventuellement dans les versions motoris\u00e9es, sont une aide irrempla\u00e7able, mais souvent, elles ne peuvent pas \u00eatre utilis\u00e9es pour la plus banale des raisons : il n\u2019y a pas assez d\u2019espace pour se d\u00e9placer. Alors que faire ? Demandez de l\u2019aide \u00e0 Zena : la nouvelle chaise portoir qui int\u00e8gre la technologie de construction la plus avanc\u00e9e, les meilleurs mat\u00e9riaux et un design \u00e9tudi\u00e9 c\u00f4te \u00e0 c\u00f4te avec les op\u00e9rateurs.<br \/>\n<em><strong>Extra Lite Zena<\/strong><\/em> a \u00e9t\u00e9 con\u00e7ue pour \u00eatre utilis\u00e9e dans les espaces restreints et confin\u00e9s, les transports publics (bus, trains, avions, etc&#8230;), les ascenseurs et les escaliers \u00e9troits. Pliable, \u00e9quip\u00e9e de leviers avant amovibles et de leviers arri\u00e8re rabattables pour r\u00e9duire l\u2019encombrement en cas de besoin, elle peut \u00eatre fix\u00e9e dans une ambulance avec le dispositif de verrouillage certifi\u00e9 EN 1789<strong><em> <\/em>art 960 o art. 975.<\/strong><\/p>\n<p><strong>L\u2019INNOVATION<\/strong><\/p>\n<p>La distance des leviers est sup\u00e9rieure \u00e0 celle des chaises portoir normales et cela \u00e9vite, m\u00eame pour les sauveteurs costauds, de tendre les bras vers l\u2019arri\u00e8re. De plus, la forme profil\u00e9e des leviers vous permet de traiter avec plus de souplesse dans les espaces \u00e9troits, en particulier dans les virages des paliers. La forme et le positionnement particulier des leviers arri\u00e8re sont une v\u00e9ritable r\u00e9volution ! L\u2019op\u00e9rateur peut ainsi se positionner avec son corps tr\u00e8s pr\u00e8s du patient, mais peut compter sur une longueur qui lui permet de d\u00e9cider s\u2019il doit op\u00e9rer de face ou de dos. C\u2019est ainsi l\u2019op\u00e9rateur qui choisit la mani\u00e8re de travailler la mieux adapt\u00e9e aux situations impr\u00e9visibles auxquelles il sera confront\u00e9.<\/p>\n<p>Les caract\u00e9ristiques de cette chaise de sauvetage sont compl\u00e9t\u00e9es par les 2 roues avant de <em>125 mm<\/em> avec freins, les accoudoirs recouverts de caoutchouc et le repose-pieds escamotable.<br \/>\n<strong>Poids<\/strong>: 13,8 kg.<\/p>\n<p><iframe referrerpolicy=\"strict-origin-when-cross-origin\" loading=\"lazy\" allow=\"accelerometer; autoplay; encrypted-media; gyroscope; picture-in-picture\" allowfullscreen=\"\" frameborder=\"0\" height=\"315\" src=\"https:\/\/www.youtube.com\/embed\/IKejM3IUvWc?origin=https%3A%2F%2Fmeber2026.graphoservice.it%2Ffr%2F\" width=\"560\"><\/iframe><\/p>\n","protected":false},"excerpt":{"rendered":"<p>Visiter le site Extra Lite Zena\u00a0 \u00a0 POURQUOI ZENA EST-ELLE DIFF\u00c9RENTE DES AUTRES CHAISES\u00a0? Zena\u00a0 est incroyablement compacte et l\u00e9g\u00e8re, mais n\u2019enl\u00e8ve rien \u00e0 la s\u00e9curit\u00e9 des op\u00e9rateurs et des patients. La conception particuli\u00e8re est con\u00e7ue pour permettre une maniabilit\u00e9 maximale dans les espaces confin\u00e9s, tels que les escaliers des vieilles maisons ou les escaliers [&hellip;]<\/p>\n","protected":false},"author":1,"featured_media":17012,"parent":0,"menu_order":30000400,"template":"","meta":{"_acf_changed":false,"footnotes":""},"application-tag":[],"class_list":["post-19944","product","type-product","status-publish","has-post-thumbnail","hentry"],"acf":[],"dsm_author":{"name":"admeb26","avatar_url":"https:\/\/meber2026.graphoservice.it\/wp-content\/plugins\/ultimate-member\/assets\/img\/default_avatar.jpg","archive_link":"https:\/\/meber2026.graphoservice.it\/fr\/author\/admeb26\/","biodata":""},"dsm_categories":[],"dsm_attachment_categories":[],"dsm_featured_image":{"thumbnail":"https:\/\/meber2026.graphoservice.it\/wp-content\/uploads\/2026\/02\/Zena-150x150.jpg","medium":"https:\/\/meber2026.graphoservice.it\/wp-content\/uploads\/2026\/02\/Zena-260x300.jpg","medium_large":"https:\/\/meber2026.graphoservice.it\/wp-content\/uploads\/2026\/02\/Zena.jpg","large":"https:\/\/meber2026.graphoservice.it\/wp-content\/uploads\/2026\/02\/Zena.jpg","1536x1536":"https:\/\/meber2026.graphoservice.it\/wp-content\/uploads\/2026\/02\/Zena.jpg","2048x2048":"https:\/\/meber2026.graphoservice.it\/wp-content\/uploads\/2026\/02\/Zena.jpg","et-pb-post-main-image":"https:\/\/meber2026.graphoservice.it\/wp-content\/uploads\/2026\/02\/Zena-400x250.jpg","et-pb-post-main-image-fullwidth":"https:\/\/meber2026.graphoservice.it\/wp-content\/uploads\/2026\/02\/Zena-675x675.jpg","et-pb-portfolio-image":"https:\/\/meber2026.graphoservice.it\/wp-content\/uploads\/2026\/02\/Zena-400x284.jpg","et-pb-portfolio-module-image":"https:\/\/meber2026.graphoservice.it\/wp-content\/uploads\/2026\/02\/Zena-510x382.jpg","et-pb-portfolio-image-single":"https:\/\/meber2026.graphoservice.it\/wp-content\/uploads\/2026\/02\/Zena.jpg","et-pb-gallery-module-image-portrait":"https:\/\/meber2026.graphoservice.it\/wp-content\/uploads\/2026\/02\/Zena-400x516.jpg","et-pb-post-main-image-fullwidth-large":"https:\/\/meber2026.graphoservice.it\/wp-content\/uploads\/2026\/02\/Zena.jpg","et-pb-image--responsive--desktop":"https:\/\/meber2026.graphoservice.it\/wp-content\/uploads\/2026\/02\/Zena.jpg","et-pb-image--responsive--tablet":"https:\/\/meber2026.graphoservice.it\/wp-content\/uploads\/2026\/02\/Zena.jpg","et-pb-image--responsive--phone":"https:\/\/meber2026.graphoservice.it\/wp-content\/uploads\/2026\/02\/Zena-480x555.jpg","full":"https:\/\/meber2026.graphoservice.it\/wp-content\/uploads\/2026\/02\/Zena.jpg"},"yoast_head":"<!-- This site is optimized with the Yoast SEO plugin v27.4 - https:\/\/yoast.com\/product\/yoast-seo-wordpress\/ -->\n<title>679Zena<\/title>\n<meta name=\"robots\" content=\"noindex, follow, max-snippet:-1, max-image-preview:large, max-video-preview:-1\" \/>\n<meta property=\"og:locale\" content=\"fr_FR\" \/>\n<meta property=\"og:type\" content=\"article\" \/>\n<meta property=\"og:title\" content=\"679Zena\" \/>\n<meta property=\"og:description\" content=\"Visiter le site Extra Lite Zena\u00a0 \u00a0 POURQUOI ZENA EST-ELLE DIFF\u00c9RENTE DES AUTRES CHAISES\u00a0? Zena\u00a0 est incroyablement compacte et l\u00e9g\u00e8re, mais n\u2019enl\u00e8ve rien \u00e0 la s\u00e9curit\u00e9 des op\u00e9rateurs et des patients. La conception particuli\u00e8re est con\u00e7ue pour permettre une maniabilit\u00e9 maximale dans les espaces confin\u00e9s, tels que les escaliers des vieilles maisons ou les escaliers [&hellip;]\" \/>\n<meta property=\"og:url\" content=\"https:\/\/meber2026.graphoservice.it\/fr\/product\/679zena\/\" \/>\n<meta property=\"og:site_name\" content=\"Me.Ber.\" \/>\n<meta property=\"article:modified_time\" content=\"2026-02-10T09:29:31+00:00\" \/>\n<meta name=\"twitter:card\" content=\"summary_large_image\" \/>\n<meta name=\"twitter:label1\" content=\"Dur\u00e9e de lecture estim\u00e9e\" \/>\n\t<meta name=\"twitter:data1\" content=\"3 minutes\" \/>\n<script type=\"application\/ld+json\" class=\"yoast-schema-graph\">{\"@context\":\"https:\\\/\\\/schema.org\",\"@graph\":[{\"@type\":\"WebPage\",\"@id\":\"https:\\\/\\\/meber2026.graphoservice.it\\\/fr\\\/product\\\/679zena\\\/\",\"url\":\"https:\\\/\\\/meber2026.graphoservice.it\\\/fr\\\/product\\\/679zena\\\/\",\"name\":\"679Zena\",\"isPartOf\":{\"@id\":\"https:\\\/\\\/meber2026.graphoservice.it\\\/fr\\\/#website\"},\"primaryImageOfPage\":{\"@id\":\"https:\\\/\\\/meber2026.graphoservice.it\\\/fr\\\/product\\\/679zena\\\/#primaryimage\"},\"image\":{\"@id\":\"https:\\\/\\\/meber2026.graphoservice.it\\\/fr\\\/product\\\/679zena\\\/#primaryimage\"},\"thumbnailUrl\":\"https:\\\/\\\/meber2026.graphoservice.it\\\/wp-content\\\/uploads\\\/2026\\\/02\\\/Zena.jpg\",\"datePublished\":\"2026-02-10T09:29:30+00:00\",\"dateModified\":\"2026-02-10T09:29:31+00:00\",\"breadcrumb\":{\"@id\":\"https:\\\/\\\/meber2026.graphoservice.it\\\/fr\\\/product\\\/679zena\\\/#breadcrumb\"},\"inLanguage\":\"fr-FR\",\"potentialAction\":[{\"@type\":\"ReadAction\",\"target\":[\"https:\\\/\\\/meber2026.graphoservice.it\\\/fr\\\/product\\\/679zena\\\/\"]}]},{\"@type\":\"ImageObject\",\"inLanguage\":\"fr-FR\",\"@id\":\"https:\\\/\\\/meber2026.graphoservice.it\\\/fr\\\/product\\\/679zena\\\/#primaryimage\",\"url\":\"https:\\\/\\\/meber2026.graphoservice.it\\\/wp-content\\\/uploads\\\/2026\\\/02\\\/Zena.jpg\",\"contentUrl\":\"https:\\\/\\\/meber2026.graphoservice.it\\\/wp-content\\\/uploads\\\/2026\\\/02\\\/Zena.jpg\",\"width\":675,\"height\":780},{\"@type\":\"BreadcrumbList\",\"@id\":\"https:\\\/\\\/meber2026.graphoservice.it\\\/fr\\\/product\\\/679zena\\\/#breadcrumb\",\"itemListElement\":[{\"@type\":\"ListItem\",\"position\":1,\"name\":\"Home\",\"item\":\"https:\\\/\\\/meber2026.graphoservice.it\\\/fr\\\/\"},{\"@type\":\"ListItem\",\"position\":2,\"name\":\"679Zena\"}]},{\"@type\":\"WebSite\",\"@id\":\"https:\\\/\\\/meber2026.graphoservice.it\\\/fr\\\/#website\",\"url\":\"https:\\\/\\\/meber2026.graphoservice.it\\\/fr\\\/\",\"name\":\"Me.Ber.\",\"description\":\"In Case of Emergerncy\",\"potentialAction\":[{\"@type\":\"SearchAction\",\"target\":{\"@type\":\"EntryPoint\",\"urlTemplate\":\"https:\\\/\\\/meber2026.graphoservice.it\\\/fr\\\/?s={search_term_string}\"},\"query-input\":{\"@type\":\"PropertyValueSpecification\",\"valueRequired\":true,\"valueName\":\"search_term_string\"}}],\"inLanguage\":\"fr-FR\"}]}<\/script>\n<!-- \/ Yoast SEO plugin. -->","yoast_head_json":{"title":"679Zena","robots":{"index":"noindex","follow":"follow","max-snippet":"max-snippet:-1","max-image-preview":"max-image-preview:large","max-video-preview":"max-video-preview:-1"},"og_locale":"fr_FR","og_type":"article","og_title":"679Zena","og_description":"Visiter le site Extra Lite Zena\u00a0 \u00a0 POURQUOI ZENA EST-ELLE DIFF\u00c9RENTE DES AUTRES CHAISES\u00a0? Zena\u00a0 est incroyablement compacte et l\u00e9g\u00e8re, mais n\u2019enl\u00e8ve rien \u00e0 la s\u00e9curit\u00e9 des op\u00e9rateurs et des patients. La conception particuli\u00e8re est con\u00e7ue pour permettre une maniabilit\u00e9 maximale dans les espaces confin\u00e9s, tels que les escaliers des vieilles maisons ou les escaliers [&hellip;]","og_url":"https:\/\/meber2026.graphoservice.it\/fr\/product\/679zena\/","og_site_name":"Me.Ber.","article_modified_time":"2026-02-10T09:29:31+00:00","twitter_card":"summary_large_image","twitter_misc":{"Dur\u00e9e de lecture estim\u00e9e":"3 minutes"},"schema":{"@context":"https:\/\/schema.org","@graph":[{"@type":"WebPage","@id":"https:\/\/meber2026.graphoservice.it\/fr\/product\/679zena\/","url":"https:\/\/meber2026.graphoservice.it\/fr\/product\/679zena\/","name":"679Zena","isPartOf":{"@id":"https:\/\/meber2026.graphoservice.it\/fr\/#website"},"primaryImageOfPage":{"@id":"https:\/\/meber2026.graphoservice.it\/fr\/product\/679zena\/#primaryimage"},"image":{"@id":"https:\/\/meber2026.graphoservice.it\/fr\/product\/679zena\/#primaryimage"},"thumbnailUrl":"https:\/\/meber2026.graphoservice.it\/wp-content\/uploads\/2026\/02\/Zena.jpg","datePublished":"2026-02-10T09:29:30+00:00","dateModified":"2026-02-10T09:29:31+00:00","breadcrumb":{"@id":"https:\/\/meber2026.graphoservice.it\/fr\/product\/679zena\/#breadcrumb"},"inLanguage":"fr-FR","potentialAction":[{"@type":"ReadAction","target":["https:\/\/meber2026.graphoservice.it\/fr\/product\/679zena\/"]}]},{"@type":"ImageObject","inLanguage":"fr-FR","@id":"https:\/\/meber2026.graphoservice.it\/fr\/product\/679zena\/#primaryimage","url":"https:\/\/meber2026.graphoservice.it\/wp-content\/uploads\/2026\/02\/Zena.jpg","contentUrl":"https:\/\/meber2026.graphoservice.it\/wp-content\/uploads\/2026\/02\/Zena.jpg","width":675,"height":780},{"@type":"BreadcrumbList","@id":"https:\/\/meber2026.graphoservice.it\/fr\/product\/679zena\/#breadcrumb","itemListElement":[{"@type":"ListItem","position":1,"name":"Home","item":"https:\/\/meber2026.graphoservice.it\/fr\/"},{"@type":"ListItem","position":2,"name":"679Zena"}]},{"@type":"WebSite","@id":"https:\/\/meber2026.graphoservice.it\/fr\/#website","url":"https:\/\/meber2026.graphoservice.it\/fr\/","name":"Me.Ber.","description":"In Case of Emergerncy","potentialAction":[{"@type":"SearchAction","target":{"@type":"EntryPoint","urlTemplate":"https:\/\/meber2026.graphoservice.it\/fr\/?s={search_term_string}"},"query-input":{"@type":"PropertyValueSpecification","valueRequired":true,"valueName":"search_term_string"}}],"inLanguage":"fr-FR"}]}},"_links":{"self":[{"href":"https:\/\/meber2026.graphoservice.it\/fr\/wp-json\/wp\/v2\/product\/19944","targetHints":{"allow":["GET"]}}],"collection":[{"href":"https:\/\/meber2026.graphoservice.it\/fr\/wp-json\/wp\/v2\/product"}],"about":[{"href":"https:\/\/meber2026.graphoservice.it\/fr\/wp-json\/wp\/v2\/types\/product"}],"author":[{"embeddable":true,"href":"https:\/\/meber2026.graphoservice.it\/fr\/wp-json\/wp\/v2\/users\/1"}],"version-history":[{"count":0,"href":"https:\/\/meber2026.graphoservice.it\/fr\/wp-json\/wp\/v2\/product\/19944\/revisions"}],"wp:featuredmedia":[{"embeddable":true,"href":"https:\/\/meber2026.graphoservice.it\/fr\/wp-json\/wp\/v2\/media\/17012"}],"wp:attachment":[{"href":"https:\/\/meber2026.graphoservice.it\/fr\/wp-json\/wp\/v2\/media?parent=19944"}],"wp:term":[{"taxonomy":"application-tag","embeddable":true,"href":"https:\/\/meber2026.graphoservice.it\/fr\/wp-json\/wp\/v2\/application-tag?post=19944"}],"curies":[{"name":"wp","href":"https:\/\/api.w.org\/{rel}","templated":true}]}}