{"id":19934,"date":"2026-02-10T09:29:29","date_gmt":"2026-02-10T09:29:29","guid":{"rendered":"https:\/\/meber2026.graphoservice.it\/product\/kuma-668\/"},"modified":"2026-02-10T09:29:30","modified_gmt":"2026-02-10T09:29:30","slug":"kuma-668","status":"publish","type":"product","link":"https:\/\/meber2026.graphoservice.it\/fr\/product\/kuma-668\/","title":{"rendered":"Kuma 668"},"content":{"rendered":"<p>Kuma est le chaise motoris\u00e9s MeBer. Caract\u00e9ris\u00e9 par ch\u00e2ssis\u00a0en alliage d\u2019aluminium, batterie aliment\u00e9e par lithium-ion, leviers avant, accoudoirs pratiques,\u00a0plateforme repose-pieds, poign\u00e9e extensible pratique (avec petit pupitre pour la\u00a0commande des chenilles) et 4 roues (2 fixes arri\u00e8re de \u00d8200 mm avec frein et 2 avant\u00a0pivotantes de \u00d8125 mm). Le moteur \u00e9lectrique actionne les chenilles, permettant la\u00a0mont\u00e9e et la descente des marches sans efforts pour l\u2019op\u00e9rateur. Kuma garantit une\u00a0charge de 181 kg. Il est fourni de s\u00e9rie avec batterie, chargeur de batterie, coussin du\u00a0si\u00e8ge, appuie-t\u00eate, sangle thoracique, sangle ventrale. Pratique et facile \u00e0 manier, le\u00a0chaise motoris\u00e9 Kuma est tr\u00e8s simple \u00e0 utiliser. Couleur : noir.<\/p>\n","protected":false},"excerpt":{"rendered":"<p>Kuma est le chaise motoris\u00e9s MeBer. Caract\u00e9ris\u00e9 par ch\u00e2ssis\u00a0en alliage d\u2019aluminium, batterie aliment\u00e9e par lithium-ion, leviers avant, accoudoirs pratiques,\u00a0plateforme repose-pieds, poign\u00e9e extensible pratique (avec petit pupitre pour la\u00a0commande des chenilles) et 4 roues (2 fixes arri\u00e8re de \u00d8200 mm avec frein et 2 avant\u00a0pivotantes de \u00d8125 mm). Le moteur \u00e9lectrique actionne les chenilles, permettant la\u00a0mont\u00e9e [&hellip;]<\/p>\n","protected":false},"author":1,"featured_media":24291,"parent":0,"menu_order":30000500,"template":"","meta":{"_acf_changed":false,"footnotes":""},"application-tag":[],"class_list":["post-19934","product","type-product","status-publish","has-post-thumbnail","hentry"],"acf":[],"dsm_author":{"name":"admeb26","avatar_url":"https:\/\/meber2026.graphoservice.it\/wp-content\/plugins\/ultimate-member\/assets\/img\/default_avatar.jpg","archive_link":"https:\/\/meber2026.graphoservice.it\/fr\/author\/admeb26\/","biodata":""},"dsm_categories":[],"dsm_attachment_categories":[],"dsm_featured_image":{"thumbnail":"https:\/\/meber2026.graphoservice.it\/wp-content\/uploads\/2026\/02\/Kuma_dsc0218-150x150.webp","medium":"https:\/\/meber2026.graphoservice.it\/wp-content\/uploads\/2026\/02\/Kuma_dsc0218-300x300.webp","medium_large":"https:\/\/meber2026.graphoservice.it\/wp-content\/uploads\/2026\/02\/Kuma_dsc0218-768x768.webp","large":"https:\/\/meber2026.graphoservice.it\/wp-content\/uploads\/2026\/02\/Kuma_dsc0218-1024x1024.webp","1536x1536":"https:\/\/meber2026.graphoservice.it\/wp-content\/uploads\/2026\/02\/Kuma_dsc0218-1536x1536.webp","2048x2048":"https:\/\/meber2026.graphoservice.it\/wp-content\/uploads\/2026\/02\/Kuma_dsc0218.webp","et-pb-post-main-image":"https:\/\/meber2026.graphoservice.it\/wp-content\/uploads\/2026\/02\/Kuma_dsc0218-400x250.webp","et-pb-post-main-image-fullwidth":"https:\/\/meber2026.graphoservice.it\/wp-content\/uploads\/2026\/02\/Kuma_dsc0218-1080x675.webp","et-pb-portfolio-image":"https:\/\/meber2026.graphoservice.it\/wp-content\/uploads\/2026\/02\/Kuma_dsc0218-400x284.webp","et-pb-portfolio-module-image":"https:\/\/meber2026.graphoservice.it\/wp-content\/uploads\/2026\/02\/Kuma_dsc0218-510x382.webp","et-pb-portfolio-image-single":"https:\/\/meber2026.graphoservice.it\/wp-content\/uploads\/2026\/02\/Kuma_dsc0218-1080x1080.webp","et-pb-gallery-module-image-portrait":"https:\/\/meber2026.graphoservice.it\/wp-content\/uploads\/2026\/02\/Kuma_dsc0218-400x516.webp","et-pb-post-main-image-fullwidth-large":"https:\/\/meber2026.graphoservice.it\/wp-content\/uploads\/2026\/02\/Kuma_dsc0218-2000x1800.webp","et-pb-image--responsive--desktop":"https:\/\/meber2026.graphoservice.it\/wp-content\/uploads\/2026\/02\/Kuma_dsc0218-1280x1280.webp","et-pb-image--responsive--tablet":"https:\/\/meber2026.graphoservice.it\/wp-content\/uploads\/2026\/02\/Kuma_dsc0218-980x980.webp","et-pb-image--responsive--phone":"https:\/\/meber2026.graphoservice.it\/wp-content\/uploads\/2026\/02\/Kuma_dsc0218-480x480.webp","full":"https:\/\/meber2026.graphoservice.it\/wp-content\/uploads\/2026\/02\/Kuma_dsc0218.webp"},"yoast_head":"<!-- This site is optimized with the Yoast SEO plugin v27.4 - https:\/\/yoast.com\/product\/yoast-seo-wordpress\/ -->\n<title>Kuma 668<\/title>\n<meta name=\"robots\" content=\"noindex, follow, max-snippet:-1, max-image-preview:large, max-video-preview:-1\" \/>\n<meta property=\"og:locale\" content=\"fr_FR\" \/>\n<meta property=\"og:type\" content=\"article\" \/>\n<meta property=\"og:title\" content=\"Kuma 668\" \/>\n<meta property=\"og:description\" content=\"Kuma est le chaise motoris\u00e9s MeBer. Caract\u00e9ris\u00e9 par ch\u00e2ssis\u00a0en alliage d\u2019aluminium, batterie aliment\u00e9e par lithium-ion, leviers avant, accoudoirs pratiques,\u00a0plateforme repose-pieds, poign\u00e9e extensible pratique (avec petit pupitre pour la\u00a0commande des chenilles) et 4 roues (2 fixes arri\u00e8re de \u00d8200 mm avec frein et 2 avant\u00a0pivotantes de \u00d8125 mm). Le moteur \u00e9lectrique actionne les chenilles, permettant la\u00a0mont\u00e9e [&hellip;]\" \/>\n<meta property=\"og:url\" content=\"https:\/\/meber2026.graphoservice.it\/fr\/product\/kuma-668\/\" \/>\n<meta property=\"og:site_name\" content=\"Me.Ber.\" \/>\n<meta property=\"article:modified_time\" content=\"2026-02-10T09:29:30+00:00\" \/>\n<meta name=\"twitter:card\" content=\"summary_large_image\" \/>\n<meta name=\"twitter:label1\" content=\"Dur\u00e9e de lecture estim\u00e9e\" \/>\n\t<meta name=\"twitter:data1\" content=\"1 minute\" \/>\n<script type=\"application\/ld+json\" class=\"yoast-schema-graph\">{\"@context\":\"https:\\\/\\\/schema.org\",\"@graph\":[{\"@type\":\"WebPage\",\"@id\":\"https:\\\/\\\/meber2026.graphoservice.it\\\/fr\\\/product\\\/kuma-668\\\/\",\"url\":\"https:\\\/\\\/meber2026.graphoservice.it\\\/fr\\\/product\\\/kuma-668\\\/\",\"name\":\"Kuma 668\",\"isPartOf\":{\"@id\":\"https:\\\/\\\/meber2026.graphoservice.it\\\/fr\\\/#website\"},\"primaryImageOfPage\":{\"@id\":\"https:\\\/\\\/meber2026.graphoservice.it\\\/fr\\\/product\\\/kuma-668\\\/#primaryimage\"},\"image\":{\"@id\":\"https:\\\/\\\/meber2026.graphoservice.it\\\/fr\\\/product\\\/kuma-668\\\/#primaryimage\"},\"thumbnailUrl\":\"https:\\\/\\\/meber2026.graphoservice.it\\\/wp-content\\\/uploads\\\/2026\\\/02\\\/Kuma_dsc0218.webp\",\"datePublished\":\"2026-02-10T09:29:29+00:00\",\"dateModified\":\"2026-02-10T09:29:30+00:00\",\"breadcrumb\":{\"@id\":\"https:\\\/\\\/meber2026.graphoservice.it\\\/fr\\\/product\\\/kuma-668\\\/#breadcrumb\"},\"inLanguage\":\"fr-FR\",\"potentialAction\":[{\"@type\":\"ReadAction\",\"target\":[\"https:\\\/\\\/meber2026.graphoservice.it\\\/fr\\\/product\\\/kuma-668\\\/\"]}]},{\"@type\":\"ImageObject\",\"inLanguage\":\"fr-FR\",\"@id\":\"https:\\\/\\\/meber2026.graphoservice.it\\\/fr\\\/product\\\/kuma-668\\\/#primaryimage\",\"url\":\"https:\\\/\\\/meber2026.graphoservice.it\\\/wp-content\\\/uploads\\\/2026\\\/02\\\/Kuma_dsc0218.webp\",\"contentUrl\":\"https:\\\/\\\/meber2026.graphoservice.it\\\/wp-content\\\/uploads\\\/2026\\\/02\\\/Kuma_dsc0218.webp\",\"width\":2000,\"height\":2000},{\"@type\":\"BreadcrumbList\",\"@id\":\"https:\\\/\\\/meber2026.graphoservice.it\\\/fr\\\/product\\\/kuma-668\\\/#breadcrumb\",\"itemListElement\":[{\"@type\":\"ListItem\",\"position\":1,\"name\":\"Home\",\"item\":\"https:\\\/\\\/meber2026.graphoservice.it\\\/fr\\\/\"},{\"@type\":\"ListItem\",\"position\":2,\"name\":\"Kuma 668\"}]},{\"@type\":\"WebSite\",\"@id\":\"https:\\\/\\\/meber2026.graphoservice.it\\\/fr\\\/#website\",\"url\":\"https:\\\/\\\/meber2026.graphoservice.it\\\/fr\\\/\",\"name\":\"Me.Ber.\",\"description\":\"In Case of Emergerncy\",\"potentialAction\":[{\"@type\":\"SearchAction\",\"target\":{\"@type\":\"EntryPoint\",\"urlTemplate\":\"https:\\\/\\\/meber2026.graphoservice.it\\\/fr\\\/?s={search_term_string}\"},\"query-input\":{\"@type\":\"PropertyValueSpecification\",\"valueRequired\":true,\"valueName\":\"search_term_string\"}}],\"inLanguage\":\"fr-FR\"}]}<\/script>\n<!-- \/ Yoast SEO plugin. -->","yoast_head_json":{"title":"Kuma 668","robots":{"index":"noindex","follow":"follow","max-snippet":"max-snippet:-1","max-image-preview":"max-image-preview:large","max-video-preview":"max-video-preview:-1"},"og_locale":"fr_FR","og_type":"article","og_title":"Kuma 668","og_description":"Kuma est le chaise motoris\u00e9s MeBer. Caract\u00e9ris\u00e9 par ch\u00e2ssis\u00a0en alliage d\u2019aluminium, batterie aliment\u00e9e par lithium-ion, leviers avant, accoudoirs pratiques,\u00a0plateforme repose-pieds, poign\u00e9e extensible pratique (avec petit pupitre pour la\u00a0commande des chenilles) et 4 roues (2 fixes arri\u00e8re de \u00d8200 mm avec frein et 2 avant\u00a0pivotantes de \u00d8125 mm). Le moteur \u00e9lectrique actionne les chenilles, permettant la\u00a0mont\u00e9e [&hellip;]","og_url":"https:\/\/meber2026.graphoservice.it\/fr\/product\/kuma-668\/","og_site_name":"Me.Ber.","article_modified_time":"2026-02-10T09:29:30+00:00","twitter_card":"summary_large_image","twitter_misc":{"Dur\u00e9e de lecture estim\u00e9e":"1 minute"},"schema":{"@context":"https:\/\/schema.org","@graph":[{"@type":"WebPage","@id":"https:\/\/meber2026.graphoservice.it\/fr\/product\/kuma-668\/","url":"https:\/\/meber2026.graphoservice.it\/fr\/product\/kuma-668\/","name":"Kuma 668","isPartOf":{"@id":"https:\/\/meber2026.graphoservice.it\/fr\/#website"},"primaryImageOfPage":{"@id":"https:\/\/meber2026.graphoservice.it\/fr\/product\/kuma-668\/#primaryimage"},"image":{"@id":"https:\/\/meber2026.graphoservice.it\/fr\/product\/kuma-668\/#primaryimage"},"thumbnailUrl":"https:\/\/meber2026.graphoservice.it\/wp-content\/uploads\/2026\/02\/Kuma_dsc0218.webp","datePublished":"2026-02-10T09:29:29+00:00","dateModified":"2026-02-10T09:29:30+00:00","breadcrumb":{"@id":"https:\/\/meber2026.graphoservice.it\/fr\/product\/kuma-668\/#breadcrumb"},"inLanguage":"fr-FR","potentialAction":[{"@type":"ReadAction","target":["https:\/\/meber2026.graphoservice.it\/fr\/product\/kuma-668\/"]}]},{"@type":"ImageObject","inLanguage":"fr-FR","@id":"https:\/\/meber2026.graphoservice.it\/fr\/product\/kuma-668\/#primaryimage","url":"https:\/\/meber2026.graphoservice.it\/wp-content\/uploads\/2026\/02\/Kuma_dsc0218.webp","contentUrl":"https:\/\/meber2026.graphoservice.it\/wp-content\/uploads\/2026\/02\/Kuma_dsc0218.webp","width":2000,"height":2000},{"@type":"BreadcrumbList","@id":"https:\/\/meber2026.graphoservice.it\/fr\/product\/kuma-668\/#breadcrumb","itemListElement":[{"@type":"ListItem","position":1,"name":"Home","item":"https:\/\/meber2026.graphoservice.it\/fr\/"},{"@type":"ListItem","position":2,"name":"Kuma 668"}]},{"@type":"WebSite","@id":"https:\/\/meber2026.graphoservice.it\/fr\/#website","url":"https:\/\/meber2026.graphoservice.it\/fr\/","name":"Me.Ber.","description":"In Case of Emergerncy","potentialAction":[{"@type":"SearchAction","target":{"@type":"EntryPoint","urlTemplate":"https:\/\/meber2026.graphoservice.it\/fr\/?s={search_term_string}"},"query-input":{"@type":"PropertyValueSpecification","valueRequired":true,"valueName":"search_term_string"}}],"inLanguage":"fr-FR"}]}},"_links":{"self":[{"href":"https:\/\/meber2026.graphoservice.it\/fr\/wp-json\/wp\/v2\/product\/19934","targetHints":{"allow":["GET"]}}],"collection":[{"href":"https:\/\/meber2026.graphoservice.it\/fr\/wp-json\/wp\/v2\/product"}],"about":[{"href":"https:\/\/meber2026.graphoservice.it\/fr\/wp-json\/wp\/v2\/types\/product"}],"author":[{"embeddable":true,"href":"https:\/\/meber2026.graphoservice.it\/fr\/wp-json\/wp\/v2\/users\/1"}],"version-history":[{"count":0,"href":"https:\/\/meber2026.graphoservice.it\/fr\/wp-json\/wp\/v2\/product\/19934\/revisions"}],"wp:featuredmedia":[{"embeddable":true,"href":"https:\/\/meber2026.graphoservice.it\/fr\/wp-json\/wp\/v2\/media\/24291"}],"wp:attachment":[{"href":"https:\/\/meber2026.graphoservice.it\/fr\/wp-json\/wp\/v2\/media?parent=19934"}],"wp:term":[{"taxonomy":"application-tag","embeddable":true,"href":"https:\/\/meber2026.graphoservice.it\/fr\/wp-json\/wp\/v2\/application-tag?post=19934"}],"curies":[{"name":"wp","href":"https:\/\/api.w.org\/{rel}","templated":true}]}}