{"id":19929,"date":"2026-02-10T09:29:29","date_gmt":"2026-02-10T09:29:29","guid":{"rendered":"https:\/\/meber2026.graphoservice.it\/product\/mercury-lite-cinque-7095-4rg-proof\/"},"modified":"2026-02-10T09:29:29","modified_gmt":"2026-02-10T09:29:29","slug":"mercury-lite-cinque-7095-4rg-proof","status":"publish","type":"product","link":"https:\/\/meber2026.graphoservice.it\/fr\/product\/mercury-lite-cinque-7095-4rg-proof\/","title":{"rendered":"Mercury Lite Cinque 7095\/4RG Proof"},"content":{"rendered":"<p><strong>Mercury Mercury Cinque d\u00e9rive de l\u2019un des projets les plus r\u00e9ussis dans le domaine du sauvetage, certainement le produit Me.Ber. le plus populaire : le Mercury 4RG. Mercury Cinque est destin\u00e9 \u00e0 \u00e9tendre davantage les capacit\u00e9s op\u00e9rationnelles du mod\u00e8le original en introduisant les cinq hauteurs. Cependant, Mercury Cinque est bien plus qu\u2019une \u00e9volution ! C\u2019est l\u2019unique brancard \u00e0 cinq hauteurs avec chariot avant rabattable, et aussi le seul qui vous garantit la capacit\u00e9 maximale de 250 kg sur les cinq niveaux.<\/p>\n<p>Enti\u00e8rement r\u00e9alis\u00e9 en alliage d\u2019aluminium, il diff\u00e8re des mod\u00e8les Mercury Cinque art. 7075\/4rg Proof et art. 7077\/4rg Proof, construits en acier inoxydable, en raison de sa l\u00e9g\u00e8ret\u00e9. Il est \u00e9quip\u00e9 d\u2019un syst\u00e8me \u00e0 plusieurs niveaux au moyen de 2 pistons coulissants m\u00e9caniquement sur chaque axe. Les plateformes en aluminium sont r\u00e9sistantes, durables et parfaitement aseptis\u00e9es. La fixation du brancard, \u00e0 bord du v\u00e9hicule de secours, s\u2019effectue au moyen du syst\u00e8me de verrouillage certifi\u00e9 UNI EN 1789 Art. 955 Proof.<\/p>\n<p><u><strong>5 POSITIONS:<\/strong><\/u><\/p>\n<p><em>1. NIVEAU DE CHARGEMENT<\/em> -Hauteur maximale<br \/>\nChargement sur le v\u00e9hicule, manutention au sol, transfert final aux urgences ou au bloc op\u00e9ratoire, traitement ou triage sur le terrain.<\/p>\n<p><em>2. POSITION HAUTE &#8211;<\/em>\u00a0R\u00e9cup\u00e9ration haute<br \/>\nConvient comme position de repos. Hauteur id\u00e9ale pour placer le patient spinalys\u00e9.<\/p>\n<p><em>3. INTERM\u00c9DIAIRE<\/em> &#8211; Lit haut<br \/>\nHauteur typique d\u2019un lit d\u2019h\u00f4pital ou hauteur adapt\u00e9e \u00e0 l\u2019assise du patient ambulatoire. Hauteur id\u00e9ale pour la translation du brancard \u00e0 la chaise et vice versa..<\/p>\n<p><em>4. POSITION BASSE <\/em>&#8211; Lit ou canap\u00e9 de maison<br \/>\nHauteur typique d\u2019un canap\u00e9 ou d\u2019un lit dans une maison. Cette hauteur permet une translation ais\u00e9e du patient collaborateur et simplifie le passage via le brancard..<\/p>\n<p><em>5. POSITION DE BASE<\/em> &#8211; R\u00e9cup\u00e9ration au sol<br \/>\n\u00c0 seulement 30 cm du sol, il permet toutes les op\u00e9rations de chargement classiques, garantissant une capacit\u00e9 de 250 kg.<\/p>\n<p><u><span style=\"font-weight: 700;\">Hauteurs:<\/span><\/u>\u00a0<\/strong>95 cm &#8211; 87 cm &#8211; 79 cm &#8211; 68 cm &#8211; 37 cm<\/p>\n<p><strong>Caract\u00e9ristiques principales: <\/strong><\/p>\n<ul>\n<li><strong>Capacit\u00e9 de 250 kg sur les 5 niveaux <\/strong><br \/>\n\t<img loading=\"lazy\" decoding=\"async\" alt=\"\" height=\"88\" src=\"http:\/\/www.meber.it\/adm\/Images\/contents\/10G Logo 2019_def.png\" width=\"80\" \/><\/p>\n<ul>\n<li><strong>Chariot pliable<\/strong><\/li>\n<li><strong>Ergonomie contre le mal de dos : les commandes du brancard et l\u2019ergonomie g\u00e9n\u00e9rale sont \u00e9tudi\u00e9es pour ne pas surcharger le secouriste, notamment pour le soulager la charge sur le dos. <\/strong>\n<ul>\n<li><strong>Roues de 200 mm : plus de confort pour le patient et une grande s\u00e9curit\u00e9 pour les secouristes qui peuvent se d\u00e9placer facilement m\u00eame en pr\u00e9sence de sols et de surfaces in\u00e9gales.<\/strong><\/li>\n<li><strong>4 roues pivotantes pour man\u0153uvrer en toute s\u00e9curit\u00e9 \u00e0 tout moment : Mercury Cinque dispose de 4 roues pivotantes. Une simple commande permet le d\u00e9blocage de la rotation des roues avant pour un maximum de maniabilit\u00e9.<\/strong><\/li>\n<li><strong>D\u00e9corations r\u00e9fl\u00e9chissantes : pour am\u00e9liorer la visibilit\u00e9 du brancard dans le cadre de l\u2019assistance routi\u00e8re de nuit, des autocollants r\u00e9fl\u00e9chissants ont \u00e9t\u00e9 utilis\u00e9s en divers points.\u00a0 <\/strong><\/li>\n<\/ul>\n<p>\n\t\t<strong>\u00a0<\/strong><\/li>\n<p><\/p>\n<li><strong>Appareil certifi\u00e9 selon les normes de s\u00e9curit\u00e9 europ\u00e9ennes harmonis\u00e9es UNI EN 1865 &#8211; UNI EN 1789.<\/strong><br \/>\n\t\t\u00a0<\/li>\n<\/ul>\n<\/li>\n<\/ul>\n","protected":false},"excerpt":{"rendered":"<p>Mercury Mercury Cinque d\u00e9rive de l\u2019un des projets les plus r\u00e9ussis dans le domaine du sauvetage, certainement le produit Me.Ber. le plus populaire : le Mercury 4RG. Mercury Cinque est destin\u00e9 \u00e0 \u00e9tendre davantage les capacit\u00e9s op\u00e9rationnelles du mod\u00e8le original en introduisant les cinq hauteurs. Cependant, Mercury Cinque est bien plus qu\u2019une \u00e9volution ! C\u2019est [&hellip;]<\/p>\n","protected":false},"author":1,"featured_media":27245,"parent":0,"menu_order":20000700,"template":"","meta":{"_acf_changed":false,"footnotes":""},"application-tag":[],"class_list":["post-19929","product","type-product","status-publish","has-post-thumbnail","hentry"],"acf":[],"dsm_author":{"name":"admeb26","avatar_url":"https:\/\/meber2026.graphoservice.it\/wp-content\/plugins\/ultimate-member\/assets\/img\/default_avatar.jpg","archive_link":"https:\/\/meber2026.graphoservice.it\/fr\/author\/admeb26\/","biodata":""},"dsm_categories":[],"dsm_attachment_categories":[],"dsm_featured_image":{"thumbnail":"https:\/\/meber2026.graphoservice.it\/wp-content\/uploads\/2026\/02\/Mercury-5-Lite-4RG_elaborata-nuda-copia-150x150.webp","medium":"https:\/\/meber2026.graphoservice.it\/wp-content\/uploads\/2026\/02\/Mercury-5-Lite-4RG_elaborata-nuda-copia-300x300.webp","medium_large":"https:\/\/meber2026.graphoservice.it\/wp-content\/uploads\/2026\/02\/Mercury-5-Lite-4RG_elaborata-nuda-copia-768x768.webp","large":"https:\/\/meber2026.graphoservice.it\/wp-content\/uploads\/2026\/02\/Mercury-5-Lite-4RG_elaborata-nuda-copia-1024x1024.webp","1536x1536":"https:\/\/meber2026.graphoservice.it\/wp-content\/uploads\/2026\/02\/Mercury-5-Lite-4RG_elaborata-nuda-copia-1536x1536.webp","2048x2048":"https:\/\/meber2026.graphoservice.it\/wp-content\/uploads\/2026\/02\/Mercury-5-Lite-4RG_elaborata-nuda-copia.webp","et-pb-post-main-image":"https:\/\/meber2026.graphoservice.it\/wp-content\/uploads\/2026\/02\/Mercury-5-Lite-4RG_elaborata-nuda-copia-400x250.webp","et-pb-post-main-image-fullwidth":"https:\/\/meber2026.graphoservice.it\/wp-content\/uploads\/2026\/02\/Mercury-5-Lite-4RG_elaborata-nuda-copia-1080x675.webp","et-pb-portfolio-image":"https:\/\/meber2026.graphoservice.it\/wp-content\/uploads\/2026\/02\/Mercury-5-Lite-4RG_elaborata-nuda-copia-400x284.webp","et-pb-portfolio-module-image":"https:\/\/meber2026.graphoservice.it\/wp-content\/uploads\/2026\/02\/Mercury-5-Lite-4RG_elaborata-nuda-copia-510x382.webp","et-pb-portfolio-image-single":"https:\/\/meber2026.graphoservice.it\/wp-content\/uploads\/2026\/02\/Mercury-5-Lite-4RG_elaborata-nuda-copia-1080x1080.webp","et-pb-gallery-module-image-portrait":"https:\/\/meber2026.graphoservice.it\/wp-content\/uploads\/2026\/02\/Mercury-5-Lite-4RG_elaborata-nuda-copia-400x516.webp","et-pb-post-main-image-fullwidth-large":"https:\/\/meber2026.graphoservice.it\/wp-content\/uploads\/2026\/02\/Mercury-5-Lite-4RG_elaborata-nuda-copia-2000x1800.webp","et-pb-image--responsive--desktop":"https:\/\/meber2026.graphoservice.it\/wp-content\/uploads\/2026\/02\/Mercury-5-Lite-4RG_elaborata-nuda-copia-1280x1280.webp","et-pb-image--responsive--tablet":"https:\/\/meber2026.graphoservice.it\/wp-content\/uploads\/2026\/02\/Mercury-5-Lite-4RG_elaborata-nuda-copia-980x980.webp","et-pb-image--responsive--phone":"https:\/\/meber2026.graphoservice.it\/wp-content\/uploads\/2026\/02\/Mercury-5-Lite-4RG_elaborata-nuda-copia-480x480.webp","full":"https:\/\/meber2026.graphoservice.it\/wp-content\/uploads\/2026\/02\/Mercury-5-Lite-4RG_elaborata-nuda-copia.webp"},"yoast_head":"<!-- This site is optimized with the Yoast SEO plugin v27.4 - https:\/\/yoast.com\/product\/yoast-seo-wordpress\/ -->\n<title>Mercury Lite Cinque 7095\/4RG Proof<\/title>\n<meta name=\"robots\" content=\"noindex, follow, max-snippet:-1, max-image-preview:large, max-video-preview:-1\" \/>\n<meta property=\"og:locale\" content=\"fr_FR\" \/>\n<meta property=\"og:type\" content=\"article\" \/>\n<meta property=\"og:title\" content=\"Mercury Lite Cinque 7095\/4RG Proof\" \/>\n<meta property=\"og:description\" content=\"Mercury Mercury Cinque d\u00e9rive de l\u2019un des projets les plus r\u00e9ussis dans le domaine du sauvetage, certainement le produit Me.Ber. le plus populaire : le Mercury 4RG. Mercury Cinque est destin\u00e9 \u00e0 \u00e9tendre davantage les capacit\u00e9s op\u00e9rationnelles du mod\u00e8le original en introduisant les cinq hauteurs. Cependant, Mercury Cinque est bien plus qu\u2019une \u00e9volution ! C\u2019est [&hellip;]\" \/>\n<meta property=\"og:url\" content=\"https:\/\/meber2026.graphoservice.it\/fr\/product\/mercury-lite-cinque-7095-4rg-proof\/\" \/>\n<meta property=\"og:site_name\" content=\"Me.Ber.\" \/>\n<meta name=\"twitter:card\" content=\"summary_large_image\" \/>\n<meta name=\"twitter:label1\" content=\"Dur\u00e9e de lecture estim\u00e9e\" \/>\n\t<meta name=\"twitter:data1\" content=\"2 minutes\" \/>\n<script type=\"application\/ld+json\" class=\"yoast-schema-graph\">{\"@context\":\"https:\\\/\\\/schema.org\",\"@graph\":[{\"@type\":\"WebPage\",\"@id\":\"https:\\\/\\\/meber2026.graphoservice.it\\\/fr\\\/product\\\/mercury-lite-cinque-7095-4rg-proof\\\/\",\"url\":\"https:\\\/\\\/meber2026.graphoservice.it\\\/fr\\\/product\\\/mercury-lite-cinque-7095-4rg-proof\\\/\",\"name\":\"Mercury Lite Cinque 7095\\\/4RG Proof\",\"isPartOf\":{\"@id\":\"https:\\\/\\\/meber2026.graphoservice.it\\\/fr\\\/#website\"},\"primaryImageOfPage\":{\"@id\":\"https:\\\/\\\/meber2026.graphoservice.it\\\/fr\\\/product\\\/mercury-lite-cinque-7095-4rg-proof\\\/#primaryimage\"},\"image\":{\"@id\":\"https:\\\/\\\/meber2026.graphoservice.it\\\/fr\\\/product\\\/mercury-lite-cinque-7095-4rg-proof\\\/#primaryimage\"},\"thumbnailUrl\":\"https:\\\/\\\/meber2026.graphoservice.it\\\/wp-content\\\/uploads\\\/2026\\\/02\\\/Mercury-5-Lite-4RG_elaborata-nuda-copia.webp\",\"datePublished\":\"2026-02-10T09:29:29+00:00\",\"breadcrumb\":{\"@id\":\"https:\\\/\\\/meber2026.graphoservice.it\\\/fr\\\/product\\\/mercury-lite-cinque-7095-4rg-proof\\\/#breadcrumb\"},\"inLanguage\":\"fr-FR\",\"potentialAction\":[{\"@type\":\"ReadAction\",\"target\":[\"https:\\\/\\\/meber2026.graphoservice.it\\\/fr\\\/product\\\/mercury-lite-cinque-7095-4rg-proof\\\/\"]}]},{\"@type\":\"ImageObject\",\"inLanguage\":\"fr-FR\",\"@id\":\"https:\\\/\\\/meber2026.graphoservice.it\\\/fr\\\/product\\\/mercury-lite-cinque-7095-4rg-proof\\\/#primaryimage\",\"url\":\"https:\\\/\\\/meber2026.graphoservice.it\\\/wp-content\\\/uploads\\\/2026\\\/02\\\/Mercury-5-Lite-4RG_elaborata-nuda-copia.webp\",\"contentUrl\":\"https:\\\/\\\/meber2026.graphoservice.it\\\/wp-content\\\/uploads\\\/2026\\\/02\\\/Mercury-5-Lite-4RG_elaborata-nuda-copia.webp\",\"width\":2000,\"height\":2000},{\"@type\":\"BreadcrumbList\",\"@id\":\"https:\\\/\\\/meber2026.graphoservice.it\\\/fr\\\/product\\\/mercury-lite-cinque-7095-4rg-proof\\\/#breadcrumb\",\"itemListElement\":[{\"@type\":\"ListItem\",\"position\":1,\"name\":\"Home\",\"item\":\"https:\\\/\\\/meber2026.graphoservice.it\\\/fr\\\/\"},{\"@type\":\"ListItem\",\"position\":2,\"name\":\"Mercury Lite Cinque 7095\\\/4RG Proof\"}]},{\"@type\":\"WebSite\",\"@id\":\"https:\\\/\\\/meber2026.graphoservice.it\\\/fr\\\/#website\",\"url\":\"https:\\\/\\\/meber2026.graphoservice.it\\\/fr\\\/\",\"name\":\"Me.Ber.\",\"description\":\"In Case of Emergerncy\",\"potentialAction\":[{\"@type\":\"SearchAction\",\"target\":{\"@type\":\"EntryPoint\",\"urlTemplate\":\"https:\\\/\\\/meber2026.graphoservice.it\\\/fr\\\/?s={search_term_string}\"},\"query-input\":{\"@type\":\"PropertyValueSpecification\",\"valueRequired\":true,\"valueName\":\"search_term_string\"}}],\"inLanguage\":\"fr-FR\"}]}<\/script>\n<!-- \/ Yoast SEO plugin. -->","yoast_head_json":{"title":"Mercury Lite Cinque 7095\/4RG Proof","robots":{"index":"noindex","follow":"follow","max-snippet":"max-snippet:-1","max-image-preview":"max-image-preview:large","max-video-preview":"max-video-preview:-1"},"og_locale":"fr_FR","og_type":"article","og_title":"Mercury Lite Cinque 7095\/4RG Proof","og_description":"Mercury Mercury Cinque d\u00e9rive de l\u2019un des projets les plus r\u00e9ussis dans le domaine du sauvetage, certainement le produit Me.Ber. le plus populaire : le Mercury 4RG. Mercury Cinque est destin\u00e9 \u00e0 \u00e9tendre davantage les capacit\u00e9s op\u00e9rationnelles du mod\u00e8le original en introduisant les cinq hauteurs. Cependant, Mercury Cinque est bien plus qu\u2019une \u00e9volution ! C\u2019est [&hellip;]","og_url":"https:\/\/meber2026.graphoservice.it\/fr\/product\/mercury-lite-cinque-7095-4rg-proof\/","og_site_name":"Me.Ber.","twitter_card":"summary_large_image","twitter_misc":{"Dur\u00e9e de lecture estim\u00e9e":"2 minutes"},"schema":{"@context":"https:\/\/schema.org","@graph":[{"@type":"WebPage","@id":"https:\/\/meber2026.graphoservice.it\/fr\/product\/mercury-lite-cinque-7095-4rg-proof\/","url":"https:\/\/meber2026.graphoservice.it\/fr\/product\/mercury-lite-cinque-7095-4rg-proof\/","name":"Mercury Lite Cinque 7095\/4RG Proof","isPartOf":{"@id":"https:\/\/meber2026.graphoservice.it\/fr\/#website"},"primaryImageOfPage":{"@id":"https:\/\/meber2026.graphoservice.it\/fr\/product\/mercury-lite-cinque-7095-4rg-proof\/#primaryimage"},"image":{"@id":"https:\/\/meber2026.graphoservice.it\/fr\/product\/mercury-lite-cinque-7095-4rg-proof\/#primaryimage"},"thumbnailUrl":"https:\/\/meber2026.graphoservice.it\/wp-content\/uploads\/2026\/02\/Mercury-5-Lite-4RG_elaborata-nuda-copia.webp","datePublished":"2026-02-10T09:29:29+00:00","breadcrumb":{"@id":"https:\/\/meber2026.graphoservice.it\/fr\/product\/mercury-lite-cinque-7095-4rg-proof\/#breadcrumb"},"inLanguage":"fr-FR","potentialAction":[{"@type":"ReadAction","target":["https:\/\/meber2026.graphoservice.it\/fr\/product\/mercury-lite-cinque-7095-4rg-proof\/"]}]},{"@type":"ImageObject","inLanguage":"fr-FR","@id":"https:\/\/meber2026.graphoservice.it\/fr\/product\/mercury-lite-cinque-7095-4rg-proof\/#primaryimage","url":"https:\/\/meber2026.graphoservice.it\/wp-content\/uploads\/2026\/02\/Mercury-5-Lite-4RG_elaborata-nuda-copia.webp","contentUrl":"https:\/\/meber2026.graphoservice.it\/wp-content\/uploads\/2026\/02\/Mercury-5-Lite-4RG_elaborata-nuda-copia.webp","width":2000,"height":2000},{"@type":"BreadcrumbList","@id":"https:\/\/meber2026.graphoservice.it\/fr\/product\/mercury-lite-cinque-7095-4rg-proof\/#breadcrumb","itemListElement":[{"@type":"ListItem","position":1,"name":"Home","item":"https:\/\/meber2026.graphoservice.it\/fr\/"},{"@type":"ListItem","position":2,"name":"Mercury Lite Cinque 7095\/4RG Proof"}]},{"@type":"WebSite","@id":"https:\/\/meber2026.graphoservice.it\/fr\/#website","url":"https:\/\/meber2026.graphoservice.it\/fr\/","name":"Me.Ber.","description":"In Case of Emergerncy","potentialAction":[{"@type":"SearchAction","target":{"@type":"EntryPoint","urlTemplate":"https:\/\/meber2026.graphoservice.it\/fr\/?s={search_term_string}"},"query-input":{"@type":"PropertyValueSpecification","valueRequired":true,"valueName":"search_term_string"}}],"inLanguage":"fr-FR"}]}},"_links":{"self":[{"href":"https:\/\/meber2026.graphoservice.it\/fr\/wp-json\/wp\/v2\/product\/19929","targetHints":{"allow":["GET"]}}],"collection":[{"href":"https:\/\/meber2026.graphoservice.it\/fr\/wp-json\/wp\/v2\/product"}],"about":[{"href":"https:\/\/meber2026.graphoservice.it\/fr\/wp-json\/wp\/v2\/types\/product"}],"author":[{"embeddable":true,"href":"https:\/\/meber2026.graphoservice.it\/fr\/wp-json\/wp\/v2\/users\/1"}],"version-history":[{"count":0,"href":"https:\/\/meber2026.graphoservice.it\/fr\/wp-json\/wp\/v2\/product\/19929\/revisions"}],"wp:featuredmedia":[{"embeddable":true,"href":"https:\/\/meber2026.graphoservice.it\/fr\/wp-json\/wp\/v2\/media\/27245"}],"wp:attachment":[{"href":"https:\/\/meber2026.graphoservice.it\/fr\/wp-json\/wp\/v2\/media?parent=19929"}],"wp:term":[{"taxonomy":"application-tag","embeddable":true,"href":"https:\/\/meber2026.graphoservice.it\/fr\/wp-json\/wp\/v2\/application-tag?post=19929"}],"curies":[{"name":"wp","href":"https:\/\/api.w.org\/{rel}","templated":true}]}}