{"id":19899,"date":"2026-02-10T09:29:26","date_gmt":"2026-02-10T09:29:26","guid":{"rendered":"https:\/\/meber2026.graphoservice.it\/product\/1319-2\/"},"modified":"2026-04-28T16:30:25","modified_gmt":"2026-04-28T16:30:25","slug":"1319-2","status":"publish","type":"product","link":"https:\/\/meber2026.graphoservice.it\/fr\/product\/1319-2\/","title":{"rendered":"1319"},"content":{"rendered":"<p>Sac d\u2019urgence r\u00e9alis\u00e9 en PVC \u00e0 l\u2019ext\u00e9rieur, \u00e0 cellules ferm\u00e9es, couleur rouge, fond\u00a0en PVC, avec supports en plastique et poche sup\u00e9rieure transparente pour la\u00a0personnalisation. Compact mais volumineux, gr\u00e2ce aux modularit\u00e9s int\u00e9rieures\u00a0il permet d\u2019am\u00e9nager l\u2019espace de mani\u00e8re personnalis\u00e9e afin de ranger de fa\u00e7on\u00a0optimale tout le n\u00e9cessaire pour les urgences. Il est compos\u00e9 de 4 poches, 2\u00a0lat\u00e9rales, une \u00e0 l\u2019avant et une \u00e0 l\u2019arri\u00e8re, pr\u00e9dipos\u00e9es avec supports et \u00e9lastiques.\u00a0De plus, il comprend un sac suppl\u00e9mentaire amovible avec poche frontale transparente.\u00a0Gr\u00e2ce \u00e0 sa fabrication, enti\u00e8rement d\u00e9houssable, il peut \u00eatre nettoy\u00e9\u00a0et d\u00e9sinfect\u00e9 \u00e0 l\u2019int\u00e9rieur. Transportable \u00e0 la main, en bandouli\u00e8re ou \u00e0 dos.<br \/>\n<strong>Dimensions: 45 x 33 x 34 cm (H x L x P). Poids: 2,2 kg<\/strong><\/p>\n","protected":false},"excerpt":{"rendered":"<p>Sac d\u2019urgence r\u00e9alis\u00e9 en PVC \u00e0 l\u2019ext\u00e9rieur, \u00e0 cellules ferm\u00e9es, couleur rouge, fond\u00a0en PVC, avec supports en plastique et poche sup\u00e9rieure transparente pour la\u00a0personnalisation. Compact mais volumineux, gr\u00e2ce aux modularit\u00e9s int\u00e9rieures\u00a0il permet d\u2019am\u00e9nager l\u2019espace de mani\u00e8re personnalis\u00e9e afin de ranger de fa\u00e7on\u00a0optimale tout le n\u00e9cessaire pour les urgences. Il est compos\u00e9 de 4 poches, 2\u00a0lat\u00e9rales, [&hellip;]<\/p>\n","protected":false},"author":1,"featured_media":16953,"parent":0,"menu_order":80000200,"template":"","meta":{"_acf_changed":false,"footnotes":""},"application-tag":[95],"class_list":["post-19899","product","type-product","status-publish","has-post-thumbnail","hentry","application-tag-materiel-de-premiers-secours"],"acf":[],"dsm_author":{"name":"admeb26","avatar_url":"https:\/\/meber2026.graphoservice.it\/wp-content\/plugins\/ultimate-member\/assets\/img\/default_avatar.jpg","archive_link":"https:\/\/meber2026.graphoservice.it\/fr\/author\/admeb26\/","biodata":""},"dsm_categories":[],"dsm_attachment_categories":[],"dsm_featured_image":{"thumbnail":"https:\/\/meber2026.graphoservice.it\/wp-content\/uploads\/2026\/02\/Giulietta_borsa_emergenza-150x150.jpg","medium":"https:\/\/meber2026.graphoservice.it\/wp-content\/uploads\/2026\/02\/Giulietta_borsa_emergenza-300x280.jpg","medium_large":"https:\/\/meber2026.graphoservice.it\/wp-content\/uploads\/2026\/02\/Giulietta_borsa_emergenza-768x716.jpg","large":"https:\/\/meber2026.graphoservice.it\/wp-content\/uploads\/2026\/02\/Giulietta_borsa_emergenza.jpg","1536x1536":"https:\/\/meber2026.graphoservice.it\/wp-content\/uploads\/2026\/02\/Giulietta_borsa_emergenza.jpg","2048x2048":"https:\/\/meber2026.graphoservice.it\/wp-content\/uploads\/2026\/02\/Giulietta_borsa_emergenza.jpg","et-pb-post-main-image":"https:\/\/meber2026.graphoservice.it\/wp-content\/uploads\/2026\/02\/Giulietta_borsa_emergenza-400x250.jpg","et-pb-post-main-image-fullwidth":"https:\/\/meber2026.graphoservice.it\/wp-content\/uploads\/2026\/02\/Giulietta_borsa_emergenza-780x675.jpg","et-pb-portfolio-image":"https:\/\/meber2026.graphoservice.it\/wp-content\/uploads\/2026\/02\/Giulietta_borsa_emergenza-400x284.jpg","et-pb-portfolio-module-image":"https:\/\/meber2026.graphoservice.it\/wp-content\/uploads\/2026\/02\/Giulietta_borsa_emergenza-510x382.jpg","et-pb-portfolio-image-single":"https:\/\/meber2026.graphoservice.it\/wp-content\/uploads\/2026\/02\/Giulietta_borsa_emergenza.jpg","et-pb-gallery-module-image-portrait":"https:\/\/meber2026.graphoservice.it\/wp-content\/uploads\/2026\/02\/Giulietta_borsa_emergenza-400x516.jpg","et-pb-post-main-image-fullwidth-large":"https:\/\/meber2026.graphoservice.it\/wp-content\/uploads\/2026\/02\/Giulietta_borsa_emergenza.jpg","et-pb-image--responsive--desktop":"https:\/\/meber2026.graphoservice.it\/wp-content\/uploads\/2026\/02\/Giulietta_borsa_emergenza.jpg","et-pb-image--responsive--tablet":"https:\/\/meber2026.graphoservice.it\/wp-content\/uploads\/2026\/02\/Giulietta_borsa_emergenza.jpg","et-pb-image--responsive--phone":"https:\/\/meber2026.graphoservice.it\/wp-content\/uploads\/2026\/02\/Giulietta_borsa_emergenza-480x447.jpg","full":"https:\/\/meber2026.graphoservice.it\/wp-content\/uploads\/2026\/02\/Giulietta_borsa_emergenza.jpg"},"yoast_head":"<!-- This site is optimized with the Yoast SEO plugin v27.4 - https:\/\/yoast.com\/product\/yoast-seo-wordpress\/ -->\n<title>1319<\/title>\n<meta name=\"robots\" content=\"noindex, follow, max-snippet:-1, max-image-preview:large, max-video-preview:-1\" \/>\n<meta property=\"og:locale\" content=\"fr_FR\" \/>\n<meta property=\"og:type\" content=\"article\" \/>\n<meta property=\"og:title\" content=\"1319\" \/>\n<meta property=\"og:description\" content=\"Sac d\u2019urgence r\u00e9alis\u00e9 en PVC \u00e0 l\u2019ext\u00e9rieur, \u00e0 cellules ferm\u00e9es, couleur rouge, fond\u00a0en PVC, avec supports en plastique et poche sup\u00e9rieure transparente pour la\u00a0personnalisation. Compact mais volumineux, gr\u00e2ce aux modularit\u00e9s int\u00e9rieures\u00a0il permet d\u2019am\u00e9nager l\u2019espace de mani\u00e8re personnalis\u00e9e afin de ranger de fa\u00e7on\u00a0optimale tout le n\u00e9cessaire pour les urgences. Il est compos\u00e9 de 4 poches, 2\u00a0lat\u00e9rales, [&hellip;]\" \/>\n<meta property=\"og:url\" content=\"https:\/\/meber2026.graphoservice.it\/fr\/product\/1319-2\/\" \/>\n<meta property=\"og:site_name\" content=\"Me.Ber.\" \/>\n<meta property=\"article:modified_time\" content=\"2026-04-28T16:30:25+00:00\" \/>\n<meta property=\"og:image\" content=\"https:\/\/meber2026.graphoservice.it\/wp-content\/uploads\/2026\/02\/Giulietta_borsa_emergenza.jpg\" \/>\n\t<meta property=\"og:image:width\" content=\"780\" \/>\n\t<meta property=\"og:image:height\" content=\"727\" \/>\n\t<meta property=\"og:image:type\" content=\"image\/jpeg\" \/>\n<meta name=\"twitter:card\" content=\"summary_large_image\" \/>\n<meta name=\"twitter:label1\" content=\"Dur\u00e9e de lecture estim\u00e9e\" \/>\n\t<meta name=\"twitter:data1\" content=\"1 minute\" \/>\n<script type=\"application\/ld+json\" class=\"yoast-schema-graph\">{\"@context\":\"https:\\\/\\\/schema.org\",\"@graph\":[{\"@type\":\"WebPage\",\"@id\":\"https:\\\/\\\/meber2026.graphoservice.it\\\/fr\\\/product\\\/1319-2\\\/\",\"url\":\"https:\\\/\\\/meber2026.graphoservice.it\\\/fr\\\/product\\\/1319-2\\\/\",\"name\":\"1319\",\"isPartOf\":{\"@id\":\"https:\\\/\\\/meber2026.graphoservice.it\\\/fr\\\/#website\"},\"primaryImageOfPage\":{\"@id\":\"https:\\\/\\\/meber2026.graphoservice.it\\\/fr\\\/product\\\/1319-2\\\/#primaryimage\"},\"image\":{\"@id\":\"https:\\\/\\\/meber2026.graphoservice.it\\\/fr\\\/product\\\/1319-2\\\/#primaryimage\"},\"thumbnailUrl\":\"https:\\\/\\\/meber2026.graphoservice.it\\\/wp-content\\\/uploads\\\/2026\\\/02\\\/Giulietta_borsa_emergenza.jpg\",\"datePublished\":\"2026-02-10T09:29:26+00:00\",\"dateModified\":\"2026-04-28T16:30:25+00:00\",\"breadcrumb\":{\"@id\":\"https:\\\/\\\/meber2026.graphoservice.it\\\/fr\\\/product\\\/1319-2\\\/#breadcrumb\"},\"inLanguage\":\"fr-FR\",\"potentialAction\":[{\"@type\":\"ReadAction\",\"target\":[\"https:\\\/\\\/meber2026.graphoservice.it\\\/fr\\\/product\\\/1319-2\\\/\"]}]},{\"@type\":\"ImageObject\",\"inLanguage\":\"fr-FR\",\"@id\":\"https:\\\/\\\/meber2026.graphoservice.it\\\/fr\\\/product\\\/1319-2\\\/#primaryimage\",\"url\":\"https:\\\/\\\/meber2026.graphoservice.it\\\/wp-content\\\/uploads\\\/2026\\\/02\\\/Giulietta_borsa_emergenza.jpg\",\"contentUrl\":\"https:\\\/\\\/meber2026.graphoservice.it\\\/wp-content\\\/uploads\\\/2026\\\/02\\\/Giulietta_borsa_emergenza.jpg\",\"width\":780,\"height\":727},{\"@type\":\"BreadcrumbList\",\"@id\":\"https:\\\/\\\/meber2026.graphoservice.it\\\/fr\\\/product\\\/1319-2\\\/#breadcrumb\",\"itemListElement\":[{\"@type\":\"ListItem\",\"position\":1,\"name\":\"Home\",\"item\":\"https:\\\/\\\/meber2026.graphoservice.it\\\/fr\\\/\"},{\"@type\":\"ListItem\",\"position\":2,\"name\":\"1319\"}]},{\"@type\":\"WebSite\",\"@id\":\"https:\\\/\\\/meber2026.graphoservice.it\\\/fr\\\/#website\",\"url\":\"https:\\\/\\\/meber2026.graphoservice.it\\\/fr\\\/\",\"name\":\"Me.Ber.\",\"description\":\"In Case of Emergerncy\",\"potentialAction\":[{\"@type\":\"SearchAction\",\"target\":{\"@type\":\"EntryPoint\",\"urlTemplate\":\"https:\\\/\\\/meber2026.graphoservice.it\\\/fr\\\/?s={search_term_string}\"},\"query-input\":{\"@type\":\"PropertyValueSpecification\",\"valueRequired\":true,\"valueName\":\"search_term_string\"}}],\"inLanguage\":\"fr-FR\"}]}<\/script>\n<!-- \/ Yoast SEO plugin. -->","yoast_head_json":{"title":"1319","robots":{"index":"noindex","follow":"follow","max-snippet":"max-snippet:-1","max-image-preview":"max-image-preview:large","max-video-preview":"max-video-preview:-1"},"og_locale":"fr_FR","og_type":"article","og_title":"1319","og_description":"Sac d\u2019urgence r\u00e9alis\u00e9 en PVC \u00e0 l\u2019ext\u00e9rieur, \u00e0 cellules ferm\u00e9es, couleur rouge, fond\u00a0en PVC, avec supports en plastique et poche sup\u00e9rieure transparente pour la\u00a0personnalisation. Compact mais volumineux, gr\u00e2ce aux modularit\u00e9s int\u00e9rieures\u00a0il permet d\u2019am\u00e9nager l\u2019espace de mani\u00e8re personnalis\u00e9e afin de ranger de fa\u00e7on\u00a0optimale tout le n\u00e9cessaire pour les urgences. Il est compos\u00e9 de 4 poches, 2\u00a0lat\u00e9rales, [&hellip;]","og_url":"https:\/\/meber2026.graphoservice.it\/fr\/product\/1319-2\/","og_site_name":"Me.Ber.","article_modified_time":"2026-04-28T16:30:25+00:00","og_image":[{"width":780,"height":727,"url":"https:\/\/meber2026.graphoservice.it\/wp-content\/uploads\/2026\/02\/Giulietta_borsa_emergenza.jpg","type":"image\/jpeg"}],"twitter_card":"summary_large_image","twitter_misc":{"Dur\u00e9e de lecture estim\u00e9e":"1 minute"},"schema":{"@context":"https:\/\/schema.org","@graph":[{"@type":"WebPage","@id":"https:\/\/meber2026.graphoservice.it\/fr\/product\/1319-2\/","url":"https:\/\/meber2026.graphoservice.it\/fr\/product\/1319-2\/","name":"1319","isPartOf":{"@id":"https:\/\/meber2026.graphoservice.it\/fr\/#website"},"primaryImageOfPage":{"@id":"https:\/\/meber2026.graphoservice.it\/fr\/product\/1319-2\/#primaryimage"},"image":{"@id":"https:\/\/meber2026.graphoservice.it\/fr\/product\/1319-2\/#primaryimage"},"thumbnailUrl":"https:\/\/meber2026.graphoservice.it\/wp-content\/uploads\/2026\/02\/Giulietta_borsa_emergenza.jpg","datePublished":"2026-02-10T09:29:26+00:00","dateModified":"2026-04-28T16:30:25+00:00","breadcrumb":{"@id":"https:\/\/meber2026.graphoservice.it\/fr\/product\/1319-2\/#breadcrumb"},"inLanguage":"fr-FR","potentialAction":[{"@type":"ReadAction","target":["https:\/\/meber2026.graphoservice.it\/fr\/product\/1319-2\/"]}]},{"@type":"ImageObject","inLanguage":"fr-FR","@id":"https:\/\/meber2026.graphoservice.it\/fr\/product\/1319-2\/#primaryimage","url":"https:\/\/meber2026.graphoservice.it\/wp-content\/uploads\/2026\/02\/Giulietta_borsa_emergenza.jpg","contentUrl":"https:\/\/meber2026.graphoservice.it\/wp-content\/uploads\/2026\/02\/Giulietta_borsa_emergenza.jpg","width":780,"height":727},{"@type":"BreadcrumbList","@id":"https:\/\/meber2026.graphoservice.it\/fr\/product\/1319-2\/#breadcrumb","itemListElement":[{"@type":"ListItem","position":1,"name":"Home","item":"https:\/\/meber2026.graphoservice.it\/fr\/"},{"@type":"ListItem","position":2,"name":"1319"}]},{"@type":"WebSite","@id":"https:\/\/meber2026.graphoservice.it\/fr\/#website","url":"https:\/\/meber2026.graphoservice.it\/fr\/","name":"Me.Ber.","description":"In Case of Emergerncy","potentialAction":[{"@type":"SearchAction","target":{"@type":"EntryPoint","urlTemplate":"https:\/\/meber2026.graphoservice.it\/fr\/?s={search_term_string}"},"query-input":{"@type":"PropertyValueSpecification","valueRequired":true,"valueName":"search_term_string"}}],"inLanguage":"fr-FR"}]}},"_links":{"self":[{"href":"https:\/\/meber2026.graphoservice.it\/fr\/wp-json\/wp\/v2\/product\/19899","targetHints":{"allow":["GET"]}}],"collection":[{"href":"https:\/\/meber2026.graphoservice.it\/fr\/wp-json\/wp\/v2\/product"}],"about":[{"href":"https:\/\/meber2026.graphoservice.it\/fr\/wp-json\/wp\/v2\/types\/product"}],"author":[{"embeddable":true,"href":"https:\/\/meber2026.graphoservice.it\/fr\/wp-json\/wp\/v2\/users\/1"}],"version-history":[{"count":1,"href":"https:\/\/meber2026.graphoservice.it\/fr\/wp-json\/wp\/v2\/product\/19899\/revisions"}],"predecessor-version":[{"id":29544,"href":"https:\/\/meber2026.graphoservice.it\/fr\/wp-json\/wp\/v2\/product\/19899\/revisions\/29544"}],"wp:featuredmedia":[{"embeddable":true,"href":"https:\/\/meber2026.graphoservice.it\/fr\/wp-json\/wp\/v2\/media\/16953"}],"wp:attachment":[{"href":"https:\/\/meber2026.graphoservice.it\/fr\/wp-json\/wp\/v2\/media?parent=19899"}],"wp:term":[{"taxonomy":"application-tag","embeddable":true,"href":"https:\/\/meber2026.graphoservice.it\/fr\/wp-json\/wp\/v2\/application-tag?post=19899"}],"curies":[{"name":"wp","href":"https:\/\/api.w.org\/{rel}","templated":true}]}}