{"id":19894,"date":"2026-02-10T09:29:25","date_gmt":"2026-02-10T09:29:25","guid":{"rendered":"https:\/\/meber2026.graphoservice.it\/product\/1318-2\/"},"modified":"2026-04-28T16:30:19","modified_gmt":"2026-04-28T16:30:19","slug":"1318-2","status":"publish","type":"product","link":"https:\/\/meber2026.graphoservice.it\/fr\/product\/1318-2\/","title":{"rendered":"1318"},"content":{"rendered":"<p>Sac \u00e0 dos de sauvetage, compact et simple, adapt\u00e9 aux volontaires et professionnels des secours.\u00a0Compl\u00e8tement en PVC, \u00e0 cellules ferm\u00e9es, couleur rouge. Ind\u00e9chirable, lavable et r\u00e9sistant, avec poche\u00a0frontale transparente pour la personnalisation et sangles de rangement internes, doubles coutures,\u00a0fermetures \u00e9clair solides de 10 mm, bandes r\u00e9fl\u00e9chissantes \u00e0 haute visibilit\u00e9 sur tous les c\u00f4t\u00e9s ext\u00e9rieurs,\u00a0fond en PVC et supports en plastique. \u00c0 l\u2019int\u00e9rieur, il est dot\u00e9 d\u2019une structure de protection rigide en\u00a0mat\u00e9riau thermoplastique et d\u2019un grand compartiment central avec une ouverture frontale \u00e0 double\u00a0fermeture \u00e9clair et avec 2 poches frontales externes. Le compartiment central est \u00e9quip\u00e9 de fermetures\u00a0Velcro\u00ae permettant de fixer 4 \u00e9tuis de couleur standard (Art. 1362-002), et 2 sacs professionnels (Art.\u00a01362-001), \u00e9galement standard. Le sac est dot\u00e9 de trois poign\u00e9es antid\u00e9rapantes rev\u00eatues de caoutchouc\u00a0pour le transport \u00e0 la main et de deux bretelles renforc\u00e9es avec bandes r\u00e9fl\u00e9chissantes.<br \/>\n<strong>Dimensions: 33 x 54 x 36 cm (H x L x P). Poids: 3,8 kg<\/strong><\/p>\n","protected":false},"excerpt":{"rendered":"<p>Sac \u00e0 dos de sauvetage, compact et simple, adapt\u00e9 aux volontaires et professionnels des secours.\u00a0Compl\u00e8tement en PVC, \u00e0 cellules ferm\u00e9es, couleur rouge. Ind\u00e9chirable, lavable et r\u00e9sistant, avec poche\u00a0frontale transparente pour la personnalisation et sangles de rangement internes, doubles coutures,\u00a0fermetures \u00e9clair solides de 10 mm, bandes r\u00e9fl\u00e9chissantes \u00e0 haute visibilit\u00e9 sur tous les c\u00f4t\u00e9s ext\u00e9rieurs,\u00a0fond en [&hellip;]<\/p>\n","protected":false},"author":1,"featured_media":26502,"parent":0,"menu_order":80000100,"template":"","meta":{"_acf_changed":false,"footnotes":""},"application-tag":[95],"class_list":["post-19894","product","type-product","status-publish","has-post-thumbnail","hentry","application-tag-materiel-de-premiers-secours"],"acf":[],"dsm_author":{"name":"admeb26","avatar_url":"https:\/\/meber2026.graphoservice.it\/wp-content\/plugins\/ultimate-member\/assets\/img\/default_avatar.jpg","archive_link":"https:\/\/meber2026.graphoservice.it\/fr\/author\/admeb26\/","biodata":""},"dsm_categories":[],"dsm_attachment_categories":[],"dsm_featured_image":{"thumbnail":"https:\/\/meber2026.graphoservice.it\/wp-content\/uploads\/2026\/02\/Romeo-Zaino__dsc2655-150x150.webp","medium":"https:\/\/meber2026.graphoservice.it\/wp-content\/uploads\/2026\/02\/Romeo-Zaino__dsc2655-300x300.webp","medium_large":"https:\/\/meber2026.graphoservice.it\/wp-content\/uploads\/2026\/02\/Romeo-Zaino__dsc2655-768x768.webp","large":"https:\/\/meber2026.graphoservice.it\/wp-content\/uploads\/2026\/02\/Romeo-Zaino__dsc2655-1024x1024.webp","1536x1536":"https:\/\/meber2026.graphoservice.it\/wp-content\/uploads\/2026\/02\/Romeo-Zaino__dsc2655-1536x1536.webp","2048x2048":"https:\/\/meber2026.graphoservice.it\/wp-content\/uploads\/2026\/02\/Romeo-Zaino__dsc2655.webp","et-pb-post-main-image":"https:\/\/meber2026.graphoservice.it\/wp-content\/uploads\/2026\/02\/Romeo-Zaino__dsc2655-400x250.webp","et-pb-post-main-image-fullwidth":"https:\/\/meber2026.graphoservice.it\/wp-content\/uploads\/2026\/02\/Romeo-Zaino__dsc2655-1080x675.webp","et-pb-portfolio-image":"https:\/\/meber2026.graphoservice.it\/wp-content\/uploads\/2026\/02\/Romeo-Zaino__dsc2655-400x284.webp","et-pb-portfolio-module-image":"https:\/\/meber2026.graphoservice.it\/wp-content\/uploads\/2026\/02\/Romeo-Zaino__dsc2655-510x382.webp","et-pb-portfolio-image-single":"https:\/\/meber2026.graphoservice.it\/wp-content\/uploads\/2026\/02\/Romeo-Zaino__dsc2655-1080x1080.webp","et-pb-gallery-module-image-portrait":"https:\/\/meber2026.graphoservice.it\/wp-content\/uploads\/2026\/02\/Romeo-Zaino__dsc2655-400x516.webp","et-pb-post-main-image-fullwidth-large":"https:\/\/meber2026.graphoservice.it\/wp-content\/uploads\/2026\/02\/Romeo-Zaino__dsc2655-2000x1800.webp","et-pb-image--responsive--desktop":"https:\/\/meber2026.graphoservice.it\/wp-content\/uploads\/2026\/02\/Romeo-Zaino__dsc2655-1280x1280.webp","et-pb-image--responsive--tablet":"https:\/\/meber2026.graphoservice.it\/wp-content\/uploads\/2026\/02\/Romeo-Zaino__dsc2655-980x980.webp","et-pb-image--responsive--phone":"https:\/\/meber2026.graphoservice.it\/wp-content\/uploads\/2026\/02\/Romeo-Zaino__dsc2655-480x480.webp","full":"https:\/\/meber2026.graphoservice.it\/wp-content\/uploads\/2026\/02\/Romeo-Zaino__dsc2655.webp"},"yoast_head":"<!-- This site is optimized with the Yoast SEO plugin v27.4 - https:\/\/yoast.com\/product\/yoast-seo-wordpress\/ -->\n<title>1318<\/title>\n<meta name=\"robots\" content=\"noindex, follow, max-snippet:-1, max-image-preview:large, max-video-preview:-1\" \/>\n<meta property=\"og:locale\" content=\"fr_FR\" \/>\n<meta property=\"og:type\" content=\"article\" \/>\n<meta property=\"og:title\" content=\"1318\" \/>\n<meta property=\"og:description\" content=\"Sac \u00e0 dos de sauvetage, compact et simple, adapt\u00e9 aux volontaires et professionnels des secours.\u00a0Compl\u00e8tement en PVC, \u00e0 cellules ferm\u00e9es, couleur rouge. Ind\u00e9chirable, lavable et r\u00e9sistant, avec poche\u00a0frontale transparente pour la personnalisation et sangles de rangement internes, doubles coutures,\u00a0fermetures \u00e9clair solides de 10 mm, bandes r\u00e9fl\u00e9chissantes \u00e0 haute visibilit\u00e9 sur tous les c\u00f4t\u00e9s ext\u00e9rieurs,\u00a0fond en [&hellip;]\" \/>\n<meta property=\"og:url\" content=\"https:\/\/meber2026.graphoservice.it\/fr\/product\/1318-2\/\" \/>\n<meta property=\"og:site_name\" content=\"Me.Ber.\" \/>\n<meta property=\"article:modified_time\" content=\"2026-04-28T16:30:19+00:00\" \/>\n<meta property=\"og:image\" content=\"https:\/\/meber2026.graphoservice.it\/wp-content\/uploads\/2026\/02\/Romeo-Zaino__dsc2655.webp\" \/>\n\t<meta property=\"og:image:width\" content=\"2000\" \/>\n\t<meta property=\"og:image:height\" content=\"2000\" \/>\n\t<meta property=\"og:image:type\" content=\"image\/webp\" \/>\n<meta name=\"twitter:card\" content=\"summary_large_image\" \/>\n<meta name=\"twitter:label1\" content=\"Dur\u00e9e de lecture estim\u00e9e\" \/>\n\t<meta name=\"twitter:data1\" content=\"1 minute\" \/>\n<script type=\"application\/ld+json\" class=\"yoast-schema-graph\">{\"@context\":\"https:\\\/\\\/schema.org\",\"@graph\":[{\"@type\":\"WebPage\",\"@id\":\"https:\\\/\\\/meber2026.graphoservice.it\\\/fr\\\/product\\\/1318-2\\\/\",\"url\":\"https:\\\/\\\/meber2026.graphoservice.it\\\/fr\\\/product\\\/1318-2\\\/\",\"name\":\"1318\",\"isPartOf\":{\"@id\":\"https:\\\/\\\/meber2026.graphoservice.it\\\/fr\\\/#website\"},\"primaryImageOfPage\":{\"@id\":\"https:\\\/\\\/meber2026.graphoservice.it\\\/fr\\\/product\\\/1318-2\\\/#primaryimage\"},\"image\":{\"@id\":\"https:\\\/\\\/meber2026.graphoservice.it\\\/fr\\\/product\\\/1318-2\\\/#primaryimage\"},\"thumbnailUrl\":\"https:\\\/\\\/meber2026.graphoservice.it\\\/wp-content\\\/uploads\\\/2026\\\/02\\\/Romeo-Zaino__dsc2655.webp\",\"datePublished\":\"2026-02-10T09:29:25+00:00\",\"dateModified\":\"2026-04-28T16:30:19+00:00\",\"breadcrumb\":{\"@id\":\"https:\\\/\\\/meber2026.graphoservice.it\\\/fr\\\/product\\\/1318-2\\\/#breadcrumb\"},\"inLanguage\":\"fr-FR\",\"potentialAction\":[{\"@type\":\"ReadAction\",\"target\":[\"https:\\\/\\\/meber2026.graphoservice.it\\\/fr\\\/product\\\/1318-2\\\/\"]}]},{\"@type\":\"ImageObject\",\"inLanguage\":\"fr-FR\",\"@id\":\"https:\\\/\\\/meber2026.graphoservice.it\\\/fr\\\/product\\\/1318-2\\\/#primaryimage\",\"url\":\"https:\\\/\\\/meber2026.graphoservice.it\\\/wp-content\\\/uploads\\\/2026\\\/02\\\/Romeo-Zaino__dsc2655.webp\",\"contentUrl\":\"https:\\\/\\\/meber2026.graphoservice.it\\\/wp-content\\\/uploads\\\/2026\\\/02\\\/Romeo-Zaino__dsc2655.webp\",\"width\":2000,\"height\":2000},{\"@type\":\"BreadcrumbList\",\"@id\":\"https:\\\/\\\/meber2026.graphoservice.it\\\/fr\\\/product\\\/1318-2\\\/#breadcrumb\",\"itemListElement\":[{\"@type\":\"ListItem\",\"position\":1,\"name\":\"Home\",\"item\":\"https:\\\/\\\/meber2026.graphoservice.it\\\/fr\\\/\"},{\"@type\":\"ListItem\",\"position\":2,\"name\":\"1318\"}]},{\"@type\":\"WebSite\",\"@id\":\"https:\\\/\\\/meber2026.graphoservice.it\\\/fr\\\/#website\",\"url\":\"https:\\\/\\\/meber2026.graphoservice.it\\\/fr\\\/\",\"name\":\"Me.Ber.\",\"description\":\"In Case of Emergerncy\",\"potentialAction\":[{\"@type\":\"SearchAction\",\"target\":{\"@type\":\"EntryPoint\",\"urlTemplate\":\"https:\\\/\\\/meber2026.graphoservice.it\\\/fr\\\/?s={search_term_string}\"},\"query-input\":{\"@type\":\"PropertyValueSpecification\",\"valueRequired\":true,\"valueName\":\"search_term_string\"}}],\"inLanguage\":\"fr-FR\"}]}<\/script>\n<!-- \/ Yoast SEO plugin. -->","yoast_head_json":{"title":"1318","robots":{"index":"noindex","follow":"follow","max-snippet":"max-snippet:-1","max-image-preview":"max-image-preview:large","max-video-preview":"max-video-preview:-1"},"og_locale":"fr_FR","og_type":"article","og_title":"1318","og_description":"Sac \u00e0 dos de sauvetage, compact et simple, adapt\u00e9 aux volontaires et professionnels des secours.\u00a0Compl\u00e8tement en PVC, \u00e0 cellules ferm\u00e9es, couleur rouge. Ind\u00e9chirable, lavable et r\u00e9sistant, avec poche\u00a0frontale transparente pour la personnalisation et sangles de rangement internes, doubles coutures,\u00a0fermetures \u00e9clair solides de 10 mm, bandes r\u00e9fl\u00e9chissantes \u00e0 haute visibilit\u00e9 sur tous les c\u00f4t\u00e9s ext\u00e9rieurs,\u00a0fond en [&hellip;]","og_url":"https:\/\/meber2026.graphoservice.it\/fr\/product\/1318-2\/","og_site_name":"Me.Ber.","article_modified_time":"2026-04-28T16:30:19+00:00","og_image":[{"width":2000,"height":2000,"url":"https:\/\/meber2026.graphoservice.it\/wp-content\/uploads\/2026\/02\/Romeo-Zaino__dsc2655.webp","type":"image\/webp"}],"twitter_card":"summary_large_image","twitter_misc":{"Dur\u00e9e de lecture estim\u00e9e":"1 minute"},"schema":{"@context":"https:\/\/schema.org","@graph":[{"@type":"WebPage","@id":"https:\/\/meber2026.graphoservice.it\/fr\/product\/1318-2\/","url":"https:\/\/meber2026.graphoservice.it\/fr\/product\/1318-2\/","name":"1318","isPartOf":{"@id":"https:\/\/meber2026.graphoservice.it\/fr\/#website"},"primaryImageOfPage":{"@id":"https:\/\/meber2026.graphoservice.it\/fr\/product\/1318-2\/#primaryimage"},"image":{"@id":"https:\/\/meber2026.graphoservice.it\/fr\/product\/1318-2\/#primaryimage"},"thumbnailUrl":"https:\/\/meber2026.graphoservice.it\/wp-content\/uploads\/2026\/02\/Romeo-Zaino__dsc2655.webp","datePublished":"2026-02-10T09:29:25+00:00","dateModified":"2026-04-28T16:30:19+00:00","breadcrumb":{"@id":"https:\/\/meber2026.graphoservice.it\/fr\/product\/1318-2\/#breadcrumb"},"inLanguage":"fr-FR","potentialAction":[{"@type":"ReadAction","target":["https:\/\/meber2026.graphoservice.it\/fr\/product\/1318-2\/"]}]},{"@type":"ImageObject","inLanguage":"fr-FR","@id":"https:\/\/meber2026.graphoservice.it\/fr\/product\/1318-2\/#primaryimage","url":"https:\/\/meber2026.graphoservice.it\/wp-content\/uploads\/2026\/02\/Romeo-Zaino__dsc2655.webp","contentUrl":"https:\/\/meber2026.graphoservice.it\/wp-content\/uploads\/2026\/02\/Romeo-Zaino__dsc2655.webp","width":2000,"height":2000},{"@type":"BreadcrumbList","@id":"https:\/\/meber2026.graphoservice.it\/fr\/product\/1318-2\/#breadcrumb","itemListElement":[{"@type":"ListItem","position":1,"name":"Home","item":"https:\/\/meber2026.graphoservice.it\/fr\/"},{"@type":"ListItem","position":2,"name":"1318"}]},{"@type":"WebSite","@id":"https:\/\/meber2026.graphoservice.it\/fr\/#website","url":"https:\/\/meber2026.graphoservice.it\/fr\/","name":"Me.Ber.","description":"In Case of Emergerncy","potentialAction":[{"@type":"SearchAction","target":{"@type":"EntryPoint","urlTemplate":"https:\/\/meber2026.graphoservice.it\/fr\/?s={search_term_string}"},"query-input":{"@type":"PropertyValueSpecification","valueRequired":true,"valueName":"search_term_string"}}],"inLanguage":"fr-FR"}]}},"_links":{"self":[{"href":"https:\/\/meber2026.graphoservice.it\/fr\/wp-json\/wp\/v2\/product\/19894","targetHints":{"allow":["GET"]}}],"collection":[{"href":"https:\/\/meber2026.graphoservice.it\/fr\/wp-json\/wp\/v2\/product"}],"about":[{"href":"https:\/\/meber2026.graphoservice.it\/fr\/wp-json\/wp\/v2\/types\/product"}],"author":[{"embeddable":true,"href":"https:\/\/meber2026.graphoservice.it\/fr\/wp-json\/wp\/v2\/users\/1"}],"version-history":[{"count":1,"href":"https:\/\/meber2026.graphoservice.it\/fr\/wp-json\/wp\/v2\/product\/19894\/revisions"}],"predecessor-version":[{"id":31798,"href":"https:\/\/meber2026.graphoservice.it\/fr\/wp-json\/wp\/v2\/product\/19894\/revisions\/31798"}],"wp:featuredmedia":[{"embeddable":true,"href":"https:\/\/meber2026.graphoservice.it\/fr\/wp-json\/wp\/v2\/media\/26502"}],"wp:attachment":[{"href":"https:\/\/meber2026.graphoservice.it\/fr\/wp-json\/wp\/v2\/media?parent=19894"}],"wp:term":[{"taxonomy":"application-tag","embeddable":true,"href":"https:\/\/meber2026.graphoservice.it\/fr\/wp-json\/wp\/v2\/application-tag?post=19894"}],"curies":[{"name":"wp","href":"https:\/\/api.w.org\/{rel}","templated":true}]}}