{"id":19879,"date":"2026-02-10T09:29:24","date_gmt":"2026-02-10T09:29:24","guid":{"rendered":"https:\/\/meber2026.graphoservice.it\/product\/12084-2\/"},"modified":"2026-02-10T09:29:24","modified_gmt":"2026-02-10T09:29:24","slug":"12084-2","status":"publish","type":"product","link":"https:\/\/meber2026.graphoservice.it\/fr\/product\/12084-2\/","title":{"rendered":"12084"},"content":{"rendered":"<div>Les extensions bariatriques sont un accessoire pratique qui permet de convertir le\u00a0brancard \u00e0 chargement automatique en un pratique instrument de relevage bariatrique.\u00a0Gr\u00e2ce \u00e0 un encombrement r\u00e9duit (et un poids de 15 kg seulement), elles peuvent<\/div>\n<div>\u00eatre facilement transport\u00e9es en ambulance pour \u00eatre utilis\u00e9es au besoin. Leur utilisation\u00a0permet de faire face en toute s\u00e9curit\u00e9, et de la mani\u00e8re la plus ad\u00e9quate possible,\u00a0toute situation de relevage en pr\u00e9sence de patients bariatriques. Le kit comprend deux\u00a0extensions qui agrandissent le plan d\u2019appui du brancard de plus de 30 cm; le montage et\u00a0le d\u00e9montage sur le brancard \u00e0 chargement automatique sont tr\u00e8s simples et intuitifs, et\u00a0ne n\u00e9cessitent pas d\u2019instruments. Si elles sont mont\u00e9es sur notre\u00a0MBS01, elles permettent\u00a0une charge effective de 335 kg.\u00a0<\/p>\n<div>Les extensions bariatriques sont \u00e9quip\u00e9es\u00a0de sangles avec enrouleur pour une s\u00e9curit\u00e9\u00a0maximale. Elles peuvent \u00eatre achet\u00e9es\u00a0en kits comprenant la droite et la gauche\u00a0(art. 12084) ou s\u00e9par\u00e9ment (art. 12086\u00a0Extension bariatrique D. et art. 12088\u00a0extension bariatrique G.).<\/div>\n<div>Les coussins ne sont pas compris dans\u00a0le kit (12170 Matelas de couleur noire\u00a0pour extension bariatrique D. et 12172\u00a0matelas de couleur noire pour extension\u00a0bariatrique G.).<\/div>\n<\/div>\n<div>Dimensions: 1365 x 205 x 85 mm (extension seule)<\/p>\n<p>En cas de combinaison avec brancard autochargeant\u00a0Mercury, utiliser l&#8217;art. 12200.\u00a0<\/p><\/div>\n","protected":false},"excerpt":{"rendered":"<p>Les extensions bariatriques sont un accessoire pratique qui permet de convertir le\u00a0brancard \u00e0 chargement automatique en un pratique instrument de relevage bariatrique.\u00a0Gr\u00e2ce \u00e0 un encombrement r\u00e9duit (et un poids de 15 kg seulement), elles peuvent \u00eatre facilement transport\u00e9es en ambulance pour \u00eatre utilis\u00e9es au besoin. Leur utilisation\u00a0permet de faire face en toute s\u00e9curit\u00e9, et de [&hellip;]<\/p>\n","protected":false},"author":1,"featured_media":16929,"parent":0,"menu_order":40001800,"template":"","meta":{"_acf_changed":false,"footnotes":""},"application-tag":[92,98],"class_list":["post-19879","product","type-product","status-publish","has-post-thumbnail","hentry","application-tag-accessoires","application-tag-bariatrique"],"acf":[],"dsm_author":{"name":"admeb26","avatar_url":"https:\/\/meber2026.graphoservice.it\/wp-content\/plugins\/ultimate-member\/assets\/img\/default_avatar.jpg","archive_link":"https:\/\/meber2026.graphoservice.it\/fr\/author\/admeb26\/","biodata":""},"dsm_categories":[],"dsm_attachment_categories":[],"dsm_featured_image":{"thumbnail":"https:\/\/meber2026.graphoservice.it\/wp-content\/uploads\/2026\/02\/Ali_bariatriche_FROG_e_MBS01_rendering-150x150.jpg","medium":"https:\/\/meber2026.graphoservice.it\/wp-content\/uploads\/2026\/02\/Ali_bariatriche_FROG_e_MBS01_rendering-300x223.jpg","medium_large":"https:\/\/meber2026.graphoservice.it\/wp-content\/uploads\/2026\/02\/Ali_bariatriche_FROG_e_MBS01_rendering-768x570.jpg","large":"https:\/\/meber2026.graphoservice.it\/wp-content\/uploads\/2026\/02\/Ali_bariatriche_FROG_e_MBS01_rendering.jpg","1536x1536":"https:\/\/meber2026.graphoservice.it\/wp-content\/uploads\/2026\/02\/Ali_bariatriche_FROG_e_MBS01_rendering.jpg","2048x2048":"https:\/\/meber2026.graphoservice.it\/wp-content\/uploads\/2026\/02\/Ali_bariatriche_FROG_e_MBS01_rendering.jpg","et-pb-post-main-image":"https:\/\/meber2026.graphoservice.it\/wp-content\/uploads\/2026\/02\/Ali_bariatriche_FROG_e_MBS01_rendering-400x250.jpg","et-pb-post-main-image-fullwidth":"https:\/\/meber2026.graphoservice.it\/wp-content\/uploads\/2026\/02\/Ali_bariatriche_FROG_e_MBS01_rendering.jpg","et-pb-portfolio-image":"https:\/\/meber2026.graphoservice.it\/wp-content\/uploads\/2026\/02\/Ali_bariatriche_FROG_e_MBS01_rendering-400x284.jpg","et-pb-portfolio-module-image":"https:\/\/meber2026.graphoservice.it\/wp-content\/uploads\/2026\/02\/Ali_bariatriche_FROG_e_MBS01_rendering-510x382.jpg","et-pb-portfolio-image-single":"https:\/\/meber2026.graphoservice.it\/wp-content\/uploads\/2026\/02\/Ali_bariatriche_FROG_e_MBS01_rendering.jpg","et-pb-gallery-module-image-portrait":"https:\/\/meber2026.graphoservice.it\/wp-content\/uploads\/2026\/02\/Ali_bariatriche_FROG_e_MBS01_rendering-400x516.jpg","et-pb-post-main-image-fullwidth-large":"https:\/\/meber2026.graphoservice.it\/wp-content\/uploads\/2026\/02\/Ali_bariatriche_FROG_e_MBS01_rendering.jpg","et-pb-image--responsive--desktop":"https:\/\/meber2026.graphoservice.it\/wp-content\/uploads\/2026\/02\/Ali_bariatriche_FROG_e_MBS01_rendering.jpg","et-pb-image--responsive--tablet":"https:\/\/meber2026.graphoservice.it\/wp-content\/uploads\/2026\/02\/Ali_bariatriche_FROG_e_MBS01_rendering.jpg","et-pb-image--responsive--phone":"https:\/\/meber2026.graphoservice.it\/wp-content\/uploads\/2026\/02\/Ali_bariatriche_FROG_e_MBS01_rendering-480x356.jpg","full":"https:\/\/meber2026.graphoservice.it\/wp-content\/uploads\/2026\/02\/Ali_bariatriche_FROG_e_MBS01_rendering.jpg"},"yoast_head":"<!-- This site is optimized with the Yoast SEO plugin v27.4 - https:\/\/yoast.com\/product\/yoast-seo-wordpress\/ -->\n<title>12084<\/title>\n<meta name=\"robots\" content=\"noindex, follow, max-snippet:-1, max-image-preview:large, max-video-preview:-1\" \/>\n<meta property=\"og:locale\" content=\"fr_FR\" \/>\n<meta property=\"og:type\" content=\"article\" \/>\n<meta property=\"og:title\" content=\"12084\" \/>\n<meta property=\"og:description\" content=\"Les extensions bariatriques sont un accessoire pratique qui permet de convertir le\u00a0brancard \u00e0 chargement automatique en un pratique instrument de relevage bariatrique.\u00a0Gr\u00e2ce \u00e0 un encombrement r\u00e9duit (et un poids de 15 kg seulement), elles peuvent \u00eatre facilement transport\u00e9es en ambulance pour \u00eatre utilis\u00e9es au besoin. Leur utilisation\u00a0permet de faire face en toute s\u00e9curit\u00e9, et de [&hellip;]\" \/>\n<meta property=\"og:url\" content=\"https:\/\/meber2026.graphoservice.it\/fr\/product\/12084-2\/\" \/>\n<meta property=\"og:site_name\" content=\"Me.Ber.\" \/>\n<meta name=\"twitter:card\" content=\"summary_large_image\" \/>\n<meta name=\"twitter:label1\" content=\"Dur\u00e9e de lecture estim\u00e9e\" \/>\n\t<meta name=\"twitter:data1\" content=\"1 minute\" \/>\n<script type=\"application\/ld+json\" class=\"yoast-schema-graph\">{\"@context\":\"https:\\\/\\\/schema.org\",\"@graph\":[{\"@type\":\"WebPage\",\"@id\":\"https:\\\/\\\/meber2026.graphoservice.it\\\/fr\\\/product\\\/12084-2\\\/\",\"url\":\"https:\\\/\\\/meber2026.graphoservice.it\\\/fr\\\/product\\\/12084-2\\\/\",\"name\":\"12084\",\"isPartOf\":{\"@id\":\"https:\\\/\\\/meber2026.graphoservice.it\\\/fr\\\/#website\"},\"primaryImageOfPage\":{\"@id\":\"https:\\\/\\\/meber2026.graphoservice.it\\\/fr\\\/product\\\/12084-2\\\/#primaryimage\"},\"image\":{\"@id\":\"https:\\\/\\\/meber2026.graphoservice.it\\\/fr\\\/product\\\/12084-2\\\/#primaryimage\"},\"thumbnailUrl\":\"https:\\\/\\\/meber2026.graphoservice.it\\\/wp-content\\\/uploads\\\/2026\\\/02\\\/Ali_bariatriche_FROG_e_MBS01_rendering.jpg\",\"datePublished\":\"2026-02-10T09:29:24+00:00\",\"breadcrumb\":{\"@id\":\"https:\\\/\\\/meber2026.graphoservice.it\\\/fr\\\/product\\\/12084-2\\\/#breadcrumb\"},\"inLanguage\":\"fr-FR\",\"potentialAction\":[{\"@type\":\"ReadAction\",\"target\":[\"https:\\\/\\\/meber2026.graphoservice.it\\\/fr\\\/product\\\/12084-2\\\/\"]}]},{\"@type\":\"ImageObject\",\"inLanguage\":\"fr-FR\",\"@id\":\"https:\\\/\\\/meber2026.graphoservice.it\\\/fr\\\/product\\\/12084-2\\\/#primaryimage\",\"url\":\"https:\\\/\\\/meber2026.graphoservice.it\\\/wp-content\\\/uploads\\\/2026\\\/02\\\/Ali_bariatriche_FROG_e_MBS01_rendering.jpg\",\"contentUrl\":\"https:\\\/\\\/meber2026.graphoservice.it\\\/wp-content\\\/uploads\\\/2026\\\/02\\\/Ali_bariatriche_FROG_e_MBS01_rendering.jpg\",\"width\":780,\"height\":579},{\"@type\":\"BreadcrumbList\",\"@id\":\"https:\\\/\\\/meber2026.graphoservice.it\\\/fr\\\/product\\\/12084-2\\\/#breadcrumb\",\"itemListElement\":[{\"@type\":\"ListItem\",\"position\":1,\"name\":\"Home\",\"item\":\"https:\\\/\\\/meber2026.graphoservice.it\\\/fr\\\/\"},{\"@type\":\"ListItem\",\"position\":2,\"name\":\"12084\"}]},{\"@type\":\"WebSite\",\"@id\":\"https:\\\/\\\/meber2026.graphoservice.it\\\/fr\\\/#website\",\"url\":\"https:\\\/\\\/meber2026.graphoservice.it\\\/fr\\\/\",\"name\":\"Me.Ber.\",\"description\":\"In Case of Emergerncy\",\"potentialAction\":[{\"@type\":\"SearchAction\",\"target\":{\"@type\":\"EntryPoint\",\"urlTemplate\":\"https:\\\/\\\/meber2026.graphoservice.it\\\/fr\\\/?s={search_term_string}\"},\"query-input\":{\"@type\":\"PropertyValueSpecification\",\"valueRequired\":true,\"valueName\":\"search_term_string\"}}],\"inLanguage\":\"fr-FR\"}]}<\/script>\n<!-- \/ Yoast SEO plugin. -->","yoast_head_json":{"title":"12084","robots":{"index":"noindex","follow":"follow","max-snippet":"max-snippet:-1","max-image-preview":"max-image-preview:large","max-video-preview":"max-video-preview:-1"},"og_locale":"fr_FR","og_type":"article","og_title":"12084","og_description":"Les extensions bariatriques sont un accessoire pratique qui permet de convertir le\u00a0brancard \u00e0 chargement automatique en un pratique instrument de relevage bariatrique.\u00a0Gr\u00e2ce \u00e0 un encombrement r\u00e9duit (et un poids de 15 kg seulement), elles peuvent \u00eatre facilement transport\u00e9es en ambulance pour \u00eatre utilis\u00e9es au besoin. Leur utilisation\u00a0permet de faire face en toute s\u00e9curit\u00e9, et de [&hellip;]","og_url":"https:\/\/meber2026.graphoservice.it\/fr\/product\/12084-2\/","og_site_name":"Me.Ber.","twitter_card":"summary_large_image","twitter_misc":{"Dur\u00e9e de lecture estim\u00e9e":"1 minute"},"schema":{"@context":"https:\/\/schema.org","@graph":[{"@type":"WebPage","@id":"https:\/\/meber2026.graphoservice.it\/fr\/product\/12084-2\/","url":"https:\/\/meber2026.graphoservice.it\/fr\/product\/12084-2\/","name":"12084","isPartOf":{"@id":"https:\/\/meber2026.graphoservice.it\/fr\/#website"},"primaryImageOfPage":{"@id":"https:\/\/meber2026.graphoservice.it\/fr\/product\/12084-2\/#primaryimage"},"image":{"@id":"https:\/\/meber2026.graphoservice.it\/fr\/product\/12084-2\/#primaryimage"},"thumbnailUrl":"https:\/\/meber2026.graphoservice.it\/wp-content\/uploads\/2026\/02\/Ali_bariatriche_FROG_e_MBS01_rendering.jpg","datePublished":"2026-02-10T09:29:24+00:00","breadcrumb":{"@id":"https:\/\/meber2026.graphoservice.it\/fr\/product\/12084-2\/#breadcrumb"},"inLanguage":"fr-FR","potentialAction":[{"@type":"ReadAction","target":["https:\/\/meber2026.graphoservice.it\/fr\/product\/12084-2\/"]}]},{"@type":"ImageObject","inLanguage":"fr-FR","@id":"https:\/\/meber2026.graphoservice.it\/fr\/product\/12084-2\/#primaryimage","url":"https:\/\/meber2026.graphoservice.it\/wp-content\/uploads\/2026\/02\/Ali_bariatriche_FROG_e_MBS01_rendering.jpg","contentUrl":"https:\/\/meber2026.graphoservice.it\/wp-content\/uploads\/2026\/02\/Ali_bariatriche_FROG_e_MBS01_rendering.jpg","width":780,"height":579},{"@type":"BreadcrumbList","@id":"https:\/\/meber2026.graphoservice.it\/fr\/product\/12084-2\/#breadcrumb","itemListElement":[{"@type":"ListItem","position":1,"name":"Home","item":"https:\/\/meber2026.graphoservice.it\/fr\/"},{"@type":"ListItem","position":2,"name":"12084"}]},{"@type":"WebSite","@id":"https:\/\/meber2026.graphoservice.it\/fr\/#website","url":"https:\/\/meber2026.graphoservice.it\/fr\/","name":"Me.Ber.","description":"In Case of Emergerncy","potentialAction":[{"@type":"SearchAction","target":{"@type":"EntryPoint","urlTemplate":"https:\/\/meber2026.graphoservice.it\/fr\/?s={search_term_string}"},"query-input":{"@type":"PropertyValueSpecification","valueRequired":true,"valueName":"search_term_string"}}],"inLanguage":"fr-FR"}]}},"_links":{"self":[{"href":"https:\/\/meber2026.graphoservice.it\/fr\/wp-json\/wp\/v2\/product\/19879","targetHints":{"allow":["GET"]}}],"collection":[{"href":"https:\/\/meber2026.graphoservice.it\/fr\/wp-json\/wp\/v2\/product"}],"about":[{"href":"https:\/\/meber2026.graphoservice.it\/fr\/wp-json\/wp\/v2\/types\/product"}],"author":[{"embeddable":true,"href":"https:\/\/meber2026.graphoservice.it\/fr\/wp-json\/wp\/v2\/users\/1"}],"version-history":[{"count":0,"href":"https:\/\/meber2026.graphoservice.it\/fr\/wp-json\/wp\/v2\/product\/19879\/revisions"}],"wp:featuredmedia":[{"embeddable":true,"href":"https:\/\/meber2026.graphoservice.it\/fr\/wp-json\/wp\/v2\/media\/16929"}],"wp:attachment":[{"href":"https:\/\/meber2026.graphoservice.it\/fr\/wp-json\/wp\/v2\/media?parent=19879"}],"wp:term":[{"taxonomy":"application-tag","embeddable":true,"href":"https:\/\/meber2026.graphoservice.it\/fr\/wp-json\/wp\/v2\/application-tag?post=19879"}],"curies":[{"name":"wp","href":"https:\/\/api.w.org\/{rel}","templated":true}]}}