{"id":19863,"date":"2026-02-10T09:29:22","date_gmt":"2026-02-10T09:29:22","guid":{"rendered":"https:\/\/meber2026.graphoservice.it\/product\/mercury-lite-7080-4rg-proof\/"},"modified":"2026-02-10T09:29:22","modified_gmt":"2026-02-10T09:29:22","slug":"mercury-lite-7080-4rg-proof","status":"publish","type":"product","link":"https:\/\/meber2026.graphoservice.it\/fr\/product\/mercury-lite-7080-4rg-proof\/","title":{"rendered":"Mercury Lite 7080\/4RG Proof"},"content":{"rendered":"<p><a class=\"button icon btn-block\" href=\"https:\/\/www.meber.it\/mercury\/\" style=\"border-radius: 3px;\" target=\"_blank\">Visiter le site Mercury <i class=\"fa fa-chevron-circle-right\">\u00a0<\/i> <\/a><\/p>\n<p>\nEnti\u00e8rement en alliage d\u2019aluminium, il se distingue des autres mod\u00e8les de la famille Mercury, construits en acier inoxydable, par sa l\u00e9g\u00e8ret\u00e9. Il est \u00e9quip\u00e9 d\u2019un syst\u00e8me \u00e0 plusieurs niveaux au moyen de 2 pistons coulissants m\u00e9caniquement sur chaque axe. Mercury Lite est disponible dans la version pivotante \u00e0 4 roues qui conf\u00e8re au brancard une maniabilit\u00e9 extr\u00eame. Id\u00e9al pour les espaces restreints et confin\u00e9s. En actionnant un m\u00e9canisme simple, les roues avant sont d\u00e9verrouill\u00e9es ou remises dans leur configuration d\u2019origine avec les roues fixes dans le sens de la marche. Les plateformes en aluminium sont r\u00e9sistantes, durables et parfaitement aseptis\u00e9es. La fixation du brancard, \u00e0 bord du v\u00e9hicule de secours, s\u2019effectue au moyen du syst\u00e8me de verrouillage certifi\u00e9 UNI EN 1789 Art. 955 Proof (voir\u201c<a href=\"https:\/\/www.meber.it\/it\/prodotti\/sistemi-di-fissaggio.aspx\">\u00a0Syst\u00e8mes de fixation<\/a>\u201d). Livr\u00e9 avec matelas et ceintures.<\/p>\n<p><strong>Caract\u00e9ristiques:<\/strong><br \/>\nCommandes ergonomiques pour les op\u00e9rations de chargement sur le v\u00e9hicule de secours et pour la configuration des r\u00e9glages<br \/>\nDossier r\u00e9glable en alliage d\u2019aluminium avec ressort \u00e0 gaz verrouillable pour des inclinaisons de 0\u00b0-75\u00b0<br \/>\nRails lat\u00e9raux de 600 mm compl\u00e8tement pliable<br \/>\nN. 2 roues avant fixes \u00d8 200 mm avec freins<br \/>\nN. 2 roues arri\u00e8re rotatives \u00e0 360\u00b0 \u00d8 200 mm \u00e0 centrage automatique<br \/>\nN. 2 roues de chargement\u00a0\u00d8 150 mm\u00a0<br \/>\nLeviers de d\u00e9verrouillage pour les roues pivotantes avant<br \/>\nAvec matelas Art. 7013, n. 2 ceintures Art. 608-A\/MEB o 608-N\/MEB e n. 1 ceinture Art. 612\/AN-2\/MEB o Art. 612\/N-2\/MEB.<\/p>\n<p><img loading=\"lazy\" decoding=\"async\" alt=\"\" height=\"88\" src=\"http:\/\/www.meber.it\/adm\/Images\/contents\/10G Logo 2019_def.png\" width=\"80\" \/><br \/>\n<strong>Appareil certifi\u00e9 selon les normes de s\u00e9curit\u00e9 europ\u00e9ennes harmonis\u00e9es UNI EN 1865 &#8211; UNI EN 1789.<\/strong><br \/>\n\u00a0<br \/>\n<span style=\" font-weight: 700; color: rgb(98, 98, 98);\"><span style=\"font-size: 10px;\">*<\/span><\/span><span style=\" color: rgb(98, 98, 98); font-size: 10px;\">Les images sont fournies \u00e0 titre indicatif seulement.<\/span><\/p>\n<p><iframe referrerpolicy=\"strict-origin-when-cross-origin\" loading=\"lazy\" allow=\"accelerometer; autoplay; encrypted-media; gyroscope; picture-in-picture\" allowfullscreen=\"\" frameborder=\"0\" height=\"315\" src=\"https:\/\/www.youtube.com\/embed\/z62oQgKW5JM?origin=https%3A%2F%2Fmeber2026.graphoservice.it%2Ffr%2F\" width=\"460\"><\/iframe><\/p>\n<p><iframe referrerpolicy=\"strict-origin-when-cross-origin\" loading=\"lazy\" allow=\"accelerometer; autoplay; encrypted-media; gyroscope; picture-in-picture\" allowfullscreen=\"\" frameborder=\"0\" height=\"315\" src=\"https:\/\/www.youtube.com\/embed\/5dbXxhJL2sk?origin=https%3A%2F%2Fmeber2026.graphoservice.it%2Ffr%2F\" width=\"460\"><\/iframe><\/p>\n","protected":false},"excerpt":{"rendered":"<p>Visiter le site Mercury \u00a0 Enti\u00e8rement en alliage d\u2019aluminium, il se distingue des autres mod\u00e8les de la famille Mercury, construits en acier inoxydable, par sa l\u00e9g\u00e8ret\u00e9. Il est \u00e9quip\u00e9 d\u2019un syst\u00e8me \u00e0 plusieurs niveaux au moyen de 2 pistons coulissants m\u00e9caniquement sur chaque axe. Mercury Lite est disponible dans la version pivotante \u00e0 4 roues [&hellip;]<\/p>\n","protected":false},"author":1,"featured_media":27222,"parent":0,"menu_order":20000300,"template":"","meta":{"_acf_changed":false,"footnotes":""},"application-tag":[],"class_list":["post-19863","product","type-product","status-publish","has-post-thumbnail","hentry"],"acf":[],"dsm_author":{"name":"admeb26","avatar_url":"https:\/\/meber2026.graphoservice.it\/wp-content\/plugins\/ultimate-member\/assets\/img\/default_avatar.jpg","archive_link":"https:\/\/meber2026.graphoservice.it\/fr\/author\/admeb26\/","biodata":""},"dsm_categories":[],"dsm_attachment_categories":[],"dsm_featured_image":{"thumbnail":"https:\/\/meber2026.graphoservice.it\/wp-content\/uploads\/2026\/02\/Mercury-4-Lite-senza-accessori-trndel-alta-tre-quarti_DSC0231-1-150x150.webp","medium":"https:\/\/meber2026.graphoservice.it\/wp-content\/uploads\/2026\/02\/Mercury-4-Lite-senza-accessori-trndel-alta-tre-quarti_DSC0231-1-300x300.webp","medium_large":"https:\/\/meber2026.graphoservice.it\/wp-content\/uploads\/2026\/02\/Mercury-4-Lite-senza-accessori-trndel-alta-tre-quarti_DSC0231-1-768x768.webp","large":"https:\/\/meber2026.graphoservice.it\/wp-content\/uploads\/2026\/02\/Mercury-4-Lite-senza-accessori-trndel-alta-tre-quarti_DSC0231-1-1024x1024.webp","1536x1536":"https:\/\/meber2026.graphoservice.it\/wp-content\/uploads\/2026\/02\/Mercury-4-Lite-senza-accessori-trndel-alta-tre-quarti_DSC0231-1-1536x1536.webp","2048x2048":"https:\/\/meber2026.graphoservice.it\/wp-content\/uploads\/2026\/02\/Mercury-4-Lite-senza-accessori-trndel-alta-tre-quarti_DSC0231-1.webp","et-pb-post-main-image":"https:\/\/meber2026.graphoservice.it\/wp-content\/uploads\/2026\/02\/Mercury-4-Lite-senza-accessori-trndel-alta-tre-quarti_DSC0231-1-400x250.webp","et-pb-post-main-image-fullwidth":"https:\/\/meber2026.graphoservice.it\/wp-content\/uploads\/2026\/02\/Mercury-4-Lite-senza-accessori-trndel-alta-tre-quarti_DSC0231-1-1080x675.webp","et-pb-portfolio-image":"https:\/\/meber2026.graphoservice.it\/wp-content\/uploads\/2026\/02\/Mercury-4-Lite-senza-accessori-trndel-alta-tre-quarti_DSC0231-1-400x284.webp","et-pb-portfolio-module-image":"https:\/\/meber2026.graphoservice.it\/wp-content\/uploads\/2026\/02\/Mercury-4-Lite-senza-accessori-trndel-alta-tre-quarti_DSC0231-1-510x382.webp","et-pb-portfolio-image-single":"https:\/\/meber2026.graphoservice.it\/wp-content\/uploads\/2026\/02\/Mercury-4-Lite-senza-accessori-trndel-alta-tre-quarti_DSC0231-1-1080x1080.webp","et-pb-gallery-module-image-portrait":"https:\/\/meber2026.graphoservice.it\/wp-content\/uploads\/2026\/02\/Mercury-4-Lite-senza-accessori-trndel-alta-tre-quarti_DSC0231-1-400x516.webp","et-pb-post-main-image-fullwidth-large":"https:\/\/meber2026.graphoservice.it\/wp-content\/uploads\/2026\/02\/Mercury-4-Lite-senza-accessori-trndel-alta-tre-quarti_DSC0231-1-2000x1800.webp","et-pb-image--responsive--desktop":"https:\/\/meber2026.graphoservice.it\/wp-content\/uploads\/2026\/02\/Mercury-4-Lite-senza-accessori-trndel-alta-tre-quarti_DSC0231-1-1280x1280.webp","et-pb-image--responsive--tablet":"https:\/\/meber2026.graphoservice.it\/wp-content\/uploads\/2026\/02\/Mercury-4-Lite-senza-accessori-trndel-alta-tre-quarti_DSC0231-1-980x980.webp","et-pb-image--responsive--phone":"https:\/\/meber2026.graphoservice.it\/wp-content\/uploads\/2026\/02\/Mercury-4-Lite-senza-accessori-trndel-alta-tre-quarti_DSC0231-1-480x480.webp","full":"https:\/\/meber2026.graphoservice.it\/wp-content\/uploads\/2026\/02\/Mercury-4-Lite-senza-accessori-trndel-alta-tre-quarti_DSC0231-1.webp"},"yoast_head":"<!-- This site is optimized with the Yoast SEO plugin v27.4 - https:\/\/yoast.com\/product\/yoast-seo-wordpress\/ -->\n<title>Mercury 7080\/4RG Proof<\/title>\n<meta name=\"description\" content=\"Brancard \u00e0 chargement automatique \u00e0 hauteur r\u00e9glable en aluminium avec quatre roues pivotantes, id\u00e9al pour les espaces \u00e9troits.\" \/>\n<meta name=\"robots\" content=\"noindex, follow, max-snippet:-1, max-image-preview:large, max-video-preview:-1\" \/>\n<meta property=\"og:locale\" content=\"fr_FR\" \/>\n<meta property=\"og:type\" content=\"article\" \/>\n<meta property=\"og:title\" content=\"Mercury 7080\/4RG Proof\" \/>\n<meta property=\"og:description\" content=\"Brancard \u00e0 chargement automatique \u00e0 hauteur r\u00e9glable en aluminium avec quatre roues pivotantes, id\u00e9al pour les espaces \u00e9troits.\" \/>\n<meta property=\"og:url\" content=\"https:\/\/meber2026.graphoservice.it\/fr\/product\/mercury-lite-7080-4rg-proof\/\" \/>\n<meta property=\"og:site_name\" content=\"Me.Ber.\" \/>\n<meta name=\"twitter:card\" content=\"summary_large_image\" \/>\n<meta name=\"twitter:label1\" content=\"Dur\u00e9e de lecture estim\u00e9e\" \/>\n\t<meta name=\"twitter:data1\" content=\"1 minute\" \/>\n<script type=\"application\/ld+json\" class=\"yoast-schema-graph\">{\"@context\":\"https:\\\/\\\/schema.org\",\"@graph\":[{\"@type\":\"WebPage\",\"@id\":\"https:\\\/\\\/meber2026.graphoservice.it\\\/fr\\\/product\\\/mercury-lite-7080-4rg-proof\\\/\",\"url\":\"https:\\\/\\\/meber2026.graphoservice.it\\\/fr\\\/product\\\/mercury-lite-7080-4rg-proof\\\/\",\"name\":\"Mercury 7080\\\/4RG Proof\",\"isPartOf\":{\"@id\":\"https:\\\/\\\/meber2026.graphoservice.it\\\/fr\\\/#website\"},\"primaryImageOfPage\":{\"@id\":\"https:\\\/\\\/meber2026.graphoservice.it\\\/fr\\\/product\\\/mercury-lite-7080-4rg-proof\\\/#primaryimage\"},\"image\":{\"@id\":\"https:\\\/\\\/meber2026.graphoservice.it\\\/fr\\\/product\\\/mercury-lite-7080-4rg-proof\\\/#primaryimage\"},\"thumbnailUrl\":\"https:\\\/\\\/meber2026.graphoservice.it\\\/wp-content\\\/uploads\\\/2026\\\/02\\\/Mercury-4-Lite-senza-accessori-trndel-alta-tre-quarti_DSC0231-1.webp\",\"datePublished\":\"2026-02-10T09:29:22+00:00\",\"description\":\"Brancard \u00e0 chargement automatique \u00e0 hauteur r\u00e9glable en aluminium avec quatre roues pivotantes, id\u00e9al pour les espaces \u00e9troits.\",\"breadcrumb\":{\"@id\":\"https:\\\/\\\/meber2026.graphoservice.it\\\/fr\\\/product\\\/mercury-lite-7080-4rg-proof\\\/#breadcrumb\"},\"inLanguage\":\"fr-FR\",\"potentialAction\":[{\"@type\":\"ReadAction\",\"target\":[\"https:\\\/\\\/meber2026.graphoservice.it\\\/fr\\\/product\\\/mercury-lite-7080-4rg-proof\\\/\"]}]},{\"@type\":\"ImageObject\",\"inLanguage\":\"fr-FR\",\"@id\":\"https:\\\/\\\/meber2026.graphoservice.it\\\/fr\\\/product\\\/mercury-lite-7080-4rg-proof\\\/#primaryimage\",\"url\":\"https:\\\/\\\/meber2026.graphoservice.it\\\/wp-content\\\/uploads\\\/2026\\\/02\\\/Mercury-4-Lite-senza-accessori-trndel-alta-tre-quarti_DSC0231-1.webp\",\"contentUrl\":\"https:\\\/\\\/meber2026.graphoservice.it\\\/wp-content\\\/uploads\\\/2026\\\/02\\\/Mercury-4-Lite-senza-accessori-trndel-alta-tre-quarti_DSC0231-1.webp\",\"width\":2000,\"height\":2000},{\"@type\":\"BreadcrumbList\",\"@id\":\"https:\\\/\\\/meber2026.graphoservice.it\\\/fr\\\/product\\\/mercury-lite-7080-4rg-proof\\\/#breadcrumb\",\"itemListElement\":[{\"@type\":\"ListItem\",\"position\":1,\"name\":\"Home\",\"item\":\"https:\\\/\\\/meber2026.graphoservice.it\\\/fr\\\/\"},{\"@type\":\"ListItem\",\"position\":2,\"name\":\"Mercury Lite 7080\\\/4RG Proof\"}]},{\"@type\":\"WebSite\",\"@id\":\"https:\\\/\\\/meber2026.graphoservice.it\\\/fr\\\/#website\",\"url\":\"https:\\\/\\\/meber2026.graphoservice.it\\\/fr\\\/\",\"name\":\"Me.Ber.\",\"description\":\"In Case of Emergerncy\",\"potentialAction\":[{\"@type\":\"SearchAction\",\"target\":{\"@type\":\"EntryPoint\",\"urlTemplate\":\"https:\\\/\\\/meber2026.graphoservice.it\\\/fr\\\/?s={search_term_string}\"},\"query-input\":{\"@type\":\"PropertyValueSpecification\",\"valueRequired\":true,\"valueName\":\"search_term_string\"}}],\"inLanguage\":\"fr-FR\"}]}<\/script>\n<!-- \/ Yoast SEO plugin. -->","yoast_head_json":{"title":"Mercury 7080\/4RG Proof","description":"Brancard \u00e0 chargement automatique \u00e0 hauteur r\u00e9glable en aluminium avec quatre roues pivotantes, id\u00e9al pour les espaces \u00e9troits.","robots":{"index":"noindex","follow":"follow","max-snippet":"max-snippet:-1","max-image-preview":"max-image-preview:large","max-video-preview":"max-video-preview:-1"},"og_locale":"fr_FR","og_type":"article","og_title":"Mercury 7080\/4RG Proof","og_description":"Brancard \u00e0 chargement automatique \u00e0 hauteur r\u00e9glable en aluminium avec quatre roues pivotantes, id\u00e9al pour les espaces \u00e9troits.","og_url":"https:\/\/meber2026.graphoservice.it\/fr\/product\/mercury-lite-7080-4rg-proof\/","og_site_name":"Me.Ber.","twitter_card":"summary_large_image","twitter_misc":{"Dur\u00e9e de lecture estim\u00e9e":"1 minute"},"schema":{"@context":"https:\/\/schema.org","@graph":[{"@type":"WebPage","@id":"https:\/\/meber2026.graphoservice.it\/fr\/product\/mercury-lite-7080-4rg-proof\/","url":"https:\/\/meber2026.graphoservice.it\/fr\/product\/mercury-lite-7080-4rg-proof\/","name":"Mercury 7080\/4RG Proof","isPartOf":{"@id":"https:\/\/meber2026.graphoservice.it\/fr\/#website"},"primaryImageOfPage":{"@id":"https:\/\/meber2026.graphoservice.it\/fr\/product\/mercury-lite-7080-4rg-proof\/#primaryimage"},"image":{"@id":"https:\/\/meber2026.graphoservice.it\/fr\/product\/mercury-lite-7080-4rg-proof\/#primaryimage"},"thumbnailUrl":"https:\/\/meber2026.graphoservice.it\/wp-content\/uploads\/2026\/02\/Mercury-4-Lite-senza-accessori-trndel-alta-tre-quarti_DSC0231-1.webp","datePublished":"2026-02-10T09:29:22+00:00","description":"Brancard \u00e0 chargement automatique \u00e0 hauteur r\u00e9glable en aluminium avec quatre roues pivotantes, id\u00e9al pour les espaces \u00e9troits.","breadcrumb":{"@id":"https:\/\/meber2026.graphoservice.it\/fr\/product\/mercury-lite-7080-4rg-proof\/#breadcrumb"},"inLanguage":"fr-FR","potentialAction":[{"@type":"ReadAction","target":["https:\/\/meber2026.graphoservice.it\/fr\/product\/mercury-lite-7080-4rg-proof\/"]}]},{"@type":"ImageObject","inLanguage":"fr-FR","@id":"https:\/\/meber2026.graphoservice.it\/fr\/product\/mercury-lite-7080-4rg-proof\/#primaryimage","url":"https:\/\/meber2026.graphoservice.it\/wp-content\/uploads\/2026\/02\/Mercury-4-Lite-senza-accessori-trndel-alta-tre-quarti_DSC0231-1.webp","contentUrl":"https:\/\/meber2026.graphoservice.it\/wp-content\/uploads\/2026\/02\/Mercury-4-Lite-senza-accessori-trndel-alta-tre-quarti_DSC0231-1.webp","width":2000,"height":2000},{"@type":"BreadcrumbList","@id":"https:\/\/meber2026.graphoservice.it\/fr\/product\/mercury-lite-7080-4rg-proof\/#breadcrumb","itemListElement":[{"@type":"ListItem","position":1,"name":"Home","item":"https:\/\/meber2026.graphoservice.it\/fr\/"},{"@type":"ListItem","position":2,"name":"Mercury Lite 7080\/4RG Proof"}]},{"@type":"WebSite","@id":"https:\/\/meber2026.graphoservice.it\/fr\/#website","url":"https:\/\/meber2026.graphoservice.it\/fr\/","name":"Me.Ber.","description":"In Case of Emergerncy","potentialAction":[{"@type":"SearchAction","target":{"@type":"EntryPoint","urlTemplate":"https:\/\/meber2026.graphoservice.it\/fr\/?s={search_term_string}"},"query-input":{"@type":"PropertyValueSpecification","valueRequired":true,"valueName":"search_term_string"}}],"inLanguage":"fr-FR"}]}},"_links":{"self":[{"href":"https:\/\/meber2026.graphoservice.it\/fr\/wp-json\/wp\/v2\/product\/19863","targetHints":{"allow":["GET"]}}],"collection":[{"href":"https:\/\/meber2026.graphoservice.it\/fr\/wp-json\/wp\/v2\/product"}],"about":[{"href":"https:\/\/meber2026.graphoservice.it\/fr\/wp-json\/wp\/v2\/types\/product"}],"author":[{"embeddable":true,"href":"https:\/\/meber2026.graphoservice.it\/fr\/wp-json\/wp\/v2\/users\/1"}],"version-history":[{"count":0,"href":"https:\/\/meber2026.graphoservice.it\/fr\/wp-json\/wp\/v2\/product\/19863\/revisions"}],"wp:featuredmedia":[{"embeddable":true,"href":"https:\/\/meber2026.graphoservice.it\/fr\/wp-json\/wp\/v2\/media\/27222"}],"wp:attachment":[{"href":"https:\/\/meber2026.graphoservice.it\/fr\/wp-json\/wp\/v2\/media?parent=19863"}],"wp:term":[{"taxonomy":"application-tag","embeddable":true,"href":"https:\/\/meber2026.graphoservice.it\/fr\/wp-json\/wp\/v2\/application-tag?post=19863"}],"curies":[{"name":"wp","href":"https:\/\/api.w.org\/{rel}","templated":true}]}}