{"id":19858,"date":"2026-02-10T09:29:21","date_gmt":"2026-02-10T09:29:21","guid":{"rendered":"https:\/\/meber2026.graphoservice.it\/product\/mercury-cinque-7077-4rg-proof\/"},"modified":"2026-04-28T16:29:43","modified_gmt":"2026-04-28T16:29:43","slug":"mercury-cinque-7077-4rg-proof","status":"publish","type":"product","link":"https:\/\/meber2026.graphoservice.it\/fr\/product\/mercury-cinque-7077-4rg-proof\/","title":{"rendered":"Mercury Cinque 7077\/4RG PROOF"},"content":{"rendered":"<p><a class=\"button icon btn-block\" href=\"\/mercurycinque\" style=\"border-radius: 3px;\" target=\"_blank\">Visiter le site Mercury Cinque <i class=\"fa fa-chevron-circle-right\">\u00a0<\/i> <\/a><\/p>\n<p>Version haute du brancard<strong> Mercury Cinque. <\/strong>Issu de l\u2019un des projets les plus r\u00e9ussis dans le domaine du sauvetage\u00a0; certainement le produit Me.Ber. le plus populaire : le Mercury 4RG. Mercury Cinque est destin\u00e9 \u00e0 \u00e9tendre davantage les capacit\u00e9s op\u00e9rationnelles du mod\u00e8le original en introduisant les cinq hauteurs. Cependant, Mercury Cinque est bien plus qu\u2019une \u00e9volution ! C\u2019est l\u2019unique brancard \u00e0 cinq hauteurs avec chariot avant rabattable, et aussi le seul qui vous garantit la capacit\u00e9 maximale de 250 kg sur les cinq niveaux<br \/>\nLe ressort \u00e0 gaz garantit que les jambes avant s\u2019ouvrent dans toutes les situations, avec et sans le patient charg\u00e9.<\/p>\n<p><u><strong>5 POSITIONS\u00a0:<\/strong><\/u><\/p>\n<p><em>1. NIVEAU DE CHARGEMENT<\/em> -Hauteur maximale<br \/>\nChargement sur le v\u00e9hicule, manutention au sol, transfert final aux urgences ou au bloc op\u00e9ratoire, traitement ou triage sur le terrain.<\/p>\n<p><em>2. POSITION HAUTE &#8211;<\/em>R\u00e9cup\u00e9ration haute<br \/>\nConvient comme position de repos. Hauteur id\u00e9ale pour placer le patient spinalys\u00e9.<\/p>\n<p><em>3. INTERM\u00c9DIAIRE<\/em> &#8211; Lit haut<br \/>\nHauteur typique d\u2019un lit d\u2019h\u00f4pital ou hauteur adapt\u00e9e \u00e0 l\u2019assise du patient ambulatoire. Hauteur id\u00e9ale pour la translation du brancard \u00e0 la chaise et vice versa.<\/p>\n<p><em>4. POSITION BASSE<\/em>&#8211; Lit ou canap\u00e9 de maison<br \/>\nHauteur typique d\u2019un canap\u00e9 ou d\u2019un lit dans une maison. Cette hauteur permet une translation ais\u00e9e du patient collaborateur et simplifie le passage via le brancard.<\/p>\n<p><em>5. POSITION DE BASE <\/em> &#8211; R\u00e9cup\u00e9ration au sol<br \/>\n\u00c0 seulement 30 cm du sol, il permet toutes les op\u00e9rations de chargement classiques, garantissant une capacit\u00e9 de 250kg.<\/p>\n<p>\nCaract\u00e9ristiques principales:<\/p>\n<ul>\n<li>Capacit\u00e9 de 250 kg sur les 5 niveaux<\/li>\n<li>Chariot pliable<\/li>\n<\/ul>\n<ul>\n<li>Ergonomie contre le mal de dos : les commandes du brancard et l\u2019ergonomie g\u00e9n\u00e9rale sont \u00e9tudi\u00e9es pour ne pas surcharger le secouriste, notamment pour soulager la charge sur le dos.<\/li>\n<li>Roues de 200 mm : plus de confort pour le patient et une grande s\u00e9curit\u00e9 pour les secouristes qui peuvent se d\u00e9placer facilement m\u00eame en pr\u00e9sence de sols et de surfaces in\u00e9gales. 4 roues pivotantes pour man\u0153uvrer en toute s\u00e9curit\u00e9 \u00e0 tout moment : Mercury Cinque dispose de 4 roues pivotantes. Une simple commande permet le d\u00e9blocage de la rotation des roues avant pour un maximum de maniabilit\u00e9.<\/li>\n<li>D\u00e9corations r\u00e9fl\u00e9chissantes : pour am\u00e9liorer la visibilit\u00e9 du brancard dans le cadre de l\u2019assistance routi\u00e8re de nuit, des autocollants r\u00e9fl\u00e9chissants ont \u00e9t\u00e9 utilis\u00e9s en divers points.\u00a0<\/li>\n<li>Compatible avec le syst\u00e8me de fixation<a href=\"https:\/\/www.meber.it\/en\/products\/fixing-systems\/955-proof.aspx\">art. 955 Proof<\/a>.<\/li>\n<\/ul>\n","protected":false},"excerpt":{"rendered":"<p>Visiter le site Mercury Cinque \u00a0 Version haute du brancard Mercury Cinque. Issu de l\u2019un des projets les plus r\u00e9ussis dans le domaine du sauvetage\u00a0; certainement le produit Me.Ber. le plus populaire : le Mercury 4RG. Mercury Cinque est destin\u00e9 \u00e0 \u00e9tendre davantage les capacit\u00e9s op\u00e9rationnelles du mod\u00e8le original en introduisant les cinq hauteurs. Cependant, [&hellip;]<\/p>\n","protected":false},"author":1,"featured_media":27231,"parent":0,"menu_order":20000600,"template":"","meta":{"_acf_changed":false,"footnotes":""},"application-tag":[74,65],"class_list":["post-19858","product","type-product","status-publish","has-post-thumbnail","hentry","application-tag-brancards-et-chariots-a-chargement-automatique","application-tag-certifie-10g"],"acf":[],"dsm_author":{"name":"admeb26","avatar_url":"https:\/\/meber2026.graphoservice.it\/wp-content\/plugins\/ultimate-member\/assets\/img\/default_avatar.jpg","archive_link":"https:\/\/meber2026.graphoservice.it\/fr\/author\/admeb26\/","biodata":""},"dsm_categories":[],"dsm_attachment_categories":[],"dsm_featured_image":{"thumbnail":"https:\/\/meber2026.graphoservice.it\/wp-content\/uploads\/2026\/02\/MERCURY-Cinque-7075_4RG-PROOF-_DSC9918-150x150.webp","medium":"https:\/\/meber2026.graphoservice.it\/wp-content\/uploads\/2026\/02\/MERCURY-Cinque-7075_4RG-PROOF-_DSC9918-300x300.webp","medium_large":"https:\/\/meber2026.graphoservice.it\/wp-content\/uploads\/2026\/02\/MERCURY-Cinque-7075_4RG-PROOF-_DSC9918-768x768.webp","large":"https:\/\/meber2026.graphoservice.it\/wp-content\/uploads\/2026\/02\/MERCURY-Cinque-7075_4RG-PROOF-_DSC9918-1024x1024.webp","1536x1536":"https:\/\/meber2026.graphoservice.it\/wp-content\/uploads\/2026\/02\/MERCURY-Cinque-7075_4RG-PROOF-_DSC9918-1536x1536.webp","2048x2048":"https:\/\/meber2026.graphoservice.it\/wp-content\/uploads\/2026\/02\/MERCURY-Cinque-7075_4RG-PROOF-_DSC9918.webp","et-pb-post-main-image":"https:\/\/meber2026.graphoservice.it\/wp-content\/uploads\/2026\/02\/MERCURY-Cinque-7075_4RG-PROOF-_DSC9918-400x250.webp","et-pb-post-main-image-fullwidth":"https:\/\/meber2026.graphoservice.it\/wp-content\/uploads\/2026\/02\/MERCURY-Cinque-7075_4RG-PROOF-_DSC9918-1080x675.webp","et-pb-portfolio-image":"https:\/\/meber2026.graphoservice.it\/wp-content\/uploads\/2026\/02\/MERCURY-Cinque-7075_4RG-PROOF-_DSC9918-400x284.webp","et-pb-portfolio-module-image":"https:\/\/meber2026.graphoservice.it\/wp-content\/uploads\/2026\/02\/MERCURY-Cinque-7075_4RG-PROOF-_DSC9918-510x382.webp","et-pb-portfolio-image-single":"https:\/\/meber2026.graphoservice.it\/wp-content\/uploads\/2026\/02\/MERCURY-Cinque-7075_4RG-PROOF-_DSC9918-1080x1080.webp","et-pb-gallery-module-image-portrait":"https:\/\/meber2026.graphoservice.it\/wp-content\/uploads\/2026\/02\/MERCURY-Cinque-7075_4RG-PROOF-_DSC9918-400x516.webp","et-pb-post-main-image-fullwidth-large":"https:\/\/meber2026.graphoservice.it\/wp-content\/uploads\/2026\/02\/MERCURY-Cinque-7075_4RG-PROOF-_DSC9918-2000x1800.webp","et-pb-image--responsive--desktop":"https:\/\/meber2026.graphoservice.it\/wp-content\/uploads\/2026\/02\/MERCURY-Cinque-7075_4RG-PROOF-_DSC9918-1280x1280.webp","et-pb-image--responsive--tablet":"https:\/\/meber2026.graphoservice.it\/wp-content\/uploads\/2026\/02\/MERCURY-Cinque-7075_4RG-PROOF-_DSC9918-980x980.webp","et-pb-image--responsive--phone":"https:\/\/meber2026.graphoservice.it\/wp-content\/uploads\/2026\/02\/MERCURY-Cinque-7075_4RG-PROOF-_DSC9918-480x480.webp","full":"https:\/\/meber2026.graphoservice.it\/wp-content\/uploads\/2026\/02\/MERCURY-Cinque-7075_4RG-PROOF-_DSC9918.webp"},"yoast_head":"<!-- This site is optimized with the Yoast SEO plugin v27.5 - https:\/\/yoast.com\/product\/yoast-seo-wordpress\/ -->\n<title>Mercury Cinque 7077\/4RG PROOF<\/title>\n<meta name=\"robots\" content=\"noindex, follow, max-snippet:-1, max-image-preview:large, max-video-preview:-1\" \/>\n<meta property=\"og:locale\" content=\"fr_FR\" \/>\n<meta property=\"og:type\" content=\"article\" \/>\n<meta property=\"og:title\" content=\"Mercury Cinque 7077\/4RG PROOF\" \/>\n<meta property=\"og:description\" content=\"Visiter le site Mercury Cinque \u00a0 Version haute du brancard Mercury Cinque. Issu de l\u2019un des projets les plus r\u00e9ussis dans le domaine du sauvetage\u00a0; certainement le produit Me.Ber. le plus populaire : le Mercury 4RG. Mercury Cinque est destin\u00e9 \u00e0 \u00e9tendre davantage les capacit\u00e9s op\u00e9rationnelles du mod\u00e8le original en introduisant les cinq hauteurs. Cependant, [&hellip;]\" \/>\n<meta property=\"og:url\" content=\"https:\/\/meber2026.graphoservice.it\/fr\/product\/mercury-cinque-7077-4rg-proof\/\" \/>\n<meta property=\"og:site_name\" content=\"Me.Ber.\" \/>\n<meta property=\"article:modified_time\" content=\"2026-04-28T16:29:43+00:00\" \/>\n<meta property=\"og:image\" content=\"https:\/\/meber2026.graphoservice.it\/wp-content\/uploads\/2026\/02\/MERCURY-Cinque-7075_4RG-PROOF-_DSC9918.webp\" \/>\n\t<meta property=\"og:image:width\" content=\"2000\" \/>\n\t<meta property=\"og:image:height\" content=\"2000\" \/>\n\t<meta property=\"og:image:type\" content=\"image\/webp\" \/>\n<meta name=\"twitter:card\" content=\"summary_large_image\" \/>\n<meta name=\"twitter:label1\" content=\"Dur\u00e9e de lecture estim\u00e9e\" \/>\n\t<meta name=\"twitter:data1\" content=\"2 minutes\" \/>\n<script type=\"application\/ld+json\" class=\"yoast-schema-graph\">{\"@context\":\"https:\\\/\\\/schema.org\",\"@graph\":[{\"@type\":\"WebPage\",\"@id\":\"https:\\\/\\\/meber2026.graphoservice.it\\\/fr\\\/product\\\/mercury-cinque-7077-4rg-proof\\\/\",\"url\":\"https:\\\/\\\/meber2026.graphoservice.it\\\/fr\\\/product\\\/mercury-cinque-7077-4rg-proof\\\/\",\"name\":\"Mercury Cinque 7077\\\/4RG PROOF\",\"isPartOf\":{\"@id\":\"https:\\\/\\\/meber2026.graphoservice.it\\\/fr\\\/#website\"},\"primaryImageOfPage\":{\"@id\":\"https:\\\/\\\/meber2026.graphoservice.it\\\/fr\\\/product\\\/mercury-cinque-7077-4rg-proof\\\/#primaryimage\"},\"image\":{\"@id\":\"https:\\\/\\\/meber2026.graphoservice.it\\\/fr\\\/product\\\/mercury-cinque-7077-4rg-proof\\\/#primaryimage\"},\"thumbnailUrl\":\"https:\\\/\\\/meber2026.graphoservice.it\\\/wp-content\\\/uploads\\\/2026\\\/02\\\/MERCURY-Cinque-7075_4RG-PROOF-_DSC9918.webp\",\"datePublished\":\"2026-02-10T09:29:21+00:00\",\"dateModified\":\"2026-04-28T16:29:43+00:00\",\"breadcrumb\":{\"@id\":\"https:\\\/\\\/meber2026.graphoservice.it\\\/fr\\\/product\\\/mercury-cinque-7077-4rg-proof\\\/#breadcrumb\"},\"inLanguage\":\"fr-FR\",\"potentialAction\":[{\"@type\":\"ReadAction\",\"target\":[\"https:\\\/\\\/meber2026.graphoservice.it\\\/fr\\\/product\\\/mercury-cinque-7077-4rg-proof\\\/\"]}]},{\"@type\":\"ImageObject\",\"inLanguage\":\"fr-FR\",\"@id\":\"https:\\\/\\\/meber2026.graphoservice.it\\\/fr\\\/product\\\/mercury-cinque-7077-4rg-proof\\\/#primaryimage\",\"url\":\"https:\\\/\\\/meber2026.graphoservice.it\\\/wp-content\\\/uploads\\\/2026\\\/02\\\/MERCURY-Cinque-7075_4RG-PROOF-_DSC9918.webp\",\"contentUrl\":\"https:\\\/\\\/meber2026.graphoservice.it\\\/wp-content\\\/uploads\\\/2026\\\/02\\\/MERCURY-Cinque-7075_4RG-PROOF-_DSC9918.webp\",\"width\":2000,\"height\":2000},{\"@type\":\"BreadcrumbList\",\"@id\":\"https:\\\/\\\/meber2026.graphoservice.it\\\/fr\\\/product\\\/mercury-cinque-7077-4rg-proof\\\/#breadcrumb\",\"itemListElement\":[{\"@type\":\"ListItem\",\"position\":1,\"name\":\"Home\",\"item\":\"https:\\\/\\\/meber2026.graphoservice.it\\\/fr\\\/\"},{\"@type\":\"ListItem\",\"position\":2,\"name\":\"Mercury Cinque 7077\\\/4RG PROOF\"}]},{\"@type\":\"WebSite\",\"@id\":\"https:\\\/\\\/meber2026.graphoservice.it\\\/fr\\\/#website\",\"url\":\"https:\\\/\\\/meber2026.graphoservice.it\\\/fr\\\/\",\"name\":\"Me.Ber.\",\"description\":\"In Case of Emergerncy\",\"potentialAction\":[{\"@type\":\"SearchAction\",\"target\":{\"@type\":\"EntryPoint\",\"urlTemplate\":\"https:\\\/\\\/meber2026.graphoservice.it\\\/fr\\\/?s={search_term_string}\"},\"query-input\":{\"@type\":\"PropertyValueSpecification\",\"valueRequired\":true,\"valueName\":\"search_term_string\"}}],\"inLanguage\":\"fr-FR\"}]}<\/script>\n<!-- \/ Yoast SEO plugin. -->","yoast_head_json":{"title":"Mercury Cinque 7077\/4RG PROOF","robots":{"index":"noindex","follow":"follow","max-snippet":"max-snippet:-1","max-image-preview":"max-image-preview:large","max-video-preview":"max-video-preview:-1"},"og_locale":"fr_FR","og_type":"article","og_title":"Mercury Cinque 7077\/4RG PROOF","og_description":"Visiter le site Mercury Cinque \u00a0 Version haute du brancard Mercury Cinque. Issu de l\u2019un des projets les plus r\u00e9ussis dans le domaine du sauvetage\u00a0; certainement le produit Me.Ber. le plus populaire : le Mercury 4RG. Mercury Cinque est destin\u00e9 \u00e0 \u00e9tendre davantage les capacit\u00e9s op\u00e9rationnelles du mod\u00e8le original en introduisant les cinq hauteurs. Cependant, [&hellip;]","og_url":"https:\/\/meber2026.graphoservice.it\/fr\/product\/mercury-cinque-7077-4rg-proof\/","og_site_name":"Me.Ber.","article_modified_time":"2026-04-28T16:29:43+00:00","og_image":[{"width":2000,"height":2000,"url":"https:\/\/meber2026.graphoservice.it\/wp-content\/uploads\/2026\/02\/MERCURY-Cinque-7075_4RG-PROOF-_DSC9918.webp","type":"image\/webp"}],"twitter_card":"summary_large_image","twitter_misc":{"Dur\u00e9e de lecture estim\u00e9e":"2 minutes"},"schema":{"@context":"https:\/\/schema.org","@graph":[{"@type":"WebPage","@id":"https:\/\/meber2026.graphoservice.it\/fr\/product\/mercury-cinque-7077-4rg-proof\/","url":"https:\/\/meber2026.graphoservice.it\/fr\/product\/mercury-cinque-7077-4rg-proof\/","name":"Mercury Cinque 7077\/4RG PROOF","isPartOf":{"@id":"https:\/\/meber2026.graphoservice.it\/fr\/#website"},"primaryImageOfPage":{"@id":"https:\/\/meber2026.graphoservice.it\/fr\/product\/mercury-cinque-7077-4rg-proof\/#primaryimage"},"image":{"@id":"https:\/\/meber2026.graphoservice.it\/fr\/product\/mercury-cinque-7077-4rg-proof\/#primaryimage"},"thumbnailUrl":"https:\/\/meber2026.graphoservice.it\/wp-content\/uploads\/2026\/02\/MERCURY-Cinque-7075_4RG-PROOF-_DSC9918.webp","datePublished":"2026-02-10T09:29:21+00:00","dateModified":"2026-04-28T16:29:43+00:00","breadcrumb":{"@id":"https:\/\/meber2026.graphoservice.it\/fr\/product\/mercury-cinque-7077-4rg-proof\/#breadcrumb"},"inLanguage":"fr-FR","potentialAction":[{"@type":"ReadAction","target":["https:\/\/meber2026.graphoservice.it\/fr\/product\/mercury-cinque-7077-4rg-proof\/"]}]},{"@type":"ImageObject","inLanguage":"fr-FR","@id":"https:\/\/meber2026.graphoservice.it\/fr\/product\/mercury-cinque-7077-4rg-proof\/#primaryimage","url":"https:\/\/meber2026.graphoservice.it\/wp-content\/uploads\/2026\/02\/MERCURY-Cinque-7075_4RG-PROOF-_DSC9918.webp","contentUrl":"https:\/\/meber2026.graphoservice.it\/wp-content\/uploads\/2026\/02\/MERCURY-Cinque-7075_4RG-PROOF-_DSC9918.webp","width":2000,"height":2000},{"@type":"BreadcrumbList","@id":"https:\/\/meber2026.graphoservice.it\/fr\/product\/mercury-cinque-7077-4rg-proof\/#breadcrumb","itemListElement":[{"@type":"ListItem","position":1,"name":"Home","item":"https:\/\/meber2026.graphoservice.it\/fr\/"},{"@type":"ListItem","position":2,"name":"Mercury Cinque 7077\/4RG PROOF"}]},{"@type":"WebSite","@id":"https:\/\/meber2026.graphoservice.it\/fr\/#website","url":"https:\/\/meber2026.graphoservice.it\/fr\/","name":"Me.Ber.","description":"In Case of Emergerncy","potentialAction":[{"@type":"SearchAction","target":{"@type":"EntryPoint","urlTemplate":"https:\/\/meber2026.graphoservice.it\/fr\/?s={search_term_string}"},"query-input":{"@type":"PropertyValueSpecification","valueRequired":true,"valueName":"search_term_string"}}],"inLanguage":"fr-FR"}]}},"_links":{"self":[{"href":"https:\/\/meber2026.graphoservice.it\/fr\/wp-json\/wp\/v2\/product\/19858","targetHints":{"allow":["GET"]}}],"collection":[{"href":"https:\/\/meber2026.graphoservice.it\/fr\/wp-json\/wp\/v2\/product"}],"about":[{"href":"https:\/\/meber2026.graphoservice.it\/fr\/wp-json\/wp\/v2\/types\/product"}],"author":[{"embeddable":true,"href":"https:\/\/meber2026.graphoservice.it\/fr\/wp-json\/wp\/v2\/users\/1"}],"version-history":[{"count":1,"href":"https:\/\/meber2026.graphoservice.it\/fr\/wp-json\/wp\/v2\/product\/19858\/revisions"}],"predecessor-version":[{"id":31771,"href":"https:\/\/meber2026.graphoservice.it\/fr\/wp-json\/wp\/v2\/product\/19858\/revisions\/31771"}],"wp:featuredmedia":[{"embeddable":true,"href":"https:\/\/meber2026.graphoservice.it\/fr\/wp-json\/wp\/v2\/media\/27231"}],"wp:attachment":[{"href":"https:\/\/meber2026.graphoservice.it\/fr\/wp-json\/wp\/v2\/media?parent=19858"}],"wp:term":[{"taxonomy":"application-tag","embeddable":true,"href":"https:\/\/meber2026.graphoservice.it\/fr\/wp-json\/wp\/v2\/application-tag?post=19858"}],"curies":[{"name":"wp","href":"https:\/\/api.w.org\/{rel}","templated":true}]}}