{"id":19753,"date":"2026-02-10T09:29:06","date_gmt":"2026-02-10T09:29:06","guid":{"rendered":"https:\/\/meber2026.graphoservice.it\/product\/brancard-fixe-1515-proof\/"},"modified":"2026-02-10T09:29:06","modified_gmt":"2026-02-10T09:29:06","slug":"brancard-fixe-1515-proof","status":"publish","type":"product","link":"https:\/\/meber2026.graphoservice.it\/fr\/product\/brancard-fixe-1515-proof\/","title":{"rendered":"Brancard fixe 1515 PROOF"},"content":{"rendered":"<p style=\"\">Brancard fixe construit en aluminium anodis\u00e9 avec plate-forme et dossier rigide en thermoplastique renforc\u00e9, r\u00e9sistant et facile \u00e0 nettoyer. Possibilit\u00e9 d\u2019occuper les positions Trendelenburg et Fowler. Il peut \u00eatre utilis\u00e9 sur notre chariots \u00e0 chargement automatique (TITANUS) ou comme brancard \u00e0 main.<br \/>\n\u00a0<\/p>\n<div style=\"float:none; clear:both; background-color:#efefef; padding:48px;overflow:auto;\">\n<h4 style=\"border-bottom: solid 1px #555555; margin-bottom:32px\">\u00c9galement disponible dans la version avec ANTI-VIBRATION (NO TRENDELENBURG et NO FOWLER)<\/h4>\n<div style=\"\"><img decoding=\"async\" alt=\"\" class=\"img-responsive\" src=\"\/adm\/Images\/contents\/ammortizzatori\/Animazione-assorbimento-vibrazioni-1515.gif\" style=\"margin-bottom:40px;  float: none;\" \/><\/p>\n<p style=\"\">L\u2019\u00e9l\u00e9ment d\u2019absorption des vibrations du brancard se compose de six supports anti-vibrations qui contribuent \u00e0 r\u00e9duire toute contrainte sur le brancard, \u00e0 la fois lorsqu\u2019il est utilis\u00e9 sur le chariot mais surtout, pendant le transport en ambulance.<br \/>\n<em><strong>\u00a0<\/strong><\/em><\/p>\n<\/div>\n<div style=\"float:left; padding-left:16px\">\u00a0<\/div>\n<div style=\"margin-top:24px;\"><iframe referrerpolicy=\"strict-origin-when-cross-origin\" loading=\"lazy\" allow=\"accelerometer; autoplay; clipboard-write; encrypted-media; gyroscope; picture-in-picture\" allowfullscreen=\"\" frameborder=\"0\" height=\"423\" src=\"https:\/\/www.youtube.com\/embed\/0YLMJK6JYBw?origin=https%3A%2F%2Fmeber2026.graphoservice.it%2Ffr%2F\" title=\"YouTube video player\" width=\"752\"><\/iframe><\/div>\n<p>\u00a0<\/p>\n<\/div>\n<p>Caract\u00e9ristiques principales :<\/p>\n<ul>\n<li style=\"\">4 poign\u00e9es amovibles et r\u00e9glables<\/li>\n<li style=\"\">4 roues diam. 100mm<\/li>\n<li style=\"\">Dossier inclinable \u00e0 75\u00b0<\/li>\n<li style=\"\">Avec 2 ceintures (art. 608-A\/MEB ou 608-N\/MEB), 1 matelas (art. 7014), 3 ceintures (art. 605C), 1 ceinture (art. 612\/AN-2 MEB ou 612\/N-2\/MEB).<\/li>\n<li style=\"\">C\u00f4t\u00e9s rabattables.<\/li>\n<\/ul>\n<div style=\"float:left\">\n<p style=\"\">\n<em><strong><em><strong><img decoding=\"async\" alt=\"\" height=\"88\u00a0\u00bb src=\" http:=\"\" www.meber.it=\"\" adm=\"\" images=\"\" contents=\"\" 10g=\"\" logo=\"\" 2019_def.png\"=\"\" width=\"80\">\u00a0<\/strong><\/em><\/strong><\/em><\/p>\n<\/div>\n<div style=\"float:left; padding-left:16px\">\n<p style=\"\">\n<p><em><strong><em><strong><b>Dispositif certifi\u00e9 selon<br \/>\nles normes de s\u00e9curit\u00e9 harmonis\u00e9es<br \/>\nUNI EN 1865 \u2013 UNI EN 1789<\/b><\/strong><\/em><\/strong><\/em><\/p>\n<\/div>\n","protected":false},"excerpt":{"rendered":"<p>Brancard fixe construit en aluminium anodis\u00e9 avec plate-forme et dossier rigide en thermoplastique renforc\u00e9, r\u00e9sistant et facile \u00e0 nettoyer. Possibilit\u00e9 d\u2019occuper les positions Trendelenburg et Fowler. Il peut \u00eatre utilis\u00e9 sur notre chariots \u00e0 chargement automatique (TITANUS) ou comme brancard \u00e0 main. \u00a0 \u00c9galement disponible dans la version avec ANTI-VIBRATION (NO TRENDELENBURG et NO FOWLER) [&hellip;]<\/p>\n","protected":false},"author":1,"featured_media":26467,"parent":0,"menu_order":10002200,"template":"","meta":{"_acf_changed":false,"footnotes":""},"application-tag":[71,65],"class_list":["post-19753","product","type-product","status-publish","has-post-thumbnail","hentry","application-tag-brancards","application-tag-certifie-10g"],"acf":[],"dsm_author":{"name":"admeb26","avatar_url":"https:\/\/meber2026.graphoservice.it\/wp-content\/plugins\/ultimate-member\/assets\/img\/default_avatar.jpg","archive_link":"https:\/\/meber2026.graphoservice.it\/fr\/author\/admeb26\/","biodata":""},"dsm_categories":[],"dsm_attachment_categories":[],"dsm_featured_image":{"thumbnail":"https:\/\/meber2026.graphoservice.it\/wp-content\/uploads\/2026\/02\/1515-barella-fissa-150x150.webp","medium":"https:\/\/meber2026.graphoservice.it\/wp-content\/uploads\/2026\/02\/1515-barella-fissa-300x300.webp","medium_large":"https:\/\/meber2026.graphoservice.it\/wp-content\/uploads\/2026\/02\/1515-barella-fissa-768x768.webp","large":"https:\/\/meber2026.graphoservice.it\/wp-content\/uploads\/2026\/02\/1515-barella-fissa-1024x1024.webp","1536x1536":"https:\/\/meber2026.graphoservice.it\/wp-content\/uploads\/2026\/02\/1515-barella-fissa-1536x1536.webp","2048x2048":"https:\/\/meber2026.graphoservice.it\/wp-content\/uploads\/2026\/02\/1515-barella-fissa.webp","et-pb-post-main-image":"https:\/\/meber2026.graphoservice.it\/wp-content\/uploads\/2026\/02\/1515-barella-fissa-400x250.webp","et-pb-post-main-image-fullwidth":"https:\/\/meber2026.graphoservice.it\/wp-content\/uploads\/2026\/02\/1515-barella-fissa-1080x675.webp","et-pb-portfolio-image":"https:\/\/meber2026.graphoservice.it\/wp-content\/uploads\/2026\/02\/1515-barella-fissa-400x284.webp","et-pb-portfolio-module-image":"https:\/\/meber2026.graphoservice.it\/wp-content\/uploads\/2026\/02\/1515-barella-fissa-510x382.webp","et-pb-portfolio-image-single":"https:\/\/meber2026.graphoservice.it\/wp-content\/uploads\/2026\/02\/1515-barella-fissa-1080x1080.webp","et-pb-gallery-module-image-portrait":"https:\/\/meber2026.graphoservice.it\/wp-content\/uploads\/2026\/02\/1515-barella-fissa-400x516.webp","et-pb-post-main-image-fullwidth-large":"https:\/\/meber2026.graphoservice.it\/wp-content\/uploads\/2026\/02\/1515-barella-fissa-2000x1800.webp","et-pb-image--responsive--desktop":"https:\/\/meber2026.graphoservice.it\/wp-content\/uploads\/2026\/02\/1515-barella-fissa-1280x1280.webp","et-pb-image--responsive--tablet":"https:\/\/meber2026.graphoservice.it\/wp-content\/uploads\/2026\/02\/1515-barella-fissa-980x980.webp","et-pb-image--responsive--phone":"https:\/\/meber2026.graphoservice.it\/wp-content\/uploads\/2026\/02\/1515-barella-fissa-480x480.webp","full":"https:\/\/meber2026.graphoservice.it\/wp-content\/uploads\/2026\/02\/1515-barella-fissa.webp"},"yoast_head":"<!-- This site is optimized with the Yoast SEO plugin v27.4 - https:\/\/yoast.com\/product\/yoast-seo-wordpress\/ -->\n<title>Brancard fixe 1515 proof<\/title>\n<meta name=\"description\" content=\"Brancard fixe construit en aluminium avec plate-forme et dossier rigide en thermoplastique renforc\u00e9. Il peut occuper les positions Trendelenburg et Fowler.\" \/>\n<meta name=\"robots\" content=\"noindex, follow, max-snippet:-1, max-image-preview:large, max-video-preview:-1\" \/>\n<meta property=\"og:locale\" content=\"fr_FR\" \/>\n<meta property=\"og:type\" content=\"article\" \/>\n<meta property=\"og:title\" content=\"Brancard fixe 1515 proof\" \/>\n<meta property=\"og:description\" content=\"Brancard fixe construit en aluminium avec plate-forme et dossier rigide en thermoplastique renforc\u00e9. Il peut occuper les positions Trendelenburg et Fowler.\" \/>\n<meta property=\"og:url\" content=\"https:\/\/meber2026.graphoservice.it\/fr\/product\/brancard-fixe-1515-proof\/\" \/>\n<meta property=\"og:site_name\" content=\"Me.Ber.\" \/>\n<meta name=\"twitter:card\" content=\"summary_large_image\" \/>\n<meta name=\"twitter:label1\" content=\"Dur\u00e9e de lecture estim\u00e9e\" \/>\n\t<meta name=\"twitter:data1\" content=\"1 minute\" \/>\n<script type=\"application\/ld+json\" class=\"yoast-schema-graph\">{\"@context\":\"https:\\\/\\\/schema.org\",\"@graph\":[{\"@type\":\"WebPage\",\"@id\":\"https:\\\/\\\/meber2026.graphoservice.it\\\/fr\\\/product\\\/brancard-fixe-1515-proof\\\/\",\"url\":\"https:\\\/\\\/meber2026.graphoservice.it\\\/fr\\\/product\\\/brancard-fixe-1515-proof\\\/\",\"name\":\"Brancard fixe 1515 proof\",\"isPartOf\":{\"@id\":\"https:\\\/\\\/meber2026.graphoservice.it\\\/fr\\\/#website\"},\"primaryImageOfPage\":{\"@id\":\"https:\\\/\\\/meber2026.graphoservice.it\\\/fr\\\/product\\\/brancard-fixe-1515-proof\\\/#primaryimage\"},\"image\":{\"@id\":\"https:\\\/\\\/meber2026.graphoservice.it\\\/fr\\\/product\\\/brancard-fixe-1515-proof\\\/#primaryimage\"},\"thumbnailUrl\":\"https:\\\/\\\/meber2026.graphoservice.it\\\/wp-content\\\/uploads\\\/2026\\\/02\\\/1515-barella-fissa.webp\",\"datePublished\":\"2026-02-10T09:29:06+00:00\",\"description\":\"Brancard fixe construit en aluminium avec plate-forme et dossier rigide en thermoplastique renforc\u00e9. Il peut occuper les positions Trendelenburg et Fowler.\",\"breadcrumb\":{\"@id\":\"https:\\\/\\\/meber2026.graphoservice.it\\\/fr\\\/product\\\/brancard-fixe-1515-proof\\\/#breadcrumb\"},\"inLanguage\":\"fr-FR\",\"potentialAction\":[{\"@type\":\"ReadAction\",\"target\":[\"https:\\\/\\\/meber2026.graphoservice.it\\\/fr\\\/product\\\/brancard-fixe-1515-proof\\\/\"]}]},{\"@type\":\"ImageObject\",\"inLanguage\":\"fr-FR\",\"@id\":\"https:\\\/\\\/meber2026.graphoservice.it\\\/fr\\\/product\\\/brancard-fixe-1515-proof\\\/#primaryimage\",\"url\":\"https:\\\/\\\/meber2026.graphoservice.it\\\/wp-content\\\/uploads\\\/2026\\\/02\\\/1515-barella-fissa.webp\",\"contentUrl\":\"https:\\\/\\\/meber2026.graphoservice.it\\\/wp-content\\\/uploads\\\/2026\\\/02\\\/1515-barella-fissa.webp\",\"width\":2000,\"height\":2000},{\"@type\":\"BreadcrumbList\",\"@id\":\"https:\\\/\\\/meber2026.graphoservice.it\\\/fr\\\/product\\\/brancard-fixe-1515-proof\\\/#breadcrumb\",\"itemListElement\":[{\"@type\":\"ListItem\",\"position\":1,\"name\":\"Home\",\"item\":\"https:\\\/\\\/meber2026.graphoservice.it\\\/fr\\\/\"},{\"@type\":\"ListItem\",\"position\":2,\"name\":\"Brancard fixe 1515 PROOF\"}]},{\"@type\":\"WebSite\",\"@id\":\"https:\\\/\\\/meber2026.graphoservice.it\\\/fr\\\/#website\",\"url\":\"https:\\\/\\\/meber2026.graphoservice.it\\\/fr\\\/\",\"name\":\"Me.Ber.\",\"description\":\"In Case of Emergerncy\",\"potentialAction\":[{\"@type\":\"SearchAction\",\"target\":{\"@type\":\"EntryPoint\",\"urlTemplate\":\"https:\\\/\\\/meber2026.graphoservice.it\\\/fr\\\/?s={search_term_string}\"},\"query-input\":{\"@type\":\"PropertyValueSpecification\",\"valueRequired\":true,\"valueName\":\"search_term_string\"}}],\"inLanguage\":\"fr-FR\"}]}<\/script>\n<!-- \/ Yoast SEO plugin. -->","yoast_head_json":{"title":"Brancard fixe 1515 proof","description":"Brancard fixe construit en aluminium avec plate-forme et dossier rigide en thermoplastique renforc\u00e9. Il peut occuper les positions Trendelenburg et Fowler.","robots":{"index":"noindex","follow":"follow","max-snippet":"max-snippet:-1","max-image-preview":"max-image-preview:large","max-video-preview":"max-video-preview:-1"},"og_locale":"fr_FR","og_type":"article","og_title":"Brancard fixe 1515 proof","og_description":"Brancard fixe construit en aluminium avec plate-forme et dossier rigide en thermoplastique renforc\u00e9. Il peut occuper les positions Trendelenburg et Fowler.","og_url":"https:\/\/meber2026.graphoservice.it\/fr\/product\/brancard-fixe-1515-proof\/","og_site_name":"Me.Ber.","twitter_card":"summary_large_image","twitter_misc":{"Dur\u00e9e de lecture estim\u00e9e":"1 minute"},"schema":{"@context":"https:\/\/schema.org","@graph":[{"@type":"WebPage","@id":"https:\/\/meber2026.graphoservice.it\/fr\/product\/brancard-fixe-1515-proof\/","url":"https:\/\/meber2026.graphoservice.it\/fr\/product\/brancard-fixe-1515-proof\/","name":"Brancard fixe 1515 proof","isPartOf":{"@id":"https:\/\/meber2026.graphoservice.it\/fr\/#website"},"primaryImageOfPage":{"@id":"https:\/\/meber2026.graphoservice.it\/fr\/product\/brancard-fixe-1515-proof\/#primaryimage"},"image":{"@id":"https:\/\/meber2026.graphoservice.it\/fr\/product\/brancard-fixe-1515-proof\/#primaryimage"},"thumbnailUrl":"https:\/\/meber2026.graphoservice.it\/wp-content\/uploads\/2026\/02\/1515-barella-fissa.webp","datePublished":"2026-02-10T09:29:06+00:00","description":"Brancard fixe construit en aluminium avec plate-forme et dossier rigide en thermoplastique renforc\u00e9. Il peut occuper les positions Trendelenburg et Fowler.","breadcrumb":{"@id":"https:\/\/meber2026.graphoservice.it\/fr\/product\/brancard-fixe-1515-proof\/#breadcrumb"},"inLanguage":"fr-FR","potentialAction":[{"@type":"ReadAction","target":["https:\/\/meber2026.graphoservice.it\/fr\/product\/brancard-fixe-1515-proof\/"]}]},{"@type":"ImageObject","inLanguage":"fr-FR","@id":"https:\/\/meber2026.graphoservice.it\/fr\/product\/brancard-fixe-1515-proof\/#primaryimage","url":"https:\/\/meber2026.graphoservice.it\/wp-content\/uploads\/2026\/02\/1515-barella-fissa.webp","contentUrl":"https:\/\/meber2026.graphoservice.it\/wp-content\/uploads\/2026\/02\/1515-barella-fissa.webp","width":2000,"height":2000},{"@type":"BreadcrumbList","@id":"https:\/\/meber2026.graphoservice.it\/fr\/product\/brancard-fixe-1515-proof\/#breadcrumb","itemListElement":[{"@type":"ListItem","position":1,"name":"Home","item":"https:\/\/meber2026.graphoservice.it\/fr\/"},{"@type":"ListItem","position":2,"name":"Brancard fixe 1515 PROOF"}]},{"@type":"WebSite","@id":"https:\/\/meber2026.graphoservice.it\/fr\/#website","url":"https:\/\/meber2026.graphoservice.it\/fr\/","name":"Me.Ber.","description":"In Case of Emergerncy","potentialAction":[{"@type":"SearchAction","target":{"@type":"EntryPoint","urlTemplate":"https:\/\/meber2026.graphoservice.it\/fr\/?s={search_term_string}"},"query-input":{"@type":"PropertyValueSpecification","valueRequired":true,"valueName":"search_term_string"}}],"inLanguage":"fr-FR"}]}},"_links":{"self":[{"href":"https:\/\/meber2026.graphoservice.it\/fr\/wp-json\/wp\/v2\/product\/19753","targetHints":{"allow":["GET"]}}],"collection":[{"href":"https:\/\/meber2026.graphoservice.it\/fr\/wp-json\/wp\/v2\/product"}],"about":[{"href":"https:\/\/meber2026.graphoservice.it\/fr\/wp-json\/wp\/v2\/types\/product"}],"author":[{"embeddable":true,"href":"https:\/\/meber2026.graphoservice.it\/fr\/wp-json\/wp\/v2\/users\/1"}],"version-history":[{"count":0,"href":"https:\/\/meber2026.graphoservice.it\/fr\/wp-json\/wp\/v2\/product\/19753\/revisions"}],"wp:featuredmedia":[{"embeddable":true,"href":"https:\/\/meber2026.graphoservice.it\/fr\/wp-json\/wp\/v2\/media\/26467"}],"wp:attachment":[{"href":"https:\/\/meber2026.graphoservice.it\/fr\/wp-json\/wp\/v2\/media?parent=19753"}],"wp:term":[{"taxonomy":"application-tag","embeddable":true,"href":"https:\/\/meber2026.graphoservice.it\/fr\/wp-json\/wp\/v2\/application-tag?post=19753"}],"curies":[{"name":"wp","href":"https:\/\/api.w.org\/{rel}","templated":true}]}}