{"id":19688,"date":"2026-02-10T09:28:57","date_gmt":"2026-02-10T09:28:57","guid":{"rendered":"https:\/\/meber2026.graphoservice.it\/product\/1925-2\/"},"modified":"2026-04-28T16:25:31","modified_gmt":"2026-04-28T16:25:31","slug":"1925-2","status":"publish","type":"product","link":"https:\/\/meber2026.graphoservice.it\/fr\/product\/1925-2\/","title":{"rendered":"1925"},"content":{"rendered":"<div style=\"\"><span style=\"font-size: small;\">Gants jetables en latex de caoutchouc naturel \u00e0 haute \u00e9paisseur et longueur accrue, sans poudre lubrifiante, \u00e0 haute biocompatibilit\u00e9, micro-rugueux, de qualit\u00e9 contr\u00f4l\u00e9e et certifi\u00e9e. Soumis \u00e0 un processus d\u2019halog\u00e9nation. Caract\u00e9ristiques de r\u00e9sistance sup\u00e9rieures \u00e0 celles d\u2019un gant jetable normal. Disponible en 4 tailles\u00a0; bo\u00eetes de 50 pi\u00e8ces.<\/span><\/div>\n","protected":false},"excerpt":{"rendered":"<p>Gants jetables en latex de caoutchouc naturel \u00e0 haute \u00e9paisseur et longueur accrue, sans poudre lubrifiante, \u00e0 haute biocompatibilit\u00e9, micro-rugueux, de qualit\u00e9 contr\u00f4l\u00e9e et certifi\u00e9e. Soumis \u00e0 un processus d\u2019halog\u00e9nation. Caract\u00e9ristiques de r\u00e9sistance sup\u00e9rieures \u00e0 celles d\u2019un gant jetable normal. Disponible en 4 tailles\u00a0; bo\u00eetes de 50 pi\u00e8ces.<\/p>\n","protected":false},"author":1,"featured_media":16645,"parent":0,"menu_order":80007100,"template":"","meta":{"_acf_changed":false,"footnotes":""},"application-tag":[95],"class_list":["post-19688","product","type-product","status-publish","has-post-thumbnail","hentry","application-tag-materiel-de-premiers-secours"],"acf":[],"dsm_author":{"name":"admeb26","avatar_url":"https:\/\/meber2026.graphoservice.it\/wp-content\/plugins\/ultimate-member\/assets\/img\/default_avatar.jpg","archive_link":"https:\/\/meber2026.graphoservice.it\/fr\/author\/admeb26\/","biodata":""},"dsm_categories":[],"dsm_attachment_categories":[],"dsm_featured_image":{"thumbnail":"https:\/\/meber2026.graphoservice.it\/wp-content\/uploads\/2026\/02\/1925_1926_1927_1928-GUANTI_HI-RISK_1-150x150.jpg","medium":"https:\/\/meber2026.graphoservice.it\/wp-content\/uploads\/2026\/02\/1925_1926_1927_1928-GUANTI_HI-RISK_1-300x267.jpg","medium_large":"https:\/\/meber2026.graphoservice.it\/wp-content\/uploads\/2026\/02\/1925_1926_1927_1928-GUANTI_HI-RISK_1-768x682.jpg","large":"https:\/\/meber2026.graphoservice.it\/wp-content\/uploads\/2026\/02\/1925_1926_1927_1928-GUANTI_HI-RISK_1.jpg","1536x1536":"https:\/\/meber2026.graphoservice.it\/wp-content\/uploads\/2026\/02\/1925_1926_1927_1928-GUANTI_HI-RISK_1.jpg","2048x2048":"https:\/\/meber2026.graphoservice.it\/wp-content\/uploads\/2026\/02\/1925_1926_1927_1928-GUANTI_HI-RISK_1.jpg","et-pb-post-main-image":"https:\/\/meber2026.graphoservice.it\/wp-content\/uploads\/2026\/02\/1925_1926_1927_1928-GUANTI_HI-RISK_1-400x250.jpg","et-pb-post-main-image-fullwidth":"https:\/\/meber2026.graphoservice.it\/wp-content\/uploads\/2026\/02\/1925_1926_1927_1928-GUANTI_HI-RISK_1-780x675.jpg","et-pb-portfolio-image":"https:\/\/meber2026.graphoservice.it\/wp-content\/uploads\/2026\/02\/1925_1926_1927_1928-GUANTI_HI-RISK_1-400x284.jpg","et-pb-portfolio-module-image":"https:\/\/meber2026.graphoservice.it\/wp-content\/uploads\/2026\/02\/1925_1926_1927_1928-GUANTI_HI-RISK_1-510x382.jpg","et-pb-portfolio-image-single":"https:\/\/meber2026.graphoservice.it\/wp-content\/uploads\/2026\/02\/1925_1926_1927_1928-GUANTI_HI-RISK_1.jpg","et-pb-gallery-module-image-portrait":"https:\/\/meber2026.graphoservice.it\/wp-content\/uploads\/2026\/02\/1925_1926_1927_1928-GUANTI_HI-RISK_1-400x516.jpg","et-pb-post-main-image-fullwidth-large":"https:\/\/meber2026.graphoservice.it\/wp-content\/uploads\/2026\/02\/1925_1926_1927_1928-GUANTI_HI-RISK_1.jpg","et-pb-image--responsive--desktop":"https:\/\/meber2026.graphoservice.it\/wp-content\/uploads\/2026\/02\/1925_1926_1927_1928-GUANTI_HI-RISK_1.jpg","et-pb-image--responsive--tablet":"https:\/\/meber2026.graphoservice.it\/wp-content\/uploads\/2026\/02\/1925_1926_1927_1928-GUANTI_HI-RISK_1.jpg","et-pb-image--responsive--phone":"https:\/\/meber2026.graphoservice.it\/wp-content\/uploads\/2026\/02\/1925_1926_1927_1928-GUANTI_HI-RISK_1-480x426.jpg","full":"https:\/\/meber2026.graphoservice.it\/wp-content\/uploads\/2026\/02\/1925_1926_1927_1928-GUANTI_HI-RISK_1.jpg"},"yoast_head":"<!-- This site is optimized with the Yoast SEO plugin v27.4 - https:\/\/yoast.com\/product\/yoast-seo-wordpress\/ -->\n<title>1925<\/title>\n<meta name=\"robots\" content=\"noindex, follow, max-snippet:-1, max-image-preview:large, max-video-preview:-1\" \/>\n<meta property=\"og:locale\" content=\"fr_FR\" \/>\n<meta property=\"og:type\" content=\"article\" \/>\n<meta property=\"og:title\" content=\"1925\" \/>\n<meta property=\"og:description\" content=\"Gants jetables en latex de caoutchouc naturel \u00e0 haute \u00e9paisseur et longueur accrue, sans poudre lubrifiante, \u00e0 haute biocompatibilit\u00e9, micro-rugueux, de qualit\u00e9 contr\u00f4l\u00e9e et certifi\u00e9e. Soumis \u00e0 un processus d\u2019halog\u00e9nation. Caract\u00e9ristiques de r\u00e9sistance sup\u00e9rieures \u00e0 celles d\u2019un gant jetable normal. Disponible en 4 tailles\u00a0; bo\u00eetes de 50 pi\u00e8ces.\" \/>\n<meta property=\"og:url\" content=\"https:\/\/meber2026.graphoservice.it\/fr\/product\/1925-2\/\" \/>\n<meta property=\"og:site_name\" content=\"Me.Ber.\" \/>\n<meta property=\"article:modified_time\" content=\"2026-04-28T16:25:31+00:00\" \/>\n<meta property=\"og:image\" content=\"https:\/\/meber2026.graphoservice.it\/wp-content\/uploads\/2026\/02\/1925_1926_1927_1928-GUANTI_HI-RISK_1.jpg\" \/>\n\t<meta property=\"og:image:width\" content=\"780\" \/>\n\t<meta property=\"og:image:height\" content=\"693\" \/>\n\t<meta property=\"og:image:type\" content=\"image\/jpeg\" \/>\n<meta name=\"twitter:card\" content=\"summary_large_image\" \/>\n<script type=\"application\/ld+json\" class=\"yoast-schema-graph\">{\"@context\":\"https:\\\/\\\/schema.org\",\"@graph\":[{\"@type\":\"WebPage\",\"@id\":\"https:\\\/\\\/meber2026.graphoservice.it\\\/fr\\\/product\\\/1925-2\\\/\",\"url\":\"https:\\\/\\\/meber2026.graphoservice.it\\\/fr\\\/product\\\/1925-2\\\/\",\"name\":\"1925\",\"isPartOf\":{\"@id\":\"https:\\\/\\\/meber2026.graphoservice.it\\\/fr\\\/#website\"},\"primaryImageOfPage\":{\"@id\":\"https:\\\/\\\/meber2026.graphoservice.it\\\/fr\\\/product\\\/1925-2\\\/#primaryimage\"},\"image\":{\"@id\":\"https:\\\/\\\/meber2026.graphoservice.it\\\/fr\\\/product\\\/1925-2\\\/#primaryimage\"},\"thumbnailUrl\":\"https:\\\/\\\/meber2026.graphoservice.it\\\/wp-content\\\/uploads\\\/2026\\\/02\\\/1925_1926_1927_1928-GUANTI_HI-RISK_1.jpg\",\"datePublished\":\"2026-02-10T09:28:57+00:00\",\"dateModified\":\"2026-04-28T16:25:31+00:00\",\"breadcrumb\":{\"@id\":\"https:\\\/\\\/meber2026.graphoservice.it\\\/fr\\\/product\\\/1925-2\\\/#breadcrumb\"},\"inLanguage\":\"fr-FR\",\"potentialAction\":[{\"@type\":\"ReadAction\",\"target\":[\"https:\\\/\\\/meber2026.graphoservice.it\\\/fr\\\/product\\\/1925-2\\\/\"]}]},{\"@type\":\"ImageObject\",\"inLanguage\":\"fr-FR\",\"@id\":\"https:\\\/\\\/meber2026.graphoservice.it\\\/fr\\\/product\\\/1925-2\\\/#primaryimage\",\"url\":\"https:\\\/\\\/meber2026.graphoservice.it\\\/wp-content\\\/uploads\\\/2026\\\/02\\\/1925_1926_1927_1928-GUANTI_HI-RISK_1.jpg\",\"contentUrl\":\"https:\\\/\\\/meber2026.graphoservice.it\\\/wp-content\\\/uploads\\\/2026\\\/02\\\/1925_1926_1927_1928-GUANTI_HI-RISK_1.jpg\",\"width\":780,\"height\":693},{\"@type\":\"BreadcrumbList\",\"@id\":\"https:\\\/\\\/meber2026.graphoservice.it\\\/fr\\\/product\\\/1925-2\\\/#breadcrumb\",\"itemListElement\":[{\"@type\":\"ListItem\",\"position\":1,\"name\":\"Home\",\"item\":\"https:\\\/\\\/meber2026.graphoservice.it\\\/fr\\\/\"},{\"@type\":\"ListItem\",\"position\":2,\"name\":\"1925\"}]},{\"@type\":\"WebSite\",\"@id\":\"https:\\\/\\\/meber2026.graphoservice.it\\\/fr\\\/#website\",\"url\":\"https:\\\/\\\/meber2026.graphoservice.it\\\/fr\\\/\",\"name\":\"Me.Ber.\",\"description\":\"In Case of Emergerncy\",\"potentialAction\":[{\"@type\":\"SearchAction\",\"target\":{\"@type\":\"EntryPoint\",\"urlTemplate\":\"https:\\\/\\\/meber2026.graphoservice.it\\\/fr\\\/?s={search_term_string}\"},\"query-input\":{\"@type\":\"PropertyValueSpecification\",\"valueRequired\":true,\"valueName\":\"search_term_string\"}}],\"inLanguage\":\"fr-FR\"}]}<\/script>\n<!-- \/ Yoast SEO plugin. -->","yoast_head_json":{"title":"1925","robots":{"index":"noindex","follow":"follow","max-snippet":"max-snippet:-1","max-image-preview":"max-image-preview:large","max-video-preview":"max-video-preview:-1"},"og_locale":"fr_FR","og_type":"article","og_title":"1925","og_description":"Gants jetables en latex de caoutchouc naturel \u00e0 haute \u00e9paisseur et longueur accrue, sans poudre lubrifiante, \u00e0 haute biocompatibilit\u00e9, micro-rugueux, de qualit\u00e9 contr\u00f4l\u00e9e et certifi\u00e9e. Soumis \u00e0 un processus d\u2019halog\u00e9nation. Caract\u00e9ristiques de r\u00e9sistance sup\u00e9rieures \u00e0 celles d\u2019un gant jetable normal. Disponible en 4 tailles\u00a0; bo\u00eetes de 50 pi\u00e8ces.","og_url":"https:\/\/meber2026.graphoservice.it\/fr\/product\/1925-2\/","og_site_name":"Me.Ber.","article_modified_time":"2026-04-28T16:25:31+00:00","og_image":[{"width":780,"height":693,"url":"https:\/\/meber2026.graphoservice.it\/wp-content\/uploads\/2026\/02\/1925_1926_1927_1928-GUANTI_HI-RISK_1.jpg","type":"image\/jpeg"}],"twitter_card":"summary_large_image","schema":{"@context":"https:\/\/schema.org","@graph":[{"@type":"WebPage","@id":"https:\/\/meber2026.graphoservice.it\/fr\/product\/1925-2\/","url":"https:\/\/meber2026.graphoservice.it\/fr\/product\/1925-2\/","name":"1925","isPartOf":{"@id":"https:\/\/meber2026.graphoservice.it\/fr\/#website"},"primaryImageOfPage":{"@id":"https:\/\/meber2026.graphoservice.it\/fr\/product\/1925-2\/#primaryimage"},"image":{"@id":"https:\/\/meber2026.graphoservice.it\/fr\/product\/1925-2\/#primaryimage"},"thumbnailUrl":"https:\/\/meber2026.graphoservice.it\/wp-content\/uploads\/2026\/02\/1925_1926_1927_1928-GUANTI_HI-RISK_1.jpg","datePublished":"2026-02-10T09:28:57+00:00","dateModified":"2026-04-28T16:25:31+00:00","breadcrumb":{"@id":"https:\/\/meber2026.graphoservice.it\/fr\/product\/1925-2\/#breadcrumb"},"inLanguage":"fr-FR","potentialAction":[{"@type":"ReadAction","target":["https:\/\/meber2026.graphoservice.it\/fr\/product\/1925-2\/"]}]},{"@type":"ImageObject","inLanguage":"fr-FR","@id":"https:\/\/meber2026.graphoservice.it\/fr\/product\/1925-2\/#primaryimage","url":"https:\/\/meber2026.graphoservice.it\/wp-content\/uploads\/2026\/02\/1925_1926_1927_1928-GUANTI_HI-RISK_1.jpg","contentUrl":"https:\/\/meber2026.graphoservice.it\/wp-content\/uploads\/2026\/02\/1925_1926_1927_1928-GUANTI_HI-RISK_1.jpg","width":780,"height":693},{"@type":"BreadcrumbList","@id":"https:\/\/meber2026.graphoservice.it\/fr\/product\/1925-2\/#breadcrumb","itemListElement":[{"@type":"ListItem","position":1,"name":"Home","item":"https:\/\/meber2026.graphoservice.it\/fr\/"},{"@type":"ListItem","position":2,"name":"1925"}]},{"@type":"WebSite","@id":"https:\/\/meber2026.graphoservice.it\/fr\/#website","url":"https:\/\/meber2026.graphoservice.it\/fr\/","name":"Me.Ber.","description":"In Case of Emergerncy","potentialAction":[{"@type":"SearchAction","target":{"@type":"EntryPoint","urlTemplate":"https:\/\/meber2026.graphoservice.it\/fr\/?s={search_term_string}"},"query-input":{"@type":"PropertyValueSpecification","valueRequired":true,"valueName":"search_term_string"}}],"inLanguage":"fr-FR"}]}},"_links":{"self":[{"href":"https:\/\/meber2026.graphoservice.it\/fr\/wp-json\/wp\/v2\/product\/19688","targetHints":{"allow":["GET"]}}],"collection":[{"href":"https:\/\/meber2026.graphoservice.it\/fr\/wp-json\/wp\/v2\/product"}],"about":[{"href":"https:\/\/meber2026.graphoservice.it\/fr\/wp-json\/wp\/v2\/types\/product"}],"author":[{"embeddable":true,"href":"https:\/\/meber2026.graphoservice.it\/fr\/wp-json\/wp\/v2\/users\/1"}],"version-history":[{"count":1,"href":"https:\/\/meber2026.graphoservice.it\/fr\/wp-json\/wp\/v2\/product\/19688\/revisions"}],"predecessor-version":[{"id":31631,"href":"https:\/\/meber2026.graphoservice.it\/fr\/wp-json\/wp\/v2\/product\/19688\/revisions\/31631"}],"wp:featuredmedia":[{"embeddable":true,"href":"https:\/\/meber2026.graphoservice.it\/fr\/wp-json\/wp\/v2\/media\/16645"}],"wp:attachment":[{"href":"https:\/\/meber2026.graphoservice.it\/fr\/wp-json\/wp\/v2\/media?parent=19688"}],"wp:term":[{"taxonomy":"application-tag","embeddable":true,"href":"https:\/\/meber2026.graphoservice.it\/fr\/wp-json\/wp\/v2\/application-tag?post=19688"}],"curies":[{"name":"wp","href":"https:\/\/api.w.org\/{rel}","templated":true}]}}