{"id":19653,"date":"2026-02-10T09:28:52","date_gmt":"2026-02-10T09:28:52","guid":{"rendered":"https:\/\/meber2026.graphoservice.it\/product\/1942-2\/"},"modified":"2026-04-28T16:24:46","modified_gmt":"2026-04-28T16:24:46","slug":"1942-2","status":"publish","type":"product","link":"https:\/\/meber2026.graphoservice.it\/fr\/product\/1942-2\/","title":{"rendered":"1942"},"content":{"rendered":"<p>Gants m\u00e9dicaux jetables, non st\u00e9riles, en nitrile, particuli\u00e8rement adapt\u00e9s aux personnes allergiques au latex naturel, et sensibles aux r\u00e9actions allergiques de type I (hypersensibilit\u00e9 imm\u00e9diate). Couleur bleu clair, inodores, \u00e9paisseur uniforme et sans bulles, excellente sensibilit\u00e9 tactile et dext\u00e9rit\u00e9, confort accru m\u00eame lors d\u2019op\u00e9rations prolong\u00e9es. Forme anatomique, ambidextres, avec manchette \u00e9lastique renforc\u00e9e anti-roulement, absence de prot\u00e9ines de latex et de r\u00e9sidus de traitement chimique, exemptes de poussi\u00e8re lubrifiante. Disponibles en 4 tailles\u00a0; bo\u00eetes de 100 pi\u00e8ces.<\/p>\n","protected":false},"excerpt":{"rendered":"<p>Gants m\u00e9dicaux jetables, non st\u00e9riles, en nitrile, particuli\u00e8rement adapt\u00e9s aux personnes allergiques au latex naturel, et sensibles aux r\u00e9actions allergiques de type I (hypersensibilit\u00e9 imm\u00e9diate). Couleur bleu clair, inodores, \u00e9paisseur uniforme et sans bulles, excellente sensibilit\u00e9 tactile et dext\u00e9rit\u00e9, confort accru m\u00eame lors d\u2019op\u00e9rations prolong\u00e9es. Forme anatomique, ambidextres, avec manchette \u00e9lastique renforc\u00e9e anti-roulement, absence de [&hellip;]<\/p>\n","protected":false},"author":1,"featured_media":16582,"parent":0,"menu_order":80007600,"template":"","meta":{"_acf_changed":false,"footnotes":""},"application-tag":[95],"class_list":["post-19653","product","type-product","status-publish","has-post-thumbnail","hentry","application-tag-materiel-de-premiers-secours"],"acf":[],"dsm_author":{"name":"admeb26","avatar_url":"https:\/\/meber2026.graphoservice.it\/wp-content\/plugins\/ultimate-member\/assets\/img\/default_avatar.jpg","archive_link":"https:\/\/meber2026.graphoservice.it\/fr\/author\/admeb26\/","biodata":""},"dsm_categories":[],"dsm_attachment_categories":[],"dsm_featured_image":{"thumbnail":"https:\/\/meber2026.graphoservice.it\/wp-content\/uploads\/2026\/02\/1940-2-4-5_guanti_nitrile_11-150x150.jpg","medium":"https:\/\/meber2026.graphoservice.it\/wp-content\/uploads\/2026\/02\/1940-2-4-5_guanti_nitrile_11-300x300.jpg","medium_large":"https:\/\/meber2026.graphoservice.it\/wp-content\/uploads\/2026\/02\/1940-2-4-5_guanti_nitrile_11-768x768.jpg","large":"https:\/\/meber2026.graphoservice.it\/wp-content\/uploads\/2026\/02\/1940-2-4-5_guanti_nitrile_11.jpg","1536x1536":"https:\/\/meber2026.graphoservice.it\/wp-content\/uploads\/2026\/02\/1940-2-4-5_guanti_nitrile_11.jpg","2048x2048":"https:\/\/meber2026.graphoservice.it\/wp-content\/uploads\/2026\/02\/1940-2-4-5_guanti_nitrile_11.jpg","et-pb-post-main-image":"https:\/\/meber2026.graphoservice.it\/wp-content\/uploads\/2026\/02\/1940-2-4-5_guanti_nitrile_11-400x250.jpg","et-pb-post-main-image-fullwidth":"https:\/\/meber2026.graphoservice.it\/wp-content\/uploads\/2026\/02\/1940-2-4-5_guanti_nitrile_11-780x675.jpg","et-pb-portfolio-image":"https:\/\/meber2026.graphoservice.it\/wp-content\/uploads\/2026\/02\/1940-2-4-5_guanti_nitrile_11-400x284.jpg","et-pb-portfolio-module-image":"https:\/\/meber2026.graphoservice.it\/wp-content\/uploads\/2026\/02\/1940-2-4-5_guanti_nitrile_11-510x382.jpg","et-pb-portfolio-image-single":"https:\/\/meber2026.graphoservice.it\/wp-content\/uploads\/2026\/02\/1940-2-4-5_guanti_nitrile_11.jpg","et-pb-gallery-module-image-portrait":"https:\/\/meber2026.graphoservice.it\/wp-content\/uploads\/2026\/02\/1940-2-4-5_guanti_nitrile_11-400x516.jpg","et-pb-post-main-image-fullwidth-large":"https:\/\/meber2026.graphoservice.it\/wp-content\/uploads\/2026\/02\/1940-2-4-5_guanti_nitrile_11.jpg","et-pb-image--responsive--desktop":"https:\/\/meber2026.graphoservice.it\/wp-content\/uploads\/2026\/02\/1940-2-4-5_guanti_nitrile_11.jpg","et-pb-image--responsive--tablet":"https:\/\/meber2026.graphoservice.it\/wp-content\/uploads\/2026\/02\/1940-2-4-5_guanti_nitrile_11.jpg","et-pb-image--responsive--phone":"https:\/\/meber2026.graphoservice.it\/wp-content\/uploads\/2026\/02\/1940-2-4-5_guanti_nitrile_11-480x480.jpg","full":"https:\/\/meber2026.graphoservice.it\/wp-content\/uploads\/2026\/02\/1940-2-4-5_guanti_nitrile_11.jpg"},"yoast_head":"<!-- This site is optimized with the Yoast SEO plugin v27.4 - https:\/\/yoast.com\/product\/yoast-seo-wordpress\/ -->\n<title>1942<\/title>\n<meta name=\"robots\" content=\"noindex, follow, max-snippet:-1, max-image-preview:large, max-video-preview:-1\" \/>\n<meta property=\"og:locale\" content=\"fr_FR\" \/>\n<meta property=\"og:type\" content=\"article\" \/>\n<meta property=\"og:title\" content=\"1942\" \/>\n<meta property=\"og:description\" content=\"Gants m\u00e9dicaux jetables, non st\u00e9riles, en nitrile, particuli\u00e8rement adapt\u00e9s aux personnes allergiques au latex naturel, et sensibles aux r\u00e9actions allergiques de type I (hypersensibilit\u00e9 imm\u00e9diate). Couleur bleu clair, inodores, \u00e9paisseur uniforme et sans bulles, excellente sensibilit\u00e9 tactile et dext\u00e9rit\u00e9, confort accru m\u00eame lors d\u2019op\u00e9rations prolong\u00e9es. Forme anatomique, ambidextres, avec manchette \u00e9lastique renforc\u00e9e anti-roulement, absence de [&hellip;]\" \/>\n<meta property=\"og:url\" content=\"https:\/\/meber2026.graphoservice.it\/fr\/product\/1942-2\/\" \/>\n<meta property=\"og:site_name\" content=\"Me.Ber.\" \/>\n<meta property=\"article:modified_time\" content=\"2026-04-28T16:24:46+00:00\" \/>\n<meta property=\"og:image\" content=\"https:\/\/meber2026.graphoservice.it\/wp-content\/uploads\/2026\/02\/1940-2-4-5_guanti_nitrile_11.jpg\" \/>\n\t<meta property=\"og:image:width\" content=\"780\" \/>\n\t<meta property=\"og:image:height\" content=\"780\" \/>\n\t<meta property=\"og:image:type\" content=\"image\/jpeg\" \/>\n<meta name=\"twitter:card\" content=\"summary_large_image\" \/>\n<script type=\"application\/ld+json\" class=\"yoast-schema-graph\">{\"@context\":\"https:\\\/\\\/schema.org\",\"@graph\":[{\"@type\":\"WebPage\",\"@id\":\"https:\\\/\\\/meber2026.graphoservice.it\\\/fr\\\/product\\\/1942-2\\\/\",\"url\":\"https:\\\/\\\/meber2026.graphoservice.it\\\/fr\\\/product\\\/1942-2\\\/\",\"name\":\"1942\",\"isPartOf\":{\"@id\":\"https:\\\/\\\/meber2026.graphoservice.it\\\/fr\\\/#website\"},\"primaryImageOfPage\":{\"@id\":\"https:\\\/\\\/meber2026.graphoservice.it\\\/fr\\\/product\\\/1942-2\\\/#primaryimage\"},\"image\":{\"@id\":\"https:\\\/\\\/meber2026.graphoservice.it\\\/fr\\\/product\\\/1942-2\\\/#primaryimage\"},\"thumbnailUrl\":\"https:\\\/\\\/meber2026.graphoservice.it\\\/wp-content\\\/uploads\\\/2026\\\/02\\\/1940-2-4-5_guanti_nitrile_11.jpg\",\"datePublished\":\"2026-02-10T09:28:52+00:00\",\"dateModified\":\"2026-04-28T16:24:46+00:00\",\"breadcrumb\":{\"@id\":\"https:\\\/\\\/meber2026.graphoservice.it\\\/fr\\\/product\\\/1942-2\\\/#breadcrumb\"},\"inLanguage\":\"fr-FR\",\"potentialAction\":[{\"@type\":\"ReadAction\",\"target\":[\"https:\\\/\\\/meber2026.graphoservice.it\\\/fr\\\/product\\\/1942-2\\\/\"]}]},{\"@type\":\"ImageObject\",\"inLanguage\":\"fr-FR\",\"@id\":\"https:\\\/\\\/meber2026.graphoservice.it\\\/fr\\\/product\\\/1942-2\\\/#primaryimage\",\"url\":\"https:\\\/\\\/meber2026.graphoservice.it\\\/wp-content\\\/uploads\\\/2026\\\/02\\\/1940-2-4-5_guanti_nitrile_11.jpg\",\"contentUrl\":\"https:\\\/\\\/meber2026.graphoservice.it\\\/wp-content\\\/uploads\\\/2026\\\/02\\\/1940-2-4-5_guanti_nitrile_11.jpg\",\"width\":780,\"height\":780},{\"@type\":\"BreadcrumbList\",\"@id\":\"https:\\\/\\\/meber2026.graphoservice.it\\\/fr\\\/product\\\/1942-2\\\/#breadcrumb\",\"itemListElement\":[{\"@type\":\"ListItem\",\"position\":1,\"name\":\"Home\",\"item\":\"https:\\\/\\\/meber2026.graphoservice.it\\\/fr\\\/\"},{\"@type\":\"ListItem\",\"position\":2,\"name\":\"1942\"}]},{\"@type\":\"WebSite\",\"@id\":\"https:\\\/\\\/meber2026.graphoservice.it\\\/fr\\\/#website\",\"url\":\"https:\\\/\\\/meber2026.graphoservice.it\\\/fr\\\/\",\"name\":\"Me.Ber.\",\"description\":\"In Case of Emergerncy\",\"potentialAction\":[{\"@type\":\"SearchAction\",\"target\":{\"@type\":\"EntryPoint\",\"urlTemplate\":\"https:\\\/\\\/meber2026.graphoservice.it\\\/fr\\\/?s={search_term_string}\"},\"query-input\":{\"@type\":\"PropertyValueSpecification\",\"valueRequired\":true,\"valueName\":\"search_term_string\"}}],\"inLanguage\":\"fr-FR\"}]}<\/script>\n<!-- \/ Yoast SEO plugin. -->","yoast_head_json":{"title":"1942","robots":{"index":"noindex","follow":"follow","max-snippet":"max-snippet:-1","max-image-preview":"max-image-preview:large","max-video-preview":"max-video-preview:-1"},"og_locale":"fr_FR","og_type":"article","og_title":"1942","og_description":"Gants m\u00e9dicaux jetables, non st\u00e9riles, en nitrile, particuli\u00e8rement adapt\u00e9s aux personnes allergiques au latex naturel, et sensibles aux r\u00e9actions allergiques de type I (hypersensibilit\u00e9 imm\u00e9diate). Couleur bleu clair, inodores, \u00e9paisseur uniforme et sans bulles, excellente sensibilit\u00e9 tactile et dext\u00e9rit\u00e9, confort accru m\u00eame lors d\u2019op\u00e9rations prolong\u00e9es. Forme anatomique, ambidextres, avec manchette \u00e9lastique renforc\u00e9e anti-roulement, absence de [&hellip;]","og_url":"https:\/\/meber2026.graphoservice.it\/fr\/product\/1942-2\/","og_site_name":"Me.Ber.","article_modified_time":"2026-04-28T16:24:46+00:00","og_image":[{"width":780,"height":780,"url":"https:\/\/meber2026.graphoservice.it\/wp-content\/uploads\/2026\/02\/1940-2-4-5_guanti_nitrile_11.jpg","type":"image\/jpeg"}],"twitter_card":"summary_large_image","schema":{"@context":"https:\/\/schema.org","@graph":[{"@type":"WebPage","@id":"https:\/\/meber2026.graphoservice.it\/fr\/product\/1942-2\/","url":"https:\/\/meber2026.graphoservice.it\/fr\/product\/1942-2\/","name":"1942","isPartOf":{"@id":"https:\/\/meber2026.graphoservice.it\/fr\/#website"},"primaryImageOfPage":{"@id":"https:\/\/meber2026.graphoservice.it\/fr\/product\/1942-2\/#primaryimage"},"image":{"@id":"https:\/\/meber2026.graphoservice.it\/fr\/product\/1942-2\/#primaryimage"},"thumbnailUrl":"https:\/\/meber2026.graphoservice.it\/wp-content\/uploads\/2026\/02\/1940-2-4-5_guanti_nitrile_11.jpg","datePublished":"2026-02-10T09:28:52+00:00","dateModified":"2026-04-28T16:24:46+00:00","breadcrumb":{"@id":"https:\/\/meber2026.graphoservice.it\/fr\/product\/1942-2\/#breadcrumb"},"inLanguage":"fr-FR","potentialAction":[{"@type":"ReadAction","target":["https:\/\/meber2026.graphoservice.it\/fr\/product\/1942-2\/"]}]},{"@type":"ImageObject","inLanguage":"fr-FR","@id":"https:\/\/meber2026.graphoservice.it\/fr\/product\/1942-2\/#primaryimage","url":"https:\/\/meber2026.graphoservice.it\/wp-content\/uploads\/2026\/02\/1940-2-4-5_guanti_nitrile_11.jpg","contentUrl":"https:\/\/meber2026.graphoservice.it\/wp-content\/uploads\/2026\/02\/1940-2-4-5_guanti_nitrile_11.jpg","width":780,"height":780},{"@type":"BreadcrumbList","@id":"https:\/\/meber2026.graphoservice.it\/fr\/product\/1942-2\/#breadcrumb","itemListElement":[{"@type":"ListItem","position":1,"name":"Home","item":"https:\/\/meber2026.graphoservice.it\/fr\/"},{"@type":"ListItem","position":2,"name":"1942"}]},{"@type":"WebSite","@id":"https:\/\/meber2026.graphoservice.it\/fr\/#website","url":"https:\/\/meber2026.graphoservice.it\/fr\/","name":"Me.Ber.","description":"In Case of Emergerncy","potentialAction":[{"@type":"SearchAction","target":{"@type":"EntryPoint","urlTemplate":"https:\/\/meber2026.graphoservice.it\/fr\/?s={search_term_string}"},"query-input":{"@type":"PropertyValueSpecification","valueRequired":true,"valueName":"search_term_string"}}],"inLanguage":"fr-FR"}]}},"_links":{"self":[{"href":"https:\/\/meber2026.graphoservice.it\/fr\/wp-json\/wp\/v2\/product\/19653","targetHints":{"allow":["GET"]}}],"collection":[{"href":"https:\/\/meber2026.graphoservice.it\/fr\/wp-json\/wp\/v2\/product"}],"about":[{"href":"https:\/\/meber2026.graphoservice.it\/fr\/wp-json\/wp\/v2\/types\/product"}],"author":[{"embeddable":true,"href":"https:\/\/meber2026.graphoservice.it\/fr\/wp-json\/wp\/v2\/users\/1"}],"version-history":[{"count":1,"href":"https:\/\/meber2026.graphoservice.it\/fr\/wp-json\/wp\/v2\/product\/19653\/revisions"}],"predecessor-version":[{"id":31603,"href":"https:\/\/meber2026.graphoservice.it\/fr\/wp-json\/wp\/v2\/product\/19653\/revisions\/31603"}],"wp:featuredmedia":[{"embeddable":true,"href":"https:\/\/meber2026.graphoservice.it\/fr\/wp-json\/wp\/v2\/media\/16582"}],"wp:attachment":[{"href":"https:\/\/meber2026.graphoservice.it\/fr\/wp-json\/wp\/v2\/media?parent=19653"}],"wp:term":[{"taxonomy":"application-tag","embeddable":true,"href":"https:\/\/meber2026.graphoservice.it\/fr\/wp-json\/wp\/v2\/application-tag?post=19653"}],"curies":[{"name":"wp","href":"https:\/\/api.w.org\/{rel}","templated":true}]}}