{"id":19623,"date":"2026-02-10T09:28:48","date_gmt":"2026-02-10T09:28:48","guid":{"rendered":"https:\/\/meber2026.graphoservice.it\/product\/mercury-7072-4rg-proof\/"},"modified":"2026-02-10T09:28:49","modified_gmt":"2026-02-10T09:28:49","slug":"mercury-7072-4rg-proof","status":"publish","type":"product","link":"https:\/\/meber2026.graphoservice.it\/fr\/product\/mercury-7072-4rg-proof\/","title":{"rendered":"Mercury 7072\/4RG PROOF"},"content":{"rendered":"<p><a class=\"button icon btn-block\" href=\"https:\/\/www.meber.it\/mercury\/\" style=\"border-radius: 3px;\" target=\"_blank\">Visiter le site Mercury<i class=\"fa fa-chevron-circle-right\">\u00a0<\/i> <\/a><\/p>\n<div style=\"\">Le brancard Mercury est \u00e9galement disponible avec les quatre roues pivotantes en option qui lui conf\u00e8rent une maniabilit\u00e9 in\u00e9gal\u00e9e. Cet appareil est id\u00e9al pour utiliser le brancard dans des environnements \u00e9troits et confin\u00e9s. En actionnant un m\u00e9canisme simple, les roues avant sont d\u00e9verrouill\u00e9es ou remises dans leur configuration d\u2019origine avec les roues fixes dans le sens de la marche. Avec matelas et ceintures.<\/div>\n<p>Cette version reprend les m\u00eames caract\u00e9ristiques que la version 7070\/4RG Proof, \u00e0 la seule diff\u00e9rence de pouvoir charger des ambulances avec une hauteur accrue sur les planchers<\/p>\n<p><img loading=\"lazy\" decoding=\"async\" alt=\"\" height=\"88\" src=\"http:\/\/www.meber.it\/adm\/Images\/contents\/10G Logo 2019_def.png\" width=\"80\" \/><br \/>\n<strong>Appareil certifi\u00e9 selon les normes de s\u00e9curit\u00e9 harmonis\u00e9es UNI EN 1865 \u2013 UNI EN 1789..<\/strong> <span style=\"font-size:10px;\">*Les images sont fournies \u00e0 titre indicatif seulement..<\/span><\/p>\n<p><iframe referrerpolicy=\"strict-origin-when-cross-origin\" loading=\"lazy\" allow=\"accelerometer; autoplay; encrypted-media; gyroscope; picture-in-picture\" allowfullscreen=\"\" frameborder=\"0\" height=\"315\" src=\"https:\/\/www.youtube.com\/embed\/z62oQgKW5JM?origin=https%3A%2F%2Fmeber2026.graphoservice.it%2Ffr%2F\" width=\"360\"><\/iframe><\/p>\n<p><iframe referrerpolicy=\"strict-origin-when-cross-origin\" loading=\"lazy\" allow=\"accelerometer; autoplay; encrypted-media; gyroscope; picture-in-picture\" allowfullscreen=\"\" frameborder=\"0\" height=\"315\" src=\"https:\/\/www.youtube.com\/embed\/5dbXxhJL2sk?origin=https%3A%2F%2Fmeber2026.graphoservice.it%2Ffr%2F\" width=\"360\"><\/iframe><\/p>\n","protected":false},"excerpt":{"rendered":"<p>Visiter le site Mercury\u00a0 Le brancard Mercury est \u00e9galement disponible avec les quatre roues pivotantes en option qui lui conf\u00e8rent une maniabilit\u00e9 in\u00e9gal\u00e9e. Cet appareil est id\u00e9al pour utiliser le brancard dans des environnements \u00e9troits et confin\u00e9s. En actionnant un m\u00e9canisme simple, les roues avant sont d\u00e9verrouill\u00e9es ou remises dans leur configuration d\u2019origine avec les [&hellip;]<\/p>\n","protected":false},"author":1,"featured_media":27214,"parent":0,"menu_order":20000200,"template":"","meta":{"_acf_changed":false,"footnotes":""},"application-tag":[],"class_list":["post-19623","product","type-product","status-publish","has-post-thumbnail","hentry"],"acf":[],"dsm_author":{"name":"admeb26","avatar_url":"https:\/\/meber2026.graphoservice.it\/wp-content\/plugins\/ultimate-member\/assets\/img\/default_avatar.jpg","archive_link":"https:\/\/meber2026.graphoservice.it\/fr\/author\/admeb26\/","biodata":""},"dsm_categories":[],"dsm_attachment_categories":[],"dsm_featured_image":{"thumbnail":"https:\/\/meber2026.graphoservice.it\/wp-content\/uploads\/2026\/02\/Mercury4_7070_4RG-Proof_DSC8266-150x150.webp","medium":"https:\/\/meber2026.graphoservice.it\/wp-content\/uploads\/2026\/02\/Mercury4_7070_4RG-Proof_DSC8266-300x300.webp","medium_large":"https:\/\/meber2026.graphoservice.it\/wp-content\/uploads\/2026\/02\/Mercury4_7070_4RG-Proof_DSC8266-768x768.webp","large":"https:\/\/meber2026.graphoservice.it\/wp-content\/uploads\/2026\/02\/Mercury4_7070_4RG-Proof_DSC8266-1024x1024.webp","1536x1536":"https:\/\/meber2026.graphoservice.it\/wp-content\/uploads\/2026\/02\/Mercury4_7070_4RG-Proof_DSC8266-1536x1536.webp","2048x2048":"https:\/\/meber2026.graphoservice.it\/wp-content\/uploads\/2026\/02\/Mercury4_7070_4RG-Proof_DSC8266.webp","et-pb-post-main-image":"https:\/\/meber2026.graphoservice.it\/wp-content\/uploads\/2026\/02\/Mercury4_7070_4RG-Proof_DSC8266-400x250.webp","et-pb-post-main-image-fullwidth":"https:\/\/meber2026.graphoservice.it\/wp-content\/uploads\/2026\/02\/Mercury4_7070_4RG-Proof_DSC8266-1080x675.webp","et-pb-portfolio-image":"https:\/\/meber2026.graphoservice.it\/wp-content\/uploads\/2026\/02\/Mercury4_7070_4RG-Proof_DSC8266-400x284.webp","et-pb-portfolio-module-image":"https:\/\/meber2026.graphoservice.it\/wp-content\/uploads\/2026\/02\/Mercury4_7070_4RG-Proof_DSC8266-510x382.webp","et-pb-portfolio-image-single":"https:\/\/meber2026.graphoservice.it\/wp-content\/uploads\/2026\/02\/Mercury4_7070_4RG-Proof_DSC8266-1080x1080.webp","et-pb-gallery-module-image-portrait":"https:\/\/meber2026.graphoservice.it\/wp-content\/uploads\/2026\/02\/Mercury4_7070_4RG-Proof_DSC8266-400x516.webp","et-pb-post-main-image-fullwidth-large":"https:\/\/meber2026.graphoservice.it\/wp-content\/uploads\/2026\/02\/Mercury4_7070_4RG-Proof_DSC8266-2000x1800.webp","et-pb-image--responsive--desktop":"https:\/\/meber2026.graphoservice.it\/wp-content\/uploads\/2026\/02\/Mercury4_7070_4RG-Proof_DSC8266-1280x1280.webp","et-pb-image--responsive--tablet":"https:\/\/meber2026.graphoservice.it\/wp-content\/uploads\/2026\/02\/Mercury4_7070_4RG-Proof_DSC8266-980x980.webp","et-pb-image--responsive--phone":"https:\/\/meber2026.graphoservice.it\/wp-content\/uploads\/2026\/02\/Mercury4_7070_4RG-Proof_DSC8266-480x480.webp","full":"https:\/\/meber2026.graphoservice.it\/wp-content\/uploads\/2026\/02\/Mercury4_7070_4RG-Proof_DSC8266.webp"},"yoast_head":"<!-- This site is optimized with the Yoast SEO plugin v27.4 - https:\/\/yoast.com\/product\/yoast-seo-wordpress\/ -->\n<title>Brancard Mercury 7072\/4RG Proof<\/title>\n<meta name=\"description\" content=\"Brancard \u00e0 chargement automatique en acier inoxydable \u00e0 hauteur variable, certifi\u00e9 avec 4 roues pivotantes.. Cette version permet le chargement sur des planchers d\u2019ambulance jusqu\u2019\u00e0 71 cm de haut.\" \/>\n<meta name=\"robots\" content=\"noindex, follow, max-snippet:-1, max-image-preview:large, max-video-preview:-1\" \/>\n<meta property=\"og:locale\" content=\"fr_FR\" \/>\n<meta property=\"og:type\" content=\"article\" \/>\n<meta property=\"og:title\" content=\"Brancard Mercury 7072\/4RG Proof\" \/>\n<meta property=\"og:description\" content=\"Brancard \u00e0 chargement automatique en acier inoxydable \u00e0 hauteur variable, certifi\u00e9 avec 4 roues pivotantes.. Cette version permet le chargement sur des planchers d\u2019ambulance jusqu\u2019\u00e0 71 cm de haut.\" \/>\n<meta property=\"og:url\" content=\"https:\/\/meber2026.graphoservice.it\/fr\/product\/mercury-7072-4rg-proof\/\" \/>\n<meta property=\"og:site_name\" content=\"Me.Ber.\" \/>\n<meta property=\"article:modified_time\" content=\"2026-02-10T09:28:49+00:00\" \/>\n<meta name=\"twitter:card\" content=\"summary_large_image\" \/>\n<meta name=\"twitter:label1\" content=\"Dur\u00e9e de lecture estim\u00e9e\" \/>\n\t<meta name=\"twitter:data1\" content=\"1 minute\" \/>\n<script type=\"application\/ld+json\" class=\"yoast-schema-graph\">{\"@context\":\"https:\\\/\\\/schema.org\",\"@graph\":[{\"@type\":\"WebPage\",\"@id\":\"https:\\\/\\\/meber2026.graphoservice.it\\\/fr\\\/product\\\/mercury-7072-4rg-proof\\\/\",\"url\":\"https:\\\/\\\/meber2026.graphoservice.it\\\/fr\\\/product\\\/mercury-7072-4rg-proof\\\/\",\"name\":\"Brancard Mercury 7072\\\/4RG Proof\",\"isPartOf\":{\"@id\":\"https:\\\/\\\/meber2026.graphoservice.it\\\/fr\\\/#website\"},\"primaryImageOfPage\":{\"@id\":\"https:\\\/\\\/meber2026.graphoservice.it\\\/fr\\\/product\\\/mercury-7072-4rg-proof\\\/#primaryimage\"},\"image\":{\"@id\":\"https:\\\/\\\/meber2026.graphoservice.it\\\/fr\\\/product\\\/mercury-7072-4rg-proof\\\/#primaryimage\"},\"thumbnailUrl\":\"https:\\\/\\\/meber2026.graphoservice.it\\\/wp-content\\\/uploads\\\/2026\\\/02\\\/Mercury4_7070_4RG-Proof_DSC8266.webp\",\"datePublished\":\"2026-02-10T09:28:48+00:00\",\"dateModified\":\"2026-02-10T09:28:49+00:00\",\"description\":\"Brancard \u00e0 chargement automatique en acier inoxydable \u00e0 hauteur variable, certifi\u00e9 avec 4 roues pivotantes.. Cette version permet le chargement sur des planchers d\u2019ambulance jusqu\u2019\u00e0 71 cm de haut.\",\"breadcrumb\":{\"@id\":\"https:\\\/\\\/meber2026.graphoservice.it\\\/fr\\\/product\\\/mercury-7072-4rg-proof\\\/#breadcrumb\"},\"inLanguage\":\"fr-FR\",\"potentialAction\":[{\"@type\":\"ReadAction\",\"target\":[\"https:\\\/\\\/meber2026.graphoservice.it\\\/fr\\\/product\\\/mercury-7072-4rg-proof\\\/\"]}]},{\"@type\":\"ImageObject\",\"inLanguage\":\"fr-FR\",\"@id\":\"https:\\\/\\\/meber2026.graphoservice.it\\\/fr\\\/product\\\/mercury-7072-4rg-proof\\\/#primaryimage\",\"url\":\"https:\\\/\\\/meber2026.graphoservice.it\\\/wp-content\\\/uploads\\\/2026\\\/02\\\/Mercury4_7070_4RG-Proof_DSC8266.webp\",\"contentUrl\":\"https:\\\/\\\/meber2026.graphoservice.it\\\/wp-content\\\/uploads\\\/2026\\\/02\\\/Mercury4_7070_4RG-Proof_DSC8266.webp\",\"width\":2000,\"height\":2000},{\"@type\":\"BreadcrumbList\",\"@id\":\"https:\\\/\\\/meber2026.graphoservice.it\\\/fr\\\/product\\\/mercury-7072-4rg-proof\\\/#breadcrumb\",\"itemListElement\":[{\"@type\":\"ListItem\",\"position\":1,\"name\":\"Home\",\"item\":\"https:\\\/\\\/meber2026.graphoservice.it\\\/fr\\\/\"},{\"@type\":\"ListItem\",\"position\":2,\"name\":\"Mercury 7072\\\/4RG PROOF\"}]},{\"@type\":\"WebSite\",\"@id\":\"https:\\\/\\\/meber2026.graphoservice.it\\\/fr\\\/#website\",\"url\":\"https:\\\/\\\/meber2026.graphoservice.it\\\/fr\\\/\",\"name\":\"Me.Ber.\",\"description\":\"In Case of Emergerncy\",\"potentialAction\":[{\"@type\":\"SearchAction\",\"target\":{\"@type\":\"EntryPoint\",\"urlTemplate\":\"https:\\\/\\\/meber2026.graphoservice.it\\\/fr\\\/?s={search_term_string}\"},\"query-input\":{\"@type\":\"PropertyValueSpecification\",\"valueRequired\":true,\"valueName\":\"search_term_string\"}}],\"inLanguage\":\"fr-FR\"}]}<\/script>\n<!-- \/ Yoast SEO plugin. -->","yoast_head_json":{"title":"Brancard Mercury 7072\/4RG Proof","description":"Brancard \u00e0 chargement automatique en acier inoxydable \u00e0 hauteur variable, certifi\u00e9 avec 4 roues pivotantes.. Cette version permet le chargement sur des planchers d\u2019ambulance jusqu\u2019\u00e0 71 cm de haut.","robots":{"index":"noindex","follow":"follow","max-snippet":"max-snippet:-1","max-image-preview":"max-image-preview:large","max-video-preview":"max-video-preview:-1"},"og_locale":"fr_FR","og_type":"article","og_title":"Brancard Mercury 7072\/4RG Proof","og_description":"Brancard \u00e0 chargement automatique en acier inoxydable \u00e0 hauteur variable, certifi\u00e9 avec 4 roues pivotantes.. Cette version permet le chargement sur des planchers d\u2019ambulance jusqu\u2019\u00e0 71 cm de haut.","og_url":"https:\/\/meber2026.graphoservice.it\/fr\/product\/mercury-7072-4rg-proof\/","og_site_name":"Me.Ber.","article_modified_time":"2026-02-10T09:28:49+00:00","twitter_card":"summary_large_image","twitter_misc":{"Dur\u00e9e de lecture estim\u00e9e":"1 minute"},"schema":{"@context":"https:\/\/schema.org","@graph":[{"@type":"WebPage","@id":"https:\/\/meber2026.graphoservice.it\/fr\/product\/mercury-7072-4rg-proof\/","url":"https:\/\/meber2026.graphoservice.it\/fr\/product\/mercury-7072-4rg-proof\/","name":"Brancard Mercury 7072\/4RG Proof","isPartOf":{"@id":"https:\/\/meber2026.graphoservice.it\/fr\/#website"},"primaryImageOfPage":{"@id":"https:\/\/meber2026.graphoservice.it\/fr\/product\/mercury-7072-4rg-proof\/#primaryimage"},"image":{"@id":"https:\/\/meber2026.graphoservice.it\/fr\/product\/mercury-7072-4rg-proof\/#primaryimage"},"thumbnailUrl":"https:\/\/meber2026.graphoservice.it\/wp-content\/uploads\/2026\/02\/Mercury4_7070_4RG-Proof_DSC8266.webp","datePublished":"2026-02-10T09:28:48+00:00","dateModified":"2026-02-10T09:28:49+00:00","description":"Brancard \u00e0 chargement automatique en acier inoxydable \u00e0 hauteur variable, certifi\u00e9 avec 4 roues pivotantes.. Cette version permet le chargement sur des planchers d\u2019ambulance jusqu\u2019\u00e0 71 cm de haut.","breadcrumb":{"@id":"https:\/\/meber2026.graphoservice.it\/fr\/product\/mercury-7072-4rg-proof\/#breadcrumb"},"inLanguage":"fr-FR","potentialAction":[{"@type":"ReadAction","target":["https:\/\/meber2026.graphoservice.it\/fr\/product\/mercury-7072-4rg-proof\/"]}]},{"@type":"ImageObject","inLanguage":"fr-FR","@id":"https:\/\/meber2026.graphoservice.it\/fr\/product\/mercury-7072-4rg-proof\/#primaryimage","url":"https:\/\/meber2026.graphoservice.it\/wp-content\/uploads\/2026\/02\/Mercury4_7070_4RG-Proof_DSC8266.webp","contentUrl":"https:\/\/meber2026.graphoservice.it\/wp-content\/uploads\/2026\/02\/Mercury4_7070_4RG-Proof_DSC8266.webp","width":2000,"height":2000},{"@type":"BreadcrumbList","@id":"https:\/\/meber2026.graphoservice.it\/fr\/product\/mercury-7072-4rg-proof\/#breadcrumb","itemListElement":[{"@type":"ListItem","position":1,"name":"Home","item":"https:\/\/meber2026.graphoservice.it\/fr\/"},{"@type":"ListItem","position":2,"name":"Mercury 7072\/4RG PROOF"}]},{"@type":"WebSite","@id":"https:\/\/meber2026.graphoservice.it\/fr\/#website","url":"https:\/\/meber2026.graphoservice.it\/fr\/","name":"Me.Ber.","description":"In Case of Emergerncy","potentialAction":[{"@type":"SearchAction","target":{"@type":"EntryPoint","urlTemplate":"https:\/\/meber2026.graphoservice.it\/fr\/?s={search_term_string}"},"query-input":{"@type":"PropertyValueSpecification","valueRequired":true,"valueName":"search_term_string"}}],"inLanguage":"fr-FR"}]}},"_links":{"self":[{"href":"https:\/\/meber2026.graphoservice.it\/fr\/wp-json\/wp\/v2\/product\/19623","targetHints":{"allow":["GET"]}}],"collection":[{"href":"https:\/\/meber2026.graphoservice.it\/fr\/wp-json\/wp\/v2\/product"}],"about":[{"href":"https:\/\/meber2026.graphoservice.it\/fr\/wp-json\/wp\/v2\/types\/product"}],"author":[{"embeddable":true,"href":"https:\/\/meber2026.graphoservice.it\/fr\/wp-json\/wp\/v2\/users\/1"}],"version-history":[{"count":0,"href":"https:\/\/meber2026.graphoservice.it\/fr\/wp-json\/wp\/v2\/product\/19623\/revisions"}],"wp:featuredmedia":[{"embeddable":true,"href":"https:\/\/meber2026.graphoservice.it\/fr\/wp-json\/wp\/v2\/media\/27214"}],"wp:attachment":[{"href":"https:\/\/meber2026.graphoservice.it\/fr\/wp-json\/wp\/v2\/media?parent=19623"}],"wp:term":[{"taxonomy":"application-tag","embeddable":true,"href":"https:\/\/meber2026.graphoservice.it\/fr\/wp-json\/wp\/v2\/application-tag?post=19623"}],"curies":[{"name":"wp","href":"https:\/\/api.w.org\/{rel}","templated":true}]}}