{"id":19608,"date":"2026-02-10T09:28:46","date_gmt":"2026-02-10T09:28:46","guid":{"rendered":"https:\/\/meber2026.graphoservice.it\/product\/7018-a-001\/"},"modified":"2026-04-28T16:23:52","modified_gmt":"2026-04-28T16:23:52","slug":"7018-a-001","status":"publish","type":"product","link":"https:\/\/meber2026.graphoservice.it\/fr\/product\/7018-a-001\/","title":{"rendered":"7018\/A-001"},"content":{"rendered":"<div style=\"\"><span style=\"font-size: small;\">Fabriqu\u00e9 en mousse de polyur\u00e9thane \u00e0 m\u00e9moire lente et recouvert de ska\u00ef ignifuge, imperm\u00e9able et ind\u00e9chirable, il peut \u00eatre utilis\u00e9 sur tous nos brancards \u00e0 chargement automatique. \u00c9quip\u00e9 de deux \u00e9lastiques qui permettent de le fixer dans la position la plus adapt\u00e9e au patient, il pr\u00e9vient l\u2019apparition de douleurs cervicales et permet l\u2019am\u00e9lioration de la circulation dans la zone touch\u00e9e. Le confort du patient est garanti dans tout type de transport.<\/span><\/p>\n<p> <span style=\"font-weight: 700; color: rgb(98, 98, 98);\"><span style=\"font-size: 10px;\">*<\/span><\/span><span style=\"color: rgb(98, 98, 98); font-size: 10px;\">Les images sont fournies \u00e0 titre indicatif seulement.<\/span><\/div>\n","protected":false},"excerpt":{"rendered":"<p>Fabriqu\u00e9 en mousse de polyur\u00e9thane \u00e0 m\u00e9moire lente et recouvert de ska\u00ef ignifuge, imperm\u00e9able et ind\u00e9chirable, il peut \u00eatre utilis\u00e9 sur tous nos brancards \u00e0 chargement automatique. \u00c9quip\u00e9 de deux \u00e9lastiques qui permettent de le fixer dans la position la plus adapt\u00e9e au patient, il pr\u00e9vient l\u2019apparition de douleurs cervicales et permet l\u2019am\u00e9lioration de la [&hellip;]<\/p>\n","protected":false},"author":1,"featured_media":16507,"parent":0,"menu_order":40002700,"template":"","meta":{"_acf_changed":false,"footnotes":""},"application-tag":[92],"class_list":["post-19608","product","type-product","status-publish","has-post-thumbnail","hentry","application-tag-accessoires"],"acf":[],"dsm_author":{"name":"admeb26","avatar_url":"https:\/\/meber2026.graphoservice.it\/wp-content\/plugins\/ultimate-member\/assets\/img\/default_avatar.jpg","archive_link":"https:\/\/meber2026.graphoservice.it\/fr\/author\/admeb26\/","biodata":""},"dsm_categories":[],"dsm_attachment_categories":[],"dsm_featured_image":{"thumbnail":"https:\/\/meber2026.graphoservice.it\/wp-content\/uploads\/2026\/02\/7018A-001_Cuscino_gel_terapeutico-150x150.jpg","medium":"https:\/\/meber2026.graphoservice.it\/wp-content\/uploads\/2026\/02\/7018A-001_Cuscino_gel_terapeutico-300x222.jpg","medium_large":"https:\/\/meber2026.graphoservice.it\/wp-content\/uploads\/2026\/02\/7018A-001_Cuscino_gel_terapeutico-768x569.jpg","large":"https:\/\/meber2026.graphoservice.it\/wp-content\/uploads\/2026\/02\/7018A-001_Cuscino_gel_terapeutico.jpg","1536x1536":"https:\/\/meber2026.graphoservice.it\/wp-content\/uploads\/2026\/02\/7018A-001_Cuscino_gel_terapeutico.jpg","2048x2048":"https:\/\/meber2026.graphoservice.it\/wp-content\/uploads\/2026\/02\/7018A-001_Cuscino_gel_terapeutico.jpg","et-pb-post-main-image":"https:\/\/meber2026.graphoservice.it\/wp-content\/uploads\/2026\/02\/7018A-001_Cuscino_gel_terapeutico-400x250.jpg","et-pb-post-main-image-fullwidth":"https:\/\/meber2026.graphoservice.it\/wp-content\/uploads\/2026\/02\/7018A-001_Cuscino_gel_terapeutico.jpg","et-pb-portfolio-image":"https:\/\/meber2026.graphoservice.it\/wp-content\/uploads\/2026\/02\/7018A-001_Cuscino_gel_terapeutico-400x284.jpg","et-pb-portfolio-module-image":"https:\/\/meber2026.graphoservice.it\/wp-content\/uploads\/2026\/02\/7018A-001_Cuscino_gel_terapeutico-510x382.jpg","et-pb-portfolio-image-single":"https:\/\/meber2026.graphoservice.it\/wp-content\/uploads\/2026\/02\/7018A-001_Cuscino_gel_terapeutico.jpg","et-pb-gallery-module-image-portrait":"https:\/\/meber2026.graphoservice.it\/wp-content\/uploads\/2026\/02\/7018A-001_Cuscino_gel_terapeutico-400x516.jpg","et-pb-post-main-image-fullwidth-large":"https:\/\/meber2026.graphoservice.it\/wp-content\/uploads\/2026\/02\/7018A-001_Cuscino_gel_terapeutico.jpg","et-pb-image--responsive--desktop":"https:\/\/meber2026.graphoservice.it\/wp-content\/uploads\/2026\/02\/7018A-001_Cuscino_gel_terapeutico.jpg","et-pb-image--responsive--tablet":"https:\/\/meber2026.graphoservice.it\/wp-content\/uploads\/2026\/02\/7018A-001_Cuscino_gel_terapeutico.jpg","et-pb-image--responsive--phone":"https:\/\/meber2026.graphoservice.it\/wp-content\/uploads\/2026\/02\/7018A-001_Cuscino_gel_terapeutico-480x356.jpg","full":"https:\/\/meber2026.graphoservice.it\/wp-content\/uploads\/2026\/02\/7018A-001_Cuscino_gel_terapeutico.jpg"},"yoast_head":"<!-- This site is optimized with the Yoast SEO plugin v27.4 - https:\/\/yoast.com\/product\/yoast-seo-wordpress\/ -->\n<title>7018\/A-001<\/title>\n<meta name=\"robots\" content=\"noindex, follow, max-snippet:-1, max-image-preview:large, max-video-preview:-1\" \/>\n<meta property=\"og:locale\" content=\"fr_FR\" \/>\n<meta property=\"og:type\" content=\"article\" \/>\n<meta property=\"og:title\" content=\"7018\/A-001\" \/>\n<meta property=\"og:description\" content=\"Fabriqu\u00e9 en mousse de polyur\u00e9thane \u00e0 m\u00e9moire lente et recouvert de ska\u00ef ignifuge, imperm\u00e9able et ind\u00e9chirable, il peut \u00eatre utilis\u00e9 sur tous nos brancards \u00e0 chargement automatique. \u00c9quip\u00e9 de deux \u00e9lastiques qui permettent de le fixer dans la position la plus adapt\u00e9e au patient, il pr\u00e9vient l\u2019apparition de douleurs cervicales et permet l\u2019am\u00e9lioration de la [&hellip;]\" \/>\n<meta property=\"og:url\" content=\"https:\/\/meber2026.graphoservice.it\/fr\/product\/7018-a-001\/\" \/>\n<meta property=\"og:site_name\" content=\"Me.Ber.\" \/>\n<meta property=\"article:modified_time\" content=\"2026-04-28T16:23:52+00:00\" \/>\n<meta property=\"og:image\" content=\"https:\/\/meber2026.graphoservice.it\/wp-content\/uploads\/2026\/02\/7018A-001_Cuscino_gel_terapeutico.jpg\" \/>\n\t<meta property=\"og:image:width\" content=\"780\" \/>\n\t<meta property=\"og:image:height\" content=\"578\" \/>\n\t<meta property=\"og:image:type\" content=\"image\/jpeg\" \/>\n<meta name=\"twitter:card\" content=\"summary_large_image\" \/>\n<script type=\"application\/ld+json\" class=\"yoast-schema-graph\">{\"@context\":\"https:\\\/\\\/schema.org\",\"@graph\":[{\"@type\":\"WebPage\",\"@id\":\"https:\\\/\\\/meber2026.graphoservice.it\\\/fr\\\/product\\\/7018-a-001\\\/\",\"url\":\"https:\\\/\\\/meber2026.graphoservice.it\\\/fr\\\/product\\\/7018-a-001\\\/\",\"name\":\"7018\\\/A-001\",\"isPartOf\":{\"@id\":\"https:\\\/\\\/meber2026.graphoservice.it\\\/fr\\\/#website\"},\"primaryImageOfPage\":{\"@id\":\"https:\\\/\\\/meber2026.graphoservice.it\\\/fr\\\/product\\\/7018-a-001\\\/#primaryimage\"},\"image\":{\"@id\":\"https:\\\/\\\/meber2026.graphoservice.it\\\/fr\\\/product\\\/7018-a-001\\\/#primaryimage\"},\"thumbnailUrl\":\"https:\\\/\\\/meber2026.graphoservice.it\\\/wp-content\\\/uploads\\\/2026\\\/02\\\/7018A-001_Cuscino_gel_terapeutico.jpg\",\"datePublished\":\"2026-02-10T09:28:46+00:00\",\"dateModified\":\"2026-04-28T16:23:52+00:00\",\"breadcrumb\":{\"@id\":\"https:\\\/\\\/meber2026.graphoservice.it\\\/fr\\\/product\\\/7018-a-001\\\/#breadcrumb\"},\"inLanguage\":\"fr-FR\",\"potentialAction\":[{\"@type\":\"ReadAction\",\"target\":[\"https:\\\/\\\/meber2026.graphoservice.it\\\/fr\\\/product\\\/7018-a-001\\\/\"]}]},{\"@type\":\"ImageObject\",\"inLanguage\":\"fr-FR\",\"@id\":\"https:\\\/\\\/meber2026.graphoservice.it\\\/fr\\\/product\\\/7018-a-001\\\/#primaryimage\",\"url\":\"https:\\\/\\\/meber2026.graphoservice.it\\\/wp-content\\\/uploads\\\/2026\\\/02\\\/7018A-001_Cuscino_gel_terapeutico.jpg\",\"contentUrl\":\"https:\\\/\\\/meber2026.graphoservice.it\\\/wp-content\\\/uploads\\\/2026\\\/02\\\/7018A-001_Cuscino_gel_terapeutico.jpg\",\"width\":780,\"height\":578},{\"@type\":\"BreadcrumbList\",\"@id\":\"https:\\\/\\\/meber2026.graphoservice.it\\\/fr\\\/product\\\/7018-a-001\\\/#breadcrumb\",\"itemListElement\":[{\"@type\":\"ListItem\",\"position\":1,\"name\":\"Home\",\"item\":\"https:\\\/\\\/meber2026.graphoservice.it\\\/fr\\\/\"},{\"@type\":\"ListItem\",\"position\":2,\"name\":\"7018\\\/A-001\"}]},{\"@type\":\"WebSite\",\"@id\":\"https:\\\/\\\/meber2026.graphoservice.it\\\/fr\\\/#website\",\"url\":\"https:\\\/\\\/meber2026.graphoservice.it\\\/fr\\\/\",\"name\":\"Me.Ber.\",\"description\":\"In Case of Emergerncy\",\"potentialAction\":[{\"@type\":\"SearchAction\",\"target\":{\"@type\":\"EntryPoint\",\"urlTemplate\":\"https:\\\/\\\/meber2026.graphoservice.it\\\/fr\\\/?s={search_term_string}\"},\"query-input\":{\"@type\":\"PropertyValueSpecification\",\"valueRequired\":true,\"valueName\":\"search_term_string\"}}],\"inLanguage\":\"fr-FR\"}]}<\/script>\n<!-- \/ Yoast SEO plugin. -->","yoast_head_json":{"title":"7018\/A-001","robots":{"index":"noindex","follow":"follow","max-snippet":"max-snippet:-1","max-image-preview":"max-image-preview:large","max-video-preview":"max-video-preview:-1"},"og_locale":"fr_FR","og_type":"article","og_title":"7018\/A-001","og_description":"Fabriqu\u00e9 en mousse de polyur\u00e9thane \u00e0 m\u00e9moire lente et recouvert de ska\u00ef ignifuge, imperm\u00e9able et ind\u00e9chirable, il peut \u00eatre utilis\u00e9 sur tous nos brancards \u00e0 chargement automatique. \u00c9quip\u00e9 de deux \u00e9lastiques qui permettent de le fixer dans la position la plus adapt\u00e9e au patient, il pr\u00e9vient l\u2019apparition de douleurs cervicales et permet l\u2019am\u00e9lioration de la [&hellip;]","og_url":"https:\/\/meber2026.graphoservice.it\/fr\/product\/7018-a-001\/","og_site_name":"Me.Ber.","article_modified_time":"2026-04-28T16:23:52+00:00","og_image":[{"width":780,"height":578,"url":"https:\/\/meber2026.graphoservice.it\/wp-content\/uploads\/2026\/02\/7018A-001_Cuscino_gel_terapeutico.jpg","type":"image\/jpeg"}],"twitter_card":"summary_large_image","schema":{"@context":"https:\/\/schema.org","@graph":[{"@type":"WebPage","@id":"https:\/\/meber2026.graphoservice.it\/fr\/product\/7018-a-001\/","url":"https:\/\/meber2026.graphoservice.it\/fr\/product\/7018-a-001\/","name":"7018\/A-001","isPartOf":{"@id":"https:\/\/meber2026.graphoservice.it\/fr\/#website"},"primaryImageOfPage":{"@id":"https:\/\/meber2026.graphoservice.it\/fr\/product\/7018-a-001\/#primaryimage"},"image":{"@id":"https:\/\/meber2026.graphoservice.it\/fr\/product\/7018-a-001\/#primaryimage"},"thumbnailUrl":"https:\/\/meber2026.graphoservice.it\/wp-content\/uploads\/2026\/02\/7018A-001_Cuscino_gel_terapeutico.jpg","datePublished":"2026-02-10T09:28:46+00:00","dateModified":"2026-04-28T16:23:52+00:00","breadcrumb":{"@id":"https:\/\/meber2026.graphoservice.it\/fr\/product\/7018-a-001\/#breadcrumb"},"inLanguage":"fr-FR","potentialAction":[{"@type":"ReadAction","target":["https:\/\/meber2026.graphoservice.it\/fr\/product\/7018-a-001\/"]}]},{"@type":"ImageObject","inLanguage":"fr-FR","@id":"https:\/\/meber2026.graphoservice.it\/fr\/product\/7018-a-001\/#primaryimage","url":"https:\/\/meber2026.graphoservice.it\/wp-content\/uploads\/2026\/02\/7018A-001_Cuscino_gel_terapeutico.jpg","contentUrl":"https:\/\/meber2026.graphoservice.it\/wp-content\/uploads\/2026\/02\/7018A-001_Cuscino_gel_terapeutico.jpg","width":780,"height":578},{"@type":"BreadcrumbList","@id":"https:\/\/meber2026.graphoservice.it\/fr\/product\/7018-a-001\/#breadcrumb","itemListElement":[{"@type":"ListItem","position":1,"name":"Home","item":"https:\/\/meber2026.graphoservice.it\/fr\/"},{"@type":"ListItem","position":2,"name":"7018\/A-001"}]},{"@type":"WebSite","@id":"https:\/\/meber2026.graphoservice.it\/fr\/#website","url":"https:\/\/meber2026.graphoservice.it\/fr\/","name":"Me.Ber.","description":"In Case of Emergerncy","potentialAction":[{"@type":"SearchAction","target":{"@type":"EntryPoint","urlTemplate":"https:\/\/meber2026.graphoservice.it\/fr\/?s={search_term_string}"},"query-input":{"@type":"PropertyValueSpecification","valueRequired":true,"valueName":"search_term_string"}}],"inLanguage":"fr-FR"}]}},"_links":{"self":[{"href":"https:\/\/meber2026.graphoservice.it\/fr\/wp-json\/wp\/v2\/product\/19608","targetHints":{"allow":["GET"]}}],"collection":[{"href":"https:\/\/meber2026.graphoservice.it\/fr\/wp-json\/wp\/v2\/product"}],"about":[{"href":"https:\/\/meber2026.graphoservice.it\/fr\/wp-json\/wp\/v2\/types\/product"}],"author":[{"embeddable":true,"href":"https:\/\/meber2026.graphoservice.it\/fr\/wp-json\/wp\/v2\/users\/1"}],"version-history":[{"count":1,"href":"https:\/\/meber2026.graphoservice.it\/fr\/wp-json\/wp\/v2\/product\/19608\/revisions"}],"predecessor-version":[{"id":31563,"href":"https:\/\/meber2026.graphoservice.it\/fr\/wp-json\/wp\/v2\/product\/19608\/revisions\/31563"}],"wp:featuredmedia":[{"embeddable":true,"href":"https:\/\/meber2026.graphoservice.it\/fr\/wp-json\/wp\/v2\/media\/16507"}],"wp:attachment":[{"href":"https:\/\/meber2026.graphoservice.it\/fr\/wp-json\/wp\/v2\/media?parent=19608"}],"wp:term":[{"taxonomy":"application-tag","embeddable":true,"href":"https:\/\/meber2026.graphoservice.it\/fr\/wp-json\/wp\/v2\/application-tag?post=19608"}],"curies":[{"name":"wp","href":"https:\/\/api.w.org\/{rel}","templated":true}]}}