{"id":19553,"date":"2026-02-10T09:28:40","date_gmt":"2026-02-10T09:28:40","guid":{"rendered":"https:\/\/meber2026.graphoservice.it\/product\/16100-002\/"},"modified":"2026-04-28T16:22:46","modified_gmt":"2026-04-28T16:22:46","slug":"16100-002","status":"publish","type":"product","link":"https:\/\/meber2026.graphoservice.it\/fr\/product\/16100-002\/","title":{"rendered":"16100-002"},"content":{"rendered":"<p>Con\u00e7u pour \u00eatre utilis\u00e9 dans l\u2019eau avec les brancards art. 16100 et 16102. Chaque flotteur fournit 20 kg de pouss\u00e9e pour soutenir la flottabilit\u00e9 du patient \u00e0 l\u2019int\u00e9rieur du brancard, dans des conditions de sauvetage et de r\u00e9cup\u00e9ration dans l\u2019eau. Il se fixe facilement au brancard Toboga avec des fermetures Velcro. Il peut \u00eatre rang\u00e9 \u00e0 l\u2019int\u00e9rieur du m\u00eame brancard Toboga.<\/p>\n","protected":false},"excerpt":{"rendered":"<p>Con\u00e7u pour \u00eatre utilis\u00e9 dans l\u2019eau avec les brancards art. 16100 et 16102. Chaque flotteur fournit 20 kg de pouss\u00e9e pour soutenir la flottabilit\u00e9 du patient \u00e0 l\u2019int\u00e9rieur du brancard, dans des conditions de sauvetage et de r\u00e9cup\u00e9ration dans l\u2019eau. Il se fixe facilement au brancard Toboga avec des fermetures Velcro. Il peut \u00eatre rang\u00e9 [&hellip;]<\/p>\n","protected":false},"author":1,"featured_media":16422,"parent":0,"menu_order":40005000,"template":"","meta":{"_acf_changed":false,"footnotes":""},"application-tag":[92],"class_list":["post-19553","product","type-product","status-publish","has-post-thumbnail","hentry","application-tag-accessoires"],"acf":[],"dsm_author":{"name":"admeb26","avatar_url":"https:\/\/meber2026.graphoservice.it\/wp-content\/plugins\/ultimate-member\/assets\/img\/default_avatar.jpg","archive_link":"https:\/\/meber2026.graphoservice.it\/fr\/author\/admeb26\/","biodata":""},"dsm_categories":[],"dsm_attachment_categories":[],"dsm_featured_image":{"thumbnail":"https:\/\/meber2026.graphoservice.it\/wp-content\/uploads\/2026\/02\/16100-002_galleggiante_01.jpeg-150x150.jpg","medium":"https:\/\/meber2026.graphoservice.it\/wp-content\/uploads\/2026\/02\/16100-002_galleggiante_01.jpeg-300x153.jpg","medium_large":"https:\/\/meber2026.graphoservice.it\/wp-content\/uploads\/2026\/02\/16100-002_galleggiante_01.jpeg-768x393.jpg","large":"https:\/\/meber2026.graphoservice.it\/wp-content\/uploads\/2026\/02\/16100-002_galleggiante_01.jpeg.jpg","1536x1536":"https:\/\/meber2026.graphoservice.it\/wp-content\/uploads\/2026\/02\/16100-002_galleggiante_01.jpeg.jpg","2048x2048":"https:\/\/meber2026.graphoservice.it\/wp-content\/uploads\/2026\/02\/16100-002_galleggiante_01.jpeg.jpg","et-pb-post-main-image":"https:\/\/meber2026.graphoservice.it\/wp-content\/uploads\/2026\/02\/16100-002_galleggiante_01.jpeg-400x250.jpg","et-pb-post-main-image-fullwidth":"https:\/\/meber2026.graphoservice.it\/wp-content\/uploads\/2026\/02\/16100-002_galleggiante_01.jpeg.jpg","et-pb-portfolio-image":"https:\/\/meber2026.graphoservice.it\/wp-content\/uploads\/2026\/02\/16100-002_galleggiante_01.jpeg-400x284.jpg","et-pb-portfolio-module-image":"https:\/\/meber2026.graphoservice.it\/wp-content\/uploads\/2026\/02\/16100-002_galleggiante_01.jpeg-510x382.jpg","et-pb-portfolio-image-single":"https:\/\/meber2026.graphoservice.it\/wp-content\/uploads\/2026\/02\/16100-002_galleggiante_01.jpeg.jpg","et-pb-gallery-module-image-portrait":"https:\/\/meber2026.graphoservice.it\/wp-content\/uploads\/2026\/02\/16100-002_galleggiante_01.jpeg-400x399.jpg","et-pb-post-main-image-fullwidth-large":"https:\/\/meber2026.graphoservice.it\/wp-content\/uploads\/2026\/02\/16100-002_galleggiante_01.jpeg.jpg","et-pb-image--responsive--desktop":"https:\/\/meber2026.graphoservice.it\/wp-content\/uploads\/2026\/02\/16100-002_galleggiante_01.jpeg.jpg","et-pb-image--responsive--tablet":"https:\/\/meber2026.graphoservice.it\/wp-content\/uploads\/2026\/02\/16100-002_galleggiante_01.jpeg.jpg","et-pb-image--responsive--phone":"https:\/\/meber2026.graphoservice.it\/wp-content\/uploads\/2026\/02\/16100-002_galleggiante_01.jpeg-480x246.jpg","full":"https:\/\/meber2026.graphoservice.it\/wp-content\/uploads\/2026\/02\/16100-002_galleggiante_01.jpeg.jpg"},"yoast_head":"<!-- This site is optimized with the Yoast SEO plugin v27.4 - https:\/\/yoast.com\/product\/yoast-seo-wordpress\/ -->\n<title>16100-002<\/title>\n<meta name=\"robots\" content=\"noindex, follow, max-snippet:-1, max-image-preview:large, max-video-preview:-1\" \/>\n<meta property=\"og:locale\" content=\"fr_FR\" \/>\n<meta property=\"og:type\" content=\"article\" \/>\n<meta property=\"og:title\" content=\"16100-002\" \/>\n<meta property=\"og:description\" content=\"Con\u00e7u pour \u00eatre utilis\u00e9 dans l\u2019eau avec les brancards art. 16100 et 16102. Chaque flotteur fournit 20 kg de pouss\u00e9e pour soutenir la flottabilit\u00e9 du patient \u00e0 l\u2019int\u00e9rieur du brancard, dans des conditions de sauvetage et de r\u00e9cup\u00e9ration dans l\u2019eau. Il se fixe facilement au brancard Toboga avec des fermetures Velcro. Il peut \u00eatre rang\u00e9 [&hellip;]\" \/>\n<meta property=\"og:url\" content=\"https:\/\/meber2026.graphoservice.it\/fr\/product\/16100-002\/\" \/>\n<meta property=\"og:site_name\" content=\"Me.Ber.\" \/>\n<meta property=\"article:modified_time\" content=\"2026-04-28T16:22:46+00:00\" \/>\n<meta property=\"og:image\" content=\"https:\/\/meber2026.graphoservice.it\/wp-content\/uploads\/2026\/02\/16100-002_galleggiante_01.jpeg.jpg\" \/>\n\t<meta property=\"og:image:width\" content=\"780\" \/>\n\t<meta property=\"og:image:height\" content=\"399\" \/>\n\t<meta property=\"og:image:type\" content=\"image\/jpeg\" \/>\n<meta name=\"twitter:card\" content=\"summary_large_image\" \/>\n<script type=\"application\/ld+json\" class=\"yoast-schema-graph\">{\"@context\":\"https:\\\/\\\/schema.org\",\"@graph\":[{\"@type\":\"WebPage\",\"@id\":\"https:\\\/\\\/meber2026.graphoservice.it\\\/fr\\\/product\\\/16100-002\\\/\",\"url\":\"https:\\\/\\\/meber2026.graphoservice.it\\\/fr\\\/product\\\/16100-002\\\/\",\"name\":\"16100-002\",\"isPartOf\":{\"@id\":\"https:\\\/\\\/meber2026.graphoservice.it\\\/fr\\\/#website\"},\"primaryImageOfPage\":{\"@id\":\"https:\\\/\\\/meber2026.graphoservice.it\\\/fr\\\/product\\\/16100-002\\\/#primaryimage\"},\"image\":{\"@id\":\"https:\\\/\\\/meber2026.graphoservice.it\\\/fr\\\/product\\\/16100-002\\\/#primaryimage\"},\"thumbnailUrl\":\"https:\\\/\\\/meber2026.graphoservice.it\\\/wp-content\\\/uploads\\\/2026\\\/02\\\/16100-002_galleggiante_01.jpeg.jpg\",\"datePublished\":\"2026-02-10T09:28:40+00:00\",\"dateModified\":\"2026-04-28T16:22:46+00:00\",\"breadcrumb\":{\"@id\":\"https:\\\/\\\/meber2026.graphoservice.it\\\/fr\\\/product\\\/16100-002\\\/#breadcrumb\"},\"inLanguage\":\"fr-FR\",\"potentialAction\":[{\"@type\":\"ReadAction\",\"target\":[\"https:\\\/\\\/meber2026.graphoservice.it\\\/fr\\\/product\\\/16100-002\\\/\"]}]},{\"@type\":\"ImageObject\",\"inLanguage\":\"fr-FR\",\"@id\":\"https:\\\/\\\/meber2026.graphoservice.it\\\/fr\\\/product\\\/16100-002\\\/#primaryimage\",\"url\":\"https:\\\/\\\/meber2026.graphoservice.it\\\/wp-content\\\/uploads\\\/2026\\\/02\\\/16100-002_galleggiante_01.jpeg.jpg\",\"contentUrl\":\"https:\\\/\\\/meber2026.graphoservice.it\\\/wp-content\\\/uploads\\\/2026\\\/02\\\/16100-002_galleggiante_01.jpeg.jpg\",\"width\":780,\"height\":399},{\"@type\":\"BreadcrumbList\",\"@id\":\"https:\\\/\\\/meber2026.graphoservice.it\\\/fr\\\/product\\\/16100-002\\\/#breadcrumb\",\"itemListElement\":[{\"@type\":\"ListItem\",\"position\":1,\"name\":\"Home\",\"item\":\"https:\\\/\\\/meber2026.graphoservice.it\\\/fr\\\/\"},{\"@type\":\"ListItem\",\"position\":2,\"name\":\"16100-002\"}]},{\"@type\":\"WebSite\",\"@id\":\"https:\\\/\\\/meber2026.graphoservice.it\\\/fr\\\/#website\",\"url\":\"https:\\\/\\\/meber2026.graphoservice.it\\\/fr\\\/\",\"name\":\"Me.Ber.\",\"description\":\"In Case of Emergerncy\",\"potentialAction\":[{\"@type\":\"SearchAction\",\"target\":{\"@type\":\"EntryPoint\",\"urlTemplate\":\"https:\\\/\\\/meber2026.graphoservice.it\\\/fr\\\/?s={search_term_string}\"},\"query-input\":{\"@type\":\"PropertyValueSpecification\",\"valueRequired\":true,\"valueName\":\"search_term_string\"}}],\"inLanguage\":\"fr-FR\"}]}<\/script>\n<!-- \/ Yoast SEO plugin. -->","yoast_head_json":{"title":"16100-002","robots":{"index":"noindex","follow":"follow","max-snippet":"max-snippet:-1","max-image-preview":"max-image-preview:large","max-video-preview":"max-video-preview:-1"},"og_locale":"fr_FR","og_type":"article","og_title":"16100-002","og_description":"Con\u00e7u pour \u00eatre utilis\u00e9 dans l\u2019eau avec les brancards art. 16100 et 16102. Chaque flotteur fournit 20 kg de pouss\u00e9e pour soutenir la flottabilit\u00e9 du patient \u00e0 l\u2019int\u00e9rieur du brancard, dans des conditions de sauvetage et de r\u00e9cup\u00e9ration dans l\u2019eau. Il se fixe facilement au brancard Toboga avec des fermetures Velcro. Il peut \u00eatre rang\u00e9 [&hellip;]","og_url":"https:\/\/meber2026.graphoservice.it\/fr\/product\/16100-002\/","og_site_name":"Me.Ber.","article_modified_time":"2026-04-28T16:22:46+00:00","og_image":[{"width":780,"height":399,"url":"https:\/\/meber2026.graphoservice.it\/wp-content\/uploads\/2026\/02\/16100-002_galleggiante_01.jpeg.jpg","type":"image\/jpeg"}],"twitter_card":"summary_large_image","schema":{"@context":"https:\/\/schema.org","@graph":[{"@type":"WebPage","@id":"https:\/\/meber2026.graphoservice.it\/fr\/product\/16100-002\/","url":"https:\/\/meber2026.graphoservice.it\/fr\/product\/16100-002\/","name":"16100-002","isPartOf":{"@id":"https:\/\/meber2026.graphoservice.it\/fr\/#website"},"primaryImageOfPage":{"@id":"https:\/\/meber2026.graphoservice.it\/fr\/product\/16100-002\/#primaryimage"},"image":{"@id":"https:\/\/meber2026.graphoservice.it\/fr\/product\/16100-002\/#primaryimage"},"thumbnailUrl":"https:\/\/meber2026.graphoservice.it\/wp-content\/uploads\/2026\/02\/16100-002_galleggiante_01.jpeg.jpg","datePublished":"2026-02-10T09:28:40+00:00","dateModified":"2026-04-28T16:22:46+00:00","breadcrumb":{"@id":"https:\/\/meber2026.graphoservice.it\/fr\/product\/16100-002\/#breadcrumb"},"inLanguage":"fr-FR","potentialAction":[{"@type":"ReadAction","target":["https:\/\/meber2026.graphoservice.it\/fr\/product\/16100-002\/"]}]},{"@type":"ImageObject","inLanguage":"fr-FR","@id":"https:\/\/meber2026.graphoservice.it\/fr\/product\/16100-002\/#primaryimage","url":"https:\/\/meber2026.graphoservice.it\/wp-content\/uploads\/2026\/02\/16100-002_galleggiante_01.jpeg.jpg","contentUrl":"https:\/\/meber2026.graphoservice.it\/wp-content\/uploads\/2026\/02\/16100-002_galleggiante_01.jpeg.jpg","width":780,"height":399},{"@type":"BreadcrumbList","@id":"https:\/\/meber2026.graphoservice.it\/fr\/product\/16100-002\/#breadcrumb","itemListElement":[{"@type":"ListItem","position":1,"name":"Home","item":"https:\/\/meber2026.graphoservice.it\/fr\/"},{"@type":"ListItem","position":2,"name":"16100-002"}]},{"@type":"WebSite","@id":"https:\/\/meber2026.graphoservice.it\/fr\/#website","url":"https:\/\/meber2026.graphoservice.it\/fr\/","name":"Me.Ber.","description":"In Case of Emergerncy","potentialAction":[{"@type":"SearchAction","target":{"@type":"EntryPoint","urlTemplate":"https:\/\/meber2026.graphoservice.it\/fr\/?s={search_term_string}"},"query-input":{"@type":"PropertyValueSpecification","valueRequired":true,"valueName":"search_term_string"}}],"inLanguage":"fr-FR"}]}},"_links":{"self":[{"href":"https:\/\/meber2026.graphoservice.it\/fr\/wp-json\/wp\/v2\/product\/19553","targetHints":{"allow":["GET"]}}],"collection":[{"href":"https:\/\/meber2026.graphoservice.it\/fr\/wp-json\/wp\/v2\/product"}],"about":[{"href":"https:\/\/meber2026.graphoservice.it\/fr\/wp-json\/wp\/v2\/types\/product"}],"author":[{"embeddable":true,"href":"https:\/\/meber2026.graphoservice.it\/fr\/wp-json\/wp\/v2\/users\/1"}],"version-history":[{"count":1,"href":"https:\/\/meber2026.graphoservice.it\/fr\/wp-json\/wp\/v2\/product\/19553\/revisions"}],"predecessor-version":[{"id":31519,"href":"https:\/\/meber2026.graphoservice.it\/fr\/wp-json\/wp\/v2\/product\/19553\/revisions\/31519"}],"wp:featuredmedia":[{"embeddable":true,"href":"https:\/\/meber2026.graphoservice.it\/fr\/wp-json\/wp\/v2\/media\/16422"}],"wp:attachment":[{"href":"https:\/\/meber2026.graphoservice.it\/fr\/wp-json\/wp\/v2\/media?parent=19553"}],"wp:term":[{"taxonomy":"application-tag","embeddable":true,"href":"https:\/\/meber2026.graphoservice.it\/fr\/wp-json\/wp\/v2\/application-tag?post=19553"}],"curies":[{"name":"wp","href":"https:\/\/api.w.org\/{rel}","templated":true}]}}