{"id":19473,"date":"2026-02-10T09:28:30","date_gmt":"2026-02-10T09:28:30","guid":{"rendered":"https:\/\/meber2026.graphoservice.it\/product\/12106-2\/"},"modified":"2026-04-21T08:55:38","modified_gmt":"2026-04-21T08:55:38","slug":"12106-2","status":"publish","type":"product","link":"https:\/\/meber2026.graphoservice.it\/fr\/product\/12106-2\/","title":{"rendered":"12106"},"content":{"rendered":"<p>Surmatelas en PVC compos\u00e9 \u00e0 l\u2019int\u00e9rieur de 18 chambres \u00e0 air ind\u00e9pendantes et interchangeables. Il est particuli\u00e8rement adapt\u00e9 au positionnement des patients \u00e0 risque de contracter des escarres. AIR-COM peut \u00e9galement \u00eatre plac\u00e9 sur n\u2019importe quel type de matelas de brancard \u00e0 chargement automatique. Le dessous, en tissu antid\u00e9rapant, est \u00e9quip\u00e9 de 3 boucles pour la fixation au brancard lui-m\u00eame. Le compresseur d\u2019air avec r\u00e9gulateur de pression de gonflage (Art. 12108) n\u2019est pas fourni en standard..<br \/> <iframe referrerpolicy=\"strict-origin-when-cross-origin\" loading=\"lazy\" allow=\"accelerometer; autoplay; clipboard-write; encrypted-media; gyroscope; picture-in-picture\" allowfullscreen=\"\" frameborder=\"0\" height=\"315\" src=\"https:\/\/www.youtube.com\/embed\/Dr6YWNQ_o6c?origin=https%3A%2F%2Fmeber2026.graphoservice.it%2Ffr%2F\" width=\"560\"><\/iframe><\/p>\n<p> <strong>Dimensions: cm 180 x 46 x 10<\/strong><br \/> \u00a0 <\/p>\n<div class=\"product-detail-title mb-20 sm-mt-40 nonPrintable\">\n<p><span id=\"text3_preview\"><span style=\"font-weight: 700;\"><span style=\"font-size: 10px;\">*<\/span><\/span><span style=\"font-size: 10px;\">Les images sont fournies \u00e0 titre indicatif seulement..<\/span><\/span><\/p>\n<div>\u00a0<\/div>\n<\/p><\/div>\n<p> \u00a0<\/p>\n","protected":false},"excerpt":{"rendered":"<p>Surmatelas en PVC compos\u00e9 \u00e0 l\u2019int\u00e9rieur de 18 chambres \u00e0 air ind\u00e9pendantes et interchangeables. Il est particuli\u00e8rement adapt\u00e9 au positionnement des patients \u00e0 risque de contracter des escarres. AIR-COM peut \u00e9galement \u00eatre plac\u00e9 sur n\u2019importe quel type de matelas de brancard \u00e0 chargement automatique. Le dessous, en tissu antid\u00e9rapant, est \u00e9quip\u00e9 de 3 boucles pour [&hellip;]<\/p>\n","protected":false},"author":1,"featured_media":16300,"parent":0,"menu_order":40002800,"template":"","meta":{"_acf_changed":false,"footnotes":""},"application-tag":[92],"class_list":["post-19473","product","type-product","status-publish","has-post-thumbnail","hentry","application-tag-accessoires"],"acf":[],"dsm_author":{"name":"admeb26","avatar_url":"https:\/\/meber2026.graphoservice.it\/wp-content\/plugins\/ultimate-member\/assets\/img\/default_avatar.jpg","archive_link":"https:\/\/meber2026.graphoservice.it\/fr\/author\/admeb26\/","biodata":""},"dsm_categories":[],"dsm_attachment_categories":[],"dsm_featured_image":{"thumbnail":"https:\/\/meber2026.graphoservice.it\/wp-content\/uploads\/2026\/02\/12106AIR-COM-150x150.jpg","medium":"https:\/\/meber2026.graphoservice.it\/wp-content\/uploads\/2026\/02\/12106AIR-COM-300x152.jpg","medium_large":"https:\/\/meber2026.graphoservice.it\/wp-content\/uploads\/2026\/02\/12106AIR-COM.jpg","large":"https:\/\/meber2026.graphoservice.it\/wp-content\/uploads\/2026\/02\/12106AIR-COM.jpg","1536x1536":"https:\/\/meber2026.graphoservice.it\/wp-content\/uploads\/2026\/02\/12106AIR-COM.jpg","2048x2048":"https:\/\/meber2026.graphoservice.it\/wp-content\/uploads\/2026\/02\/12106AIR-COM.jpg","et-pb-post-main-image":"https:\/\/meber2026.graphoservice.it\/wp-content\/uploads\/2026\/02\/12106AIR-COM-400x250.jpg","et-pb-post-main-image-fullwidth":"https:\/\/meber2026.graphoservice.it\/wp-content\/uploads\/2026\/02\/12106AIR-COM.jpg","et-pb-portfolio-image":"https:\/\/meber2026.graphoservice.it\/wp-content\/uploads\/2026\/02\/12106AIR-COM-400x284.jpg","et-pb-portfolio-module-image":"https:\/\/meber2026.graphoservice.it\/wp-content\/uploads\/2026\/02\/12106AIR-COM-510x316.jpg","et-pb-portfolio-image-single":"https:\/\/meber2026.graphoservice.it\/wp-content\/uploads\/2026\/02\/12106AIR-COM.jpg","et-pb-gallery-module-image-portrait":"https:\/\/meber2026.graphoservice.it\/wp-content\/uploads\/2026\/02\/12106AIR-COM-400x316.jpg","et-pb-post-main-image-fullwidth-large":"https:\/\/meber2026.graphoservice.it\/wp-content\/uploads\/2026\/02\/12106AIR-COM.jpg","et-pb-image--responsive--desktop":"https:\/\/meber2026.graphoservice.it\/wp-content\/uploads\/2026\/02\/12106AIR-COM.jpg","et-pb-image--responsive--tablet":"https:\/\/meber2026.graphoservice.it\/wp-content\/uploads\/2026\/02\/12106AIR-COM.jpg","et-pb-image--responsive--phone":"https:\/\/meber2026.graphoservice.it\/wp-content\/uploads\/2026\/02\/12106AIR-COM-480x243.jpg","full":"https:\/\/meber2026.graphoservice.it\/wp-content\/uploads\/2026\/02\/12106AIR-COM.jpg"},"yoast_head":"<!-- This site is optimized with the Yoast SEO plugin v27.4 - https:\/\/yoast.com\/product\/yoast-seo-wordpress\/ -->\n<title>12106<\/title>\n<meta name=\"robots\" content=\"noindex, follow, max-snippet:-1, max-image-preview:large, max-video-preview:-1\" \/>\n<meta property=\"og:locale\" content=\"fr_FR\" \/>\n<meta property=\"og:type\" content=\"article\" \/>\n<meta property=\"og:title\" content=\"12106\" \/>\n<meta property=\"og:description\" content=\"Surmatelas en PVC compos\u00e9 \u00e0 l\u2019int\u00e9rieur de 18 chambres \u00e0 air ind\u00e9pendantes et interchangeables. Il est particuli\u00e8rement adapt\u00e9 au positionnement des patients \u00e0 risque de contracter des escarres. AIR-COM peut \u00e9galement \u00eatre plac\u00e9 sur n\u2019importe quel type de matelas de brancard \u00e0 chargement automatique. Le dessous, en tissu antid\u00e9rapant, est \u00e9quip\u00e9 de 3 boucles pour [&hellip;]\" \/>\n<meta property=\"og:url\" content=\"https:\/\/meber2026.graphoservice.it\/fr\/product\/12106-2\/\" \/>\n<meta property=\"og:site_name\" content=\"Me.Ber.\" \/>\n<meta property=\"article:modified_time\" content=\"2026-04-21T08:55:38+00:00\" \/>\n<meta property=\"og:image\" content=\"https:\/\/meber2026.graphoservice.it\/wp-content\/uploads\/2026\/02\/12106AIR-COM.jpg\" \/>\n\t<meta property=\"og:image:width\" content=\"625\" \/>\n\t<meta property=\"og:image:height\" content=\"316\" \/>\n\t<meta property=\"og:image:type\" content=\"image\/jpeg\" \/>\n<meta name=\"twitter:card\" content=\"summary_large_image\" \/>\n<script type=\"application\/ld+json\" class=\"yoast-schema-graph\">{\"@context\":\"https:\\\/\\\/schema.org\",\"@graph\":[{\"@type\":\"WebPage\",\"@id\":\"https:\\\/\\\/meber2026.graphoservice.it\\\/fr\\\/product\\\/12106-2\\\/\",\"url\":\"https:\\\/\\\/meber2026.graphoservice.it\\\/fr\\\/product\\\/12106-2\\\/\",\"name\":\"12106\",\"isPartOf\":{\"@id\":\"https:\\\/\\\/meber2026.graphoservice.it\\\/fr\\\/#website\"},\"primaryImageOfPage\":{\"@id\":\"https:\\\/\\\/meber2026.graphoservice.it\\\/fr\\\/product\\\/12106-2\\\/#primaryimage\"},\"image\":{\"@id\":\"https:\\\/\\\/meber2026.graphoservice.it\\\/fr\\\/product\\\/12106-2\\\/#primaryimage\"},\"thumbnailUrl\":\"https:\\\/\\\/meber2026.graphoservice.it\\\/wp-content\\\/uploads\\\/2026\\\/02\\\/12106AIR-COM.jpg\",\"datePublished\":\"2026-02-10T09:28:30+00:00\",\"dateModified\":\"2026-04-21T08:55:38+00:00\",\"breadcrumb\":{\"@id\":\"https:\\\/\\\/meber2026.graphoservice.it\\\/fr\\\/product\\\/12106-2\\\/#breadcrumb\"},\"inLanguage\":\"fr-FR\",\"potentialAction\":[{\"@type\":\"ReadAction\",\"target\":[\"https:\\\/\\\/meber2026.graphoservice.it\\\/fr\\\/product\\\/12106-2\\\/\"]}]},{\"@type\":\"ImageObject\",\"inLanguage\":\"fr-FR\",\"@id\":\"https:\\\/\\\/meber2026.graphoservice.it\\\/fr\\\/product\\\/12106-2\\\/#primaryimage\",\"url\":\"https:\\\/\\\/meber2026.graphoservice.it\\\/wp-content\\\/uploads\\\/2026\\\/02\\\/12106AIR-COM.jpg\",\"contentUrl\":\"https:\\\/\\\/meber2026.graphoservice.it\\\/wp-content\\\/uploads\\\/2026\\\/02\\\/12106AIR-COM.jpg\",\"width\":625,\"height\":316},{\"@type\":\"BreadcrumbList\",\"@id\":\"https:\\\/\\\/meber2026.graphoservice.it\\\/fr\\\/product\\\/12106-2\\\/#breadcrumb\",\"itemListElement\":[{\"@type\":\"ListItem\",\"position\":1,\"name\":\"Home\",\"item\":\"https:\\\/\\\/meber2026.graphoservice.it\\\/fr\\\/\"},{\"@type\":\"ListItem\",\"position\":2,\"name\":\"12106\"}]},{\"@type\":\"WebSite\",\"@id\":\"https:\\\/\\\/meber2026.graphoservice.it\\\/fr\\\/#website\",\"url\":\"https:\\\/\\\/meber2026.graphoservice.it\\\/fr\\\/\",\"name\":\"Me.Ber.\",\"description\":\"In Case of Emergerncy\",\"potentialAction\":[{\"@type\":\"SearchAction\",\"target\":{\"@type\":\"EntryPoint\",\"urlTemplate\":\"https:\\\/\\\/meber2026.graphoservice.it\\\/fr\\\/?s={search_term_string}\"},\"query-input\":{\"@type\":\"PropertyValueSpecification\",\"valueRequired\":true,\"valueName\":\"search_term_string\"}}],\"inLanguage\":\"fr-FR\"}]}<\/script>\n<!-- \/ Yoast SEO plugin. -->","yoast_head_json":{"title":"12106","robots":{"index":"noindex","follow":"follow","max-snippet":"max-snippet:-1","max-image-preview":"max-image-preview:large","max-video-preview":"max-video-preview:-1"},"og_locale":"fr_FR","og_type":"article","og_title":"12106","og_description":"Surmatelas en PVC compos\u00e9 \u00e0 l\u2019int\u00e9rieur de 18 chambres \u00e0 air ind\u00e9pendantes et interchangeables. Il est particuli\u00e8rement adapt\u00e9 au positionnement des patients \u00e0 risque de contracter des escarres. AIR-COM peut \u00e9galement \u00eatre plac\u00e9 sur n\u2019importe quel type de matelas de brancard \u00e0 chargement automatique. Le dessous, en tissu antid\u00e9rapant, est \u00e9quip\u00e9 de 3 boucles pour [&hellip;]","og_url":"https:\/\/meber2026.graphoservice.it\/fr\/product\/12106-2\/","og_site_name":"Me.Ber.","article_modified_time":"2026-04-21T08:55:38+00:00","og_image":[{"width":625,"height":316,"url":"https:\/\/meber2026.graphoservice.it\/wp-content\/uploads\/2026\/02\/12106AIR-COM.jpg","type":"image\/jpeg"}],"twitter_card":"summary_large_image","schema":{"@context":"https:\/\/schema.org","@graph":[{"@type":"WebPage","@id":"https:\/\/meber2026.graphoservice.it\/fr\/product\/12106-2\/","url":"https:\/\/meber2026.graphoservice.it\/fr\/product\/12106-2\/","name":"12106","isPartOf":{"@id":"https:\/\/meber2026.graphoservice.it\/fr\/#website"},"primaryImageOfPage":{"@id":"https:\/\/meber2026.graphoservice.it\/fr\/product\/12106-2\/#primaryimage"},"image":{"@id":"https:\/\/meber2026.graphoservice.it\/fr\/product\/12106-2\/#primaryimage"},"thumbnailUrl":"https:\/\/meber2026.graphoservice.it\/wp-content\/uploads\/2026\/02\/12106AIR-COM.jpg","datePublished":"2026-02-10T09:28:30+00:00","dateModified":"2026-04-21T08:55:38+00:00","breadcrumb":{"@id":"https:\/\/meber2026.graphoservice.it\/fr\/product\/12106-2\/#breadcrumb"},"inLanguage":"fr-FR","potentialAction":[{"@type":"ReadAction","target":["https:\/\/meber2026.graphoservice.it\/fr\/product\/12106-2\/"]}]},{"@type":"ImageObject","inLanguage":"fr-FR","@id":"https:\/\/meber2026.graphoservice.it\/fr\/product\/12106-2\/#primaryimage","url":"https:\/\/meber2026.graphoservice.it\/wp-content\/uploads\/2026\/02\/12106AIR-COM.jpg","contentUrl":"https:\/\/meber2026.graphoservice.it\/wp-content\/uploads\/2026\/02\/12106AIR-COM.jpg","width":625,"height":316},{"@type":"BreadcrumbList","@id":"https:\/\/meber2026.graphoservice.it\/fr\/product\/12106-2\/#breadcrumb","itemListElement":[{"@type":"ListItem","position":1,"name":"Home","item":"https:\/\/meber2026.graphoservice.it\/fr\/"},{"@type":"ListItem","position":2,"name":"12106"}]},{"@type":"WebSite","@id":"https:\/\/meber2026.graphoservice.it\/fr\/#website","url":"https:\/\/meber2026.graphoservice.it\/fr\/","name":"Me.Ber.","description":"In Case of Emergerncy","potentialAction":[{"@type":"SearchAction","target":{"@type":"EntryPoint","urlTemplate":"https:\/\/meber2026.graphoservice.it\/fr\/?s={search_term_string}"},"query-input":{"@type":"PropertyValueSpecification","valueRequired":true,"valueName":"search_term_string"}}],"inLanguage":"fr-FR"}]}},"_links":{"self":[{"href":"https:\/\/meber2026.graphoservice.it\/fr\/wp-json\/wp\/v2\/product\/19473","targetHints":{"allow":["GET"]}}],"collection":[{"href":"https:\/\/meber2026.graphoservice.it\/fr\/wp-json\/wp\/v2\/product"}],"about":[{"href":"https:\/\/meber2026.graphoservice.it\/fr\/wp-json\/wp\/v2\/types\/product"}],"author":[{"embeddable":true,"href":"https:\/\/meber2026.graphoservice.it\/fr\/wp-json\/wp\/v2\/users\/1"}],"version-history":[{"count":0,"href":"https:\/\/meber2026.graphoservice.it\/fr\/wp-json\/wp\/v2\/product\/19473\/revisions"}],"wp:featuredmedia":[{"embeddable":true,"href":"https:\/\/meber2026.graphoservice.it\/fr\/wp-json\/wp\/v2\/media\/16300"}],"wp:attachment":[{"href":"https:\/\/meber2026.graphoservice.it\/fr\/wp-json\/wp\/v2\/media?parent=19473"}],"wp:term":[{"taxonomy":"application-tag","embeddable":true,"href":"https:\/\/meber2026.graphoservice.it\/fr\/wp-json\/wp\/v2\/application-tag?post=19473"}],"curies":[{"name":"wp","href":"https:\/\/api.w.org\/{rel}","templated":true}]}}