{"id":19468,"date":"2026-02-10T09:28:30","date_gmt":"2026-02-10T09:28:30","guid":{"rendered":"https:\/\/meber2026.graphoservice.it\/product\/7018-a\/"},"modified":"2026-04-28T16:21:09","modified_gmt":"2026-04-28T16:21:09","slug":"7018-a","status":"publish","type":"product","link":"https:\/\/meber2026.graphoservice.it\/fr\/product\/7018-a\/","title":{"rendered":"7018\/A"},"content":{"rendered":"<p>Matelas th\u00e9rapeutique en gel fluide compos\u00e9 de trois sections diff\u00e9rentes de mousse de polyur\u00e9thane (dont une \u00e0 m\u00e9moire lente). \u00c9quip\u00e9 de volets de confinement et de deux zones rigides t\u00eate\/pieds. La zone sacr\u00e9e\/dorsale est compos\u00e9e de deux plaques de gel fluide th\u00e9rapeutique (40x40xH1,50 cm) pour cr\u00e9er un confort \u00e9quilibr\u00e9 pour le patient. Les trois zones en mousse de polyur\u00e9thane absorbent les vibrations dues aux contraintes de mouvement passif du v\u00e9hicule m\u00e9dical, tandis que les deux zones en gel fluide th\u00e9rapeutique absorbent le poids du patient assurant un transfert plus confortable. Il est fait \u00e0 la main en ska\u00ef ignifuge, imperm\u00e9able et ind\u00e9chirable avec une double couture avec des c\u00f4t\u00e9s ext\u00e9rieurs consid\u00e9rablement sur\u00e9lev\u00e9s pour contenir le patient. Les feuilles de gel sont coll\u00e9es dans une \u00ab\u00a0poche\u00a0\u00bb sp\u00e9ciale cr\u00e9\u00e9e pour assurer une longue dur\u00e9e de vie. <strong>Convient \u00e0 tout type de brancard \u00e0 chargement automatique<\/strong>.<br \/> <strong>Dimensions: cm 179x47x13 \u2013 peso kg 9,7<\/strong><br \/> \u00a0 <\/p>\n<div class=\"product-detail-title mb-20 sm-mt-40 nonPrintable\">\n<p><span id=\"text3_preview\"><span style=\"font-weight: 700;\"><span style=\"font-size: 10px;\">*<\/span><\/span><span style=\"font-size: 10px;\">Les images sont fournies \u00e0 titre indicatif seulement.<\/span><\/span><\/p>\n<div>\u00a0<\/div>\n<\/p><\/div>\n","protected":false},"excerpt":{"rendered":"<p>Matelas th\u00e9rapeutique en gel fluide compos\u00e9 de trois sections diff\u00e9rentes de mousse de polyur\u00e9thane (dont une \u00e0 m\u00e9moire lente). \u00c9quip\u00e9 de volets de confinement et de deux zones rigides t\u00eate\/pieds. La zone sacr\u00e9e\/dorsale est compos\u00e9e de deux plaques de gel fluide th\u00e9rapeutique (40x40xH1,50 cm) pour cr\u00e9er un confort \u00e9quilibr\u00e9 pour le patient. Les trois zones [&hellip;]<\/p>\n","protected":false},"author":1,"featured_media":16291,"parent":0,"menu_order":40002600,"template":"","meta":{"_acf_changed":false,"footnotes":""},"application-tag":[92],"class_list":["post-19468","product","type-product","status-publish","has-post-thumbnail","hentry","application-tag-accessoires"],"acf":[],"dsm_author":{"name":"admeb26","avatar_url":"https:\/\/meber2026.graphoservice.it\/wp-content\/plugins\/ultimate-member\/assets\/img\/default_avatar.jpg","archive_link":"https:\/\/meber2026.graphoservice.it\/fr\/author\/admeb26\/","biodata":""},"dsm_categories":[],"dsm_attachment_categories":[],"dsm_featured_image":{"thumbnail":"https:\/\/meber2026.graphoservice.it\/wp-content\/uploads\/2026\/02\/7018_MaterassoGel-150x150.jpg","medium":"https:\/\/meber2026.graphoservice.it\/wp-content\/uploads\/2026\/02\/7018_MaterassoGel-300x127.jpg","medium_large":"https:\/\/meber2026.graphoservice.it\/wp-content\/uploads\/2026\/02\/7018_MaterassoGel-768x325.jpg","large":"https:\/\/meber2026.graphoservice.it\/wp-content\/uploads\/2026\/02\/7018_MaterassoGel.jpg","1536x1536":"https:\/\/meber2026.graphoservice.it\/wp-content\/uploads\/2026\/02\/7018_MaterassoGel.jpg","2048x2048":"https:\/\/meber2026.graphoservice.it\/wp-content\/uploads\/2026\/02\/7018_MaterassoGel.jpg","et-pb-post-main-image":"https:\/\/meber2026.graphoservice.it\/wp-content\/uploads\/2026\/02\/7018_MaterassoGel-400x250.jpg","et-pb-post-main-image-fullwidth":"https:\/\/meber2026.graphoservice.it\/wp-content\/uploads\/2026\/02\/7018_MaterassoGel.jpg","et-pb-portfolio-image":"https:\/\/meber2026.graphoservice.it\/wp-content\/uploads\/2026\/02\/7018_MaterassoGel-400x284.jpg","et-pb-portfolio-module-image":"https:\/\/meber2026.graphoservice.it\/wp-content\/uploads\/2026\/02\/7018_MaterassoGel-510x330.jpg","et-pb-portfolio-image-single":"https:\/\/meber2026.graphoservice.it\/wp-content\/uploads\/2026\/02\/7018_MaterassoGel.jpg","et-pb-gallery-module-image-portrait":"https:\/\/meber2026.graphoservice.it\/wp-content\/uploads\/2026\/02\/7018_MaterassoGel-400x330.jpg","et-pb-post-main-image-fullwidth-large":"https:\/\/meber2026.graphoservice.it\/wp-content\/uploads\/2026\/02\/7018_MaterassoGel.jpg","et-pb-image--responsive--desktop":"https:\/\/meber2026.graphoservice.it\/wp-content\/uploads\/2026\/02\/7018_MaterassoGel.jpg","et-pb-image--responsive--tablet":"https:\/\/meber2026.graphoservice.it\/wp-content\/uploads\/2026\/02\/7018_MaterassoGel.jpg","et-pb-image--responsive--phone":"https:\/\/meber2026.graphoservice.it\/wp-content\/uploads\/2026\/02\/7018_MaterassoGel-480x203.jpg","full":"https:\/\/meber2026.graphoservice.it\/wp-content\/uploads\/2026\/02\/7018_MaterassoGel.jpg"},"yoast_head":"<!-- This site is optimized with the Yoast SEO plugin v27.4 - https:\/\/yoast.com\/product\/yoast-seo-wordpress\/ -->\n<title>7018\/A<\/title>\n<meta name=\"robots\" content=\"noindex, follow, max-snippet:-1, max-image-preview:large, max-video-preview:-1\" \/>\n<meta property=\"og:locale\" content=\"fr_FR\" \/>\n<meta property=\"og:type\" content=\"article\" \/>\n<meta property=\"og:title\" content=\"7018\/A\" \/>\n<meta property=\"og:description\" content=\"Matelas th\u00e9rapeutique en gel fluide compos\u00e9 de trois sections diff\u00e9rentes de mousse de polyur\u00e9thane (dont une \u00e0 m\u00e9moire lente). \u00c9quip\u00e9 de volets de confinement et de deux zones rigides t\u00eate\/pieds. La zone sacr\u00e9e\/dorsale est compos\u00e9e de deux plaques de gel fluide th\u00e9rapeutique (40x40xH1,50 cm) pour cr\u00e9er un confort \u00e9quilibr\u00e9 pour le patient. Les trois zones [&hellip;]\" \/>\n<meta property=\"og:url\" content=\"https:\/\/meber2026.graphoservice.it\/fr\/product\/7018-a\/\" \/>\n<meta property=\"og:site_name\" content=\"Me.Ber.\" \/>\n<meta property=\"article:modified_time\" content=\"2026-04-28T16:21:09+00:00\" \/>\n<meta property=\"og:image\" content=\"https:\/\/meber2026.graphoservice.it\/wp-content\/uploads\/2026\/02\/7018_MaterassoGel.jpg\" \/>\n\t<meta property=\"og:image:width\" content=\"780\" \/>\n\t<meta property=\"og:image:height\" content=\"330\" \/>\n\t<meta property=\"og:image:type\" content=\"image\/jpeg\" \/>\n<meta name=\"twitter:card\" content=\"summary_large_image\" \/>\n<meta name=\"twitter:label1\" content=\"Dur\u00e9e de lecture estim\u00e9e\" \/>\n\t<meta name=\"twitter:data1\" content=\"1 minute\" \/>\n<script type=\"application\/ld+json\" class=\"yoast-schema-graph\">{\"@context\":\"https:\\\/\\\/schema.org\",\"@graph\":[{\"@type\":\"WebPage\",\"@id\":\"https:\\\/\\\/meber2026.graphoservice.it\\\/fr\\\/product\\\/7018-a\\\/\",\"url\":\"https:\\\/\\\/meber2026.graphoservice.it\\\/fr\\\/product\\\/7018-a\\\/\",\"name\":\"7018\\\/A\",\"isPartOf\":{\"@id\":\"https:\\\/\\\/meber2026.graphoservice.it\\\/fr\\\/#website\"},\"primaryImageOfPage\":{\"@id\":\"https:\\\/\\\/meber2026.graphoservice.it\\\/fr\\\/product\\\/7018-a\\\/#primaryimage\"},\"image\":{\"@id\":\"https:\\\/\\\/meber2026.graphoservice.it\\\/fr\\\/product\\\/7018-a\\\/#primaryimage\"},\"thumbnailUrl\":\"https:\\\/\\\/meber2026.graphoservice.it\\\/wp-content\\\/uploads\\\/2026\\\/02\\\/7018_MaterassoGel.jpg\",\"datePublished\":\"2026-02-10T09:28:30+00:00\",\"dateModified\":\"2026-04-28T16:21:09+00:00\",\"breadcrumb\":{\"@id\":\"https:\\\/\\\/meber2026.graphoservice.it\\\/fr\\\/product\\\/7018-a\\\/#breadcrumb\"},\"inLanguage\":\"fr-FR\",\"potentialAction\":[{\"@type\":\"ReadAction\",\"target\":[\"https:\\\/\\\/meber2026.graphoservice.it\\\/fr\\\/product\\\/7018-a\\\/\"]}]},{\"@type\":\"ImageObject\",\"inLanguage\":\"fr-FR\",\"@id\":\"https:\\\/\\\/meber2026.graphoservice.it\\\/fr\\\/product\\\/7018-a\\\/#primaryimage\",\"url\":\"https:\\\/\\\/meber2026.graphoservice.it\\\/wp-content\\\/uploads\\\/2026\\\/02\\\/7018_MaterassoGel.jpg\",\"contentUrl\":\"https:\\\/\\\/meber2026.graphoservice.it\\\/wp-content\\\/uploads\\\/2026\\\/02\\\/7018_MaterassoGel.jpg\",\"width\":780,\"height\":330},{\"@type\":\"BreadcrumbList\",\"@id\":\"https:\\\/\\\/meber2026.graphoservice.it\\\/fr\\\/product\\\/7018-a\\\/#breadcrumb\",\"itemListElement\":[{\"@type\":\"ListItem\",\"position\":1,\"name\":\"Home\",\"item\":\"https:\\\/\\\/meber2026.graphoservice.it\\\/fr\\\/\"},{\"@type\":\"ListItem\",\"position\":2,\"name\":\"7018\\\/A\"}]},{\"@type\":\"WebSite\",\"@id\":\"https:\\\/\\\/meber2026.graphoservice.it\\\/fr\\\/#website\",\"url\":\"https:\\\/\\\/meber2026.graphoservice.it\\\/fr\\\/\",\"name\":\"Me.Ber.\",\"description\":\"In Case of Emergerncy\",\"potentialAction\":[{\"@type\":\"SearchAction\",\"target\":{\"@type\":\"EntryPoint\",\"urlTemplate\":\"https:\\\/\\\/meber2026.graphoservice.it\\\/fr\\\/?s={search_term_string}\"},\"query-input\":{\"@type\":\"PropertyValueSpecification\",\"valueRequired\":true,\"valueName\":\"search_term_string\"}}],\"inLanguage\":\"fr-FR\"}]}<\/script>\n<!-- \/ Yoast SEO plugin. -->","yoast_head_json":{"title":"7018\/A","robots":{"index":"noindex","follow":"follow","max-snippet":"max-snippet:-1","max-image-preview":"max-image-preview:large","max-video-preview":"max-video-preview:-1"},"og_locale":"fr_FR","og_type":"article","og_title":"7018\/A","og_description":"Matelas th\u00e9rapeutique en gel fluide compos\u00e9 de trois sections diff\u00e9rentes de mousse de polyur\u00e9thane (dont une \u00e0 m\u00e9moire lente). \u00c9quip\u00e9 de volets de confinement et de deux zones rigides t\u00eate\/pieds. La zone sacr\u00e9e\/dorsale est compos\u00e9e de deux plaques de gel fluide th\u00e9rapeutique (40x40xH1,50 cm) pour cr\u00e9er un confort \u00e9quilibr\u00e9 pour le patient. Les trois zones [&hellip;]","og_url":"https:\/\/meber2026.graphoservice.it\/fr\/product\/7018-a\/","og_site_name":"Me.Ber.","article_modified_time":"2026-04-28T16:21:09+00:00","og_image":[{"width":780,"height":330,"url":"https:\/\/meber2026.graphoservice.it\/wp-content\/uploads\/2026\/02\/7018_MaterassoGel.jpg","type":"image\/jpeg"}],"twitter_card":"summary_large_image","twitter_misc":{"Dur\u00e9e de lecture estim\u00e9e":"1 minute"},"schema":{"@context":"https:\/\/schema.org","@graph":[{"@type":"WebPage","@id":"https:\/\/meber2026.graphoservice.it\/fr\/product\/7018-a\/","url":"https:\/\/meber2026.graphoservice.it\/fr\/product\/7018-a\/","name":"7018\/A","isPartOf":{"@id":"https:\/\/meber2026.graphoservice.it\/fr\/#website"},"primaryImageOfPage":{"@id":"https:\/\/meber2026.graphoservice.it\/fr\/product\/7018-a\/#primaryimage"},"image":{"@id":"https:\/\/meber2026.graphoservice.it\/fr\/product\/7018-a\/#primaryimage"},"thumbnailUrl":"https:\/\/meber2026.graphoservice.it\/wp-content\/uploads\/2026\/02\/7018_MaterassoGel.jpg","datePublished":"2026-02-10T09:28:30+00:00","dateModified":"2026-04-28T16:21:09+00:00","breadcrumb":{"@id":"https:\/\/meber2026.graphoservice.it\/fr\/product\/7018-a\/#breadcrumb"},"inLanguage":"fr-FR","potentialAction":[{"@type":"ReadAction","target":["https:\/\/meber2026.graphoservice.it\/fr\/product\/7018-a\/"]}]},{"@type":"ImageObject","inLanguage":"fr-FR","@id":"https:\/\/meber2026.graphoservice.it\/fr\/product\/7018-a\/#primaryimage","url":"https:\/\/meber2026.graphoservice.it\/wp-content\/uploads\/2026\/02\/7018_MaterassoGel.jpg","contentUrl":"https:\/\/meber2026.graphoservice.it\/wp-content\/uploads\/2026\/02\/7018_MaterassoGel.jpg","width":780,"height":330},{"@type":"BreadcrumbList","@id":"https:\/\/meber2026.graphoservice.it\/fr\/product\/7018-a\/#breadcrumb","itemListElement":[{"@type":"ListItem","position":1,"name":"Home","item":"https:\/\/meber2026.graphoservice.it\/fr\/"},{"@type":"ListItem","position":2,"name":"7018\/A"}]},{"@type":"WebSite","@id":"https:\/\/meber2026.graphoservice.it\/fr\/#website","url":"https:\/\/meber2026.graphoservice.it\/fr\/","name":"Me.Ber.","description":"In Case of Emergerncy","potentialAction":[{"@type":"SearchAction","target":{"@type":"EntryPoint","urlTemplate":"https:\/\/meber2026.graphoservice.it\/fr\/?s={search_term_string}"},"query-input":{"@type":"PropertyValueSpecification","valueRequired":true,"valueName":"search_term_string"}}],"inLanguage":"fr-FR"}]}},"_links":{"self":[{"href":"https:\/\/meber2026.graphoservice.it\/fr\/wp-json\/wp\/v2\/product\/19468","targetHints":{"allow":["GET"]}}],"collection":[{"href":"https:\/\/meber2026.graphoservice.it\/fr\/wp-json\/wp\/v2\/product"}],"about":[{"href":"https:\/\/meber2026.graphoservice.it\/fr\/wp-json\/wp\/v2\/types\/product"}],"author":[{"embeddable":true,"href":"https:\/\/meber2026.graphoservice.it\/fr\/wp-json\/wp\/v2\/users\/1"}],"version-history":[{"count":1,"href":"https:\/\/meber2026.graphoservice.it\/fr\/wp-json\/wp\/v2\/product\/19468\/revisions"}],"predecessor-version":[{"id":31451,"href":"https:\/\/meber2026.graphoservice.it\/fr\/wp-json\/wp\/v2\/product\/19468\/revisions\/31451"}],"wp:featuredmedia":[{"embeddable":true,"href":"https:\/\/meber2026.graphoservice.it\/fr\/wp-json\/wp\/v2\/media\/16291"}],"wp:attachment":[{"href":"https:\/\/meber2026.graphoservice.it\/fr\/wp-json\/wp\/v2\/media?parent=19468"}],"wp:term":[{"taxonomy":"application-tag","embeddable":true,"href":"https:\/\/meber2026.graphoservice.it\/fr\/wp-json\/wp\/v2\/application-tag?post=19468"}],"curies":[{"name":"wp","href":"https:\/\/api.w.org\/{rel}","templated":true}]}}