{"id":19403,"date":"2026-02-10T09:28:22","date_gmt":"2026-02-10T09:28:22","guid":{"rendered":"https:\/\/meber2026.graphoservice.it\/product\/12080-2\/"},"modified":"2026-04-21T08:55:21","modified_gmt":"2026-04-21T08:55:21","slug":"12080-2","status":"publish","type":"product","link":"https:\/\/meber2026.graphoservice.it\/fr\/product\/12080-2\/","title":{"rendered":"12080"},"content":{"rendered":"<div style=\"\"><span style=\"font-size: small;\"><span style=\"font-family: Tahoma;\">La plateforme \u00ab MBP \u00bb est un syst\u00e8me compatible avec les brancards \u00e0 chargement automatique Frog et Mercury, qui permet de transporter en toute s\u00e9curit\u00e9 des patients ob\u00e8ses.<br \/> La structure en acier inoxydable et la plateforme en aluminium en font un appareil l\u00e9ger et r\u00e9sistant \u00e0 la fois.<br \/> Un syst\u00e8me de ceinture avec enrouleur des deux c\u00f4t\u00e9s et 4 crochets de fixation \u00e0 la structure du brancard compl\u00e8tent le dispositif.<br \/> <strong>Dimensions: (L x L x H) 1375 x 935 x 130 mm<\/strong><\/p>\n<p> <strong>N.B.<\/strong> Il est conseill\u00e9 de communiquer le mod\u00e8le de brancard sur lequel sera mont\u00e9e la plateforme MBP pour r\u00e9gler les pinces de fixation.<\/span><\/span><\/p>\n<p> \u00a0<\/div>\n<p> <iframe referrerpolicy=\"strict-origin-when-cross-origin\" loading=\"lazy\" allow=\"accelerometer; autoplay; clipboard-write; encrypted-media; gyroscope; picture-in-picture\" allowfullscreen=\"\" frameborder=\"0\" height=\"310\" src=\"https:\/\/www.youtube.com\/embed\/O511mMnAxAE?origin=https%3A%2F%2Fmeber2026.graphoservice.it%2Ffr%2F\" width=\"550\"><\/iframe><\/p>\n","protected":false},"excerpt":{"rendered":"<p>La plateforme \u00ab MBP \u00bb est un syst\u00e8me compatible avec les brancards \u00e0 chargement automatique Frog et Mercury, qui permet de transporter en toute s\u00e9curit\u00e9 des patients ob\u00e8ses. La structure en acier inoxydable et la plateforme en aluminium en font un appareil l\u00e9ger et r\u00e9sistant \u00e0 la fois. Un syst\u00e8me de ceinture avec enrouleur des [&hellip;]<\/p>\n","protected":false},"author":1,"featured_media":16188,"parent":0,"menu_order":40001300,"template":"","meta":{"_acf_changed":false,"footnotes":""},"application-tag":[92,98],"class_list":["post-19403","product","type-product","status-publish","has-post-thumbnail","hentry","application-tag-accessoires","application-tag-bariatrique"],"acf":[],"dsm_author":{"name":"admeb26","avatar_url":"https:\/\/meber2026.graphoservice.it\/wp-content\/plugins\/ultimate-member\/assets\/img\/default_avatar.jpg","archive_link":"https:\/\/meber2026.graphoservice.it\/fr\/author\/admeb26\/","biodata":""},"dsm_categories":[],"dsm_attachment_categories":[],"dsm_featured_image":{"thumbnail":"https:\/\/meber2026.graphoservice.it\/wp-content\/uploads\/2026\/02\/12080_pianale_bariatrico_meber-150x150.jpg","medium":"https:\/\/meber2026.graphoservice.it\/wp-content\/uploads\/2026\/02\/12080_pianale_bariatrico_meber-300x225.jpg","medium_large":"https:\/\/meber2026.graphoservice.it\/wp-content\/uploads\/2026\/02\/12080_pianale_bariatrico_meber-768x576.jpg","large":"https:\/\/meber2026.graphoservice.it\/wp-content\/uploads\/2026\/02\/12080_pianale_bariatrico_meber.jpg","1536x1536":"https:\/\/meber2026.graphoservice.it\/wp-content\/uploads\/2026\/02\/12080_pianale_bariatrico_meber.jpg","2048x2048":"https:\/\/meber2026.graphoservice.it\/wp-content\/uploads\/2026\/02\/12080_pianale_bariatrico_meber.jpg","et-pb-post-main-image":"https:\/\/meber2026.graphoservice.it\/wp-content\/uploads\/2026\/02\/12080_pianale_bariatrico_meber-400x250.jpg","et-pb-post-main-image-fullwidth":"https:\/\/meber2026.graphoservice.it\/wp-content\/uploads\/2026\/02\/12080_pianale_bariatrico_meber.jpg","et-pb-portfolio-image":"https:\/\/meber2026.graphoservice.it\/wp-content\/uploads\/2026\/02\/12080_pianale_bariatrico_meber-400x284.jpg","et-pb-portfolio-module-image":"https:\/\/meber2026.graphoservice.it\/wp-content\/uploads\/2026\/02\/12080_pianale_bariatrico_meber-510x382.jpg","et-pb-portfolio-image-single":"https:\/\/meber2026.graphoservice.it\/wp-content\/uploads\/2026\/02\/12080_pianale_bariatrico_meber.jpg","et-pb-gallery-module-image-portrait":"https:\/\/meber2026.graphoservice.it\/wp-content\/uploads\/2026\/02\/12080_pianale_bariatrico_meber-400x516.jpg","et-pb-post-main-image-fullwidth-large":"https:\/\/meber2026.graphoservice.it\/wp-content\/uploads\/2026\/02\/12080_pianale_bariatrico_meber.jpg","et-pb-image--responsive--desktop":"https:\/\/meber2026.graphoservice.it\/wp-content\/uploads\/2026\/02\/12080_pianale_bariatrico_meber.jpg","et-pb-image--responsive--tablet":"https:\/\/meber2026.graphoservice.it\/wp-content\/uploads\/2026\/02\/12080_pianale_bariatrico_meber.jpg","et-pb-image--responsive--phone":"https:\/\/meber2026.graphoservice.it\/wp-content\/uploads\/2026\/02\/12080_pianale_bariatrico_meber-480x360.jpg","full":"https:\/\/meber2026.graphoservice.it\/wp-content\/uploads\/2026\/02\/12080_pianale_bariatrico_meber.jpg"},"yoast_head":"<!-- This site is optimized with the Yoast SEO plugin v27.4 - https:\/\/yoast.com\/product\/yoast-seo-wordpress\/ -->\n<title>12080<\/title>\n<meta name=\"robots\" content=\"noindex, follow, max-snippet:-1, max-image-preview:large, max-video-preview:-1\" \/>\n<meta property=\"og:locale\" content=\"fr_FR\" \/>\n<meta property=\"og:type\" content=\"article\" \/>\n<meta property=\"og:title\" content=\"12080\" \/>\n<meta property=\"og:description\" content=\"La plateforme \u00ab MBP \u00bb est un syst\u00e8me compatible avec les brancards \u00e0 chargement automatique Frog et Mercury, qui permet de transporter en toute s\u00e9curit\u00e9 des patients ob\u00e8ses. La structure en acier inoxydable et la plateforme en aluminium en font un appareil l\u00e9ger et r\u00e9sistant \u00e0 la fois. Un syst\u00e8me de ceinture avec enrouleur des [&hellip;]\" \/>\n<meta property=\"og:url\" content=\"https:\/\/meber2026.graphoservice.it\/fr\/product\/12080-2\/\" \/>\n<meta property=\"og:site_name\" content=\"Me.Ber.\" \/>\n<meta property=\"article:modified_time\" content=\"2026-04-21T08:55:21+00:00\" \/>\n<meta property=\"og:image\" content=\"https:\/\/meber2026.graphoservice.it\/wp-content\/uploads\/2026\/02\/12080_pianale_bariatrico_meber.jpg\" \/>\n\t<meta property=\"og:image:width\" content=\"780\" \/>\n\t<meta property=\"og:image:height\" content=\"585\" \/>\n\t<meta property=\"og:image:type\" content=\"image\/jpeg\" \/>\n<meta name=\"twitter:card\" content=\"summary_large_image\" \/>\n<meta name=\"twitter:label1\" content=\"Dur\u00e9e de lecture estim\u00e9e\" \/>\n\t<meta name=\"twitter:data1\" content=\"1 minute\" \/>\n<script type=\"application\/ld+json\" class=\"yoast-schema-graph\">{\"@context\":\"https:\\\/\\\/schema.org\",\"@graph\":[{\"@type\":\"WebPage\",\"@id\":\"https:\\\/\\\/meber2026.graphoservice.it\\\/fr\\\/product\\\/12080-2\\\/\",\"url\":\"https:\\\/\\\/meber2026.graphoservice.it\\\/fr\\\/product\\\/12080-2\\\/\",\"name\":\"12080\",\"isPartOf\":{\"@id\":\"https:\\\/\\\/meber2026.graphoservice.it\\\/fr\\\/#website\"},\"primaryImageOfPage\":{\"@id\":\"https:\\\/\\\/meber2026.graphoservice.it\\\/fr\\\/product\\\/12080-2\\\/#primaryimage\"},\"image\":{\"@id\":\"https:\\\/\\\/meber2026.graphoservice.it\\\/fr\\\/product\\\/12080-2\\\/#primaryimage\"},\"thumbnailUrl\":\"https:\\\/\\\/meber2026.graphoservice.it\\\/wp-content\\\/uploads\\\/2026\\\/02\\\/12080_pianale_bariatrico_meber.jpg\",\"datePublished\":\"2026-02-10T09:28:22+00:00\",\"dateModified\":\"2026-04-21T08:55:21+00:00\",\"breadcrumb\":{\"@id\":\"https:\\\/\\\/meber2026.graphoservice.it\\\/fr\\\/product\\\/12080-2\\\/#breadcrumb\"},\"inLanguage\":\"fr-FR\",\"potentialAction\":[{\"@type\":\"ReadAction\",\"target\":[\"https:\\\/\\\/meber2026.graphoservice.it\\\/fr\\\/product\\\/12080-2\\\/\"]}]},{\"@type\":\"ImageObject\",\"inLanguage\":\"fr-FR\",\"@id\":\"https:\\\/\\\/meber2026.graphoservice.it\\\/fr\\\/product\\\/12080-2\\\/#primaryimage\",\"url\":\"https:\\\/\\\/meber2026.graphoservice.it\\\/wp-content\\\/uploads\\\/2026\\\/02\\\/12080_pianale_bariatrico_meber.jpg\",\"contentUrl\":\"https:\\\/\\\/meber2026.graphoservice.it\\\/wp-content\\\/uploads\\\/2026\\\/02\\\/12080_pianale_bariatrico_meber.jpg\",\"width\":780,\"height\":585},{\"@type\":\"BreadcrumbList\",\"@id\":\"https:\\\/\\\/meber2026.graphoservice.it\\\/fr\\\/product\\\/12080-2\\\/#breadcrumb\",\"itemListElement\":[{\"@type\":\"ListItem\",\"position\":1,\"name\":\"Home\",\"item\":\"https:\\\/\\\/meber2026.graphoservice.it\\\/fr\\\/\"},{\"@type\":\"ListItem\",\"position\":2,\"name\":\"12080\"}]},{\"@type\":\"WebSite\",\"@id\":\"https:\\\/\\\/meber2026.graphoservice.it\\\/fr\\\/#website\",\"url\":\"https:\\\/\\\/meber2026.graphoservice.it\\\/fr\\\/\",\"name\":\"Me.Ber.\",\"description\":\"In Case of Emergerncy\",\"potentialAction\":[{\"@type\":\"SearchAction\",\"target\":{\"@type\":\"EntryPoint\",\"urlTemplate\":\"https:\\\/\\\/meber2026.graphoservice.it\\\/fr\\\/?s={search_term_string}\"},\"query-input\":{\"@type\":\"PropertyValueSpecification\",\"valueRequired\":true,\"valueName\":\"search_term_string\"}}],\"inLanguage\":\"fr-FR\"}]}<\/script>\n<!-- \/ Yoast SEO plugin. -->","yoast_head_json":{"title":"12080","robots":{"index":"noindex","follow":"follow","max-snippet":"max-snippet:-1","max-image-preview":"max-image-preview:large","max-video-preview":"max-video-preview:-1"},"og_locale":"fr_FR","og_type":"article","og_title":"12080","og_description":"La plateforme \u00ab MBP \u00bb est un syst\u00e8me compatible avec les brancards \u00e0 chargement automatique Frog et Mercury, qui permet de transporter en toute s\u00e9curit\u00e9 des patients ob\u00e8ses. La structure en acier inoxydable et la plateforme en aluminium en font un appareil l\u00e9ger et r\u00e9sistant \u00e0 la fois. Un syst\u00e8me de ceinture avec enrouleur des [&hellip;]","og_url":"https:\/\/meber2026.graphoservice.it\/fr\/product\/12080-2\/","og_site_name":"Me.Ber.","article_modified_time":"2026-04-21T08:55:21+00:00","og_image":[{"width":780,"height":585,"url":"https:\/\/meber2026.graphoservice.it\/wp-content\/uploads\/2026\/02\/12080_pianale_bariatrico_meber.jpg","type":"image\/jpeg"}],"twitter_card":"summary_large_image","twitter_misc":{"Dur\u00e9e de lecture estim\u00e9e":"1 minute"},"schema":{"@context":"https:\/\/schema.org","@graph":[{"@type":"WebPage","@id":"https:\/\/meber2026.graphoservice.it\/fr\/product\/12080-2\/","url":"https:\/\/meber2026.graphoservice.it\/fr\/product\/12080-2\/","name":"12080","isPartOf":{"@id":"https:\/\/meber2026.graphoservice.it\/fr\/#website"},"primaryImageOfPage":{"@id":"https:\/\/meber2026.graphoservice.it\/fr\/product\/12080-2\/#primaryimage"},"image":{"@id":"https:\/\/meber2026.graphoservice.it\/fr\/product\/12080-2\/#primaryimage"},"thumbnailUrl":"https:\/\/meber2026.graphoservice.it\/wp-content\/uploads\/2026\/02\/12080_pianale_bariatrico_meber.jpg","datePublished":"2026-02-10T09:28:22+00:00","dateModified":"2026-04-21T08:55:21+00:00","breadcrumb":{"@id":"https:\/\/meber2026.graphoservice.it\/fr\/product\/12080-2\/#breadcrumb"},"inLanguage":"fr-FR","potentialAction":[{"@type":"ReadAction","target":["https:\/\/meber2026.graphoservice.it\/fr\/product\/12080-2\/"]}]},{"@type":"ImageObject","inLanguage":"fr-FR","@id":"https:\/\/meber2026.graphoservice.it\/fr\/product\/12080-2\/#primaryimage","url":"https:\/\/meber2026.graphoservice.it\/wp-content\/uploads\/2026\/02\/12080_pianale_bariatrico_meber.jpg","contentUrl":"https:\/\/meber2026.graphoservice.it\/wp-content\/uploads\/2026\/02\/12080_pianale_bariatrico_meber.jpg","width":780,"height":585},{"@type":"BreadcrumbList","@id":"https:\/\/meber2026.graphoservice.it\/fr\/product\/12080-2\/#breadcrumb","itemListElement":[{"@type":"ListItem","position":1,"name":"Home","item":"https:\/\/meber2026.graphoservice.it\/fr\/"},{"@type":"ListItem","position":2,"name":"12080"}]},{"@type":"WebSite","@id":"https:\/\/meber2026.graphoservice.it\/fr\/#website","url":"https:\/\/meber2026.graphoservice.it\/fr\/","name":"Me.Ber.","description":"In Case of Emergerncy","potentialAction":[{"@type":"SearchAction","target":{"@type":"EntryPoint","urlTemplate":"https:\/\/meber2026.graphoservice.it\/fr\/?s={search_term_string}"},"query-input":{"@type":"PropertyValueSpecification","valueRequired":true,"valueName":"search_term_string"}}],"inLanguage":"fr-FR"}]}},"_links":{"self":[{"href":"https:\/\/meber2026.graphoservice.it\/fr\/wp-json\/wp\/v2\/product\/19403","targetHints":{"allow":["GET"]}}],"collection":[{"href":"https:\/\/meber2026.graphoservice.it\/fr\/wp-json\/wp\/v2\/product"}],"about":[{"href":"https:\/\/meber2026.graphoservice.it\/fr\/wp-json\/wp\/v2\/types\/product"}],"author":[{"embeddable":true,"href":"https:\/\/meber2026.graphoservice.it\/fr\/wp-json\/wp\/v2\/users\/1"}],"version-history":[{"count":0,"href":"https:\/\/meber2026.graphoservice.it\/fr\/wp-json\/wp\/v2\/product\/19403\/revisions"}],"wp:featuredmedia":[{"embeddable":true,"href":"https:\/\/meber2026.graphoservice.it\/fr\/wp-json\/wp\/v2\/media\/16188"}],"wp:attachment":[{"href":"https:\/\/meber2026.graphoservice.it\/fr\/wp-json\/wp\/v2\/media?parent=19403"}],"wp:term":[{"taxonomy":"application-tag","embeddable":true,"href":"https:\/\/meber2026.graphoservice.it\/fr\/wp-json\/wp\/v2\/application-tag?post=19403"}],"curies":[{"name":"wp","href":"https:\/\/api.w.org\/{rel}","templated":true}]}}