{"id":19398,"date":"2026-02-10T09:28:21","date_gmt":"2026-02-10T09:28:21","guid":{"rendered":"https:\/\/meber2026.graphoservice.it\/product\/12154-2\/"},"modified":"2026-04-21T08:55:55","modified_gmt":"2026-04-21T08:55:55","slug":"12154-2","status":"publish","type":"product","link":"https:\/\/meber2026.graphoservice.it\/fr\/product\/12154-2\/","title":{"rendered":"12154"},"content":{"rendered":"<p>Le syst\u00e8me de confinement\u00a0<span style=\"font-weight: 700;\">Bear Pods<\/span>est un accessoire en nylon id\u00e9al pour le transport de patients bariatriques sur des brancards \u00e0 chargement automatique. Fabriqu\u00e9 avec des mat\u00e9riaux de haute qualit\u00e9, r\u00e9sistants aux produits chimiques et aux rayons UV, il est extr\u00eamement facile \u00e0 nettoyer. Le but du dispositif est de rendre plus s\u00fbr et plus fiable le transport des patients bariatriques sur des brancards \u00e0 chargement automatique.<br \/> <strong>Bear Pods<\/strong> s\u2019adapte \u00e0 tout type de brancard gr\u00e2ce \u00e0 des sangles sp\u00e9ciales qui sont appliqu\u00e9es sur les tubes lat\u00e9raux du cadre du brancard.<\/p>\n<p> Le produit assure le transport de patients pesant jusqu\u2019\u00e0 300 kg<\/strong>.<\/p>\n","protected":false},"excerpt":{"rendered":"<p>Le syst\u00e8me de confinement\u00a0Bear Podsest un accessoire en nylon id\u00e9al pour le transport de patients bariatriques sur des brancards \u00e0 chargement automatique. Fabriqu\u00e9 avec des mat\u00e9riaux de haute qualit\u00e9, r\u00e9sistants aux produits chimiques et aux rayons UV, il est extr\u00eamement facile \u00e0 nettoyer. Le but du dispositif est de rendre plus s\u00fbr et plus fiable [&hellip;]<\/p>\n","protected":false},"author":1,"featured_media":16181,"parent":0,"menu_order":40001600,"template":"","meta":{"_acf_changed":false,"footnotes":""},"application-tag":[92,98],"class_list":["post-19398","product","type-product","status-publish","has-post-thumbnail","hentry","application-tag-accessoires","application-tag-bariatrique"],"acf":[],"dsm_author":{"name":"admeb26","avatar_url":"https:\/\/meber2026.graphoservice.it\/wp-content\/plugins\/ultimate-member\/assets\/img\/default_avatar.jpg","archive_link":"https:\/\/meber2026.graphoservice.it\/fr\/author\/admeb26\/","biodata":""},"dsm_categories":[],"dsm_attachment_categories":[],"dsm_featured_image":{"thumbnail":"https:\/\/meber2026.graphoservice.it\/wp-content\/uploads\/2026\/02\/Bear_Pods_Meber_per_barelle-150x150.jpg","medium":"https:\/\/meber2026.graphoservice.it\/wp-content\/uploads\/2026\/02\/Bear_Pods_Meber_per_barelle-300x283.jpg","medium_large":"https:\/\/meber2026.graphoservice.it\/wp-content\/uploads\/2026\/02\/Bear_Pods_Meber_per_barelle.jpg","large":"https:\/\/meber2026.graphoservice.it\/wp-content\/uploads\/2026\/02\/Bear_Pods_Meber_per_barelle.jpg","1536x1536":"https:\/\/meber2026.graphoservice.it\/wp-content\/uploads\/2026\/02\/Bear_Pods_Meber_per_barelle.jpg","2048x2048":"https:\/\/meber2026.graphoservice.it\/wp-content\/uploads\/2026\/02\/Bear_Pods_Meber_per_barelle.jpg","et-pb-post-main-image":"https:\/\/meber2026.graphoservice.it\/wp-content\/uploads\/2026\/02\/Bear_Pods_Meber_per_barelle-400x250.jpg","et-pb-post-main-image-fullwidth":"https:\/\/meber2026.graphoservice.it\/wp-content\/uploads\/2026\/02\/Bear_Pods_Meber_per_barelle-750x675.jpg","et-pb-portfolio-image":"https:\/\/meber2026.graphoservice.it\/wp-content\/uploads\/2026\/02\/Bear_Pods_Meber_per_barelle-400x284.jpg","et-pb-portfolio-module-image":"https:\/\/meber2026.graphoservice.it\/wp-content\/uploads\/2026\/02\/Bear_Pods_Meber_per_barelle-510x382.jpg","et-pb-portfolio-image-single":"https:\/\/meber2026.graphoservice.it\/wp-content\/uploads\/2026\/02\/Bear_Pods_Meber_per_barelle.jpg","et-pb-gallery-module-image-portrait":"https:\/\/meber2026.graphoservice.it\/wp-content\/uploads\/2026\/02\/Bear_Pods_Meber_per_barelle-400x516.jpg","et-pb-post-main-image-fullwidth-large":"https:\/\/meber2026.graphoservice.it\/wp-content\/uploads\/2026\/02\/Bear_Pods_Meber_per_barelle.jpg","et-pb-image--responsive--desktop":"https:\/\/meber2026.graphoservice.it\/wp-content\/uploads\/2026\/02\/Bear_Pods_Meber_per_barelle.jpg","et-pb-image--responsive--tablet":"https:\/\/meber2026.graphoservice.it\/wp-content\/uploads\/2026\/02\/Bear_Pods_Meber_per_barelle.jpg","et-pb-image--responsive--phone":"https:\/\/meber2026.graphoservice.it\/wp-content\/uploads\/2026\/02\/Bear_Pods_Meber_per_barelle-480x453.jpg","full":"https:\/\/meber2026.graphoservice.it\/wp-content\/uploads\/2026\/02\/Bear_Pods_Meber_per_barelle.jpg"},"yoast_head":"<!-- This site is optimized with the Yoast SEO plugin v27.4 - https:\/\/yoast.com\/product\/yoast-seo-wordpress\/ -->\n<title>12154<\/title>\n<meta name=\"robots\" content=\"noindex, follow, max-snippet:-1, max-image-preview:large, max-video-preview:-1\" \/>\n<meta property=\"og:locale\" content=\"fr_FR\" \/>\n<meta property=\"og:type\" content=\"article\" \/>\n<meta property=\"og:title\" content=\"12154\" \/>\n<meta property=\"og:description\" content=\"Le syst\u00e8me de confinement\u00a0Bear Podsest un accessoire en nylon id\u00e9al pour le transport de patients bariatriques sur des brancards \u00e0 chargement automatique. Fabriqu\u00e9 avec des mat\u00e9riaux de haute qualit\u00e9, r\u00e9sistants aux produits chimiques et aux rayons UV, il est extr\u00eamement facile \u00e0 nettoyer. Le but du dispositif est de rendre plus s\u00fbr et plus fiable [&hellip;]\" \/>\n<meta property=\"og:url\" content=\"https:\/\/meber2026.graphoservice.it\/fr\/product\/12154-2\/\" \/>\n<meta property=\"og:site_name\" content=\"Me.Ber.\" \/>\n<meta property=\"article:modified_time\" content=\"2026-04-21T08:55:55+00:00\" \/>\n<meta property=\"og:image\" content=\"https:\/\/meber2026.graphoservice.it\/wp-content\/uploads\/2026\/02\/Bear_Pods_Meber_per_barelle.jpg\" \/>\n\t<meta property=\"og:image:width\" content=\"750\" \/>\n\t<meta property=\"og:image:height\" content=\"708\" \/>\n\t<meta property=\"og:image:type\" content=\"image\/jpeg\" \/>\n<meta name=\"twitter:card\" content=\"summary_large_image\" \/>\n<meta name=\"twitter:label1\" content=\"Dur\u00e9e de lecture estim\u00e9e\" \/>\n\t<meta name=\"twitter:data1\" content=\"1 minute\" \/>\n<script type=\"application\/ld+json\" class=\"yoast-schema-graph\">{\"@context\":\"https:\\\/\\\/schema.org\",\"@graph\":[{\"@type\":\"WebPage\",\"@id\":\"https:\\\/\\\/meber2026.graphoservice.it\\\/fr\\\/product\\\/12154-2\\\/\",\"url\":\"https:\\\/\\\/meber2026.graphoservice.it\\\/fr\\\/product\\\/12154-2\\\/\",\"name\":\"12154\",\"isPartOf\":{\"@id\":\"https:\\\/\\\/meber2026.graphoservice.it\\\/fr\\\/#website\"},\"primaryImageOfPage\":{\"@id\":\"https:\\\/\\\/meber2026.graphoservice.it\\\/fr\\\/product\\\/12154-2\\\/#primaryimage\"},\"image\":{\"@id\":\"https:\\\/\\\/meber2026.graphoservice.it\\\/fr\\\/product\\\/12154-2\\\/#primaryimage\"},\"thumbnailUrl\":\"https:\\\/\\\/meber2026.graphoservice.it\\\/wp-content\\\/uploads\\\/2026\\\/02\\\/Bear_Pods_Meber_per_barelle.jpg\",\"datePublished\":\"2026-02-10T09:28:21+00:00\",\"dateModified\":\"2026-04-21T08:55:55+00:00\",\"breadcrumb\":{\"@id\":\"https:\\\/\\\/meber2026.graphoservice.it\\\/fr\\\/product\\\/12154-2\\\/#breadcrumb\"},\"inLanguage\":\"fr-FR\",\"potentialAction\":[{\"@type\":\"ReadAction\",\"target\":[\"https:\\\/\\\/meber2026.graphoservice.it\\\/fr\\\/product\\\/12154-2\\\/\"]}]},{\"@type\":\"ImageObject\",\"inLanguage\":\"fr-FR\",\"@id\":\"https:\\\/\\\/meber2026.graphoservice.it\\\/fr\\\/product\\\/12154-2\\\/#primaryimage\",\"url\":\"https:\\\/\\\/meber2026.graphoservice.it\\\/wp-content\\\/uploads\\\/2026\\\/02\\\/Bear_Pods_Meber_per_barelle.jpg\",\"contentUrl\":\"https:\\\/\\\/meber2026.graphoservice.it\\\/wp-content\\\/uploads\\\/2026\\\/02\\\/Bear_Pods_Meber_per_barelle.jpg\",\"width\":750,\"height\":708},{\"@type\":\"BreadcrumbList\",\"@id\":\"https:\\\/\\\/meber2026.graphoservice.it\\\/fr\\\/product\\\/12154-2\\\/#breadcrumb\",\"itemListElement\":[{\"@type\":\"ListItem\",\"position\":1,\"name\":\"Home\",\"item\":\"https:\\\/\\\/meber2026.graphoservice.it\\\/fr\\\/\"},{\"@type\":\"ListItem\",\"position\":2,\"name\":\"12154\"}]},{\"@type\":\"WebSite\",\"@id\":\"https:\\\/\\\/meber2026.graphoservice.it\\\/fr\\\/#website\",\"url\":\"https:\\\/\\\/meber2026.graphoservice.it\\\/fr\\\/\",\"name\":\"Me.Ber.\",\"description\":\"In Case of Emergerncy\",\"potentialAction\":[{\"@type\":\"SearchAction\",\"target\":{\"@type\":\"EntryPoint\",\"urlTemplate\":\"https:\\\/\\\/meber2026.graphoservice.it\\\/fr\\\/?s={search_term_string}\"},\"query-input\":{\"@type\":\"PropertyValueSpecification\",\"valueRequired\":true,\"valueName\":\"search_term_string\"}}],\"inLanguage\":\"fr-FR\"}]}<\/script>\n<!-- \/ Yoast SEO plugin. -->","yoast_head_json":{"title":"12154","robots":{"index":"noindex","follow":"follow","max-snippet":"max-snippet:-1","max-image-preview":"max-image-preview:large","max-video-preview":"max-video-preview:-1"},"og_locale":"fr_FR","og_type":"article","og_title":"12154","og_description":"Le syst\u00e8me de confinement\u00a0Bear Podsest un accessoire en nylon id\u00e9al pour le transport de patients bariatriques sur des brancards \u00e0 chargement automatique. Fabriqu\u00e9 avec des mat\u00e9riaux de haute qualit\u00e9, r\u00e9sistants aux produits chimiques et aux rayons UV, il est extr\u00eamement facile \u00e0 nettoyer. Le but du dispositif est de rendre plus s\u00fbr et plus fiable [&hellip;]","og_url":"https:\/\/meber2026.graphoservice.it\/fr\/product\/12154-2\/","og_site_name":"Me.Ber.","article_modified_time":"2026-04-21T08:55:55+00:00","og_image":[{"width":750,"height":708,"url":"https:\/\/meber2026.graphoservice.it\/wp-content\/uploads\/2026\/02\/Bear_Pods_Meber_per_barelle.jpg","type":"image\/jpeg"}],"twitter_card":"summary_large_image","twitter_misc":{"Dur\u00e9e de lecture estim\u00e9e":"1 minute"},"schema":{"@context":"https:\/\/schema.org","@graph":[{"@type":"WebPage","@id":"https:\/\/meber2026.graphoservice.it\/fr\/product\/12154-2\/","url":"https:\/\/meber2026.graphoservice.it\/fr\/product\/12154-2\/","name":"12154","isPartOf":{"@id":"https:\/\/meber2026.graphoservice.it\/fr\/#website"},"primaryImageOfPage":{"@id":"https:\/\/meber2026.graphoservice.it\/fr\/product\/12154-2\/#primaryimage"},"image":{"@id":"https:\/\/meber2026.graphoservice.it\/fr\/product\/12154-2\/#primaryimage"},"thumbnailUrl":"https:\/\/meber2026.graphoservice.it\/wp-content\/uploads\/2026\/02\/Bear_Pods_Meber_per_barelle.jpg","datePublished":"2026-02-10T09:28:21+00:00","dateModified":"2026-04-21T08:55:55+00:00","breadcrumb":{"@id":"https:\/\/meber2026.graphoservice.it\/fr\/product\/12154-2\/#breadcrumb"},"inLanguage":"fr-FR","potentialAction":[{"@type":"ReadAction","target":["https:\/\/meber2026.graphoservice.it\/fr\/product\/12154-2\/"]}]},{"@type":"ImageObject","inLanguage":"fr-FR","@id":"https:\/\/meber2026.graphoservice.it\/fr\/product\/12154-2\/#primaryimage","url":"https:\/\/meber2026.graphoservice.it\/wp-content\/uploads\/2026\/02\/Bear_Pods_Meber_per_barelle.jpg","contentUrl":"https:\/\/meber2026.graphoservice.it\/wp-content\/uploads\/2026\/02\/Bear_Pods_Meber_per_barelle.jpg","width":750,"height":708},{"@type":"BreadcrumbList","@id":"https:\/\/meber2026.graphoservice.it\/fr\/product\/12154-2\/#breadcrumb","itemListElement":[{"@type":"ListItem","position":1,"name":"Home","item":"https:\/\/meber2026.graphoservice.it\/fr\/"},{"@type":"ListItem","position":2,"name":"12154"}]},{"@type":"WebSite","@id":"https:\/\/meber2026.graphoservice.it\/fr\/#website","url":"https:\/\/meber2026.graphoservice.it\/fr\/","name":"Me.Ber.","description":"In Case of Emergerncy","potentialAction":[{"@type":"SearchAction","target":{"@type":"EntryPoint","urlTemplate":"https:\/\/meber2026.graphoservice.it\/fr\/?s={search_term_string}"},"query-input":{"@type":"PropertyValueSpecification","valueRequired":true,"valueName":"search_term_string"}}],"inLanguage":"fr-FR"}]}},"_links":{"self":[{"href":"https:\/\/meber2026.graphoservice.it\/fr\/wp-json\/wp\/v2\/product\/19398","targetHints":{"allow":["GET"]}}],"collection":[{"href":"https:\/\/meber2026.graphoservice.it\/fr\/wp-json\/wp\/v2\/product"}],"about":[{"href":"https:\/\/meber2026.graphoservice.it\/fr\/wp-json\/wp\/v2\/types\/product"}],"author":[{"embeddable":true,"href":"https:\/\/meber2026.graphoservice.it\/fr\/wp-json\/wp\/v2\/users\/1"}],"version-history":[{"count":0,"href":"https:\/\/meber2026.graphoservice.it\/fr\/wp-json\/wp\/v2\/product\/19398\/revisions"}],"wp:featuredmedia":[{"embeddable":true,"href":"https:\/\/meber2026.graphoservice.it\/fr\/wp-json\/wp\/v2\/media\/16181"}],"wp:attachment":[{"href":"https:\/\/meber2026.graphoservice.it\/fr\/wp-json\/wp\/v2\/media?parent=19398"}],"wp:term":[{"taxonomy":"application-tag","embeddable":true,"href":"https:\/\/meber2026.graphoservice.it\/fr\/wp-json\/wp\/v2\/application-tag?post=19398"}],"curies":[{"name":"wp","href":"https:\/\/api.w.org\/{rel}","templated":true}]}}