{"id":19343,"date":"2026-02-10T09:28:15","date_gmt":"2026-02-10T09:28:15","guid":{"rendered":"https:\/\/meber2026.graphoservice.it\/product\/8377-2\/"},"modified":"2026-04-28T16:18:44","modified_gmt":"2026-04-28T16:18:44","slug":"8377-2","status":"publish","type":"product","link":"https:\/\/meber2026.graphoservice.it\/fr\/product\/8377-2\/","title":{"rendered":"8377"},"content":{"rendered":"<p>Thermom\u00e8tre infrarouge pour une mesure rapide, pr\u00e9cise et fiable de la temp\u00e9rature corporelle sans contact avec la surface de mesure. Appareil simple, intuitif et hygi\u00e9nique, il garantit des mesures de temp\u00e9rature stables et sans interf\u00e9rences..<\/p>\n<div>\n<strong>Sp\u00e9cifications techniques<\/strong><\/div>\n<ul>\n<li>Type de produit : Thermom\u00e8tre sans contact<\/li>\n<li>Dimensions (longueur x largeur x hauteur): 100 mm x 40 mm x 155 mm<\/li>\n<li>Poids : 105 gr sans pile<\/li>\n<li>Plage de mesure en mode corps: 32\u00f743 \u00b0C (89,6\u00f7109,2 \u00b0F)<\/li>\n<li>Plage de mesure en mode surface:\u00a00\u00f760 \u00b0C (32\u00f7140 \u00b0F)<\/li>\n<li>Plage de mesure en mode pi\u00e8ce:\u00a00\u00f740 \u00b0C (32\u00f7104 \u00b0F)<\/li>\n<li>Distance de mesure:\u00a03 \u00f7 5 cm (1,2 \u00f7 2 pollici)<\/li>\n<li>Conditions d\u2019utilisation: Temp\u00e9rature ambiante:\u00a010\u00f740 \u00b0C \/ 50\u00f7104 \u00b0F<\/li>\n<li>Humidit\u00e9 relative:\u00a0\u2264 85%<\/li>\n<li>R\u00e9solution de l\u2019\u00e9cran:\u00a00,1 \u00b0C<\/li>\n<li>Temps de r\u00e9ponse: 1s<\/li>\n<li>M\u00e9moire: 32 mesures<\/li>\n<li>Piles:\u00a02 x 1,5 V type AA<\/li>\n<li>Consommation:\u00a0\u2264 300 mW<\/li>\n<li>Auto-extinction: apr\u00e8s 30 secondes<\/li>\n<\/ul>\n<p>\nAppareil conforme \u00e0 la directive sur les produits m\u00e9dicaux 93\/42\/CEE \u2013 DM cat\u00e9gorie Iia<\/p>\n","protected":false},"excerpt":{"rendered":"<p>Thermom\u00e8tre infrarouge pour une mesure rapide, pr\u00e9cise et fiable de la temp\u00e9rature corporelle sans contact avec la surface de mesure. Appareil simple, intuitif et hygi\u00e9nique, il garantit des mesures de temp\u00e9rature stables et sans interf\u00e9rences.. Sp\u00e9cifications techniques Type de produit : Thermom\u00e8tre sans contact Dimensions (longueur x largeur x hauteur): 100 mm x 40 mm [&hellip;]<\/p>\n","protected":false},"author":1,"featured_media":16104,"parent":0,"menu_order":60002600,"template":"","meta":{"_acf_changed":false,"footnotes":""},"application-tag":[102],"class_list":["post-19343","product","type-product","status-publish","has-post-thumbnail","hentry","application-tag-diagnostic"],"acf":[],"dsm_author":{"name":"admeb26","avatar_url":"https:\/\/meber2026.graphoservice.it\/wp-content\/plugins\/ultimate-member\/assets\/img\/default_avatar.jpg","archive_link":"https:\/\/meber2026.graphoservice.it\/fr\/author\/admeb26\/","biodata":""},"dsm_categories":[],"dsm_attachment_categories":[],"dsm_featured_image":{"thumbnail":"https:\/\/meber2026.graphoservice.it\/wp-content\/uploads\/2026\/02\/Termometro_8377-150x150.jpg","medium":"https:\/\/meber2026.graphoservice.it\/wp-content\/uploads\/2026\/02\/Termometro_8377-300x300.jpg","medium_large":"https:\/\/meber2026.graphoservice.it\/wp-content\/uploads\/2026\/02\/Termometro_8377-768x768.jpg","large":"https:\/\/meber2026.graphoservice.it\/wp-content\/uploads\/2026\/02\/Termometro_8377.jpg","1536x1536":"https:\/\/meber2026.graphoservice.it\/wp-content\/uploads\/2026\/02\/Termometro_8377.jpg","2048x2048":"https:\/\/meber2026.graphoservice.it\/wp-content\/uploads\/2026\/02\/Termometro_8377.jpg","et-pb-post-main-image":"https:\/\/meber2026.graphoservice.it\/wp-content\/uploads\/2026\/02\/Termometro_8377-400x250.jpg","et-pb-post-main-image-fullwidth":"https:\/\/meber2026.graphoservice.it\/wp-content\/uploads\/2026\/02\/Termometro_8377-780x675.jpg","et-pb-portfolio-image":"https:\/\/meber2026.graphoservice.it\/wp-content\/uploads\/2026\/02\/Termometro_8377-400x284.jpg","et-pb-portfolio-module-image":"https:\/\/meber2026.graphoservice.it\/wp-content\/uploads\/2026\/02\/Termometro_8377-510x382.jpg","et-pb-portfolio-image-single":"https:\/\/meber2026.graphoservice.it\/wp-content\/uploads\/2026\/02\/Termometro_8377.jpg","et-pb-gallery-module-image-portrait":"https:\/\/meber2026.graphoservice.it\/wp-content\/uploads\/2026\/02\/Termometro_8377-400x516.jpg","et-pb-post-main-image-fullwidth-large":"https:\/\/meber2026.graphoservice.it\/wp-content\/uploads\/2026\/02\/Termometro_8377.jpg","et-pb-image--responsive--desktop":"https:\/\/meber2026.graphoservice.it\/wp-content\/uploads\/2026\/02\/Termometro_8377.jpg","et-pb-image--responsive--tablet":"https:\/\/meber2026.graphoservice.it\/wp-content\/uploads\/2026\/02\/Termometro_8377.jpg","et-pb-image--responsive--phone":"https:\/\/meber2026.graphoservice.it\/wp-content\/uploads\/2026\/02\/Termometro_8377-480x480.jpg","full":"https:\/\/meber2026.graphoservice.it\/wp-content\/uploads\/2026\/02\/Termometro_8377.jpg"},"yoast_head":"<!-- This site is optimized with the Yoast SEO plugin v27.4 - https:\/\/yoast.com\/product\/yoast-seo-wordpress\/ -->\n<title>8377<\/title>\n<meta name=\"robots\" content=\"noindex, follow, max-snippet:-1, max-image-preview:large, max-video-preview:-1\" \/>\n<meta property=\"og:locale\" content=\"fr_FR\" \/>\n<meta property=\"og:type\" content=\"article\" \/>\n<meta property=\"og:title\" content=\"8377\" \/>\n<meta property=\"og:description\" content=\"Thermom\u00e8tre infrarouge pour une mesure rapide, pr\u00e9cise et fiable de la temp\u00e9rature corporelle sans contact avec la surface de mesure. Appareil simple, intuitif et hygi\u00e9nique, il garantit des mesures de temp\u00e9rature stables et sans interf\u00e9rences.. Sp\u00e9cifications techniques Type de produit : Thermom\u00e8tre sans contact Dimensions (longueur x largeur x hauteur): 100 mm x 40 mm [&hellip;]\" \/>\n<meta property=\"og:url\" content=\"https:\/\/meber2026.graphoservice.it\/fr\/product\/8377-2\/\" \/>\n<meta property=\"og:site_name\" content=\"Me.Ber.\" \/>\n<meta property=\"article:modified_time\" content=\"2026-04-28T16:18:44+00:00\" \/>\n<meta property=\"og:image\" content=\"https:\/\/meber2026.graphoservice.it\/wp-content\/uploads\/2026\/02\/Termometro_8377.jpg\" \/>\n\t<meta property=\"og:image:width\" content=\"780\" \/>\n\t<meta property=\"og:image:height\" content=\"780\" \/>\n\t<meta property=\"og:image:type\" content=\"image\/jpeg\" \/>\n<meta name=\"twitter:card\" content=\"summary_large_image\" \/>\n<meta name=\"twitter:label1\" content=\"Dur\u00e9e de lecture estim\u00e9e\" \/>\n\t<meta name=\"twitter:data1\" content=\"1 minute\" \/>\n<script type=\"application\/ld+json\" class=\"yoast-schema-graph\">{\"@context\":\"https:\\\/\\\/schema.org\",\"@graph\":[{\"@type\":\"WebPage\",\"@id\":\"https:\\\/\\\/meber2026.graphoservice.it\\\/fr\\\/product\\\/8377-2\\\/\",\"url\":\"https:\\\/\\\/meber2026.graphoservice.it\\\/fr\\\/product\\\/8377-2\\\/\",\"name\":\"8377\",\"isPartOf\":{\"@id\":\"https:\\\/\\\/meber2026.graphoservice.it\\\/fr\\\/#website\"},\"primaryImageOfPage\":{\"@id\":\"https:\\\/\\\/meber2026.graphoservice.it\\\/fr\\\/product\\\/8377-2\\\/#primaryimage\"},\"image\":{\"@id\":\"https:\\\/\\\/meber2026.graphoservice.it\\\/fr\\\/product\\\/8377-2\\\/#primaryimage\"},\"thumbnailUrl\":\"https:\\\/\\\/meber2026.graphoservice.it\\\/wp-content\\\/uploads\\\/2026\\\/02\\\/Termometro_8377.jpg\",\"datePublished\":\"2026-02-10T09:28:15+00:00\",\"dateModified\":\"2026-04-28T16:18:44+00:00\",\"breadcrumb\":{\"@id\":\"https:\\\/\\\/meber2026.graphoservice.it\\\/fr\\\/product\\\/8377-2\\\/#breadcrumb\"},\"inLanguage\":\"fr-FR\",\"potentialAction\":[{\"@type\":\"ReadAction\",\"target\":[\"https:\\\/\\\/meber2026.graphoservice.it\\\/fr\\\/product\\\/8377-2\\\/\"]}]},{\"@type\":\"ImageObject\",\"inLanguage\":\"fr-FR\",\"@id\":\"https:\\\/\\\/meber2026.graphoservice.it\\\/fr\\\/product\\\/8377-2\\\/#primaryimage\",\"url\":\"https:\\\/\\\/meber2026.graphoservice.it\\\/wp-content\\\/uploads\\\/2026\\\/02\\\/Termometro_8377.jpg\",\"contentUrl\":\"https:\\\/\\\/meber2026.graphoservice.it\\\/wp-content\\\/uploads\\\/2026\\\/02\\\/Termometro_8377.jpg\",\"width\":780,\"height\":780},{\"@type\":\"BreadcrumbList\",\"@id\":\"https:\\\/\\\/meber2026.graphoservice.it\\\/fr\\\/product\\\/8377-2\\\/#breadcrumb\",\"itemListElement\":[{\"@type\":\"ListItem\",\"position\":1,\"name\":\"Home\",\"item\":\"https:\\\/\\\/meber2026.graphoservice.it\\\/fr\\\/\"},{\"@type\":\"ListItem\",\"position\":2,\"name\":\"8377\"}]},{\"@type\":\"WebSite\",\"@id\":\"https:\\\/\\\/meber2026.graphoservice.it\\\/fr\\\/#website\",\"url\":\"https:\\\/\\\/meber2026.graphoservice.it\\\/fr\\\/\",\"name\":\"Me.Ber.\",\"description\":\"In Case of Emergerncy\",\"potentialAction\":[{\"@type\":\"SearchAction\",\"target\":{\"@type\":\"EntryPoint\",\"urlTemplate\":\"https:\\\/\\\/meber2026.graphoservice.it\\\/fr\\\/?s={search_term_string}\"},\"query-input\":{\"@type\":\"PropertyValueSpecification\",\"valueRequired\":true,\"valueName\":\"search_term_string\"}}],\"inLanguage\":\"fr-FR\"}]}<\/script>\n<!-- \/ Yoast SEO plugin. -->","yoast_head_json":{"title":"8377","robots":{"index":"noindex","follow":"follow","max-snippet":"max-snippet:-1","max-image-preview":"max-image-preview:large","max-video-preview":"max-video-preview:-1"},"og_locale":"fr_FR","og_type":"article","og_title":"8377","og_description":"Thermom\u00e8tre infrarouge pour une mesure rapide, pr\u00e9cise et fiable de la temp\u00e9rature corporelle sans contact avec la surface de mesure. Appareil simple, intuitif et hygi\u00e9nique, il garantit des mesures de temp\u00e9rature stables et sans interf\u00e9rences.. Sp\u00e9cifications techniques Type de produit : Thermom\u00e8tre sans contact Dimensions (longueur x largeur x hauteur): 100 mm x 40 mm [&hellip;]","og_url":"https:\/\/meber2026.graphoservice.it\/fr\/product\/8377-2\/","og_site_name":"Me.Ber.","article_modified_time":"2026-04-28T16:18:44+00:00","og_image":[{"width":780,"height":780,"url":"https:\/\/meber2026.graphoservice.it\/wp-content\/uploads\/2026\/02\/Termometro_8377.jpg","type":"image\/jpeg"}],"twitter_card":"summary_large_image","twitter_misc":{"Dur\u00e9e de lecture estim\u00e9e":"1 minute"},"schema":{"@context":"https:\/\/schema.org","@graph":[{"@type":"WebPage","@id":"https:\/\/meber2026.graphoservice.it\/fr\/product\/8377-2\/","url":"https:\/\/meber2026.graphoservice.it\/fr\/product\/8377-2\/","name":"8377","isPartOf":{"@id":"https:\/\/meber2026.graphoservice.it\/fr\/#website"},"primaryImageOfPage":{"@id":"https:\/\/meber2026.graphoservice.it\/fr\/product\/8377-2\/#primaryimage"},"image":{"@id":"https:\/\/meber2026.graphoservice.it\/fr\/product\/8377-2\/#primaryimage"},"thumbnailUrl":"https:\/\/meber2026.graphoservice.it\/wp-content\/uploads\/2026\/02\/Termometro_8377.jpg","datePublished":"2026-02-10T09:28:15+00:00","dateModified":"2026-04-28T16:18:44+00:00","breadcrumb":{"@id":"https:\/\/meber2026.graphoservice.it\/fr\/product\/8377-2\/#breadcrumb"},"inLanguage":"fr-FR","potentialAction":[{"@type":"ReadAction","target":["https:\/\/meber2026.graphoservice.it\/fr\/product\/8377-2\/"]}]},{"@type":"ImageObject","inLanguage":"fr-FR","@id":"https:\/\/meber2026.graphoservice.it\/fr\/product\/8377-2\/#primaryimage","url":"https:\/\/meber2026.graphoservice.it\/wp-content\/uploads\/2026\/02\/Termometro_8377.jpg","contentUrl":"https:\/\/meber2026.graphoservice.it\/wp-content\/uploads\/2026\/02\/Termometro_8377.jpg","width":780,"height":780},{"@type":"BreadcrumbList","@id":"https:\/\/meber2026.graphoservice.it\/fr\/product\/8377-2\/#breadcrumb","itemListElement":[{"@type":"ListItem","position":1,"name":"Home","item":"https:\/\/meber2026.graphoservice.it\/fr\/"},{"@type":"ListItem","position":2,"name":"8377"}]},{"@type":"WebSite","@id":"https:\/\/meber2026.graphoservice.it\/fr\/#website","url":"https:\/\/meber2026.graphoservice.it\/fr\/","name":"Me.Ber.","description":"In Case of Emergerncy","potentialAction":[{"@type":"SearchAction","target":{"@type":"EntryPoint","urlTemplate":"https:\/\/meber2026.graphoservice.it\/fr\/?s={search_term_string}"},"query-input":{"@type":"PropertyValueSpecification","valueRequired":true,"valueName":"search_term_string"}}],"inLanguage":"fr-FR"}]}},"_links":{"self":[{"href":"https:\/\/meber2026.graphoservice.it\/fr\/wp-json\/wp\/v2\/product\/19343","targetHints":{"allow":["GET"]}}],"collection":[{"href":"https:\/\/meber2026.graphoservice.it\/fr\/wp-json\/wp\/v2\/product"}],"about":[{"href":"https:\/\/meber2026.graphoservice.it\/fr\/wp-json\/wp\/v2\/types\/product"}],"author":[{"embeddable":true,"href":"https:\/\/meber2026.graphoservice.it\/fr\/wp-json\/wp\/v2\/users\/1"}],"version-history":[{"count":1,"href":"https:\/\/meber2026.graphoservice.it\/fr\/wp-json\/wp\/v2\/product\/19343\/revisions"}],"predecessor-version":[{"id":31351,"href":"https:\/\/meber2026.graphoservice.it\/fr\/wp-json\/wp\/v2\/product\/19343\/revisions\/31351"}],"wp:featuredmedia":[{"embeddable":true,"href":"https:\/\/meber2026.graphoservice.it\/fr\/wp-json\/wp\/v2\/media\/16104"}],"wp:attachment":[{"href":"https:\/\/meber2026.graphoservice.it\/fr\/wp-json\/wp\/v2\/media?parent=19343"}],"wp:term":[{"taxonomy":"application-tag","embeddable":true,"href":"https:\/\/meber2026.graphoservice.it\/fr\/wp-json\/wp\/v2\/application-tag?post=19343"}],"curies":[{"name":"wp","href":"https:\/\/api.w.org\/{rel}","templated":true}]}}