{"id":19333,"date":"2026-02-10T09:28:14","date_gmt":"2026-02-10T09:28:14","guid":{"rendered":"https:\/\/meber2026.graphoservice.it\/product\/ergon-junior-16160-g\/"},"modified":"2026-02-10T09:28:15","modified_gmt":"2026-02-10T09:28:15","slug":"ergon-junior-16160-g","status":"publish","type":"product","link":"https:\/\/meber2026.graphoservice.it\/fr\/product\/ergon-junior-16160-g\/","title":{"rendered":"Ergon Junior 16160\/G"},"content":{"rendered":"<p><a class=\"button icon btn-block\" href=\"https:\/\/www.meber.it\/ergon\/\" style=\"border-radius: 3px;\" target=\"_blank\">Visiter le site Ergon<i class=\"fa fa-chevron-circle-right\">\u00a0<\/i> <\/a><br \/>\n\u00a0<\/p>\n<div style=\"\"><strong>Pour les plus petits, le plus grand produit<\/p>\n<p>ERGON <\/strong>met sa technologie de pointe au service des plus petits. En effet, dans la <strong>version Junior<\/strong>tous les grands avantages du brancard pour adulte ont \u00e9t\u00e9 conserv\u00e9s.<br \/>\nLe crochet <strong>Flexilock <\/strong>est d\u00e9centr\u00e9 pour pouvoir fonctionner sans envahir l\u2019espace occup\u00e9 par la t\u00eate, et la <strong>lame plus large<\/strong>que la standard offre un <strong>maximum de confort<\/strong> m\u00eame aux patients les plus exigeants.<\/div>\n<p><img decoding=\"async\" alt=\"\" src=\"\/adm\/Images\/contents\/10G Logo 2019_def.png\" style=\"width: 80px; height: 74px;\" \/><\/p>\n","protected":false},"excerpt":{"rendered":"<p>Visiter le site Ergon\u00a0 \u00a0 Pour les plus petits, le plus grand produit ERGON met sa technologie de pointe au service des plus petits. En effet, dans la version Juniortous les grands avantages du brancard pour adulte ont \u00e9t\u00e9 conserv\u00e9s. Le crochet Flexilock est d\u00e9centr\u00e9 pour pouvoir fonctionner sans envahir l\u2019espace occup\u00e9 par la t\u00eate, [&hellip;]<\/p>\n","protected":false},"author":1,"featured_media":16093,"parent":0,"menu_order":10000300,"template":"","meta":{"_acf_changed":false,"footnotes":""},"application-tag":[71,65,104,68],"class_list":["post-19333","product","type-product","status-publish","has-post-thumbnail","hentry","application-tag-brancards","application-tag-certifie-10g","application-tag-extreme","application-tag-pediatrique"],"acf":[],"dsm_author":{"name":"admeb26","avatar_url":"https:\/\/meber2026.graphoservice.it\/wp-content\/plugins\/ultimate-member\/assets\/img\/default_avatar.jpg","archive_link":"https:\/\/meber2026.graphoservice.it\/fr\/author\/admeb26\/","biodata":""},"dsm_categories":[],"dsm_attachment_categories":[],"dsm_featured_image":{"thumbnail":"https:\/\/meber2026.graphoservice.it\/wp-content\/uploads\/2026\/02\/Ergon_JUNIOR_16160G-150x150.png","medium":"https:\/\/meber2026.graphoservice.it\/wp-content\/uploads\/2026\/02\/Ergon_JUNIOR_16160G-300x86.png","medium_large":"https:\/\/meber2026.graphoservice.it\/wp-content\/uploads\/2026\/02\/Ergon_JUNIOR_16160G-768x220.png","large":"https:\/\/meber2026.graphoservice.it\/wp-content\/uploads\/2026\/02\/Ergon_JUNIOR_16160G-1024x294.png","1536x1536":"https:\/\/meber2026.graphoservice.it\/wp-content\/uploads\/2026\/02\/Ergon_JUNIOR_16160G.png","2048x2048":"https:\/\/meber2026.graphoservice.it\/wp-content\/uploads\/2026\/02\/Ergon_JUNIOR_16160G.png","et-pb-post-main-image":"https:\/\/meber2026.graphoservice.it\/wp-content\/uploads\/2026\/02\/Ergon_JUNIOR_16160G-400x250.png","et-pb-post-main-image-fullwidth":"https:\/\/meber2026.graphoservice.it\/wp-content\/uploads\/2026\/02\/Ergon_JUNIOR_16160G-1080x344.png","et-pb-portfolio-image":"https:\/\/meber2026.graphoservice.it\/wp-content\/uploads\/2026\/02\/Ergon_JUNIOR_16160G-400x284.png","et-pb-portfolio-module-image":"https:\/\/meber2026.graphoservice.it\/wp-content\/uploads\/2026\/02\/Ergon_JUNIOR_16160G-510x344.png","et-pb-portfolio-image-single":"https:\/\/meber2026.graphoservice.it\/wp-content\/uploads\/2026\/02\/Ergon_JUNIOR_16160G-1080x310.png","et-pb-gallery-module-image-portrait":"https:\/\/meber2026.graphoservice.it\/wp-content\/uploads\/2026\/02\/Ergon_JUNIOR_16160G-400x344.png","et-pb-post-main-image-fullwidth-large":"https:\/\/meber2026.graphoservice.it\/wp-content\/uploads\/2026\/02\/Ergon_JUNIOR_16160G.png","et-pb-image--responsive--desktop":"https:\/\/meber2026.graphoservice.it\/wp-content\/uploads\/2026\/02\/Ergon_JUNIOR_16160G.png","et-pb-image--responsive--tablet":"https:\/\/meber2026.graphoservice.it\/wp-content\/uploads\/2026\/02\/Ergon_JUNIOR_16160G-980x281.png","et-pb-image--responsive--phone":"https:\/\/meber2026.graphoservice.it\/wp-content\/uploads\/2026\/02\/Ergon_JUNIOR_16160G-480x138.png","full":"https:\/\/meber2026.graphoservice.it\/wp-content\/uploads\/2026\/02\/Ergon_JUNIOR_16160G.png"},"yoast_head":"<!-- This site is optimized with the Yoast SEO plugin v27.4 - https:\/\/yoast.com\/product\/yoast-seo-wordpress\/ -->\n<title>Brancard Ergon Junior 16160\/G<\/title>\n<meta name=\"description\" content=\"Ergon Junior est le brancard p\u00e9diatrique confort \u00e0 g\u00e9om\u00e9trie variable pour la r\u00e9cup\u00e9ration des plus petits en situation d\u2019urgence.\" \/>\n<meta name=\"robots\" content=\"noindex, follow, max-snippet:-1, max-image-preview:large, max-video-preview:-1\" \/>\n<meta property=\"og:locale\" content=\"fr_FR\" \/>\n<meta property=\"og:type\" content=\"article\" \/>\n<meta property=\"og:title\" content=\"Brancard Ergon Junior 16160\/G\" \/>\n<meta property=\"og:description\" content=\"Ergon Junior est le brancard p\u00e9diatrique confort \u00e0 g\u00e9om\u00e9trie variable pour la r\u00e9cup\u00e9ration des plus petits en situation d\u2019urgence.\" \/>\n<meta property=\"og:url\" content=\"https:\/\/meber2026.graphoservice.it\/fr\/product\/ergon-junior-16160-g\/\" \/>\n<meta property=\"og:site_name\" content=\"Me.Ber.\" \/>\n<meta property=\"article:modified_time\" content=\"2026-02-10T09:28:15+00:00\" \/>\n<meta name=\"twitter:card\" content=\"summary_large_image\" \/>\n<script type=\"application\/ld+json\" class=\"yoast-schema-graph\">{\"@context\":\"https:\\\/\\\/schema.org\",\"@graph\":[{\"@type\":\"WebPage\",\"@id\":\"https:\\\/\\\/meber2026.graphoservice.it\\\/fr\\\/product\\\/ergon-junior-16160-g\\\/\",\"url\":\"https:\\\/\\\/meber2026.graphoservice.it\\\/fr\\\/product\\\/ergon-junior-16160-g\\\/\",\"name\":\"Brancard Ergon Junior 16160\\\/G\",\"isPartOf\":{\"@id\":\"https:\\\/\\\/meber2026.graphoservice.it\\\/fr\\\/#website\"},\"primaryImageOfPage\":{\"@id\":\"https:\\\/\\\/meber2026.graphoservice.it\\\/fr\\\/product\\\/ergon-junior-16160-g\\\/#primaryimage\"},\"image\":{\"@id\":\"https:\\\/\\\/meber2026.graphoservice.it\\\/fr\\\/product\\\/ergon-junior-16160-g\\\/#primaryimage\"},\"thumbnailUrl\":\"https:\\\/\\\/meber2026.graphoservice.it\\\/wp-content\\\/uploads\\\/2026\\\/02\\\/Ergon_JUNIOR_16160G.png\",\"datePublished\":\"2026-02-10T09:28:14+00:00\",\"dateModified\":\"2026-02-10T09:28:15+00:00\",\"description\":\"Ergon Junior est le brancard p\u00e9diatrique confort \u00e0 g\u00e9om\u00e9trie variable pour la r\u00e9cup\u00e9ration des plus petits en situation d\u2019urgence.\",\"breadcrumb\":{\"@id\":\"https:\\\/\\\/meber2026.graphoservice.it\\\/fr\\\/product\\\/ergon-junior-16160-g\\\/#breadcrumb\"},\"inLanguage\":\"fr-FR\",\"potentialAction\":[{\"@type\":\"ReadAction\",\"target\":[\"https:\\\/\\\/meber2026.graphoservice.it\\\/fr\\\/product\\\/ergon-junior-16160-g\\\/\"]}]},{\"@type\":\"ImageObject\",\"inLanguage\":\"fr-FR\",\"@id\":\"https:\\\/\\\/meber2026.graphoservice.it\\\/fr\\\/product\\\/ergon-junior-16160-g\\\/#primaryimage\",\"url\":\"https:\\\/\\\/meber2026.graphoservice.it\\\/wp-content\\\/uploads\\\/2026\\\/02\\\/Ergon_JUNIOR_16160G.png\",\"contentUrl\":\"https:\\\/\\\/meber2026.graphoservice.it\\\/wp-content\\\/uploads\\\/2026\\\/02\\\/Ergon_JUNIOR_16160G.png\",\"width\":1200,\"height\":344},{\"@type\":\"BreadcrumbList\",\"@id\":\"https:\\\/\\\/meber2026.graphoservice.it\\\/fr\\\/product\\\/ergon-junior-16160-g\\\/#breadcrumb\",\"itemListElement\":[{\"@type\":\"ListItem\",\"position\":1,\"name\":\"Home\",\"item\":\"https:\\\/\\\/meber2026.graphoservice.it\\\/fr\\\/\"},{\"@type\":\"ListItem\",\"position\":2,\"name\":\"Ergon Junior 16160\\\/G\"}]},{\"@type\":\"WebSite\",\"@id\":\"https:\\\/\\\/meber2026.graphoservice.it\\\/fr\\\/#website\",\"url\":\"https:\\\/\\\/meber2026.graphoservice.it\\\/fr\\\/\",\"name\":\"Me.Ber.\",\"description\":\"In Case of Emergerncy\",\"potentialAction\":[{\"@type\":\"SearchAction\",\"target\":{\"@type\":\"EntryPoint\",\"urlTemplate\":\"https:\\\/\\\/meber2026.graphoservice.it\\\/fr\\\/?s={search_term_string}\"},\"query-input\":{\"@type\":\"PropertyValueSpecification\",\"valueRequired\":true,\"valueName\":\"search_term_string\"}}],\"inLanguage\":\"fr-FR\"}]}<\/script>\n<!-- \/ Yoast SEO plugin. -->","yoast_head_json":{"title":"Brancard Ergon Junior 16160\/G","description":"Ergon Junior est le brancard p\u00e9diatrique confort \u00e0 g\u00e9om\u00e9trie variable pour la r\u00e9cup\u00e9ration des plus petits en situation d\u2019urgence.","robots":{"index":"noindex","follow":"follow","max-snippet":"max-snippet:-1","max-image-preview":"max-image-preview:large","max-video-preview":"max-video-preview:-1"},"og_locale":"fr_FR","og_type":"article","og_title":"Brancard Ergon Junior 16160\/G","og_description":"Ergon Junior est le brancard p\u00e9diatrique confort \u00e0 g\u00e9om\u00e9trie variable pour la r\u00e9cup\u00e9ration des plus petits en situation d\u2019urgence.","og_url":"https:\/\/meber2026.graphoservice.it\/fr\/product\/ergon-junior-16160-g\/","og_site_name":"Me.Ber.","article_modified_time":"2026-02-10T09:28:15+00:00","twitter_card":"summary_large_image","schema":{"@context":"https:\/\/schema.org","@graph":[{"@type":"WebPage","@id":"https:\/\/meber2026.graphoservice.it\/fr\/product\/ergon-junior-16160-g\/","url":"https:\/\/meber2026.graphoservice.it\/fr\/product\/ergon-junior-16160-g\/","name":"Brancard Ergon Junior 16160\/G","isPartOf":{"@id":"https:\/\/meber2026.graphoservice.it\/fr\/#website"},"primaryImageOfPage":{"@id":"https:\/\/meber2026.graphoservice.it\/fr\/product\/ergon-junior-16160-g\/#primaryimage"},"image":{"@id":"https:\/\/meber2026.graphoservice.it\/fr\/product\/ergon-junior-16160-g\/#primaryimage"},"thumbnailUrl":"https:\/\/meber2026.graphoservice.it\/wp-content\/uploads\/2026\/02\/Ergon_JUNIOR_16160G.png","datePublished":"2026-02-10T09:28:14+00:00","dateModified":"2026-02-10T09:28:15+00:00","description":"Ergon Junior est le brancard p\u00e9diatrique confort \u00e0 g\u00e9om\u00e9trie variable pour la r\u00e9cup\u00e9ration des plus petits en situation d\u2019urgence.","breadcrumb":{"@id":"https:\/\/meber2026.graphoservice.it\/fr\/product\/ergon-junior-16160-g\/#breadcrumb"},"inLanguage":"fr-FR","potentialAction":[{"@type":"ReadAction","target":["https:\/\/meber2026.graphoservice.it\/fr\/product\/ergon-junior-16160-g\/"]}]},{"@type":"ImageObject","inLanguage":"fr-FR","@id":"https:\/\/meber2026.graphoservice.it\/fr\/product\/ergon-junior-16160-g\/#primaryimage","url":"https:\/\/meber2026.graphoservice.it\/wp-content\/uploads\/2026\/02\/Ergon_JUNIOR_16160G.png","contentUrl":"https:\/\/meber2026.graphoservice.it\/wp-content\/uploads\/2026\/02\/Ergon_JUNIOR_16160G.png","width":1200,"height":344},{"@type":"BreadcrumbList","@id":"https:\/\/meber2026.graphoservice.it\/fr\/product\/ergon-junior-16160-g\/#breadcrumb","itemListElement":[{"@type":"ListItem","position":1,"name":"Home","item":"https:\/\/meber2026.graphoservice.it\/fr\/"},{"@type":"ListItem","position":2,"name":"Ergon Junior 16160\/G"}]},{"@type":"WebSite","@id":"https:\/\/meber2026.graphoservice.it\/fr\/#website","url":"https:\/\/meber2026.graphoservice.it\/fr\/","name":"Me.Ber.","description":"In Case of Emergerncy","potentialAction":[{"@type":"SearchAction","target":{"@type":"EntryPoint","urlTemplate":"https:\/\/meber2026.graphoservice.it\/fr\/?s={search_term_string}"},"query-input":{"@type":"PropertyValueSpecification","valueRequired":true,"valueName":"search_term_string"}}],"inLanguage":"fr-FR"}]}},"_links":{"self":[{"href":"https:\/\/meber2026.graphoservice.it\/fr\/wp-json\/wp\/v2\/product\/19333","targetHints":{"allow":["GET"]}}],"collection":[{"href":"https:\/\/meber2026.graphoservice.it\/fr\/wp-json\/wp\/v2\/product"}],"about":[{"href":"https:\/\/meber2026.graphoservice.it\/fr\/wp-json\/wp\/v2\/types\/product"}],"author":[{"embeddable":true,"href":"https:\/\/meber2026.graphoservice.it\/fr\/wp-json\/wp\/v2\/users\/1"}],"version-history":[{"count":0,"href":"https:\/\/meber2026.graphoservice.it\/fr\/wp-json\/wp\/v2\/product\/19333\/revisions"}],"wp:featuredmedia":[{"embeddable":true,"href":"https:\/\/meber2026.graphoservice.it\/fr\/wp-json\/wp\/v2\/media\/16093"}],"wp:attachment":[{"href":"https:\/\/meber2026.graphoservice.it\/fr\/wp-json\/wp\/v2\/media?parent=19333"}],"wp:term":[{"taxonomy":"application-tag","embeddable":true,"href":"https:\/\/meber2026.graphoservice.it\/fr\/wp-json\/wp\/v2\/application-tag?post=19333"}],"curies":[{"name":"wp","href":"https:\/\/api.w.org\/{rel}","templated":true}]}}