{"id":19323,"date":"2026-02-10T09:28:13","date_gmt":"2026-02-10T09:28:13","guid":{"rendered":"https:\/\/meber2026.graphoservice.it\/product\/ergon-16150-g\/"},"modified":"2026-02-10T09:28:14","modified_gmt":"2026-02-10T09:28:14","slug":"ergon-16150-g","status":"publish","type":"product","link":"https:\/\/meber2026.graphoservice.it\/fr\/product\/ergon-16150-g\/","title":{"rendered":"Ergon 16150\/G"},"content":{"rendered":"<p><a class=\"button icon btn-block\" href=\"https:\/\/www.meber.it\/ergon\/\" style=\"border-radius: 3px;\" target=\"_blank\">Visiter le site Ergon<i class=\"fa fa-chevron-circle-right\">\u00a0<\/i> <\/a><br \/>\n\u00a0<\/p>\n<p style=\"\"><strong>ERGON <\/strong>a \u00e9t\u00e9 con\u00e7u par des secouristes et des techniciens experts en dispositifs m\u00e9dicaux d\u2019urgence pour offrir des performances jusqu\u2019alors impensables. Il garantit un confort maximal, en particulier dans les points les plus en d\u00e9cubitus du patient, gr\u00e2ce \u00e0 l\u2019utilisation d\u2019un mat\u00e9riau sp\u00e9cial (l\u2019exclusif <strong>Me.Ber. HC<sup>3<\/sup> &#8211; High Comfort Composite Cell<\/strong>)compos\u00e9 d\u2019un mat\u00e9riau souple co-moul\u00e9 sur un polym\u00e8re plastique haute r\u00e9sistance.<\/p>\n<p>En plus du confort pour le patient <strong>ERGON <\/strong>a \u00e9t\u00e9 con\u00e7u pour favoriser les secouristes gr\u00e2ce \u00e0 des mesures uniques. Les poign\u00e9es sont rev\u00eatues de <strong>HC<sup>3<\/sup> <\/strong> et sont inclin\u00e9es de 20\u00b0 afin de favoriser la meilleure prise en main. Des supports et des \u0153illets sp\u00e9ciaux ont \u00e9t\u00e9 positionn\u00e9s pour attacher facilement les sangles avec des mousquetons.<\/p>\n<p>La distance entre les deux demi-barres n\u2019est que de 25 mm ; cela permet un excellent soutien de la colonne vert\u00e9brale par rapport aux brancards normaux qui sont distants d\u2019environ 80 mm. La forme de la lame est donc plus large, et a \u00e9t\u00e9 con\u00e7ue pour s\u2019ins\u00e9rer facilement et progressivement entre le patient et le sol.<br \/>\nL\u2019utilisation du mat\u00e9riau HC <strong>HC<\/strong><sup><strong>3<\/strong><\/sup>, en plus de garantir une stabilit\u00e9 structurelle totale, permet une isolation thermique \u00e9lev\u00e9e. Cela aide \u00e0 <strong>pr\u00e9venir l\u2019hypothermie<\/strong> et, gr\u00e2ce \u00e0 la conception m\u00eame du brancard, cela permet au patient de rester plus longtemps sur l\u2019appareil.<\/p>\n<p style=\"\">Une autre r\u00e9volution technologique est l\u2019utilisation du nouveau syst\u00e8me de fermeture articul\u00e9e <strong>Flexilock <\/strong>(<em>patent pending<\/em>) qui permet \u00e0 la fois de s\u00e9parer le brancard en deux moiti\u00e9s, et d\u2019effectuer des r\u00e9cup\u00e9rations dans des positions et des situations extr\u00eataille. Par cons\u00e9quent, en plus des techniques standard, <strong>ERGON<\/strong><strong> <\/strong> vous permet d\u2019effectuer facilement des r\u00e9cup\u00e9rations dans des environnements difficiles m\u00eame avec le patient, dans des conditions critiques.<\/p>\n<p>Quelques caract\u00e9ristiques de l\u2019Ergon:<\/p>\n<p>&#8211; Temps d\u2019immobilisation plus rapides<br \/>\n&#8211; La sangle de fixation fait \u00e9galement office de bandouli\u00e8re<br \/>\n&#8211; Accessoires fix\u00e9s \u00e0 l\u2019appareil<br \/>\n&#8211;\u00a0Dispositif adapt\u00e9 au soutien du patient lors de la r\u00e9alisation d\u2019examens radiologiques (RX) dans le cadre des premiers secours.<\/p>\n<p><img decoding=\"async\" alt=\"\" br=\"\" src=\"\/adm\/Images\/contents\/10G Logo 2019_def.png\" style=\"width: 80px; height: 74px;\" \/><\/p>\n<p><iframe referrerpolicy=\"strict-origin-when-cross-origin\" loading=\"lazy\" allow=\"accelerometer; autoplay; clipboard-write; encrypted-media; gyroscope; picture-in-picture\" allowfullscreen=\"\" frameborder=\"0\" height=\"315\" src=\"https:\/\/www.youtube.com\/embed\/8_q1JugfIrA?origin=https%3A%2F%2Fmeber2026.graphoservice.it%2Ffr%2F\" title=\"YouTube video player\" width=\"560\"><\/iframe><\/p>\n","protected":false},"excerpt":{"rendered":"<p>Visiter le site Ergon\u00a0 \u00a0 ERGON a \u00e9t\u00e9 con\u00e7u par des secouristes et des techniciens experts en dispositifs m\u00e9dicaux d\u2019urgence pour offrir des performances jusqu\u2019alors impensables. Il garantit un confort maximal, en particulier dans les points les plus en d\u00e9cubitus du patient, gr\u00e2ce \u00e0 l\u2019utilisation d\u2019un mat\u00e9riau sp\u00e9cial (l\u2019exclusif Me.Ber. HC3 &#8211; High Comfort Composite [&hellip;]<\/p>\n","protected":false},"author":1,"featured_media":16075,"parent":0,"menu_order":10000100,"template":"","meta":{"_acf_changed":false,"footnotes":""},"application-tag":[],"class_list":["post-19323","product","type-product","status-publish","has-post-thumbnail","hentry"],"acf":[],"dsm_author":{"name":"admeb26","avatar_url":"https:\/\/meber2026.graphoservice.it\/wp-content\/plugins\/ultimate-member\/assets\/img\/default_avatar.jpg","archive_link":"https:\/\/meber2026.graphoservice.it\/fr\/author\/admeb26\/","biodata":""},"dsm_categories":[],"dsm_attachment_categories":[],"dsm_featured_image":{"thumbnail":"https:\/\/meber2026.graphoservice.it\/wp-content\/uploads\/2026\/02\/Ergon_16150G-150x150.png","medium":"https:\/\/meber2026.graphoservice.it\/wp-content\/uploads\/2026\/02\/Ergon_16150G-300x86.png","medium_large":"https:\/\/meber2026.graphoservice.it\/wp-content\/uploads\/2026\/02\/Ergon_16150G-768x220.png","large":"https:\/\/meber2026.graphoservice.it\/wp-content\/uploads\/2026\/02\/Ergon_16150G-1024x294.png","1536x1536":"https:\/\/meber2026.graphoservice.it\/wp-content\/uploads\/2026\/02\/Ergon_16150G.png","2048x2048":"https:\/\/meber2026.graphoservice.it\/wp-content\/uploads\/2026\/02\/Ergon_16150G.png","et-pb-post-main-image":"https:\/\/meber2026.graphoservice.it\/wp-content\/uploads\/2026\/02\/Ergon_16150G-400x250.png","et-pb-post-main-image-fullwidth":"https:\/\/meber2026.graphoservice.it\/wp-content\/uploads\/2026\/02\/Ergon_16150G-1080x344.png","et-pb-portfolio-image":"https:\/\/meber2026.graphoservice.it\/wp-content\/uploads\/2026\/02\/Ergon_16150G-400x284.png","et-pb-portfolio-module-image":"https:\/\/meber2026.graphoservice.it\/wp-content\/uploads\/2026\/02\/Ergon_16150G-510x344.png","et-pb-portfolio-image-single":"https:\/\/meber2026.graphoservice.it\/wp-content\/uploads\/2026\/02\/Ergon_16150G-1080x310.png","et-pb-gallery-module-image-portrait":"https:\/\/meber2026.graphoservice.it\/wp-content\/uploads\/2026\/02\/Ergon_16150G-400x344.png","et-pb-post-main-image-fullwidth-large":"https:\/\/meber2026.graphoservice.it\/wp-content\/uploads\/2026\/02\/Ergon_16150G.png","et-pb-image--responsive--desktop":"https:\/\/meber2026.graphoservice.it\/wp-content\/uploads\/2026\/02\/Ergon_16150G.png","et-pb-image--responsive--tablet":"https:\/\/meber2026.graphoservice.it\/wp-content\/uploads\/2026\/02\/Ergon_16150G-980x281.png","et-pb-image--responsive--phone":"https:\/\/meber2026.graphoservice.it\/wp-content\/uploads\/2026\/02\/Ergon_16150G-480x138.png","full":"https:\/\/meber2026.graphoservice.it\/wp-content\/uploads\/2026\/02\/Ergon_16150G.png"},"yoast_head":"<!-- This site is optimized with the Yoast SEO plugin v27.4 - https:\/\/yoast.com\/product\/yoast-seo-wordpress\/ -->\n<title>Brancard Ergon 16150\/G<\/title>\n<meta name=\"description\" content=\"Ergon est le brancard de confort \u00e0 g\u00e9om\u00e9trie variable con\u00e7u par des sauveteurs et des techniciens exp\u00e9riment\u00e9s dans le secteur des urgences, pour garantir la r\u00e9cup\u00e9ration dans des situations extr\u00eataille\" \/>\n<meta name=\"robots\" content=\"noindex, follow, max-snippet:-1, max-image-preview:large, max-video-preview:-1\" \/>\n<meta property=\"og:locale\" content=\"fr_FR\" \/>\n<meta property=\"og:type\" content=\"article\" \/>\n<meta property=\"og:title\" content=\"Brancard Ergon 16150\/G\" \/>\n<meta property=\"og:description\" content=\"Ergon est le brancard de confort \u00e0 g\u00e9om\u00e9trie variable con\u00e7u par des sauveteurs et des techniciens exp\u00e9riment\u00e9s dans le secteur des urgences, pour garantir la r\u00e9cup\u00e9ration dans des situations extr\u00eataille\" \/>\n<meta property=\"og:url\" content=\"https:\/\/meber2026.graphoservice.it\/fr\/product\/ergon-16150-g\/\" \/>\n<meta property=\"og:site_name\" content=\"Me.Ber.\" \/>\n<meta property=\"article:modified_time\" content=\"2026-02-10T09:28:14+00:00\" \/>\n<meta name=\"twitter:card\" content=\"summary_large_image\" \/>\n<meta name=\"twitter:label1\" content=\"Dur\u00e9e de lecture estim\u00e9e\" \/>\n\t<meta name=\"twitter:data1\" content=\"2 minutes\" \/>\n<script type=\"application\/ld+json\" class=\"yoast-schema-graph\">{\"@context\":\"https:\\\/\\\/schema.org\",\"@graph\":[{\"@type\":\"WebPage\",\"@id\":\"https:\\\/\\\/meber2026.graphoservice.it\\\/fr\\\/product\\\/ergon-16150-g\\\/\",\"url\":\"https:\\\/\\\/meber2026.graphoservice.it\\\/fr\\\/product\\\/ergon-16150-g\\\/\",\"name\":\"Brancard Ergon 16150\\\/G\",\"isPartOf\":{\"@id\":\"https:\\\/\\\/meber2026.graphoservice.it\\\/fr\\\/#website\"},\"primaryImageOfPage\":{\"@id\":\"https:\\\/\\\/meber2026.graphoservice.it\\\/fr\\\/product\\\/ergon-16150-g\\\/#primaryimage\"},\"image\":{\"@id\":\"https:\\\/\\\/meber2026.graphoservice.it\\\/fr\\\/product\\\/ergon-16150-g\\\/#primaryimage\"},\"thumbnailUrl\":\"https:\\\/\\\/meber2026.graphoservice.it\\\/wp-content\\\/uploads\\\/2026\\\/02\\\/Ergon_16150G.png\",\"datePublished\":\"2026-02-10T09:28:13+00:00\",\"dateModified\":\"2026-02-10T09:28:14+00:00\",\"description\":\"Ergon est le brancard de confort \u00e0 g\u00e9om\u00e9trie variable con\u00e7u par des sauveteurs et des techniciens exp\u00e9riment\u00e9s dans le secteur des urgences, pour garantir la r\u00e9cup\u00e9ration dans des situations extr\u00eataille\",\"breadcrumb\":{\"@id\":\"https:\\\/\\\/meber2026.graphoservice.it\\\/fr\\\/product\\\/ergon-16150-g\\\/#breadcrumb\"},\"inLanguage\":\"fr-FR\",\"potentialAction\":[{\"@type\":\"ReadAction\",\"target\":[\"https:\\\/\\\/meber2026.graphoservice.it\\\/fr\\\/product\\\/ergon-16150-g\\\/\"]}]},{\"@type\":\"ImageObject\",\"inLanguage\":\"fr-FR\",\"@id\":\"https:\\\/\\\/meber2026.graphoservice.it\\\/fr\\\/product\\\/ergon-16150-g\\\/#primaryimage\",\"url\":\"https:\\\/\\\/meber2026.graphoservice.it\\\/wp-content\\\/uploads\\\/2026\\\/02\\\/Ergon_16150G.png\",\"contentUrl\":\"https:\\\/\\\/meber2026.graphoservice.it\\\/wp-content\\\/uploads\\\/2026\\\/02\\\/Ergon_16150G.png\",\"width\":1200,\"height\":344},{\"@type\":\"BreadcrumbList\",\"@id\":\"https:\\\/\\\/meber2026.graphoservice.it\\\/fr\\\/product\\\/ergon-16150-g\\\/#breadcrumb\",\"itemListElement\":[{\"@type\":\"ListItem\",\"position\":1,\"name\":\"Home\",\"item\":\"https:\\\/\\\/meber2026.graphoservice.it\\\/fr\\\/\"},{\"@type\":\"ListItem\",\"position\":2,\"name\":\"Ergon 16150\\\/G\"}]},{\"@type\":\"WebSite\",\"@id\":\"https:\\\/\\\/meber2026.graphoservice.it\\\/fr\\\/#website\",\"url\":\"https:\\\/\\\/meber2026.graphoservice.it\\\/fr\\\/\",\"name\":\"Me.Ber.\",\"description\":\"In Case of Emergerncy\",\"potentialAction\":[{\"@type\":\"SearchAction\",\"target\":{\"@type\":\"EntryPoint\",\"urlTemplate\":\"https:\\\/\\\/meber2026.graphoservice.it\\\/fr\\\/?s={search_term_string}\"},\"query-input\":{\"@type\":\"PropertyValueSpecification\",\"valueRequired\":true,\"valueName\":\"search_term_string\"}}],\"inLanguage\":\"fr-FR\"}]}<\/script>\n<!-- \/ Yoast SEO plugin. -->","yoast_head_json":{"title":"Brancard Ergon 16150\/G","description":"Ergon est le brancard de confort \u00e0 g\u00e9om\u00e9trie variable con\u00e7u par des sauveteurs et des techniciens exp\u00e9riment\u00e9s dans le secteur des urgences, pour garantir la r\u00e9cup\u00e9ration dans des situations extr\u00eataille","robots":{"index":"noindex","follow":"follow","max-snippet":"max-snippet:-1","max-image-preview":"max-image-preview:large","max-video-preview":"max-video-preview:-1"},"og_locale":"fr_FR","og_type":"article","og_title":"Brancard Ergon 16150\/G","og_description":"Ergon est le brancard de confort \u00e0 g\u00e9om\u00e9trie variable con\u00e7u par des sauveteurs et des techniciens exp\u00e9riment\u00e9s dans le secteur des urgences, pour garantir la r\u00e9cup\u00e9ration dans des situations extr\u00eataille","og_url":"https:\/\/meber2026.graphoservice.it\/fr\/product\/ergon-16150-g\/","og_site_name":"Me.Ber.","article_modified_time":"2026-02-10T09:28:14+00:00","twitter_card":"summary_large_image","twitter_misc":{"Dur\u00e9e de lecture estim\u00e9e":"2 minutes"},"schema":{"@context":"https:\/\/schema.org","@graph":[{"@type":"WebPage","@id":"https:\/\/meber2026.graphoservice.it\/fr\/product\/ergon-16150-g\/","url":"https:\/\/meber2026.graphoservice.it\/fr\/product\/ergon-16150-g\/","name":"Brancard Ergon 16150\/G","isPartOf":{"@id":"https:\/\/meber2026.graphoservice.it\/fr\/#website"},"primaryImageOfPage":{"@id":"https:\/\/meber2026.graphoservice.it\/fr\/product\/ergon-16150-g\/#primaryimage"},"image":{"@id":"https:\/\/meber2026.graphoservice.it\/fr\/product\/ergon-16150-g\/#primaryimage"},"thumbnailUrl":"https:\/\/meber2026.graphoservice.it\/wp-content\/uploads\/2026\/02\/Ergon_16150G.png","datePublished":"2026-02-10T09:28:13+00:00","dateModified":"2026-02-10T09:28:14+00:00","description":"Ergon est le brancard de confort \u00e0 g\u00e9om\u00e9trie variable con\u00e7u par des sauveteurs et des techniciens exp\u00e9riment\u00e9s dans le secteur des urgences, pour garantir la r\u00e9cup\u00e9ration dans des situations extr\u00eataille","breadcrumb":{"@id":"https:\/\/meber2026.graphoservice.it\/fr\/product\/ergon-16150-g\/#breadcrumb"},"inLanguage":"fr-FR","potentialAction":[{"@type":"ReadAction","target":["https:\/\/meber2026.graphoservice.it\/fr\/product\/ergon-16150-g\/"]}]},{"@type":"ImageObject","inLanguage":"fr-FR","@id":"https:\/\/meber2026.graphoservice.it\/fr\/product\/ergon-16150-g\/#primaryimage","url":"https:\/\/meber2026.graphoservice.it\/wp-content\/uploads\/2026\/02\/Ergon_16150G.png","contentUrl":"https:\/\/meber2026.graphoservice.it\/wp-content\/uploads\/2026\/02\/Ergon_16150G.png","width":1200,"height":344},{"@type":"BreadcrumbList","@id":"https:\/\/meber2026.graphoservice.it\/fr\/product\/ergon-16150-g\/#breadcrumb","itemListElement":[{"@type":"ListItem","position":1,"name":"Home","item":"https:\/\/meber2026.graphoservice.it\/fr\/"},{"@type":"ListItem","position":2,"name":"Ergon 16150\/G"}]},{"@type":"WebSite","@id":"https:\/\/meber2026.graphoservice.it\/fr\/#website","url":"https:\/\/meber2026.graphoservice.it\/fr\/","name":"Me.Ber.","description":"In Case of Emergerncy","potentialAction":[{"@type":"SearchAction","target":{"@type":"EntryPoint","urlTemplate":"https:\/\/meber2026.graphoservice.it\/fr\/?s={search_term_string}"},"query-input":{"@type":"PropertyValueSpecification","valueRequired":true,"valueName":"search_term_string"}}],"inLanguage":"fr-FR"}]}},"_links":{"self":[{"href":"https:\/\/meber2026.graphoservice.it\/fr\/wp-json\/wp\/v2\/product\/19323","targetHints":{"allow":["GET"]}}],"collection":[{"href":"https:\/\/meber2026.graphoservice.it\/fr\/wp-json\/wp\/v2\/product"}],"about":[{"href":"https:\/\/meber2026.graphoservice.it\/fr\/wp-json\/wp\/v2\/types\/product"}],"author":[{"embeddable":true,"href":"https:\/\/meber2026.graphoservice.it\/fr\/wp-json\/wp\/v2\/users\/1"}],"version-history":[{"count":0,"href":"https:\/\/meber2026.graphoservice.it\/fr\/wp-json\/wp\/v2\/product\/19323\/revisions"}],"wp:featuredmedia":[{"embeddable":true,"href":"https:\/\/meber2026.graphoservice.it\/fr\/wp-json\/wp\/v2\/media\/16075"}],"wp:attachment":[{"href":"https:\/\/meber2026.graphoservice.it\/fr\/wp-json\/wp\/v2\/media?parent=19323"}],"wp:term":[{"taxonomy":"application-tag","embeddable":true,"href":"https:\/\/meber2026.graphoservice.it\/fr\/wp-json\/wp\/v2\/application-tag?post=19323"}],"curies":[{"name":"wp","href":"https:\/\/api.w.org\/{rel}","templated":true}]}}