{"id":19263,"date":"2026-02-10T09:28:07","date_gmt":"2026-02-10T09:28:07","guid":{"rendered":"https:\/\/meber2026.graphoservice.it\/product\/16500sterilair-pro\/"},"modified":"2026-02-10T09:28:07","modified_gmt":"2026-02-10T09:28:07","slug":"16500sterilair-pro","status":"publish","type":"product","link":"https:\/\/meber2026.graphoservice.it\/fr\/product\/16500sterilair-pro\/","title":{"rendered":"16500Sterilair Pro"},"content":{"rendered":"<p><a class=\"button icon btn-block\" href=\"https:\/\/www.meber.it\/rischiobiologico\/\" style=\"border-radius: 3px;\" target=\"_blank\"> Visitez le site d\u00e9di\u00e9 au Risque biologique <i class=\"fa fa-chevron-circle-right\">\u00a0<\/i> <\/a><br \/> \u00a0 <\/p>\n<h2> Le probl\u00e8me des infections a\u00e9roport\u00e9es.<\/h2>\n<p> \u00a0 <\/p>\n<p> <strong> La contamination a\u00e9roport\u00e9e a toujours \u00e9t\u00e9 un probl\u00e8me s\u00e9rieux dans notre soci\u00e9t\u00e9. En effet, il existe de nombreuses maladies transmises par voie a\u00e9rienne <\/strong>.<br \/> <em> M\u00e9ningite, dipht\u00e9rie, tuberculose, rougeole, rub\u00e9ole, oreillons, pour en arriver \u00e0 la simple grippe, au rhume et aux nouvelles formes de grippe apparues ces derni\u00e8res ann\u00e9es.<\/em> On peut consid\u00e9rer comme \u00e0 haut risque tous les environnements o\u00f9 il y a une forte concentration ou rotation de personnes (lieux publics, lieux de r\u00e9union, \u00e9coles, cr\u00e8ches, etc.), <strong> ou les environnements de soins ou de chirurgie <\/strong>. Toutes ces infections sont de plus en plus r\u00e9pandues, \u00e0 tel point que dans certains cas, elles sont m\u00eame d\u00e9finies comme des pand\u00e9mies, et cela g\u00e9n\u00e8re des co\u00fbts \u00e9lev\u00e9s et des probl\u00e8mes sociaux majeurs. <strong> L\u2019utilisation de dispositifs pour traiter la charge biologique de l\u2019environnement trouve une application imm\u00e9diate pour r\u00e9duire le risque de transmission de maladies transmises par voie a\u00e9rienne<\/strong>, sur la base des recommandations \u00e9nonc\u00e9es par les CDC (Centers of Disease Control and Prevention), et<strong> de tels syst\u00e8mes peuvent \u00eatre utilis\u00e9s dans tous les espaces ferm\u00e9s <\/strong>.<\/p>\n<p> \u00a0 <\/p>\n<h2> La solution<\/h2>\n<p> \u00a0 <\/p>\n<p> <strong>STERILAIR Pro<\/strong>\u00a0Pro est un dispositif \u00e9tudi\u00e9, con\u00e7u et fabriqu\u00e9 il y a 20 ans, avec la logique de cr\u00e9er un appareil extr\u00eamement performant gr\u00e2ce \u00e0 des lampes UV-C \u00e0 d\u00e9charge \u00e0 vapeur de mercure test\u00e9es pour l\u2019abattement des particules biologiques volatiles pour une dur\u00e9e de vie de 9 000 heures.<\/strong>\u00a0Utilisation simple et intuitive, enti\u00e8rement programmable et sans maintenance.<\/p>\n<p> <img decoding=\"async\" alt=\"\" fcksavedurl=\"https:\/\/www.meber.it\/adm\/Images\/contents\/Banner-3.jpg\" src=\"https:\/\/www.meber.it\/adm\/Images\/contents\/Banner-3.jpg\" style=\"-webkit-user-drag: none; opacity: 0.85; border-width: 0px; border-style: solid; width: 600px; height: 330px;\" \/><\/p>\n<p> <strong>STERILAIR Pro<\/strong> est \u00e9quip\u00e9 de <strong>4 lampes <\/strong> (qui sont l\u2019agent du traitement actif), enferm\u00e9es dans une chambre r\u00e9fl\u00e9chissante sp\u00e9ciale, ce qui garantit un r\u00e9sultat biologique maximal.\u00a0<br \/> Gr\u00e2ce \u00e0 nos choix, nous pouvons vous garantir les meilleurs r\u00e9sultats en \u00e9liminant les co\u00fbts p\u00e9riodiques et en assurant le plus haut degr\u00e9 de s\u00e9curit\u00e9.<br \/> Adopter <strong>STERILAIR Pro<\/strong> c\u2019est:<\/p>\n<ul>\n<li><strong> r\u00e9duire le risque de contamination des op\u00e9rateurs <\/strong>, comme l\u2019exige \u00e9galement le texte consolid\u00e9 sur la s\u00e9curit\u00e9 et r\u00e9cemment \u00e9galement recommand\u00e9 par l\u2019OMS (Organisation Mondiale de la Sant\u00e9);<\/li>\n<li><strong> r\u00e9duire ou \u00e9liminer la possibilit\u00e9 de contamination <\/strong> degli des op\u00e9rateurs et des patients;<\/li>\n<li> avoir un <strong> environnement bact\u00e9riologiquement s\u00fbr.<\/strong><\/li>\n<\/ul>\n<p> \u00a0 <\/p>\n<div style=\"text-align: center; background-color: #efefef; width: 70%; padding: 30px; margin: 30px auto; border: 1px solid #eeeeee;\"><em> Pr\u00e9servez votre image professionnelle et votre prestige en prot\u00e9geant votre sant\u00e9 et celle de vos collaborateurs et patients. <strong>STERILAIR PRO<\/strong> est le premier syst\u00e8me de traitement biologique de l\u2019air.<\/em><\/div>\n<p> <strong> \u00c9tudi\u00e9 et construit avec un design innovant, STERILAIR PRO<\/strong> permet de s\u2019affranchir des probl\u00e8mes d\u2019exposition directe et indirecte aux rayons ultraviolets de courte longueur d\u2019onde (UVC 254 nm) <strong> en offrant la possibilit\u00e9 d\u2019une utilisation continue m\u00eame en pr\u00e9sence de personnes<\/strong> sans aucun risque pour ces derni\u00e8res.<br \/> <strong> Le moyen le plus efficace pour la destruction des micro-organismes pr\u00e9sents dans l\u2019air. <\/strong><\/p>\n<p> \u00a0<\/p>\n<table align=\"center\" border=\"0\" cellpadding=\"0\" cellspacing=\"0\" class=\"full\" width=\"600\">\n<tbody>\n<tr>\n<td width=\"100%\">\n<table align=\"left\" bgcolor=\"#23282b\" border=\"0\" cellpadding=\"0\" cellspacing=\"0\" class=\"mobile\" style=\"border-collapse: collapse; background-color: #23282b;\" width=\"270\">\n<tbody>\n<tr>\n<td height=\"20\" width=\"100%\">\u00a0<\/td>\n<\/tr>\n<tr>\n<td align=\"center\" class=\"avatar\" style=\"text-align: center;\" width=\"100%\"><img decoding=\"async\" alt=\"\" border=\"0\" class=\"hover\" src=\"https:\/\/www.meber.it\/adm\/Images\/contents\/img-83-1.png\" style=\"width: 180px; height: auto; margin: 0 auto;\" \/><\/td>\n<\/tr>\n<tr>\n<td align=\"center\" width=\"100%\">\n<table align=\"center\" border=\"0\" cellpadding=\"0\" cellspacing=\"0\" style=\"border-collapse:collapse; mso-table-lspace:0pt; mso-table-rspace:0pt;\" width=\"80%\">\n<tbody>\n<tr>\n<td height=\"25\" width=\"100%\">\u00a0<\/td>\n<\/tr>\n<tr>\n<td class=\"fullCenter\" style=\"font-size: 18px; color: #ffffff; text-align: center; font-family: Helvetica, Arial, sans-serif, 'Open Sans'; line-height: 25px; vertical-align: top; font-weight: 400;\" width=\"100%\"><span style=\"color: #5d99bb;\"> Non pas un simple purificateur, mais <\/span>\u00a0un appareil capable de traiter biologiquement l\u2019air <\/td>\n<\/tr>\n<tr>\n<td height=\"30\" width=\"100%\">\u00a0<\/td>\n<\/tr>\n<\/tbody>\n<\/table>\n<\/td>\n<\/tr>\n<\/tbody>\n<\/table>\n<table align=\"left\" border=\"0\" cellpadding=\"0\" cellspacing=\"0\" class=\"full\" style=\"border-collapse:collapse; mso-table-lspace:0pt; mso-table-rspace:0pt;\" width=\"1\">\n<tbody>\n<tr>\n<td height=\"50\" width=\"100%\">\u00a0<\/td>\n<\/tr>\n<\/tbody>\n<\/table>\n<table align=\"right\" bgcolor=\"#23282b\" border=\"0\" cellpadding=\"0\" cellspacing=\"0\" class=\"fullCenter\" style=\"border-collapse: collapse; background-color: #23282b;\" width=\"270\">\n<tbody>\n<tr>\n<td height=\"20\" width=\"100%\">\u00a0<\/td>\n<\/tr>\n<tr>\n<td align=\"center\" class=\"avatar\" style=\"text-align: center;\" width=\"100%\"><img decoding=\"async\" alt=\"\" border=\"0\" class=\"hover\" height=\"auto\" src=\"https:\/\/www.meber.it\/adm\/Images\/contents\/img-83-2.png\" style=\"width: 180px; height: auto; margin: 0 auto;\" width=\"180\" \/><\/td>\n<\/tr>\n<tr>\n<td align=\"center\" width=\"100%\">\n<table align=\"center\" border=\"0\" cellpadding=\"0\" cellspacing=\"0\" style=\"border-collapse:collapse; mso-table-lspace:0pt; mso-table-rspace:0pt;\" width=\"80%\">\n<tbody>\n<tr>\n<td height=\"25\" width=\"100%\">\u00a0<\/td>\n<\/tr>\n<tr>\n<td class=\"fullCenter\" style=\"font-size: 18px; color: #ffffff; text-align: center; font-family: Helvetica, Arial, sans-serif, 'Open Sans'; line-height: 25px; vertical-align: top; font-weight: 400;\" width=\"100%\"><span style=\"color: #5d99bb;\">Sterilair PRO<br \/> est capable de traiter<\/span> <span style=\"font-weight: 700\"> des environnements jusqu\u2019\u00e0 <br \/> 120 m\u00e8tres cubes<\/span><\/td>\n<\/tr>\n<tr>\n<td height=\"30\" width=\"100%\">\u00a0<\/td>\n<\/tr>\n<tr>\n<td height=\"30\" width=\"100%\">\u00a0<\/td>\n<\/tr>\n<\/tbody>\n<\/table>\n<\/td>\n<\/tr>\n<\/tbody>\n<\/table>\n<\/td>\n<\/tr>\n<\/tbody>\n<\/table>\n<p> <strong> Le fonctionnement <\/strong> est bas\u00e9 sur un syst\u00e8me de ventilation forc\u00e9e \u00e0 cycle ferm\u00e9. L\u2019air aspir\u00e9 par <strong>STERILAIR Pro<\/strong>, passe d\u2019abord \u00e0 travers un filtre \u00e0 poussi\u00e8re positionn\u00e9 dans l\u2019entr\u00e9e, qui a pour but de bloquer les polluants les plus grossiers, donnant une premi\u00e8re purification \u00e0 l\u2019air. <strong> Ensuite, l\u2019air p\u00e9n\u00e8tre dans la chambre d\u2019irradiation en contact direct avec des tubes \u00e0 vapeur de mercure <\/strong> qui, gr\u00e2ce \u00e0 l\u2019\u00e9mission de rayonnement UV-C, exercent l\u2019action germicide maximale. L\u2019air est expuls\u00e9 de la sortie, d\u00e9terminant ainsi l\u2019abattement microbiologique.<\/p>\n<div style=\"text-align: center; background-color: #efefef; width: 70%; padding: 30px; margin: 30px auto; border: 1px solid #eeeeee;\"><em> Le grand avantage de ce syst\u00e8me consiste <strong> en l\u2019absence absolue de danger pour l\u2019homme <\/strong> car il n\u2019y a pas la moindre fuite de rayonnement UV-C de l\u2019\u00e9quipement et aucune ozone n\u2019est produite.<\/em><\/div>\n<p> <strong> L\u2019AVANTAGE MAXIMAL DE STERILAR PRO<\/strong> est qu\u2019il peut effectuer une d\u00e9sinfection continue et constante de l\u2019air dans n\u2019importe quel environnement, pendant chaque phase de travail et en pr\u00e9sence d\u2019op\u00e9rateurs. Vous pouvez ainsi <strong> programmer la mise en marche <\/strong> du <strong>STERILAIR Pro<\/strong> quelques heures avant votre arriv\u00e9e au bureau, et ainsi maintenir l\u2019\u00e9quipement allum\u00e9 tout au long de votre journ\u00e9e de travail.<br \/> \u00a0<\/p>\n<p> \u00a0 <\/p>\n<h2> Le dispositif STERILAIR Pro<\/h2>\n<p> \u00a0<\/p>\n<div style=\"text-align: center; padding-bottom: 20px; margin-bottom: 40px; border-bottom: 1px solid #dddddd;\">\n<h5 style=\"padding-bottom: 20px;\"> Mesures de l\u2019appareil <\/h5>\n<p> <img decoding=\"async\" src=\"https:\/\/www.meber.it\/adm\/images\/contents\/misure_sterilair.jpg\" \/><\/div>\n<div style=\"text-align: center; padding-bottom: 20px; margin-bottom: 40px; border-bottom: 1px solid #dddddd;\">\n<h5 style=\"padding-bottom: 20px;\"> Sch\u00e9ma du filtre primaire <\/h5>\n<p> <img decoding=\"async\" src=\"https:\/\/www.meber.it\/adm\/Images\/contents\/schema_filtro.png\" \/><\/div>\n<div style=\"text-align: center; padding-bottom: 20px; margin-bottom: 40px;\">\n<h5 style=\"padding-bottom: 20px;\"> Fonctionnement du Sterilair PRO<\/h5>\n<p> <img decoding=\"async\" src=\"https:\/\/www.meber.it\/adm\/Images\/contents\/funzionamento_sterilair copia.png\" \/> <\/p>\n<p align=\"left\" style=\"padding-top: 20px;\"><strong>Sterilair PRO<\/strong> aspire l\u2019air du milieu environnant jusqu\u2019\u00e0 <strong>120 m<sup>3<\/sup> en 1 heure <\/strong>, l\u2019achemine vers les <strong>4 lampes Philips UVC <\/strong> qui, gr\u00e2ce \u00e0 leur pouvoir germicide, traitent l\u2019air avant de le remettre en circulation. Nous utilisons des lampes \u00e0 vapeur de mercure pour leur tr\u00e8s haute performance <\/strong> et car les radiations \u00e9mises sont absolument <strong> sans danger pour l\u2019homme <\/strong>.<\/p>\n<\/p><\/div>\n<div style=\"text-align: center; padding-bottom: 20px; margin-bottom: 40px;\">\n<h5 style=\"padding-bottom: 20px;\"> Minuterie de marche\/arr\u00eat <\/h5>\n<p> <img decoding=\"async\" src=\"https:\/\/www.meber.it\/adm\/Images\/contents\/SterilAirPRO_timer.png\" \/> <\/p>\n<p align=\"left\" style=\"padding-top: 20px;\"> L\u2019appareil est \u00e9quip\u00e9 d\u2019une minuterie hebdomadaire programmable qui permet de traiter l\u2019air du cabinet avant m\u00eame l\u2019arriv\u00e9e des op\u00e9rateurs et des patients. Cela rend la zone de travail parfaitement s\u00e9curis\u00e9e d\u00e8s le d\u00e9part. De plus, l\u2019arr\u00eat peut \u00e9galement \u00eatre r\u00e9gl\u00e9 pour \u00e9viter un gaspillage d\u2019\u00e9nergie inutile (comme la nuit ou le week-end), et pour augmenter la dur\u00e9e des avantages de <strong>Sterilair PRO<\/strong>. Avec la minuterie int\u00e9gr\u00e9e et programmable, vous pouvez oublier que vous l\u2019avez, mais lui, il ne vous oubliera jamais! <\/p>\n<\/p><\/div>\n<p> \u00a0 <\/p>\n<p>\u00a0<\/p>\n<p> \u00a0 <\/p>\n<h2> Rayonnement ultraviolet contr\u00f4l\u00e9 <\/h2>\n<p> <strong> Il existe diff\u00e9rentes m\u00e9thodes pour d\u00e9contaminer l\u2019air\u00a0 <\/strong>, par exemple, le rayonnement ultraviolet libre, les m\u00e9thodes chimiques utilisant des iodoformes, la chlorhexidine ou des d\u00e9riv\u00e9s d\u2019ammonium quaternaire ou par n\u00e9bulisation avec un \u00e9quipement sp\u00e9cial. Bien que ces techniques soient consid\u00e9r\u00e9es comme efficaces, elles ont un effet temporaire\u00a0; en effet, leur utilisation est rel\u00e9gu\u00e9e \u00e0 des moments o\u00f9 il y a une absence d\u2019op\u00e9rateurs et un \u00e9tat d\u2019inactivit\u00e9 absolu.<br \/> <strong> La m\u00e9thode la plus adapt\u00e9e et absolument la plus efficace est certainement l\u2019utilisation d\u2019un rayonnement ultraviolet \u00e0 une longueur d\u2019onde contr\u00f4l\u00e9e <\/strong>. Celle-ci a une activit\u00e9 microbicide et virulicide intense contre de nombreux micro-organistaille Elle agit en bloquant la capacit\u00e9 de reproduction des micro-organismes, en modifiant leurs chromosotaille.\u00a0<\/p>\n<p> Le grand avantage de notre syst\u00e8me consiste en l\u2019absence absolue de danger pour l\u2019homme car il n\u2019y a pas la moindre fuite de rayonnement UV-C de l\u2019appareil.<\/p>\n<p> Lampes \u00e0 d\u00e9charge \u00e0 vapeur de mercure \u00e0 basse pression <br \/> <strong> Caract\u00e9ristiques<\/strong><\/p>\n<ul>\n<li> Elles \u00e9mettent un rayonnement UV \u00e0 ondes courtes avec un pic de 253,7 nm (UV-C) pour une action germicide efficace<\/li>\n<li>.\u2013;&#8230;\u2013\u2013\u2013 Le verre de la lampe agit comme un filtre \u00e0 la ligne d\u2019ozone (185 nm)<\/li>\n<li> Le rev\u00eatement interne protecteur maintient l\u2019efficacit\u00e9 du flux utile de rayons UV-C dans le temps <\/li>\n<li> Un avertissement sur la lampe indique l\u2019\u00e9mission de rayonnement UV-C \u2013 Neutralisation des bact\u00e9ries, virus et autres organismes primitifs<\/li>\n<li> Elles permettent la d\u00e9sinfection de l\u2019eau, de l\u2019air et des surfaces dans les h\u00f4pitaux, laboratoires pharmaceutiques et laboratoires de recherche bact\u00e9riologique, et dans les entreprises du secteur agro-alimentaire telles que les entreprises laiti\u00e8res, les brasseries et les boulangeries<\/li>\n<li> D\u00e9sinfection de l\u2019eau potable, des eaux us\u00e9es, des piscines, des syst\u00e8mes de climatisation, des chambres froides, des mat\u00e9riaux d\u2019emballage, etc.<\/li>\n<li> Utilisation dans une infinit\u00e9 de proc\u00e9d\u00e9s photochimiques <\/li>\n<\/ul>\n<p> <img decoding=\"async\" alt=\"\" border=\"0\" fcksavedurl=\"https:\/\/www.meber.it\/adm\/Images\/contents\/Banner-2-ITA.jpg\" src=\"https:\/\/www.meber.it\/adm\/Images\/contents\/Banner-2-ITA.jpg\" style=\"-webkit-user-drag: none; opacity: 0.85; height: auto;\" width=\"600\" \/><\/p>\n<p> \u00a0<\/p>\n","protected":false},"excerpt":{"rendered":"<p>Visitez le site d\u00e9di\u00e9 au Risque biologique \u00a0 \u00a0 Le probl\u00e8me des infections a\u00e9roport\u00e9es. \u00a0 La contamination a\u00e9roport\u00e9e a toujours \u00e9t\u00e9 un probl\u00e8me s\u00e9rieux dans notre soci\u00e9t\u00e9. En effet, il existe de nombreuses maladies transmises par voie a\u00e9rienne . M\u00e9ningite, dipht\u00e9rie, tuberculose, rougeole, rub\u00e9ole, oreillons, pour en arriver \u00e0 la simple grippe, au rhume et [&hellip;]<\/p>\n","protected":false},"author":1,"featured_media":15989,"parent":0,"menu_order":200000100,"template":"","meta":{"_acf_changed":false,"footnotes":""},"application-tag":[113],"class_list":["post-19263","product","type-product","status-publish","has-post-thumbnail","hentry","application-tag-prevention-et-protection-individuelle"],"acf":[],"dsm_author":{"name":"admeb26","avatar_url":"https:\/\/meber2026.graphoservice.it\/wp-content\/plugins\/ultimate-member\/assets\/img\/default_avatar.jpg","archive_link":"https:\/\/meber2026.graphoservice.it\/fr\/author\/admeb26\/","biodata":""},"dsm_categories":[],"dsm_attachment_categories":[],"dsm_featured_image":{"thumbnail":"https:\/\/meber2026.graphoservice.it\/wp-content\/uploads\/2026\/02\/Steril_air_pro_a_parete-150x150.jpg","medium":"https:\/\/meber2026.graphoservice.it\/wp-content\/uploads\/2026\/02\/Steril_air_pro_a_parete-300x300.jpg","medium_large":"https:\/\/meber2026.graphoservice.it\/wp-content\/uploads\/2026\/02\/Steril_air_pro_a_parete.jpg","large":"https:\/\/meber2026.graphoservice.it\/wp-content\/uploads\/2026\/02\/Steril_air_pro_a_parete.jpg","1536x1536":"https:\/\/meber2026.graphoservice.it\/wp-content\/uploads\/2026\/02\/Steril_air_pro_a_parete.jpg","2048x2048":"https:\/\/meber2026.graphoservice.it\/wp-content\/uploads\/2026\/02\/Steril_air_pro_a_parete.jpg","et-pb-post-main-image":"https:\/\/meber2026.graphoservice.it\/wp-content\/uploads\/2026\/02\/Steril_air_pro_a_parete-400x250.jpg","et-pb-post-main-image-fullwidth":"https:\/\/meber2026.graphoservice.it\/wp-content\/uploads\/2026\/02\/Steril_air_pro_a_parete-700x675.jpg","et-pb-portfolio-image":"https:\/\/meber2026.graphoservice.it\/wp-content\/uploads\/2026\/02\/Steril_air_pro_a_parete-400x284.jpg","et-pb-portfolio-module-image":"https:\/\/meber2026.graphoservice.it\/wp-content\/uploads\/2026\/02\/Steril_air_pro_a_parete-510x382.jpg","et-pb-portfolio-image-single":"https:\/\/meber2026.graphoservice.it\/wp-content\/uploads\/2026\/02\/Steril_air_pro_a_parete.jpg","et-pb-gallery-module-image-portrait":"https:\/\/meber2026.graphoservice.it\/wp-content\/uploads\/2026\/02\/Steril_air_pro_a_parete-400x516.jpg","et-pb-post-main-image-fullwidth-large":"https:\/\/meber2026.graphoservice.it\/wp-content\/uploads\/2026\/02\/Steril_air_pro_a_parete.jpg","et-pb-image--responsive--desktop":"https:\/\/meber2026.graphoservice.it\/wp-content\/uploads\/2026\/02\/Steril_air_pro_a_parete.jpg","et-pb-image--responsive--tablet":"https:\/\/meber2026.graphoservice.it\/wp-content\/uploads\/2026\/02\/Steril_air_pro_a_parete.jpg","et-pb-image--responsive--phone":"https:\/\/meber2026.graphoservice.it\/wp-content\/uploads\/2026\/02\/Steril_air_pro_a_parete-480x480.jpg","full":"https:\/\/meber2026.graphoservice.it\/wp-content\/uploads\/2026\/02\/Steril_air_pro_a_parete.jpg"},"yoast_head":"<!-- This site is optimized with the Yoast SEO plugin v27.4 - https:\/\/yoast.com\/product\/yoast-seo-wordpress\/ -->\n<title>16500Sterilair Pro<\/title>\n<meta name=\"robots\" content=\"noindex, follow, max-snippet:-1, max-image-preview:large, max-video-preview:-1\" \/>\n<meta property=\"og:locale\" content=\"fr_FR\" \/>\n<meta property=\"og:type\" content=\"article\" \/>\n<meta property=\"og:title\" content=\"16500Sterilair Pro\" \/>\n<meta property=\"og:description\" content=\"Visitez le site d\u00e9di\u00e9 au Risque biologique \u00a0 \u00a0 Le probl\u00e8me des infections a\u00e9roport\u00e9es. \u00a0 La contamination a\u00e9roport\u00e9e a toujours \u00e9t\u00e9 un probl\u00e8me s\u00e9rieux dans notre soci\u00e9t\u00e9. En effet, il existe de nombreuses maladies transmises par voie a\u00e9rienne . M\u00e9ningite, dipht\u00e9rie, tuberculose, rougeole, rub\u00e9ole, oreillons, pour en arriver \u00e0 la simple grippe, au rhume et [&hellip;]\" \/>\n<meta property=\"og:url\" content=\"https:\/\/meber2026.graphoservice.it\/fr\/product\/16500sterilair-pro\/\" \/>\n<meta property=\"og:site_name\" content=\"Me.Ber.\" \/>\n<meta property=\"og:image\" content=\"https:\/\/www.meber.it\/adm\/Images\/contents\/Banner-3.jpg\" \/>\n<meta name=\"twitter:card\" content=\"summary_large_image\" \/>\n<meta name=\"twitter:label1\" content=\"Dur\u00e9e de lecture estim\u00e9e\" \/>\n\t<meta name=\"twitter:data1\" content=\"6 minutes\" \/>\n<script type=\"application\/ld+json\" class=\"yoast-schema-graph\">{\"@context\":\"https:\\\/\\\/schema.org\",\"@graph\":[{\"@type\":\"WebPage\",\"@id\":\"https:\\\/\\\/meber2026.graphoservice.it\\\/fr\\\/product\\\/16500sterilair-pro\\\/\",\"url\":\"https:\\\/\\\/meber2026.graphoservice.it\\\/fr\\\/product\\\/16500sterilair-pro\\\/\",\"name\":\"16500Sterilair Pro\",\"isPartOf\":{\"@id\":\"https:\\\/\\\/meber2026.graphoservice.it\\\/fr\\\/#website\"},\"primaryImageOfPage\":{\"@id\":\"https:\\\/\\\/meber2026.graphoservice.it\\\/fr\\\/product\\\/16500sterilair-pro\\\/#primaryimage\"},\"image\":{\"@id\":\"https:\\\/\\\/meber2026.graphoservice.it\\\/fr\\\/product\\\/16500sterilair-pro\\\/#primaryimage\"},\"thumbnailUrl\":\"https:\\\/\\\/meber2026.graphoservice.it\\\/wp-content\\\/uploads\\\/2026\\\/02\\\/Steril_air_pro_a_parete.jpg\",\"datePublished\":\"2026-02-10T09:28:07+00:00\",\"breadcrumb\":{\"@id\":\"https:\\\/\\\/meber2026.graphoservice.it\\\/fr\\\/product\\\/16500sterilair-pro\\\/#breadcrumb\"},\"inLanguage\":\"fr-FR\",\"potentialAction\":[{\"@type\":\"ReadAction\",\"target\":[\"https:\\\/\\\/meber2026.graphoservice.it\\\/fr\\\/product\\\/16500sterilair-pro\\\/\"]}]},{\"@type\":\"ImageObject\",\"inLanguage\":\"fr-FR\",\"@id\":\"https:\\\/\\\/meber2026.graphoservice.it\\\/fr\\\/product\\\/16500sterilair-pro\\\/#primaryimage\",\"url\":\"https:\\\/\\\/meber2026.graphoservice.it\\\/wp-content\\\/uploads\\\/2026\\\/02\\\/Steril_air_pro_a_parete.jpg\",\"contentUrl\":\"https:\\\/\\\/meber2026.graphoservice.it\\\/wp-content\\\/uploads\\\/2026\\\/02\\\/Steril_air_pro_a_parete.jpg\",\"width\":700,\"height\":700},{\"@type\":\"BreadcrumbList\",\"@id\":\"https:\\\/\\\/meber2026.graphoservice.it\\\/fr\\\/product\\\/16500sterilair-pro\\\/#breadcrumb\",\"itemListElement\":[{\"@type\":\"ListItem\",\"position\":1,\"name\":\"Home\",\"item\":\"https:\\\/\\\/meber2026.graphoservice.it\\\/fr\\\/\"},{\"@type\":\"ListItem\",\"position\":2,\"name\":\"16500Sterilair Pro\"}]},{\"@type\":\"WebSite\",\"@id\":\"https:\\\/\\\/meber2026.graphoservice.it\\\/fr\\\/#website\",\"url\":\"https:\\\/\\\/meber2026.graphoservice.it\\\/fr\\\/\",\"name\":\"Me.Ber.\",\"description\":\"In Case of Emergerncy\",\"potentialAction\":[{\"@type\":\"SearchAction\",\"target\":{\"@type\":\"EntryPoint\",\"urlTemplate\":\"https:\\\/\\\/meber2026.graphoservice.it\\\/fr\\\/?s={search_term_string}\"},\"query-input\":{\"@type\":\"PropertyValueSpecification\",\"valueRequired\":true,\"valueName\":\"search_term_string\"}}],\"inLanguage\":\"fr-FR\"}]}<\/script>\n<!-- \/ Yoast SEO plugin. -->","yoast_head_json":{"title":"16500Sterilair Pro","robots":{"index":"noindex","follow":"follow","max-snippet":"max-snippet:-1","max-image-preview":"max-image-preview:large","max-video-preview":"max-video-preview:-1"},"og_locale":"fr_FR","og_type":"article","og_title":"16500Sterilair Pro","og_description":"Visitez le site d\u00e9di\u00e9 au Risque biologique \u00a0 \u00a0 Le probl\u00e8me des infections a\u00e9roport\u00e9es. \u00a0 La contamination a\u00e9roport\u00e9e a toujours \u00e9t\u00e9 un probl\u00e8me s\u00e9rieux dans notre soci\u00e9t\u00e9. En effet, il existe de nombreuses maladies transmises par voie a\u00e9rienne . M\u00e9ningite, dipht\u00e9rie, tuberculose, rougeole, rub\u00e9ole, oreillons, pour en arriver \u00e0 la simple grippe, au rhume et [&hellip;]","og_url":"https:\/\/meber2026.graphoservice.it\/fr\/product\/16500sterilair-pro\/","og_site_name":"Me.Ber.","og_image":[{"url":"https:\/\/www.meber.it\/adm\/Images\/contents\/Banner-3.jpg","type":"","width":"","height":""}],"twitter_card":"summary_large_image","twitter_misc":{"Dur\u00e9e de lecture estim\u00e9e":"6 minutes"},"schema":{"@context":"https:\/\/schema.org","@graph":[{"@type":"WebPage","@id":"https:\/\/meber2026.graphoservice.it\/fr\/product\/16500sterilair-pro\/","url":"https:\/\/meber2026.graphoservice.it\/fr\/product\/16500sterilair-pro\/","name":"16500Sterilair Pro","isPartOf":{"@id":"https:\/\/meber2026.graphoservice.it\/fr\/#website"},"primaryImageOfPage":{"@id":"https:\/\/meber2026.graphoservice.it\/fr\/product\/16500sterilair-pro\/#primaryimage"},"image":{"@id":"https:\/\/meber2026.graphoservice.it\/fr\/product\/16500sterilair-pro\/#primaryimage"},"thumbnailUrl":"https:\/\/meber2026.graphoservice.it\/wp-content\/uploads\/2026\/02\/Steril_air_pro_a_parete.jpg","datePublished":"2026-02-10T09:28:07+00:00","breadcrumb":{"@id":"https:\/\/meber2026.graphoservice.it\/fr\/product\/16500sterilair-pro\/#breadcrumb"},"inLanguage":"fr-FR","potentialAction":[{"@type":"ReadAction","target":["https:\/\/meber2026.graphoservice.it\/fr\/product\/16500sterilair-pro\/"]}]},{"@type":"ImageObject","inLanguage":"fr-FR","@id":"https:\/\/meber2026.graphoservice.it\/fr\/product\/16500sterilair-pro\/#primaryimage","url":"https:\/\/meber2026.graphoservice.it\/wp-content\/uploads\/2026\/02\/Steril_air_pro_a_parete.jpg","contentUrl":"https:\/\/meber2026.graphoservice.it\/wp-content\/uploads\/2026\/02\/Steril_air_pro_a_parete.jpg","width":700,"height":700},{"@type":"BreadcrumbList","@id":"https:\/\/meber2026.graphoservice.it\/fr\/product\/16500sterilair-pro\/#breadcrumb","itemListElement":[{"@type":"ListItem","position":1,"name":"Home","item":"https:\/\/meber2026.graphoservice.it\/fr\/"},{"@type":"ListItem","position":2,"name":"16500Sterilair Pro"}]},{"@type":"WebSite","@id":"https:\/\/meber2026.graphoservice.it\/fr\/#website","url":"https:\/\/meber2026.graphoservice.it\/fr\/","name":"Me.Ber.","description":"In Case of Emergerncy","potentialAction":[{"@type":"SearchAction","target":{"@type":"EntryPoint","urlTemplate":"https:\/\/meber2026.graphoservice.it\/fr\/?s={search_term_string}"},"query-input":{"@type":"PropertyValueSpecification","valueRequired":true,"valueName":"search_term_string"}}],"inLanguage":"fr-FR"}]}},"_links":{"self":[{"href":"https:\/\/meber2026.graphoservice.it\/fr\/wp-json\/wp\/v2\/product\/19263","targetHints":{"allow":["GET"]}}],"collection":[{"href":"https:\/\/meber2026.graphoservice.it\/fr\/wp-json\/wp\/v2\/product"}],"about":[{"href":"https:\/\/meber2026.graphoservice.it\/fr\/wp-json\/wp\/v2\/types\/product"}],"author":[{"embeddable":true,"href":"https:\/\/meber2026.graphoservice.it\/fr\/wp-json\/wp\/v2\/users\/1"}],"version-history":[{"count":0,"href":"https:\/\/meber2026.graphoservice.it\/fr\/wp-json\/wp\/v2\/product\/19263\/revisions"}],"wp:featuredmedia":[{"embeddable":true,"href":"https:\/\/meber2026.graphoservice.it\/fr\/wp-json\/wp\/v2\/media\/15989"}],"wp:attachment":[{"href":"https:\/\/meber2026.graphoservice.it\/fr\/wp-json\/wp\/v2\/media?parent=19263"}],"wp:term":[{"taxonomy":"application-tag","embeddable":true,"href":"https:\/\/meber2026.graphoservice.it\/fr\/wp-json\/wp\/v2\/application-tag?post=19263"}],"curies":[{"name":"wp","href":"https:\/\/api.w.org\/{rel}","templated":true}]}}