{"id":19228,"date":"2026-02-10T09:28:04","date_gmt":"2026-02-10T09:28:04","guid":{"rendered":"https:\/\/meber2026.graphoservice.it\/product\/8540-2\/"},"modified":"2026-04-28T16:16:40","modified_gmt":"2026-04-28T16:16:40","slug":"8540-2","status":"publish","type":"product","link":"https:\/\/meber2026.graphoservice.it\/fr\/product\/8540-2\/","title":{"rendered":"8540"},"content":{"rendered":"<p>Le moniteur est un instrument professionnel, \u00e9quip\u00e9 d\u2019accessoires et de circuits avec une double fonction de diagnostic et de surveillance..<br \/> Il permet la d\u00e9tection de diff\u00e9rents param\u00e8tres vitaux, qui peuvent \u00eatre d\u00e9tect\u00e9s individuellement ou simultan\u00e9ment.<br \/> Fonctions:<br \/> \u2022 Moniteur multiparam\u00e9trique, avec indication num\u00e9rique et trac\u00e9<br \/> \u2022 Fonctionnement sur batterie et sur secteur \u2013 Alimentation: 100 \u00f7 240 V ca, 50 \u00f7 60 Hz. Il est \u00e9galement \u00e9quip\u00e9 d\u2019une batterie pour permettre une continuit\u00e9 d\u2019utilisation sans alimentation externe (jusqu\u2019\u00e0 4 heures avec la batterie standard)<br \/> \u2022 Avec imprimante int\u00e9gr\u00e9e<br \/> \u2022 Connexion r\u00e9seau pour la gestion \u00e0 distance<br \/> \u2022 R\u00e9glage des param\u00e8tres<br \/> \u2022 \u00c9cran 10 pouces<\/p>\n<p> 5 param\u00e8tres:<br \/> \u2022 ECG \u00e0 5\u00a0canaux et 2 traces<br \/> \u2022 Pression systolique\/diastolique\/moyenne<br \/> \u2022 Fr\u00e9quence cardiaque<br \/> \u2022 Oxym\u00e8tre de pouls<br \/> \u2022 Contr\u00f4le de la respiration<br \/> \u2022 Temp\u00e9rature \u00e0 double sonde<\/p>\n<p> \u00a0<\/p>\n","protected":false},"excerpt":{"rendered":"<p>Le moniteur est un instrument professionnel, \u00e9quip\u00e9 d\u2019accessoires et de circuits avec une double fonction de diagnostic et de surveillance.. Il permet la d\u00e9tection de diff\u00e9rents param\u00e8tres vitaux, qui peuvent \u00eatre d\u00e9tect\u00e9s individuellement ou simultan\u00e9ment. Fonctions: \u2022 Moniteur multiparam\u00e9trique, avec indication num\u00e9rique et trac\u00e9 \u2022 Fonctionnement sur batterie et sur secteur \u2013 Alimentation: 100 \u00f7 [&hellip;]<\/p>\n","protected":false},"author":1,"featured_media":15948,"parent":0,"menu_order":60002700,"template":"","meta":{"_acf_changed":false,"footnotes":""},"application-tag":[102,68],"class_list":["post-19228","product","type-product","status-publish","has-post-thumbnail","hentry","application-tag-diagnostic","application-tag-pediatrique"],"acf":[],"dsm_author":{"name":"admeb26","avatar_url":"https:\/\/meber2026.graphoservice.it\/wp-content\/plugins\/ultimate-member\/assets\/img\/default_avatar.jpg","archive_link":"https:\/\/meber2026.graphoservice.it\/fr\/author\/admeb26\/","biodata":""},"dsm_categories":[],"dsm_attachment_categories":[],"dsm_featured_image":{"thumbnail":"https:\/\/meber2026.graphoservice.it\/wp-content\/uploads\/2026\/02\/Monitor_multiparametrico_TG-150x150.jpg","medium":"https:\/\/meber2026.graphoservice.it\/wp-content\/uploads\/2026\/02\/Monitor_multiparametrico_TG-290x300.jpg","medium_large":"https:\/\/meber2026.graphoservice.it\/wp-content\/uploads\/2026\/02\/Monitor_multiparametrico_TG.jpg","large":"https:\/\/meber2026.graphoservice.it\/wp-content\/uploads\/2026\/02\/Monitor_multiparametrico_TG.jpg","1536x1536":"https:\/\/meber2026.graphoservice.it\/wp-content\/uploads\/2026\/02\/Monitor_multiparametrico_TG.jpg","2048x2048":"https:\/\/meber2026.graphoservice.it\/wp-content\/uploads\/2026\/02\/Monitor_multiparametrico_TG.jpg","et-pb-post-main-image":"https:\/\/meber2026.graphoservice.it\/wp-content\/uploads\/2026\/02\/Monitor_multiparametrico_TG-400x250.jpg","et-pb-post-main-image-fullwidth":"https:\/\/meber2026.graphoservice.it\/wp-content\/uploads\/2026\/02\/Monitor_multiparametrico_TG-750x675.jpg","et-pb-portfolio-image":"https:\/\/meber2026.graphoservice.it\/wp-content\/uploads\/2026\/02\/Monitor_multiparametrico_TG-400x284.jpg","et-pb-portfolio-module-image":"https:\/\/meber2026.graphoservice.it\/wp-content\/uploads\/2026\/02\/Monitor_multiparametrico_TG-510x382.jpg","et-pb-portfolio-image-single":"https:\/\/meber2026.graphoservice.it\/wp-content\/uploads\/2026\/02\/Monitor_multiparametrico_TG.jpg","et-pb-gallery-module-image-portrait":"https:\/\/meber2026.graphoservice.it\/wp-content\/uploads\/2026\/02\/Monitor_multiparametrico_TG-400x516.jpg","et-pb-post-main-image-fullwidth-large":"https:\/\/meber2026.graphoservice.it\/wp-content\/uploads\/2026\/02\/Monitor_multiparametrico_TG.jpg","et-pb-image--responsive--desktop":"https:\/\/meber2026.graphoservice.it\/wp-content\/uploads\/2026\/02\/Monitor_multiparametrico_TG.jpg","et-pb-image--responsive--tablet":"https:\/\/meber2026.graphoservice.it\/wp-content\/uploads\/2026\/02\/Monitor_multiparametrico_TG.jpg","et-pb-image--responsive--phone":"https:\/\/meber2026.graphoservice.it\/wp-content\/uploads\/2026\/02\/Monitor_multiparametrico_TG-480x497.jpg","full":"https:\/\/meber2026.graphoservice.it\/wp-content\/uploads\/2026\/02\/Monitor_multiparametrico_TG.jpg"},"yoast_head":"<!-- This site is optimized with the Yoast SEO plugin v27.4 - https:\/\/yoast.com\/product\/yoast-seo-wordpress\/ -->\n<title>8540<\/title>\n<meta name=\"robots\" content=\"noindex, follow, max-snippet:-1, max-image-preview:large, max-video-preview:-1\" \/>\n<meta property=\"og:locale\" content=\"fr_FR\" \/>\n<meta property=\"og:type\" content=\"article\" \/>\n<meta property=\"og:title\" content=\"8540\" \/>\n<meta property=\"og:description\" content=\"Le moniteur est un instrument professionnel, \u00e9quip\u00e9 d\u2019accessoires et de circuits avec une double fonction de diagnostic et de surveillance.. Il permet la d\u00e9tection de diff\u00e9rents param\u00e8tres vitaux, qui peuvent \u00eatre d\u00e9tect\u00e9s individuellement ou simultan\u00e9ment. Fonctions: \u2022 Moniteur multiparam\u00e9trique, avec indication num\u00e9rique et trac\u00e9 \u2022 Fonctionnement sur batterie et sur secteur \u2013 Alimentation: 100 \u00f7 [&hellip;]\" \/>\n<meta property=\"og:url\" content=\"https:\/\/meber2026.graphoservice.it\/fr\/product\/8540-2\/\" \/>\n<meta property=\"og:site_name\" content=\"Me.Ber.\" \/>\n<meta property=\"article:modified_time\" content=\"2026-04-28T16:16:40+00:00\" \/>\n<meta property=\"og:image\" content=\"https:\/\/meber2026.graphoservice.it\/wp-content\/uploads\/2026\/02\/Monitor_multiparametrico_TG.jpg\" \/>\n\t<meta property=\"og:image:width\" content=\"750\" \/>\n\t<meta property=\"og:image:height\" content=\"776\" \/>\n\t<meta property=\"og:image:type\" content=\"image\/jpeg\" \/>\n<meta name=\"twitter:card\" content=\"summary_large_image\" \/>\n<meta name=\"twitter:label1\" content=\"Dur\u00e9e de lecture estim\u00e9e\" \/>\n\t<meta name=\"twitter:data1\" content=\"1 minute\" \/>\n<script type=\"application\/ld+json\" class=\"yoast-schema-graph\">{\"@context\":\"https:\\\/\\\/schema.org\",\"@graph\":[{\"@type\":\"WebPage\",\"@id\":\"https:\\\/\\\/meber2026.graphoservice.it\\\/fr\\\/product\\\/8540-2\\\/\",\"url\":\"https:\\\/\\\/meber2026.graphoservice.it\\\/fr\\\/product\\\/8540-2\\\/\",\"name\":\"8540\",\"isPartOf\":{\"@id\":\"https:\\\/\\\/meber2026.graphoservice.it\\\/fr\\\/#website\"},\"primaryImageOfPage\":{\"@id\":\"https:\\\/\\\/meber2026.graphoservice.it\\\/fr\\\/product\\\/8540-2\\\/#primaryimage\"},\"image\":{\"@id\":\"https:\\\/\\\/meber2026.graphoservice.it\\\/fr\\\/product\\\/8540-2\\\/#primaryimage\"},\"thumbnailUrl\":\"https:\\\/\\\/meber2026.graphoservice.it\\\/wp-content\\\/uploads\\\/2026\\\/02\\\/Monitor_multiparametrico_TG.jpg\",\"datePublished\":\"2026-02-10T09:28:04+00:00\",\"dateModified\":\"2026-04-28T16:16:40+00:00\",\"breadcrumb\":{\"@id\":\"https:\\\/\\\/meber2026.graphoservice.it\\\/fr\\\/product\\\/8540-2\\\/#breadcrumb\"},\"inLanguage\":\"fr-FR\",\"potentialAction\":[{\"@type\":\"ReadAction\",\"target\":[\"https:\\\/\\\/meber2026.graphoservice.it\\\/fr\\\/product\\\/8540-2\\\/\"]}]},{\"@type\":\"ImageObject\",\"inLanguage\":\"fr-FR\",\"@id\":\"https:\\\/\\\/meber2026.graphoservice.it\\\/fr\\\/product\\\/8540-2\\\/#primaryimage\",\"url\":\"https:\\\/\\\/meber2026.graphoservice.it\\\/wp-content\\\/uploads\\\/2026\\\/02\\\/Monitor_multiparametrico_TG.jpg\",\"contentUrl\":\"https:\\\/\\\/meber2026.graphoservice.it\\\/wp-content\\\/uploads\\\/2026\\\/02\\\/Monitor_multiparametrico_TG.jpg\",\"width\":750,\"height\":776},{\"@type\":\"BreadcrumbList\",\"@id\":\"https:\\\/\\\/meber2026.graphoservice.it\\\/fr\\\/product\\\/8540-2\\\/#breadcrumb\",\"itemListElement\":[{\"@type\":\"ListItem\",\"position\":1,\"name\":\"Home\",\"item\":\"https:\\\/\\\/meber2026.graphoservice.it\\\/fr\\\/\"},{\"@type\":\"ListItem\",\"position\":2,\"name\":\"8540\"}]},{\"@type\":\"WebSite\",\"@id\":\"https:\\\/\\\/meber2026.graphoservice.it\\\/fr\\\/#website\",\"url\":\"https:\\\/\\\/meber2026.graphoservice.it\\\/fr\\\/\",\"name\":\"Me.Ber.\",\"description\":\"In Case of Emergerncy\",\"potentialAction\":[{\"@type\":\"SearchAction\",\"target\":{\"@type\":\"EntryPoint\",\"urlTemplate\":\"https:\\\/\\\/meber2026.graphoservice.it\\\/fr\\\/?s={search_term_string}\"},\"query-input\":{\"@type\":\"PropertyValueSpecification\",\"valueRequired\":true,\"valueName\":\"search_term_string\"}}],\"inLanguage\":\"fr-FR\"}]}<\/script>\n<!-- \/ Yoast SEO plugin. -->","yoast_head_json":{"title":"8540","robots":{"index":"noindex","follow":"follow","max-snippet":"max-snippet:-1","max-image-preview":"max-image-preview:large","max-video-preview":"max-video-preview:-1"},"og_locale":"fr_FR","og_type":"article","og_title":"8540","og_description":"Le moniteur est un instrument professionnel, \u00e9quip\u00e9 d\u2019accessoires et de circuits avec une double fonction de diagnostic et de surveillance.. Il permet la d\u00e9tection de diff\u00e9rents param\u00e8tres vitaux, qui peuvent \u00eatre d\u00e9tect\u00e9s individuellement ou simultan\u00e9ment. Fonctions: \u2022 Moniteur multiparam\u00e9trique, avec indication num\u00e9rique et trac\u00e9 \u2022 Fonctionnement sur batterie et sur secteur \u2013 Alimentation: 100 \u00f7 [&hellip;]","og_url":"https:\/\/meber2026.graphoservice.it\/fr\/product\/8540-2\/","og_site_name":"Me.Ber.","article_modified_time":"2026-04-28T16:16:40+00:00","og_image":[{"width":750,"height":776,"url":"https:\/\/meber2026.graphoservice.it\/wp-content\/uploads\/2026\/02\/Monitor_multiparametrico_TG.jpg","type":"image\/jpeg"}],"twitter_card":"summary_large_image","twitter_misc":{"Dur\u00e9e de lecture estim\u00e9e":"1 minute"},"schema":{"@context":"https:\/\/schema.org","@graph":[{"@type":"WebPage","@id":"https:\/\/meber2026.graphoservice.it\/fr\/product\/8540-2\/","url":"https:\/\/meber2026.graphoservice.it\/fr\/product\/8540-2\/","name":"8540","isPartOf":{"@id":"https:\/\/meber2026.graphoservice.it\/fr\/#website"},"primaryImageOfPage":{"@id":"https:\/\/meber2026.graphoservice.it\/fr\/product\/8540-2\/#primaryimage"},"image":{"@id":"https:\/\/meber2026.graphoservice.it\/fr\/product\/8540-2\/#primaryimage"},"thumbnailUrl":"https:\/\/meber2026.graphoservice.it\/wp-content\/uploads\/2026\/02\/Monitor_multiparametrico_TG.jpg","datePublished":"2026-02-10T09:28:04+00:00","dateModified":"2026-04-28T16:16:40+00:00","breadcrumb":{"@id":"https:\/\/meber2026.graphoservice.it\/fr\/product\/8540-2\/#breadcrumb"},"inLanguage":"fr-FR","potentialAction":[{"@type":"ReadAction","target":["https:\/\/meber2026.graphoservice.it\/fr\/product\/8540-2\/"]}]},{"@type":"ImageObject","inLanguage":"fr-FR","@id":"https:\/\/meber2026.graphoservice.it\/fr\/product\/8540-2\/#primaryimage","url":"https:\/\/meber2026.graphoservice.it\/wp-content\/uploads\/2026\/02\/Monitor_multiparametrico_TG.jpg","contentUrl":"https:\/\/meber2026.graphoservice.it\/wp-content\/uploads\/2026\/02\/Monitor_multiparametrico_TG.jpg","width":750,"height":776},{"@type":"BreadcrumbList","@id":"https:\/\/meber2026.graphoservice.it\/fr\/product\/8540-2\/#breadcrumb","itemListElement":[{"@type":"ListItem","position":1,"name":"Home","item":"https:\/\/meber2026.graphoservice.it\/fr\/"},{"@type":"ListItem","position":2,"name":"8540"}]},{"@type":"WebSite","@id":"https:\/\/meber2026.graphoservice.it\/fr\/#website","url":"https:\/\/meber2026.graphoservice.it\/fr\/","name":"Me.Ber.","description":"In Case of Emergerncy","potentialAction":[{"@type":"SearchAction","target":{"@type":"EntryPoint","urlTemplate":"https:\/\/meber2026.graphoservice.it\/fr\/?s={search_term_string}"},"query-input":{"@type":"PropertyValueSpecification","valueRequired":true,"valueName":"search_term_string"}}],"inLanguage":"fr-FR"}]}},"_links":{"self":[{"href":"https:\/\/meber2026.graphoservice.it\/fr\/wp-json\/wp\/v2\/product\/19228","targetHints":{"allow":["GET"]}}],"collection":[{"href":"https:\/\/meber2026.graphoservice.it\/fr\/wp-json\/wp\/v2\/product"}],"about":[{"href":"https:\/\/meber2026.graphoservice.it\/fr\/wp-json\/wp\/v2\/types\/product"}],"author":[{"embeddable":true,"href":"https:\/\/meber2026.graphoservice.it\/fr\/wp-json\/wp\/v2\/users\/1"}],"version-history":[{"count":1,"href":"https:\/\/meber2026.graphoservice.it\/fr\/wp-json\/wp\/v2\/product\/19228\/revisions"}],"predecessor-version":[{"id":31256,"href":"https:\/\/meber2026.graphoservice.it\/fr\/wp-json\/wp\/v2\/product\/19228\/revisions\/31256"}],"wp:featuredmedia":[{"embeddable":true,"href":"https:\/\/meber2026.graphoservice.it\/fr\/wp-json\/wp\/v2\/media\/15948"}],"wp:attachment":[{"href":"https:\/\/meber2026.graphoservice.it\/fr\/wp-json\/wp\/v2\/media?parent=19228"}],"wp:term":[{"taxonomy":"application-tag","embeddable":true,"href":"https:\/\/meber2026.graphoservice.it\/fr\/wp-json\/wp\/v2\/application-tag?post=19228"}],"curies":[{"name":"wp","href":"https:\/\/api.w.org\/{rel}","templated":true}]}}