{"id":19168,"date":"2026-02-10T09:27:57","date_gmt":"2026-02-10T09:27:57","guid":{"rendered":"https:\/\/meber2026.graphoservice.it\/product\/959-2\/"},"modified":"2026-04-28T16:15:37","modified_gmt":"2026-04-28T16:15:37","slug":"959-2","status":"publish","type":"product","link":"https:\/\/meber2026.graphoservice.it\/fr\/product\/959-2\/","title":{"rendered":"959"},"content":{"rendered":"<div style=\"\"><span style=\"font-size: small;\">Syst\u00e8me de fixation murale pour brancard Ergon, en mati\u00e8re plastique Il garantit un verrouillage rapide et s\u00fbr \u00e0 l\u2019int\u00e9rieur de l\u2019ambulance en position verticale.<\/span><\/div>\n<p> <strong style=\"\">Appareil certifi\u00e9 selon les normes europ\u00e9ennes\u00a0<\/strong><strong style=\"\">\u00a0<\/strong><strong style=\"\">harmonis\u00e9es UNI EN 1789<\/strong><br \/> <img loading=\"lazy\" decoding=\"async\" alt=\"\" height=\"88\" src=\"http:\/\/www.meber.it\/adm\/Images\/contents\/10G Logo 2019_def.png\" width=\"80\" \/><\/p>\n","protected":false},"excerpt":{"rendered":"<p>Syst\u00e8me de fixation murale pour brancard Ergon, en mati\u00e8re plastique Il garantit un verrouillage rapide et s\u00fbr \u00e0 l\u2019int\u00e9rieur de l\u2019ambulance en position verticale. Appareil certifi\u00e9 selon les normes europ\u00e9ennes\u00a0\u00a0harmonis\u00e9es UNI EN 1789<\/p>\n","protected":false},"author":1,"featured_media":15856,"parent":0,"menu_order":90000900,"template":"","meta":{"_acf_changed":false,"footnotes":""},"application-tag":[65,77],"class_list":["post-19168","product","type-product","status-publish","has-post-thumbnail","hentry","application-tag-certifie-10g","application-tag-systemes-de-fixation"],"acf":[],"dsm_author":{"name":"admeb26","avatar_url":"https:\/\/meber2026.graphoservice.it\/wp-content\/plugins\/ultimate-member\/assets\/img\/default_avatar.jpg","archive_link":"https:\/\/meber2026.graphoservice.it\/fr\/author\/admeb26\/","biodata":""},"dsm_categories":[],"dsm_attachment_categories":[],"dsm_featured_image":{"thumbnail":"https:\/\/meber2026.graphoservice.it\/wp-content\/uploads\/2026\/02\/959_sistema_fissaggio_Ergon-150x150.jpg","medium":"https:\/\/meber2026.graphoservice.it\/wp-content\/uploads\/2026\/02\/959_sistema_fissaggio_Ergon-300x216.jpg","medium_large":"https:\/\/meber2026.graphoservice.it\/wp-content\/uploads\/2026\/02\/959_sistema_fissaggio_Ergon.jpg","large":"https:\/\/meber2026.graphoservice.it\/wp-content\/uploads\/2026\/02\/959_sistema_fissaggio_Ergon.jpg","1536x1536":"https:\/\/meber2026.graphoservice.it\/wp-content\/uploads\/2026\/02\/959_sistema_fissaggio_Ergon.jpg","2048x2048":"https:\/\/meber2026.graphoservice.it\/wp-content\/uploads\/2026\/02\/959_sistema_fissaggio_Ergon.jpg","et-pb-post-main-image":"https:\/\/meber2026.graphoservice.it\/wp-content\/uploads\/2026\/02\/959_sistema_fissaggio_Ergon-400x250.jpg","et-pb-post-main-image-fullwidth":"https:\/\/meber2026.graphoservice.it\/wp-content\/uploads\/2026\/02\/959_sistema_fissaggio_Ergon.jpg","et-pb-portfolio-image":"https:\/\/meber2026.graphoservice.it\/wp-content\/uploads\/2026\/02\/959_sistema_fissaggio_Ergon-400x284.jpg","et-pb-portfolio-module-image":"https:\/\/meber2026.graphoservice.it\/wp-content\/uploads\/2026\/02\/959_sistema_fissaggio_Ergon-510x382.jpg","et-pb-portfolio-image-single":"https:\/\/meber2026.graphoservice.it\/wp-content\/uploads\/2026\/02\/959_sistema_fissaggio_Ergon.jpg","et-pb-gallery-module-image-portrait":"https:\/\/meber2026.graphoservice.it\/wp-content\/uploads\/2026\/02\/959_sistema_fissaggio_Ergon-400x516.jpg","et-pb-post-main-image-fullwidth-large":"https:\/\/meber2026.graphoservice.it\/wp-content\/uploads\/2026\/02\/959_sistema_fissaggio_Ergon.jpg","et-pb-image--responsive--desktop":"https:\/\/meber2026.graphoservice.it\/wp-content\/uploads\/2026\/02\/959_sistema_fissaggio_Ergon.jpg","et-pb-image--responsive--tablet":"https:\/\/meber2026.graphoservice.it\/wp-content\/uploads\/2026\/02\/959_sistema_fissaggio_Ergon.jpg","et-pb-image--responsive--phone":"https:\/\/meber2026.graphoservice.it\/wp-content\/uploads\/2026\/02\/959_sistema_fissaggio_Ergon-480x346.jpg","full":"https:\/\/meber2026.graphoservice.it\/wp-content\/uploads\/2026\/02\/959_sistema_fissaggio_Ergon.jpg"},"yoast_head":"<!-- This site is optimized with the Yoast SEO plugin v27.4 - https:\/\/yoast.com\/product\/yoast-seo-wordpress\/ -->\n<title>959<\/title>\n<meta name=\"description\" content=\"L\u2019article 959 est un syst\u00e8me de fixation murale pour brancards Ergon \u00e0 l\u2019int\u00e9rieur de l\u2019ambulance en position verticale.\" \/>\n<meta name=\"robots\" content=\"noindex, follow, max-snippet:-1, max-image-preview:large, max-video-preview:-1\" \/>\n<meta property=\"og:locale\" content=\"fr_FR\" \/>\n<meta property=\"og:type\" content=\"article\" \/>\n<meta property=\"og:title\" content=\"959\" \/>\n<meta property=\"og:description\" content=\"L\u2019article 959 est un syst\u00e8me de fixation murale pour brancards Ergon \u00e0 l\u2019int\u00e9rieur de l\u2019ambulance en position verticale.\" \/>\n<meta property=\"og:url\" content=\"https:\/\/meber2026.graphoservice.it\/fr\/product\/959-2\/\" \/>\n<meta property=\"og:site_name\" content=\"Me.Ber.\" \/>\n<meta property=\"article:modified_time\" content=\"2026-04-28T16:15:37+00:00\" \/>\n<meta property=\"og:image\" content=\"https:\/\/meber2026.graphoservice.it\/wp-content\/uploads\/2026\/02\/959_sistema_fissaggio_Ergon.jpg\" \/>\n\t<meta property=\"og:image:width\" content=\"750\" \/>\n\t<meta property=\"og:image:height\" content=\"540\" \/>\n\t<meta property=\"og:image:type\" content=\"image\/jpeg\" \/>\n<meta name=\"twitter:card\" content=\"summary_large_image\" \/>\n<script type=\"application\/ld+json\" class=\"yoast-schema-graph\">{\"@context\":\"https:\\\/\\\/schema.org\",\"@graph\":[{\"@type\":\"WebPage\",\"@id\":\"https:\\\/\\\/meber2026.graphoservice.it\\\/fr\\\/product\\\/959-2\\\/\",\"url\":\"https:\\\/\\\/meber2026.graphoservice.it\\\/fr\\\/product\\\/959-2\\\/\",\"name\":\"959\",\"isPartOf\":{\"@id\":\"https:\\\/\\\/meber2026.graphoservice.it\\\/fr\\\/#website\"},\"primaryImageOfPage\":{\"@id\":\"https:\\\/\\\/meber2026.graphoservice.it\\\/fr\\\/product\\\/959-2\\\/#primaryimage\"},\"image\":{\"@id\":\"https:\\\/\\\/meber2026.graphoservice.it\\\/fr\\\/product\\\/959-2\\\/#primaryimage\"},\"thumbnailUrl\":\"https:\\\/\\\/meber2026.graphoservice.it\\\/wp-content\\\/uploads\\\/2026\\\/02\\\/959_sistema_fissaggio_Ergon.jpg\",\"datePublished\":\"2026-02-10T09:27:57+00:00\",\"dateModified\":\"2026-04-28T16:15:37+00:00\",\"description\":\"L\u2019article 959 est un syst\u00e8me de fixation murale pour brancards Ergon \u00e0 l\u2019int\u00e9rieur de l\u2019ambulance en position verticale.\",\"breadcrumb\":{\"@id\":\"https:\\\/\\\/meber2026.graphoservice.it\\\/fr\\\/product\\\/959-2\\\/#breadcrumb\"},\"inLanguage\":\"fr-FR\",\"potentialAction\":[{\"@type\":\"ReadAction\",\"target\":[\"https:\\\/\\\/meber2026.graphoservice.it\\\/fr\\\/product\\\/959-2\\\/\"]}]},{\"@type\":\"ImageObject\",\"inLanguage\":\"fr-FR\",\"@id\":\"https:\\\/\\\/meber2026.graphoservice.it\\\/fr\\\/product\\\/959-2\\\/#primaryimage\",\"url\":\"https:\\\/\\\/meber2026.graphoservice.it\\\/wp-content\\\/uploads\\\/2026\\\/02\\\/959_sistema_fissaggio_Ergon.jpg\",\"contentUrl\":\"https:\\\/\\\/meber2026.graphoservice.it\\\/wp-content\\\/uploads\\\/2026\\\/02\\\/959_sistema_fissaggio_Ergon.jpg\",\"width\":750,\"height\":540},{\"@type\":\"BreadcrumbList\",\"@id\":\"https:\\\/\\\/meber2026.graphoservice.it\\\/fr\\\/product\\\/959-2\\\/#breadcrumb\",\"itemListElement\":[{\"@type\":\"ListItem\",\"position\":1,\"name\":\"Home\",\"item\":\"https:\\\/\\\/meber2026.graphoservice.it\\\/fr\\\/\"},{\"@type\":\"ListItem\",\"position\":2,\"name\":\"959\"}]},{\"@type\":\"WebSite\",\"@id\":\"https:\\\/\\\/meber2026.graphoservice.it\\\/fr\\\/#website\",\"url\":\"https:\\\/\\\/meber2026.graphoservice.it\\\/fr\\\/\",\"name\":\"Me.Ber.\",\"description\":\"In Case of Emergerncy\",\"potentialAction\":[{\"@type\":\"SearchAction\",\"target\":{\"@type\":\"EntryPoint\",\"urlTemplate\":\"https:\\\/\\\/meber2026.graphoservice.it\\\/fr\\\/?s={search_term_string}\"},\"query-input\":{\"@type\":\"PropertyValueSpecification\",\"valueRequired\":true,\"valueName\":\"search_term_string\"}}],\"inLanguage\":\"fr-FR\"}]}<\/script>\n<!-- \/ Yoast SEO plugin. -->","yoast_head_json":{"title":"959","description":"L\u2019article 959 est un syst\u00e8me de fixation murale pour brancards Ergon \u00e0 l\u2019int\u00e9rieur de l\u2019ambulance en position verticale.","robots":{"index":"noindex","follow":"follow","max-snippet":"max-snippet:-1","max-image-preview":"max-image-preview:large","max-video-preview":"max-video-preview:-1"},"og_locale":"fr_FR","og_type":"article","og_title":"959","og_description":"L\u2019article 959 est un syst\u00e8me de fixation murale pour brancards Ergon \u00e0 l\u2019int\u00e9rieur de l\u2019ambulance en position verticale.","og_url":"https:\/\/meber2026.graphoservice.it\/fr\/product\/959-2\/","og_site_name":"Me.Ber.","article_modified_time":"2026-04-28T16:15:37+00:00","og_image":[{"width":750,"height":540,"url":"https:\/\/meber2026.graphoservice.it\/wp-content\/uploads\/2026\/02\/959_sistema_fissaggio_Ergon.jpg","type":"image\/jpeg"}],"twitter_card":"summary_large_image","schema":{"@context":"https:\/\/schema.org","@graph":[{"@type":"WebPage","@id":"https:\/\/meber2026.graphoservice.it\/fr\/product\/959-2\/","url":"https:\/\/meber2026.graphoservice.it\/fr\/product\/959-2\/","name":"959","isPartOf":{"@id":"https:\/\/meber2026.graphoservice.it\/fr\/#website"},"primaryImageOfPage":{"@id":"https:\/\/meber2026.graphoservice.it\/fr\/product\/959-2\/#primaryimage"},"image":{"@id":"https:\/\/meber2026.graphoservice.it\/fr\/product\/959-2\/#primaryimage"},"thumbnailUrl":"https:\/\/meber2026.graphoservice.it\/wp-content\/uploads\/2026\/02\/959_sistema_fissaggio_Ergon.jpg","datePublished":"2026-02-10T09:27:57+00:00","dateModified":"2026-04-28T16:15:37+00:00","description":"L\u2019article 959 est un syst\u00e8me de fixation murale pour brancards Ergon \u00e0 l\u2019int\u00e9rieur de l\u2019ambulance en position verticale.","breadcrumb":{"@id":"https:\/\/meber2026.graphoservice.it\/fr\/product\/959-2\/#breadcrumb"},"inLanguage":"fr-FR","potentialAction":[{"@type":"ReadAction","target":["https:\/\/meber2026.graphoservice.it\/fr\/product\/959-2\/"]}]},{"@type":"ImageObject","inLanguage":"fr-FR","@id":"https:\/\/meber2026.graphoservice.it\/fr\/product\/959-2\/#primaryimage","url":"https:\/\/meber2026.graphoservice.it\/wp-content\/uploads\/2026\/02\/959_sistema_fissaggio_Ergon.jpg","contentUrl":"https:\/\/meber2026.graphoservice.it\/wp-content\/uploads\/2026\/02\/959_sistema_fissaggio_Ergon.jpg","width":750,"height":540},{"@type":"BreadcrumbList","@id":"https:\/\/meber2026.graphoservice.it\/fr\/product\/959-2\/#breadcrumb","itemListElement":[{"@type":"ListItem","position":1,"name":"Home","item":"https:\/\/meber2026.graphoservice.it\/fr\/"},{"@type":"ListItem","position":2,"name":"959"}]},{"@type":"WebSite","@id":"https:\/\/meber2026.graphoservice.it\/fr\/#website","url":"https:\/\/meber2026.graphoservice.it\/fr\/","name":"Me.Ber.","description":"In Case of Emergerncy","potentialAction":[{"@type":"SearchAction","target":{"@type":"EntryPoint","urlTemplate":"https:\/\/meber2026.graphoservice.it\/fr\/?s={search_term_string}"},"query-input":{"@type":"PropertyValueSpecification","valueRequired":true,"valueName":"search_term_string"}}],"inLanguage":"fr-FR"}]}},"_links":{"self":[{"href":"https:\/\/meber2026.graphoservice.it\/fr\/wp-json\/wp\/v2\/product\/19168","targetHints":{"allow":["GET"]}}],"collection":[{"href":"https:\/\/meber2026.graphoservice.it\/fr\/wp-json\/wp\/v2\/product"}],"about":[{"href":"https:\/\/meber2026.graphoservice.it\/fr\/wp-json\/wp\/v2\/types\/product"}],"author":[{"embeddable":true,"href":"https:\/\/meber2026.graphoservice.it\/fr\/wp-json\/wp\/v2\/users\/1"}],"version-history":[{"count":1,"href":"https:\/\/meber2026.graphoservice.it\/fr\/wp-json\/wp\/v2\/product\/19168\/revisions"}],"predecessor-version":[{"id":31208,"href":"https:\/\/meber2026.graphoservice.it\/fr\/wp-json\/wp\/v2\/product\/19168\/revisions\/31208"}],"wp:featuredmedia":[{"embeddable":true,"href":"https:\/\/meber2026.graphoservice.it\/fr\/wp-json\/wp\/v2\/media\/15856"}],"wp:attachment":[{"href":"https:\/\/meber2026.graphoservice.it\/fr\/wp-json\/wp\/v2\/media?parent=19168"}],"wp:term":[{"taxonomy":"application-tag","embeddable":true,"href":"https:\/\/meber2026.graphoservice.it\/fr\/wp-json\/wp\/v2\/application-tag?post=19168"}],"curies":[{"name":"wp","href":"https:\/\/api.w.org\/{rel}","templated":true}]}}