{"id":19163,"date":"2026-02-10T09:27:57","date_gmt":"2026-02-10T09:27:57","guid":{"rendered":"https:\/\/meber2026.graphoservice.it\/product\/956-proof\/"},"modified":"2026-04-28T16:15:32","modified_gmt":"2026-04-28T16:15:32","slug":"956-proof","status":"publish","type":"product","link":"https:\/\/meber2026.graphoservice.it\/fr\/product\/956-proof\/","title":{"rendered":"956 PROOF"},"content":{"rendered":"<div style=\"\">Con\u00e7us pour assurer une stabilit\u00e9 maximale du brancard \u00e0 bord du v\u00e9hicule de secours, ils sont enti\u00e8rement fabriqu\u00e9s en acier inoxydable, pour offrir une plus grande durabilit\u00e9 et r\u00e9sister \u00e0 la corrosion. Gr\u00e2ce \u00e0 leurs structures faciles \u00e0 installer, ils assurent la retenue absolue, dans toutes les directions, du brancard ou du chariot et du patient transport\u00e9. L\u2019art. 955 Proof convient \u00e0 la fixation de tous nos brancards \u00e0 chargement automatique 10G, tandis que l\u2019art. 956 Proof convient \u00e0 la fixation des chariots \u00ab Titanus \u00bb.<br \/> \u00a0<\/div>\n<p> <img loading=\"lazy\" decoding=\"async\" alt=\"\" height=\"88\" src=\"http:\/\/www.meber.it\/adm\/Images\/contents\/10G Logo 2019_def.png\" width=\"80\" \/> <\/p>\n<div style=\"\"><strong> Appareil certifi\u00e9 selon les normes europ\u00e9ennes harmonis\u00e9es UNI EN 1789.<\/strong><\/div>\n<table border=\"1\" cellpadding=\"1\" cellspacing=\"1\" width=\"250\">\n<tbody>\n<tr>\n<td style=\"text-align: center;\"><strong>Hauteur<\/strong><\/td>\n<td style=\"text-align: center;\"><strong>Largeur<\/strong><\/td>\n<td style=\"text-align: center;\"><strong>Longueur<\/strong><\/td>\n<td style=\"text-align: center;\"><strong>Poids<\/strong><\/td>\n<\/tr>\n<tr>\n<td style=\"text-align: center;\">13 cm<\/td>\n<td style=\"text-align: center;\">42 cm<\/td>\n<td style=\"text-align: center;\">175 cm<\/td>\n<td style=\"text-align: center;\">8,5 kg<\/td>\n<\/tr>\n<\/tbody>\n<\/table>\n<div> \u00a0<\/div>\n","protected":false},"excerpt":{"rendered":"<p>Con\u00e7us pour assurer une stabilit\u00e9 maximale du brancard \u00e0 bord du v\u00e9hicule de secours, ils sont enti\u00e8rement fabriqu\u00e9s en acier inoxydable, pour offrir une plus grande durabilit\u00e9 et r\u00e9sister \u00e0 la corrosion. Gr\u00e2ce \u00e0 leurs structures faciles \u00e0 installer, ils assurent la retenue absolue, dans toutes les directions, du brancard ou du chariot et du [&hellip;]<\/p>\n","protected":false},"author":1,"featured_media":15847,"parent":0,"menu_order":90000700,"template":"","meta":{"_acf_changed":false,"footnotes":""},"application-tag":[65,77],"class_list":["post-19163","product","type-product","status-publish","has-post-thumbnail","hentry","application-tag-certifie-10g","application-tag-systemes-de-fixation"],"acf":[],"dsm_author":{"name":"admeb26","avatar_url":"https:\/\/meber2026.graphoservice.it\/wp-content\/plugins\/ultimate-member\/assets\/img\/default_avatar.jpg","archive_link":"https:\/\/meber2026.graphoservice.it\/fr\/author\/admeb26\/","biodata":""},"dsm_categories":[],"dsm_attachment_categories":[],"dsm_featured_image":{"thumbnail":"https:\/\/meber2026.graphoservice.it\/wp-content\/uploads\/2026\/02\/956_proof-150x150.jpg","medium":"https:\/\/meber2026.graphoservice.it\/wp-content\/uploads\/2026\/02\/956_proof-300x120.jpg","medium_large":"https:\/\/meber2026.graphoservice.it\/wp-content\/uploads\/2026\/02\/956_proof.jpg","large":"https:\/\/meber2026.graphoservice.it\/wp-content\/uploads\/2026\/02\/956_proof.jpg","1536x1536":"https:\/\/meber2026.graphoservice.it\/wp-content\/uploads\/2026\/02\/956_proof.jpg","2048x2048":"https:\/\/meber2026.graphoservice.it\/wp-content\/uploads\/2026\/02\/956_proof.jpg","et-pb-post-main-image":"https:\/\/meber2026.graphoservice.it\/wp-content\/uploads\/2026\/02\/956_proof-400x250.jpg","et-pb-post-main-image-fullwidth":"https:\/\/meber2026.graphoservice.it\/wp-content\/uploads\/2026\/02\/956_proof.jpg","et-pb-portfolio-image":"https:\/\/meber2026.graphoservice.it\/wp-content\/uploads\/2026\/02\/956_proof-400x284.jpg","et-pb-portfolio-module-image":"https:\/\/meber2026.graphoservice.it\/wp-content\/uploads\/2026\/02\/956_proof-510x301.jpg","et-pb-portfolio-image-single":"https:\/\/meber2026.graphoservice.it\/wp-content\/uploads\/2026\/02\/956_proof.jpg","et-pb-gallery-module-image-portrait":"https:\/\/meber2026.graphoservice.it\/wp-content\/uploads\/2026\/02\/956_proof-400x301.jpg","et-pb-post-main-image-fullwidth-large":"https:\/\/meber2026.graphoservice.it\/wp-content\/uploads\/2026\/02\/956_proof.jpg","et-pb-image--responsive--desktop":"https:\/\/meber2026.graphoservice.it\/wp-content\/uploads\/2026\/02\/956_proof.jpg","et-pb-image--responsive--tablet":"https:\/\/meber2026.graphoservice.it\/wp-content\/uploads\/2026\/02\/956_proof.jpg","et-pb-image--responsive--phone":"https:\/\/meber2026.graphoservice.it\/wp-content\/uploads\/2026\/02\/956_proof-480x193.jpg","full":"https:\/\/meber2026.graphoservice.it\/wp-content\/uploads\/2026\/02\/956_proof.jpg"},"yoast_head":"<!-- This site is optimized with the Yoast SEO plugin v27.4 - https:\/\/yoast.com\/product\/yoast-seo-wordpress\/ -->\n<title>956 PROOF<\/title>\n<meta name=\"robots\" content=\"noindex, follow, max-snippet:-1, max-image-preview:large, max-video-preview:-1\" \/>\n<meta property=\"og:locale\" content=\"fr_FR\" \/>\n<meta property=\"og:type\" content=\"article\" \/>\n<meta property=\"og:title\" content=\"956 PROOF\" \/>\n<meta property=\"og:description\" content=\"Con\u00e7us pour assurer une stabilit\u00e9 maximale du brancard \u00e0 bord du v\u00e9hicule de secours, ils sont enti\u00e8rement fabriqu\u00e9s en acier inoxydable, pour offrir une plus grande durabilit\u00e9 et r\u00e9sister \u00e0 la corrosion. Gr\u00e2ce \u00e0 leurs structures faciles \u00e0 installer, ils assurent la retenue absolue, dans toutes les directions, du brancard ou du chariot et du [&hellip;]\" \/>\n<meta property=\"og:url\" content=\"https:\/\/meber2026.graphoservice.it\/fr\/product\/956-proof\/\" \/>\n<meta property=\"og:site_name\" content=\"Me.Ber.\" \/>\n<meta property=\"article:modified_time\" content=\"2026-04-28T16:15:32+00:00\" \/>\n<meta property=\"og:image\" content=\"https:\/\/meber2026.graphoservice.it\/wp-content\/uploads\/2026\/02\/956_proof.jpg\" \/>\n\t<meta property=\"og:image:width\" content=\"750\" \/>\n\t<meta property=\"og:image:height\" content=\"301\" \/>\n\t<meta property=\"og:image:type\" content=\"image\/jpeg\" \/>\n<meta name=\"twitter:card\" content=\"summary_large_image\" \/>\n<meta name=\"twitter:label1\" content=\"Dur\u00e9e de lecture estim\u00e9e\" \/>\n\t<meta name=\"twitter:data1\" content=\"1 minute\" \/>\n<script type=\"application\/ld+json\" class=\"yoast-schema-graph\">{\"@context\":\"https:\\\/\\\/schema.org\",\"@graph\":[{\"@type\":\"WebPage\",\"@id\":\"https:\\\/\\\/meber2026.graphoservice.it\\\/fr\\\/product\\\/956-proof\\\/\",\"url\":\"https:\\\/\\\/meber2026.graphoservice.it\\\/fr\\\/product\\\/956-proof\\\/\",\"name\":\"956 PROOF\",\"isPartOf\":{\"@id\":\"https:\\\/\\\/meber2026.graphoservice.it\\\/fr\\\/#website\"},\"primaryImageOfPage\":{\"@id\":\"https:\\\/\\\/meber2026.graphoservice.it\\\/fr\\\/product\\\/956-proof\\\/#primaryimage\"},\"image\":{\"@id\":\"https:\\\/\\\/meber2026.graphoservice.it\\\/fr\\\/product\\\/956-proof\\\/#primaryimage\"},\"thumbnailUrl\":\"https:\\\/\\\/meber2026.graphoservice.it\\\/wp-content\\\/uploads\\\/2026\\\/02\\\/956_proof.jpg\",\"datePublished\":\"2026-02-10T09:27:57+00:00\",\"dateModified\":\"2026-04-28T16:15:32+00:00\",\"breadcrumb\":{\"@id\":\"https:\\\/\\\/meber2026.graphoservice.it\\\/fr\\\/product\\\/956-proof\\\/#breadcrumb\"},\"inLanguage\":\"fr-FR\",\"potentialAction\":[{\"@type\":\"ReadAction\",\"target\":[\"https:\\\/\\\/meber2026.graphoservice.it\\\/fr\\\/product\\\/956-proof\\\/\"]}]},{\"@type\":\"ImageObject\",\"inLanguage\":\"fr-FR\",\"@id\":\"https:\\\/\\\/meber2026.graphoservice.it\\\/fr\\\/product\\\/956-proof\\\/#primaryimage\",\"url\":\"https:\\\/\\\/meber2026.graphoservice.it\\\/wp-content\\\/uploads\\\/2026\\\/02\\\/956_proof.jpg\",\"contentUrl\":\"https:\\\/\\\/meber2026.graphoservice.it\\\/wp-content\\\/uploads\\\/2026\\\/02\\\/956_proof.jpg\",\"width\":750,\"height\":301},{\"@type\":\"BreadcrumbList\",\"@id\":\"https:\\\/\\\/meber2026.graphoservice.it\\\/fr\\\/product\\\/956-proof\\\/#breadcrumb\",\"itemListElement\":[{\"@type\":\"ListItem\",\"position\":1,\"name\":\"Home\",\"item\":\"https:\\\/\\\/meber2026.graphoservice.it\\\/fr\\\/\"},{\"@type\":\"ListItem\",\"position\":2,\"name\":\"956 PROOF\"}]},{\"@type\":\"WebSite\",\"@id\":\"https:\\\/\\\/meber2026.graphoservice.it\\\/fr\\\/#website\",\"url\":\"https:\\\/\\\/meber2026.graphoservice.it\\\/fr\\\/\",\"name\":\"Me.Ber.\",\"description\":\"In Case of Emergerncy\",\"potentialAction\":[{\"@type\":\"SearchAction\",\"target\":{\"@type\":\"EntryPoint\",\"urlTemplate\":\"https:\\\/\\\/meber2026.graphoservice.it\\\/fr\\\/?s={search_term_string}\"},\"query-input\":{\"@type\":\"PropertyValueSpecification\",\"valueRequired\":true,\"valueName\":\"search_term_string\"}}],\"inLanguage\":\"fr-FR\"}]}<\/script>\n<!-- \/ Yoast SEO plugin. -->","yoast_head_json":{"title":"956 PROOF","robots":{"index":"noindex","follow":"follow","max-snippet":"max-snippet:-1","max-image-preview":"max-image-preview:large","max-video-preview":"max-video-preview:-1"},"og_locale":"fr_FR","og_type":"article","og_title":"956 PROOF","og_description":"Con\u00e7us pour assurer une stabilit\u00e9 maximale du brancard \u00e0 bord du v\u00e9hicule de secours, ils sont enti\u00e8rement fabriqu\u00e9s en acier inoxydable, pour offrir une plus grande durabilit\u00e9 et r\u00e9sister \u00e0 la corrosion. Gr\u00e2ce \u00e0 leurs structures faciles \u00e0 installer, ils assurent la retenue absolue, dans toutes les directions, du brancard ou du chariot et du [&hellip;]","og_url":"https:\/\/meber2026.graphoservice.it\/fr\/product\/956-proof\/","og_site_name":"Me.Ber.","article_modified_time":"2026-04-28T16:15:32+00:00","og_image":[{"width":750,"height":301,"url":"https:\/\/meber2026.graphoservice.it\/wp-content\/uploads\/2026\/02\/956_proof.jpg","type":"image\/jpeg"}],"twitter_card":"summary_large_image","twitter_misc":{"Dur\u00e9e de lecture estim\u00e9e":"1 minute"},"schema":{"@context":"https:\/\/schema.org","@graph":[{"@type":"WebPage","@id":"https:\/\/meber2026.graphoservice.it\/fr\/product\/956-proof\/","url":"https:\/\/meber2026.graphoservice.it\/fr\/product\/956-proof\/","name":"956 PROOF","isPartOf":{"@id":"https:\/\/meber2026.graphoservice.it\/fr\/#website"},"primaryImageOfPage":{"@id":"https:\/\/meber2026.graphoservice.it\/fr\/product\/956-proof\/#primaryimage"},"image":{"@id":"https:\/\/meber2026.graphoservice.it\/fr\/product\/956-proof\/#primaryimage"},"thumbnailUrl":"https:\/\/meber2026.graphoservice.it\/wp-content\/uploads\/2026\/02\/956_proof.jpg","datePublished":"2026-02-10T09:27:57+00:00","dateModified":"2026-04-28T16:15:32+00:00","breadcrumb":{"@id":"https:\/\/meber2026.graphoservice.it\/fr\/product\/956-proof\/#breadcrumb"},"inLanguage":"fr-FR","potentialAction":[{"@type":"ReadAction","target":["https:\/\/meber2026.graphoservice.it\/fr\/product\/956-proof\/"]}]},{"@type":"ImageObject","inLanguage":"fr-FR","@id":"https:\/\/meber2026.graphoservice.it\/fr\/product\/956-proof\/#primaryimage","url":"https:\/\/meber2026.graphoservice.it\/wp-content\/uploads\/2026\/02\/956_proof.jpg","contentUrl":"https:\/\/meber2026.graphoservice.it\/wp-content\/uploads\/2026\/02\/956_proof.jpg","width":750,"height":301},{"@type":"BreadcrumbList","@id":"https:\/\/meber2026.graphoservice.it\/fr\/product\/956-proof\/#breadcrumb","itemListElement":[{"@type":"ListItem","position":1,"name":"Home","item":"https:\/\/meber2026.graphoservice.it\/fr\/"},{"@type":"ListItem","position":2,"name":"956 PROOF"}]},{"@type":"WebSite","@id":"https:\/\/meber2026.graphoservice.it\/fr\/#website","url":"https:\/\/meber2026.graphoservice.it\/fr\/","name":"Me.Ber.","description":"In Case of Emergerncy","potentialAction":[{"@type":"SearchAction","target":{"@type":"EntryPoint","urlTemplate":"https:\/\/meber2026.graphoservice.it\/fr\/?s={search_term_string}"},"query-input":{"@type":"PropertyValueSpecification","valueRequired":true,"valueName":"search_term_string"}}],"inLanguage":"fr-FR"}]}},"_links":{"self":[{"href":"https:\/\/meber2026.graphoservice.it\/fr\/wp-json\/wp\/v2\/product\/19163","targetHints":{"allow":["GET"]}}],"collection":[{"href":"https:\/\/meber2026.graphoservice.it\/fr\/wp-json\/wp\/v2\/product"}],"about":[{"href":"https:\/\/meber2026.graphoservice.it\/fr\/wp-json\/wp\/v2\/types\/product"}],"author":[{"embeddable":true,"href":"https:\/\/meber2026.graphoservice.it\/fr\/wp-json\/wp\/v2\/users\/1"}],"version-history":[{"count":1,"href":"https:\/\/meber2026.graphoservice.it\/fr\/wp-json\/wp\/v2\/product\/19163\/revisions"}],"predecessor-version":[{"id":31204,"href":"https:\/\/meber2026.graphoservice.it\/fr\/wp-json\/wp\/v2\/product\/19163\/revisions\/31204"}],"wp:featuredmedia":[{"embeddable":true,"href":"https:\/\/meber2026.graphoservice.it\/fr\/wp-json\/wp\/v2\/media\/15847"}],"wp:attachment":[{"href":"https:\/\/meber2026.graphoservice.it\/fr\/wp-json\/wp\/v2\/media?parent=19163"}],"wp:term":[{"taxonomy":"application-tag","embeddable":true,"href":"https:\/\/meber2026.graphoservice.it\/fr\/wp-json\/wp\/v2\/application-tag?post=19163"}],"curies":[{"name":"wp","href":"https:\/\/api.w.org\/{rel}","templated":true}]}}