{"id":19133,"date":"2026-02-10T09:27:53","date_gmt":"2026-02-10T09:27:53","guid":{"rendered":"https:\/\/meber2026.graphoservice.it\/product\/galaxy-9012\/"},"modified":"2026-02-10T09:27:53","modified_gmt":"2026-02-10T09:27:53","slug":"galaxy-9012","status":"publish","type":"product","link":"https:\/\/meber2026.graphoservice.it\/fr\/product\/galaxy-9012\/","title":{"rendered":"Galaxy 9012"},"content":{"rendered":"<p style=\"\">Planche dorsale en mati\u00e8re plastique \u00e0 haute r\u00e9sistance. Elle a \u00e9t\u00e9 con\u00e7ue en accordant une attention particuli\u00e8re aux difficult\u00e9s rencontr\u00e9es lors des interventions quotidiennes ; en effet, 4 fentes ont \u00e9t\u00e9 cr\u00e9\u00e9es pour une fixation rapide et totale de l\u2019immobilisateur de t\u00eate et 2 \u00e9videments dans la partie support \u2013 pour ceux qui verrouillent la base de mani\u00e8re traditionnelle \u2013 qui permettent aux sangles d\u00e9tachables de ne pas se casser pendant l\u2019utilisation et le logement en ambulance. Elle est \u00e9quip\u00e9e de 20 poign\u00e9es de transport et comporte 3 sangles \u00e0 d\u00e9gagement rapide (Art. 605\/MEB). Elle est translucide aux rayons X et peut \u00eatre fournie en 3 couleurs diff\u00e9rentes : jaune, orange et bleu.\u00a0<\/p>\n<p style=\"\">\n<strong>Appareil certifi\u00e9 selon les normes de s\u00e9curit\u00e9 harmonis\u00e9es UNI EN 1865 .<\/strong><\/p>\n","protected":false},"excerpt":{"rendered":"<p>Planche dorsale en mati\u00e8re plastique \u00e0 haute r\u00e9sistance. Elle a \u00e9t\u00e9 con\u00e7ue en accordant une attention particuli\u00e8re aux difficult\u00e9s rencontr\u00e9es lors des interventions quotidiennes ; en effet, 4 fentes ont \u00e9t\u00e9 cr\u00e9\u00e9es pour une fixation rapide et totale de l\u2019immobilisateur de t\u00eate et 2 \u00e9videments dans la partie support \u2013 pour ceux qui verrouillent la [&hellip;]<\/p>\n","protected":false},"author":1,"featured_media":26656,"parent":0,"menu_order":50000200,"template":"","meta":{"_acf_changed":false,"footnotes":""},"application-tag":[65,83],"class_list":["post-19133","product","type-product","status-publish","has-post-thumbnail","hentry","application-tag-certifie-10g","application-tag-immobilisation"],"acf":[],"dsm_author":{"name":"admeb26","avatar_url":"https:\/\/meber2026.graphoservice.it\/wp-content\/plugins\/ultimate-member\/assets\/img\/default_avatar.jpg","archive_link":"https:\/\/meber2026.graphoservice.it\/fr\/author\/admeb26\/","biodata":""},"dsm_categories":[],"dsm_attachment_categories":[],"dsm_featured_image":{"thumbnail":"https:\/\/meber2026.graphoservice.it\/wp-content\/uploads\/2026\/02\/Galaxy-9012-Tavola-spinale-adulto-arancio-orizz-150x150.webp","medium":"https:\/\/meber2026.graphoservice.it\/wp-content\/uploads\/2026\/02\/Galaxy-9012-Tavola-spinale-adulto-arancio-orizz-300x300.webp","medium_large":"https:\/\/meber2026.graphoservice.it\/wp-content\/uploads\/2026\/02\/Galaxy-9012-Tavola-spinale-adulto-arancio-orizz-768x768.webp","large":"https:\/\/meber2026.graphoservice.it\/wp-content\/uploads\/2026\/02\/Galaxy-9012-Tavola-spinale-adulto-arancio-orizz-1024x1024.webp","1536x1536":"https:\/\/meber2026.graphoservice.it\/wp-content\/uploads\/2026\/02\/Galaxy-9012-Tavola-spinale-adulto-arancio-orizz-1536x1536.webp","2048x2048":"https:\/\/meber2026.graphoservice.it\/wp-content\/uploads\/2026\/02\/Galaxy-9012-Tavola-spinale-adulto-arancio-orizz.webp","et-pb-post-main-image":"https:\/\/meber2026.graphoservice.it\/wp-content\/uploads\/2026\/02\/Galaxy-9012-Tavola-spinale-adulto-arancio-orizz-400x250.webp","et-pb-post-main-image-fullwidth":"https:\/\/meber2026.graphoservice.it\/wp-content\/uploads\/2026\/02\/Galaxy-9012-Tavola-spinale-adulto-arancio-orizz-1080x675.webp","et-pb-portfolio-image":"https:\/\/meber2026.graphoservice.it\/wp-content\/uploads\/2026\/02\/Galaxy-9012-Tavola-spinale-adulto-arancio-orizz-400x284.webp","et-pb-portfolio-module-image":"https:\/\/meber2026.graphoservice.it\/wp-content\/uploads\/2026\/02\/Galaxy-9012-Tavola-spinale-adulto-arancio-orizz-510x382.webp","et-pb-portfolio-image-single":"https:\/\/meber2026.graphoservice.it\/wp-content\/uploads\/2026\/02\/Galaxy-9012-Tavola-spinale-adulto-arancio-orizz-1080x1080.webp","et-pb-gallery-module-image-portrait":"https:\/\/meber2026.graphoservice.it\/wp-content\/uploads\/2026\/02\/Galaxy-9012-Tavola-spinale-adulto-arancio-orizz-400x516.webp","et-pb-post-main-image-fullwidth-large":"https:\/\/meber2026.graphoservice.it\/wp-content\/uploads\/2026\/02\/Galaxy-9012-Tavola-spinale-adulto-arancio-orizz-2000x1800.webp","et-pb-image--responsive--desktop":"https:\/\/meber2026.graphoservice.it\/wp-content\/uploads\/2026\/02\/Galaxy-9012-Tavola-spinale-adulto-arancio-orizz-1280x1280.webp","et-pb-image--responsive--tablet":"https:\/\/meber2026.graphoservice.it\/wp-content\/uploads\/2026\/02\/Galaxy-9012-Tavola-spinale-adulto-arancio-orizz-980x980.webp","et-pb-image--responsive--phone":"https:\/\/meber2026.graphoservice.it\/wp-content\/uploads\/2026\/02\/Galaxy-9012-Tavola-spinale-adulto-arancio-orizz-480x480.webp","full":"https:\/\/meber2026.graphoservice.it\/wp-content\/uploads\/2026\/02\/Galaxy-9012-Tavola-spinale-adulto-arancio-orizz.webp"},"yoast_head":"<!-- This site is optimized with the Yoast SEO plugin v27.4 - https:\/\/yoast.com\/product\/yoast-seo-wordpress\/ -->\n<title>Planche dorsale orange \u2013 Meber<\/title>\n<meta name=\"description\" content=\"Planche dorsale en mati\u00e8re plastique \u00e0 haute r\u00e9sistance. Elle est translucide aux rayons X et est livr\u00e9e avec 20 poign\u00e9es de transport.\" \/>\n<meta name=\"robots\" content=\"noindex, follow, max-snippet:-1, max-image-preview:large, max-video-preview:-1\" \/>\n<meta property=\"og:locale\" content=\"fr_FR\" \/>\n<meta property=\"og:type\" content=\"article\" \/>\n<meta property=\"og:title\" content=\"Planche dorsale orange \u2013 Meber\" \/>\n<meta property=\"og:description\" content=\"Planche dorsale en mati\u00e8re plastique \u00e0 haute r\u00e9sistance. Elle est translucide aux rayons X et est livr\u00e9e avec 20 poign\u00e9es de transport.\" \/>\n<meta property=\"og:url\" content=\"https:\/\/meber2026.graphoservice.it\/fr\/product\/galaxy-9012\/\" \/>\n<meta property=\"og:site_name\" content=\"Me.Ber.\" \/>\n<meta name=\"twitter:card\" content=\"summary_large_image\" \/>\n<meta name=\"twitter:label1\" content=\"Dur\u00e9e de lecture estim\u00e9e\" \/>\n\t<meta name=\"twitter:data1\" content=\"1 minute\" \/>\n<script type=\"application\/ld+json\" class=\"yoast-schema-graph\">{\"@context\":\"https:\\\/\\\/schema.org\",\"@graph\":[{\"@type\":\"WebPage\",\"@id\":\"https:\\\/\\\/meber2026.graphoservice.it\\\/fr\\\/product\\\/galaxy-9012\\\/\",\"url\":\"https:\\\/\\\/meber2026.graphoservice.it\\\/fr\\\/product\\\/galaxy-9012\\\/\",\"name\":\"Planche dorsale orange \u2013 Meber\",\"isPartOf\":{\"@id\":\"https:\\\/\\\/meber2026.graphoservice.it\\\/fr\\\/#website\"},\"primaryImageOfPage\":{\"@id\":\"https:\\\/\\\/meber2026.graphoservice.it\\\/fr\\\/product\\\/galaxy-9012\\\/#primaryimage\"},\"image\":{\"@id\":\"https:\\\/\\\/meber2026.graphoservice.it\\\/fr\\\/product\\\/galaxy-9012\\\/#primaryimage\"},\"thumbnailUrl\":\"https:\\\/\\\/meber2026.graphoservice.it\\\/wp-content\\\/uploads\\\/2026\\\/02\\\/Galaxy-9012-Tavola-spinale-adulto-arancio-orizz.webp\",\"datePublished\":\"2026-02-10T09:27:53+00:00\",\"description\":\"Planche dorsale en mati\u00e8re plastique \u00e0 haute r\u00e9sistance. Elle est translucide aux rayons X et est livr\u00e9e avec 20 poign\u00e9es de transport.\",\"breadcrumb\":{\"@id\":\"https:\\\/\\\/meber2026.graphoservice.it\\\/fr\\\/product\\\/galaxy-9012\\\/#breadcrumb\"},\"inLanguage\":\"fr-FR\",\"potentialAction\":[{\"@type\":\"ReadAction\",\"target\":[\"https:\\\/\\\/meber2026.graphoservice.it\\\/fr\\\/product\\\/galaxy-9012\\\/\"]}]},{\"@type\":\"ImageObject\",\"inLanguage\":\"fr-FR\",\"@id\":\"https:\\\/\\\/meber2026.graphoservice.it\\\/fr\\\/product\\\/galaxy-9012\\\/#primaryimage\",\"url\":\"https:\\\/\\\/meber2026.graphoservice.it\\\/wp-content\\\/uploads\\\/2026\\\/02\\\/Galaxy-9012-Tavola-spinale-adulto-arancio-orizz.webp\",\"contentUrl\":\"https:\\\/\\\/meber2026.graphoservice.it\\\/wp-content\\\/uploads\\\/2026\\\/02\\\/Galaxy-9012-Tavola-spinale-adulto-arancio-orizz.webp\",\"width\":2000,\"height\":2000},{\"@type\":\"BreadcrumbList\",\"@id\":\"https:\\\/\\\/meber2026.graphoservice.it\\\/fr\\\/product\\\/galaxy-9012\\\/#breadcrumb\",\"itemListElement\":[{\"@type\":\"ListItem\",\"position\":1,\"name\":\"Home\",\"item\":\"https:\\\/\\\/meber2026.graphoservice.it\\\/fr\\\/\"},{\"@type\":\"ListItem\",\"position\":2,\"name\":\"Galaxy 9012\"}]},{\"@type\":\"WebSite\",\"@id\":\"https:\\\/\\\/meber2026.graphoservice.it\\\/fr\\\/#website\",\"url\":\"https:\\\/\\\/meber2026.graphoservice.it\\\/fr\\\/\",\"name\":\"Me.Ber.\",\"description\":\"In Case of Emergerncy\",\"potentialAction\":[{\"@type\":\"SearchAction\",\"target\":{\"@type\":\"EntryPoint\",\"urlTemplate\":\"https:\\\/\\\/meber2026.graphoservice.it\\\/fr\\\/?s={search_term_string}\"},\"query-input\":{\"@type\":\"PropertyValueSpecification\",\"valueRequired\":true,\"valueName\":\"search_term_string\"}}],\"inLanguage\":\"fr-FR\"}]}<\/script>\n<!-- \/ Yoast SEO plugin. -->","yoast_head_json":{"title":"Planche dorsale orange \u2013 Meber","description":"Planche dorsale en mati\u00e8re plastique \u00e0 haute r\u00e9sistance. Elle est translucide aux rayons X et est livr\u00e9e avec 20 poign\u00e9es de transport.","robots":{"index":"noindex","follow":"follow","max-snippet":"max-snippet:-1","max-image-preview":"max-image-preview:large","max-video-preview":"max-video-preview:-1"},"og_locale":"fr_FR","og_type":"article","og_title":"Planche dorsale orange \u2013 Meber","og_description":"Planche dorsale en mati\u00e8re plastique \u00e0 haute r\u00e9sistance. Elle est translucide aux rayons X et est livr\u00e9e avec 20 poign\u00e9es de transport.","og_url":"https:\/\/meber2026.graphoservice.it\/fr\/product\/galaxy-9012\/","og_site_name":"Me.Ber.","twitter_card":"summary_large_image","twitter_misc":{"Dur\u00e9e de lecture estim\u00e9e":"1 minute"},"schema":{"@context":"https:\/\/schema.org","@graph":[{"@type":"WebPage","@id":"https:\/\/meber2026.graphoservice.it\/fr\/product\/galaxy-9012\/","url":"https:\/\/meber2026.graphoservice.it\/fr\/product\/galaxy-9012\/","name":"Planche dorsale orange \u2013 Meber","isPartOf":{"@id":"https:\/\/meber2026.graphoservice.it\/fr\/#website"},"primaryImageOfPage":{"@id":"https:\/\/meber2026.graphoservice.it\/fr\/product\/galaxy-9012\/#primaryimage"},"image":{"@id":"https:\/\/meber2026.graphoservice.it\/fr\/product\/galaxy-9012\/#primaryimage"},"thumbnailUrl":"https:\/\/meber2026.graphoservice.it\/wp-content\/uploads\/2026\/02\/Galaxy-9012-Tavola-spinale-adulto-arancio-orizz.webp","datePublished":"2026-02-10T09:27:53+00:00","description":"Planche dorsale en mati\u00e8re plastique \u00e0 haute r\u00e9sistance. Elle est translucide aux rayons X et est livr\u00e9e avec 20 poign\u00e9es de transport.","breadcrumb":{"@id":"https:\/\/meber2026.graphoservice.it\/fr\/product\/galaxy-9012\/#breadcrumb"},"inLanguage":"fr-FR","potentialAction":[{"@type":"ReadAction","target":["https:\/\/meber2026.graphoservice.it\/fr\/product\/galaxy-9012\/"]}]},{"@type":"ImageObject","inLanguage":"fr-FR","@id":"https:\/\/meber2026.graphoservice.it\/fr\/product\/galaxy-9012\/#primaryimage","url":"https:\/\/meber2026.graphoservice.it\/wp-content\/uploads\/2026\/02\/Galaxy-9012-Tavola-spinale-adulto-arancio-orizz.webp","contentUrl":"https:\/\/meber2026.graphoservice.it\/wp-content\/uploads\/2026\/02\/Galaxy-9012-Tavola-spinale-adulto-arancio-orizz.webp","width":2000,"height":2000},{"@type":"BreadcrumbList","@id":"https:\/\/meber2026.graphoservice.it\/fr\/product\/galaxy-9012\/#breadcrumb","itemListElement":[{"@type":"ListItem","position":1,"name":"Home","item":"https:\/\/meber2026.graphoservice.it\/fr\/"},{"@type":"ListItem","position":2,"name":"Galaxy 9012"}]},{"@type":"WebSite","@id":"https:\/\/meber2026.graphoservice.it\/fr\/#website","url":"https:\/\/meber2026.graphoservice.it\/fr\/","name":"Me.Ber.","description":"In Case of Emergerncy","potentialAction":[{"@type":"SearchAction","target":{"@type":"EntryPoint","urlTemplate":"https:\/\/meber2026.graphoservice.it\/fr\/?s={search_term_string}"},"query-input":{"@type":"PropertyValueSpecification","valueRequired":true,"valueName":"search_term_string"}}],"inLanguage":"fr-FR"}]}},"_links":{"self":[{"href":"https:\/\/meber2026.graphoservice.it\/fr\/wp-json\/wp\/v2\/product\/19133","targetHints":{"allow":["GET"]}}],"collection":[{"href":"https:\/\/meber2026.graphoservice.it\/fr\/wp-json\/wp\/v2\/product"}],"about":[{"href":"https:\/\/meber2026.graphoservice.it\/fr\/wp-json\/wp\/v2\/types\/product"}],"author":[{"embeddable":true,"href":"https:\/\/meber2026.graphoservice.it\/fr\/wp-json\/wp\/v2\/users\/1"}],"version-history":[{"count":0,"href":"https:\/\/meber2026.graphoservice.it\/fr\/wp-json\/wp\/v2\/product\/19133\/revisions"}],"wp:featuredmedia":[{"embeddable":true,"href":"https:\/\/meber2026.graphoservice.it\/fr\/wp-json\/wp\/v2\/media\/26656"}],"wp:attachment":[{"href":"https:\/\/meber2026.graphoservice.it\/fr\/wp-json\/wp\/v2\/media?parent=19133"}],"wp:term":[{"taxonomy":"application-tag","embeddable":true,"href":"https:\/\/meber2026.graphoservice.it\/fr\/wp-json\/wp\/v2\/application-tag?post=19133"}],"curies":[{"name":"wp","href":"https:\/\/api.w.org\/{rel}","templated":true}]}}