{"id":19123,"date":"2026-02-10T09:27:52","date_gmt":"2026-02-10T09:27:52","guid":{"rendered":"https:\/\/meber2026.graphoservice.it\/product\/proxima-pro-683\/"},"modified":"2026-02-10T09:27:52","modified_gmt":"2026-02-10T09:27:52","slug":"proxima-pro-683","status":"publish","type":"product","link":"https:\/\/meber2026.graphoservice.it\/fr\/product\/proxima-pro-683\/","title":{"rendered":"Proxima Pro 683"},"content":{"rendered":"<p>Construite en alliage d\u2019aluminium, elle se diff\u00e9rencie des autres versions \u00ab Proxima \u00bb par sa l\u00e9g\u00e8ret\u00e9. Le dossier et l\u2019assise sont rembourr\u00e9s avec une \u00e9ponge ignifuge et recouverts de ska\u00ef pour rendre le produit particuli\u00e8rement confortable et facile \u00e0 nettoyer. Elle est \u00e9quip\u00e9e de 4 roulettes pivotantes \u00d8 150 mm (2 roues arri\u00e8re pivotantes avec frein de stationnement et 2 avant fixes), de 2 poign\u00e9es arri\u00e8re, de 4 leviers amovibles (2 avant et 2 arri\u00e8re, \u00d8 35 mm pour un coulissement efficace) et d\u2019accoudoirs rabattables recouverts d\u2019une gaine matelass\u00e9e grand confort. Les roues peuvent \u00eatre invers\u00e9es en pla\u00e7ant le frein directionnel \u00e0 l\u2019arri\u00e8re et le frein de stationnement \u00e0 l\u2019avant. Elle est livr\u00e9e en standard avec une ceinture thoraco-abdominale. Disponible en tant qu\u2019accessoire, le syst\u00e8me de fixation d\u00e9di\u00e9 certifi\u00e9 UNI EN 1789 Art. 620 (voir la cat\u00e9gorie \u00ab\u00a0Syst\u00e8mes de fixation\u00a0\u00bb).<br \/>\n\u00a0 <img loading=\"lazy\" decoding=\"async\" alt=\"\" height=\"88\" src=\"http:\/\/www.meber.it\/\/adm\/Images\/contents\/10G Logo 2019_def.png\" width=\"80\" \/><br \/>\n<strong>Appareil certifi\u00e9 selon les normes de s\u00e9curit\u00e9 harmonis\u00e9es UNI EN 1865 &#8211; UNI EN 1789<\/strong><\/p>\n","protected":false},"excerpt":{"rendered":"<p>Construite en alliage d\u2019aluminium, elle se diff\u00e9rencie des autres versions \u00ab Proxima \u00bb par sa l\u00e9g\u00e8ret\u00e9. Le dossier et l\u2019assise sont rembourr\u00e9s avec une \u00e9ponge ignifuge et recouverts de ska\u00ef pour rendre le produit particuli\u00e8rement confortable et facile \u00e0 nettoyer. Elle est \u00e9quip\u00e9e de 4 roulettes pivotantes \u00d8 150 mm (2 roues arri\u00e8re pivotantes avec [&hellip;]<\/p>\n","protected":false},"author":1,"featured_media":26111,"parent":0,"menu_order":30000600,"template":"","meta":{"_acf_changed":false,"footnotes":""},"application-tag":[],"class_list":["post-19123","product","type-product","status-publish","has-post-thumbnail","hentry"],"acf":[],"dsm_author":{"name":"admeb26","avatar_url":"https:\/\/meber2026.graphoservice.it\/wp-content\/plugins\/ultimate-member\/assets\/img\/default_avatar.jpg","archive_link":"https:\/\/meber2026.graphoservice.it\/fr\/author\/admeb26\/","biodata":""},"dsm_categories":[],"dsm_attachment_categories":[],"dsm_featured_image":{"thumbnail":"https:\/\/meber2026.graphoservice.it\/wp-content\/uploads\/2026\/02\/Proxima_2025-150x150.webp","medium":"https:\/\/meber2026.graphoservice.it\/wp-content\/uploads\/2026\/02\/Proxima_2025-300x300.webp","medium_large":"https:\/\/meber2026.graphoservice.it\/wp-content\/uploads\/2026\/02\/Proxima_2025-768x768.webp","large":"https:\/\/meber2026.graphoservice.it\/wp-content\/uploads\/2026\/02\/Proxima_2025-1024x1024.webp","1536x1536":"https:\/\/meber2026.graphoservice.it\/wp-content\/uploads\/2026\/02\/Proxima_2025-1536x1536.webp","2048x2048":"https:\/\/meber2026.graphoservice.it\/wp-content\/uploads\/2026\/02\/Proxima_2025-2048x2048.webp","et-pb-post-main-image":"https:\/\/meber2026.graphoservice.it\/wp-content\/uploads\/2026\/02\/Proxima_2025-400x250.webp","et-pb-post-main-image-fullwidth":"https:\/\/meber2026.graphoservice.it\/wp-content\/uploads\/2026\/02\/Proxima_2025-1080x675.webp","et-pb-portfolio-image":"https:\/\/meber2026.graphoservice.it\/wp-content\/uploads\/2026\/02\/Proxima_2025-400x284.webp","et-pb-portfolio-module-image":"https:\/\/meber2026.graphoservice.it\/wp-content\/uploads\/2026\/02\/Proxima_2025-510x382.webp","et-pb-portfolio-image-single":"https:\/\/meber2026.graphoservice.it\/wp-content\/uploads\/2026\/02\/Proxima_2025-1080x1080.webp","et-pb-gallery-module-image-portrait":"https:\/\/meber2026.graphoservice.it\/wp-content\/uploads\/2026\/02\/Proxima_2025-400x516.webp","et-pb-post-main-image-fullwidth-large":"https:\/\/meber2026.graphoservice.it\/wp-content\/uploads\/2026\/02\/Proxima_2025-2500x1800.webp","et-pb-image--responsive--desktop":"https:\/\/meber2026.graphoservice.it\/wp-content\/uploads\/2026\/02\/Proxima_2025-1280x1280.webp","et-pb-image--responsive--tablet":"https:\/\/meber2026.graphoservice.it\/wp-content\/uploads\/2026\/02\/Proxima_2025-980x980.webp","et-pb-image--responsive--phone":"https:\/\/meber2026.graphoservice.it\/wp-content\/uploads\/2026\/02\/Proxima_2025-480x480.webp","full":"https:\/\/meber2026.graphoservice.it\/wp-content\/uploads\/2026\/02\/Proxima_2025.webp"},"yoast_head":"<!-- This site is optimized with the Yoast SEO plugin v27.4 - https:\/\/yoast.com\/product\/yoast-seo-wordpress\/ -->\n<title>Chaise portoir rembourr\u00e9e Proxima \u2013 Meber<\/title>\n<meta name=\"description\" content=\"Chaise portoir fixe rembourr\u00e9e en aluminium, caract\u00e9ris\u00e9e par sa l\u00e9g\u00e8ret\u00e9.\" \/>\n<meta name=\"robots\" content=\"noindex, follow, max-snippet:-1, max-image-preview:large, max-video-preview:-1\" \/>\n<meta property=\"og:locale\" content=\"fr_FR\" \/>\n<meta property=\"og:type\" content=\"article\" \/>\n<meta property=\"og:title\" content=\"Chaise portoir rembourr\u00e9e Proxima \u2013 Meber\" \/>\n<meta property=\"og:description\" content=\"Chaise portoir fixe rembourr\u00e9e en aluminium, caract\u00e9ris\u00e9e par sa l\u00e9g\u00e8ret\u00e9.\" \/>\n<meta property=\"og:url\" content=\"https:\/\/meber2026.graphoservice.it\/fr\/product\/proxima-pro-683\/\" \/>\n<meta property=\"og:site_name\" content=\"Me.Ber.\" \/>\n<meta name=\"twitter:card\" content=\"summary_large_image\" \/>\n<meta name=\"twitter:label1\" content=\"Dur\u00e9e de lecture estim\u00e9e\" \/>\n\t<meta name=\"twitter:data1\" content=\"1 minute\" \/>\n<script type=\"application\/ld+json\" class=\"yoast-schema-graph\">{\"@context\":\"https:\\\/\\\/schema.org\",\"@graph\":[{\"@type\":\"WebPage\",\"@id\":\"https:\\\/\\\/meber2026.graphoservice.it\\\/fr\\\/product\\\/proxima-pro-683\\\/\",\"url\":\"https:\\\/\\\/meber2026.graphoservice.it\\\/fr\\\/product\\\/proxima-pro-683\\\/\",\"name\":\"Chaise portoir rembourr\u00e9e Proxima \u2013 Meber\",\"isPartOf\":{\"@id\":\"https:\\\/\\\/meber2026.graphoservice.it\\\/fr\\\/#website\"},\"primaryImageOfPage\":{\"@id\":\"https:\\\/\\\/meber2026.graphoservice.it\\\/fr\\\/product\\\/proxima-pro-683\\\/#primaryimage\"},\"image\":{\"@id\":\"https:\\\/\\\/meber2026.graphoservice.it\\\/fr\\\/product\\\/proxima-pro-683\\\/#primaryimage\"},\"thumbnailUrl\":\"https:\\\/\\\/meber2026.graphoservice.it\\\/wp-content\\\/uploads\\\/2026\\\/02\\\/Proxima_2025.webp\",\"datePublished\":\"2026-02-10T09:27:52+00:00\",\"description\":\"Chaise portoir fixe rembourr\u00e9e en aluminium, caract\u00e9ris\u00e9e par sa l\u00e9g\u00e8ret\u00e9.\",\"breadcrumb\":{\"@id\":\"https:\\\/\\\/meber2026.graphoservice.it\\\/fr\\\/product\\\/proxima-pro-683\\\/#breadcrumb\"},\"inLanguage\":\"fr-FR\",\"potentialAction\":[{\"@type\":\"ReadAction\",\"target\":[\"https:\\\/\\\/meber2026.graphoservice.it\\\/fr\\\/product\\\/proxima-pro-683\\\/\"]}]},{\"@type\":\"ImageObject\",\"inLanguage\":\"fr-FR\",\"@id\":\"https:\\\/\\\/meber2026.graphoservice.it\\\/fr\\\/product\\\/proxima-pro-683\\\/#primaryimage\",\"url\":\"https:\\\/\\\/meber2026.graphoservice.it\\\/wp-content\\\/uploads\\\/2026\\\/02\\\/Proxima_2025.webp\",\"contentUrl\":\"https:\\\/\\\/meber2026.graphoservice.it\\\/wp-content\\\/uploads\\\/2026\\\/02\\\/Proxima_2025.webp\",\"width\":2500,\"height\":2500},{\"@type\":\"BreadcrumbList\",\"@id\":\"https:\\\/\\\/meber2026.graphoservice.it\\\/fr\\\/product\\\/proxima-pro-683\\\/#breadcrumb\",\"itemListElement\":[{\"@type\":\"ListItem\",\"position\":1,\"name\":\"Home\",\"item\":\"https:\\\/\\\/meber2026.graphoservice.it\\\/fr\\\/\"},{\"@type\":\"ListItem\",\"position\":2,\"name\":\"Proxima Pro 683\"}]},{\"@type\":\"WebSite\",\"@id\":\"https:\\\/\\\/meber2026.graphoservice.it\\\/fr\\\/#website\",\"url\":\"https:\\\/\\\/meber2026.graphoservice.it\\\/fr\\\/\",\"name\":\"Me.Ber.\",\"description\":\"In Case of Emergerncy\",\"potentialAction\":[{\"@type\":\"SearchAction\",\"target\":{\"@type\":\"EntryPoint\",\"urlTemplate\":\"https:\\\/\\\/meber2026.graphoservice.it\\\/fr\\\/?s={search_term_string}\"},\"query-input\":{\"@type\":\"PropertyValueSpecification\",\"valueRequired\":true,\"valueName\":\"search_term_string\"}}],\"inLanguage\":\"fr-FR\"}]}<\/script>\n<!-- \/ Yoast SEO plugin. -->","yoast_head_json":{"title":"Chaise portoir rembourr\u00e9e Proxima \u2013 Meber","description":"Chaise portoir fixe rembourr\u00e9e en aluminium, caract\u00e9ris\u00e9e par sa l\u00e9g\u00e8ret\u00e9.","robots":{"index":"noindex","follow":"follow","max-snippet":"max-snippet:-1","max-image-preview":"max-image-preview:large","max-video-preview":"max-video-preview:-1"},"og_locale":"fr_FR","og_type":"article","og_title":"Chaise portoir rembourr\u00e9e Proxima \u2013 Meber","og_description":"Chaise portoir fixe rembourr\u00e9e en aluminium, caract\u00e9ris\u00e9e par sa l\u00e9g\u00e8ret\u00e9.","og_url":"https:\/\/meber2026.graphoservice.it\/fr\/product\/proxima-pro-683\/","og_site_name":"Me.Ber.","twitter_card":"summary_large_image","twitter_misc":{"Dur\u00e9e de lecture estim\u00e9e":"1 minute"},"schema":{"@context":"https:\/\/schema.org","@graph":[{"@type":"WebPage","@id":"https:\/\/meber2026.graphoservice.it\/fr\/product\/proxima-pro-683\/","url":"https:\/\/meber2026.graphoservice.it\/fr\/product\/proxima-pro-683\/","name":"Chaise portoir rembourr\u00e9e Proxima \u2013 Meber","isPartOf":{"@id":"https:\/\/meber2026.graphoservice.it\/fr\/#website"},"primaryImageOfPage":{"@id":"https:\/\/meber2026.graphoservice.it\/fr\/product\/proxima-pro-683\/#primaryimage"},"image":{"@id":"https:\/\/meber2026.graphoservice.it\/fr\/product\/proxima-pro-683\/#primaryimage"},"thumbnailUrl":"https:\/\/meber2026.graphoservice.it\/wp-content\/uploads\/2026\/02\/Proxima_2025.webp","datePublished":"2026-02-10T09:27:52+00:00","description":"Chaise portoir fixe rembourr\u00e9e en aluminium, caract\u00e9ris\u00e9e par sa l\u00e9g\u00e8ret\u00e9.","breadcrumb":{"@id":"https:\/\/meber2026.graphoservice.it\/fr\/product\/proxima-pro-683\/#breadcrumb"},"inLanguage":"fr-FR","potentialAction":[{"@type":"ReadAction","target":["https:\/\/meber2026.graphoservice.it\/fr\/product\/proxima-pro-683\/"]}]},{"@type":"ImageObject","inLanguage":"fr-FR","@id":"https:\/\/meber2026.graphoservice.it\/fr\/product\/proxima-pro-683\/#primaryimage","url":"https:\/\/meber2026.graphoservice.it\/wp-content\/uploads\/2026\/02\/Proxima_2025.webp","contentUrl":"https:\/\/meber2026.graphoservice.it\/wp-content\/uploads\/2026\/02\/Proxima_2025.webp","width":2500,"height":2500},{"@type":"BreadcrumbList","@id":"https:\/\/meber2026.graphoservice.it\/fr\/product\/proxima-pro-683\/#breadcrumb","itemListElement":[{"@type":"ListItem","position":1,"name":"Home","item":"https:\/\/meber2026.graphoservice.it\/fr\/"},{"@type":"ListItem","position":2,"name":"Proxima Pro 683"}]},{"@type":"WebSite","@id":"https:\/\/meber2026.graphoservice.it\/fr\/#website","url":"https:\/\/meber2026.graphoservice.it\/fr\/","name":"Me.Ber.","description":"In Case of Emergerncy","potentialAction":[{"@type":"SearchAction","target":{"@type":"EntryPoint","urlTemplate":"https:\/\/meber2026.graphoservice.it\/fr\/?s={search_term_string}"},"query-input":{"@type":"PropertyValueSpecification","valueRequired":true,"valueName":"search_term_string"}}],"inLanguage":"fr-FR"}]}},"_links":{"self":[{"href":"https:\/\/meber2026.graphoservice.it\/fr\/wp-json\/wp\/v2\/product\/19123","targetHints":{"allow":["GET"]}}],"collection":[{"href":"https:\/\/meber2026.graphoservice.it\/fr\/wp-json\/wp\/v2\/product"}],"about":[{"href":"https:\/\/meber2026.graphoservice.it\/fr\/wp-json\/wp\/v2\/types\/product"}],"author":[{"embeddable":true,"href":"https:\/\/meber2026.graphoservice.it\/fr\/wp-json\/wp\/v2\/users\/1"}],"version-history":[{"count":0,"href":"https:\/\/meber2026.graphoservice.it\/fr\/wp-json\/wp\/v2\/product\/19123\/revisions"}],"wp:featuredmedia":[{"embeddable":true,"href":"https:\/\/meber2026.graphoservice.it\/fr\/wp-json\/wp\/v2\/media\/26111"}],"wp:attachment":[{"href":"https:\/\/meber2026.graphoservice.it\/fr\/wp-json\/wp\/v2\/media?parent=19123"}],"wp:term":[{"taxonomy":"application-tag","embeddable":true,"href":"https:\/\/meber2026.graphoservice.it\/fr\/wp-json\/wp\/v2\/application-tag?post=19123"}],"curies":[{"name":"wp","href":"https:\/\/api.w.org\/{rel}","templated":true}]}}