{"id":19113,"date":"2026-02-10T09:27:51","date_gmt":"2026-02-10T09:27:51","guid":{"rendered":"https:\/\/meber2026.graphoservice.it\/product\/678-extra-lite-basic\/"},"modified":"2026-04-28T16:14:34","modified_gmt":"2026-04-28T16:14:34","slug":"678-extra-lite-basic","status":"publish","type":"product","link":"https:\/\/meber2026.graphoservice.it\/fr\/product\/678-extra-lite-basic\/","title":{"rendered":"678 Extra Lite Basic"},"content":{"rendered":"<p style=\"\">EXTRA LITE basic est la chaise portoir Me.Ber. enti\u00e8rement r\u00e9alis\u00e9e avec des alliages d\u2019aluminium. Les poign\u00e9es arri\u00e8re et la configuration particuli\u00e8re des leviers avant assurent une r\u00e9partition parfaite du poids, soulageant les efforts des op\u00e9rateurs.<\/p>\n<p style=\"\">La structure et l\u2019ergonomie de l\u2019assise et du dossier assurent un grand confort au patient. En conduite \u00e0 plat, les roues arri\u00e8re de 200 mm et les roues avant de 125 mm garantissent \u00e9galement une excellente maniabilit\u00e9.<strong>\u00a0<\/strong><\/p>\n<p><img decoding=\"async\" akzidenz=\"\" alt=\"\" be=\"\" grotesk=\"\" height:=\"\" src=\"\/adm\/Images\/contents\/10G Logo 2019_def.png\" style=\"color: rgb(98, 98, 98); height: 74px; width: 80px;\" text-align:=\"\" width:=\"\" \/><br \/>\n<strong>Appareil certifi\u00e9 selon les normes harmonis\u00e9es UNI EN 1865 &#8211; UNI EN 1789.<\/strong><\/p>\n","protected":false},"excerpt":{"rendered":"<p>EXTRA LITE basic est la chaise portoir Me.Ber. enti\u00e8rement r\u00e9alis\u00e9e avec des alliages d\u2019aluminium. Les poign\u00e9es arri\u00e8re et la configuration particuli\u00e8re des leviers avant assurent une r\u00e9partition parfaite du poids, soulageant les efforts des op\u00e9rateurs. La structure et l\u2019ergonomie de l\u2019assise et du dossier assurent un grand confort au patient. En conduite \u00e0 plat, les [&hellip;]<\/p>\n","protected":false},"author":1,"featured_media":24220,"parent":0,"menu_order":30000200,"template":"","meta":{"_acf_changed":false,"footnotes":""},"application-tag":[65,80],"class_list":["post-19113","product","type-product","status-publish","has-post-thumbnail","hentry","application-tag-certifie-10g","application-tag-chaises-devacuation"],"acf":[],"dsm_author":{"name":"admeb26","avatar_url":"https:\/\/meber2026.graphoservice.it\/wp-content\/plugins\/ultimate-member\/assets\/img\/default_avatar.jpg","archive_link":"https:\/\/meber2026.graphoservice.it\/fr\/author\/admeb26\/","biodata":""},"dsm_categories":[],"dsm_attachment_categories":[],"dsm_featured_image":{"thumbnail":"https:\/\/meber2026.graphoservice.it\/wp-content\/uploads\/2026\/02\/678_Extra_Lite_grigia-copia-150x150.webp","medium":"https:\/\/meber2026.graphoservice.it\/wp-content\/uploads\/2026\/02\/678_Extra_Lite_grigia-copia-300x300.webp","medium_large":"https:\/\/meber2026.graphoservice.it\/wp-content\/uploads\/2026\/02\/678_Extra_Lite_grigia-copia-768x768.webp","large":"https:\/\/meber2026.graphoservice.it\/wp-content\/uploads\/2026\/02\/678_Extra_Lite_grigia-copia-1024x1024.webp","1536x1536":"https:\/\/meber2026.graphoservice.it\/wp-content\/uploads\/2026\/02\/678_Extra_Lite_grigia-copia-1536x1536.webp","2048x2048":"https:\/\/meber2026.graphoservice.it\/wp-content\/uploads\/2026\/02\/678_Extra_Lite_grigia-copia.webp","et-pb-post-main-image":"https:\/\/meber2026.graphoservice.it\/wp-content\/uploads\/2026\/02\/678_Extra_Lite_grigia-copia-400x250.webp","et-pb-post-main-image-fullwidth":"https:\/\/meber2026.graphoservice.it\/wp-content\/uploads\/2026\/02\/678_Extra_Lite_grigia-copia-1080x675.webp","et-pb-portfolio-image":"https:\/\/meber2026.graphoservice.it\/wp-content\/uploads\/2026\/02\/678_Extra_Lite_grigia-copia-400x284.webp","et-pb-portfolio-module-image":"https:\/\/meber2026.graphoservice.it\/wp-content\/uploads\/2026\/02\/678_Extra_Lite_grigia-copia-510x382.webp","et-pb-portfolio-image-single":"https:\/\/meber2026.graphoservice.it\/wp-content\/uploads\/2026\/02\/678_Extra_Lite_grigia-copia-1080x1080.webp","et-pb-gallery-module-image-portrait":"https:\/\/meber2026.graphoservice.it\/wp-content\/uploads\/2026\/02\/678_Extra_Lite_grigia-copia-400x516.webp","et-pb-post-main-image-fullwidth-large":"https:\/\/meber2026.graphoservice.it\/wp-content\/uploads\/2026\/02\/678_Extra_Lite_grigia-copia-2000x1800.webp","et-pb-image--responsive--desktop":"https:\/\/meber2026.graphoservice.it\/wp-content\/uploads\/2026\/02\/678_Extra_Lite_grigia-copia-1280x1280.webp","et-pb-image--responsive--tablet":"https:\/\/meber2026.graphoservice.it\/wp-content\/uploads\/2026\/02\/678_Extra_Lite_grigia-copia-980x980.webp","et-pb-image--responsive--phone":"https:\/\/meber2026.graphoservice.it\/wp-content\/uploads\/2026\/02\/678_Extra_Lite_grigia-copia-480x480.webp","full":"https:\/\/meber2026.graphoservice.it\/wp-content\/uploads\/2026\/02\/678_Extra_Lite_grigia-copia.webp"},"yoast_head":"<!-- This site is optimized with the Yoast SEO plugin v27.4 - https:\/\/yoast.com\/product\/yoast-seo-wordpress\/ -->\n<title>Extra Lite Basic 678<\/title>\n<meta name=\"description\" content=\"Chaise monte-escalier pliante, l\u2019une des plus l\u00e9g\u00e8res du march\u00e9.\" \/>\n<meta name=\"robots\" content=\"noindex, follow, max-snippet:-1, max-image-preview:large, max-video-preview:-1\" \/>\n<meta property=\"og:locale\" content=\"fr_FR\" \/>\n<meta property=\"og:type\" content=\"article\" \/>\n<meta property=\"og:title\" content=\"Extra Lite Basic 678\" \/>\n<meta property=\"og:description\" content=\"Chaise monte-escalier pliante, l\u2019une des plus l\u00e9g\u00e8res du march\u00e9.\" \/>\n<meta property=\"og:url\" content=\"https:\/\/meber2026.graphoservice.it\/fr\/product\/678-extra-lite-basic\/\" \/>\n<meta property=\"og:site_name\" content=\"Me.Ber.\" \/>\n<meta property=\"article:modified_time\" content=\"2026-04-28T16:14:34+00:00\" \/>\n<meta property=\"og:image\" content=\"https:\/\/meber2026.graphoservice.it\/wp-content\/uploads\/2026\/02\/678_Extra_Lite_grigia-copia.webp\" \/>\n\t<meta property=\"og:image:width\" content=\"2000\" \/>\n\t<meta property=\"og:image:height\" content=\"2000\" \/>\n\t<meta property=\"og:image:type\" content=\"image\/webp\" \/>\n<meta name=\"twitter:card\" content=\"summary_large_image\" \/>\n<script type=\"application\/ld+json\" class=\"yoast-schema-graph\">{\"@context\":\"https:\\\/\\\/schema.org\",\"@graph\":[{\"@type\":\"WebPage\",\"@id\":\"https:\\\/\\\/meber2026.graphoservice.it\\\/fr\\\/product\\\/678-extra-lite-basic\\\/\",\"url\":\"https:\\\/\\\/meber2026.graphoservice.it\\\/fr\\\/product\\\/678-extra-lite-basic\\\/\",\"name\":\"Extra Lite Basic 678\",\"isPartOf\":{\"@id\":\"https:\\\/\\\/meber2026.graphoservice.it\\\/fr\\\/#website\"},\"primaryImageOfPage\":{\"@id\":\"https:\\\/\\\/meber2026.graphoservice.it\\\/fr\\\/product\\\/678-extra-lite-basic\\\/#primaryimage\"},\"image\":{\"@id\":\"https:\\\/\\\/meber2026.graphoservice.it\\\/fr\\\/product\\\/678-extra-lite-basic\\\/#primaryimage\"},\"thumbnailUrl\":\"https:\\\/\\\/meber2026.graphoservice.it\\\/wp-content\\\/uploads\\\/2026\\\/02\\\/678_Extra_Lite_grigia-copia.webp\",\"datePublished\":\"2026-02-10T09:27:51+00:00\",\"dateModified\":\"2026-04-28T16:14:34+00:00\",\"description\":\"Chaise monte-escalier pliante, l\u2019une des plus l\u00e9g\u00e8res du march\u00e9.\",\"breadcrumb\":{\"@id\":\"https:\\\/\\\/meber2026.graphoservice.it\\\/fr\\\/product\\\/678-extra-lite-basic\\\/#breadcrumb\"},\"inLanguage\":\"fr-FR\",\"potentialAction\":[{\"@type\":\"ReadAction\",\"target\":[\"https:\\\/\\\/meber2026.graphoservice.it\\\/fr\\\/product\\\/678-extra-lite-basic\\\/\"]}]},{\"@type\":\"ImageObject\",\"inLanguage\":\"fr-FR\",\"@id\":\"https:\\\/\\\/meber2026.graphoservice.it\\\/fr\\\/product\\\/678-extra-lite-basic\\\/#primaryimage\",\"url\":\"https:\\\/\\\/meber2026.graphoservice.it\\\/wp-content\\\/uploads\\\/2026\\\/02\\\/678_Extra_Lite_grigia-copia.webp\",\"contentUrl\":\"https:\\\/\\\/meber2026.graphoservice.it\\\/wp-content\\\/uploads\\\/2026\\\/02\\\/678_Extra_Lite_grigia-copia.webp\",\"width\":2000,\"height\":2000},{\"@type\":\"BreadcrumbList\",\"@id\":\"https:\\\/\\\/meber2026.graphoservice.it\\\/fr\\\/product\\\/678-extra-lite-basic\\\/#breadcrumb\",\"itemListElement\":[{\"@type\":\"ListItem\",\"position\":1,\"name\":\"Home\",\"item\":\"https:\\\/\\\/meber2026.graphoservice.it\\\/fr\\\/\"},{\"@type\":\"ListItem\",\"position\":2,\"name\":\"678 Extra Lite Basic\"}]},{\"@type\":\"WebSite\",\"@id\":\"https:\\\/\\\/meber2026.graphoservice.it\\\/fr\\\/#website\",\"url\":\"https:\\\/\\\/meber2026.graphoservice.it\\\/fr\\\/\",\"name\":\"Me.Ber.\",\"description\":\"In Case of Emergerncy\",\"potentialAction\":[{\"@type\":\"SearchAction\",\"target\":{\"@type\":\"EntryPoint\",\"urlTemplate\":\"https:\\\/\\\/meber2026.graphoservice.it\\\/fr\\\/?s={search_term_string}\"},\"query-input\":{\"@type\":\"PropertyValueSpecification\",\"valueRequired\":true,\"valueName\":\"search_term_string\"}}],\"inLanguage\":\"fr-FR\"}]}<\/script>\n<!-- \/ Yoast SEO plugin. -->","yoast_head_json":{"title":"Extra Lite Basic 678","description":"Chaise monte-escalier pliante, l\u2019une des plus l\u00e9g\u00e8res du march\u00e9.","robots":{"index":"noindex","follow":"follow","max-snippet":"max-snippet:-1","max-image-preview":"max-image-preview:large","max-video-preview":"max-video-preview:-1"},"og_locale":"fr_FR","og_type":"article","og_title":"Extra Lite Basic 678","og_description":"Chaise monte-escalier pliante, l\u2019une des plus l\u00e9g\u00e8res du march\u00e9.","og_url":"https:\/\/meber2026.graphoservice.it\/fr\/product\/678-extra-lite-basic\/","og_site_name":"Me.Ber.","article_modified_time":"2026-04-28T16:14:34+00:00","og_image":[{"width":2000,"height":2000,"url":"https:\/\/meber2026.graphoservice.it\/wp-content\/uploads\/2026\/02\/678_Extra_Lite_grigia-copia.webp","type":"image\/webp"}],"twitter_card":"summary_large_image","schema":{"@context":"https:\/\/schema.org","@graph":[{"@type":"WebPage","@id":"https:\/\/meber2026.graphoservice.it\/fr\/product\/678-extra-lite-basic\/","url":"https:\/\/meber2026.graphoservice.it\/fr\/product\/678-extra-lite-basic\/","name":"Extra Lite Basic 678","isPartOf":{"@id":"https:\/\/meber2026.graphoservice.it\/fr\/#website"},"primaryImageOfPage":{"@id":"https:\/\/meber2026.graphoservice.it\/fr\/product\/678-extra-lite-basic\/#primaryimage"},"image":{"@id":"https:\/\/meber2026.graphoservice.it\/fr\/product\/678-extra-lite-basic\/#primaryimage"},"thumbnailUrl":"https:\/\/meber2026.graphoservice.it\/wp-content\/uploads\/2026\/02\/678_Extra_Lite_grigia-copia.webp","datePublished":"2026-02-10T09:27:51+00:00","dateModified":"2026-04-28T16:14:34+00:00","description":"Chaise monte-escalier pliante, l\u2019une des plus l\u00e9g\u00e8res du march\u00e9.","breadcrumb":{"@id":"https:\/\/meber2026.graphoservice.it\/fr\/product\/678-extra-lite-basic\/#breadcrumb"},"inLanguage":"fr-FR","potentialAction":[{"@type":"ReadAction","target":["https:\/\/meber2026.graphoservice.it\/fr\/product\/678-extra-lite-basic\/"]}]},{"@type":"ImageObject","inLanguage":"fr-FR","@id":"https:\/\/meber2026.graphoservice.it\/fr\/product\/678-extra-lite-basic\/#primaryimage","url":"https:\/\/meber2026.graphoservice.it\/wp-content\/uploads\/2026\/02\/678_Extra_Lite_grigia-copia.webp","contentUrl":"https:\/\/meber2026.graphoservice.it\/wp-content\/uploads\/2026\/02\/678_Extra_Lite_grigia-copia.webp","width":2000,"height":2000},{"@type":"BreadcrumbList","@id":"https:\/\/meber2026.graphoservice.it\/fr\/product\/678-extra-lite-basic\/#breadcrumb","itemListElement":[{"@type":"ListItem","position":1,"name":"Home","item":"https:\/\/meber2026.graphoservice.it\/fr\/"},{"@type":"ListItem","position":2,"name":"678 Extra Lite Basic"}]},{"@type":"WebSite","@id":"https:\/\/meber2026.graphoservice.it\/fr\/#website","url":"https:\/\/meber2026.graphoservice.it\/fr\/","name":"Me.Ber.","description":"In Case of Emergerncy","potentialAction":[{"@type":"SearchAction","target":{"@type":"EntryPoint","urlTemplate":"https:\/\/meber2026.graphoservice.it\/fr\/?s={search_term_string}"},"query-input":{"@type":"PropertyValueSpecification","valueRequired":true,"valueName":"search_term_string"}}],"inLanguage":"fr-FR"}]}},"_links":{"self":[{"href":"https:\/\/meber2026.graphoservice.it\/fr\/wp-json\/wp\/v2\/product\/19113","targetHints":{"allow":["GET"]}}],"collection":[{"href":"https:\/\/meber2026.graphoservice.it\/fr\/wp-json\/wp\/v2\/product"}],"about":[{"href":"https:\/\/meber2026.graphoservice.it\/fr\/wp-json\/wp\/v2\/types\/product"}],"author":[{"embeddable":true,"href":"https:\/\/meber2026.graphoservice.it\/fr\/wp-json\/wp\/v2\/users\/1"}],"version-history":[{"count":1,"href":"https:\/\/meber2026.graphoservice.it\/fr\/wp-json\/wp\/v2\/product\/19113\/revisions"}],"predecessor-version":[{"id":31110,"href":"https:\/\/meber2026.graphoservice.it\/fr\/wp-json\/wp\/v2\/product\/19113\/revisions\/31110"}],"wp:featuredmedia":[{"embeddable":true,"href":"https:\/\/meber2026.graphoservice.it\/fr\/wp-json\/wp\/v2\/media\/24220"}],"wp:attachment":[{"href":"https:\/\/meber2026.graphoservice.it\/fr\/wp-json\/wp\/v2\/media?parent=19113"}],"wp:term":[{"taxonomy":"application-tag","embeddable":true,"href":"https:\/\/meber2026.graphoservice.it\/fr\/wp-json\/wp\/v2\/application-tag?post=19113"}],"curies":[{"name":"wp","href":"https:\/\/api.w.org\/{rel}","templated":true}]}}