{"id":19108,"date":"2026-02-10T09:27:50","date_gmt":"2026-02-10T09:27:50","guid":{"rendered":"https:\/\/meber2026.graphoservice.it\/product\/mbs-01-7270\/"},"modified":"2026-02-10T09:27:51","modified_gmt":"2026-02-10T09:27:51","slug":"mbs-01-7270","status":"publish","type":"product","link":"https:\/\/meber2026.graphoservice.it\/fr\/product\/mbs-01-7270\/","title":{"rendered":"MBS-01 7270"},"content":{"rendered":"<p>Brancard \u00e0 chargement automatique sp\u00e9cialement con\u00e7u pour le transport de patients bariatriques, et construit dans un alliage sp\u00e9cial d\u2019acier inoxydable \u00e0 haute r\u00e9sistance. Le ch\u00e2ssis a \u00e9t\u00e9 renforc\u00e9 pour garantir une capacit\u00e9 de 350 kg, augment\u00e9e par rapport aux autres brancards \u00e0 chargement automatique de la gamme Meber, et a \u00e9t\u00e9 \u00e9quip\u00e9 de 2 roues avant \u00d8125&#215;25 mm et de 2 roues arri\u00e8re \u00d8100&#215;25 mm pour une s\u00e9curit\u00e9 maximale lors du chargement et du d\u00e9chargement du v\u00e9hicule de sauvetage. Les 4 roues surdimensionn\u00e9es \u00d8200 mm, 2 fixes avec frein et 2 pivotantes \u00e0 centrage automatique, offrent un haut degr\u00e9 de confort au patient. La plateforme rigide construite en aluminium rend cet appareil facilement lavable et d\u00e9sinfect\u00e9. Il est \u00e9galement \u00e9quip\u00e9 d\u2019un dossier inclinable de 0 \u00e0 80\u00b0 actionn\u00e9 par un ressort \u00e0 gaz verrouillable dans n\u2019importe quelle position et de barri\u00e8res lat\u00e9rales rabattables. Les pieds verticaux sont prot\u00e9g\u00e9s par des pare-chocs en plastique. Il est fourni avec un matelas (art.7013) et des ceintures (2 art. 608-A\/MEB ou 608-N\/MEB et 1 ceinture art. 612\/AN-2\/MEB ou 612\/N-2\/MEB).<br \/>\nLa capacit\u00e9 accrue le rend id\u00e9al pour utiliser ce brancard en combinaison avec la plateforme bariatrique MBP (Art. 12080).<\/p>\n<p><img decoding=\"async\" alt=\"\" src=\"\/adm\/Images\/contents\/10G Logo 2019_def.png\" style=\"width: 80px; height: 74px;\" \/><\/p>\n","protected":false},"excerpt":{"rendered":"<p>Brancard \u00e0 chargement automatique sp\u00e9cialement con\u00e7u pour le transport de patients bariatriques, et construit dans un alliage sp\u00e9cial d\u2019acier inoxydable \u00e0 haute r\u00e9sistance. Le ch\u00e2ssis a \u00e9t\u00e9 renforc\u00e9 pour garantir une capacit\u00e9 de 350 kg, augment\u00e9e par rapport aux autres brancards \u00e0 chargement automatique de la gamme Meber, et a \u00e9t\u00e9 \u00e9quip\u00e9 de 2 roues [&hellip;]<\/p>\n","protected":false},"author":1,"featured_media":15756,"parent":0,"menu_order":20003000,"template":"","meta":{"_acf_changed":false,"footnotes":""},"application-tag":[],"class_list":["post-19108","product","type-product","status-publish","has-post-thumbnail","hentry"],"acf":[],"dsm_author":{"name":"admeb26","avatar_url":"https:\/\/meber2026.graphoservice.it\/wp-content\/plugins\/ultimate-member\/assets\/img\/default_avatar.jpg","archive_link":"https:\/\/meber2026.graphoservice.it\/fr\/author\/admeb26\/","biodata":""},"dsm_categories":[],"dsm_attachment_categories":[],"dsm_featured_image":{"thumbnail":"https:\/\/meber2026.graphoservice.it\/wp-content\/uploads\/2026\/02\/MBS-01_barella_obesi-150x150.jpg","medium":"https:\/\/meber2026.graphoservice.it\/wp-content\/uploads\/2026\/02\/MBS-01_barella_obesi-300x287.jpg","medium_large":"https:\/\/meber2026.graphoservice.it\/wp-content\/uploads\/2026\/02\/MBS-01_barella_obesi-768x736.jpg","large":"https:\/\/meber2026.graphoservice.it\/wp-content\/uploads\/2026\/02\/MBS-01_barella_obesi.jpg","1536x1536":"https:\/\/meber2026.graphoservice.it\/wp-content\/uploads\/2026\/02\/MBS-01_barella_obesi.jpg","2048x2048":"https:\/\/meber2026.graphoservice.it\/wp-content\/uploads\/2026\/02\/MBS-01_barella_obesi.jpg","et-pb-post-main-image":"https:\/\/meber2026.graphoservice.it\/wp-content\/uploads\/2026\/02\/MBS-01_barella_obesi-400x250.jpg","et-pb-post-main-image-fullwidth":"https:\/\/meber2026.graphoservice.it\/wp-content\/uploads\/2026\/02\/MBS-01_barella_obesi-780x675.jpg","et-pb-portfolio-image":"https:\/\/meber2026.graphoservice.it\/wp-content\/uploads\/2026\/02\/MBS-01_barella_obesi-400x284.jpg","et-pb-portfolio-module-image":"https:\/\/meber2026.graphoservice.it\/wp-content\/uploads\/2026\/02\/MBS-01_barella_obesi-510x382.jpg","et-pb-portfolio-image-single":"https:\/\/meber2026.graphoservice.it\/wp-content\/uploads\/2026\/02\/MBS-01_barella_obesi.jpg","et-pb-gallery-module-image-portrait":"https:\/\/meber2026.graphoservice.it\/wp-content\/uploads\/2026\/02\/MBS-01_barella_obesi-400x516.jpg","et-pb-post-main-image-fullwidth-large":"https:\/\/meber2026.graphoservice.it\/wp-content\/uploads\/2026\/02\/MBS-01_barella_obesi.jpg","et-pb-image--responsive--desktop":"https:\/\/meber2026.graphoservice.it\/wp-content\/uploads\/2026\/02\/MBS-01_barella_obesi.jpg","et-pb-image--responsive--tablet":"https:\/\/meber2026.graphoservice.it\/wp-content\/uploads\/2026\/02\/MBS-01_barella_obesi.jpg","et-pb-image--responsive--phone":"https:\/\/meber2026.graphoservice.it\/wp-content\/uploads\/2026\/02\/MBS-01_barella_obesi-480x460.jpg","full":"https:\/\/meber2026.graphoservice.it\/wp-content\/uploads\/2026\/02\/MBS-01_barella_obesi.jpg"},"yoast_head":"<!-- This site is optimized with the Yoast SEO plugin v27.4 - https:\/\/yoast.com\/product\/yoast-seo-wordpress\/ -->\n<title>Brancard bariatrique MBS-01<\/title>\n<meta name=\"description\" content=\"Brancard \u00e0 chargement automatique pour le transport bariatrique, construit dans un alliage sp\u00e9cial d\u2019acier inoxydable \u00e0 haute r\u00e9sistance. Le ch\u00e2ssis a \u00e9t\u00e9 renforc\u00e9 pour garantir une capacit\u00e9 de 350 kg.\" \/>\n<meta name=\"robots\" content=\"noindex, follow, max-snippet:-1, max-image-preview:large, max-video-preview:-1\" \/>\n<meta property=\"og:locale\" content=\"fr_FR\" \/>\n<meta property=\"og:type\" content=\"article\" \/>\n<meta property=\"og:title\" content=\"Brancard bariatrique MBS-01\" \/>\n<meta property=\"og:description\" content=\"Brancard \u00e0 chargement automatique pour le transport bariatrique, construit dans un alliage sp\u00e9cial d\u2019acier inoxydable \u00e0 haute r\u00e9sistance. Le ch\u00e2ssis a \u00e9t\u00e9 renforc\u00e9 pour garantir une capacit\u00e9 de 350 kg.\" \/>\n<meta property=\"og:url\" content=\"https:\/\/meber2026.graphoservice.it\/fr\/product\/mbs-01-7270\/\" \/>\n<meta property=\"og:site_name\" content=\"Me.Ber.\" \/>\n<meta property=\"article:modified_time\" content=\"2026-02-10T09:27:51+00:00\" \/>\n<meta name=\"twitter:card\" content=\"summary_large_image\" \/>\n<meta name=\"twitter:label1\" content=\"Dur\u00e9e de lecture estim\u00e9e\" \/>\n\t<meta name=\"twitter:data1\" content=\"1 minute\" \/>\n<script type=\"application\/ld+json\" class=\"yoast-schema-graph\">{\"@context\":\"https:\\\/\\\/schema.org\",\"@graph\":[{\"@type\":\"WebPage\",\"@id\":\"https:\\\/\\\/meber2026.graphoservice.it\\\/fr\\\/product\\\/mbs-01-7270\\\/\",\"url\":\"https:\\\/\\\/meber2026.graphoservice.it\\\/fr\\\/product\\\/mbs-01-7270\\\/\",\"name\":\"Brancard bariatrique MBS-01\",\"isPartOf\":{\"@id\":\"https:\\\/\\\/meber2026.graphoservice.it\\\/fr\\\/#website\"},\"primaryImageOfPage\":{\"@id\":\"https:\\\/\\\/meber2026.graphoservice.it\\\/fr\\\/product\\\/mbs-01-7270\\\/#primaryimage\"},\"image\":{\"@id\":\"https:\\\/\\\/meber2026.graphoservice.it\\\/fr\\\/product\\\/mbs-01-7270\\\/#primaryimage\"},\"thumbnailUrl\":\"https:\\\/\\\/meber2026.graphoservice.it\\\/wp-content\\\/uploads\\\/2026\\\/02\\\/MBS-01_barella_obesi.jpg\",\"datePublished\":\"2026-02-10T09:27:50+00:00\",\"dateModified\":\"2026-02-10T09:27:51+00:00\",\"description\":\"Brancard \u00e0 chargement automatique pour le transport bariatrique, construit dans un alliage sp\u00e9cial d\u2019acier inoxydable \u00e0 haute r\u00e9sistance. Le ch\u00e2ssis a \u00e9t\u00e9 renforc\u00e9 pour garantir une capacit\u00e9 de 350 kg.\",\"breadcrumb\":{\"@id\":\"https:\\\/\\\/meber2026.graphoservice.it\\\/fr\\\/product\\\/mbs-01-7270\\\/#breadcrumb\"},\"inLanguage\":\"fr-FR\",\"potentialAction\":[{\"@type\":\"ReadAction\",\"target\":[\"https:\\\/\\\/meber2026.graphoservice.it\\\/fr\\\/product\\\/mbs-01-7270\\\/\"]}]},{\"@type\":\"ImageObject\",\"inLanguage\":\"fr-FR\",\"@id\":\"https:\\\/\\\/meber2026.graphoservice.it\\\/fr\\\/product\\\/mbs-01-7270\\\/#primaryimage\",\"url\":\"https:\\\/\\\/meber2026.graphoservice.it\\\/wp-content\\\/uploads\\\/2026\\\/02\\\/MBS-01_barella_obesi.jpg\",\"contentUrl\":\"https:\\\/\\\/meber2026.graphoservice.it\\\/wp-content\\\/uploads\\\/2026\\\/02\\\/MBS-01_barella_obesi.jpg\",\"width\":780,\"height\":747},{\"@type\":\"BreadcrumbList\",\"@id\":\"https:\\\/\\\/meber2026.graphoservice.it\\\/fr\\\/product\\\/mbs-01-7270\\\/#breadcrumb\",\"itemListElement\":[{\"@type\":\"ListItem\",\"position\":1,\"name\":\"Home\",\"item\":\"https:\\\/\\\/meber2026.graphoservice.it\\\/fr\\\/\"},{\"@type\":\"ListItem\",\"position\":2,\"name\":\"MBS-01 7270\"}]},{\"@type\":\"WebSite\",\"@id\":\"https:\\\/\\\/meber2026.graphoservice.it\\\/fr\\\/#website\",\"url\":\"https:\\\/\\\/meber2026.graphoservice.it\\\/fr\\\/\",\"name\":\"Me.Ber.\",\"description\":\"In Case of Emergerncy\",\"potentialAction\":[{\"@type\":\"SearchAction\",\"target\":{\"@type\":\"EntryPoint\",\"urlTemplate\":\"https:\\\/\\\/meber2026.graphoservice.it\\\/fr\\\/?s={search_term_string}\"},\"query-input\":{\"@type\":\"PropertyValueSpecification\",\"valueRequired\":true,\"valueName\":\"search_term_string\"}}],\"inLanguage\":\"fr-FR\"}]}<\/script>\n<!-- \/ Yoast SEO plugin. -->","yoast_head_json":{"title":"Brancard bariatrique MBS-01","description":"Brancard \u00e0 chargement automatique pour le transport bariatrique, construit dans un alliage sp\u00e9cial d\u2019acier inoxydable \u00e0 haute r\u00e9sistance. Le ch\u00e2ssis a \u00e9t\u00e9 renforc\u00e9 pour garantir une capacit\u00e9 de 350 kg.","robots":{"index":"noindex","follow":"follow","max-snippet":"max-snippet:-1","max-image-preview":"max-image-preview:large","max-video-preview":"max-video-preview:-1"},"og_locale":"fr_FR","og_type":"article","og_title":"Brancard bariatrique MBS-01","og_description":"Brancard \u00e0 chargement automatique pour le transport bariatrique, construit dans un alliage sp\u00e9cial d\u2019acier inoxydable \u00e0 haute r\u00e9sistance. Le ch\u00e2ssis a \u00e9t\u00e9 renforc\u00e9 pour garantir une capacit\u00e9 de 350 kg.","og_url":"https:\/\/meber2026.graphoservice.it\/fr\/product\/mbs-01-7270\/","og_site_name":"Me.Ber.","article_modified_time":"2026-02-10T09:27:51+00:00","twitter_card":"summary_large_image","twitter_misc":{"Dur\u00e9e de lecture estim\u00e9e":"1 minute"},"schema":{"@context":"https:\/\/schema.org","@graph":[{"@type":"WebPage","@id":"https:\/\/meber2026.graphoservice.it\/fr\/product\/mbs-01-7270\/","url":"https:\/\/meber2026.graphoservice.it\/fr\/product\/mbs-01-7270\/","name":"Brancard bariatrique MBS-01","isPartOf":{"@id":"https:\/\/meber2026.graphoservice.it\/fr\/#website"},"primaryImageOfPage":{"@id":"https:\/\/meber2026.graphoservice.it\/fr\/product\/mbs-01-7270\/#primaryimage"},"image":{"@id":"https:\/\/meber2026.graphoservice.it\/fr\/product\/mbs-01-7270\/#primaryimage"},"thumbnailUrl":"https:\/\/meber2026.graphoservice.it\/wp-content\/uploads\/2026\/02\/MBS-01_barella_obesi.jpg","datePublished":"2026-02-10T09:27:50+00:00","dateModified":"2026-02-10T09:27:51+00:00","description":"Brancard \u00e0 chargement automatique pour le transport bariatrique, construit dans un alliage sp\u00e9cial d\u2019acier inoxydable \u00e0 haute r\u00e9sistance. Le ch\u00e2ssis a \u00e9t\u00e9 renforc\u00e9 pour garantir une capacit\u00e9 de 350 kg.","breadcrumb":{"@id":"https:\/\/meber2026.graphoservice.it\/fr\/product\/mbs-01-7270\/#breadcrumb"},"inLanguage":"fr-FR","potentialAction":[{"@type":"ReadAction","target":["https:\/\/meber2026.graphoservice.it\/fr\/product\/mbs-01-7270\/"]}]},{"@type":"ImageObject","inLanguage":"fr-FR","@id":"https:\/\/meber2026.graphoservice.it\/fr\/product\/mbs-01-7270\/#primaryimage","url":"https:\/\/meber2026.graphoservice.it\/wp-content\/uploads\/2026\/02\/MBS-01_barella_obesi.jpg","contentUrl":"https:\/\/meber2026.graphoservice.it\/wp-content\/uploads\/2026\/02\/MBS-01_barella_obesi.jpg","width":780,"height":747},{"@type":"BreadcrumbList","@id":"https:\/\/meber2026.graphoservice.it\/fr\/product\/mbs-01-7270\/#breadcrumb","itemListElement":[{"@type":"ListItem","position":1,"name":"Home","item":"https:\/\/meber2026.graphoservice.it\/fr\/"},{"@type":"ListItem","position":2,"name":"MBS-01 7270"}]},{"@type":"WebSite","@id":"https:\/\/meber2026.graphoservice.it\/fr\/#website","url":"https:\/\/meber2026.graphoservice.it\/fr\/","name":"Me.Ber.","description":"In Case of Emergerncy","potentialAction":[{"@type":"SearchAction","target":{"@type":"EntryPoint","urlTemplate":"https:\/\/meber2026.graphoservice.it\/fr\/?s={search_term_string}"},"query-input":{"@type":"PropertyValueSpecification","valueRequired":true,"valueName":"search_term_string"}}],"inLanguage":"fr-FR"}]}},"_links":{"self":[{"href":"https:\/\/meber2026.graphoservice.it\/fr\/wp-json\/wp\/v2\/product\/19108","targetHints":{"allow":["GET"]}}],"collection":[{"href":"https:\/\/meber2026.graphoservice.it\/fr\/wp-json\/wp\/v2\/product"}],"about":[{"href":"https:\/\/meber2026.graphoservice.it\/fr\/wp-json\/wp\/v2\/types\/product"}],"author":[{"embeddable":true,"href":"https:\/\/meber2026.graphoservice.it\/fr\/wp-json\/wp\/v2\/users\/1"}],"version-history":[{"count":0,"href":"https:\/\/meber2026.graphoservice.it\/fr\/wp-json\/wp\/v2\/product\/19108\/revisions"}],"wp:featuredmedia":[{"embeddable":true,"href":"https:\/\/meber2026.graphoservice.it\/fr\/wp-json\/wp\/v2\/media\/15756"}],"wp:attachment":[{"href":"https:\/\/meber2026.graphoservice.it\/fr\/wp-json\/wp\/v2\/media?parent=19108"}],"wp:term":[{"taxonomy":"application-tag","embeddable":true,"href":"https:\/\/meber2026.graphoservice.it\/fr\/wp-json\/wp\/v2\/application-tag?post=19108"}],"curies":[{"name":"wp","href":"https:\/\/api.w.org\/{rel}","templated":true}]}}