{"id":19093,"date":"2026-02-10T09:27:49","date_gmt":"2026-02-10T09:27:49","guid":{"rendered":"https:\/\/meber2026.graphoservice.it\/product\/frog-lite-7260-inc-proof\/"},"modified":"2026-02-10T09:27:49","modified_gmt":"2026-02-10T09:27:49","slug":"frog-lite-7260-inc-proof","status":"publish","type":"product","link":"https:\/\/meber2026.graphoservice.it\/fr\/product\/frog-lite-7260-inc-proof\/","title":{"rendered":"Frog Lite 7260\/INC PROOF"},"content":{"rendered":"<div style=\"\">Cet appareil appartient \u00e0 la gamme de brancards \u00e0 chargement automatique \u00ab FROG LITE \u00bb ; \u00e9galement construit en alliage d\u2019aluminium pour \u00eatre fiable, solide et surtout l\u00e9ger, il a \u00e9t\u00e9 con\u00e7u pour le transport d\u2019incubateurs sur des v\u00e9hicules d\u2019urgence. Sans dossier, c\u00f4t\u00e9s ou surface de lit rigide, il est \u00e9quip\u00e9 d\u2019une pr\u00e9disposition pour notre syst\u00e8me de fixation certifi\u00e9 Art. 955 Proof.<\/div>\n<p>\n<img loading=\"lazy\" decoding=\"async\" alt=\"\" height=\"88\" src=\"http:\/\/www.meber.it\/adm\/Images\/contents\/10G Logo 2019_def.png\" width=\"80\" \/><br \/>\n<strong>Appareil certifi\u00e9 selon les normes de s\u00e9curit\u00e9 harmonis\u00e9es UNI EN 1865 &#8211; UNI EN 1789.<\/strong><br \/>\n\u00a0<\/p>\n","protected":false},"excerpt":{"rendered":"<p>Cet appareil appartient \u00e0 la gamme de brancards \u00e0 chargement automatique \u00ab FROG LITE \u00bb ; \u00e9galement construit en alliage d\u2019aluminium pour \u00eatre fiable, solide et surtout l\u00e9ger, il a \u00e9t\u00e9 con\u00e7u pour le transport d\u2019incubateurs sur des v\u00e9hicules d\u2019urgence. Sans dossier, c\u00f4t\u00e9s ou surface de lit rigide, il est \u00e9quip\u00e9 d\u2019une pr\u00e9disposition pour notre [&hellip;]<\/p>\n","protected":false},"author":1,"featured_media":15733,"parent":0,"menu_order":20001900,"template":"","meta":{"_acf_changed":false,"footnotes":""},"application-tag":[74,65,68],"class_list":["post-19093","product","type-product","status-publish","has-post-thumbnail","hentry","application-tag-brancards-et-chariots-a-chargement-automatique","application-tag-certifie-10g","application-tag-pediatrique"],"acf":[],"dsm_author":{"name":"admeb26","avatar_url":"https:\/\/meber2026.graphoservice.it\/wp-content\/plugins\/ultimate-member\/assets\/img\/default_avatar.jpg","archive_link":"https:\/\/meber2026.graphoservice.it\/fr\/author\/admeb26\/","biodata":""},"dsm_categories":[],"dsm_attachment_categories":[],"dsm_featured_image":{"thumbnail":"https:\/\/meber2026.graphoservice.it\/wp-content\/uploads\/2026\/02\/Portaincubatrice_7260-150x150.jpg","medium":"https:\/\/meber2026.graphoservice.it\/wp-content\/uploads\/2026\/02\/Portaincubatrice_7260-300x200.jpg","medium_large":"https:\/\/meber2026.graphoservice.it\/wp-content\/uploads\/2026\/02\/Portaincubatrice_7260-768x513.jpg","large":"https:\/\/meber2026.graphoservice.it\/wp-content\/uploads\/2026\/02\/Portaincubatrice_7260.jpg","1536x1536":"https:\/\/meber2026.graphoservice.it\/wp-content\/uploads\/2026\/02\/Portaincubatrice_7260.jpg","2048x2048":"https:\/\/meber2026.graphoservice.it\/wp-content\/uploads\/2026\/02\/Portaincubatrice_7260.jpg","et-pb-post-main-image":"https:\/\/meber2026.graphoservice.it\/wp-content\/uploads\/2026\/02\/Portaincubatrice_7260-400x250.jpg","et-pb-post-main-image-fullwidth":"https:\/\/meber2026.graphoservice.it\/wp-content\/uploads\/2026\/02\/Portaincubatrice_7260.jpg","et-pb-portfolio-image":"https:\/\/meber2026.graphoservice.it\/wp-content\/uploads\/2026\/02\/Portaincubatrice_7260-400x284.jpg","et-pb-portfolio-module-image":"https:\/\/meber2026.graphoservice.it\/wp-content\/uploads\/2026\/02\/Portaincubatrice_7260-510x382.jpg","et-pb-portfolio-image-single":"https:\/\/meber2026.graphoservice.it\/wp-content\/uploads\/2026\/02\/Portaincubatrice_7260.jpg","et-pb-gallery-module-image-portrait":"https:\/\/meber2026.graphoservice.it\/wp-content\/uploads\/2026\/02\/Portaincubatrice_7260-400x516.jpg","et-pb-post-main-image-fullwidth-large":"https:\/\/meber2026.graphoservice.it\/wp-content\/uploads\/2026\/02\/Portaincubatrice_7260.jpg","et-pb-image--responsive--desktop":"https:\/\/meber2026.graphoservice.it\/wp-content\/uploads\/2026\/02\/Portaincubatrice_7260.jpg","et-pb-image--responsive--tablet":"https:\/\/meber2026.graphoservice.it\/wp-content\/uploads\/2026\/02\/Portaincubatrice_7260.jpg","et-pb-image--responsive--phone":"https:\/\/meber2026.graphoservice.it\/wp-content\/uploads\/2026\/02\/Portaincubatrice_7260-480x321.jpg","full":"https:\/\/meber2026.graphoservice.it\/wp-content\/uploads\/2026\/02\/Portaincubatrice_7260.jpg"},"yoast_head":"<!-- This site is optimized with the Yoast SEO plugin v27.4 - https:\/\/yoast.com\/product\/yoast-seo-wordpress\/ -->\n<title>Frog Lite 7260\/INC PROOF<\/title>\n<meta name=\"description\" content=\"Brancard \u00e0 chargement automatique pour incubateurs avec possibilit\u00e9 de syst\u00e8me de fixation certifi\u00e9\u00a0; il a \u00e9t\u00e9 con\u00e7u pour le transport d\u2019incubateurs sur des v\u00e9hicules d\u2019urgence.\" \/>\n<meta name=\"robots\" content=\"noindex, follow, max-snippet:-1, max-image-preview:large, max-video-preview:-1\" \/>\n<meta property=\"og:locale\" content=\"fr_FR\" \/>\n<meta property=\"og:type\" content=\"article\" \/>\n<meta property=\"og:title\" content=\"Frog Lite 7260\/INC PROOF\" \/>\n<meta property=\"og:description\" content=\"Brancard \u00e0 chargement automatique pour incubateurs avec possibilit\u00e9 de syst\u00e8me de fixation certifi\u00e9\u00a0; il a \u00e9t\u00e9 con\u00e7u pour le transport d\u2019incubateurs sur des v\u00e9hicules d\u2019urgence.\" \/>\n<meta property=\"og:url\" content=\"https:\/\/meber2026.graphoservice.it\/fr\/product\/frog-lite-7260-inc-proof\/\" \/>\n<meta property=\"og:site_name\" content=\"Me.Ber.\" \/>\n<meta name=\"twitter:card\" content=\"summary_large_image\" \/>\n<script type=\"application\/ld+json\" class=\"yoast-schema-graph\">{\"@context\":\"https:\\\/\\\/schema.org\",\"@graph\":[{\"@type\":\"WebPage\",\"@id\":\"https:\\\/\\\/meber2026.graphoservice.it\\\/fr\\\/product\\\/frog-lite-7260-inc-proof\\\/\",\"url\":\"https:\\\/\\\/meber2026.graphoservice.it\\\/fr\\\/product\\\/frog-lite-7260-inc-proof\\\/\",\"name\":\"Frog Lite 7260\\\/INC PROOF\",\"isPartOf\":{\"@id\":\"https:\\\/\\\/meber2026.graphoservice.it\\\/fr\\\/#website\"},\"primaryImageOfPage\":{\"@id\":\"https:\\\/\\\/meber2026.graphoservice.it\\\/fr\\\/product\\\/frog-lite-7260-inc-proof\\\/#primaryimage\"},\"image\":{\"@id\":\"https:\\\/\\\/meber2026.graphoservice.it\\\/fr\\\/product\\\/frog-lite-7260-inc-proof\\\/#primaryimage\"},\"thumbnailUrl\":\"https:\\\/\\\/meber2026.graphoservice.it\\\/wp-content\\\/uploads\\\/2026\\\/02\\\/Portaincubatrice_7260.jpg\",\"datePublished\":\"2026-02-10T09:27:49+00:00\",\"description\":\"Brancard \u00e0 chargement automatique pour incubateurs avec possibilit\u00e9 de syst\u00e8me de fixation certifi\u00e9\u00a0; il a \u00e9t\u00e9 con\u00e7u pour le transport d\u2019incubateurs sur des v\u00e9hicules d\u2019urgence.\",\"breadcrumb\":{\"@id\":\"https:\\\/\\\/meber2026.graphoservice.it\\\/fr\\\/product\\\/frog-lite-7260-inc-proof\\\/#breadcrumb\"},\"inLanguage\":\"fr-FR\",\"potentialAction\":[{\"@type\":\"ReadAction\",\"target\":[\"https:\\\/\\\/meber2026.graphoservice.it\\\/fr\\\/product\\\/frog-lite-7260-inc-proof\\\/\"]}]},{\"@type\":\"ImageObject\",\"inLanguage\":\"fr-FR\",\"@id\":\"https:\\\/\\\/meber2026.graphoservice.it\\\/fr\\\/product\\\/frog-lite-7260-inc-proof\\\/#primaryimage\",\"url\":\"https:\\\/\\\/meber2026.graphoservice.it\\\/wp-content\\\/uploads\\\/2026\\\/02\\\/Portaincubatrice_7260.jpg\",\"contentUrl\":\"https:\\\/\\\/meber2026.graphoservice.it\\\/wp-content\\\/uploads\\\/2026\\\/02\\\/Portaincubatrice_7260.jpg\",\"width\":780,\"height\":521},{\"@type\":\"BreadcrumbList\",\"@id\":\"https:\\\/\\\/meber2026.graphoservice.it\\\/fr\\\/product\\\/frog-lite-7260-inc-proof\\\/#breadcrumb\",\"itemListElement\":[{\"@type\":\"ListItem\",\"position\":1,\"name\":\"Home\",\"item\":\"https:\\\/\\\/meber2026.graphoservice.it\\\/fr\\\/\"},{\"@type\":\"ListItem\",\"position\":2,\"name\":\"Frog Lite 7260\\\/INC PROOF\"}]},{\"@type\":\"WebSite\",\"@id\":\"https:\\\/\\\/meber2026.graphoservice.it\\\/fr\\\/#website\",\"url\":\"https:\\\/\\\/meber2026.graphoservice.it\\\/fr\\\/\",\"name\":\"Me.Ber.\",\"description\":\"In Case of Emergerncy\",\"potentialAction\":[{\"@type\":\"SearchAction\",\"target\":{\"@type\":\"EntryPoint\",\"urlTemplate\":\"https:\\\/\\\/meber2026.graphoservice.it\\\/fr\\\/?s={search_term_string}\"},\"query-input\":{\"@type\":\"PropertyValueSpecification\",\"valueRequired\":true,\"valueName\":\"search_term_string\"}}],\"inLanguage\":\"fr-FR\"}]}<\/script>\n<!-- \/ Yoast SEO plugin. -->","yoast_head_json":{"title":"Frog Lite 7260\/INC PROOF","description":"Brancard \u00e0 chargement automatique pour incubateurs avec possibilit\u00e9 de syst\u00e8me de fixation certifi\u00e9\u00a0; il a \u00e9t\u00e9 con\u00e7u pour le transport d\u2019incubateurs sur des v\u00e9hicules d\u2019urgence.","robots":{"index":"noindex","follow":"follow","max-snippet":"max-snippet:-1","max-image-preview":"max-image-preview:large","max-video-preview":"max-video-preview:-1"},"og_locale":"fr_FR","og_type":"article","og_title":"Frog Lite 7260\/INC PROOF","og_description":"Brancard \u00e0 chargement automatique pour incubateurs avec possibilit\u00e9 de syst\u00e8me de fixation certifi\u00e9\u00a0; il a \u00e9t\u00e9 con\u00e7u pour le transport d\u2019incubateurs sur des v\u00e9hicules d\u2019urgence.","og_url":"https:\/\/meber2026.graphoservice.it\/fr\/product\/frog-lite-7260-inc-proof\/","og_site_name":"Me.Ber.","twitter_card":"summary_large_image","schema":{"@context":"https:\/\/schema.org","@graph":[{"@type":"WebPage","@id":"https:\/\/meber2026.graphoservice.it\/fr\/product\/frog-lite-7260-inc-proof\/","url":"https:\/\/meber2026.graphoservice.it\/fr\/product\/frog-lite-7260-inc-proof\/","name":"Frog Lite 7260\/INC PROOF","isPartOf":{"@id":"https:\/\/meber2026.graphoservice.it\/fr\/#website"},"primaryImageOfPage":{"@id":"https:\/\/meber2026.graphoservice.it\/fr\/product\/frog-lite-7260-inc-proof\/#primaryimage"},"image":{"@id":"https:\/\/meber2026.graphoservice.it\/fr\/product\/frog-lite-7260-inc-proof\/#primaryimage"},"thumbnailUrl":"https:\/\/meber2026.graphoservice.it\/wp-content\/uploads\/2026\/02\/Portaincubatrice_7260.jpg","datePublished":"2026-02-10T09:27:49+00:00","description":"Brancard \u00e0 chargement automatique pour incubateurs avec possibilit\u00e9 de syst\u00e8me de fixation certifi\u00e9\u00a0; il a \u00e9t\u00e9 con\u00e7u pour le transport d\u2019incubateurs sur des v\u00e9hicules d\u2019urgence.","breadcrumb":{"@id":"https:\/\/meber2026.graphoservice.it\/fr\/product\/frog-lite-7260-inc-proof\/#breadcrumb"},"inLanguage":"fr-FR","potentialAction":[{"@type":"ReadAction","target":["https:\/\/meber2026.graphoservice.it\/fr\/product\/frog-lite-7260-inc-proof\/"]}]},{"@type":"ImageObject","inLanguage":"fr-FR","@id":"https:\/\/meber2026.graphoservice.it\/fr\/product\/frog-lite-7260-inc-proof\/#primaryimage","url":"https:\/\/meber2026.graphoservice.it\/wp-content\/uploads\/2026\/02\/Portaincubatrice_7260.jpg","contentUrl":"https:\/\/meber2026.graphoservice.it\/wp-content\/uploads\/2026\/02\/Portaincubatrice_7260.jpg","width":780,"height":521},{"@type":"BreadcrumbList","@id":"https:\/\/meber2026.graphoservice.it\/fr\/product\/frog-lite-7260-inc-proof\/#breadcrumb","itemListElement":[{"@type":"ListItem","position":1,"name":"Home","item":"https:\/\/meber2026.graphoservice.it\/fr\/"},{"@type":"ListItem","position":2,"name":"Frog Lite 7260\/INC PROOF"}]},{"@type":"WebSite","@id":"https:\/\/meber2026.graphoservice.it\/fr\/#website","url":"https:\/\/meber2026.graphoservice.it\/fr\/","name":"Me.Ber.","description":"In Case of Emergerncy","potentialAction":[{"@type":"SearchAction","target":{"@type":"EntryPoint","urlTemplate":"https:\/\/meber2026.graphoservice.it\/fr\/?s={search_term_string}"},"query-input":{"@type":"PropertyValueSpecification","valueRequired":true,"valueName":"search_term_string"}}],"inLanguage":"fr-FR"}]}},"_links":{"self":[{"href":"https:\/\/meber2026.graphoservice.it\/fr\/wp-json\/wp\/v2\/product\/19093","targetHints":{"allow":["GET"]}}],"collection":[{"href":"https:\/\/meber2026.graphoservice.it\/fr\/wp-json\/wp\/v2\/product"}],"about":[{"href":"https:\/\/meber2026.graphoservice.it\/fr\/wp-json\/wp\/v2\/types\/product"}],"author":[{"embeddable":true,"href":"https:\/\/meber2026.graphoservice.it\/fr\/wp-json\/wp\/v2\/users\/1"}],"version-history":[{"count":0,"href":"https:\/\/meber2026.graphoservice.it\/fr\/wp-json\/wp\/v2\/product\/19093\/revisions"}],"wp:featuredmedia":[{"embeddable":true,"href":"https:\/\/meber2026.graphoservice.it\/fr\/wp-json\/wp\/v2\/media\/15733"}],"wp:attachment":[{"href":"https:\/\/meber2026.graphoservice.it\/fr\/wp-json\/wp\/v2\/media?parent=19093"}],"wp:term":[{"taxonomy":"application-tag","embeddable":true,"href":"https:\/\/meber2026.graphoservice.it\/fr\/wp-json\/wp\/v2\/application-tag?post=19093"}],"curies":[{"name":"wp","href":"https:\/\/api.w.org\/{rel}","templated":true}]}}