{"id":19083,"date":"2026-02-10T09:27:47","date_gmt":"2026-02-10T09:27:47","guid":{"rendered":"https:\/\/meber2026.graphoservice.it\/product\/evox-proof-7112i\/"},"modified":"2026-02-10T09:27:48","modified_gmt":"2026-02-10T09:27:48","slug":"evox-proof-7112i","status":"publish","type":"product","link":"https:\/\/meber2026.graphoservice.it\/fr\/product\/evox-proof-7112i\/","title":{"rendered":"Evox Proof 7112I"},"content":{"rendered":"<p>La chaise brancard \u00e0 chargement automatique certifi\u00e9e EVOX permet d\u2019installer le patient dans la position la plus adapt\u00e9e pour le sauvetage et le transport. La possibilit\u00e9 de se transformer en chaise permet d\u2019acc\u00e9der \u00e0 tous ces endroits \u00e9troits, tels que les couloirs aux angles \u00e9troits et les ascenseurs, o\u00f9 un brancard normal ne peut pas passer. Un syst\u00e8me de piston \u00e0 gaz vous permet de r\u00e9gler l\u2019EVOX dans des positions infinies jusqu\u2019\u00e0 ce que vous atteigniez la position assise, soulageant l\u2019op\u00e9rateur de tout effort pour positionner le patient..<br \/>\nUn ch\u00e2ssis enti\u00e8rement en acier inoxydable \u00e9lectropoli, roues en polyur\u00e9thane \u00d8 200 mm, une commande de s\u00e9curit\u00e9 pour \u00e9viter toute fermeture accidentelle, un matelas divis\u00e9 en quatre sections distinctes (une pour chaque section du plan du brancard) et un design attrayant sont les caract\u00e9ristiques principales de cet appareil requis par les march\u00e9s.<br \/>\nUn syst\u00e8me de chargement innovant, compos\u00e9 de 4 roues de chargement \u00ab\u00a0basculantes\u00a0\u00bb, permet le chargement sur plusieurs plateformes de chargement de diff\u00e9rentes hauteurs. Gr\u00e2ce \u00e0 la fixation sp\u00e9ciale en forme de champignon et en combinaison avec le syst\u00e8me de fixation art. 962, la chaise brancard EVOX art. 7112I PROOF est capable de r\u00e9sister \u00e0 des contraintes allant jusqu\u2019\u00e0 10g dans toutes les directions, comme l\u2019exige la norme UNI EN 1789.<br \/>\nLa EVOX, L\u2019EVOX, gr\u00e2ce \u00e0 la possibilit\u00e9 d\u2019accueillir le patient dans la position la plus agr\u00e9able selon la gravit\u00e9 du cas, est \u00e9galement la solution id\u00e9ale pour les points d\u2019accueil du 118, o\u00f9 les patients peuvent \u00eatre soumis \u00e0 de longs d\u00e9lais d\u2019attente.<\/p>\n<p><img decoding=\"async\" alt=\"\" src=\"\/adm\/Images\/contents\/10G Logo 2019_def.png\" style=\"width: 80px; height: 74px;\" \/><\/p>\n<p><span style=\"font-weight: 700; color: rgb(98, 98, 98); \">AIS125 Certified<\/span><\/p>\n<p>\u00a0<br \/>\n\u00a0<iframe referrerpolicy=\"strict-origin-when-cross-origin\" loading=\"lazy\" allow=\"autoplay; encrypted-media\" allowfullscreen=\"\" frameborder=\"0\" height=\"315\" scrolling=\"no\" src=\"https:\/\/www.youtube.com\/embed\/q64Cx_2VHxg?origin=https%3A%2F%2Fmeber2026.graphoservice.it%2Ffr%2F\" width=\"560\"><\/iframe><\/p>\n","protected":false},"excerpt":{"rendered":"<p>La chaise brancard \u00e0 chargement automatique certifi\u00e9e EVOX permet d\u2019installer le patient dans la position la plus adapt\u00e9e pour le sauvetage et le transport. La possibilit\u00e9 de se transformer en chaise permet d\u2019acc\u00e9der \u00e0 tous ces endroits \u00e9troits, tels que les couloirs aux angles \u00e9troits et les ascenseurs, o\u00f9 un brancard normal ne peut pas [&hellip;]<\/p>\n","protected":false},"author":1,"featured_media":15717,"parent":0,"menu_order":20002900,"template":"","meta":{"_acf_changed":false,"footnotes":""},"application-tag":[74,65],"class_list":["post-19083","product","type-product","status-publish","has-post-thumbnail","hentry","application-tag-brancards-et-chariots-a-chargement-automatique","application-tag-certifie-10g"],"acf":[],"dsm_author":{"name":"admeb26","avatar_url":"https:\/\/meber2026.graphoservice.it\/wp-content\/plugins\/ultimate-member\/assets\/img\/default_avatar.jpg","archive_link":"https:\/\/meber2026.graphoservice.it\/fr\/author\/admeb26\/","biodata":""},"dsm_categories":[],"dsm_attachment_categories":[],"dsm_featured_image":{"thumbnail":"https:\/\/meber2026.graphoservice.it\/wp-content\/uploads\/2026\/02\/EvoxI-150x150.jpg","medium":"https:\/\/meber2026.graphoservice.it\/wp-content\/uploads\/2026\/02\/EvoxI-300x200.jpg","medium_large":"https:\/\/meber2026.graphoservice.it\/wp-content\/uploads\/2026\/02\/EvoxI-768x512.jpg","large":"https:\/\/meber2026.graphoservice.it\/wp-content\/uploads\/2026\/02\/EvoxI.jpg","1536x1536":"https:\/\/meber2026.graphoservice.it\/wp-content\/uploads\/2026\/02\/EvoxI.jpg","2048x2048":"https:\/\/meber2026.graphoservice.it\/wp-content\/uploads\/2026\/02\/EvoxI.jpg","et-pb-post-main-image":"https:\/\/meber2026.graphoservice.it\/wp-content\/uploads\/2026\/02\/EvoxI-400x250.jpg","et-pb-post-main-image-fullwidth":"https:\/\/meber2026.graphoservice.it\/wp-content\/uploads\/2026\/02\/EvoxI.jpg","et-pb-portfolio-image":"https:\/\/meber2026.graphoservice.it\/wp-content\/uploads\/2026\/02\/EvoxI-400x284.jpg","et-pb-portfolio-module-image":"https:\/\/meber2026.graphoservice.it\/wp-content\/uploads\/2026\/02\/EvoxI-510x382.jpg","et-pb-portfolio-image-single":"https:\/\/meber2026.graphoservice.it\/wp-content\/uploads\/2026\/02\/EvoxI.jpg","et-pb-gallery-module-image-portrait":"https:\/\/meber2026.graphoservice.it\/wp-content\/uploads\/2026\/02\/EvoxI-400x516.jpg","et-pb-post-main-image-fullwidth-large":"https:\/\/meber2026.graphoservice.it\/wp-content\/uploads\/2026\/02\/EvoxI.jpg","et-pb-image--responsive--desktop":"https:\/\/meber2026.graphoservice.it\/wp-content\/uploads\/2026\/02\/EvoxI.jpg","et-pb-image--responsive--tablet":"https:\/\/meber2026.graphoservice.it\/wp-content\/uploads\/2026\/02\/EvoxI.jpg","et-pb-image--responsive--phone":"https:\/\/meber2026.graphoservice.it\/wp-content\/uploads\/2026\/02\/EvoxI-480x320.jpg","full":"https:\/\/meber2026.graphoservice.it\/wp-content\/uploads\/2026\/02\/EvoxI.jpg"},"yoast_head":"<!-- This site is optimized with the Yoast SEO plugin v27.4 - https:\/\/yoast.com\/product\/yoast-seo-wordpress\/ -->\n<title>Chaise brancard \u00e0 chargement automatique EVOX 7112\/A<\/title>\n<meta name=\"description\" content=\"La chaise brancard \u00e0 chargement automatique certifi\u00e9e EVOX permet d\u2019installer le patient dans la position la plus adapt\u00e9e pour le sauvetage et le transport. Un syst\u00e8me de chargement innovant, compos\u00e9 de 4 roues de chargement \u00ab\u00a0basculantes\u00a0\u00bb, permet le chargement sur plusieurs plateformes de chargement de diff\u00e9rentes hauteurs.\" \/>\n<meta name=\"robots\" content=\"noindex, follow, max-snippet:-1, max-image-preview:large, max-video-preview:-1\" \/>\n<meta property=\"og:locale\" content=\"fr_FR\" \/>\n<meta property=\"og:type\" content=\"article\" \/>\n<meta property=\"og:title\" content=\"Chaise brancard \u00e0 chargement automatique EVOX 7112\/A\" \/>\n<meta property=\"og:description\" content=\"La chaise brancard \u00e0 chargement automatique certifi\u00e9e EVOX permet d\u2019installer le patient dans la position la plus adapt\u00e9e pour le sauvetage et le transport. Un syst\u00e8me de chargement innovant, compos\u00e9 de 4 roues de chargement \u00ab\u00a0basculantes\u00a0\u00bb, permet le chargement sur plusieurs plateformes de chargement de diff\u00e9rentes hauteurs.\" \/>\n<meta property=\"og:url\" content=\"https:\/\/meber2026.graphoservice.it\/fr\/product\/evox-proof-7112i\/\" \/>\n<meta property=\"og:site_name\" content=\"Me.Ber.\" \/>\n<meta property=\"article:modified_time\" content=\"2026-02-10T09:27:48+00:00\" \/>\n<meta name=\"twitter:card\" content=\"summary_large_image\" \/>\n<meta name=\"twitter:label1\" content=\"Dur\u00e9e de lecture estim\u00e9e\" \/>\n\t<meta name=\"twitter:data1\" content=\"1 minute\" \/>\n<script type=\"application\/ld+json\" class=\"yoast-schema-graph\">{\"@context\":\"https:\\\/\\\/schema.org\",\"@graph\":[{\"@type\":\"WebPage\",\"@id\":\"https:\\\/\\\/meber2026.graphoservice.it\\\/fr\\\/product\\\/evox-proof-7112i\\\/\",\"url\":\"https:\\\/\\\/meber2026.graphoservice.it\\\/fr\\\/product\\\/evox-proof-7112i\\\/\",\"name\":\"Chaise brancard \u00e0 chargement automatique EVOX 7112\\\/A\",\"isPartOf\":{\"@id\":\"https:\\\/\\\/meber2026.graphoservice.it\\\/fr\\\/#website\"},\"primaryImageOfPage\":{\"@id\":\"https:\\\/\\\/meber2026.graphoservice.it\\\/fr\\\/product\\\/evox-proof-7112i\\\/#primaryimage\"},\"image\":{\"@id\":\"https:\\\/\\\/meber2026.graphoservice.it\\\/fr\\\/product\\\/evox-proof-7112i\\\/#primaryimage\"},\"thumbnailUrl\":\"https:\\\/\\\/meber2026.graphoservice.it\\\/wp-content\\\/uploads\\\/2026\\\/02\\\/EvoxI.jpg\",\"datePublished\":\"2026-02-10T09:27:47+00:00\",\"dateModified\":\"2026-02-10T09:27:48+00:00\",\"description\":\"La chaise brancard \u00e0 chargement automatique certifi\u00e9e EVOX permet d\u2019installer le patient dans la position la plus adapt\u00e9e pour le sauvetage et le transport. Un syst\u00e8me de chargement innovant, compos\u00e9 de 4 roues de chargement \u00ab\u00a0basculantes\u00a0\u00bb, permet le chargement sur plusieurs plateformes de chargement de diff\u00e9rentes hauteurs.\",\"breadcrumb\":{\"@id\":\"https:\\\/\\\/meber2026.graphoservice.it\\\/fr\\\/product\\\/evox-proof-7112i\\\/#breadcrumb\"},\"inLanguage\":\"fr-FR\",\"potentialAction\":[{\"@type\":\"ReadAction\",\"target\":[\"https:\\\/\\\/meber2026.graphoservice.it\\\/fr\\\/product\\\/evox-proof-7112i\\\/\"]}]},{\"@type\":\"ImageObject\",\"inLanguage\":\"fr-FR\",\"@id\":\"https:\\\/\\\/meber2026.graphoservice.it\\\/fr\\\/product\\\/evox-proof-7112i\\\/#primaryimage\",\"url\":\"https:\\\/\\\/meber2026.graphoservice.it\\\/wp-content\\\/uploads\\\/2026\\\/02\\\/EvoxI.jpg\",\"contentUrl\":\"https:\\\/\\\/meber2026.graphoservice.it\\\/wp-content\\\/uploads\\\/2026\\\/02\\\/EvoxI.jpg\",\"width\":780,\"height\":520},{\"@type\":\"BreadcrumbList\",\"@id\":\"https:\\\/\\\/meber2026.graphoservice.it\\\/fr\\\/product\\\/evox-proof-7112i\\\/#breadcrumb\",\"itemListElement\":[{\"@type\":\"ListItem\",\"position\":1,\"name\":\"Home\",\"item\":\"https:\\\/\\\/meber2026.graphoservice.it\\\/fr\\\/\"},{\"@type\":\"ListItem\",\"position\":2,\"name\":\"Evox Proof 7112I\"}]},{\"@type\":\"WebSite\",\"@id\":\"https:\\\/\\\/meber2026.graphoservice.it\\\/fr\\\/#website\",\"url\":\"https:\\\/\\\/meber2026.graphoservice.it\\\/fr\\\/\",\"name\":\"Me.Ber.\",\"description\":\"In Case of Emergerncy\",\"potentialAction\":[{\"@type\":\"SearchAction\",\"target\":{\"@type\":\"EntryPoint\",\"urlTemplate\":\"https:\\\/\\\/meber2026.graphoservice.it\\\/fr\\\/?s={search_term_string}\"},\"query-input\":{\"@type\":\"PropertyValueSpecification\",\"valueRequired\":true,\"valueName\":\"search_term_string\"}}],\"inLanguage\":\"fr-FR\"}]}<\/script>\n<!-- \/ Yoast SEO plugin. -->","yoast_head_json":{"title":"Chaise brancard \u00e0 chargement automatique EVOX 7112\/A","description":"La chaise brancard \u00e0 chargement automatique certifi\u00e9e EVOX permet d\u2019installer le patient dans la position la plus adapt\u00e9e pour le sauvetage et le transport. Un syst\u00e8me de chargement innovant, compos\u00e9 de 4 roues de chargement \u00ab\u00a0basculantes\u00a0\u00bb, permet le chargement sur plusieurs plateformes de chargement de diff\u00e9rentes hauteurs.","robots":{"index":"noindex","follow":"follow","max-snippet":"max-snippet:-1","max-image-preview":"max-image-preview:large","max-video-preview":"max-video-preview:-1"},"og_locale":"fr_FR","og_type":"article","og_title":"Chaise brancard \u00e0 chargement automatique EVOX 7112\/A","og_description":"La chaise brancard \u00e0 chargement automatique certifi\u00e9e EVOX permet d\u2019installer le patient dans la position la plus adapt\u00e9e pour le sauvetage et le transport. Un syst\u00e8me de chargement innovant, compos\u00e9 de 4 roues de chargement \u00ab\u00a0basculantes\u00a0\u00bb, permet le chargement sur plusieurs plateformes de chargement de diff\u00e9rentes hauteurs.","og_url":"https:\/\/meber2026.graphoservice.it\/fr\/product\/evox-proof-7112i\/","og_site_name":"Me.Ber.","article_modified_time":"2026-02-10T09:27:48+00:00","twitter_card":"summary_large_image","twitter_misc":{"Dur\u00e9e de lecture estim\u00e9e":"1 minute"},"schema":{"@context":"https:\/\/schema.org","@graph":[{"@type":"WebPage","@id":"https:\/\/meber2026.graphoservice.it\/fr\/product\/evox-proof-7112i\/","url":"https:\/\/meber2026.graphoservice.it\/fr\/product\/evox-proof-7112i\/","name":"Chaise brancard \u00e0 chargement automatique EVOX 7112\/A","isPartOf":{"@id":"https:\/\/meber2026.graphoservice.it\/fr\/#website"},"primaryImageOfPage":{"@id":"https:\/\/meber2026.graphoservice.it\/fr\/product\/evox-proof-7112i\/#primaryimage"},"image":{"@id":"https:\/\/meber2026.graphoservice.it\/fr\/product\/evox-proof-7112i\/#primaryimage"},"thumbnailUrl":"https:\/\/meber2026.graphoservice.it\/wp-content\/uploads\/2026\/02\/EvoxI.jpg","datePublished":"2026-02-10T09:27:47+00:00","dateModified":"2026-02-10T09:27:48+00:00","description":"La chaise brancard \u00e0 chargement automatique certifi\u00e9e EVOX permet d\u2019installer le patient dans la position la plus adapt\u00e9e pour le sauvetage et le transport. Un syst\u00e8me de chargement innovant, compos\u00e9 de 4 roues de chargement \u00ab\u00a0basculantes\u00a0\u00bb, permet le chargement sur plusieurs plateformes de chargement de diff\u00e9rentes hauteurs.","breadcrumb":{"@id":"https:\/\/meber2026.graphoservice.it\/fr\/product\/evox-proof-7112i\/#breadcrumb"},"inLanguage":"fr-FR","potentialAction":[{"@type":"ReadAction","target":["https:\/\/meber2026.graphoservice.it\/fr\/product\/evox-proof-7112i\/"]}]},{"@type":"ImageObject","inLanguage":"fr-FR","@id":"https:\/\/meber2026.graphoservice.it\/fr\/product\/evox-proof-7112i\/#primaryimage","url":"https:\/\/meber2026.graphoservice.it\/wp-content\/uploads\/2026\/02\/EvoxI.jpg","contentUrl":"https:\/\/meber2026.graphoservice.it\/wp-content\/uploads\/2026\/02\/EvoxI.jpg","width":780,"height":520},{"@type":"BreadcrumbList","@id":"https:\/\/meber2026.graphoservice.it\/fr\/product\/evox-proof-7112i\/#breadcrumb","itemListElement":[{"@type":"ListItem","position":1,"name":"Home","item":"https:\/\/meber2026.graphoservice.it\/fr\/"},{"@type":"ListItem","position":2,"name":"Evox Proof 7112I"}]},{"@type":"WebSite","@id":"https:\/\/meber2026.graphoservice.it\/fr\/#website","url":"https:\/\/meber2026.graphoservice.it\/fr\/","name":"Me.Ber.","description":"In Case of Emergerncy","potentialAction":[{"@type":"SearchAction","target":{"@type":"EntryPoint","urlTemplate":"https:\/\/meber2026.graphoservice.it\/fr\/?s={search_term_string}"},"query-input":{"@type":"PropertyValueSpecification","valueRequired":true,"valueName":"search_term_string"}}],"inLanguage":"fr-FR"}]}},"_links":{"self":[{"href":"https:\/\/meber2026.graphoservice.it\/fr\/wp-json\/wp\/v2\/product\/19083","targetHints":{"allow":["GET"]}}],"collection":[{"href":"https:\/\/meber2026.graphoservice.it\/fr\/wp-json\/wp\/v2\/product"}],"about":[{"href":"https:\/\/meber2026.graphoservice.it\/fr\/wp-json\/wp\/v2\/types\/product"}],"author":[{"embeddable":true,"href":"https:\/\/meber2026.graphoservice.it\/fr\/wp-json\/wp\/v2\/users\/1"}],"version-history":[{"count":0,"href":"https:\/\/meber2026.graphoservice.it\/fr\/wp-json\/wp\/v2\/product\/19083\/revisions"}],"wp:featuredmedia":[{"embeddable":true,"href":"https:\/\/meber2026.graphoservice.it\/fr\/wp-json\/wp\/v2\/media\/15717"}],"wp:attachment":[{"href":"https:\/\/meber2026.graphoservice.it\/fr\/wp-json\/wp\/v2\/media?parent=19083"}],"wp:term":[{"taxonomy":"application-tag","embeddable":true,"href":"https:\/\/meber2026.graphoservice.it\/fr\/wp-json\/wp\/v2\/application-tag?post=19083"}],"curies":[{"name":"wp","href":"https:\/\/api.w.org\/{rel}","templated":true}]}}