{"id":19073,"date":"2026-02-10T09:27:46","date_gmt":"2026-02-10T09:27:46","guid":{"rendered":"https:\/\/meber2026.graphoservice.it\/product\/8398-2\/"},"modified":"2026-04-28T16:13:51","modified_gmt":"2026-04-28T16:13:51","slug":"8398-2","status":"publish","type":"product","link":"https:\/\/meber2026.graphoservice.it\/fr\/product\/8398-2\/","title":{"rendered":"8398"},"content":{"rendered":"<p>Fabriqu\u00e9 en acier au carbone P02 d\u2019une \u00e9paisseur de 15\/10, avec des soudures \u00e9tanches, des joints \u00e0 feuillure, une porte \u00e9tanche \u00e0 l\u2019eau et \u00e0 la poussi\u00e8re avec un degr\u00e9 de protection IP44, et une fermeture \u00e0 pression avec r\u00e9glage des courants d\u2019air et possibilit\u00e9 d\u2019appliquer un cadenas ou<br \/>un sceau (non fournis). Charni\u00e8res en alliage m\u00e9tallique r\u00e9sistant, ind\u00e9chirable et anticorrosion. \u00c9tag\u00e8re interne r\u00e9glable en hauteur avec grille pour la recirculation de l\u2019air chaud. Poign\u00e9e confortable en technopolym\u00e8re pour une ouverture facile. Capteur \u00e0 cristaux liquides de la temp\u00e9rature interne positionn\u00e9 \u00e0 l\u2019avant.\u00a0<\/p>\n<p> <strong>Dimensions ext\u00e9rieures<\/strong> 425 x 480 x 215 mm (L x H x P)<br \/> <strong>Espace int\u00e9rieur<\/strong> 420 mm (L) &#8211; 390 mm (H)<br \/> <strong>Ouverture de porte<\/strong> 365 mm (L) &#8211; 365 mm (H)<\/p>\n<p> ATTENTION : BO\u00ceTIERS NON ADAPT\u00c9S AUX LIEUX MARITIMES<\/p>\n","protected":false},"excerpt":{"rendered":"<p>Fabriqu\u00e9 en acier au carbone P02 d\u2019une \u00e9paisseur de 15\/10, avec des soudures \u00e9tanches, des joints \u00e0 feuillure, une porte \u00e9tanche \u00e0 l\u2019eau et \u00e0 la poussi\u00e8re avec un degr\u00e9 de protection IP44, et une fermeture \u00e0 pression avec r\u00e9glage des courants d\u2019air et possibilit\u00e9 d\u2019appliquer un cadenas ouun sceau (non fournis). Charni\u00e8res en alliage [&hellip;]<\/p>\n","protected":false},"author":1,"featured_media":15701,"parent":0,"menu_order":60003900,"template":"","meta":{"_acf_changed":false,"footnotes":""},"application-tag":[102],"class_list":["post-19073","product","type-product","status-publish","has-post-thumbnail","hentry","application-tag-diagnostic"],"acf":[],"dsm_author":{"name":"admeb26","avatar_url":"https:\/\/meber2026.graphoservice.it\/wp-content\/plugins\/ultimate-member\/assets\/img\/default_avatar.jpg","archive_link":"https:\/\/meber2026.graphoservice.it\/fr\/author\/admeb26\/","biodata":""},"dsm_categories":[],"dsm_attachment_categories":[],"dsm_featured_image":{"thumbnail":"https:\/\/meber2026.graphoservice.it\/wp-content\/uploads\/2026\/02\/8398_-150x150.jpg","medium":"https:\/\/meber2026.graphoservice.it\/wp-content\/uploads\/2026\/02\/8398_-280x300.jpg","medium_large":"https:\/\/meber2026.graphoservice.it\/wp-content\/uploads\/2026\/02\/8398_.jpg","large":"https:\/\/meber2026.graphoservice.it\/wp-content\/uploads\/2026\/02\/8398_.jpg","1536x1536":"https:\/\/meber2026.graphoservice.it\/wp-content\/uploads\/2026\/02\/8398_.jpg","2048x2048":"https:\/\/meber2026.graphoservice.it\/wp-content\/uploads\/2026\/02\/8398_.jpg","et-pb-post-main-image":"https:\/\/meber2026.graphoservice.it\/wp-content\/uploads\/2026\/02\/8398_-400x250.jpg","et-pb-post-main-image-fullwidth":"https:\/\/meber2026.graphoservice.it\/wp-content\/uploads\/2026\/02\/8398_.jpg","et-pb-portfolio-image":"https:\/\/meber2026.graphoservice.it\/wp-content\/uploads\/2026\/02\/8398_-400x284.jpg","et-pb-portfolio-module-image":"https:\/\/meber2026.graphoservice.it\/wp-content\/uploads\/2026\/02\/8398_-424x382.jpg","et-pb-portfolio-image-single":"https:\/\/meber2026.graphoservice.it\/wp-content\/uploads\/2026\/02\/8398_.jpg","et-pb-gallery-module-image-portrait":"https:\/\/meber2026.graphoservice.it\/wp-content\/uploads\/2026\/02\/8398_-400x454.jpg","et-pb-post-main-image-fullwidth-large":"https:\/\/meber2026.graphoservice.it\/wp-content\/uploads\/2026\/02\/8398_.jpg","et-pb-image--responsive--desktop":"https:\/\/meber2026.graphoservice.it\/wp-content\/uploads\/2026\/02\/8398_.jpg","et-pb-image--responsive--tablet":"https:\/\/meber2026.graphoservice.it\/wp-content\/uploads\/2026\/02\/8398_.jpg","et-pb-image--responsive--phone":"https:\/\/meber2026.graphoservice.it\/wp-content\/uploads\/2026\/02\/8398_.jpg","full":"https:\/\/meber2026.graphoservice.it\/wp-content\/uploads\/2026\/02\/8398_.jpg"},"yoast_head":"<!-- This site is optimized with the Yoast SEO plugin v27.4 - https:\/\/yoast.com\/product\/yoast-seo-wordpress\/ -->\n<title>8398<\/title>\n<meta name=\"robots\" content=\"noindex, follow, max-snippet:-1, max-image-preview:large, max-video-preview:-1\" \/>\n<meta property=\"og:locale\" content=\"fr_FR\" \/>\n<meta property=\"og:type\" content=\"article\" \/>\n<meta property=\"og:title\" content=\"8398\" \/>\n<meta property=\"og:description\" content=\"Fabriqu\u00e9 en acier au carbone P02 d\u2019une \u00e9paisseur de 15\/10, avec des soudures \u00e9tanches, des joints \u00e0 feuillure, une porte \u00e9tanche \u00e0 l\u2019eau et \u00e0 la poussi\u00e8re avec un degr\u00e9 de protection IP44, et une fermeture \u00e0 pression avec r\u00e9glage des courants d\u2019air et possibilit\u00e9 d\u2019appliquer un cadenas ouun sceau (non fournis). Charni\u00e8res en alliage [&hellip;]\" \/>\n<meta property=\"og:url\" content=\"https:\/\/meber2026.graphoservice.it\/fr\/product\/8398-2\/\" \/>\n<meta property=\"og:site_name\" content=\"Me.Ber.\" \/>\n<meta property=\"article:modified_time\" content=\"2026-04-28T16:13:51+00:00\" \/>\n<meta property=\"og:image\" content=\"https:\/\/meber2026.graphoservice.it\/wp-content\/uploads\/2026\/02\/8398_.jpg\" \/>\n\t<meta property=\"og:image:width\" content=\"424\" \/>\n\t<meta property=\"og:image:height\" content=\"454\" \/>\n\t<meta property=\"og:image:type\" content=\"image\/jpeg\" \/>\n<meta name=\"twitter:card\" content=\"summary_large_image\" \/>\n<meta name=\"twitter:label1\" content=\"Dur\u00e9e de lecture estim\u00e9e\" \/>\n\t<meta name=\"twitter:data1\" content=\"1 minute\" \/>\n<script type=\"application\/ld+json\" class=\"yoast-schema-graph\">{\"@context\":\"https:\\\/\\\/schema.org\",\"@graph\":[{\"@type\":\"WebPage\",\"@id\":\"https:\\\/\\\/meber2026.graphoservice.it\\\/fr\\\/product\\\/8398-2\\\/\",\"url\":\"https:\\\/\\\/meber2026.graphoservice.it\\\/fr\\\/product\\\/8398-2\\\/\",\"name\":\"8398\",\"isPartOf\":{\"@id\":\"https:\\\/\\\/meber2026.graphoservice.it\\\/fr\\\/#website\"},\"primaryImageOfPage\":{\"@id\":\"https:\\\/\\\/meber2026.graphoservice.it\\\/fr\\\/product\\\/8398-2\\\/#primaryimage\"},\"image\":{\"@id\":\"https:\\\/\\\/meber2026.graphoservice.it\\\/fr\\\/product\\\/8398-2\\\/#primaryimage\"},\"thumbnailUrl\":\"https:\\\/\\\/meber2026.graphoservice.it\\\/wp-content\\\/uploads\\\/2026\\\/02\\\/8398_.jpg\",\"datePublished\":\"2026-02-10T09:27:46+00:00\",\"dateModified\":\"2026-04-28T16:13:51+00:00\",\"breadcrumb\":{\"@id\":\"https:\\\/\\\/meber2026.graphoservice.it\\\/fr\\\/product\\\/8398-2\\\/#breadcrumb\"},\"inLanguage\":\"fr-FR\",\"potentialAction\":[{\"@type\":\"ReadAction\",\"target\":[\"https:\\\/\\\/meber2026.graphoservice.it\\\/fr\\\/product\\\/8398-2\\\/\"]}]},{\"@type\":\"ImageObject\",\"inLanguage\":\"fr-FR\",\"@id\":\"https:\\\/\\\/meber2026.graphoservice.it\\\/fr\\\/product\\\/8398-2\\\/#primaryimage\",\"url\":\"https:\\\/\\\/meber2026.graphoservice.it\\\/wp-content\\\/uploads\\\/2026\\\/02\\\/8398_.jpg\",\"contentUrl\":\"https:\\\/\\\/meber2026.graphoservice.it\\\/wp-content\\\/uploads\\\/2026\\\/02\\\/8398_.jpg\",\"width\":424,\"height\":454},{\"@type\":\"BreadcrumbList\",\"@id\":\"https:\\\/\\\/meber2026.graphoservice.it\\\/fr\\\/product\\\/8398-2\\\/#breadcrumb\",\"itemListElement\":[{\"@type\":\"ListItem\",\"position\":1,\"name\":\"Home\",\"item\":\"https:\\\/\\\/meber2026.graphoservice.it\\\/fr\\\/\"},{\"@type\":\"ListItem\",\"position\":2,\"name\":\"8398\"}]},{\"@type\":\"WebSite\",\"@id\":\"https:\\\/\\\/meber2026.graphoservice.it\\\/fr\\\/#website\",\"url\":\"https:\\\/\\\/meber2026.graphoservice.it\\\/fr\\\/\",\"name\":\"Me.Ber.\",\"description\":\"In Case of Emergerncy\",\"potentialAction\":[{\"@type\":\"SearchAction\",\"target\":{\"@type\":\"EntryPoint\",\"urlTemplate\":\"https:\\\/\\\/meber2026.graphoservice.it\\\/fr\\\/?s={search_term_string}\"},\"query-input\":{\"@type\":\"PropertyValueSpecification\",\"valueRequired\":true,\"valueName\":\"search_term_string\"}}],\"inLanguage\":\"fr-FR\"}]}<\/script>\n<!-- \/ Yoast SEO plugin. -->","yoast_head_json":{"title":"8398","robots":{"index":"noindex","follow":"follow","max-snippet":"max-snippet:-1","max-image-preview":"max-image-preview:large","max-video-preview":"max-video-preview:-1"},"og_locale":"fr_FR","og_type":"article","og_title":"8398","og_description":"Fabriqu\u00e9 en acier au carbone P02 d\u2019une \u00e9paisseur de 15\/10, avec des soudures \u00e9tanches, des joints \u00e0 feuillure, une porte \u00e9tanche \u00e0 l\u2019eau et \u00e0 la poussi\u00e8re avec un degr\u00e9 de protection IP44, et une fermeture \u00e0 pression avec r\u00e9glage des courants d\u2019air et possibilit\u00e9 d\u2019appliquer un cadenas ouun sceau (non fournis). Charni\u00e8res en alliage [&hellip;]","og_url":"https:\/\/meber2026.graphoservice.it\/fr\/product\/8398-2\/","og_site_name":"Me.Ber.","article_modified_time":"2026-04-28T16:13:51+00:00","og_image":[{"width":424,"height":454,"url":"https:\/\/meber2026.graphoservice.it\/wp-content\/uploads\/2026\/02\/8398_.jpg","type":"image\/jpeg"}],"twitter_card":"summary_large_image","twitter_misc":{"Dur\u00e9e de lecture estim\u00e9e":"1 minute"},"schema":{"@context":"https:\/\/schema.org","@graph":[{"@type":"WebPage","@id":"https:\/\/meber2026.graphoservice.it\/fr\/product\/8398-2\/","url":"https:\/\/meber2026.graphoservice.it\/fr\/product\/8398-2\/","name":"8398","isPartOf":{"@id":"https:\/\/meber2026.graphoservice.it\/fr\/#website"},"primaryImageOfPage":{"@id":"https:\/\/meber2026.graphoservice.it\/fr\/product\/8398-2\/#primaryimage"},"image":{"@id":"https:\/\/meber2026.graphoservice.it\/fr\/product\/8398-2\/#primaryimage"},"thumbnailUrl":"https:\/\/meber2026.graphoservice.it\/wp-content\/uploads\/2026\/02\/8398_.jpg","datePublished":"2026-02-10T09:27:46+00:00","dateModified":"2026-04-28T16:13:51+00:00","breadcrumb":{"@id":"https:\/\/meber2026.graphoservice.it\/fr\/product\/8398-2\/#breadcrumb"},"inLanguage":"fr-FR","potentialAction":[{"@type":"ReadAction","target":["https:\/\/meber2026.graphoservice.it\/fr\/product\/8398-2\/"]}]},{"@type":"ImageObject","inLanguage":"fr-FR","@id":"https:\/\/meber2026.graphoservice.it\/fr\/product\/8398-2\/#primaryimage","url":"https:\/\/meber2026.graphoservice.it\/wp-content\/uploads\/2026\/02\/8398_.jpg","contentUrl":"https:\/\/meber2026.graphoservice.it\/wp-content\/uploads\/2026\/02\/8398_.jpg","width":424,"height":454},{"@type":"BreadcrumbList","@id":"https:\/\/meber2026.graphoservice.it\/fr\/product\/8398-2\/#breadcrumb","itemListElement":[{"@type":"ListItem","position":1,"name":"Home","item":"https:\/\/meber2026.graphoservice.it\/fr\/"},{"@type":"ListItem","position":2,"name":"8398"}]},{"@type":"WebSite","@id":"https:\/\/meber2026.graphoservice.it\/fr\/#website","url":"https:\/\/meber2026.graphoservice.it\/fr\/","name":"Me.Ber.","description":"In Case of Emergerncy","potentialAction":[{"@type":"SearchAction","target":{"@type":"EntryPoint","urlTemplate":"https:\/\/meber2026.graphoservice.it\/fr\/?s={search_term_string}"},"query-input":{"@type":"PropertyValueSpecification","valueRequired":true,"valueName":"search_term_string"}}],"inLanguage":"fr-FR"}]}},"_links":{"self":[{"href":"https:\/\/meber2026.graphoservice.it\/fr\/wp-json\/wp\/v2\/product\/19073","targetHints":{"allow":["GET"]}}],"collection":[{"href":"https:\/\/meber2026.graphoservice.it\/fr\/wp-json\/wp\/v2\/product"}],"about":[{"href":"https:\/\/meber2026.graphoservice.it\/fr\/wp-json\/wp\/v2\/types\/product"}],"author":[{"embeddable":true,"href":"https:\/\/meber2026.graphoservice.it\/fr\/wp-json\/wp\/v2\/users\/1"}],"version-history":[{"count":1,"href":"https:\/\/meber2026.graphoservice.it\/fr\/wp-json\/wp\/v2\/product\/19073\/revisions"}],"predecessor-version":[{"id":31076,"href":"https:\/\/meber2026.graphoservice.it\/fr\/wp-json\/wp\/v2\/product\/19073\/revisions\/31076"}],"wp:featuredmedia":[{"embeddable":true,"href":"https:\/\/meber2026.graphoservice.it\/fr\/wp-json\/wp\/v2\/media\/15701"}],"wp:attachment":[{"href":"https:\/\/meber2026.graphoservice.it\/fr\/wp-json\/wp\/v2\/media?parent=19073"}],"wp:term":[{"taxonomy":"application-tag","embeddable":true,"href":"https:\/\/meber2026.graphoservice.it\/fr\/wp-json\/wp\/v2\/application-tag?post=19073"}],"curies":[{"name":"wp","href":"https:\/\/api.w.org\/{rel}","templated":true}]}}