{"id":19063,"date":"2026-02-10T09:27:45","date_gmt":"2026-02-10T09:27:45","guid":{"rendered":"https:\/\/meber2026.graphoservice.it\/product\/8396-2\/"},"modified":"2026-04-28T16:13:43","modified_gmt":"2026-04-28T16:13:43","slug":"8396-2","status":"publish","type":"product","link":"https:\/\/meber2026.graphoservice.it\/fr\/product\/8396-2\/","title":{"rendered":"8396"},"content":{"rendered":"<p>Bo\u00eetier pour d\u00e9fibrillateur d\u2019ext\u00e9rieur alarm\u00e9 thermor\u00e9gul\u00e9 avec bloc d\u2019alimentation.\u00a0<br \/> \u00c9tag\u00e8re int\u00e9rieure r\u00e9glable en hauteur. Poign\u00e9e confortable en technopolym\u00e8re pour une ouverture facile. Capteur \u00e0 cristaux liquides de la temp\u00e9rature interne positionn\u00e9 \u00e0 l\u2019avant.\u00a0<\/p>\n<p> Dimensions ext\u00e9rieures 425 x 480 x 215 mm (L x H x P)<br \/> Espace int\u00e9rieur 420 mm (L) &#8211; 390 mm (H)<br \/> Ouverture de porte 365 mm (L) &#8211; 365 mm (H)<\/p>\n<p> ATTENTION : BO\u00ceTIERS NON ADAPT\u00c9S AUX LIEUX MARITIMES<\/p>\n","protected":false},"excerpt":{"rendered":"<p>Bo\u00eetier pour d\u00e9fibrillateur d\u2019ext\u00e9rieur alarm\u00e9 thermor\u00e9gul\u00e9 avec bloc d\u2019alimentation.\u00a0 \u00c9tag\u00e8re int\u00e9rieure r\u00e9glable en hauteur. Poign\u00e9e confortable en technopolym\u00e8re pour une ouverture facile. Capteur \u00e0 cristaux liquides de la temp\u00e9rature interne positionn\u00e9 \u00e0 l\u2019avant.\u00a0 Dimensions ext\u00e9rieures 425 x 480 x 215 mm (L x H x P) Espace int\u00e9rieur 420 mm (L) &#8211; 390 mm (H) [&hellip;]<\/p>\n","protected":false},"author":1,"featured_media":15687,"parent":0,"menu_order":60004000,"template":"","meta":{"_acf_changed":false,"footnotes":""},"application-tag":[102],"class_list":["post-19063","product","type-product","status-publish","has-post-thumbnail","hentry","application-tag-diagnostic"],"acf":[],"dsm_author":{"name":"admeb26","avatar_url":"https:\/\/meber2026.graphoservice.it\/wp-content\/plugins\/ultimate-member\/assets\/img\/default_avatar.jpg","archive_link":"https:\/\/meber2026.graphoservice.it\/fr\/author\/admeb26\/","biodata":""},"dsm_categories":[],"dsm_attachment_categories":[],"dsm_featured_image":{"thumbnail":"https:\/\/meber2026.graphoservice.it\/wp-content\/uploads\/2026\/02\/Teca_gialla_defibrillatore-150x150.jpg","medium":"https:\/\/meber2026.graphoservice.it\/wp-content\/uploads\/2026\/02\/Teca_gialla_defibrillatore-280x300.jpg","medium_large":"https:\/\/meber2026.graphoservice.it\/wp-content\/uploads\/2026\/02\/Teca_gialla_defibrillatore.jpg","large":"https:\/\/meber2026.graphoservice.it\/wp-content\/uploads\/2026\/02\/Teca_gialla_defibrillatore.jpg","1536x1536":"https:\/\/meber2026.graphoservice.it\/wp-content\/uploads\/2026\/02\/Teca_gialla_defibrillatore.jpg","2048x2048":"https:\/\/meber2026.graphoservice.it\/wp-content\/uploads\/2026\/02\/Teca_gialla_defibrillatore.jpg","et-pb-post-main-image":"https:\/\/meber2026.graphoservice.it\/wp-content\/uploads\/2026\/02\/Teca_gialla_defibrillatore-400x250.jpg","et-pb-post-main-image-fullwidth":"https:\/\/meber2026.graphoservice.it\/wp-content\/uploads\/2026\/02\/Teca_gialla_defibrillatore.jpg","et-pb-portfolio-image":"https:\/\/meber2026.graphoservice.it\/wp-content\/uploads\/2026\/02\/Teca_gialla_defibrillatore-400x284.jpg","et-pb-portfolio-module-image":"https:\/\/meber2026.graphoservice.it\/wp-content\/uploads\/2026\/02\/Teca_gialla_defibrillatore-424x382.jpg","et-pb-portfolio-image-single":"https:\/\/meber2026.graphoservice.it\/wp-content\/uploads\/2026\/02\/Teca_gialla_defibrillatore.jpg","et-pb-gallery-module-image-portrait":"https:\/\/meber2026.graphoservice.it\/wp-content\/uploads\/2026\/02\/Teca_gialla_defibrillatore-400x454.jpg","et-pb-post-main-image-fullwidth-large":"https:\/\/meber2026.graphoservice.it\/wp-content\/uploads\/2026\/02\/Teca_gialla_defibrillatore.jpg","et-pb-image--responsive--desktop":"https:\/\/meber2026.graphoservice.it\/wp-content\/uploads\/2026\/02\/Teca_gialla_defibrillatore.jpg","et-pb-image--responsive--tablet":"https:\/\/meber2026.graphoservice.it\/wp-content\/uploads\/2026\/02\/Teca_gialla_defibrillatore.jpg","et-pb-image--responsive--phone":"https:\/\/meber2026.graphoservice.it\/wp-content\/uploads\/2026\/02\/Teca_gialla_defibrillatore.jpg","full":"https:\/\/meber2026.graphoservice.it\/wp-content\/uploads\/2026\/02\/Teca_gialla_defibrillatore.jpg"},"yoast_head":"<!-- This site is optimized with the Yoast SEO plugin v27.4 - https:\/\/yoast.com\/product\/yoast-seo-wordpress\/ -->\n<title>8396<\/title>\n<meta name=\"robots\" content=\"noindex, follow, max-snippet:-1, max-image-preview:large, max-video-preview:-1\" \/>\n<meta property=\"og:locale\" content=\"fr_FR\" \/>\n<meta property=\"og:type\" content=\"article\" \/>\n<meta property=\"og:title\" content=\"8396\" \/>\n<meta property=\"og:description\" content=\"Bo\u00eetier pour d\u00e9fibrillateur d\u2019ext\u00e9rieur alarm\u00e9 thermor\u00e9gul\u00e9 avec bloc d\u2019alimentation.\u00a0 \u00c9tag\u00e8re int\u00e9rieure r\u00e9glable en hauteur. Poign\u00e9e confortable en technopolym\u00e8re pour une ouverture facile. Capteur \u00e0 cristaux liquides de la temp\u00e9rature interne positionn\u00e9 \u00e0 l\u2019avant.\u00a0 Dimensions ext\u00e9rieures 425 x 480 x 215 mm (L x H x P) Espace int\u00e9rieur 420 mm (L) &#8211; 390 mm (H) [&hellip;]\" \/>\n<meta property=\"og:url\" content=\"https:\/\/meber2026.graphoservice.it\/fr\/product\/8396-2\/\" \/>\n<meta property=\"og:site_name\" content=\"Me.Ber.\" \/>\n<meta property=\"article:modified_time\" content=\"2026-04-28T16:13:43+00:00\" \/>\n<meta property=\"og:image\" content=\"https:\/\/meber2026.graphoservice.it\/wp-content\/uploads\/2026\/02\/Teca_gialla_defibrillatore.jpg\" \/>\n\t<meta property=\"og:image:width\" content=\"424\" \/>\n\t<meta property=\"og:image:height\" content=\"454\" \/>\n\t<meta property=\"og:image:type\" content=\"image\/jpeg\" \/>\n<meta name=\"twitter:card\" content=\"summary_large_image\" \/>\n<script type=\"application\/ld+json\" class=\"yoast-schema-graph\">{\"@context\":\"https:\\\/\\\/schema.org\",\"@graph\":[{\"@type\":\"WebPage\",\"@id\":\"https:\\\/\\\/meber2026.graphoservice.it\\\/fr\\\/product\\\/8396-2\\\/\",\"url\":\"https:\\\/\\\/meber2026.graphoservice.it\\\/fr\\\/product\\\/8396-2\\\/\",\"name\":\"8396\",\"isPartOf\":{\"@id\":\"https:\\\/\\\/meber2026.graphoservice.it\\\/fr\\\/#website\"},\"primaryImageOfPage\":{\"@id\":\"https:\\\/\\\/meber2026.graphoservice.it\\\/fr\\\/product\\\/8396-2\\\/#primaryimage\"},\"image\":{\"@id\":\"https:\\\/\\\/meber2026.graphoservice.it\\\/fr\\\/product\\\/8396-2\\\/#primaryimage\"},\"thumbnailUrl\":\"https:\\\/\\\/meber2026.graphoservice.it\\\/wp-content\\\/uploads\\\/2026\\\/02\\\/Teca_gialla_defibrillatore.jpg\",\"datePublished\":\"2026-02-10T09:27:45+00:00\",\"dateModified\":\"2026-04-28T16:13:43+00:00\",\"breadcrumb\":{\"@id\":\"https:\\\/\\\/meber2026.graphoservice.it\\\/fr\\\/product\\\/8396-2\\\/#breadcrumb\"},\"inLanguage\":\"fr-FR\",\"potentialAction\":[{\"@type\":\"ReadAction\",\"target\":[\"https:\\\/\\\/meber2026.graphoservice.it\\\/fr\\\/product\\\/8396-2\\\/\"]}]},{\"@type\":\"ImageObject\",\"inLanguage\":\"fr-FR\",\"@id\":\"https:\\\/\\\/meber2026.graphoservice.it\\\/fr\\\/product\\\/8396-2\\\/#primaryimage\",\"url\":\"https:\\\/\\\/meber2026.graphoservice.it\\\/wp-content\\\/uploads\\\/2026\\\/02\\\/Teca_gialla_defibrillatore.jpg\",\"contentUrl\":\"https:\\\/\\\/meber2026.graphoservice.it\\\/wp-content\\\/uploads\\\/2026\\\/02\\\/Teca_gialla_defibrillatore.jpg\",\"width\":424,\"height\":454},{\"@type\":\"BreadcrumbList\",\"@id\":\"https:\\\/\\\/meber2026.graphoservice.it\\\/fr\\\/product\\\/8396-2\\\/#breadcrumb\",\"itemListElement\":[{\"@type\":\"ListItem\",\"position\":1,\"name\":\"Home\",\"item\":\"https:\\\/\\\/meber2026.graphoservice.it\\\/fr\\\/\"},{\"@type\":\"ListItem\",\"position\":2,\"name\":\"8396\"}]},{\"@type\":\"WebSite\",\"@id\":\"https:\\\/\\\/meber2026.graphoservice.it\\\/fr\\\/#website\",\"url\":\"https:\\\/\\\/meber2026.graphoservice.it\\\/fr\\\/\",\"name\":\"Me.Ber.\",\"description\":\"In Case of Emergerncy\",\"potentialAction\":[{\"@type\":\"SearchAction\",\"target\":{\"@type\":\"EntryPoint\",\"urlTemplate\":\"https:\\\/\\\/meber2026.graphoservice.it\\\/fr\\\/?s={search_term_string}\"},\"query-input\":{\"@type\":\"PropertyValueSpecification\",\"valueRequired\":true,\"valueName\":\"search_term_string\"}}],\"inLanguage\":\"fr-FR\"}]}<\/script>\n<!-- \/ Yoast SEO plugin. -->","yoast_head_json":{"title":"8396","robots":{"index":"noindex","follow":"follow","max-snippet":"max-snippet:-1","max-image-preview":"max-image-preview:large","max-video-preview":"max-video-preview:-1"},"og_locale":"fr_FR","og_type":"article","og_title":"8396","og_description":"Bo\u00eetier pour d\u00e9fibrillateur d\u2019ext\u00e9rieur alarm\u00e9 thermor\u00e9gul\u00e9 avec bloc d\u2019alimentation.\u00a0 \u00c9tag\u00e8re int\u00e9rieure r\u00e9glable en hauteur. Poign\u00e9e confortable en technopolym\u00e8re pour une ouverture facile. Capteur \u00e0 cristaux liquides de la temp\u00e9rature interne positionn\u00e9 \u00e0 l\u2019avant.\u00a0 Dimensions ext\u00e9rieures 425 x 480 x 215 mm (L x H x P) Espace int\u00e9rieur 420 mm (L) &#8211; 390 mm (H) [&hellip;]","og_url":"https:\/\/meber2026.graphoservice.it\/fr\/product\/8396-2\/","og_site_name":"Me.Ber.","article_modified_time":"2026-04-28T16:13:43+00:00","og_image":[{"width":424,"height":454,"url":"https:\/\/meber2026.graphoservice.it\/wp-content\/uploads\/2026\/02\/Teca_gialla_defibrillatore.jpg","type":"image\/jpeg"}],"twitter_card":"summary_large_image","schema":{"@context":"https:\/\/schema.org","@graph":[{"@type":"WebPage","@id":"https:\/\/meber2026.graphoservice.it\/fr\/product\/8396-2\/","url":"https:\/\/meber2026.graphoservice.it\/fr\/product\/8396-2\/","name":"8396","isPartOf":{"@id":"https:\/\/meber2026.graphoservice.it\/fr\/#website"},"primaryImageOfPage":{"@id":"https:\/\/meber2026.graphoservice.it\/fr\/product\/8396-2\/#primaryimage"},"image":{"@id":"https:\/\/meber2026.graphoservice.it\/fr\/product\/8396-2\/#primaryimage"},"thumbnailUrl":"https:\/\/meber2026.graphoservice.it\/wp-content\/uploads\/2026\/02\/Teca_gialla_defibrillatore.jpg","datePublished":"2026-02-10T09:27:45+00:00","dateModified":"2026-04-28T16:13:43+00:00","breadcrumb":{"@id":"https:\/\/meber2026.graphoservice.it\/fr\/product\/8396-2\/#breadcrumb"},"inLanguage":"fr-FR","potentialAction":[{"@type":"ReadAction","target":["https:\/\/meber2026.graphoservice.it\/fr\/product\/8396-2\/"]}]},{"@type":"ImageObject","inLanguage":"fr-FR","@id":"https:\/\/meber2026.graphoservice.it\/fr\/product\/8396-2\/#primaryimage","url":"https:\/\/meber2026.graphoservice.it\/wp-content\/uploads\/2026\/02\/Teca_gialla_defibrillatore.jpg","contentUrl":"https:\/\/meber2026.graphoservice.it\/wp-content\/uploads\/2026\/02\/Teca_gialla_defibrillatore.jpg","width":424,"height":454},{"@type":"BreadcrumbList","@id":"https:\/\/meber2026.graphoservice.it\/fr\/product\/8396-2\/#breadcrumb","itemListElement":[{"@type":"ListItem","position":1,"name":"Home","item":"https:\/\/meber2026.graphoservice.it\/fr\/"},{"@type":"ListItem","position":2,"name":"8396"}]},{"@type":"WebSite","@id":"https:\/\/meber2026.graphoservice.it\/fr\/#website","url":"https:\/\/meber2026.graphoservice.it\/fr\/","name":"Me.Ber.","description":"In Case of Emergerncy","potentialAction":[{"@type":"SearchAction","target":{"@type":"EntryPoint","urlTemplate":"https:\/\/meber2026.graphoservice.it\/fr\/?s={search_term_string}"},"query-input":{"@type":"PropertyValueSpecification","valueRequired":true,"valueName":"search_term_string"}}],"inLanguage":"fr-FR"}]}},"_links":{"self":[{"href":"https:\/\/meber2026.graphoservice.it\/fr\/wp-json\/wp\/v2\/product\/19063","targetHints":{"allow":["GET"]}}],"collection":[{"href":"https:\/\/meber2026.graphoservice.it\/fr\/wp-json\/wp\/v2\/product"}],"about":[{"href":"https:\/\/meber2026.graphoservice.it\/fr\/wp-json\/wp\/v2\/types\/product"}],"author":[{"embeddable":true,"href":"https:\/\/meber2026.graphoservice.it\/fr\/wp-json\/wp\/v2\/users\/1"}],"version-history":[{"count":1,"href":"https:\/\/meber2026.graphoservice.it\/fr\/wp-json\/wp\/v2\/product\/19063\/revisions"}],"predecessor-version":[{"id":31068,"href":"https:\/\/meber2026.graphoservice.it\/fr\/wp-json\/wp\/v2\/product\/19063\/revisions\/31068"}],"wp:featuredmedia":[{"embeddable":true,"href":"https:\/\/meber2026.graphoservice.it\/fr\/wp-json\/wp\/v2\/media\/15687"}],"wp:attachment":[{"href":"https:\/\/meber2026.graphoservice.it\/fr\/wp-json\/wp\/v2\/media?parent=19063"}],"wp:term":[{"taxonomy":"application-tag","embeddable":true,"href":"https:\/\/meber2026.graphoservice.it\/fr\/wp-json\/wp\/v2\/application-tag?post=19063"}],"curies":[{"name":"wp","href":"https:\/\/api.w.org\/{rel}","templated":true}]}}