{"id":19008,"date":"2026-02-10T09:27:39","date_gmt":"2026-02-10T09:27:39","guid":{"rendered":"https:\/\/meber2026.graphoservice.it\/product\/11220-oxytest\/"},"modified":"2026-04-28T16:12:54","modified_gmt":"2026-04-28T16:12:54","slug":"11220-oxytest","status":"publish","type":"product","link":"https:\/\/meber2026.graphoservice.it\/fr\/product\/11220-oxytest\/","title":{"rendered":"11220 Oxytest"},"content":{"rendered":"<p>Oxytest est un oxym\u00e8tre de pouls portable facile \u00e0 utiliser et l\u00e9ger \u00e0 transporter. \u00c9quip\u00e9 de\u00a0: &#8211; \u00c9cran Oled, quatre directions pour visualiser la saturation art\u00e9rielle en oxyg\u00e8ne, la fr\u00e9quence et la force du pouls\u00a0<br \/>\n-Indicateur de tension de la batterie<br \/>\n&#8211; Veille ou suspension automatique<\/p>\n<p>Gr\u00e2ce aux capteurs\u00a0art. 11224 ed art. 11222 (non inclus dans l\u2019emballage), Oxytest peut \u00e9galement \u00eatre utilis\u00e9 pour les enfants et les b\u00e9b\u00e9s.<br \/>\nL\u2019alimentation se fait par une batterie au lithium rechargeable.<\/p>\n","protected":false},"excerpt":{"rendered":"<p>Oxytest est un oxym\u00e8tre de pouls portable facile \u00e0 utiliser et l\u00e9ger \u00e0 transporter. \u00c9quip\u00e9 de\u00a0: &#8211; \u00c9cran Oled, quatre directions pour visualiser la saturation art\u00e9rielle en oxyg\u00e8ne, la fr\u00e9quence et la force du pouls\u00a0 -Indicateur de tension de la batterie &#8211; Veille ou suspension automatique Gr\u00e2ce aux capteurs\u00a0art. 11224 ed art. 11222 (non inclus [&hellip;]<\/p>\n","protected":false},"author":1,"featured_media":15610,"parent":0,"menu_order":60005000,"template":"","meta":{"_acf_changed":false,"footnotes":""},"application-tag":[102,68],"class_list":["post-19008","product","type-product","status-publish","has-post-thumbnail","hentry","application-tag-diagnostic","application-tag-pediatrique"],"acf":[],"dsm_author":{"name":"admeb26","avatar_url":"https:\/\/meber2026.graphoservice.it\/wp-content\/plugins\/ultimate-member\/assets\/img\/default_avatar.jpg","archive_link":"https:\/\/meber2026.graphoservice.it\/fr\/author\/admeb26\/","biodata":""},"dsm_categories":[],"dsm_attachment_categories":[],"dsm_featured_image":{"thumbnail":"https:\/\/meber2026.graphoservice.it\/wp-content\/uploads\/2026\/02\/11220_oxytest-150x150.jpg","medium":"https:\/\/meber2026.graphoservice.it\/wp-content\/uploads\/2026\/02\/11220_oxytest-220x300.jpg","medium_large":"https:\/\/meber2026.graphoservice.it\/wp-content\/uploads\/2026\/02\/11220_oxytest.jpg","large":"https:\/\/meber2026.graphoservice.it\/wp-content\/uploads\/2026\/02\/11220_oxytest.jpg","1536x1536":"https:\/\/meber2026.graphoservice.it\/wp-content\/uploads\/2026\/02\/11220_oxytest.jpg","2048x2048":"https:\/\/meber2026.graphoservice.it\/wp-content\/uploads\/2026\/02\/11220_oxytest.jpg","et-pb-post-main-image":"https:\/\/meber2026.graphoservice.it\/wp-content\/uploads\/2026\/02\/11220_oxytest-400x250.jpg","et-pb-post-main-image-fullwidth":"https:\/\/meber2026.graphoservice.it\/wp-content\/uploads\/2026\/02\/11220_oxytest-550x675.jpg","et-pb-portfolio-image":"https:\/\/meber2026.graphoservice.it\/wp-content\/uploads\/2026\/02\/11220_oxytest-400x284.jpg","et-pb-portfolio-module-image":"https:\/\/meber2026.graphoservice.it\/wp-content\/uploads\/2026\/02\/11220_oxytest-510x382.jpg","et-pb-portfolio-image-single":"https:\/\/meber2026.graphoservice.it\/wp-content\/uploads\/2026\/02\/11220_oxytest.jpg","et-pb-gallery-module-image-portrait":"https:\/\/meber2026.graphoservice.it\/wp-content\/uploads\/2026\/02\/11220_oxytest-400x516.jpg","et-pb-post-main-image-fullwidth-large":"https:\/\/meber2026.graphoservice.it\/wp-content\/uploads\/2026\/02\/11220_oxytest.jpg","et-pb-image--responsive--desktop":"https:\/\/meber2026.graphoservice.it\/wp-content\/uploads\/2026\/02\/11220_oxytest.jpg","et-pb-image--responsive--tablet":"https:\/\/meber2026.graphoservice.it\/wp-content\/uploads\/2026\/02\/11220_oxytest.jpg","et-pb-image--responsive--phone":"https:\/\/meber2026.graphoservice.it\/wp-content\/uploads\/2026\/02\/11220_oxytest-480x655.jpg","full":"https:\/\/meber2026.graphoservice.it\/wp-content\/uploads\/2026\/02\/11220_oxytest.jpg"},"yoast_head":"<!-- This site is optimized with the Yoast SEO plugin v27.4 - https:\/\/yoast.com\/product\/yoast-seo-wordpress\/ -->\n<title>11220 Oxytest<\/title>\n<meta name=\"robots\" content=\"noindex, follow, max-snippet:-1, max-image-preview:large, max-video-preview:-1\" \/>\n<meta property=\"og:locale\" content=\"fr_FR\" \/>\n<meta property=\"og:type\" content=\"article\" \/>\n<meta property=\"og:title\" content=\"11220 Oxytest\" \/>\n<meta property=\"og:description\" content=\"Oxytest est un oxym\u00e8tre de pouls portable facile \u00e0 utiliser et l\u00e9ger \u00e0 transporter. \u00c9quip\u00e9 de\u00a0: &#8211; \u00c9cran Oled, quatre directions pour visualiser la saturation art\u00e9rielle en oxyg\u00e8ne, la fr\u00e9quence et la force du pouls\u00a0 -Indicateur de tension de la batterie &#8211; Veille ou suspension automatique Gr\u00e2ce aux capteurs\u00a0art. 11224 ed art. 11222 (non inclus [&hellip;]\" \/>\n<meta property=\"og:url\" content=\"https:\/\/meber2026.graphoservice.it\/fr\/product\/11220-oxytest\/\" \/>\n<meta property=\"og:site_name\" content=\"Me.Ber.\" \/>\n<meta property=\"article:modified_time\" content=\"2026-04-28T16:12:54+00:00\" \/>\n<meta property=\"og:image\" content=\"https:\/\/meber2026.graphoservice.it\/wp-content\/uploads\/2026\/02\/11220_oxytest.jpg\" \/>\n\t<meta property=\"og:image:width\" content=\"550\" \/>\n\t<meta property=\"og:image:height\" content=\"750\" \/>\n\t<meta property=\"og:image:type\" content=\"image\/jpeg\" \/>\n<meta name=\"twitter:card\" content=\"summary_large_image\" \/>\n<script type=\"application\/ld+json\" class=\"yoast-schema-graph\">{\"@context\":\"https:\\\/\\\/schema.org\",\"@graph\":[{\"@type\":\"WebPage\",\"@id\":\"https:\\\/\\\/meber2026.graphoservice.it\\\/fr\\\/product\\\/11220-oxytest\\\/\",\"url\":\"https:\\\/\\\/meber2026.graphoservice.it\\\/fr\\\/product\\\/11220-oxytest\\\/\",\"name\":\"11220 Oxytest\",\"isPartOf\":{\"@id\":\"https:\\\/\\\/meber2026.graphoservice.it\\\/fr\\\/#website\"},\"primaryImageOfPage\":{\"@id\":\"https:\\\/\\\/meber2026.graphoservice.it\\\/fr\\\/product\\\/11220-oxytest\\\/#primaryimage\"},\"image\":{\"@id\":\"https:\\\/\\\/meber2026.graphoservice.it\\\/fr\\\/product\\\/11220-oxytest\\\/#primaryimage\"},\"thumbnailUrl\":\"https:\\\/\\\/meber2026.graphoservice.it\\\/wp-content\\\/uploads\\\/2026\\\/02\\\/11220_oxytest.jpg\",\"datePublished\":\"2026-02-10T09:27:39+00:00\",\"dateModified\":\"2026-04-28T16:12:54+00:00\",\"breadcrumb\":{\"@id\":\"https:\\\/\\\/meber2026.graphoservice.it\\\/fr\\\/product\\\/11220-oxytest\\\/#breadcrumb\"},\"inLanguage\":\"fr-FR\",\"potentialAction\":[{\"@type\":\"ReadAction\",\"target\":[\"https:\\\/\\\/meber2026.graphoservice.it\\\/fr\\\/product\\\/11220-oxytest\\\/\"]}]},{\"@type\":\"ImageObject\",\"inLanguage\":\"fr-FR\",\"@id\":\"https:\\\/\\\/meber2026.graphoservice.it\\\/fr\\\/product\\\/11220-oxytest\\\/#primaryimage\",\"url\":\"https:\\\/\\\/meber2026.graphoservice.it\\\/wp-content\\\/uploads\\\/2026\\\/02\\\/11220_oxytest.jpg\",\"contentUrl\":\"https:\\\/\\\/meber2026.graphoservice.it\\\/wp-content\\\/uploads\\\/2026\\\/02\\\/11220_oxytest.jpg\",\"width\":550,\"height\":750},{\"@type\":\"BreadcrumbList\",\"@id\":\"https:\\\/\\\/meber2026.graphoservice.it\\\/fr\\\/product\\\/11220-oxytest\\\/#breadcrumb\",\"itemListElement\":[{\"@type\":\"ListItem\",\"position\":1,\"name\":\"Home\",\"item\":\"https:\\\/\\\/meber2026.graphoservice.it\\\/fr\\\/\"},{\"@type\":\"ListItem\",\"position\":2,\"name\":\"11220 Oxytest\"}]},{\"@type\":\"WebSite\",\"@id\":\"https:\\\/\\\/meber2026.graphoservice.it\\\/fr\\\/#website\",\"url\":\"https:\\\/\\\/meber2026.graphoservice.it\\\/fr\\\/\",\"name\":\"Me.Ber.\",\"description\":\"In Case of Emergerncy\",\"potentialAction\":[{\"@type\":\"SearchAction\",\"target\":{\"@type\":\"EntryPoint\",\"urlTemplate\":\"https:\\\/\\\/meber2026.graphoservice.it\\\/fr\\\/?s={search_term_string}\"},\"query-input\":{\"@type\":\"PropertyValueSpecification\",\"valueRequired\":true,\"valueName\":\"search_term_string\"}}],\"inLanguage\":\"fr-FR\"}]}<\/script>\n<!-- \/ Yoast SEO plugin. -->","yoast_head_json":{"title":"11220 Oxytest","robots":{"index":"noindex","follow":"follow","max-snippet":"max-snippet:-1","max-image-preview":"max-image-preview:large","max-video-preview":"max-video-preview:-1"},"og_locale":"fr_FR","og_type":"article","og_title":"11220 Oxytest","og_description":"Oxytest est un oxym\u00e8tre de pouls portable facile \u00e0 utiliser et l\u00e9ger \u00e0 transporter. \u00c9quip\u00e9 de\u00a0: &#8211; \u00c9cran Oled, quatre directions pour visualiser la saturation art\u00e9rielle en oxyg\u00e8ne, la fr\u00e9quence et la force du pouls\u00a0 -Indicateur de tension de la batterie &#8211; Veille ou suspension automatique Gr\u00e2ce aux capteurs\u00a0art. 11224 ed art. 11222 (non inclus [&hellip;]","og_url":"https:\/\/meber2026.graphoservice.it\/fr\/product\/11220-oxytest\/","og_site_name":"Me.Ber.","article_modified_time":"2026-04-28T16:12:54+00:00","og_image":[{"width":550,"height":750,"url":"https:\/\/meber2026.graphoservice.it\/wp-content\/uploads\/2026\/02\/11220_oxytest.jpg","type":"image\/jpeg"}],"twitter_card":"summary_large_image","schema":{"@context":"https:\/\/schema.org","@graph":[{"@type":"WebPage","@id":"https:\/\/meber2026.graphoservice.it\/fr\/product\/11220-oxytest\/","url":"https:\/\/meber2026.graphoservice.it\/fr\/product\/11220-oxytest\/","name":"11220 Oxytest","isPartOf":{"@id":"https:\/\/meber2026.graphoservice.it\/fr\/#website"},"primaryImageOfPage":{"@id":"https:\/\/meber2026.graphoservice.it\/fr\/product\/11220-oxytest\/#primaryimage"},"image":{"@id":"https:\/\/meber2026.graphoservice.it\/fr\/product\/11220-oxytest\/#primaryimage"},"thumbnailUrl":"https:\/\/meber2026.graphoservice.it\/wp-content\/uploads\/2026\/02\/11220_oxytest.jpg","datePublished":"2026-02-10T09:27:39+00:00","dateModified":"2026-04-28T16:12:54+00:00","breadcrumb":{"@id":"https:\/\/meber2026.graphoservice.it\/fr\/product\/11220-oxytest\/#breadcrumb"},"inLanguage":"fr-FR","potentialAction":[{"@type":"ReadAction","target":["https:\/\/meber2026.graphoservice.it\/fr\/product\/11220-oxytest\/"]}]},{"@type":"ImageObject","inLanguage":"fr-FR","@id":"https:\/\/meber2026.graphoservice.it\/fr\/product\/11220-oxytest\/#primaryimage","url":"https:\/\/meber2026.graphoservice.it\/wp-content\/uploads\/2026\/02\/11220_oxytest.jpg","contentUrl":"https:\/\/meber2026.graphoservice.it\/wp-content\/uploads\/2026\/02\/11220_oxytest.jpg","width":550,"height":750},{"@type":"BreadcrumbList","@id":"https:\/\/meber2026.graphoservice.it\/fr\/product\/11220-oxytest\/#breadcrumb","itemListElement":[{"@type":"ListItem","position":1,"name":"Home","item":"https:\/\/meber2026.graphoservice.it\/fr\/"},{"@type":"ListItem","position":2,"name":"11220 Oxytest"}]},{"@type":"WebSite","@id":"https:\/\/meber2026.graphoservice.it\/fr\/#website","url":"https:\/\/meber2026.graphoservice.it\/fr\/","name":"Me.Ber.","description":"In Case of Emergerncy","potentialAction":[{"@type":"SearchAction","target":{"@type":"EntryPoint","urlTemplate":"https:\/\/meber2026.graphoservice.it\/fr\/?s={search_term_string}"},"query-input":{"@type":"PropertyValueSpecification","valueRequired":true,"valueName":"search_term_string"}}],"inLanguage":"fr-FR"}]}},"_links":{"self":[{"href":"https:\/\/meber2026.graphoservice.it\/fr\/wp-json\/wp\/v2\/product\/19008","targetHints":{"allow":["GET"]}}],"collection":[{"href":"https:\/\/meber2026.graphoservice.it\/fr\/wp-json\/wp\/v2\/product"}],"about":[{"href":"https:\/\/meber2026.graphoservice.it\/fr\/wp-json\/wp\/v2\/types\/product"}],"author":[{"embeddable":true,"href":"https:\/\/meber2026.graphoservice.it\/fr\/wp-json\/wp\/v2\/users\/1"}],"version-history":[{"count":1,"href":"https:\/\/meber2026.graphoservice.it\/fr\/wp-json\/wp\/v2\/product\/19008\/revisions"}],"predecessor-version":[{"id":31024,"href":"https:\/\/meber2026.graphoservice.it\/fr\/wp-json\/wp\/v2\/product\/19008\/revisions\/31024"}],"wp:featuredmedia":[{"embeddable":true,"href":"https:\/\/meber2026.graphoservice.it\/fr\/wp-json\/wp\/v2\/media\/15610"}],"wp:attachment":[{"href":"https:\/\/meber2026.graphoservice.it\/fr\/wp-json\/wp\/v2\/media?parent=19008"}],"wp:term":[{"taxonomy":"application-tag","embeddable":true,"href":"https:\/\/meber2026.graphoservice.it\/fr\/wp-json\/wp\/v2\/application-tag?post=19008"}],"curies":[{"name":"wp","href":"https:\/\/api.w.org\/{rel}","templated":true}]}}