{"id":19003,"date":"2026-02-10T09:27:39","date_gmt":"2026-02-10T09:27:39","guid":{"rendered":"https:\/\/meber2026.graphoservice.it\/product\/meber-x-7300\/"},"modified":"2026-02-10T09:27:39","modified_gmt":"2026-02-10T09:27:39","slug":"meber-x-7300","status":"publish","type":"product","link":"https:\/\/meber2026.graphoservice.it\/fr\/product\/meber-x-7300\/","title":{"rendered":"Meber-X 7300"},"content":{"rendered":"<div style=\"\">Le brancard \u00e0 plusieurs niveaux <strong>MeBer-X<\/strong>, avec cadre en \u00ab X \u00bb, a \u00e9t\u00e9 con\u00e7u pour rendre les op\u00e9rations de chargement, de d\u00e9chargement, de levage et d\u2019abaissement du patient simples et ergonomiques.<br \/>\nLa caract\u00e9ristique principale est, en effet, le r\u00e9glage en hauteur sur 9 qui facilite le transbordement et la maniabilit\u00e9 dans toutes les conditions..<br \/>\nConstruit avec alliage d\u2019aluminium, le brancard a une capacit\u00e9 de charge allant jusqu\u2019\u00e0 320 kg, ce qui garantit une s\u00e9curit\u00e9 maximale m\u00eame pour le transport de patients bariatriques..<br \/>\n\u00a0<\/div>\n<p>Les caract\u00e9ristiques du produit sont compl\u00e9t\u00e9es par:<br \/>\n&#8211; 4 roues pivotantes d\u2019un diam\u00e8tre de 200 mm;<br \/>\n&#8211; un sommier en aluminium lavable et d\u00e9sinfectable;<br \/>\n&#8211; un r\u00e9glage du dossier de 0 \u00e0 80\u00b0, verrouillable dans n\u2019importe quelle position;<br \/>\n&#8211; une configuration Trendelenburg et Fowler;<br \/>\n&#8211; un chariot de chargement escamotable.<\/p>\n<p>\u00e0 combiner avec l&#8217;art. <a href=\"https:\/\/www.meber.it\/it\/prodotti\/supporti\/19162.aspx\">19162<\/a><br \/>\n\u00a0<\/p>\n","protected":false},"excerpt":{"rendered":"<p>Le brancard \u00e0 plusieurs niveaux MeBer-X, avec cadre en \u00ab X \u00bb, a \u00e9t\u00e9 con\u00e7u pour rendre les op\u00e9rations de chargement, de d\u00e9chargement, de levage et d\u2019abaissement du patient simples et ergonomiques. La caract\u00e9ristique principale est, en effet, le r\u00e9glage en hauteur sur 9 qui facilite le transbordement et la maniabilit\u00e9 dans toutes les conditions.. [&hellip;]<\/p>\n","protected":false},"author":1,"featured_media":26207,"parent":0,"menu_order":20001300,"template":"","meta":{"_acf_changed":false,"footnotes":""},"application-tag":[],"class_list":["post-19003","product","type-product","status-publish","has-post-thumbnail","hentry"],"acf":[],"dsm_author":{"name":"admeb26","avatar_url":"https:\/\/meber2026.graphoservice.it\/wp-content\/plugins\/ultimate-member\/assets\/img\/default_avatar.jpg","archive_link":"https:\/\/meber2026.graphoservice.it\/fr\/author\/admeb26\/","biodata":""},"dsm_categories":[],"dsm_attachment_categories":[],"dsm_featured_image":{"thumbnail":"https:\/\/meber2026.graphoservice.it\/wp-content\/uploads\/2026\/02\/MeberX-senza-accessori-1-150x150.webp","medium":"https:\/\/meber2026.graphoservice.it\/wp-content\/uploads\/2026\/02\/MeberX-senza-accessori-1-300x300.webp","medium_large":"https:\/\/meber2026.graphoservice.it\/wp-content\/uploads\/2026\/02\/MeberX-senza-accessori-1-768x768.webp","large":"https:\/\/meber2026.graphoservice.it\/wp-content\/uploads\/2026\/02\/MeberX-senza-accessori-1-1024x1024.webp","1536x1536":"https:\/\/meber2026.graphoservice.it\/wp-content\/uploads\/2026\/02\/MeberX-senza-accessori-1-1536x1536.webp","2048x2048":"https:\/\/meber2026.graphoservice.it\/wp-content\/uploads\/2026\/02\/MeberX-senza-accessori-1.webp","et-pb-post-main-image":"https:\/\/meber2026.graphoservice.it\/wp-content\/uploads\/2026\/02\/MeberX-senza-accessori-1-400x250.webp","et-pb-post-main-image-fullwidth":"https:\/\/meber2026.graphoservice.it\/wp-content\/uploads\/2026\/02\/MeberX-senza-accessori-1-1080x675.webp","et-pb-portfolio-image":"https:\/\/meber2026.graphoservice.it\/wp-content\/uploads\/2026\/02\/MeberX-senza-accessori-1-400x284.webp","et-pb-portfolio-module-image":"https:\/\/meber2026.graphoservice.it\/wp-content\/uploads\/2026\/02\/MeberX-senza-accessori-1-510x382.webp","et-pb-portfolio-image-single":"https:\/\/meber2026.graphoservice.it\/wp-content\/uploads\/2026\/02\/MeberX-senza-accessori-1-1080x1080.webp","et-pb-gallery-module-image-portrait":"https:\/\/meber2026.graphoservice.it\/wp-content\/uploads\/2026\/02\/MeberX-senza-accessori-1-400x516.webp","et-pb-post-main-image-fullwidth-large":"https:\/\/meber2026.graphoservice.it\/wp-content\/uploads\/2026\/02\/MeberX-senza-accessori-1-2000x1800.webp","et-pb-image--responsive--desktop":"https:\/\/meber2026.graphoservice.it\/wp-content\/uploads\/2026\/02\/MeberX-senza-accessori-1-1280x1280.webp","et-pb-image--responsive--tablet":"https:\/\/meber2026.graphoservice.it\/wp-content\/uploads\/2026\/02\/MeberX-senza-accessori-1-980x980.webp","et-pb-image--responsive--phone":"https:\/\/meber2026.graphoservice.it\/wp-content\/uploads\/2026\/02\/MeberX-senza-accessori-1-480x480.webp","full":"https:\/\/meber2026.graphoservice.it\/wp-content\/uploads\/2026\/02\/MeberX-senza-accessori-1.webp"},"yoast_head":"<!-- This site is optimized with the Yoast SEO plugin v27.4 - https:\/\/yoast.com\/product\/yoast-seo-wordpress\/ -->\n<title>Meber-X brancard x-frame<\/title>\n<meta name=\"description\" content=\"Brancard x-frame avec 9 hauteurs r\u00e9glables et con\u00e7u pour faciliter le chargement, le d\u00e9chargement, le levage et l\u2019abaissement du patient.\" \/>\n<meta name=\"robots\" content=\"noindex, follow, max-snippet:-1, max-image-preview:large, max-video-preview:-1\" \/>\n<meta property=\"og:locale\" content=\"fr_FR\" \/>\n<meta property=\"og:type\" content=\"article\" \/>\n<meta property=\"og:title\" content=\"Meber-X brancard x-frame\" \/>\n<meta property=\"og:description\" content=\"Brancard x-frame avec 9 hauteurs r\u00e9glables et con\u00e7u pour faciliter le chargement, le d\u00e9chargement, le levage et l\u2019abaissement du patient.\" \/>\n<meta property=\"og:url\" content=\"https:\/\/meber2026.graphoservice.it\/fr\/product\/meber-x-7300\/\" \/>\n<meta property=\"og:site_name\" content=\"Me.Ber.\" \/>\n<meta name=\"twitter:card\" content=\"summary_large_image\" \/>\n<meta name=\"twitter:label1\" content=\"Dur\u00e9e de lecture estim\u00e9e\" \/>\n\t<meta name=\"twitter:data1\" content=\"1 minute\" \/>\n<script type=\"application\/ld+json\" class=\"yoast-schema-graph\">{\"@context\":\"https:\\\/\\\/schema.org\",\"@graph\":[{\"@type\":\"WebPage\",\"@id\":\"https:\\\/\\\/meber2026.graphoservice.it\\\/fr\\\/product\\\/meber-x-7300\\\/\",\"url\":\"https:\\\/\\\/meber2026.graphoservice.it\\\/fr\\\/product\\\/meber-x-7300\\\/\",\"name\":\"Meber-X brancard x-frame\",\"isPartOf\":{\"@id\":\"https:\\\/\\\/meber2026.graphoservice.it\\\/fr\\\/#website\"},\"primaryImageOfPage\":{\"@id\":\"https:\\\/\\\/meber2026.graphoservice.it\\\/fr\\\/product\\\/meber-x-7300\\\/#primaryimage\"},\"image\":{\"@id\":\"https:\\\/\\\/meber2026.graphoservice.it\\\/fr\\\/product\\\/meber-x-7300\\\/#primaryimage\"},\"thumbnailUrl\":\"https:\\\/\\\/meber2026.graphoservice.it\\\/wp-content\\\/uploads\\\/2026\\\/02\\\/MeberX-senza-accessori-1.webp\",\"datePublished\":\"2026-02-10T09:27:39+00:00\",\"description\":\"Brancard x-frame avec 9 hauteurs r\u00e9glables et con\u00e7u pour faciliter le chargement, le d\u00e9chargement, le levage et l\u2019abaissement du patient.\",\"breadcrumb\":{\"@id\":\"https:\\\/\\\/meber2026.graphoservice.it\\\/fr\\\/product\\\/meber-x-7300\\\/#breadcrumb\"},\"inLanguage\":\"fr-FR\",\"potentialAction\":[{\"@type\":\"ReadAction\",\"target\":[\"https:\\\/\\\/meber2026.graphoservice.it\\\/fr\\\/product\\\/meber-x-7300\\\/\"]}]},{\"@type\":\"ImageObject\",\"inLanguage\":\"fr-FR\",\"@id\":\"https:\\\/\\\/meber2026.graphoservice.it\\\/fr\\\/product\\\/meber-x-7300\\\/#primaryimage\",\"url\":\"https:\\\/\\\/meber2026.graphoservice.it\\\/wp-content\\\/uploads\\\/2026\\\/02\\\/MeberX-senza-accessori-1.webp\",\"contentUrl\":\"https:\\\/\\\/meber2026.graphoservice.it\\\/wp-content\\\/uploads\\\/2026\\\/02\\\/MeberX-senza-accessori-1.webp\",\"width\":2000,\"height\":2000},{\"@type\":\"BreadcrumbList\",\"@id\":\"https:\\\/\\\/meber2026.graphoservice.it\\\/fr\\\/product\\\/meber-x-7300\\\/#breadcrumb\",\"itemListElement\":[{\"@type\":\"ListItem\",\"position\":1,\"name\":\"Home\",\"item\":\"https:\\\/\\\/meber2026.graphoservice.it\\\/fr\\\/\"},{\"@type\":\"ListItem\",\"position\":2,\"name\":\"Meber-X 7300\"}]},{\"@type\":\"WebSite\",\"@id\":\"https:\\\/\\\/meber2026.graphoservice.it\\\/fr\\\/#website\",\"url\":\"https:\\\/\\\/meber2026.graphoservice.it\\\/fr\\\/\",\"name\":\"Me.Ber.\",\"description\":\"In Case of Emergerncy\",\"potentialAction\":[{\"@type\":\"SearchAction\",\"target\":{\"@type\":\"EntryPoint\",\"urlTemplate\":\"https:\\\/\\\/meber2026.graphoservice.it\\\/fr\\\/?s={search_term_string}\"},\"query-input\":{\"@type\":\"PropertyValueSpecification\",\"valueRequired\":true,\"valueName\":\"search_term_string\"}}],\"inLanguage\":\"fr-FR\"}]}<\/script>\n<!-- \/ Yoast SEO plugin. -->","yoast_head_json":{"title":"Meber-X brancard x-frame","description":"Brancard x-frame avec 9 hauteurs r\u00e9glables et con\u00e7u pour faciliter le chargement, le d\u00e9chargement, le levage et l\u2019abaissement du patient.","robots":{"index":"noindex","follow":"follow","max-snippet":"max-snippet:-1","max-image-preview":"max-image-preview:large","max-video-preview":"max-video-preview:-1"},"og_locale":"fr_FR","og_type":"article","og_title":"Meber-X brancard x-frame","og_description":"Brancard x-frame avec 9 hauteurs r\u00e9glables et con\u00e7u pour faciliter le chargement, le d\u00e9chargement, le levage et l\u2019abaissement du patient.","og_url":"https:\/\/meber2026.graphoservice.it\/fr\/product\/meber-x-7300\/","og_site_name":"Me.Ber.","twitter_card":"summary_large_image","twitter_misc":{"Dur\u00e9e de lecture estim\u00e9e":"1 minute"},"schema":{"@context":"https:\/\/schema.org","@graph":[{"@type":"WebPage","@id":"https:\/\/meber2026.graphoservice.it\/fr\/product\/meber-x-7300\/","url":"https:\/\/meber2026.graphoservice.it\/fr\/product\/meber-x-7300\/","name":"Meber-X brancard x-frame","isPartOf":{"@id":"https:\/\/meber2026.graphoservice.it\/fr\/#website"},"primaryImageOfPage":{"@id":"https:\/\/meber2026.graphoservice.it\/fr\/product\/meber-x-7300\/#primaryimage"},"image":{"@id":"https:\/\/meber2026.graphoservice.it\/fr\/product\/meber-x-7300\/#primaryimage"},"thumbnailUrl":"https:\/\/meber2026.graphoservice.it\/wp-content\/uploads\/2026\/02\/MeberX-senza-accessori-1.webp","datePublished":"2026-02-10T09:27:39+00:00","description":"Brancard x-frame avec 9 hauteurs r\u00e9glables et con\u00e7u pour faciliter le chargement, le d\u00e9chargement, le levage et l\u2019abaissement du patient.","breadcrumb":{"@id":"https:\/\/meber2026.graphoservice.it\/fr\/product\/meber-x-7300\/#breadcrumb"},"inLanguage":"fr-FR","potentialAction":[{"@type":"ReadAction","target":["https:\/\/meber2026.graphoservice.it\/fr\/product\/meber-x-7300\/"]}]},{"@type":"ImageObject","inLanguage":"fr-FR","@id":"https:\/\/meber2026.graphoservice.it\/fr\/product\/meber-x-7300\/#primaryimage","url":"https:\/\/meber2026.graphoservice.it\/wp-content\/uploads\/2026\/02\/MeberX-senza-accessori-1.webp","contentUrl":"https:\/\/meber2026.graphoservice.it\/wp-content\/uploads\/2026\/02\/MeberX-senza-accessori-1.webp","width":2000,"height":2000},{"@type":"BreadcrumbList","@id":"https:\/\/meber2026.graphoservice.it\/fr\/product\/meber-x-7300\/#breadcrumb","itemListElement":[{"@type":"ListItem","position":1,"name":"Home","item":"https:\/\/meber2026.graphoservice.it\/fr\/"},{"@type":"ListItem","position":2,"name":"Meber-X 7300"}]},{"@type":"WebSite","@id":"https:\/\/meber2026.graphoservice.it\/fr\/#website","url":"https:\/\/meber2026.graphoservice.it\/fr\/","name":"Me.Ber.","description":"In Case of Emergerncy","potentialAction":[{"@type":"SearchAction","target":{"@type":"EntryPoint","urlTemplate":"https:\/\/meber2026.graphoservice.it\/fr\/?s={search_term_string}"},"query-input":{"@type":"PropertyValueSpecification","valueRequired":true,"valueName":"search_term_string"}}],"inLanguage":"fr-FR"}]}},"_links":{"self":[{"href":"https:\/\/meber2026.graphoservice.it\/fr\/wp-json\/wp\/v2\/product\/19003","targetHints":{"allow":["GET"]}}],"collection":[{"href":"https:\/\/meber2026.graphoservice.it\/fr\/wp-json\/wp\/v2\/product"}],"about":[{"href":"https:\/\/meber2026.graphoservice.it\/fr\/wp-json\/wp\/v2\/types\/product"}],"author":[{"embeddable":true,"href":"https:\/\/meber2026.graphoservice.it\/fr\/wp-json\/wp\/v2\/users\/1"}],"version-history":[{"count":0,"href":"https:\/\/meber2026.graphoservice.it\/fr\/wp-json\/wp\/v2\/product\/19003\/revisions"}],"wp:featuredmedia":[{"embeddable":true,"href":"https:\/\/meber2026.graphoservice.it\/fr\/wp-json\/wp\/v2\/media\/26207"}],"wp:attachment":[{"href":"https:\/\/meber2026.graphoservice.it\/fr\/wp-json\/wp\/v2\/media?parent=19003"}],"wp:term":[{"taxonomy":"application-tag","embeddable":true,"href":"https:\/\/meber2026.graphoservice.it\/fr\/wp-json\/wp\/v2\/application-tag?post=19003"}],"curies":[{"name":"wp","href":"https:\/\/api.w.org\/{rel}","templated":true}]}}