{"id":18923,"date":"2026-02-10T09:27:30","date_gmt":"2026-02-10T09:27:30","guid":{"rendered":"https:\/\/meber2026.graphoservice.it\/product\/8440-2\/"},"modified":"2026-04-28T16:11:46","modified_gmt":"2026-04-28T16:11:46","slug":"8440-2","status":"publish","type":"product","link":"https:\/\/meber2026.graphoservice.it\/fr\/product\/8440-2\/","title":{"rendered":"8440"},"content":{"rendered":"<p>Les d\u00e9fibrillateurs AED actuellement sur le march\u00e9 sont principalement semi-automatiques\u00a0; ils sont donc contr\u00f4l\u00e9s par des commandes vocales, et l\u2019activation des d\u00e9charges s\u2019effectue avec une commande manuelle actionn\u00e9e par l\u2019op\u00e9rateur. Une action simple et guid\u00e9e.<\/p>\n<p> <strong>Instructions guid\u00e9es par la voix.<\/strong><br \/> En suivant les messages texte et les invites vocales, n\u2019importe qui peut utiliser cet appareil qui sauve des vies.<\/p>\n<p>  <strong>Caract\u00e9ristiques principales :<\/strong> <\/p>\n<ul>\n<li>Batterie limno2 longue dur\u00e9e : 5 ans, 200 d\u00e9charges.<\/li>\n<li>Composants critiques d\u2019auto-test: ils permettent le maintien efficace de la fonctionnalit\u00e9 de l\u2019\u00e9quipement<\/li>\n<li>Calcul de l\u2019imp\u00e9dance : il v\u00e9rifie l\u2019int\u00e9grit\u00e9 du contact de l\u2019AED avec le patient<\/li>\n<li>Software heart on : il est utilis\u00e9 pour archiver les donn\u00e9es d\u2019utilisation de l\u2019AED de mani\u00e8re organique ainsi que pour permettre le mise \u00e0 jour du firmware<\/li>\n<li>\u00c9lectrodes pr\u00e9-connect\u00e9es : elles r\u00e9duisent les temps d\u2019intervention<\/li>\n<li>Port de communication IRDA : il permet la communication PC \u2013 d\u00e9fibrillateur<\/li>\n<li>\u00c9nergie variable : adulte (>25 kg) de 185 \u00e0 200j. &#8211; enfant (<25 kg) de 45 \u00e0 50j.<\/li>\n<li>Technoheart Plus: technologie<\/li>\n<li>Technologie biphasique : syst\u00e8me plus avanc\u00e9 d\u2019activation et de fourniture des d\u00e9charges<\/li>\n<li>Efficacit\u00e9 du premier choc : 100 % certifi\u00e9e<\/li>\n<li>Choc moyen par patient: 2.3<\/li>\n<li>Temps effectif de d\u00e9fibrillation : 55 sec.<\/li>\n<\/ul>\n<p> <iframe referrerpolicy=\"strict-origin-when-cross-origin\" loading=\"lazy\" allow=\"accelerometer; autoplay; clipboard-write; encrypted-media; gyroscope; picture-in-picture\" allowfullscreen=\"\" frameborder=\"0\" height=\"315\" src=\"https:\/\/www.youtube.com\/embed\/czs2t-FKcA4?origin=https%3A%2F%2Fmeber2026.graphoservice.it%2Ffr%2F\" title=\"YouTube video player\" width=\"560\"><\/iframe><\/p>\n","protected":false},"excerpt":{"rendered":"<p>Les d\u00e9fibrillateurs AED actuellement sur le march\u00e9 sont principalement semi-automatiques\u00a0; ils sont donc contr\u00f4l\u00e9s par des commandes vocales, et l\u2019activation des d\u00e9charges s\u2019effectue avec une commande manuelle actionn\u00e9e par l\u2019op\u00e9rateur. Une action simple et guid\u00e9e. Instructions guid\u00e9es par la voix. En suivant les messages texte et les invites vocales, n\u2019importe qui peut utiliser cet appareil [&hellip;]<\/p>\n","protected":false},"author":1,"featured_media":28369,"parent":0,"menu_order":60003400,"template":"","meta":{"_acf_changed":false,"footnotes":""},"application-tag":[102,68],"class_list":["post-18923","product","type-product","status-publish","has-post-thumbnail","hentry","application-tag-diagnostic","application-tag-pediatrique"],"acf":[],"dsm_author":{"name":"admeb26","avatar_url":"https:\/\/meber2026.graphoservice.it\/wp-content\/plugins\/ultimate-member\/assets\/img\/default_avatar.jpg","archive_link":"https:\/\/meber2026.graphoservice.it\/fr\/author\/admeb26\/","biodata":""},"dsm_categories":[],"dsm_attachment_categories":[],"dsm_featured_image":{"thumbnail":"https:\/\/meber2026.graphoservice.it\/wp-content\/uploads\/2026\/02\/Defibrillatore_TG_011_no-piastre-150x150.png","medium":"https:\/\/meber2026.graphoservice.it\/wp-content\/uploads\/2026\/02\/Defibrillatore_TG_011_no-piastre-300x300.png","medium_large":"https:\/\/meber2026.graphoservice.it\/wp-content\/uploads\/2026\/02\/Defibrillatore_TG_011_no-piastre-768x768.png","large":"https:\/\/meber2026.graphoservice.it\/wp-content\/uploads\/2026\/02\/Defibrillatore_TG_011_no-piastre-1024x1024.png","1536x1536":"https:\/\/meber2026.graphoservice.it\/wp-content\/uploads\/2026\/02\/Defibrillatore_TG_011_no-piastre-1536x1536.png","2048x2048":"https:\/\/meber2026.graphoservice.it\/wp-content\/uploads\/2026\/02\/Defibrillatore_TG_011_no-piastre-2048x2048.png","et-pb-post-main-image":"https:\/\/meber2026.graphoservice.it\/wp-content\/uploads\/2026\/02\/Defibrillatore_TG_011_no-piastre-400x250.png","et-pb-post-main-image-fullwidth":"https:\/\/meber2026.graphoservice.it\/wp-content\/uploads\/2026\/02\/Defibrillatore_TG_011_no-piastre-1080x675.png","et-pb-portfolio-image":"https:\/\/meber2026.graphoservice.it\/wp-content\/uploads\/2026\/02\/Defibrillatore_TG_011_no-piastre-400x284.png","et-pb-portfolio-module-image":"https:\/\/meber2026.graphoservice.it\/wp-content\/uploads\/2026\/02\/Defibrillatore_TG_011_no-piastre-510x382.png","et-pb-portfolio-image-single":"https:\/\/meber2026.graphoservice.it\/wp-content\/uploads\/2026\/02\/Defibrillatore_TG_011_no-piastre-1080x1080.png","et-pb-gallery-module-image-portrait":"https:\/\/meber2026.graphoservice.it\/wp-content\/uploads\/2026\/02\/Defibrillatore_TG_011_no-piastre-400x516.png","et-pb-post-main-image-fullwidth-large":"https:\/\/meber2026.graphoservice.it\/wp-content\/uploads\/2026\/02\/Defibrillatore_TG_011_no-piastre-2160x1800.png","et-pb-image--responsive--desktop":"https:\/\/meber2026.graphoservice.it\/wp-content\/uploads\/2026\/02\/Defibrillatore_TG_011_no-piastre-1280x1280.png","et-pb-image--responsive--tablet":"https:\/\/meber2026.graphoservice.it\/wp-content\/uploads\/2026\/02\/Defibrillatore_TG_011_no-piastre-980x980.png","et-pb-image--responsive--phone":"https:\/\/meber2026.graphoservice.it\/wp-content\/uploads\/2026\/02\/Defibrillatore_TG_011_no-piastre-480x480.png","full":"https:\/\/meber2026.graphoservice.it\/wp-content\/uploads\/2026\/02\/Defibrillatore_TG_011_no-piastre.png"},"yoast_head":"<!-- This site is optimized with the Yoast SEO plugin v27.4 - https:\/\/yoast.com\/product\/yoast-seo-wordpress\/ -->\n<title>8440<\/title>\n<meta name=\"robots\" content=\"noindex, follow, max-snippet:-1, max-image-preview:large, max-video-preview:-1\" \/>\n<meta property=\"og:locale\" content=\"fr_FR\" \/>\n<meta property=\"og:type\" content=\"article\" \/>\n<meta property=\"og:title\" content=\"8440\" \/>\n<meta property=\"og:description\" content=\"Les d\u00e9fibrillateurs AED actuellement sur le march\u00e9 sont principalement semi-automatiques\u00a0; ils sont donc contr\u00f4l\u00e9s par des commandes vocales, et l\u2019activation des d\u00e9charges s\u2019effectue avec une commande manuelle actionn\u00e9e par l\u2019op\u00e9rateur. Une action simple et guid\u00e9e. Instructions guid\u00e9es par la voix. En suivant les messages texte et les invites vocales, n\u2019importe qui peut utiliser cet appareil [&hellip;]\" \/>\n<meta property=\"og:url\" content=\"https:\/\/meber2026.graphoservice.it\/fr\/product\/8440-2\/\" \/>\n<meta property=\"og:site_name\" content=\"Me.Ber.\" \/>\n<meta property=\"article:modified_time\" content=\"2026-04-28T16:11:46+00:00\" \/>\n<meta property=\"og:image\" content=\"https:\/\/meber2026.graphoservice.it\/wp-content\/uploads\/2026\/02\/Defibrillatore_TG_011_no-piastre-1024x1024.png\" \/>\n\t<meta property=\"og:image:width\" content=\"1024\" \/>\n\t<meta property=\"og:image:height\" content=\"1024\" \/>\n\t<meta property=\"og:image:type\" content=\"image\/png\" \/>\n<meta name=\"twitter:card\" content=\"summary_large_image\" \/>\n<meta name=\"twitter:label1\" content=\"Dur\u00e9e de lecture estim\u00e9e\" \/>\n\t<meta name=\"twitter:data1\" content=\"1 minute\" \/>\n<script type=\"application\/ld+json\" class=\"yoast-schema-graph\">{\"@context\":\"https:\\\/\\\/schema.org\",\"@graph\":[{\"@type\":\"WebPage\",\"@id\":\"https:\\\/\\\/meber2026.graphoservice.it\\\/fr\\\/product\\\/8440-2\\\/\",\"url\":\"https:\\\/\\\/meber2026.graphoservice.it\\\/fr\\\/product\\\/8440-2\\\/\",\"name\":\"8440\",\"isPartOf\":{\"@id\":\"https:\\\/\\\/meber2026.graphoservice.it\\\/fr\\\/#website\"},\"primaryImageOfPage\":{\"@id\":\"https:\\\/\\\/meber2026.graphoservice.it\\\/fr\\\/product\\\/8440-2\\\/#primaryimage\"},\"image\":{\"@id\":\"https:\\\/\\\/meber2026.graphoservice.it\\\/fr\\\/product\\\/8440-2\\\/#primaryimage\"},\"thumbnailUrl\":\"https:\\\/\\\/meber2026.graphoservice.it\\\/wp-content\\\/uploads\\\/2026\\\/02\\\/Defibrillatore_TG_011_no-piastre.png\",\"datePublished\":\"2026-02-10T09:27:30+00:00\",\"dateModified\":\"2026-04-28T16:11:46+00:00\",\"breadcrumb\":{\"@id\":\"https:\\\/\\\/meber2026.graphoservice.it\\\/fr\\\/product\\\/8440-2\\\/#breadcrumb\"},\"inLanguage\":\"fr-FR\",\"potentialAction\":[{\"@type\":\"ReadAction\",\"target\":[\"https:\\\/\\\/meber2026.graphoservice.it\\\/fr\\\/product\\\/8440-2\\\/\"]}]},{\"@type\":\"ImageObject\",\"inLanguage\":\"fr-FR\",\"@id\":\"https:\\\/\\\/meber2026.graphoservice.it\\\/fr\\\/product\\\/8440-2\\\/#primaryimage\",\"url\":\"https:\\\/\\\/meber2026.graphoservice.it\\\/wp-content\\\/uploads\\\/2026\\\/02\\\/Defibrillatore_TG_011_no-piastre.png\",\"contentUrl\":\"https:\\\/\\\/meber2026.graphoservice.it\\\/wp-content\\\/uploads\\\/2026\\\/02\\\/Defibrillatore_TG_011_no-piastre.png\",\"width\":2160,\"height\":2160},{\"@type\":\"BreadcrumbList\",\"@id\":\"https:\\\/\\\/meber2026.graphoservice.it\\\/fr\\\/product\\\/8440-2\\\/#breadcrumb\",\"itemListElement\":[{\"@type\":\"ListItem\",\"position\":1,\"name\":\"Home\",\"item\":\"https:\\\/\\\/meber2026.graphoservice.it\\\/fr\\\/\"},{\"@type\":\"ListItem\",\"position\":2,\"name\":\"8440\"}]},{\"@type\":\"WebSite\",\"@id\":\"https:\\\/\\\/meber2026.graphoservice.it\\\/fr\\\/#website\",\"url\":\"https:\\\/\\\/meber2026.graphoservice.it\\\/fr\\\/\",\"name\":\"Me.Ber.\",\"description\":\"In Case of Emergerncy\",\"potentialAction\":[{\"@type\":\"SearchAction\",\"target\":{\"@type\":\"EntryPoint\",\"urlTemplate\":\"https:\\\/\\\/meber2026.graphoservice.it\\\/fr\\\/?s={search_term_string}\"},\"query-input\":{\"@type\":\"PropertyValueSpecification\",\"valueRequired\":true,\"valueName\":\"search_term_string\"}}],\"inLanguage\":\"fr-FR\"}]}<\/script>\n<!-- \/ Yoast SEO plugin. -->","yoast_head_json":{"title":"8440","robots":{"index":"noindex","follow":"follow","max-snippet":"max-snippet:-1","max-image-preview":"max-image-preview:large","max-video-preview":"max-video-preview:-1"},"og_locale":"fr_FR","og_type":"article","og_title":"8440","og_description":"Les d\u00e9fibrillateurs AED actuellement sur le march\u00e9 sont principalement semi-automatiques\u00a0; ils sont donc contr\u00f4l\u00e9s par des commandes vocales, et l\u2019activation des d\u00e9charges s\u2019effectue avec une commande manuelle actionn\u00e9e par l\u2019op\u00e9rateur. Une action simple et guid\u00e9e. Instructions guid\u00e9es par la voix. En suivant les messages texte et les invites vocales, n\u2019importe qui peut utiliser cet appareil [&hellip;]","og_url":"https:\/\/meber2026.graphoservice.it\/fr\/product\/8440-2\/","og_site_name":"Me.Ber.","article_modified_time":"2026-04-28T16:11:46+00:00","og_image":[{"width":1024,"height":1024,"url":"https:\/\/meber2026.graphoservice.it\/wp-content\/uploads\/2026\/02\/Defibrillatore_TG_011_no-piastre-1024x1024.png","type":"image\/png"}],"twitter_card":"summary_large_image","twitter_misc":{"Dur\u00e9e de lecture estim\u00e9e":"1 minute"},"schema":{"@context":"https:\/\/schema.org","@graph":[{"@type":"WebPage","@id":"https:\/\/meber2026.graphoservice.it\/fr\/product\/8440-2\/","url":"https:\/\/meber2026.graphoservice.it\/fr\/product\/8440-2\/","name":"8440","isPartOf":{"@id":"https:\/\/meber2026.graphoservice.it\/fr\/#website"},"primaryImageOfPage":{"@id":"https:\/\/meber2026.graphoservice.it\/fr\/product\/8440-2\/#primaryimage"},"image":{"@id":"https:\/\/meber2026.graphoservice.it\/fr\/product\/8440-2\/#primaryimage"},"thumbnailUrl":"https:\/\/meber2026.graphoservice.it\/wp-content\/uploads\/2026\/02\/Defibrillatore_TG_011_no-piastre.png","datePublished":"2026-02-10T09:27:30+00:00","dateModified":"2026-04-28T16:11:46+00:00","breadcrumb":{"@id":"https:\/\/meber2026.graphoservice.it\/fr\/product\/8440-2\/#breadcrumb"},"inLanguage":"fr-FR","potentialAction":[{"@type":"ReadAction","target":["https:\/\/meber2026.graphoservice.it\/fr\/product\/8440-2\/"]}]},{"@type":"ImageObject","inLanguage":"fr-FR","@id":"https:\/\/meber2026.graphoservice.it\/fr\/product\/8440-2\/#primaryimage","url":"https:\/\/meber2026.graphoservice.it\/wp-content\/uploads\/2026\/02\/Defibrillatore_TG_011_no-piastre.png","contentUrl":"https:\/\/meber2026.graphoservice.it\/wp-content\/uploads\/2026\/02\/Defibrillatore_TG_011_no-piastre.png","width":2160,"height":2160},{"@type":"BreadcrumbList","@id":"https:\/\/meber2026.graphoservice.it\/fr\/product\/8440-2\/#breadcrumb","itemListElement":[{"@type":"ListItem","position":1,"name":"Home","item":"https:\/\/meber2026.graphoservice.it\/fr\/"},{"@type":"ListItem","position":2,"name":"8440"}]},{"@type":"WebSite","@id":"https:\/\/meber2026.graphoservice.it\/fr\/#website","url":"https:\/\/meber2026.graphoservice.it\/fr\/","name":"Me.Ber.","description":"In Case of Emergerncy","potentialAction":[{"@type":"SearchAction","target":{"@type":"EntryPoint","urlTemplate":"https:\/\/meber2026.graphoservice.it\/fr\/?s={search_term_string}"},"query-input":{"@type":"PropertyValueSpecification","valueRequired":true,"valueName":"search_term_string"}}],"inLanguage":"fr-FR"}]}},"_links":{"self":[{"href":"https:\/\/meber2026.graphoservice.it\/fr\/wp-json\/wp\/v2\/product\/18923","targetHints":{"allow":["GET"]}}],"collection":[{"href":"https:\/\/meber2026.graphoservice.it\/fr\/wp-json\/wp\/v2\/product"}],"about":[{"href":"https:\/\/meber2026.graphoservice.it\/fr\/wp-json\/wp\/v2\/types\/product"}],"author":[{"embeddable":true,"href":"https:\/\/meber2026.graphoservice.it\/fr\/wp-json\/wp\/v2\/users\/1"}],"version-history":[{"count":1,"href":"https:\/\/meber2026.graphoservice.it\/fr\/wp-json\/wp\/v2\/product\/18923\/revisions"}],"predecessor-version":[{"id":30950,"href":"https:\/\/meber2026.graphoservice.it\/fr\/wp-json\/wp\/v2\/product\/18923\/revisions\/30950"}],"wp:featuredmedia":[{"embeddable":true,"href":"https:\/\/meber2026.graphoservice.it\/fr\/wp-json\/wp\/v2\/media\/28369"}],"wp:attachment":[{"href":"https:\/\/meber2026.graphoservice.it\/fr\/wp-json\/wp\/v2\/media?parent=18923"}],"wp:term":[{"taxonomy":"application-tag","embeddable":true,"href":"https:\/\/meber2026.graphoservice.it\/fr\/wp-json\/wp\/v2\/application-tag?post=18923"}],"curies":[{"name":"wp","href":"https:\/\/api.w.org\/{rel}","templated":true}]}}