{"id":18918,"date":"2026-02-10T09:27:30","date_gmt":"2026-02-10T09:27:30","guid":{"rendered":"https:\/\/meber2026.graphoservice.it\/product\/1354-2\/"},"modified":"2026-04-21T08:57:00","modified_gmt":"2026-04-21T08:57:00","slug":"1354-2","status":"publish","type":"product","link":"https:\/\/meber2026.graphoservice.it\/fr\/product\/1354-2\/","title":{"rendered":"1354"},"content":{"rendered":"<p>Sac \u00e0 dos en nylon rouge ind\u00e9chirable, avec double couture, bandes r\u00e9fl\u00e9chissantes, bretelles renforc\u00e9es et fermetures \u00e9clair robustes de 10 mm. Il est \u00e9quip\u00e9 d\u2019un grand compartiment \u00e0 ouverture frontale, \u00e0 l\u2019int\u00e9rieur duquel se trouvent quatre poches en filet pour un rangement rationnel des appareils et la possibilit\u00e9 de fixer la bouteille de 2 litres. Les deux grandes sections lat\u00e9rales ouvrantes contiennent quatre sacs de couleurs diff\u00e9rentes, permettant d\u2019identifier rapidement les diff\u00e9rents kits. Fond \u00e9tanche en PVC.<br \/> <strong>Dimensions (LxHxP): <\/strong><span style=\"font-weight: 700;\">44x56x26 cm<\/span><\/p>\n","protected":false},"excerpt":{"rendered":"<p>Sac \u00e0 dos en nylon rouge ind\u00e9chirable, avec double couture, bandes r\u00e9fl\u00e9chissantes, bretelles renforc\u00e9es et fermetures \u00e9clair robustes de 10 mm. Il est \u00e9quip\u00e9 d\u2019un grand compartiment \u00e0 ouverture frontale, \u00e0 l\u2019int\u00e9rieur duquel se trouvent quatre poches en filet pour un rangement rationnel des appareils et la possibilit\u00e9 de fixer la bouteille de 2 litres. [&hellip;]<\/p>\n","protected":false},"author":1,"featured_media":15480,"parent":0,"menu_order":80001000,"template":"","meta":{"_acf_changed":false,"footnotes":""},"application-tag":[95],"class_list":["post-18918","product","type-product","status-publish","has-post-thumbnail","hentry","application-tag-materiel-de-premiers-secours"],"acf":[],"dsm_author":{"name":"admeb26","avatar_url":"https:\/\/meber2026.graphoservice.it\/wp-content\/plugins\/ultimate-member\/assets\/img\/default_avatar.jpg","archive_link":"https:\/\/meber2026.graphoservice.it\/fr\/author\/admeb26\/","biodata":""},"dsm_categories":[],"dsm_attachment_categories":[],"dsm_featured_image":{"thumbnail":"https:\/\/meber2026.graphoservice.it\/wp-content\/uploads\/2026\/02\/1354-zaino_chiuso-150x150.jpg","medium":"https:\/\/meber2026.graphoservice.it\/wp-content\/uploads\/2026\/02\/1354-zaino_chiuso-256x300.jpg","medium_large":"https:\/\/meber2026.graphoservice.it\/wp-content\/uploads\/2026\/02\/1354-zaino_chiuso.jpg","large":"https:\/\/meber2026.graphoservice.it\/wp-content\/uploads\/2026\/02\/1354-zaino_chiuso.jpg","1536x1536":"https:\/\/meber2026.graphoservice.it\/wp-content\/uploads\/2026\/02\/1354-zaino_chiuso.jpg","2048x2048":"https:\/\/meber2026.graphoservice.it\/wp-content\/uploads\/2026\/02\/1354-zaino_chiuso.jpg","et-pb-post-main-image":"https:\/\/meber2026.graphoservice.it\/wp-content\/uploads\/2026\/02\/1354-zaino_chiuso-400x250.jpg","et-pb-post-main-image-fullwidth":"https:\/\/meber2026.graphoservice.it\/wp-content\/uploads\/2026\/02\/1354-zaino_chiuso-666x675.jpg","et-pb-portfolio-image":"https:\/\/meber2026.graphoservice.it\/wp-content\/uploads\/2026\/02\/1354-zaino_chiuso-400x284.jpg","et-pb-portfolio-module-image":"https:\/\/meber2026.graphoservice.it\/wp-content\/uploads\/2026\/02\/1354-zaino_chiuso-510x382.jpg","et-pb-portfolio-image-single":"https:\/\/meber2026.graphoservice.it\/wp-content\/uploads\/2026\/02\/1354-zaino_chiuso.jpg","et-pb-gallery-module-image-portrait":"https:\/\/meber2026.graphoservice.it\/wp-content\/uploads\/2026\/02\/1354-zaino_chiuso-400x516.jpg","et-pb-post-main-image-fullwidth-large":"https:\/\/meber2026.graphoservice.it\/wp-content\/uploads\/2026\/02\/1354-zaino_chiuso.jpg","et-pb-image--responsive--desktop":"https:\/\/meber2026.graphoservice.it\/wp-content\/uploads\/2026\/02\/1354-zaino_chiuso.jpg","et-pb-image--responsive--tablet":"https:\/\/meber2026.graphoservice.it\/wp-content\/uploads\/2026\/02\/1354-zaino_chiuso.jpg","et-pb-image--responsive--phone":"https:\/\/meber2026.graphoservice.it\/wp-content\/uploads\/2026\/02\/1354-zaino_chiuso-480x562.jpg","full":"https:\/\/meber2026.graphoservice.it\/wp-content\/uploads\/2026\/02\/1354-zaino_chiuso.jpg"},"yoast_head":"<!-- This site is optimized with the Yoast SEO plugin v27.4 - https:\/\/yoast.com\/product\/yoast-seo-wordpress\/ -->\n<title>1354<\/title>\n<meta name=\"robots\" content=\"noindex, follow, max-snippet:-1, max-image-preview:large, max-video-preview:-1\" \/>\n<meta property=\"og:locale\" content=\"fr_FR\" \/>\n<meta property=\"og:type\" content=\"article\" \/>\n<meta property=\"og:title\" content=\"1354\" \/>\n<meta property=\"og:description\" content=\"Sac \u00e0 dos en nylon rouge ind\u00e9chirable, avec double couture, bandes r\u00e9fl\u00e9chissantes, bretelles renforc\u00e9es et fermetures \u00e9clair robustes de 10 mm. Il est \u00e9quip\u00e9 d\u2019un grand compartiment \u00e0 ouverture frontale, \u00e0 l\u2019int\u00e9rieur duquel se trouvent quatre poches en filet pour un rangement rationnel des appareils et la possibilit\u00e9 de fixer la bouteille de 2 litres. [&hellip;]\" \/>\n<meta property=\"og:url\" content=\"https:\/\/meber2026.graphoservice.it\/fr\/product\/1354-2\/\" \/>\n<meta property=\"og:site_name\" content=\"Me.Ber.\" \/>\n<meta property=\"article:modified_time\" content=\"2026-04-21T08:57:00+00:00\" \/>\n<meta property=\"og:image\" content=\"https:\/\/meber2026.graphoservice.it\/wp-content\/uploads\/2026\/02\/1354-zaino_chiuso.jpg\" \/>\n\t<meta property=\"og:image:width\" content=\"666\" \/>\n\t<meta property=\"og:image:height\" content=\"780\" \/>\n\t<meta property=\"og:image:type\" content=\"image\/jpeg\" \/>\n<meta name=\"twitter:card\" content=\"summary_large_image\" \/>\n<script type=\"application\/ld+json\" class=\"yoast-schema-graph\">{\"@context\":\"https:\\\/\\\/schema.org\",\"@graph\":[{\"@type\":\"WebPage\",\"@id\":\"https:\\\/\\\/meber2026.graphoservice.it\\\/fr\\\/product\\\/1354-2\\\/\",\"url\":\"https:\\\/\\\/meber2026.graphoservice.it\\\/fr\\\/product\\\/1354-2\\\/\",\"name\":\"1354\",\"isPartOf\":{\"@id\":\"https:\\\/\\\/meber2026.graphoservice.it\\\/fr\\\/#website\"},\"primaryImageOfPage\":{\"@id\":\"https:\\\/\\\/meber2026.graphoservice.it\\\/fr\\\/product\\\/1354-2\\\/#primaryimage\"},\"image\":{\"@id\":\"https:\\\/\\\/meber2026.graphoservice.it\\\/fr\\\/product\\\/1354-2\\\/#primaryimage\"},\"thumbnailUrl\":\"https:\\\/\\\/meber2026.graphoservice.it\\\/wp-content\\\/uploads\\\/2026\\\/02\\\/1354-zaino_chiuso.jpg\",\"datePublished\":\"2026-02-10T09:27:30+00:00\",\"dateModified\":\"2026-04-21T08:57:00+00:00\",\"breadcrumb\":{\"@id\":\"https:\\\/\\\/meber2026.graphoservice.it\\\/fr\\\/product\\\/1354-2\\\/#breadcrumb\"},\"inLanguage\":\"fr-FR\",\"potentialAction\":[{\"@type\":\"ReadAction\",\"target\":[\"https:\\\/\\\/meber2026.graphoservice.it\\\/fr\\\/product\\\/1354-2\\\/\"]}]},{\"@type\":\"ImageObject\",\"inLanguage\":\"fr-FR\",\"@id\":\"https:\\\/\\\/meber2026.graphoservice.it\\\/fr\\\/product\\\/1354-2\\\/#primaryimage\",\"url\":\"https:\\\/\\\/meber2026.graphoservice.it\\\/wp-content\\\/uploads\\\/2026\\\/02\\\/1354-zaino_chiuso.jpg\",\"contentUrl\":\"https:\\\/\\\/meber2026.graphoservice.it\\\/wp-content\\\/uploads\\\/2026\\\/02\\\/1354-zaino_chiuso.jpg\",\"width\":666,\"height\":780},{\"@type\":\"BreadcrumbList\",\"@id\":\"https:\\\/\\\/meber2026.graphoservice.it\\\/fr\\\/product\\\/1354-2\\\/#breadcrumb\",\"itemListElement\":[{\"@type\":\"ListItem\",\"position\":1,\"name\":\"Home\",\"item\":\"https:\\\/\\\/meber2026.graphoservice.it\\\/fr\\\/\"},{\"@type\":\"ListItem\",\"position\":2,\"name\":\"1354\"}]},{\"@type\":\"WebSite\",\"@id\":\"https:\\\/\\\/meber2026.graphoservice.it\\\/fr\\\/#website\",\"url\":\"https:\\\/\\\/meber2026.graphoservice.it\\\/fr\\\/\",\"name\":\"Me.Ber.\",\"description\":\"In Case of Emergerncy\",\"potentialAction\":[{\"@type\":\"SearchAction\",\"target\":{\"@type\":\"EntryPoint\",\"urlTemplate\":\"https:\\\/\\\/meber2026.graphoservice.it\\\/fr\\\/?s={search_term_string}\"},\"query-input\":{\"@type\":\"PropertyValueSpecification\",\"valueRequired\":true,\"valueName\":\"search_term_string\"}}],\"inLanguage\":\"fr-FR\"}]}<\/script>\n<!-- \/ Yoast SEO plugin. -->","yoast_head_json":{"title":"1354","robots":{"index":"noindex","follow":"follow","max-snippet":"max-snippet:-1","max-image-preview":"max-image-preview:large","max-video-preview":"max-video-preview:-1"},"og_locale":"fr_FR","og_type":"article","og_title":"1354","og_description":"Sac \u00e0 dos en nylon rouge ind\u00e9chirable, avec double couture, bandes r\u00e9fl\u00e9chissantes, bretelles renforc\u00e9es et fermetures \u00e9clair robustes de 10 mm. Il est \u00e9quip\u00e9 d\u2019un grand compartiment \u00e0 ouverture frontale, \u00e0 l\u2019int\u00e9rieur duquel se trouvent quatre poches en filet pour un rangement rationnel des appareils et la possibilit\u00e9 de fixer la bouteille de 2 litres. [&hellip;]","og_url":"https:\/\/meber2026.graphoservice.it\/fr\/product\/1354-2\/","og_site_name":"Me.Ber.","article_modified_time":"2026-04-21T08:57:00+00:00","og_image":[{"width":666,"height":780,"url":"https:\/\/meber2026.graphoservice.it\/wp-content\/uploads\/2026\/02\/1354-zaino_chiuso.jpg","type":"image\/jpeg"}],"twitter_card":"summary_large_image","schema":{"@context":"https:\/\/schema.org","@graph":[{"@type":"WebPage","@id":"https:\/\/meber2026.graphoservice.it\/fr\/product\/1354-2\/","url":"https:\/\/meber2026.graphoservice.it\/fr\/product\/1354-2\/","name":"1354","isPartOf":{"@id":"https:\/\/meber2026.graphoservice.it\/fr\/#website"},"primaryImageOfPage":{"@id":"https:\/\/meber2026.graphoservice.it\/fr\/product\/1354-2\/#primaryimage"},"image":{"@id":"https:\/\/meber2026.graphoservice.it\/fr\/product\/1354-2\/#primaryimage"},"thumbnailUrl":"https:\/\/meber2026.graphoservice.it\/wp-content\/uploads\/2026\/02\/1354-zaino_chiuso.jpg","datePublished":"2026-02-10T09:27:30+00:00","dateModified":"2026-04-21T08:57:00+00:00","breadcrumb":{"@id":"https:\/\/meber2026.graphoservice.it\/fr\/product\/1354-2\/#breadcrumb"},"inLanguage":"fr-FR","potentialAction":[{"@type":"ReadAction","target":["https:\/\/meber2026.graphoservice.it\/fr\/product\/1354-2\/"]}]},{"@type":"ImageObject","inLanguage":"fr-FR","@id":"https:\/\/meber2026.graphoservice.it\/fr\/product\/1354-2\/#primaryimage","url":"https:\/\/meber2026.graphoservice.it\/wp-content\/uploads\/2026\/02\/1354-zaino_chiuso.jpg","contentUrl":"https:\/\/meber2026.graphoservice.it\/wp-content\/uploads\/2026\/02\/1354-zaino_chiuso.jpg","width":666,"height":780},{"@type":"BreadcrumbList","@id":"https:\/\/meber2026.graphoservice.it\/fr\/product\/1354-2\/#breadcrumb","itemListElement":[{"@type":"ListItem","position":1,"name":"Home","item":"https:\/\/meber2026.graphoservice.it\/fr\/"},{"@type":"ListItem","position":2,"name":"1354"}]},{"@type":"WebSite","@id":"https:\/\/meber2026.graphoservice.it\/fr\/#website","url":"https:\/\/meber2026.graphoservice.it\/fr\/","name":"Me.Ber.","description":"In Case of Emergerncy","potentialAction":[{"@type":"SearchAction","target":{"@type":"EntryPoint","urlTemplate":"https:\/\/meber2026.graphoservice.it\/fr\/?s={search_term_string}"},"query-input":{"@type":"PropertyValueSpecification","valueRequired":true,"valueName":"search_term_string"}}],"inLanguage":"fr-FR"}]}},"_links":{"self":[{"href":"https:\/\/meber2026.graphoservice.it\/fr\/wp-json\/wp\/v2\/product\/18918","targetHints":{"allow":["GET"]}}],"collection":[{"href":"https:\/\/meber2026.graphoservice.it\/fr\/wp-json\/wp\/v2\/product"}],"about":[{"href":"https:\/\/meber2026.graphoservice.it\/fr\/wp-json\/wp\/v2\/types\/product"}],"author":[{"embeddable":true,"href":"https:\/\/meber2026.graphoservice.it\/fr\/wp-json\/wp\/v2\/users\/1"}],"version-history":[{"count":0,"href":"https:\/\/meber2026.graphoservice.it\/fr\/wp-json\/wp\/v2\/product\/18918\/revisions"}],"wp:featuredmedia":[{"embeddable":true,"href":"https:\/\/meber2026.graphoservice.it\/fr\/wp-json\/wp\/v2\/media\/15480"}],"wp:attachment":[{"href":"https:\/\/meber2026.graphoservice.it\/fr\/wp-json\/wp\/v2\/media?parent=18918"}],"wp:term":[{"taxonomy":"application-tag","embeddable":true,"href":"https:\/\/meber2026.graphoservice.it\/fr\/wp-json\/wp\/v2\/application-tag?post=18918"}],"curies":[{"name":"wp","href":"https:\/\/api.w.org\/{rel}","templated":true}]}}