{"id":18873,"date":"2026-02-10T09:27:25","date_gmt":"2026-02-10T09:27:25","guid":{"rendered":"https:\/\/meber2026.graphoservice.it\/product\/frog-7210\/"},"modified":"2026-02-10T09:27:25","modified_gmt":"2026-02-10T09:27:25","slug":"frog-7210","status":"publish","type":"product","link":"https:\/\/meber2026.graphoservice.it\/fr\/product\/frog-7210\/","title":{"rendered":"Frog 7210"},"content":{"rendered":"<p>Fabriqu\u00e9 en acier soud\u00e9 thermolaqu\u00e9, c\u2019est un appareil remarquablement r\u00e9sistant et fiable. La plus grande souplesse des 4 roues \u00d8 200 mm (2 fixes avec frein et 2 pivotantes \u00e0 centrage automatique) conf\u00e8re un haut degr\u00e9 de confort au patient. Ce mod\u00e8le de brancard est \u00e9galement \u00e9quip\u00e9 de la position Trendelenburg de 0 \u00e0 15\u00b0.<\/p>\n<p>\u2022 \u2022 Surface du lit en mat\u00e9riau thermoplastique renforc\u00e9..<br \/>\n\u2022 \u2022 Dossier inclinable de 0 \u00e0 80\u00b0 actionn\u00e9 par un piston \u00e0 gaz verrouillable dans n\u2019importe quelle position..<br \/>\n\u2022 Barri\u00e8res lat\u00e9rales rabattables.<br \/>\n\u2022 Pieds verticaux prot\u00e9g\u00e9s par des pare-chocs en plastique.<br \/>\n\u2022 Roues pivotantes avec syst\u00e8me d\u2019auto-centrage pour permettre le positionnement du brancard dans l\u2019ambulance sans avoir \u00e0 tourner les roues manuellement.<br \/>\n\u2022 Chariot avant abaissable pour r\u00e9duire l\u2019encombrement du brancard.<\/p>\n<div>\u00a0<\/div>\n","protected":false},"excerpt":{"rendered":"<p>Fabriqu\u00e9 en acier soud\u00e9 thermolaqu\u00e9, c\u2019est un appareil remarquablement r\u00e9sistant et fiable. La plus grande souplesse des 4 roues \u00d8 200 mm (2 fixes avec frein et 2 pivotantes \u00e0 centrage automatique) conf\u00e8re un haut degr\u00e9 de confort au patient. Ce mod\u00e8le de brancard est \u00e9galement \u00e9quip\u00e9 de la position Trendelenburg de 0 \u00e0 15\u00b0. [&hellip;]<\/p>\n","protected":false},"author":1,"featured_media":15407,"parent":0,"menu_order":20001500,"template":"","meta":{"_acf_changed":false,"footnotes":""},"application-tag":[74],"class_list":["post-18873","product","type-product","status-publish","has-post-thumbnail","hentry","application-tag-brancards-et-chariots-a-chargement-automatique"],"acf":[],"dsm_author":{"name":"admeb26","avatar_url":"https:\/\/meber2026.graphoservice.it\/wp-content\/plugins\/ultimate-member\/assets\/img\/default_avatar.jpg","archive_link":"https:\/\/meber2026.graphoservice.it\/fr\/author\/admeb26\/","biodata":""},"dsm_categories":[],"dsm_attachment_categories":[],"dsm_featured_image":{"thumbnail":"https:\/\/meber2026.graphoservice.it\/wp-content\/uploads\/2026\/02\/Frog_non_certificata-150x150.jpg","medium":"https:\/\/meber2026.graphoservice.it\/wp-content\/uploads\/2026\/02\/Frog_non_certificata-300x297.jpg","medium_large":"https:\/\/meber2026.graphoservice.it\/wp-content\/uploads\/2026\/02\/Frog_non_certificata-768x761.jpg","large":"https:\/\/meber2026.graphoservice.it\/wp-content\/uploads\/2026\/02\/Frog_non_certificata.jpg","1536x1536":"https:\/\/meber2026.graphoservice.it\/wp-content\/uploads\/2026\/02\/Frog_non_certificata.jpg","2048x2048":"https:\/\/meber2026.graphoservice.it\/wp-content\/uploads\/2026\/02\/Frog_non_certificata.jpg","et-pb-post-main-image":"https:\/\/meber2026.graphoservice.it\/wp-content\/uploads\/2026\/02\/Frog_non_certificata-400x250.jpg","et-pb-post-main-image-fullwidth":"https:\/\/meber2026.graphoservice.it\/wp-content\/uploads\/2026\/02\/Frog_non_certificata-780x675.jpg","et-pb-portfolio-image":"https:\/\/meber2026.graphoservice.it\/wp-content\/uploads\/2026\/02\/Frog_non_certificata-400x284.jpg","et-pb-portfolio-module-image":"https:\/\/meber2026.graphoservice.it\/wp-content\/uploads\/2026\/02\/Frog_non_certificata-510x382.jpg","et-pb-portfolio-image-single":"https:\/\/meber2026.graphoservice.it\/wp-content\/uploads\/2026\/02\/Frog_non_certificata.jpg","et-pb-gallery-module-image-portrait":"https:\/\/meber2026.graphoservice.it\/wp-content\/uploads\/2026\/02\/Frog_non_certificata-400x516.jpg","et-pb-post-main-image-fullwidth-large":"https:\/\/meber2026.graphoservice.it\/wp-content\/uploads\/2026\/02\/Frog_non_certificata.jpg","et-pb-image--responsive--desktop":"https:\/\/meber2026.graphoservice.it\/wp-content\/uploads\/2026\/02\/Frog_non_certificata.jpg","et-pb-image--responsive--tablet":"https:\/\/meber2026.graphoservice.it\/wp-content\/uploads\/2026\/02\/Frog_non_certificata.jpg","et-pb-image--responsive--phone":"https:\/\/meber2026.graphoservice.it\/wp-content\/uploads\/2026\/02\/Frog_non_certificata-480x476.jpg","full":"https:\/\/meber2026.graphoservice.it\/wp-content\/uploads\/2026\/02\/Frog_non_certificata.jpg"},"yoast_head":"<!-- This site is optimized with the Yoast SEO plugin v27.4 - https:\/\/yoast.com\/product\/yoast-seo-wordpress\/ -->\n<title>Brancard \u00e0 chargement automatique jaune avec Trendelenburg<\/title>\n<meta name=\"description\" content=\"Brancard \u00e0 chargement automatique en acier soud\u00e9 peint, \u00e9quip\u00e9 de Trendelenburg, avec chariot avant abaissable et plate-forme rigide en mat\u00e9riau thermoplastique renforc\u00e9.\" \/>\n<meta name=\"robots\" content=\"noindex, follow, max-snippet:-1, max-image-preview:large, max-video-preview:-1\" \/>\n<meta property=\"og:locale\" content=\"fr_FR\" \/>\n<meta property=\"og:type\" content=\"article\" \/>\n<meta property=\"og:title\" content=\"Brancard \u00e0 chargement automatique jaune avec Trendelenburg\" \/>\n<meta property=\"og:description\" content=\"Brancard \u00e0 chargement automatique en acier soud\u00e9 peint, \u00e9quip\u00e9 de Trendelenburg, avec chariot avant abaissable et plate-forme rigide en mat\u00e9riau thermoplastique renforc\u00e9.\" \/>\n<meta property=\"og:url\" content=\"https:\/\/meber2026.graphoservice.it\/fr\/product\/frog-7210\/\" \/>\n<meta property=\"og:site_name\" content=\"Me.Ber.\" \/>\n<meta name=\"twitter:card\" content=\"summary_large_image\" \/>\n<meta name=\"twitter:label1\" content=\"Dur\u00e9e de lecture estim\u00e9e\" \/>\n\t<meta name=\"twitter:data1\" content=\"1 minute\" \/>\n<script type=\"application\/ld+json\" class=\"yoast-schema-graph\">{\"@context\":\"https:\\\/\\\/schema.org\",\"@graph\":[{\"@type\":\"WebPage\",\"@id\":\"https:\\\/\\\/meber2026.graphoservice.it\\\/fr\\\/product\\\/frog-7210\\\/\",\"url\":\"https:\\\/\\\/meber2026.graphoservice.it\\\/fr\\\/product\\\/frog-7210\\\/\",\"name\":\"Brancard \u00e0 chargement automatique jaune avec Trendelenburg\",\"isPartOf\":{\"@id\":\"https:\\\/\\\/meber2026.graphoservice.it\\\/fr\\\/#website\"},\"primaryImageOfPage\":{\"@id\":\"https:\\\/\\\/meber2026.graphoservice.it\\\/fr\\\/product\\\/frog-7210\\\/#primaryimage\"},\"image\":{\"@id\":\"https:\\\/\\\/meber2026.graphoservice.it\\\/fr\\\/product\\\/frog-7210\\\/#primaryimage\"},\"thumbnailUrl\":\"https:\\\/\\\/meber2026.graphoservice.it\\\/wp-content\\\/uploads\\\/2026\\\/02\\\/Frog_non_certificata.jpg\",\"datePublished\":\"2026-02-10T09:27:25+00:00\",\"description\":\"Brancard \u00e0 chargement automatique en acier soud\u00e9 peint, \u00e9quip\u00e9 de Trendelenburg, avec chariot avant abaissable et plate-forme rigide en mat\u00e9riau thermoplastique renforc\u00e9.\",\"breadcrumb\":{\"@id\":\"https:\\\/\\\/meber2026.graphoservice.it\\\/fr\\\/product\\\/frog-7210\\\/#breadcrumb\"},\"inLanguage\":\"fr-FR\",\"potentialAction\":[{\"@type\":\"ReadAction\",\"target\":[\"https:\\\/\\\/meber2026.graphoservice.it\\\/fr\\\/product\\\/frog-7210\\\/\"]}]},{\"@type\":\"ImageObject\",\"inLanguage\":\"fr-FR\",\"@id\":\"https:\\\/\\\/meber2026.graphoservice.it\\\/fr\\\/product\\\/frog-7210\\\/#primaryimage\",\"url\":\"https:\\\/\\\/meber2026.graphoservice.it\\\/wp-content\\\/uploads\\\/2026\\\/02\\\/Frog_non_certificata.jpg\",\"contentUrl\":\"https:\\\/\\\/meber2026.graphoservice.it\\\/wp-content\\\/uploads\\\/2026\\\/02\\\/Frog_non_certificata.jpg\",\"width\":780,\"height\":773},{\"@type\":\"BreadcrumbList\",\"@id\":\"https:\\\/\\\/meber2026.graphoservice.it\\\/fr\\\/product\\\/frog-7210\\\/#breadcrumb\",\"itemListElement\":[{\"@type\":\"ListItem\",\"position\":1,\"name\":\"Home\",\"item\":\"https:\\\/\\\/meber2026.graphoservice.it\\\/fr\\\/\"},{\"@type\":\"ListItem\",\"position\":2,\"name\":\"Frog 7210\"}]},{\"@type\":\"WebSite\",\"@id\":\"https:\\\/\\\/meber2026.graphoservice.it\\\/fr\\\/#website\",\"url\":\"https:\\\/\\\/meber2026.graphoservice.it\\\/fr\\\/\",\"name\":\"Me.Ber.\",\"description\":\"In Case of Emergerncy\",\"potentialAction\":[{\"@type\":\"SearchAction\",\"target\":{\"@type\":\"EntryPoint\",\"urlTemplate\":\"https:\\\/\\\/meber2026.graphoservice.it\\\/fr\\\/?s={search_term_string}\"},\"query-input\":{\"@type\":\"PropertyValueSpecification\",\"valueRequired\":true,\"valueName\":\"search_term_string\"}}],\"inLanguage\":\"fr-FR\"}]}<\/script>\n<!-- \/ Yoast SEO plugin. -->","yoast_head_json":{"title":"Brancard \u00e0 chargement automatique jaune avec Trendelenburg","description":"Brancard \u00e0 chargement automatique en acier soud\u00e9 peint, \u00e9quip\u00e9 de Trendelenburg, avec chariot avant abaissable et plate-forme rigide en mat\u00e9riau thermoplastique renforc\u00e9.","robots":{"index":"noindex","follow":"follow","max-snippet":"max-snippet:-1","max-image-preview":"max-image-preview:large","max-video-preview":"max-video-preview:-1"},"og_locale":"fr_FR","og_type":"article","og_title":"Brancard \u00e0 chargement automatique jaune avec Trendelenburg","og_description":"Brancard \u00e0 chargement automatique en acier soud\u00e9 peint, \u00e9quip\u00e9 de Trendelenburg, avec chariot avant abaissable et plate-forme rigide en mat\u00e9riau thermoplastique renforc\u00e9.","og_url":"https:\/\/meber2026.graphoservice.it\/fr\/product\/frog-7210\/","og_site_name":"Me.Ber.","twitter_card":"summary_large_image","twitter_misc":{"Dur\u00e9e de lecture estim\u00e9e":"1 minute"},"schema":{"@context":"https:\/\/schema.org","@graph":[{"@type":"WebPage","@id":"https:\/\/meber2026.graphoservice.it\/fr\/product\/frog-7210\/","url":"https:\/\/meber2026.graphoservice.it\/fr\/product\/frog-7210\/","name":"Brancard \u00e0 chargement automatique jaune avec Trendelenburg","isPartOf":{"@id":"https:\/\/meber2026.graphoservice.it\/fr\/#website"},"primaryImageOfPage":{"@id":"https:\/\/meber2026.graphoservice.it\/fr\/product\/frog-7210\/#primaryimage"},"image":{"@id":"https:\/\/meber2026.graphoservice.it\/fr\/product\/frog-7210\/#primaryimage"},"thumbnailUrl":"https:\/\/meber2026.graphoservice.it\/wp-content\/uploads\/2026\/02\/Frog_non_certificata.jpg","datePublished":"2026-02-10T09:27:25+00:00","description":"Brancard \u00e0 chargement automatique en acier soud\u00e9 peint, \u00e9quip\u00e9 de Trendelenburg, avec chariot avant abaissable et plate-forme rigide en mat\u00e9riau thermoplastique renforc\u00e9.","breadcrumb":{"@id":"https:\/\/meber2026.graphoservice.it\/fr\/product\/frog-7210\/#breadcrumb"},"inLanguage":"fr-FR","potentialAction":[{"@type":"ReadAction","target":["https:\/\/meber2026.graphoservice.it\/fr\/product\/frog-7210\/"]}]},{"@type":"ImageObject","inLanguage":"fr-FR","@id":"https:\/\/meber2026.graphoservice.it\/fr\/product\/frog-7210\/#primaryimage","url":"https:\/\/meber2026.graphoservice.it\/wp-content\/uploads\/2026\/02\/Frog_non_certificata.jpg","contentUrl":"https:\/\/meber2026.graphoservice.it\/wp-content\/uploads\/2026\/02\/Frog_non_certificata.jpg","width":780,"height":773},{"@type":"BreadcrumbList","@id":"https:\/\/meber2026.graphoservice.it\/fr\/product\/frog-7210\/#breadcrumb","itemListElement":[{"@type":"ListItem","position":1,"name":"Home","item":"https:\/\/meber2026.graphoservice.it\/fr\/"},{"@type":"ListItem","position":2,"name":"Frog 7210"}]},{"@type":"WebSite","@id":"https:\/\/meber2026.graphoservice.it\/fr\/#website","url":"https:\/\/meber2026.graphoservice.it\/fr\/","name":"Me.Ber.","description":"In Case of Emergerncy","potentialAction":[{"@type":"SearchAction","target":{"@type":"EntryPoint","urlTemplate":"https:\/\/meber2026.graphoservice.it\/fr\/?s={search_term_string}"},"query-input":{"@type":"PropertyValueSpecification","valueRequired":true,"valueName":"search_term_string"}}],"inLanguage":"fr-FR"}]}},"_links":{"self":[{"href":"https:\/\/meber2026.graphoservice.it\/fr\/wp-json\/wp\/v2\/product\/18873","targetHints":{"allow":["GET"]}}],"collection":[{"href":"https:\/\/meber2026.graphoservice.it\/fr\/wp-json\/wp\/v2\/product"}],"about":[{"href":"https:\/\/meber2026.graphoservice.it\/fr\/wp-json\/wp\/v2\/types\/product"}],"author":[{"embeddable":true,"href":"https:\/\/meber2026.graphoservice.it\/fr\/wp-json\/wp\/v2\/users\/1"}],"version-history":[{"count":0,"href":"https:\/\/meber2026.graphoservice.it\/fr\/wp-json\/wp\/v2\/product\/18873\/revisions"}],"wp:featuredmedia":[{"embeddable":true,"href":"https:\/\/meber2026.graphoservice.it\/fr\/wp-json\/wp\/v2\/media\/15407"}],"wp:attachment":[{"href":"https:\/\/meber2026.graphoservice.it\/fr\/wp-json\/wp\/v2\/media?parent=18873"}],"wp:term":[{"taxonomy":"application-tag","embeddable":true,"href":"https:\/\/meber2026.graphoservice.it\/fr\/wp-json\/wp\/v2\/application-tag?post=18873"}],"curies":[{"name":"wp","href":"https:\/\/api.w.org\/{rel}","templated":true}]}}