{"id":18868,"date":"2026-02-10T09:27:25","date_gmt":"2026-02-10T09:27:25","guid":{"rendered":"https:\/\/meber2026.graphoservice.it\/product\/toboga-16100\/"},"modified":"2026-02-10T09:27:25","modified_gmt":"2026-02-10T09:27:25","slug":"toboga-16100","status":"publish","type":"product","link":"https:\/\/meber2026.graphoservice.it\/fr\/product\/toboga-16100\/","title":{"rendered":"Toboga 16100"},"content":{"rendered":"<p>Compos\u00e9 d\u2019une coque ext\u00e9rieure en polym\u00e8re ABS modifi\u00e9, et soutenu par une structure en aluminium solide et permanente. Un total de 12 poign\u00e9es le rendent extr\u00eamement facile \u00e0 manipuler.<br \/>\nStructure r\u00e9sistante aux produits chimiques, aux UV, \u00e0 la rouille et \u00e0 la corrosion. Des boucles en laiton robustes sont strat\u00e9giquement plac\u00e9es le long du bord du brancard pour permettre le levage avec l\u2019accessoire Art. 16100-005.<br \/>\nUne couche de mousse EVA de couleur noire est fix\u00e9e \u00e0 l\u2019int\u00e9rieur du brancard pour le confort du patient.<br \/>\nUn repose-pieds r\u00e9glable, r\u00e9alis\u00e9 dans le m\u00eame mat\u00e9riau que le brancard, et quatre sangles de fixation, facilement repositionnables n\u2019importe o\u00f9 sur le brancard en fonction de la taille du patient, compl\u00e8tent l\u2019offre standard.<br \/>\nSur le dessous du brancard, il y a trois lames coulissantes, incluses dans le moule, qui permettent une utilisation facile et douce m\u00eame sur la neige, dans l\u2019eau et sur les terrains accident\u00e9s<\/p>\n","protected":false},"excerpt":{"rendered":"<p>Compos\u00e9 d\u2019une coque ext\u00e9rieure en polym\u00e8re ABS modifi\u00e9, et soutenu par une structure en aluminium solide et permanente. Un total de 12 poign\u00e9es le rendent extr\u00eamement facile \u00e0 manipuler. Structure r\u00e9sistante aux produits chimiques, aux UV, \u00e0 la rouille et \u00e0 la corrosion. Des boucles en laiton robustes sont strat\u00e9giquement plac\u00e9es le long du bord [&hellip;]<\/p>\n","protected":false},"author":1,"featured_media":26189,"parent":0,"menu_order":10002600,"template":"","meta":{"_acf_changed":false,"footnotes":""},"application-tag":[],"class_list":["post-18868","product","type-product","status-publish","has-post-thumbnail","hentry"],"acf":[],"dsm_author":{"name":"admeb26","avatar_url":"https:\/\/meber2026.graphoservice.it\/wp-content\/plugins\/ultimate-member\/assets\/img\/default_avatar.jpg","archive_link":"https:\/\/meber2026.graphoservice.it\/fr\/author\/admeb26\/","biodata":""},"dsm_categories":[],"dsm_attachment_categories":[],"dsm_featured_image":{"thumbnail":"https:\/\/meber2026.graphoservice.it\/wp-content\/uploads\/2026\/02\/16100_toboga-150x150.webp","medium":"https:\/\/meber2026.graphoservice.it\/wp-content\/uploads\/2026\/02\/16100_toboga-300x300.webp","medium_large":"https:\/\/meber2026.graphoservice.it\/wp-content\/uploads\/2026\/02\/16100_toboga-768x768.webp","large":"https:\/\/meber2026.graphoservice.it\/wp-content\/uploads\/2026\/02\/16100_toboga-1024x1024.webp","1536x1536":"https:\/\/meber2026.graphoservice.it\/wp-content\/uploads\/2026\/02\/16100_toboga.webp","2048x2048":"https:\/\/meber2026.graphoservice.it\/wp-content\/uploads\/2026\/02\/16100_toboga.webp","et-pb-post-main-image":"https:\/\/meber2026.graphoservice.it\/wp-content\/uploads\/2026\/02\/16100_toboga-400x250.webp","et-pb-post-main-image-fullwidth":"https:\/\/meber2026.graphoservice.it\/wp-content\/uploads\/2026\/02\/16100_toboga-1080x675.webp","et-pb-portfolio-image":"https:\/\/meber2026.graphoservice.it\/wp-content\/uploads\/2026\/02\/16100_toboga-400x284.webp","et-pb-portfolio-module-image":"https:\/\/meber2026.graphoservice.it\/wp-content\/uploads\/2026\/02\/16100_toboga-510x382.webp","et-pb-portfolio-image-single":"https:\/\/meber2026.graphoservice.it\/wp-content\/uploads\/2026\/02\/16100_toboga-1080x1080.webp","et-pb-gallery-module-image-portrait":"https:\/\/meber2026.graphoservice.it\/wp-content\/uploads\/2026\/02\/16100_toboga-400x516.webp","et-pb-post-main-image-fullwidth-large":"https:\/\/meber2026.graphoservice.it\/wp-content\/uploads\/2026\/02\/16100_toboga.webp","et-pb-image--responsive--desktop":"https:\/\/meber2026.graphoservice.it\/wp-content\/uploads\/2026\/02\/16100_toboga.webp","et-pb-image--responsive--tablet":"https:\/\/meber2026.graphoservice.it\/wp-content\/uploads\/2026\/02\/16100_toboga-980x980.webp","et-pb-image--responsive--phone":"https:\/\/meber2026.graphoservice.it\/wp-content\/uploads\/2026\/02\/16100_toboga-480x480.webp","full":"https:\/\/meber2026.graphoservice.it\/wp-content\/uploads\/2026\/02\/16100_toboga.webp"},"yoast_head":"<!-- This site is optimized with the Yoast SEO plugin v27.4 - https:\/\/yoast.com\/product\/yoast-seo-wordpress\/ -->\n<title>Brancard Toboga 16100 Meber<\/title>\n<meta name=\"description\" content=\"Le brancard Toboga est id\u00e9al pour toute situation d\u2019urgence, m\u00eame la plus extr\u00eame. Compos\u00e9 de 12 poign\u00e9es et de boucles en laiton robustes pour faciliter le levage du patient.\" \/>\n<meta name=\"robots\" content=\"noindex, follow, max-snippet:-1, max-image-preview:large, max-video-preview:-1\" \/>\n<meta property=\"og:locale\" content=\"fr_FR\" \/>\n<meta property=\"og:type\" content=\"article\" \/>\n<meta property=\"og:title\" content=\"Brancard Toboga 16100 Meber\" \/>\n<meta property=\"og:description\" content=\"Le brancard Toboga est id\u00e9al pour toute situation d\u2019urgence, m\u00eame la plus extr\u00eame. Compos\u00e9 de 12 poign\u00e9es et de boucles en laiton robustes pour faciliter le levage du patient.\" \/>\n<meta property=\"og:url\" content=\"https:\/\/meber2026.graphoservice.it\/fr\/product\/toboga-16100\/\" \/>\n<meta property=\"og:site_name\" content=\"Me.Ber.\" \/>\n<meta name=\"twitter:card\" content=\"summary_large_image\" \/>\n<meta name=\"twitter:label1\" content=\"Dur\u00e9e de lecture estim\u00e9e\" \/>\n\t<meta name=\"twitter:data1\" content=\"1 minute\" \/>\n<script type=\"application\/ld+json\" class=\"yoast-schema-graph\">{\"@context\":\"https:\\\/\\\/schema.org\",\"@graph\":[{\"@type\":\"WebPage\",\"@id\":\"https:\\\/\\\/meber2026.graphoservice.it\\\/fr\\\/product\\\/toboga-16100\\\/\",\"url\":\"https:\\\/\\\/meber2026.graphoservice.it\\\/fr\\\/product\\\/toboga-16100\\\/\",\"name\":\"Brancard Toboga 16100 Meber\",\"isPartOf\":{\"@id\":\"https:\\\/\\\/meber2026.graphoservice.it\\\/fr\\\/#website\"},\"primaryImageOfPage\":{\"@id\":\"https:\\\/\\\/meber2026.graphoservice.it\\\/fr\\\/product\\\/toboga-16100\\\/#primaryimage\"},\"image\":{\"@id\":\"https:\\\/\\\/meber2026.graphoservice.it\\\/fr\\\/product\\\/toboga-16100\\\/#primaryimage\"},\"thumbnailUrl\":\"https:\\\/\\\/meber2026.graphoservice.it\\\/wp-content\\\/uploads\\\/2026\\\/02\\\/16100_toboga.webp\",\"datePublished\":\"2026-02-10T09:27:25+00:00\",\"description\":\"Le brancard Toboga est id\u00e9al pour toute situation d\u2019urgence, m\u00eame la plus extr\u00eame. Compos\u00e9 de 12 poign\u00e9es et de boucles en laiton robustes pour faciliter le levage du patient.\",\"breadcrumb\":{\"@id\":\"https:\\\/\\\/meber2026.graphoservice.it\\\/fr\\\/product\\\/toboga-16100\\\/#breadcrumb\"},\"inLanguage\":\"fr-FR\",\"potentialAction\":[{\"@type\":\"ReadAction\",\"target\":[\"https:\\\/\\\/meber2026.graphoservice.it\\\/fr\\\/product\\\/toboga-16100\\\/\"]}]},{\"@type\":\"ImageObject\",\"inLanguage\":\"fr-FR\",\"@id\":\"https:\\\/\\\/meber2026.graphoservice.it\\\/fr\\\/product\\\/toboga-16100\\\/#primaryimage\",\"url\":\"https:\\\/\\\/meber2026.graphoservice.it\\\/wp-content\\\/uploads\\\/2026\\\/02\\\/16100_toboga.webp\",\"contentUrl\":\"https:\\\/\\\/meber2026.graphoservice.it\\\/wp-content\\\/uploads\\\/2026\\\/02\\\/16100_toboga.webp\",\"width\":1200,\"height\":1200},{\"@type\":\"BreadcrumbList\",\"@id\":\"https:\\\/\\\/meber2026.graphoservice.it\\\/fr\\\/product\\\/toboga-16100\\\/#breadcrumb\",\"itemListElement\":[{\"@type\":\"ListItem\",\"position\":1,\"name\":\"Home\",\"item\":\"https:\\\/\\\/meber2026.graphoservice.it\\\/fr\\\/\"},{\"@type\":\"ListItem\",\"position\":2,\"name\":\"Toboga 16100\"}]},{\"@type\":\"WebSite\",\"@id\":\"https:\\\/\\\/meber2026.graphoservice.it\\\/fr\\\/#website\",\"url\":\"https:\\\/\\\/meber2026.graphoservice.it\\\/fr\\\/\",\"name\":\"Me.Ber.\",\"description\":\"In Case of Emergerncy\",\"potentialAction\":[{\"@type\":\"SearchAction\",\"target\":{\"@type\":\"EntryPoint\",\"urlTemplate\":\"https:\\\/\\\/meber2026.graphoservice.it\\\/fr\\\/?s={search_term_string}\"},\"query-input\":{\"@type\":\"PropertyValueSpecification\",\"valueRequired\":true,\"valueName\":\"search_term_string\"}}],\"inLanguage\":\"fr-FR\"}]}<\/script>\n<!-- \/ Yoast SEO plugin. -->","yoast_head_json":{"title":"Brancard Toboga 16100 Meber","description":"Le brancard Toboga est id\u00e9al pour toute situation d\u2019urgence, m\u00eame la plus extr\u00eame. Compos\u00e9 de 12 poign\u00e9es et de boucles en laiton robustes pour faciliter le levage du patient.","robots":{"index":"noindex","follow":"follow","max-snippet":"max-snippet:-1","max-image-preview":"max-image-preview:large","max-video-preview":"max-video-preview:-1"},"og_locale":"fr_FR","og_type":"article","og_title":"Brancard Toboga 16100 Meber","og_description":"Le brancard Toboga est id\u00e9al pour toute situation d\u2019urgence, m\u00eame la plus extr\u00eame. Compos\u00e9 de 12 poign\u00e9es et de boucles en laiton robustes pour faciliter le levage du patient.","og_url":"https:\/\/meber2026.graphoservice.it\/fr\/product\/toboga-16100\/","og_site_name":"Me.Ber.","twitter_card":"summary_large_image","twitter_misc":{"Dur\u00e9e de lecture estim\u00e9e":"1 minute"},"schema":{"@context":"https:\/\/schema.org","@graph":[{"@type":"WebPage","@id":"https:\/\/meber2026.graphoservice.it\/fr\/product\/toboga-16100\/","url":"https:\/\/meber2026.graphoservice.it\/fr\/product\/toboga-16100\/","name":"Brancard Toboga 16100 Meber","isPartOf":{"@id":"https:\/\/meber2026.graphoservice.it\/fr\/#website"},"primaryImageOfPage":{"@id":"https:\/\/meber2026.graphoservice.it\/fr\/product\/toboga-16100\/#primaryimage"},"image":{"@id":"https:\/\/meber2026.graphoservice.it\/fr\/product\/toboga-16100\/#primaryimage"},"thumbnailUrl":"https:\/\/meber2026.graphoservice.it\/wp-content\/uploads\/2026\/02\/16100_toboga.webp","datePublished":"2026-02-10T09:27:25+00:00","description":"Le brancard Toboga est id\u00e9al pour toute situation d\u2019urgence, m\u00eame la plus extr\u00eame. Compos\u00e9 de 12 poign\u00e9es et de boucles en laiton robustes pour faciliter le levage du patient.","breadcrumb":{"@id":"https:\/\/meber2026.graphoservice.it\/fr\/product\/toboga-16100\/#breadcrumb"},"inLanguage":"fr-FR","potentialAction":[{"@type":"ReadAction","target":["https:\/\/meber2026.graphoservice.it\/fr\/product\/toboga-16100\/"]}]},{"@type":"ImageObject","inLanguage":"fr-FR","@id":"https:\/\/meber2026.graphoservice.it\/fr\/product\/toboga-16100\/#primaryimage","url":"https:\/\/meber2026.graphoservice.it\/wp-content\/uploads\/2026\/02\/16100_toboga.webp","contentUrl":"https:\/\/meber2026.graphoservice.it\/wp-content\/uploads\/2026\/02\/16100_toboga.webp","width":1200,"height":1200},{"@type":"BreadcrumbList","@id":"https:\/\/meber2026.graphoservice.it\/fr\/product\/toboga-16100\/#breadcrumb","itemListElement":[{"@type":"ListItem","position":1,"name":"Home","item":"https:\/\/meber2026.graphoservice.it\/fr\/"},{"@type":"ListItem","position":2,"name":"Toboga 16100"}]},{"@type":"WebSite","@id":"https:\/\/meber2026.graphoservice.it\/fr\/#website","url":"https:\/\/meber2026.graphoservice.it\/fr\/","name":"Me.Ber.","description":"In Case of Emergerncy","potentialAction":[{"@type":"SearchAction","target":{"@type":"EntryPoint","urlTemplate":"https:\/\/meber2026.graphoservice.it\/fr\/?s={search_term_string}"},"query-input":{"@type":"PropertyValueSpecification","valueRequired":true,"valueName":"search_term_string"}}],"inLanguage":"fr-FR"}]}},"_links":{"self":[{"href":"https:\/\/meber2026.graphoservice.it\/fr\/wp-json\/wp\/v2\/product\/18868","targetHints":{"allow":["GET"]}}],"collection":[{"href":"https:\/\/meber2026.graphoservice.it\/fr\/wp-json\/wp\/v2\/product"}],"about":[{"href":"https:\/\/meber2026.graphoservice.it\/fr\/wp-json\/wp\/v2\/types\/product"}],"author":[{"embeddable":true,"href":"https:\/\/meber2026.graphoservice.it\/fr\/wp-json\/wp\/v2\/users\/1"}],"version-history":[{"count":0,"href":"https:\/\/meber2026.graphoservice.it\/fr\/wp-json\/wp\/v2\/product\/18868\/revisions"}],"wp:featuredmedia":[{"embeddable":true,"href":"https:\/\/meber2026.graphoservice.it\/fr\/wp-json\/wp\/v2\/media\/26189"}],"wp:attachment":[{"href":"https:\/\/meber2026.graphoservice.it\/fr\/wp-json\/wp\/v2\/media?parent=18868"}],"wp:term":[{"taxonomy":"application-tag","embeddable":true,"href":"https:\/\/meber2026.graphoservice.it\/fr\/wp-json\/wp\/v2\/application-tag?post=18868"}],"curies":[{"name":"wp","href":"https:\/\/api.w.org\/{rel}","templated":true}]}}