{"id":18863,"date":"2026-02-10T09:27:24","date_gmt":"2026-02-10T09:27:24","guid":{"rendered":"https:\/\/meber2026.graphoservice.it\/product\/maya-653\/"},"modified":"2026-02-10T09:27:24","modified_gmt":"2026-02-10T09:27:24","slug":"maya-653","status":"publish","type":"product","link":"https:\/\/meber2026.graphoservice.it\/fr\/product\/maya-653\/","title":{"rendered":"Maya 653"},"content":{"rendered":"<p style=\"\">Con\u00e7ue pour faciliter les op\u00e9rateurs lors des op\u00e9rations de sauvetage, elle est r\u00e9alis\u00e9e en aluminium anodis\u00e9 l\u00e9ger. \u00c9quip\u00e9e de 4 roues (2 pivotantes et freinantes \u00d8 100 mm et 2 fixes \u00d8 125 mm), d\u2019un syst\u00e8me d&#8217;ouverture\/de fermeture s\u00fbr et simple, de 4 leviers arri\u00e8re et 2 avant amovibles, d\u2019un dossier et d\u2019assises en mat\u00e9riau thermoplastique facilement aseptis\u00e9, ainsi que de repose-pieds.\u00a0Livr\u00e9e avec un sac noir avec 3 ceintures (Art. 590\/N).<\/p>\n<p><img decoding=\"async\" akzidenz=\"\" alt=\"\" be=\"\" grotesk=\"\" height:=\"\" src=\"\/adm\/Images\/contents\/10G Logo 2019_def.png\" style=\"color: rgb(98, 98, 98); height: 74px; width: 80px;\" text-align:=\"\" width:=\"\" \/><br \/>\n<strong>Appareil certifi\u00e9 selon les normes harmonis\u00e9es UNI EN 1865 \u2013 UNI EN 1789<\/strong><\/p>\n","protected":false},"excerpt":{"rendered":"<p>Con\u00e7ue pour faciliter les op\u00e9rateurs lors des op\u00e9rations de sauvetage, elle est r\u00e9alis\u00e9e en aluminium anodis\u00e9 l\u00e9ger. \u00c9quip\u00e9e de 4 roues (2 pivotantes et freinantes \u00d8 100 mm et 2 fixes \u00d8 125 mm), d\u2019un syst\u00e8me d&#8217;ouverture\/de fermeture s\u00fbr et simple, de 4 leviers arri\u00e8re et 2 avant amovibles, d\u2019un dossier et d\u2019assises en mat\u00e9riau [&hellip;]<\/p>\n","protected":false},"author":1,"featured_media":15389,"parent":0,"menu_order":30000900,"template":"","meta":{"_acf_changed":false,"footnotes":""},"application-tag":[65,80],"class_list":["post-18863","product","type-product","status-publish","has-post-thumbnail","hentry","application-tag-certifie-10g","application-tag-chaises-devacuation"],"acf":[],"dsm_author":{"name":"admeb26","avatar_url":"https:\/\/meber2026.graphoservice.it\/wp-content\/plugins\/ultimate-member\/assets\/img\/default_avatar.jpg","archive_link":"https:\/\/meber2026.graphoservice.it\/fr\/author\/admeb26\/","biodata":""},"dsm_categories":[],"dsm_attachment_categories":[],"dsm_featured_image":{"thumbnail":"https:\/\/meber2026.graphoservice.it\/wp-content\/uploads\/2026\/02\/Maya_653_sedia-150x150.jpg","medium":"https:\/\/meber2026.graphoservice.it\/wp-content\/uploads\/2026\/02\/Maya_653_sedia-300x297.jpg","medium_large":"https:\/\/meber2026.graphoservice.it\/wp-content\/uploads\/2026\/02\/Maya_653_sedia.jpg","large":"https:\/\/meber2026.graphoservice.it\/wp-content\/uploads\/2026\/02\/Maya_653_sedia.jpg","1536x1536":"https:\/\/meber2026.graphoservice.it\/wp-content\/uploads\/2026\/02\/Maya_653_sedia.jpg","2048x2048":"https:\/\/meber2026.graphoservice.it\/wp-content\/uploads\/2026\/02\/Maya_653_sedia.jpg","et-pb-post-main-image":"https:\/\/meber2026.graphoservice.it\/wp-content\/uploads\/2026\/02\/Maya_653_sedia-400x250.jpg","et-pb-post-main-image-fullwidth":"https:\/\/meber2026.graphoservice.it\/wp-content\/uploads\/2026\/02\/Maya_653_sedia.jpg","et-pb-portfolio-image":"https:\/\/meber2026.graphoservice.it\/wp-content\/uploads\/2026\/02\/Maya_653_sedia-400x284.jpg","et-pb-portfolio-module-image":"https:\/\/meber2026.graphoservice.it\/wp-content\/uploads\/2026\/02\/Maya_653_sedia-510x382.jpg","et-pb-portfolio-image-single":"https:\/\/meber2026.graphoservice.it\/wp-content\/uploads\/2026\/02\/Maya_653_sedia.jpg","et-pb-gallery-module-image-portrait":"https:\/\/meber2026.graphoservice.it\/wp-content\/uploads\/2026\/02\/Maya_653_sedia-400x516.jpg","et-pb-post-main-image-fullwidth-large":"https:\/\/meber2026.graphoservice.it\/wp-content\/uploads\/2026\/02\/Maya_653_sedia.jpg","et-pb-image--responsive--desktop":"https:\/\/meber2026.graphoservice.it\/wp-content\/uploads\/2026\/02\/Maya_653_sedia.jpg","et-pb-image--responsive--tablet":"https:\/\/meber2026.graphoservice.it\/wp-content\/uploads\/2026\/02\/Maya_653_sedia.jpg","et-pb-image--responsive--phone":"https:\/\/meber2026.graphoservice.it\/wp-content\/uploads\/2026\/02\/Maya_653_sedia-480x475.jpg","full":"https:\/\/meber2026.graphoservice.it\/wp-content\/uploads\/2026\/02\/Maya_653_sedia.jpg"},"yoast_head":"<!-- This site is optimized with the Yoast SEO plugin v27.4 - https:\/\/yoast.com\/product\/yoast-seo-wordpress\/ -->\n<title>Chaise portoir pliante Maya-Meber<\/title>\n<meta name=\"description\" content=\"Chaise portoir pliante \u00e0 4 roues avec plateforme et accoudoirs. Appareil certifi\u00e9 selon les normes de s\u00e9curit\u00e9 europ\u00e9ennes harmonis\u00e9es.\" \/>\n<meta name=\"robots\" content=\"noindex, follow, max-snippet:-1, max-image-preview:large, max-video-preview:-1\" \/>\n<meta property=\"og:locale\" content=\"fr_FR\" \/>\n<meta property=\"og:type\" content=\"article\" \/>\n<meta property=\"og:title\" content=\"Chaise portoir pliante Maya-Meber\" \/>\n<meta property=\"og:description\" content=\"Chaise portoir pliante \u00e0 4 roues avec plateforme et accoudoirs. Appareil certifi\u00e9 selon les normes de s\u00e9curit\u00e9 europ\u00e9ennes harmonis\u00e9es.\" \/>\n<meta property=\"og:url\" content=\"https:\/\/meber2026.graphoservice.it\/fr\/product\/maya-653\/\" \/>\n<meta property=\"og:site_name\" content=\"Me.Ber.\" \/>\n<meta name=\"twitter:card\" content=\"summary_large_image\" \/>\n<script type=\"application\/ld+json\" class=\"yoast-schema-graph\">{\"@context\":\"https:\\\/\\\/schema.org\",\"@graph\":[{\"@type\":\"WebPage\",\"@id\":\"https:\\\/\\\/meber2026.graphoservice.it\\\/fr\\\/product\\\/maya-653\\\/\",\"url\":\"https:\\\/\\\/meber2026.graphoservice.it\\\/fr\\\/product\\\/maya-653\\\/\",\"name\":\"Chaise portoir pliante Maya-Meber\",\"isPartOf\":{\"@id\":\"https:\\\/\\\/meber2026.graphoservice.it\\\/fr\\\/#website\"},\"primaryImageOfPage\":{\"@id\":\"https:\\\/\\\/meber2026.graphoservice.it\\\/fr\\\/product\\\/maya-653\\\/#primaryimage\"},\"image\":{\"@id\":\"https:\\\/\\\/meber2026.graphoservice.it\\\/fr\\\/product\\\/maya-653\\\/#primaryimage\"},\"thumbnailUrl\":\"https:\\\/\\\/meber2026.graphoservice.it\\\/wp-content\\\/uploads\\\/2026\\\/02\\\/Maya_653_sedia.jpg\",\"datePublished\":\"2026-02-10T09:27:24+00:00\",\"description\":\"Chaise portoir pliante \u00e0 4 roues avec plateforme et accoudoirs. Appareil certifi\u00e9 selon les normes de s\u00e9curit\u00e9 europ\u00e9ennes harmonis\u00e9es.\",\"breadcrumb\":{\"@id\":\"https:\\\/\\\/meber2026.graphoservice.it\\\/fr\\\/product\\\/maya-653\\\/#breadcrumb\"},\"inLanguage\":\"fr-FR\",\"potentialAction\":[{\"@type\":\"ReadAction\",\"target\":[\"https:\\\/\\\/meber2026.graphoservice.it\\\/fr\\\/product\\\/maya-653\\\/\"]}]},{\"@type\":\"ImageObject\",\"inLanguage\":\"fr-FR\",\"@id\":\"https:\\\/\\\/meber2026.graphoservice.it\\\/fr\\\/product\\\/maya-653\\\/#primaryimage\",\"url\":\"https:\\\/\\\/meber2026.graphoservice.it\\\/wp-content\\\/uploads\\\/2026\\\/02\\\/Maya_653_sedia.jpg\",\"contentUrl\":\"https:\\\/\\\/meber2026.graphoservice.it\\\/wp-content\\\/uploads\\\/2026\\\/02\\\/Maya_653_sedia.jpg\",\"width\":576,\"height\":570},{\"@type\":\"BreadcrumbList\",\"@id\":\"https:\\\/\\\/meber2026.graphoservice.it\\\/fr\\\/product\\\/maya-653\\\/#breadcrumb\",\"itemListElement\":[{\"@type\":\"ListItem\",\"position\":1,\"name\":\"Home\",\"item\":\"https:\\\/\\\/meber2026.graphoservice.it\\\/fr\\\/\"},{\"@type\":\"ListItem\",\"position\":2,\"name\":\"Maya 653\"}]},{\"@type\":\"WebSite\",\"@id\":\"https:\\\/\\\/meber2026.graphoservice.it\\\/fr\\\/#website\",\"url\":\"https:\\\/\\\/meber2026.graphoservice.it\\\/fr\\\/\",\"name\":\"Me.Ber.\",\"description\":\"In Case of Emergerncy\",\"potentialAction\":[{\"@type\":\"SearchAction\",\"target\":{\"@type\":\"EntryPoint\",\"urlTemplate\":\"https:\\\/\\\/meber2026.graphoservice.it\\\/fr\\\/?s={search_term_string}\"},\"query-input\":{\"@type\":\"PropertyValueSpecification\",\"valueRequired\":true,\"valueName\":\"search_term_string\"}}],\"inLanguage\":\"fr-FR\"}]}<\/script>\n<!-- \/ Yoast SEO plugin. -->","yoast_head_json":{"title":"Chaise portoir pliante Maya-Meber","description":"Chaise portoir pliante \u00e0 4 roues avec plateforme et accoudoirs. Appareil certifi\u00e9 selon les normes de s\u00e9curit\u00e9 europ\u00e9ennes harmonis\u00e9es.","robots":{"index":"noindex","follow":"follow","max-snippet":"max-snippet:-1","max-image-preview":"max-image-preview:large","max-video-preview":"max-video-preview:-1"},"og_locale":"fr_FR","og_type":"article","og_title":"Chaise portoir pliante Maya-Meber","og_description":"Chaise portoir pliante \u00e0 4 roues avec plateforme et accoudoirs. Appareil certifi\u00e9 selon les normes de s\u00e9curit\u00e9 europ\u00e9ennes harmonis\u00e9es.","og_url":"https:\/\/meber2026.graphoservice.it\/fr\/product\/maya-653\/","og_site_name":"Me.Ber.","twitter_card":"summary_large_image","schema":{"@context":"https:\/\/schema.org","@graph":[{"@type":"WebPage","@id":"https:\/\/meber2026.graphoservice.it\/fr\/product\/maya-653\/","url":"https:\/\/meber2026.graphoservice.it\/fr\/product\/maya-653\/","name":"Chaise portoir pliante Maya-Meber","isPartOf":{"@id":"https:\/\/meber2026.graphoservice.it\/fr\/#website"},"primaryImageOfPage":{"@id":"https:\/\/meber2026.graphoservice.it\/fr\/product\/maya-653\/#primaryimage"},"image":{"@id":"https:\/\/meber2026.graphoservice.it\/fr\/product\/maya-653\/#primaryimage"},"thumbnailUrl":"https:\/\/meber2026.graphoservice.it\/wp-content\/uploads\/2026\/02\/Maya_653_sedia.jpg","datePublished":"2026-02-10T09:27:24+00:00","description":"Chaise portoir pliante \u00e0 4 roues avec plateforme et accoudoirs. Appareil certifi\u00e9 selon les normes de s\u00e9curit\u00e9 europ\u00e9ennes harmonis\u00e9es.","breadcrumb":{"@id":"https:\/\/meber2026.graphoservice.it\/fr\/product\/maya-653\/#breadcrumb"},"inLanguage":"fr-FR","potentialAction":[{"@type":"ReadAction","target":["https:\/\/meber2026.graphoservice.it\/fr\/product\/maya-653\/"]}]},{"@type":"ImageObject","inLanguage":"fr-FR","@id":"https:\/\/meber2026.graphoservice.it\/fr\/product\/maya-653\/#primaryimage","url":"https:\/\/meber2026.graphoservice.it\/wp-content\/uploads\/2026\/02\/Maya_653_sedia.jpg","contentUrl":"https:\/\/meber2026.graphoservice.it\/wp-content\/uploads\/2026\/02\/Maya_653_sedia.jpg","width":576,"height":570},{"@type":"BreadcrumbList","@id":"https:\/\/meber2026.graphoservice.it\/fr\/product\/maya-653\/#breadcrumb","itemListElement":[{"@type":"ListItem","position":1,"name":"Home","item":"https:\/\/meber2026.graphoservice.it\/fr\/"},{"@type":"ListItem","position":2,"name":"Maya 653"}]},{"@type":"WebSite","@id":"https:\/\/meber2026.graphoservice.it\/fr\/#website","url":"https:\/\/meber2026.graphoservice.it\/fr\/","name":"Me.Ber.","description":"In Case of Emergerncy","potentialAction":[{"@type":"SearchAction","target":{"@type":"EntryPoint","urlTemplate":"https:\/\/meber2026.graphoservice.it\/fr\/?s={search_term_string}"},"query-input":{"@type":"PropertyValueSpecification","valueRequired":true,"valueName":"search_term_string"}}],"inLanguage":"fr-FR"}]}},"_links":{"self":[{"href":"https:\/\/meber2026.graphoservice.it\/fr\/wp-json\/wp\/v2\/product\/18863","targetHints":{"allow":["GET"]}}],"collection":[{"href":"https:\/\/meber2026.graphoservice.it\/fr\/wp-json\/wp\/v2\/product"}],"about":[{"href":"https:\/\/meber2026.graphoservice.it\/fr\/wp-json\/wp\/v2\/types\/product"}],"author":[{"embeddable":true,"href":"https:\/\/meber2026.graphoservice.it\/fr\/wp-json\/wp\/v2\/users\/1"}],"version-history":[{"count":0,"href":"https:\/\/meber2026.graphoservice.it\/fr\/wp-json\/wp\/v2\/product\/18863\/revisions"}],"wp:featuredmedia":[{"embeddable":true,"href":"https:\/\/meber2026.graphoservice.it\/fr\/wp-json\/wp\/v2\/media\/15389"}],"wp:attachment":[{"href":"https:\/\/meber2026.graphoservice.it\/fr\/wp-json\/wp\/v2\/media?parent=18863"}],"wp:term":[{"taxonomy":"application-tag","embeddable":true,"href":"https:\/\/meber2026.graphoservice.it\/fr\/wp-json\/wp\/v2\/application-tag?post=18863"}],"curies":[{"name":"wp","href":"https:\/\/api.w.org\/{rel}","templated":true}]}}